{"id":63421,"date":"2020-05-14T14:09:56","date_gmt":"2020-05-14T13:09:56","guid":{"rendered":"https:\/\/domartstyl.com\/clark-ski-armchair\/"},"modified":"2023-11-03T11:45:53","modified_gmt":"2023-11-03T10:45:53","slug":"clark-ski-armchair","status":"publish","type":"product","link":"https:\/\/domartstyl.com\/en\/clark-ski-armchair\/","title":{"rendered":"Clark ski armchair"},"content":{"rendered":"","protected":false},"excerpt":{"rendered":"<p><strong>The Clark Ski Chair<\/strong><br \/>\nThe thin seat layer of the Clark Ski chair represents an innovative design approach that seamlessly combines contemporary design with practicality. High-density foam filling and the convenient seat shape provide proper support and comfort to the user. The ergonomic armrests, perfectly integrated into the overall chair shape, ensure comfortable support during sitting. The model is available in a variety of upholstery materials, allowing you to match the appearance of the furniture to the unique aesthetics of your space, creating a personalized element of decor. The interconnected metal legs provide stability and durability. The Clark Ski chair will add an innovative character and elegance to your dining room, cafe, or waiting area.<\/p>\n","protected":false},"featured_media":85199,"comment_status":"closed","ping_status":"closed","template":"","meta":[],"product_brand":[],"product_cat":[8249],"product_tag":[],"class_list":{"0":"post-63421","1":"product","2":"type-product","3":"status-publish","4":"has-post-thumbnail","6":"product_cat-wholesale-furniture","7":"product_shipping_class-pakowane-podwojnie-30-40-en","9":"first","10":"instock","11":"taxable","12":"shipping-taxable","13":"product-type-soldout"},"yoast_head":"<!-- This site is optimized with the Yoast SEO Premium plugin v25.0 (Yoast SEO v25.0) - https:\/\/yoast.com\/wordpress\/plugins\/seo\/ -->\n<title>Clark ski armchair , Manufacturer of Upholstered Furniture - DomArtStyl<\/title>\n<meta name=\"robots\" content=\"index, follow, max-snippet:-1, max-image-preview:large, max-video-preview:-1\" \/>\n<link rel=\"canonical\" href=\"https:\/\/domartstyl.com\/en\/clark-ski-armchair\/\" \/>\n<meta property=\"og:locale\" content=\"en_US\" \/>\n<meta property=\"og:type\" content=\"article\" \/>\n<meta property=\"og:title\" content=\"Clark ski armchair - DomArtStyl\" \/>\n<meta property=\"og:description\" content=\"The Clark Ski Chair The thin seat layer of the Clark Ski chair represents an innovative design approach that seamlessly combines contemporary design with practicality. High-density foam filling and the convenient seat shape provide proper support and comfort to the user. The ergonomic armrests, perfectly integrated into the overall chair shape, ensure comfortable support during sitting. The model is available in a variety of upholstery materials, allowing you to match the appearance of the furniture to the unique aesthetics of your space, creating a personalized element of decor. The interconnected metal legs provide stability and durability. The Clark Ski chair will add an innovative character and elegance to your dining room, cafe, or waiting area.\" \/>\n<meta property=\"og:url\" content=\"https:\/\/domartstyl.com\/en\/clark-ski-armchair\/\" \/>\n<meta property=\"og:site_name\" content=\"DomArtStyl\" \/>\n<meta property=\"article:publisher\" content=\"https:\/\/www.facebook.com\/DomArtStyl\/\" \/>\n<meta property=\"article:modified_time\" content=\"2023-11-03T10:45:53+00:00\" \/>\n<meta property=\"og:image\" content=\"https:\/\/domartstyl.com\/wp-content\/uploads\/2020\/05\/1-nowoczesny-fotel-do-jadalni-clark-ski.jpg\" \/>\n\t<meta property=\"og:image:width\" content=\"1200\" \/>\n\t<meta property=\"og:image:height\" content=\"1200\" \/>\n\t<meta property=\"og:image:type\" content=\"image\/jpeg\" \/>\n<meta name=\"twitter:card\" content=\"summary_large_image\" \/>\n<meta name=\"twitter:site\" content=\"@DomArtStyl_pl\" \/>\n<meta name=\"twitter:label1\" content=\"Price\" \/>\n\t<meta name=\"twitter:data1\" content=\"\" \/>\n\t<meta name=\"twitter:label2\" content=\"Availability\" \/>\n\t<meta name=\"twitter:data2\" content=\"In stock\" \/>\n<script type=\"application\/ld+json\" class=\"yoast-schema-graph\">{\"@context\":\"https:\/\/schema.org\",\"@graph\":[{\"@type\":\"WebPage\",\"@id\":\"https:\/\/domartstyl.com\/en\/clark-ski-armchair\/\",\"url\":\"https:\/\/domartstyl.com\/en\/clark-ski-armchair\/\",\"name\":\"Clark ski armchair , Manufacturer of Upholstered Furniture - DomArtStyl\",\"isPartOf\":{\"@id\":\"https:\/\/domartstyl.com\/en\/#website\"},\"primaryImageOfPage\":{\"@id\":\"https:\/\/domartstyl.com\/en\/clark-ski-armchair\/#primaryimage\"},\"image\":{\"@id\":\"https:\/\/domartstyl.com\/en\/clark-ski-armchair\/#primaryimage\"},\"thumbnailUrl\":\"https:\/\/domartstyl.com\/wp-content\/uploads\/2020\/05\/1-nowoczesny-fotel-do-jadalni-clark-ski.jpg\",\"datePublished\":\"2020-05-14T13:09:56+00:00\",\"dateModified\":\"2023-11-03T10:45:53+00:00\",\"breadcrumb\":{\"@id\":\"https:\/\/domartstyl.com\/en\/clark-ski-armchair\/#breadcrumb\"},\"inLanguage\":\"en-US\",\"potentialAction\":[{\"@type\":\"ReadAction\",\"target\":[\"https:\/\/domartstyl.com\/en\/clark-ski-armchair\/\"]}]},{\"@type\":\"ImageObject\",\"inLanguage\":\"en-US\",\"@id\":\"https:\/\/domartstyl.com\/en\/clark-ski-armchair\/#primaryimage\",\"url\":\"https:\/\/domartstyl.com\/wp-content\/uploads\/2020\/05\/1-nowoczesny-fotel-do-jadalni-clark-ski.jpg\",\"contentUrl\":\"https:\/\/domartstyl.com\/wp-content\/uploads\/2020\/05\/1-nowoczesny-fotel-do-jadalni-clark-ski.jpg\",\"width\":1200,\"height\":1200,\"caption\":\"Nowoczesny fotel do jadalni Clark Ski\"},{\"@type\":\"BreadcrumbList\",\"@id\":\"https:\/\/domartstyl.com\/en\/clark-ski-armchair\/#breadcrumb\",\"itemListElement\":[{\"@type\":\"ListItem\",\"position\":1,\"name\":\"Strona g\u0142\u00f3wna\",\"item\":\"https:\/\/domartstyl.com\/en\/\"},{\"@type\":\"ListItem\",\"position\":2,\"name\":\"Modern Upholstered Furniture\",\"item\":\"https:\/\/domartstyl.com\/en\/furniture\/\"},{\"@type\":\"ListItem\",\"position\":3,\"name\":\"Clark ski armchair\"}]},{\"@type\":\"WebSite\",\"@id\":\"https:\/\/domartstyl.com\/en\/#website\",\"url\":\"https:\/\/domartstyl.com\/en\/\",\"name\":\"DomArtStyl\",\"description\":\"Tworzymy meble najwy\u017cszej jako\u015bci. Sprzeda\u017c detaliczna \u00b7 Sprzeda\u017c hurtowa\",\"publisher\":{\"@id\":\"https:\/\/domartstyl.com\/en\/#organization\"},\"potentialAction\":[{\"@type\":\"SearchAction\",\"target\":{\"@type\":\"EntryPoint\",\"urlTemplate\":\"https:\/\/domartstyl.com\/en\/?s={search_term_string}\"},\"query-input\":{\"@type\":\"PropertyValueSpecification\",\"valueRequired\":true,\"valueName\":\"search_term_string\"}}],\"inLanguage\":\"en-US\"},{\"@type\":\"Organization\",\"@id\":\"https:\/\/domartstyl.com\/en\/#organization\",\"name\":\"DomArtStyl\",\"url\":\"https:\/\/domartstyl.com\/en\/\",\"logo\":{\"@type\":\"ImageObject\",\"inLanguage\":\"en-US\",\"@id\":\"https:\/\/domartstyl.com\/en\/#\/schema\/logo\/image\/\",\"url\":\"https:\/\/domartstyl.com\/wp-content\/uploads\/2018\/04\/Logo_300_width.png\",\"contentUrl\":\"https:\/\/domartstyl.com\/wp-content\/uploads\/2018\/04\/Logo_300_width.png\",\"width\":300,\"height\":140,\"caption\":\"DomArtStyl\"},\"image\":{\"@id\":\"https:\/\/domartstyl.com\/en\/#\/schema\/logo\/image\/\"},\"sameAs\":[\"https:\/\/www.facebook.com\/DomArtStyl\/\",\"https:\/\/x.com\/DomArtStyl_pl\",\"https:\/\/www.instagram.com\/domartstyl\/?hl=en\",\"https:\/\/pl.pinterest.com\/domartstyl01\/\",\"https:\/\/www.youtube.com\/channel\/UCkISSgvMomI6yFFL3JDbLhw\"]}]}<\/script>\n<meta property=\"product:price:amount\" content=\"0.00\" \/>\n<meta property=\"product:price:currency\" content=\"EUR\" \/>\n<meta property=\"og:availability\" content=\"instock\" \/>\n<meta property=\"product:availability\" content=\"instock\" \/>\n<meta property=\"product:condition\" content=\"new\" \/>\n<!-- \/ Yoast SEO Premium plugin. -->","yoast_head_json":{"title":"Clark ski armchair , Manufacturer of Upholstered Furniture - DomArtStyl","robots":{"index":"index","follow":"follow","max-snippet":"max-snippet:-1","max-image-preview":"max-image-preview:large","max-video-preview":"max-video-preview:-1"},"canonical":"https:\/\/domartstyl.com\/en\/clark-ski-armchair\/","og_locale":"en_US","og_type":"article","og_title":"Clark ski armchair - DomArtStyl","og_description":"The Clark Ski Chair The thin seat layer of the Clark Ski chair represents an innovative design approach that seamlessly combines contemporary design with practicality. High-density foam filling and the convenient seat shape provide proper support and comfort to the user. The ergonomic armrests, perfectly integrated into the overall chair shape, ensure comfortable support during sitting. The model is available in a variety of upholstery materials, allowing you to match the appearance of the furniture to the unique aesthetics of your space, creating a personalized element of decor. The interconnected metal legs provide stability and durability. The Clark Ski chair will add an innovative character and elegance to your dining room, cafe, or waiting area.","og_url":"https:\/\/domartstyl.com\/en\/clark-ski-armchair\/","og_site_name":"DomArtStyl","article_publisher":"https:\/\/www.facebook.com\/DomArtStyl\/","article_modified_time":"2023-11-03T10:45:53+00:00","og_image":[{"width":1200,"height":1200,"url":"https:\/\/domartstyl.com\/wp-content\/uploads\/2020\/05\/1-nowoczesny-fotel-do-jadalni-clark-ski.jpg","type":"image\/jpeg"}],"twitter_card":"summary_large_image","twitter_site":"@DomArtStyl_pl","twitter_misc":{"Price":"","Availability":"In stock"},"schema":{"@context":"https:\/\/schema.org","@graph":[{"@type":"WebPage","@id":"https:\/\/domartstyl.com\/en\/clark-ski-armchair\/","url":"https:\/\/domartstyl.com\/en\/clark-ski-armchair\/","name":"Clark ski armchair , Manufacturer of Upholstered Furniture - DomArtStyl","isPartOf":{"@id":"https:\/\/domartstyl.com\/en\/#website"},"primaryImageOfPage":{"@id":"https:\/\/domartstyl.com\/en\/clark-ski-armchair\/#primaryimage"},"image":{"@id":"https:\/\/domartstyl.com\/en\/clark-ski-armchair\/#primaryimage"},"thumbnailUrl":"https:\/\/domartstyl.com\/wp-content\/uploads\/2020\/05\/1-nowoczesny-fotel-do-jadalni-clark-ski.jpg","datePublished":"2020-05-14T13:09:56+00:00","dateModified":"2023-11-03T10:45:53+00:00","breadcrumb":{"@id":"https:\/\/domartstyl.com\/en\/clark-ski-armchair\/#breadcrumb"},"inLanguage":"en-US","potentialAction":[{"@type":"ReadAction","target":["https:\/\/domartstyl.com\/en\/clark-ski-armchair\/"]}]},{"@type":"ImageObject","inLanguage":"en-US","@id":"https:\/\/domartstyl.com\/en\/clark-ski-armchair\/#primaryimage","url":"https:\/\/domartstyl.com\/wp-content\/uploads\/2020\/05\/1-nowoczesny-fotel-do-jadalni-clark-ski.jpg","contentUrl":"https:\/\/domartstyl.com\/wp-content\/uploads\/2020\/05\/1-nowoczesny-fotel-do-jadalni-clark-ski.jpg","width":1200,"height":1200,"caption":"Nowoczesny fotel do jadalni Clark Ski"},{"@type":"BreadcrumbList","@id":"https:\/\/domartstyl.com\/en\/clark-ski-armchair\/#breadcrumb","itemListElement":[{"@type":"ListItem","position":1,"name":"Strona g\u0142\u00f3wna","item":"https:\/\/domartstyl.com\/en\/"},{"@type":"ListItem","position":2,"name":"Modern Upholstered Furniture","item":"https:\/\/domartstyl.com\/en\/furniture\/"},{"@type":"ListItem","position":3,"name":"Clark ski armchair"}]},{"@type":"WebSite","@id":"https:\/\/domartstyl.com\/en\/#website","url":"https:\/\/domartstyl.com\/en\/","name":"DomArtStyl","description":"Tworzymy meble najwy\u017cszej jako\u015bci. Sprzeda\u017c detaliczna \u00b7 Sprzeda\u017c hurtowa","publisher":{"@id":"https:\/\/domartstyl.com\/en\/#organization"},"potentialAction":[{"@type":"SearchAction","target":{"@type":"EntryPoint","urlTemplate":"https:\/\/domartstyl.com\/en\/?s={search_term_string}"},"query-input":{"@type":"PropertyValueSpecification","valueRequired":true,"valueName":"search_term_string"}}],"inLanguage":"en-US"},{"@type":"Organization","@id":"https:\/\/domartstyl.com\/en\/#organization","name":"DomArtStyl","url":"https:\/\/domartstyl.com\/en\/","logo":{"@type":"ImageObject","inLanguage":"en-US","@id":"https:\/\/domartstyl.com\/en\/#\/schema\/logo\/image\/","url":"https:\/\/domartstyl.com\/wp-content\/uploads\/2018\/04\/Logo_300_width.png","contentUrl":"https:\/\/domartstyl.com\/wp-content\/uploads\/2018\/04\/Logo_300_width.png","width":300,"height":140,"caption":"DomArtStyl"},"image":{"@id":"https:\/\/domartstyl.com\/en\/#\/schema\/logo\/image\/"},"sameAs":["https:\/\/www.facebook.com\/DomArtStyl\/","https:\/\/x.com\/DomArtStyl_pl","https:\/\/www.instagram.com\/domartstyl\/?hl=en","https:\/\/pl.pinterest.com\/domartstyl01\/","https:\/\/www.youtube.com\/channel\/UCkISSgvMomI6yFFL3JDbLhw"]}]},"product_price_amount":"0.00","product_price_currency":"EUR","og_availability":"instock","product_availability":"instock","product_condition":"new"},"_links":{"self":[{"href":"https:\/\/domartstyl.com\/en\/wp-json\/wp\/v2\/product\/63421","targetHints":{"allow":["GET"]}}],"collection":[{"href":"https:\/\/domartstyl.com\/en\/wp-json\/wp\/v2\/product"}],"about":[{"href":"https:\/\/domartstyl.com\/en\/wp-json\/wp\/v2\/types\/product"}],"replies":[{"embeddable":true,"href":"https:\/\/domartstyl.com\/en\/wp-json\/wp\/v2\/comments?post=63421"}],"wp:featuredmedia":[{"embeddable":true,"href":"https:\/\/domartstyl.com\/en\/wp-json\/wp\/v2\/media\/85199"}],"wp:attachment":[{"href":"https:\/\/domartstyl.com\/en\/wp-json\/wp\/v2\/media?parent=63421"}],"wp:term":[{"taxonomy":"product_brand","embeddable":true,"href":"https:\/\/domartstyl.com\/en\/wp-json\/wp\/v2\/product_brand?post=63421"},{"taxonomy":"product_cat","embeddable":true,"href":"https:\/\/domartstyl.com\/en\/wp-json\/wp\/v2\/product_cat?post=63421"},{"taxonomy":"product_tag","embeddable":true,"href":"https:\/\/domartstyl.com\/en\/wp-json\/wp\/v2\/product_tag?post=63421"}],"curies":[{"name":"wp","href":"https:\/\/api.w.org\/{rel}","templated":true}]}}