{"id":62336,"date":"2020-05-13T13:30:18","date_gmt":"2020-05-13T12:30:18","guid":{"rendered":"https:\/\/domartstyl.com\/margo-pouf\/"},"modified":"2022-05-02T20:57:22","modified_gmt":"2022-05-02T19:57:22","slug":"margo-pouf","status":"publish","type":"product","link":"https:\/\/domartstyl.com\/en\/margo-pouf\/","title":{"rendered":"Margo Pouf"},"content":{"rendered":"","protected":false},"excerpt":{"rendered":"<p><strong>Classic and, at the same time, remarkable design and unquestionable utility values: this is how you can briefly describe the Margo pouffe.<br \/>\n<\/strong>This model is manufactured using the highest quality materials, and the comfort of use and attention to detail are the hallmarks of this beautiful piece of furniture. It will perfectly match any interior arrangement, both in the home living room or children&#8217;s room as well as in public places &#8211; the Margo pouffe will make any place more attractive, especially in combination with a sofa and armchairs from the line of the same name, available in our offer.<strong><br \/>\n<\/strong><\/p>\n","protected":false},"featured_media":81002,"comment_status":"closed","ping_status":"closed","template":"","meta":[],"product_brand":[],"product_cat":[8249],"product_tag":[],"class_list":{"0":"post-62336","1":"product","2":"type-product","3":"status-publish","4":"has-post-thumbnail","6":"product_cat-wholesale-furniture","7":"product_shipping_class-pakowane-pojedynczo-30-40-en","9":"first","10":"instock","11":"taxable","12":"shipping-taxable","13":"product-type-soldout"},"yoast_head":"<!-- This site is optimized with the Yoast SEO Premium plugin v25.0 (Yoast SEO v25.0) - https:\/\/yoast.com\/wordpress\/plugins\/seo\/ -->\n<title>Margo Pouf , Manufacturer of Upholstered Furniture - DomArtStyl<\/title>\n<meta name=\"robots\" content=\"index, follow, max-snippet:-1, max-image-preview:large, max-video-preview:-1\" \/>\n<link rel=\"canonical\" href=\"https:\/\/domartstyl.com\/en\/margo-pouf\/\" \/>\n<meta property=\"og:locale\" content=\"en_US\" \/>\n<meta property=\"og:type\" content=\"article\" \/>\n<meta property=\"og:title\" content=\"Margo Pouf - DomArtStyl\" \/>\n<meta property=\"og:description\" content=\"Classic and, at the same time, remarkable design and unquestionable utility values: this is how you can briefly describe the Margo pouffe. This model is manufactured using the highest quality materials, and the comfort of use and attention to detail are the hallmarks of this beautiful piece of furniture. It will perfectly match any interior arrangement, both in the home living room or children&#039;s room as well as in public places - the Margo pouffe will make any place more attractive, especially in combination with a sofa and armchairs from the line of the same name, available in our offer.\" \/>\n<meta property=\"og:url\" content=\"https:\/\/domartstyl.com\/en\/margo-pouf\/\" \/>\n<meta property=\"og:site_name\" content=\"DomArtStyl\" \/>\n<meta property=\"article:publisher\" content=\"https:\/\/www.facebook.com\/DomArtStyl\/\" \/>\n<meta property=\"article:modified_time\" content=\"2022-05-02T19:57:22+00:00\" \/>\n<meta property=\"og:image\" content=\"https:\/\/domartstyl.com\/wp-content\/uploads\/2020\/05\/Pufa-szara-nowoczesna-do-przedpokoju-na-drewnianych-nogach-Margo.jpg\" \/>\n\t<meta property=\"og:image:width\" content=\"1000\" \/>\n\t<meta property=\"og:image:height\" content=\"1000\" \/>\n\t<meta property=\"og:image:type\" content=\"image\/jpeg\" \/>\n<meta name=\"twitter:card\" content=\"summary_large_image\" \/>\n<meta name=\"twitter:site\" content=\"@DomArtStyl_pl\" \/>\n<meta name=\"twitter:label1\" content=\"Price\" \/>\n\t<meta name=\"twitter:data1\" content=\"\" \/>\n\t<meta name=\"twitter:label2\" content=\"Availability\" \/>\n\t<meta name=\"twitter:data2\" content=\"In stock\" \/>\n<script type=\"application\/ld+json\" class=\"yoast-schema-graph\">{\"@context\":\"https:\/\/schema.org\",\"@graph\":[{\"@type\":\"WebPage\",\"@id\":\"https:\/\/domartstyl.com\/en\/margo-pouf\/\",\"url\":\"https:\/\/domartstyl.com\/en\/margo-pouf\/\",\"name\":\"Margo Pouf , Manufacturer of Upholstered Furniture - DomArtStyl\",\"isPartOf\":{\"@id\":\"https:\/\/domartstyl.com\/en\/#website\"},\"primaryImageOfPage\":{\"@id\":\"https:\/\/domartstyl.com\/en\/margo-pouf\/#primaryimage\"},\"image\":{\"@id\":\"https:\/\/domartstyl.com\/en\/margo-pouf\/#primaryimage\"},\"thumbnailUrl\":\"https:\/\/domartstyl.com\/wp-content\/uploads\/2020\/05\/Pufa-szara-nowoczesna-do-przedpokoju-na-drewnianych-nogach-Margo.jpg\",\"datePublished\":\"2020-05-13T12:30:18+00:00\",\"dateModified\":\"2022-05-02T19:57:22+00:00\",\"breadcrumb\":{\"@id\":\"https:\/\/domartstyl.com\/en\/margo-pouf\/#breadcrumb\"},\"inLanguage\":\"en-US\",\"potentialAction\":[{\"@type\":\"ReadAction\",\"target\":[\"https:\/\/domartstyl.com\/en\/margo-pouf\/\"]}]},{\"@type\":\"ImageObject\",\"inLanguage\":\"en-US\",\"@id\":\"https:\/\/domartstyl.com\/en\/margo-pouf\/#primaryimage\",\"url\":\"https:\/\/domartstyl.com\/wp-content\/uploads\/2020\/05\/Pufa-szara-nowoczesna-do-przedpokoju-na-drewnianych-nogach-Margo.jpg\",\"contentUrl\":\"https:\/\/domartstyl.com\/wp-content\/uploads\/2020\/05\/Pufa-szara-nowoczesna-do-przedpokoju-na-drewnianych-nogach-Margo.jpg\",\"width\":1000,\"height\":1000,\"caption\":\"Pufa szara nowoczesna do przedpokoju na drewnianych nogach Margo\"},{\"@type\":\"BreadcrumbList\",\"@id\":\"https:\/\/domartstyl.com\/en\/margo-pouf\/#breadcrumb\",\"itemListElement\":[{\"@type\":\"ListItem\",\"position\":1,\"name\":\"Strona g\u0142\u00f3wna\",\"item\":\"https:\/\/domartstyl.com\/en\/\"},{\"@type\":\"ListItem\",\"position\":2,\"name\":\"Modern Upholstered Furniture\",\"item\":\"https:\/\/domartstyl.com\/en\/furniture\/\"},{\"@type\":\"ListItem\",\"position\":3,\"name\":\"Margo Pouf\"}]},{\"@type\":\"WebSite\",\"@id\":\"https:\/\/domartstyl.com\/en\/#website\",\"url\":\"https:\/\/domartstyl.com\/en\/\",\"name\":\"DomArtStyl\",\"description\":\"Tworzymy meble najwy\u017cszej jako\u015bci. Sprzeda\u017c detaliczna \u00b7 Sprzeda\u017c hurtowa\",\"publisher\":{\"@id\":\"https:\/\/domartstyl.com\/en\/#organization\"},\"potentialAction\":[{\"@type\":\"SearchAction\",\"target\":{\"@type\":\"EntryPoint\",\"urlTemplate\":\"https:\/\/domartstyl.com\/en\/?s={search_term_string}\"},\"query-input\":{\"@type\":\"PropertyValueSpecification\",\"valueRequired\":true,\"valueName\":\"search_term_string\"}}],\"inLanguage\":\"en-US\"},{\"@type\":\"Organization\",\"@id\":\"https:\/\/domartstyl.com\/en\/#organization\",\"name\":\"DomArtStyl\",\"url\":\"https:\/\/domartstyl.com\/en\/\",\"logo\":{\"@type\":\"ImageObject\",\"inLanguage\":\"en-US\",\"@id\":\"https:\/\/domartstyl.com\/en\/#\/schema\/logo\/image\/\",\"url\":\"https:\/\/domartstyl.com\/wp-content\/uploads\/2018\/04\/Logo_300_width.png\",\"contentUrl\":\"https:\/\/domartstyl.com\/wp-content\/uploads\/2018\/04\/Logo_300_width.png\",\"width\":300,\"height\":140,\"caption\":\"DomArtStyl\"},\"image\":{\"@id\":\"https:\/\/domartstyl.com\/en\/#\/schema\/logo\/image\/\"},\"sameAs\":[\"https:\/\/www.facebook.com\/DomArtStyl\/\",\"https:\/\/x.com\/DomArtStyl_pl\",\"https:\/\/www.instagram.com\/domartstyl\/?hl=en\",\"https:\/\/pl.pinterest.com\/domartstyl01\/\",\"https:\/\/www.youtube.com\/channel\/UCkISSgvMomI6yFFL3JDbLhw\"]}]}<\/script>\n<meta property=\"product:price:amount\" content=\"0.00\" \/>\n<meta property=\"product:price:currency\" content=\"EUR\" \/>\n<meta property=\"og:availability\" content=\"instock\" \/>\n<meta property=\"product:availability\" content=\"instock\" \/>\n<meta property=\"product:condition\" content=\"new\" \/>\n<!-- \/ Yoast SEO Premium plugin. -->","yoast_head_json":{"title":"Margo Pouf , Manufacturer of Upholstered Furniture - DomArtStyl","robots":{"index":"index","follow":"follow","max-snippet":"max-snippet:-1","max-image-preview":"max-image-preview:large","max-video-preview":"max-video-preview:-1"},"canonical":"https:\/\/domartstyl.com\/en\/margo-pouf\/","og_locale":"en_US","og_type":"article","og_title":"Margo Pouf - DomArtStyl","og_description":"Classic and, at the same time, remarkable design and unquestionable utility values: this is how you can briefly describe the Margo pouffe. This model is manufactured using the highest quality materials, and the comfort of use and attention to detail are the hallmarks of this beautiful piece of furniture. It will perfectly match any interior arrangement, both in the home living room or children's room as well as in public places - the Margo pouffe will make any place more attractive, especially in combination with a sofa and armchairs from the line of the same name, available in our offer.","og_url":"https:\/\/domartstyl.com\/en\/margo-pouf\/","og_site_name":"DomArtStyl","article_publisher":"https:\/\/www.facebook.com\/DomArtStyl\/","article_modified_time":"2022-05-02T19:57:22+00:00","og_image":[{"width":1000,"height":1000,"url":"https:\/\/domartstyl.com\/wp-content\/uploads\/2020\/05\/Pufa-szara-nowoczesna-do-przedpokoju-na-drewnianych-nogach-Margo.jpg","type":"image\/jpeg"}],"twitter_card":"summary_large_image","twitter_site":"@DomArtStyl_pl","twitter_misc":{"Price":"","Availability":"In stock"},"schema":{"@context":"https:\/\/schema.org","@graph":[{"@type":"WebPage","@id":"https:\/\/domartstyl.com\/en\/margo-pouf\/","url":"https:\/\/domartstyl.com\/en\/margo-pouf\/","name":"Margo Pouf , Manufacturer of Upholstered Furniture - DomArtStyl","isPartOf":{"@id":"https:\/\/domartstyl.com\/en\/#website"},"primaryImageOfPage":{"@id":"https:\/\/domartstyl.com\/en\/margo-pouf\/#primaryimage"},"image":{"@id":"https:\/\/domartstyl.com\/en\/margo-pouf\/#primaryimage"},"thumbnailUrl":"https:\/\/domartstyl.com\/wp-content\/uploads\/2020\/05\/Pufa-szara-nowoczesna-do-przedpokoju-na-drewnianych-nogach-Margo.jpg","datePublished":"2020-05-13T12:30:18+00:00","dateModified":"2022-05-02T19:57:22+00:00","breadcrumb":{"@id":"https:\/\/domartstyl.com\/en\/margo-pouf\/#breadcrumb"},"inLanguage":"en-US","potentialAction":[{"@type":"ReadAction","target":["https:\/\/domartstyl.com\/en\/margo-pouf\/"]}]},{"@type":"ImageObject","inLanguage":"en-US","@id":"https:\/\/domartstyl.com\/en\/margo-pouf\/#primaryimage","url":"https:\/\/domartstyl.com\/wp-content\/uploads\/2020\/05\/Pufa-szara-nowoczesna-do-przedpokoju-na-drewnianych-nogach-Margo.jpg","contentUrl":"https:\/\/domartstyl.com\/wp-content\/uploads\/2020\/05\/Pufa-szara-nowoczesna-do-przedpokoju-na-drewnianych-nogach-Margo.jpg","width":1000,"height":1000,"caption":"Pufa szara nowoczesna do przedpokoju na drewnianych nogach Margo"},{"@type":"BreadcrumbList","@id":"https:\/\/domartstyl.com\/en\/margo-pouf\/#breadcrumb","itemListElement":[{"@type":"ListItem","position":1,"name":"Strona g\u0142\u00f3wna","item":"https:\/\/domartstyl.com\/en\/"},{"@type":"ListItem","position":2,"name":"Modern Upholstered Furniture","item":"https:\/\/domartstyl.com\/en\/furniture\/"},{"@type":"ListItem","position":3,"name":"Margo Pouf"}]},{"@type":"WebSite","@id":"https:\/\/domartstyl.com\/en\/#website","url":"https:\/\/domartstyl.com\/en\/","name":"DomArtStyl","description":"Tworzymy meble najwy\u017cszej jako\u015bci. Sprzeda\u017c detaliczna \u00b7 Sprzeda\u017c hurtowa","publisher":{"@id":"https:\/\/domartstyl.com\/en\/#organization"},"potentialAction":[{"@type":"SearchAction","target":{"@type":"EntryPoint","urlTemplate":"https:\/\/domartstyl.com\/en\/?s={search_term_string}"},"query-input":{"@type":"PropertyValueSpecification","valueRequired":true,"valueName":"search_term_string"}}],"inLanguage":"en-US"},{"@type":"Organization","@id":"https:\/\/domartstyl.com\/en\/#organization","name":"DomArtStyl","url":"https:\/\/domartstyl.com\/en\/","logo":{"@type":"ImageObject","inLanguage":"en-US","@id":"https:\/\/domartstyl.com\/en\/#\/schema\/logo\/image\/","url":"https:\/\/domartstyl.com\/wp-content\/uploads\/2018\/04\/Logo_300_width.png","contentUrl":"https:\/\/domartstyl.com\/wp-content\/uploads\/2018\/04\/Logo_300_width.png","width":300,"height":140,"caption":"DomArtStyl"},"image":{"@id":"https:\/\/domartstyl.com\/en\/#\/schema\/logo\/image\/"},"sameAs":["https:\/\/www.facebook.com\/DomArtStyl\/","https:\/\/x.com\/DomArtStyl_pl","https:\/\/www.instagram.com\/domartstyl\/?hl=en","https:\/\/pl.pinterest.com\/domartstyl01\/","https:\/\/www.youtube.com\/channel\/UCkISSgvMomI6yFFL3JDbLhw"]}]},"product_price_amount":"0.00","product_price_currency":"EUR","og_availability":"instock","product_availability":"instock","product_condition":"new"},"_links":{"self":[{"href":"https:\/\/domartstyl.com\/en\/wp-json\/wp\/v2\/product\/62336","targetHints":{"allow":["GET"]}}],"collection":[{"href":"https:\/\/domartstyl.com\/en\/wp-json\/wp\/v2\/product"}],"about":[{"href":"https:\/\/domartstyl.com\/en\/wp-json\/wp\/v2\/types\/product"}],"replies":[{"embeddable":true,"href":"https:\/\/domartstyl.com\/en\/wp-json\/wp\/v2\/comments?post=62336"}],"wp:featuredmedia":[{"embeddable":true,"href":"https:\/\/domartstyl.com\/en\/wp-json\/wp\/v2\/media\/81002"}],"wp:attachment":[{"href":"https:\/\/domartstyl.com\/en\/wp-json\/wp\/v2\/media?parent=62336"}],"wp:term":[{"taxonomy":"product_brand","embeddable":true,"href":"https:\/\/domartstyl.com\/en\/wp-json\/wp\/v2\/product_brand?post=62336"},{"taxonomy":"product_cat","embeddable":true,"href":"https:\/\/domartstyl.com\/en\/wp-json\/wp\/v2\/product_cat?post=62336"},{"taxonomy":"product_tag","embeddable":true,"href":"https:\/\/domartstyl.com\/en\/wp-json\/wp\/v2\/product_tag?post=62336"}],"curies":[{"name":"wp","href":"https:\/\/api.w.org\/{rel}","templated":true}]}}