{"id":60896,"date":"2020-02-17T13:25:52","date_gmt":"2020-02-17T12:25:52","guid":{"rendered":"https:\/\/domartstyl.com\/aveiro-armchair\/"},"modified":"2025-05-15T10:57:23","modified_gmt":"2025-05-15T09:57:23","slug":"aveiro-armchair","status":"publish","type":"product","link":"https:\/\/domartstyl.com\/en\/aveiro-armchair\/","title":{"rendered":"Aveiro Armchair"},"content":{"rendered":"","protected":false},"excerpt":{"rendered":"<p><strong>The Aveiro Chair<\/strong><br \/>\nA chair with unique design adds a personal character and elegance to the interior. The\u00a0comfortable seat, filled with high-resilience foam, makes it an attractive choice in terms of both aesthetics and functionality. Well-profiled armrests help maintain the correct posture during sitting. Vertical upholstery seams in the upholstery material give the furniture an elegant and\u00a0distinctive appearance. Silver metal legs give it a modern look, while gold ones add elegance and sophistication. A wide selection of upholstery materials allows for customization to individual tastes and requirements. The chair provides exceptional comfort during relaxation and, thanks to its elegant design, significantly enhances the appearance of the living room, bedroom, or office, attracting attention with its aesthetics.<\/p>\n","protected":false},"featured_media":80237,"comment_status":"closed","ping_status":"closed","template":"","meta":[],"product_brand":[],"product_cat":[34,8862,8866,8851,8161,8857,8860],"product_tag":[],"class_list":{"0":"post-60896","1":"product","2":"type-product","3":"status-publish","4":"has-post-thumbnail","6":"product_cat-armchairs","7":"product_cat-armchairs-with-metal-legs","8":"product_cat-leisure-armchairs","9":"product_cat-living-room-armchairs","10":"product_cat-lounge-sets","11":"product_cat-modern-armchairs","12":"product_cat-velvet-armchairs","13":"product_shipping_class-individually-packed-110-120","15":"first","16":"instock","17":"taxable","18":"shipping-taxable","19":"purchasable","20":"product-type-simple"},"yoast_head":"<!-- This site is optimized with the Yoast SEO Premium plugin v25.0 (Yoast SEO v25.0) - https:\/\/yoast.com\/wordpress\/plugins\/seo\/ -->\n<title>Aveiro Armchair , Manufacturer of Upholstered Furniture - DomArtStyl<\/title>\n<meta name=\"robots\" content=\"index, follow, max-snippet:-1, max-image-preview:large, max-video-preview:-1\" \/>\n<link rel=\"canonical\" href=\"https:\/\/domartstyl.com\/en\/aveiro-armchair\/\" \/>\n<meta property=\"og:locale\" content=\"en_US\" \/>\n<meta property=\"og:type\" content=\"article\" \/>\n<meta property=\"og:title\" content=\"Aveiro Armchair - DomArtStyl\" \/>\n<meta property=\"og:description\" content=\"The Aveiro Chair A chair with unique design adds a personal character and elegance to the interior. The\u00a0comfortable seat, filled with high-resilience foam, makes it an attractive choice in terms of both aesthetics and functionality. Well-profiled armrests help maintain the correct posture during sitting. Vertical upholstery seams in the upholstery material give the furniture an elegant and\u00a0distinctive appearance. Silver metal legs give it a modern look, while gold ones add elegance and sophistication. A wide selection of upholstery materials allows for customization to individual tastes and requirements. The chair provides exceptional comfort during relaxation and, thanks to its elegant design, significantly enhances the appearance of the living room, bedroom, or office, attracting attention with its aesthetics.\" \/>\n<meta property=\"og:url\" content=\"https:\/\/domartstyl.com\/en\/aveiro-armchair\/\" \/>\n<meta property=\"og:site_name\" content=\"DomArtStyl\" \/>\n<meta property=\"article:publisher\" content=\"https:\/\/www.facebook.com\/DomArtStyl\/\" \/>\n<meta property=\"article:modified_time\" content=\"2025-05-15T09:57:23+00:00\" \/>\n<meta property=\"og:image\" content=\"https:\/\/domartstyl.com\/wp-content\/uploads\/2020\/02\/Fotel-szary-welurowy-nowoczesny-do-salonu-Aveiro.jpg\" \/>\n\t<meta property=\"og:image:width\" content=\"1200\" \/>\n\t<meta property=\"og:image:height\" content=\"1200\" \/>\n\t<meta property=\"og:image:type\" content=\"image\/jpeg\" \/>\n<meta name=\"twitter:card\" content=\"summary_large_image\" \/>\n<meta name=\"twitter:site\" content=\"@DomArtStyl_pl\" \/>\n<meta name=\"twitter:label1\" content=\"Price\" \/>\n\t<meta name=\"twitter:data1\" content=\"&euro;387,75\" \/>\n\t<meta name=\"twitter:label2\" content=\"Availability\" \/>\n\t<meta name=\"twitter:data2\" content=\"In stock\" \/>\n<script type=\"application\/ld+json\" class=\"yoast-schema-graph\">{\"@context\":\"https:\/\/schema.org\",\"@graph\":[{\"@type\":\"WebPage\",\"@id\":\"https:\/\/domartstyl.com\/en\/aveiro-armchair\/\",\"url\":\"https:\/\/domartstyl.com\/en\/aveiro-armchair\/\",\"name\":\"Aveiro Armchair , Manufacturer of Upholstered Furniture - DomArtStyl\",\"isPartOf\":{\"@id\":\"https:\/\/domartstyl.com\/en\/#website\"},\"primaryImageOfPage\":{\"@id\":\"https:\/\/domartstyl.com\/en\/aveiro-armchair\/#primaryimage\"},\"image\":{\"@id\":\"https:\/\/domartstyl.com\/en\/aveiro-armchair\/#primaryimage\"},\"thumbnailUrl\":\"https:\/\/domartstyl.com\/wp-content\/uploads\/2020\/02\/Fotel-szary-welurowy-nowoczesny-do-salonu-Aveiro.jpg\",\"datePublished\":\"2020-02-17T12:25:52+00:00\",\"dateModified\":\"2025-05-15T09:57:23+00:00\",\"breadcrumb\":{\"@id\":\"https:\/\/domartstyl.com\/en\/aveiro-armchair\/#breadcrumb\"},\"inLanguage\":\"en-US\",\"potentialAction\":[{\"@type\":\"ReadAction\",\"target\":[\"https:\/\/domartstyl.com\/en\/aveiro-armchair\/\"]}]},{\"@type\":\"ImageObject\",\"inLanguage\":\"en-US\",\"@id\":\"https:\/\/domartstyl.com\/en\/aveiro-armchair\/#primaryimage\",\"url\":\"https:\/\/domartstyl.com\/wp-content\/uploads\/2020\/02\/Fotel-szary-welurowy-nowoczesny-do-salonu-Aveiro.jpg\",\"contentUrl\":\"https:\/\/domartstyl.com\/wp-content\/uploads\/2020\/02\/Fotel-szary-welurowy-nowoczesny-do-salonu-Aveiro.jpg\",\"width\":1200,\"height\":1200,\"caption\":\"Fotel szary welurowy nowoczesny do salonu Aveiro\"},{\"@type\":\"BreadcrumbList\",\"@id\":\"https:\/\/domartstyl.com\/en\/aveiro-armchair\/#breadcrumb\",\"itemListElement\":[{\"@type\":\"ListItem\",\"position\":1,\"name\":\"Strona g\u0142\u00f3wna\",\"item\":\"https:\/\/domartstyl.com\/en\/\"},{\"@type\":\"ListItem\",\"position\":2,\"name\":\"Modern Upholstered Furniture\",\"item\":\"https:\/\/domartstyl.com\/en\/furniture\/\"},{\"@type\":\"ListItem\",\"position\":3,\"name\":\"Aveiro Armchair\"}]},{\"@type\":\"WebSite\",\"@id\":\"https:\/\/domartstyl.com\/en\/#website\",\"url\":\"https:\/\/domartstyl.com\/en\/\",\"name\":\"DomArtStyl\",\"description\":\"Tworzymy meble najwy\u017cszej jako\u015bci. Sprzeda\u017c detaliczna \u00b7 Sprzeda\u017c hurtowa\",\"publisher\":{\"@id\":\"https:\/\/domartstyl.com\/en\/#organization\"},\"potentialAction\":[{\"@type\":\"SearchAction\",\"target\":{\"@type\":\"EntryPoint\",\"urlTemplate\":\"https:\/\/domartstyl.com\/en\/?s={search_term_string}\"},\"query-input\":{\"@type\":\"PropertyValueSpecification\",\"valueRequired\":true,\"valueName\":\"search_term_string\"}}],\"inLanguage\":\"en-US\"},{\"@type\":\"Organization\",\"@id\":\"https:\/\/domartstyl.com\/en\/#organization\",\"name\":\"DomArtStyl\",\"url\":\"https:\/\/domartstyl.com\/en\/\",\"logo\":{\"@type\":\"ImageObject\",\"inLanguage\":\"en-US\",\"@id\":\"https:\/\/domartstyl.com\/en\/#\/schema\/logo\/image\/\",\"url\":\"https:\/\/domartstyl.com\/wp-content\/uploads\/2018\/04\/Logo_300_width.png\",\"contentUrl\":\"https:\/\/domartstyl.com\/wp-content\/uploads\/2018\/04\/Logo_300_width.png\",\"width\":300,\"height\":140,\"caption\":\"DomArtStyl\"},\"image\":{\"@id\":\"https:\/\/domartstyl.com\/en\/#\/schema\/logo\/image\/\"},\"sameAs\":[\"https:\/\/www.facebook.com\/DomArtStyl\/\",\"https:\/\/x.com\/DomArtStyl_pl\",\"https:\/\/www.instagram.com\/domartstyl\/?hl=en\",\"https:\/\/pl.pinterest.com\/domartstyl01\/\",\"https:\/\/www.youtube.com\/channel\/UCkISSgvMomI6yFFL3JDbLhw\"]}]}<\/script>\n<meta property=\"product:price:amount\" content=\"387.75\" \/>\n<meta property=\"product:price:currency\" content=\"EUR\" \/>\n<meta property=\"og:availability\" content=\"instock\" \/>\n<meta property=\"product:availability\" content=\"instock\" \/>\n<meta property=\"product:condition\" content=\"new\" \/>\n<!-- \/ Yoast SEO Premium plugin. -->","yoast_head_json":{"title":"Aveiro Armchair , Manufacturer of Upholstered Furniture - DomArtStyl","robots":{"index":"index","follow":"follow","max-snippet":"max-snippet:-1","max-image-preview":"max-image-preview:large","max-video-preview":"max-video-preview:-1"},"canonical":"https:\/\/domartstyl.com\/en\/aveiro-armchair\/","og_locale":"en_US","og_type":"article","og_title":"Aveiro Armchair - DomArtStyl","og_description":"The Aveiro Chair A chair with unique design adds a personal character and elegance to the interior. The\u00a0comfortable seat, filled with high-resilience foam, makes it an attractive choice in terms of both aesthetics and functionality. Well-profiled armrests help maintain the correct posture during sitting. Vertical upholstery seams in the upholstery material give the furniture an elegant and\u00a0distinctive appearance. Silver metal legs give it a modern look, while gold ones add elegance and sophistication. A wide selection of upholstery materials allows for customization to individual tastes and requirements. The chair provides exceptional comfort during relaxation and, thanks to its elegant design, significantly enhances the appearance of the living room, bedroom, or office, attracting attention with its aesthetics.","og_url":"https:\/\/domartstyl.com\/en\/aveiro-armchair\/","og_site_name":"DomArtStyl","article_publisher":"https:\/\/www.facebook.com\/DomArtStyl\/","article_modified_time":"2025-05-15T09:57:23+00:00","og_image":[{"width":1200,"height":1200,"url":"https:\/\/domartstyl.com\/wp-content\/uploads\/2020\/02\/Fotel-szary-welurowy-nowoczesny-do-salonu-Aveiro.jpg","type":"image\/jpeg"}],"twitter_card":"summary_large_image","twitter_site":"@DomArtStyl_pl","twitter_misc":{"Price":"&euro;387,75","Availability":"In stock"},"schema":{"@context":"https:\/\/schema.org","@graph":[{"@type":"WebPage","@id":"https:\/\/domartstyl.com\/en\/aveiro-armchair\/","url":"https:\/\/domartstyl.com\/en\/aveiro-armchair\/","name":"Aveiro Armchair , Manufacturer of Upholstered Furniture - DomArtStyl","isPartOf":{"@id":"https:\/\/domartstyl.com\/en\/#website"},"primaryImageOfPage":{"@id":"https:\/\/domartstyl.com\/en\/aveiro-armchair\/#primaryimage"},"image":{"@id":"https:\/\/domartstyl.com\/en\/aveiro-armchair\/#primaryimage"},"thumbnailUrl":"https:\/\/domartstyl.com\/wp-content\/uploads\/2020\/02\/Fotel-szary-welurowy-nowoczesny-do-salonu-Aveiro.jpg","datePublished":"2020-02-17T12:25:52+00:00","dateModified":"2025-05-15T09:57:23+00:00","breadcrumb":{"@id":"https:\/\/domartstyl.com\/en\/aveiro-armchair\/#breadcrumb"},"inLanguage":"en-US","potentialAction":[{"@type":"ReadAction","target":["https:\/\/domartstyl.com\/en\/aveiro-armchair\/"]}]},{"@type":"ImageObject","inLanguage":"en-US","@id":"https:\/\/domartstyl.com\/en\/aveiro-armchair\/#primaryimage","url":"https:\/\/domartstyl.com\/wp-content\/uploads\/2020\/02\/Fotel-szary-welurowy-nowoczesny-do-salonu-Aveiro.jpg","contentUrl":"https:\/\/domartstyl.com\/wp-content\/uploads\/2020\/02\/Fotel-szary-welurowy-nowoczesny-do-salonu-Aveiro.jpg","width":1200,"height":1200,"caption":"Fotel szary welurowy nowoczesny do salonu Aveiro"},{"@type":"BreadcrumbList","@id":"https:\/\/domartstyl.com\/en\/aveiro-armchair\/#breadcrumb","itemListElement":[{"@type":"ListItem","position":1,"name":"Strona g\u0142\u00f3wna","item":"https:\/\/domartstyl.com\/en\/"},{"@type":"ListItem","position":2,"name":"Modern Upholstered Furniture","item":"https:\/\/domartstyl.com\/en\/furniture\/"},{"@type":"ListItem","position":3,"name":"Aveiro Armchair"}]},{"@type":"WebSite","@id":"https:\/\/domartstyl.com\/en\/#website","url":"https:\/\/domartstyl.com\/en\/","name":"DomArtStyl","description":"Tworzymy meble najwy\u017cszej jako\u015bci. Sprzeda\u017c detaliczna \u00b7 Sprzeda\u017c hurtowa","publisher":{"@id":"https:\/\/domartstyl.com\/en\/#organization"},"potentialAction":[{"@type":"SearchAction","target":{"@type":"EntryPoint","urlTemplate":"https:\/\/domartstyl.com\/en\/?s={search_term_string}"},"query-input":{"@type":"PropertyValueSpecification","valueRequired":true,"valueName":"search_term_string"}}],"inLanguage":"en-US"},{"@type":"Organization","@id":"https:\/\/domartstyl.com\/en\/#organization","name":"DomArtStyl","url":"https:\/\/domartstyl.com\/en\/","logo":{"@type":"ImageObject","inLanguage":"en-US","@id":"https:\/\/domartstyl.com\/en\/#\/schema\/logo\/image\/","url":"https:\/\/domartstyl.com\/wp-content\/uploads\/2018\/04\/Logo_300_width.png","contentUrl":"https:\/\/domartstyl.com\/wp-content\/uploads\/2018\/04\/Logo_300_width.png","width":300,"height":140,"caption":"DomArtStyl"},"image":{"@id":"https:\/\/domartstyl.com\/en\/#\/schema\/logo\/image\/"},"sameAs":["https:\/\/www.facebook.com\/DomArtStyl\/","https:\/\/x.com\/DomArtStyl_pl","https:\/\/www.instagram.com\/domartstyl\/?hl=en","https:\/\/pl.pinterest.com\/domartstyl01\/","https:\/\/www.youtube.com\/channel\/UCkISSgvMomI6yFFL3JDbLhw"]}]},"product_price_amount":"387.75","product_price_currency":"EUR","og_availability":"instock","product_availability":"instock","product_condition":"new"},"_links":{"self":[{"href":"https:\/\/domartstyl.com\/en\/wp-json\/wp\/v2\/product\/60896","targetHints":{"allow":["GET"]}}],"collection":[{"href":"https:\/\/domartstyl.com\/en\/wp-json\/wp\/v2\/product"}],"about":[{"href":"https:\/\/domartstyl.com\/en\/wp-json\/wp\/v2\/types\/product"}],"replies":[{"embeddable":true,"href":"https:\/\/domartstyl.com\/en\/wp-json\/wp\/v2\/comments?post=60896"}],"wp:featuredmedia":[{"embeddable":true,"href":"https:\/\/domartstyl.com\/en\/wp-json\/wp\/v2\/media\/80237"}],"wp:attachment":[{"href":"https:\/\/domartstyl.com\/en\/wp-json\/wp\/v2\/media?parent=60896"}],"wp:term":[{"taxonomy":"product_brand","embeddable":true,"href":"https:\/\/domartstyl.com\/en\/wp-json\/wp\/v2\/product_brand?post=60896"},{"taxonomy":"product_cat","embeddable":true,"href":"https:\/\/domartstyl.com\/en\/wp-json\/wp\/v2\/product_cat?post=60896"},{"taxonomy":"product_tag","embeddable":true,"href":"https:\/\/domartstyl.com\/en\/wp-json\/wp\/v2\/product_tag?post=60896"}],"curies":[{"name":"wp","href":"https:\/\/api.w.org\/{rel}","templated":true}]}}