{"id":58254,"date":"2019-11-18T15:41:05","date_gmt":"2019-11-18T14:41:05","guid":{"rendered":"https:\/\/domartstyl.com\/rosso-sofa\/"},"modified":"2024-01-31T13:29:24","modified_gmt":"2024-01-31T12:29:24","slug":"rosso-sofa","status":"publish","type":"product","link":"https:\/\/domartstyl.com\/en\/rosso-sofa\/","title":{"rendered":"Rosso Sofa"},"content":{"rendered":"","protected":false},"excerpt":{"rendered":"<p style=\"text-align: left;\"><strong>If interested, please contact the Customer Service Office<\/strong><br \/>\n<strong>biuro@domartstyl.pl<\/strong><br \/>\n<strong>+48 882 659 700<\/strong><br \/>\n<strong>+48 600 766 340<\/strong><\/p>\n<p>The beautiful Rosso sofa (with a sleeping function) attracts attention and beautifies the interior from an aesthetic point of view. The classic shape with massive armrests, backrest and decorative cushions creates the impression of a piece of furniture that visually complements the interior. The sofa is perfect for adding splendor to classic and effective compositions. It looks great in combination with decorative fittings. This soft sofa will quickly become one of the highlights of your home, not only because of its modern look, but also because of its ease of use and usability. The couch quickly transforms into a comfortable bed that can accommodate up to two people. The sofa is made of durable materials and is upholstered in a soft-touch velvet. The modern design of the sofas in the English style is emphasized by decorative Quilted buttons on the backrest and the inside of the armrests.<\/p>\n<p><strong>The sofa has a sleeping function with dimensions of 140&#215;180 cm.<\/strong><\/p>\n<p>* The furniture has golden legs as an accessory.<strong><br \/>\n<\/strong><\/p>\n","protected":false},"featured_media":81273,"comment_status":"closed","ping_status":"closed","template":"","meta":[],"product_brand":[],"product_cat":[8249],"product_tag":[],"class_list":{"0":"post-58254","1":"product","2":"type-product","3":"status-publish","4":"has-post-thumbnail","6":"product_cat-wholesale-furniture","7":"product_shipping_class-8906","9":"first","10":"instock","11":"taxable","12":"shipping-taxable","13":"product-type-soldout"},"yoast_head":"<!-- This site is optimized with the Yoast SEO Premium plugin v25.0 (Yoast SEO v25.0) - https:\/\/yoast.com\/wordpress\/plugins\/seo\/ -->\n<title>Rosso Sofa , Manufacturer of Upholstered Furniture - DomArtStyl<\/title>\n<meta name=\"robots\" content=\"index, follow, max-snippet:-1, max-image-preview:large, max-video-preview:-1\" \/>\n<link rel=\"canonical\" href=\"https:\/\/domartstyl.com\/en\/rosso-sofa\/\" \/>\n<meta property=\"og:locale\" content=\"en_US\" \/>\n<meta property=\"og:type\" content=\"article\" \/>\n<meta property=\"og:title\" content=\"Rosso Sofa - DomArtStyl\" \/>\n<meta property=\"og:description\" content=\"If interested, please contact the Customer Service Office biuro@domartstyl.pl +48 882 659 700 +48 600 766 340 The beautiful Rosso sofa (with a sleeping function) attracts attention and beautifies the interior from an aesthetic point of view. The classic shape with massive armrests, backrest and decorative cushions creates the impression of a piece of furniture that visually complements the interior. The sofa is perfect for adding splendor to classic and effective compositions. It looks great in combination with decorative fittings. This soft sofa will quickly become one of the highlights of your home, not only because of its modern look, but also because of its ease of use and usability. The couch quickly transforms into a comfortable bed that can accommodate up to two people. The sofa is made of durable materials and is upholstered in a soft-touch velvet. The modern design of the sofas in the English style is emphasized by decorative Quilted buttons on the backrest and the inside of the armrests.  The sofa has a sleeping function with dimensions of 140x180 cm.  * The furniture has golden legs as an accessory.\" \/>\n<meta property=\"og:url\" content=\"https:\/\/domartstyl.com\/en\/rosso-sofa\/\" \/>\n<meta property=\"og:site_name\" content=\"DomArtStyl\" \/>\n<meta property=\"article:publisher\" content=\"https:\/\/www.facebook.com\/DomArtStyl\/\" \/>\n<meta property=\"article:modified_time\" content=\"2024-01-31T12:29:24+00:00\" \/>\n<meta property=\"og:image\" content=\"https:\/\/domartstyl.com\/wp-content\/uploads\/2019\/11\/Sofa-niebieska-welurowa-nowoczesna-do-poczekalni-Rosso.jpg\" \/>\n\t<meta property=\"og:image:width\" content=\"1000\" \/>\n\t<meta property=\"og:image:height\" content=\"1000\" \/>\n\t<meta property=\"og:image:type\" content=\"image\/jpeg\" \/>\n<meta name=\"twitter:card\" content=\"summary_large_image\" \/>\n<meta name=\"twitter:site\" content=\"@DomArtStyl_pl\" \/>\n<meta name=\"twitter:label1\" content=\"Price\" \/>\n\t<meta name=\"twitter:data1\" content=\"\" \/>\n\t<meta name=\"twitter:label2\" content=\"Availability\" \/>\n\t<meta name=\"twitter:data2\" content=\"In stock\" \/>\n<script type=\"application\/ld+json\" class=\"yoast-schema-graph\">{\"@context\":\"https:\/\/schema.org\",\"@graph\":[{\"@type\":\"WebPage\",\"@id\":\"https:\/\/domartstyl.com\/en\/rosso-sofa\/\",\"url\":\"https:\/\/domartstyl.com\/en\/rosso-sofa\/\",\"name\":\"Rosso Sofa , Manufacturer of Upholstered Furniture - DomArtStyl\",\"isPartOf\":{\"@id\":\"https:\/\/domartstyl.com\/en\/#website\"},\"primaryImageOfPage\":{\"@id\":\"https:\/\/domartstyl.com\/en\/rosso-sofa\/#primaryimage\"},\"image\":{\"@id\":\"https:\/\/domartstyl.com\/en\/rosso-sofa\/#primaryimage\"},\"thumbnailUrl\":\"https:\/\/domartstyl.com\/wp-content\/uploads\/2019\/11\/Sofa-niebieska-welurowa-nowoczesna-do-poczekalni-Rosso.jpg\",\"datePublished\":\"2019-11-18T14:41:05+00:00\",\"dateModified\":\"2024-01-31T12:29:24+00:00\",\"breadcrumb\":{\"@id\":\"https:\/\/domartstyl.com\/en\/rosso-sofa\/#breadcrumb\"},\"inLanguage\":\"en-US\",\"potentialAction\":[{\"@type\":\"ReadAction\",\"target\":[\"https:\/\/domartstyl.com\/en\/rosso-sofa\/\"]}]},{\"@type\":\"ImageObject\",\"inLanguage\":\"en-US\",\"@id\":\"https:\/\/domartstyl.com\/en\/rosso-sofa\/#primaryimage\",\"url\":\"https:\/\/domartstyl.com\/wp-content\/uploads\/2019\/11\/Sofa-niebieska-welurowa-nowoczesna-do-poczekalni-Rosso.jpg\",\"contentUrl\":\"https:\/\/domartstyl.com\/wp-content\/uploads\/2019\/11\/Sofa-niebieska-welurowa-nowoczesna-do-poczekalni-Rosso.jpg\",\"width\":1000,\"height\":1000,\"caption\":\"Sofa niebieska welurowa nowoczesna do poczekalni Rosso\"},{\"@type\":\"BreadcrumbList\",\"@id\":\"https:\/\/domartstyl.com\/en\/rosso-sofa\/#breadcrumb\",\"itemListElement\":[{\"@type\":\"ListItem\",\"position\":1,\"name\":\"Strona g\u0142\u00f3wna\",\"item\":\"https:\/\/domartstyl.com\/en\/\"},{\"@type\":\"ListItem\",\"position\":2,\"name\":\"Modern Upholstered Furniture\",\"item\":\"https:\/\/domartstyl.com\/en\/furniture\/\"},{\"@type\":\"ListItem\",\"position\":3,\"name\":\"Rosso Sofa\"}]},{\"@type\":\"WebSite\",\"@id\":\"https:\/\/domartstyl.com\/en\/#website\",\"url\":\"https:\/\/domartstyl.com\/en\/\",\"name\":\"DomArtStyl\",\"description\":\"Tworzymy meble najwy\u017cszej jako\u015bci. Sprzeda\u017c detaliczna \u00b7 Sprzeda\u017c hurtowa\",\"publisher\":{\"@id\":\"https:\/\/domartstyl.com\/en\/#organization\"},\"potentialAction\":[{\"@type\":\"SearchAction\",\"target\":{\"@type\":\"EntryPoint\",\"urlTemplate\":\"https:\/\/domartstyl.com\/en\/?s={search_term_string}\"},\"query-input\":{\"@type\":\"PropertyValueSpecification\",\"valueRequired\":true,\"valueName\":\"search_term_string\"}}],\"inLanguage\":\"en-US\"},{\"@type\":\"Organization\",\"@id\":\"https:\/\/domartstyl.com\/en\/#organization\",\"name\":\"DomArtStyl\",\"url\":\"https:\/\/domartstyl.com\/en\/\",\"logo\":{\"@type\":\"ImageObject\",\"inLanguage\":\"en-US\",\"@id\":\"https:\/\/domartstyl.com\/en\/#\/schema\/logo\/image\/\",\"url\":\"https:\/\/domartstyl.com\/wp-content\/uploads\/2018\/04\/Logo_300_width.png\",\"contentUrl\":\"https:\/\/domartstyl.com\/wp-content\/uploads\/2018\/04\/Logo_300_width.png\",\"width\":300,\"height\":140,\"caption\":\"DomArtStyl\"},\"image\":{\"@id\":\"https:\/\/domartstyl.com\/en\/#\/schema\/logo\/image\/\"},\"sameAs\":[\"https:\/\/www.facebook.com\/DomArtStyl\/\",\"https:\/\/x.com\/DomArtStyl_pl\",\"https:\/\/www.instagram.com\/domartstyl\/?hl=en\",\"https:\/\/pl.pinterest.com\/domartstyl01\/\",\"https:\/\/www.youtube.com\/channel\/UCkISSgvMomI6yFFL3JDbLhw\"]}]}<\/script>\n<meta property=\"product:price:amount\" content=\"0.00\" \/>\n<meta property=\"product:price:currency\" content=\"EUR\" \/>\n<meta property=\"og:availability\" content=\"instock\" \/>\n<meta property=\"product:availability\" content=\"instock\" \/>\n<meta property=\"product:condition\" content=\"new\" \/>\n<!-- \/ Yoast SEO Premium plugin. -->","yoast_head_json":{"title":"Rosso Sofa , Manufacturer of Upholstered Furniture - DomArtStyl","robots":{"index":"index","follow":"follow","max-snippet":"max-snippet:-1","max-image-preview":"max-image-preview:large","max-video-preview":"max-video-preview:-1"},"canonical":"https:\/\/domartstyl.com\/en\/rosso-sofa\/","og_locale":"en_US","og_type":"article","og_title":"Rosso Sofa - DomArtStyl","og_description":"If interested, please contact the Customer Service Office biuro@domartstyl.pl +48 882 659 700 +48 600 766 340 The beautiful Rosso sofa (with a sleeping function) attracts attention and beautifies the interior from an aesthetic point of view. The classic shape with massive armrests, backrest and decorative cushions creates the impression of a piece of furniture that visually complements the interior. The sofa is perfect for adding splendor to classic and effective compositions. It looks great in combination with decorative fittings. This soft sofa will quickly become one of the highlights of your home, not only because of its modern look, but also because of its ease of use and usability. The couch quickly transforms into a comfortable bed that can accommodate up to two people. The sofa is made of durable materials and is upholstered in a soft-touch velvet. The modern design of the sofas in the English style is emphasized by decorative Quilted buttons on the backrest and the inside of the armrests.  The sofa has a sleeping function with dimensions of 140x180 cm.  * The furniture has golden legs as an accessory.","og_url":"https:\/\/domartstyl.com\/en\/rosso-sofa\/","og_site_name":"DomArtStyl","article_publisher":"https:\/\/www.facebook.com\/DomArtStyl\/","article_modified_time":"2024-01-31T12:29:24+00:00","og_image":[{"width":1000,"height":1000,"url":"https:\/\/domartstyl.com\/wp-content\/uploads\/2019\/11\/Sofa-niebieska-welurowa-nowoczesna-do-poczekalni-Rosso.jpg","type":"image\/jpeg"}],"twitter_card":"summary_large_image","twitter_site":"@DomArtStyl_pl","twitter_misc":{"Price":"","Availability":"In stock"},"schema":{"@context":"https:\/\/schema.org","@graph":[{"@type":"WebPage","@id":"https:\/\/domartstyl.com\/en\/rosso-sofa\/","url":"https:\/\/domartstyl.com\/en\/rosso-sofa\/","name":"Rosso Sofa , Manufacturer of Upholstered Furniture - DomArtStyl","isPartOf":{"@id":"https:\/\/domartstyl.com\/en\/#website"},"primaryImageOfPage":{"@id":"https:\/\/domartstyl.com\/en\/rosso-sofa\/#primaryimage"},"image":{"@id":"https:\/\/domartstyl.com\/en\/rosso-sofa\/#primaryimage"},"thumbnailUrl":"https:\/\/domartstyl.com\/wp-content\/uploads\/2019\/11\/Sofa-niebieska-welurowa-nowoczesna-do-poczekalni-Rosso.jpg","datePublished":"2019-11-18T14:41:05+00:00","dateModified":"2024-01-31T12:29:24+00:00","breadcrumb":{"@id":"https:\/\/domartstyl.com\/en\/rosso-sofa\/#breadcrumb"},"inLanguage":"en-US","potentialAction":[{"@type":"ReadAction","target":["https:\/\/domartstyl.com\/en\/rosso-sofa\/"]}]},{"@type":"ImageObject","inLanguage":"en-US","@id":"https:\/\/domartstyl.com\/en\/rosso-sofa\/#primaryimage","url":"https:\/\/domartstyl.com\/wp-content\/uploads\/2019\/11\/Sofa-niebieska-welurowa-nowoczesna-do-poczekalni-Rosso.jpg","contentUrl":"https:\/\/domartstyl.com\/wp-content\/uploads\/2019\/11\/Sofa-niebieska-welurowa-nowoczesna-do-poczekalni-Rosso.jpg","width":1000,"height":1000,"caption":"Sofa niebieska welurowa nowoczesna do poczekalni Rosso"},{"@type":"BreadcrumbList","@id":"https:\/\/domartstyl.com\/en\/rosso-sofa\/#breadcrumb","itemListElement":[{"@type":"ListItem","position":1,"name":"Strona g\u0142\u00f3wna","item":"https:\/\/domartstyl.com\/en\/"},{"@type":"ListItem","position":2,"name":"Modern Upholstered Furniture","item":"https:\/\/domartstyl.com\/en\/furniture\/"},{"@type":"ListItem","position":3,"name":"Rosso Sofa"}]},{"@type":"WebSite","@id":"https:\/\/domartstyl.com\/en\/#website","url":"https:\/\/domartstyl.com\/en\/","name":"DomArtStyl","description":"Tworzymy meble najwy\u017cszej jako\u015bci. Sprzeda\u017c detaliczna \u00b7 Sprzeda\u017c hurtowa","publisher":{"@id":"https:\/\/domartstyl.com\/en\/#organization"},"potentialAction":[{"@type":"SearchAction","target":{"@type":"EntryPoint","urlTemplate":"https:\/\/domartstyl.com\/en\/?s={search_term_string}"},"query-input":{"@type":"PropertyValueSpecification","valueRequired":true,"valueName":"search_term_string"}}],"inLanguage":"en-US"},{"@type":"Organization","@id":"https:\/\/domartstyl.com\/en\/#organization","name":"DomArtStyl","url":"https:\/\/domartstyl.com\/en\/","logo":{"@type":"ImageObject","inLanguage":"en-US","@id":"https:\/\/domartstyl.com\/en\/#\/schema\/logo\/image\/","url":"https:\/\/domartstyl.com\/wp-content\/uploads\/2018\/04\/Logo_300_width.png","contentUrl":"https:\/\/domartstyl.com\/wp-content\/uploads\/2018\/04\/Logo_300_width.png","width":300,"height":140,"caption":"DomArtStyl"},"image":{"@id":"https:\/\/domartstyl.com\/en\/#\/schema\/logo\/image\/"},"sameAs":["https:\/\/www.facebook.com\/DomArtStyl\/","https:\/\/x.com\/DomArtStyl_pl","https:\/\/www.instagram.com\/domartstyl\/?hl=en","https:\/\/pl.pinterest.com\/domartstyl01\/","https:\/\/www.youtube.com\/channel\/UCkISSgvMomI6yFFL3JDbLhw"]}]},"product_price_amount":"0.00","product_price_currency":"EUR","og_availability":"instock","product_availability":"instock","product_condition":"new"},"_links":{"self":[{"href":"https:\/\/domartstyl.com\/en\/wp-json\/wp\/v2\/product\/58254","targetHints":{"allow":["GET"]}}],"collection":[{"href":"https:\/\/domartstyl.com\/en\/wp-json\/wp\/v2\/product"}],"about":[{"href":"https:\/\/domartstyl.com\/en\/wp-json\/wp\/v2\/types\/product"}],"replies":[{"embeddable":true,"href":"https:\/\/domartstyl.com\/en\/wp-json\/wp\/v2\/comments?post=58254"}],"wp:featuredmedia":[{"embeddable":true,"href":"https:\/\/domartstyl.com\/en\/wp-json\/wp\/v2\/media\/81273"}],"wp:attachment":[{"href":"https:\/\/domartstyl.com\/en\/wp-json\/wp\/v2\/media?parent=58254"}],"wp:term":[{"taxonomy":"product_brand","embeddable":true,"href":"https:\/\/domartstyl.com\/en\/wp-json\/wp\/v2\/product_brand?post=58254"},{"taxonomy":"product_cat","embeddable":true,"href":"https:\/\/domartstyl.com\/en\/wp-json\/wp\/v2\/product_cat?post=58254"},{"taxonomy":"product_tag","embeddable":true,"href":"https:\/\/domartstyl.com\/en\/wp-json\/wp\/v2\/product_tag?post=58254"}],"curies":[{"name":"wp","href":"https:\/\/api.w.org\/{rel}","templated":true}]}}