{"id":58253,"date":"2019-11-19T09:33:36","date_gmt":"2019-11-19T08:33:36","guid":{"rendered":"https:\/\/domartstyl.com\/aveiro-ii-sofa\/"},"modified":"2025-05-15T10:57:24","modified_gmt":"2025-05-15T09:57:24","slug":"aveiro-ii-sofa","status":"publish","type":"product","link":"https:\/\/domartstyl.com\/en\/aveiro-ii-sofa\/","title":{"rendered":"Aveiro II Sofa"},"content":{"rendered":"","protected":false},"excerpt":{"rendered":"<p style=\"text-align: center;\"><strong>If interested, please contact the Customer Service Office<\/strong><br \/>\n<strong>biuro@domartstyl.pl<\/strong><br \/>\n<strong>+48 882 659 700<\/strong><br \/>\n<strong>+48 600 766 340<\/strong><\/p>\n<p>&nbsp;<\/p>\n<p>The Aveiro 2-seat sofa is a piece of furniture that is extremely elegant despite its simplicity. Thanks to the upholstery fabric (velor), it is pleasant to the touch and durable, and the colors combined with the velvety material and quilted backrest give the interior elegance and luxury. The tapered front legs contrast with the classic and modern style of the upper part of the furniture in a Scandinavian aesthetic.<\/p>\n<p><strong>THIS MODEL IS ALSO AVAILABLE IN THE 3-SEAT VERSION &#8211; 220 cm wide and a THE ARMCHAIR FOR THE SET.<br \/>\nThis piece of furniture requires legs to be installed individually.<\/strong><\/p>\n","protected":false},"featured_media":83387,"comment_status":"closed","ping_status":"closed","template":"","meta":[],"product_brand":[],"product_cat":[39,9044,8161],"product_tag":[],"class_list":{"0":"post-58253","1":"product","2":"type-product","3":"status-publish","4":"has-post-thumbnail","6":"product_cat-sofas","7":"product_cat-two-seater-sofas","8":"product_cat-lounge-sets","9":"product_shipping_class-8906","11":"first","12":"instock","13":"taxable","14":"shipping-taxable","15":"purchasable","16":"product-type-simple"},"yoast_head":"<!-- This site is optimized with the Yoast SEO Premium plugin v25.0 (Yoast SEO v25.0) - https:\/\/yoast.com\/wordpress\/plugins\/seo\/ -->\n<title>Aveiro II Sofa , Manufacturer of Upholstered Furniture - DomArtStyl<\/title>\n<meta name=\"robots\" content=\"index, follow, max-snippet:-1, max-image-preview:large, max-video-preview:-1\" \/>\n<link rel=\"canonical\" href=\"https:\/\/domartstyl.com\/en\/aveiro-ii-sofa\/\" \/>\n<meta property=\"og:locale\" content=\"en_US\" \/>\n<meta property=\"og:type\" content=\"article\" \/>\n<meta property=\"og:title\" content=\"Aveiro II Sofa - DomArtStyl\" \/>\n<meta property=\"og:description\" content=\"If interested, please contact the Customer Service Office biuro@domartstyl.pl +48 882 659 700 +48 600 766 340 &nbsp;  The Aveiro 2-seat sofa is a piece of furniture that is extremely elegant despite its simplicity. Thanks to the upholstery fabric (velor), it is pleasant to the touch and durable, and the colors combined with the velvety material and quilted backrest give the interior elegance and luxury. The tapered front legs contrast with the classic and modern style of the upper part of the furniture in a Scandinavian aesthetic.  THIS MODEL IS ALSO AVAILABLE IN THE 3-SEAT VERSION - 220 cm wide and a THE ARMCHAIR FOR THE SET. This piece of furniture requires legs to be installed individually.\" \/>\n<meta property=\"og:url\" content=\"https:\/\/domartstyl.com\/en\/aveiro-ii-sofa\/\" \/>\n<meta property=\"og:site_name\" content=\"DomArtStyl\" \/>\n<meta property=\"article:publisher\" content=\"https:\/\/www.facebook.com\/DomArtStyl\/\" \/>\n<meta property=\"article:modified_time\" content=\"2025-05-15T09:57:24+00:00\" \/>\n<meta property=\"og:image\" content=\"https:\/\/domartstyl.com\/wp-content\/uploads\/2019\/11\/PPX_0013-Edit.jpg\" \/>\n\t<meta property=\"og:image:width\" content=\"1000\" \/>\n\t<meta property=\"og:image:height\" content=\"591\" \/>\n\t<meta property=\"og:image:type\" content=\"image\/jpeg\" \/>\n<meta name=\"twitter:card\" content=\"summary_large_image\" \/>\n<meta name=\"twitter:site\" content=\"@DomArtStyl_pl\" \/>\n<meta name=\"twitter:label1\" content=\"Price\" \/>\n\t<meta name=\"twitter:data1\" content=\"&euro;553,75\" \/>\n\t<meta name=\"twitter:label2\" content=\"Availability\" \/>\n\t<meta name=\"twitter:data2\" content=\"In stock\" \/>\n<script type=\"application\/ld+json\" class=\"yoast-schema-graph\">{\"@context\":\"https:\/\/schema.org\",\"@graph\":[{\"@type\":\"WebPage\",\"@id\":\"https:\/\/domartstyl.com\/en\/aveiro-ii-sofa\/\",\"url\":\"https:\/\/domartstyl.com\/en\/aveiro-ii-sofa\/\",\"name\":\"Aveiro II Sofa , Manufacturer of Upholstered Furniture - DomArtStyl\",\"isPartOf\":{\"@id\":\"https:\/\/domartstyl.com\/en\/#website\"},\"primaryImageOfPage\":{\"@id\":\"https:\/\/domartstyl.com\/en\/aveiro-ii-sofa\/#primaryimage\"},\"image\":{\"@id\":\"https:\/\/domartstyl.com\/en\/aveiro-ii-sofa\/#primaryimage\"},\"thumbnailUrl\":\"https:\/\/domartstyl.com\/wp-content\/uploads\/2019\/11\/PPX_0013-Edit.jpg\",\"datePublished\":\"2019-11-19T08:33:36+00:00\",\"dateModified\":\"2025-05-15T09:57:24+00:00\",\"breadcrumb\":{\"@id\":\"https:\/\/domartstyl.com\/en\/aveiro-ii-sofa\/#breadcrumb\"},\"inLanguage\":\"en-US\",\"potentialAction\":[{\"@type\":\"ReadAction\",\"target\":[\"https:\/\/domartstyl.com\/en\/aveiro-ii-sofa\/\"]}]},{\"@type\":\"ImageObject\",\"inLanguage\":\"en-US\",\"@id\":\"https:\/\/domartstyl.com\/en\/aveiro-ii-sofa\/#primaryimage\",\"url\":\"https:\/\/domartstyl.com\/wp-content\/uploads\/2019\/11\/PPX_0013-Edit.jpg\",\"contentUrl\":\"https:\/\/domartstyl.com\/wp-content\/uploads\/2019\/11\/PPX_0013-Edit.jpg\",\"width\":1000,\"height\":591},{\"@type\":\"BreadcrumbList\",\"@id\":\"https:\/\/domartstyl.com\/en\/aveiro-ii-sofa\/#breadcrumb\",\"itemListElement\":[{\"@type\":\"ListItem\",\"position\":1,\"name\":\"Strona g\u0142\u00f3wna\",\"item\":\"https:\/\/domartstyl.com\/en\/\"},{\"@type\":\"ListItem\",\"position\":2,\"name\":\"Modern Upholstered Furniture\",\"item\":\"https:\/\/domartstyl.com\/en\/furniture\/\"},{\"@type\":\"ListItem\",\"position\":3,\"name\":\"Aveiro II Sofa\"}]},{\"@type\":\"WebSite\",\"@id\":\"https:\/\/domartstyl.com\/en\/#website\",\"url\":\"https:\/\/domartstyl.com\/en\/\",\"name\":\"DomArtStyl\",\"description\":\"Tworzymy meble najwy\u017cszej jako\u015bci. Sprzeda\u017c detaliczna \u00b7 Sprzeda\u017c hurtowa\",\"publisher\":{\"@id\":\"https:\/\/domartstyl.com\/en\/#organization\"},\"potentialAction\":[{\"@type\":\"SearchAction\",\"target\":{\"@type\":\"EntryPoint\",\"urlTemplate\":\"https:\/\/domartstyl.com\/en\/?s={search_term_string}\"},\"query-input\":{\"@type\":\"PropertyValueSpecification\",\"valueRequired\":true,\"valueName\":\"search_term_string\"}}],\"inLanguage\":\"en-US\"},{\"@type\":\"Organization\",\"@id\":\"https:\/\/domartstyl.com\/en\/#organization\",\"name\":\"DomArtStyl\",\"url\":\"https:\/\/domartstyl.com\/en\/\",\"logo\":{\"@type\":\"ImageObject\",\"inLanguage\":\"en-US\",\"@id\":\"https:\/\/domartstyl.com\/en\/#\/schema\/logo\/image\/\",\"url\":\"https:\/\/domartstyl.com\/wp-content\/uploads\/2018\/04\/Logo_300_width.png\",\"contentUrl\":\"https:\/\/domartstyl.com\/wp-content\/uploads\/2018\/04\/Logo_300_width.png\",\"width\":300,\"height\":140,\"caption\":\"DomArtStyl\"},\"image\":{\"@id\":\"https:\/\/domartstyl.com\/en\/#\/schema\/logo\/image\/\"},\"sameAs\":[\"https:\/\/www.facebook.com\/DomArtStyl\/\",\"https:\/\/x.com\/DomArtStyl_pl\",\"https:\/\/www.instagram.com\/domartstyl\/?hl=en\",\"https:\/\/pl.pinterest.com\/domartstyl01\/\",\"https:\/\/www.youtube.com\/channel\/UCkISSgvMomI6yFFL3JDbLhw\"]}]}<\/script>\n<meta property=\"product:price:amount\" content=\"553.75\" \/>\n<meta property=\"product:price:currency\" content=\"EUR\" \/>\n<meta property=\"og:availability\" content=\"instock\" \/>\n<meta property=\"product:availability\" content=\"instock\" \/>\n<meta property=\"product:condition\" content=\"new\" \/>\n<!-- \/ Yoast SEO Premium plugin. -->","yoast_head_json":{"title":"Aveiro II Sofa , Manufacturer of Upholstered Furniture - DomArtStyl","robots":{"index":"index","follow":"follow","max-snippet":"max-snippet:-1","max-image-preview":"max-image-preview:large","max-video-preview":"max-video-preview:-1"},"canonical":"https:\/\/domartstyl.com\/en\/aveiro-ii-sofa\/","og_locale":"en_US","og_type":"article","og_title":"Aveiro II Sofa - DomArtStyl","og_description":"If interested, please contact the Customer Service Office biuro@domartstyl.pl +48 882 659 700 +48 600 766 340 &nbsp;  The Aveiro 2-seat sofa is a piece of furniture that is extremely elegant despite its simplicity. Thanks to the upholstery fabric (velor), it is pleasant to the touch and durable, and the colors combined with the velvety material and quilted backrest give the interior elegance and luxury. The tapered front legs contrast with the classic and modern style of the upper part of the furniture in a Scandinavian aesthetic.  THIS MODEL IS ALSO AVAILABLE IN THE 3-SEAT VERSION - 220 cm wide and a THE ARMCHAIR FOR THE SET. This piece of furniture requires legs to be installed individually.","og_url":"https:\/\/domartstyl.com\/en\/aveiro-ii-sofa\/","og_site_name":"DomArtStyl","article_publisher":"https:\/\/www.facebook.com\/DomArtStyl\/","article_modified_time":"2025-05-15T09:57:24+00:00","og_image":[{"width":1000,"height":591,"url":"https:\/\/domartstyl.com\/wp-content\/uploads\/2019\/11\/PPX_0013-Edit.jpg","type":"image\/jpeg"}],"twitter_card":"summary_large_image","twitter_site":"@DomArtStyl_pl","twitter_misc":{"Price":"&euro;553,75","Availability":"In stock"},"schema":{"@context":"https:\/\/schema.org","@graph":[{"@type":"WebPage","@id":"https:\/\/domartstyl.com\/en\/aveiro-ii-sofa\/","url":"https:\/\/domartstyl.com\/en\/aveiro-ii-sofa\/","name":"Aveiro II Sofa , Manufacturer of Upholstered Furniture - DomArtStyl","isPartOf":{"@id":"https:\/\/domartstyl.com\/en\/#website"},"primaryImageOfPage":{"@id":"https:\/\/domartstyl.com\/en\/aveiro-ii-sofa\/#primaryimage"},"image":{"@id":"https:\/\/domartstyl.com\/en\/aveiro-ii-sofa\/#primaryimage"},"thumbnailUrl":"https:\/\/domartstyl.com\/wp-content\/uploads\/2019\/11\/PPX_0013-Edit.jpg","datePublished":"2019-11-19T08:33:36+00:00","dateModified":"2025-05-15T09:57:24+00:00","breadcrumb":{"@id":"https:\/\/domartstyl.com\/en\/aveiro-ii-sofa\/#breadcrumb"},"inLanguage":"en-US","potentialAction":[{"@type":"ReadAction","target":["https:\/\/domartstyl.com\/en\/aveiro-ii-sofa\/"]}]},{"@type":"ImageObject","inLanguage":"en-US","@id":"https:\/\/domartstyl.com\/en\/aveiro-ii-sofa\/#primaryimage","url":"https:\/\/domartstyl.com\/wp-content\/uploads\/2019\/11\/PPX_0013-Edit.jpg","contentUrl":"https:\/\/domartstyl.com\/wp-content\/uploads\/2019\/11\/PPX_0013-Edit.jpg","width":1000,"height":591},{"@type":"BreadcrumbList","@id":"https:\/\/domartstyl.com\/en\/aveiro-ii-sofa\/#breadcrumb","itemListElement":[{"@type":"ListItem","position":1,"name":"Strona g\u0142\u00f3wna","item":"https:\/\/domartstyl.com\/en\/"},{"@type":"ListItem","position":2,"name":"Modern Upholstered Furniture","item":"https:\/\/domartstyl.com\/en\/furniture\/"},{"@type":"ListItem","position":3,"name":"Aveiro II Sofa"}]},{"@type":"WebSite","@id":"https:\/\/domartstyl.com\/en\/#website","url":"https:\/\/domartstyl.com\/en\/","name":"DomArtStyl","description":"Tworzymy meble najwy\u017cszej jako\u015bci. Sprzeda\u017c detaliczna \u00b7 Sprzeda\u017c hurtowa","publisher":{"@id":"https:\/\/domartstyl.com\/en\/#organization"},"potentialAction":[{"@type":"SearchAction","target":{"@type":"EntryPoint","urlTemplate":"https:\/\/domartstyl.com\/en\/?s={search_term_string}"},"query-input":{"@type":"PropertyValueSpecification","valueRequired":true,"valueName":"search_term_string"}}],"inLanguage":"en-US"},{"@type":"Organization","@id":"https:\/\/domartstyl.com\/en\/#organization","name":"DomArtStyl","url":"https:\/\/domartstyl.com\/en\/","logo":{"@type":"ImageObject","inLanguage":"en-US","@id":"https:\/\/domartstyl.com\/en\/#\/schema\/logo\/image\/","url":"https:\/\/domartstyl.com\/wp-content\/uploads\/2018\/04\/Logo_300_width.png","contentUrl":"https:\/\/domartstyl.com\/wp-content\/uploads\/2018\/04\/Logo_300_width.png","width":300,"height":140,"caption":"DomArtStyl"},"image":{"@id":"https:\/\/domartstyl.com\/en\/#\/schema\/logo\/image\/"},"sameAs":["https:\/\/www.facebook.com\/DomArtStyl\/","https:\/\/x.com\/DomArtStyl_pl","https:\/\/www.instagram.com\/domartstyl\/?hl=en","https:\/\/pl.pinterest.com\/domartstyl01\/","https:\/\/www.youtube.com\/channel\/UCkISSgvMomI6yFFL3JDbLhw"]}]},"product_price_amount":"553.75","product_price_currency":"EUR","og_availability":"instock","product_availability":"instock","product_condition":"new"},"_links":{"self":[{"href":"https:\/\/domartstyl.com\/en\/wp-json\/wp\/v2\/product\/58253","targetHints":{"allow":["GET"]}}],"collection":[{"href":"https:\/\/domartstyl.com\/en\/wp-json\/wp\/v2\/product"}],"about":[{"href":"https:\/\/domartstyl.com\/en\/wp-json\/wp\/v2\/types\/product"}],"replies":[{"embeddable":true,"href":"https:\/\/domartstyl.com\/en\/wp-json\/wp\/v2\/comments?post=58253"}],"wp:featuredmedia":[{"embeddable":true,"href":"https:\/\/domartstyl.com\/en\/wp-json\/wp\/v2\/media\/83387"}],"wp:attachment":[{"href":"https:\/\/domartstyl.com\/en\/wp-json\/wp\/v2\/media?parent=58253"}],"wp:term":[{"taxonomy":"product_brand","embeddable":true,"href":"https:\/\/domartstyl.com\/en\/wp-json\/wp\/v2\/product_brand?post=58253"},{"taxonomy":"product_cat","embeddable":true,"href":"https:\/\/domartstyl.com\/en\/wp-json\/wp\/v2\/product_cat?post=58253"},{"taxonomy":"product_tag","embeddable":true,"href":"https:\/\/domartstyl.com\/en\/wp-json\/wp\/v2\/product_tag?post=58253"}],"curies":[{"name":"wp","href":"https:\/\/api.w.org\/{rel}","templated":true}]}}