{"id":58252,"date":"2019-11-19T12:55:30","date_gmt":"2019-11-19T11:55:30","guid":{"rendered":"https:\/\/domartstyl.com\/aveiro-iii-sofa\/"},"modified":"2025-05-15T10:57:24","modified_gmt":"2025-05-15T09:57:24","slug":"aveiro-iii-sofa","status":"publish","type":"product","link":"https:\/\/domartstyl.com\/en\/aveiro-iii-sofa\/","title":{"rendered":"Aveiro III Sofa"},"content":{"rendered":"","protected":false},"excerpt":{"rendered":"<p>The Aveiro 3-seat sofa is a piece of furniture that is extremely elegant despite its simplicity. Thanks to the upholstery fabric used, it is pleasant to touch and the highest quality materials used make it solid and durable. The colors combined with the velvet material and the stitching on the backrest and armrests give the interior elegance and luxury. The tapered front legs contrast nicely with the massive upper part of the furniture.<\/p>\n<p><strong>There is also a 2-seat version (162 cm wide) and a an armchair for the set<\/strong>.<\/p>\n<p><strong>This piece of furniture requires legs to be installed individually.<\/strong><\/p>\n<p>&nbsp;<\/p>\n<p style=\"text-align: center;\"><strong>If interested, please contact the Customer Service Office<\/strong><br \/>\n<strong>biuro@domartstyl.pl<\/strong><br \/>\n<strong>+48 882 659 700<\/strong><br \/>\n<strong>+48 600 766 340<\/strong><\/p>\n","protected":false},"featured_media":83390,"comment_status":"closed","ping_status":"closed","template":"","meta":[],"product_brand":[],"product_cat":[39,9045,8161],"product_tag":[],"class_list":{"0":"post-58252","1":"product","2":"type-product","3":"status-publish","4":"has-post-thumbnail","6":"product_cat-sofas","7":"product_cat-three-seater-sofas","8":"product_cat-lounge-sets","10":"first","11":"instock","12":"taxable","13":"shipping-taxable","14":"purchasable","15":"product-type-simple"},"yoast_head":"<!-- This site is optimized with the Yoast SEO Premium plugin v25.0 (Yoast SEO v25.0) - https:\/\/yoast.com\/wordpress\/plugins\/seo\/ -->\n<title>Aveiro III Sofa , Manufacturer of Upholstered Furniture - DomArtStyl<\/title>\n<meta name=\"robots\" content=\"index, follow, max-snippet:-1, max-image-preview:large, max-video-preview:-1\" \/>\n<link rel=\"canonical\" href=\"https:\/\/domartstyl.com\/en\/aveiro-iii-sofa\/\" \/>\n<meta property=\"og:locale\" content=\"en_US\" \/>\n<meta property=\"og:type\" content=\"article\" \/>\n<meta property=\"og:title\" content=\"Aveiro III Sofa - DomArtStyl\" \/>\n<meta property=\"og:description\" content=\"The Aveiro 3-seat sofa is a piece of furniture that is extremely elegant despite its simplicity. Thanks to the upholstery fabric used, it is pleasant to touch and the highest quality materials used make it solid and durable. The colors combined with the velvet material and the stitching on the backrest and armrests give the interior elegance and luxury. The tapered front legs contrast nicely with the massive upper part of the furniture.  There is also a 2-seat version (162 cm wide) and a an armchair for the set.  This piece of furniture requires legs to be installed individually.  &nbsp; If interested, please contact the Customer Service Office biuro@domartstyl.pl +48 882 659 700 +48 600 766 340\" \/>\n<meta property=\"og:url\" content=\"https:\/\/domartstyl.com\/en\/aveiro-iii-sofa\/\" \/>\n<meta property=\"og:site_name\" content=\"DomArtStyl\" \/>\n<meta property=\"article:publisher\" content=\"https:\/\/www.facebook.com\/DomArtStyl\/\" \/>\n<meta property=\"article:modified_time\" content=\"2025-05-15T09:57:24+00:00\" \/>\n<meta property=\"og:image\" content=\"https:\/\/domartstyl.com\/wp-content\/uploads\/2019\/11\/PPX_0027-Edit.jpg\" \/>\n\t<meta property=\"og:image:width\" content=\"1000\" \/>\n\t<meta property=\"og:image:height\" content=\"1500\" \/>\n\t<meta property=\"og:image:type\" content=\"image\/jpeg\" \/>\n<meta name=\"twitter:card\" content=\"summary_large_image\" \/>\n<meta name=\"twitter:site\" content=\"@DomArtStyl_pl\" \/>\n<meta name=\"twitter:label1\" content=\"Price\" \/>\n\t<meta name=\"twitter:data1\" content=\"&euro;659,25\" \/>\n\t<meta name=\"twitter:label2\" content=\"Availability\" \/>\n\t<meta name=\"twitter:data2\" content=\"In stock\" \/>\n<script type=\"application\/ld+json\" class=\"yoast-schema-graph\">{\"@context\":\"https:\/\/schema.org\",\"@graph\":[{\"@type\":\"WebPage\",\"@id\":\"https:\/\/domartstyl.com\/en\/aveiro-iii-sofa\/\",\"url\":\"https:\/\/domartstyl.com\/en\/aveiro-iii-sofa\/\",\"name\":\"Aveiro III Sofa , Manufacturer of Upholstered Furniture - DomArtStyl\",\"isPartOf\":{\"@id\":\"https:\/\/domartstyl.com\/en\/#website\"},\"primaryImageOfPage\":{\"@id\":\"https:\/\/domartstyl.com\/en\/aveiro-iii-sofa\/#primaryimage\"},\"image\":{\"@id\":\"https:\/\/domartstyl.com\/en\/aveiro-iii-sofa\/#primaryimage\"},\"thumbnailUrl\":\"https:\/\/domartstyl.com\/wp-content\/uploads\/2019\/11\/PPX_0027-Edit.jpg\",\"datePublished\":\"2019-11-19T11:55:30+00:00\",\"dateModified\":\"2025-05-15T09:57:24+00:00\",\"breadcrumb\":{\"@id\":\"https:\/\/domartstyl.com\/en\/aveiro-iii-sofa\/#breadcrumb\"},\"inLanguage\":\"en-US\",\"potentialAction\":[{\"@type\":\"ReadAction\",\"target\":[\"https:\/\/domartstyl.com\/en\/aveiro-iii-sofa\/\"]}]},{\"@type\":\"ImageObject\",\"inLanguage\":\"en-US\",\"@id\":\"https:\/\/domartstyl.com\/en\/aveiro-iii-sofa\/#primaryimage\",\"url\":\"https:\/\/domartstyl.com\/wp-content\/uploads\/2019\/11\/PPX_0027-Edit.jpg\",\"contentUrl\":\"https:\/\/domartstyl.com\/wp-content\/uploads\/2019\/11\/PPX_0027-Edit.jpg\",\"width\":1000,\"height\":1500},{\"@type\":\"BreadcrumbList\",\"@id\":\"https:\/\/domartstyl.com\/en\/aveiro-iii-sofa\/#breadcrumb\",\"itemListElement\":[{\"@type\":\"ListItem\",\"position\":1,\"name\":\"Strona g\u0142\u00f3wna\",\"item\":\"https:\/\/domartstyl.com\/en\/\"},{\"@type\":\"ListItem\",\"position\":2,\"name\":\"Modern Upholstered Furniture\",\"item\":\"https:\/\/domartstyl.com\/en\/furniture\/\"},{\"@type\":\"ListItem\",\"position\":3,\"name\":\"Aveiro III Sofa\"}]},{\"@type\":\"WebSite\",\"@id\":\"https:\/\/domartstyl.com\/en\/#website\",\"url\":\"https:\/\/domartstyl.com\/en\/\",\"name\":\"DomArtStyl\",\"description\":\"Tworzymy meble najwy\u017cszej jako\u015bci. Sprzeda\u017c detaliczna \u00b7 Sprzeda\u017c hurtowa\",\"publisher\":{\"@id\":\"https:\/\/domartstyl.com\/en\/#organization\"},\"potentialAction\":[{\"@type\":\"SearchAction\",\"target\":{\"@type\":\"EntryPoint\",\"urlTemplate\":\"https:\/\/domartstyl.com\/en\/?s={search_term_string}\"},\"query-input\":{\"@type\":\"PropertyValueSpecification\",\"valueRequired\":true,\"valueName\":\"search_term_string\"}}],\"inLanguage\":\"en-US\"},{\"@type\":\"Organization\",\"@id\":\"https:\/\/domartstyl.com\/en\/#organization\",\"name\":\"DomArtStyl\",\"url\":\"https:\/\/domartstyl.com\/en\/\",\"logo\":{\"@type\":\"ImageObject\",\"inLanguage\":\"en-US\",\"@id\":\"https:\/\/domartstyl.com\/en\/#\/schema\/logo\/image\/\",\"url\":\"https:\/\/domartstyl.com\/wp-content\/uploads\/2018\/04\/Logo_300_width.png\",\"contentUrl\":\"https:\/\/domartstyl.com\/wp-content\/uploads\/2018\/04\/Logo_300_width.png\",\"width\":300,\"height\":140,\"caption\":\"DomArtStyl\"},\"image\":{\"@id\":\"https:\/\/domartstyl.com\/en\/#\/schema\/logo\/image\/\"},\"sameAs\":[\"https:\/\/www.facebook.com\/DomArtStyl\/\",\"https:\/\/x.com\/DomArtStyl_pl\",\"https:\/\/www.instagram.com\/domartstyl\/?hl=en\",\"https:\/\/pl.pinterest.com\/domartstyl01\/\",\"https:\/\/www.youtube.com\/channel\/UCkISSgvMomI6yFFL3JDbLhw\"]}]}<\/script>\n<meta property=\"product:price:amount\" content=\"659.25\" \/>\n<meta property=\"product:price:currency\" content=\"EUR\" \/>\n<meta property=\"og:availability\" content=\"instock\" \/>\n<meta property=\"product:availability\" content=\"instock\" \/>\n<meta property=\"product:condition\" content=\"new\" \/>\n<!-- \/ Yoast SEO Premium plugin. -->","yoast_head_json":{"title":"Aveiro III Sofa , Manufacturer of Upholstered Furniture - DomArtStyl","robots":{"index":"index","follow":"follow","max-snippet":"max-snippet:-1","max-image-preview":"max-image-preview:large","max-video-preview":"max-video-preview:-1"},"canonical":"https:\/\/domartstyl.com\/en\/aveiro-iii-sofa\/","og_locale":"en_US","og_type":"article","og_title":"Aveiro III Sofa - DomArtStyl","og_description":"The Aveiro 3-seat sofa is a piece of furniture that is extremely elegant despite its simplicity. Thanks to the upholstery fabric used, it is pleasant to touch and the highest quality materials used make it solid and durable. The colors combined with the velvet material and the stitching on the backrest and armrests give the interior elegance and luxury. The tapered front legs contrast nicely with the massive upper part of the furniture.  There is also a 2-seat version (162 cm wide) and a an armchair for the set.  This piece of furniture requires legs to be installed individually.  &nbsp; If interested, please contact the Customer Service Office biuro@domartstyl.pl +48 882 659 700 +48 600 766 340","og_url":"https:\/\/domartstyl.com\/en\/aveiro-iii-sofa\/","og_site_name":"DomArtStyl","article_publisher":"https:\/\/www.facebook.com\/DomArtStyl\/","article_modified_time":"2025-05-15T09:57:24+00:00","og_image":[{"width":1000,"height":1500,"url":"https:\/\/domartstyl.com\/wp-content\/uploads\/2019\/11\/PPX_0027-Edit.jpg","type":"image\/jpeg"}],"twitter_card":"summary_large_image","twitter_site":"@DomArtStyl_pl","twitter_misc":{"Price":"&euro;659,25","Availability":"In stock"},"schema":{"@context":"https:\/\/schema.org","@graph":[{"@type":"WebPage","@id":"https:\/\/domartstyl.com\/en\/aveiro-iii-sofa\/","url":"https:\/\/domartstyl.com\/en\/aveiro-iii-sofa\/","name":"Aveiro III Sofa , Manufacturer of Upholstered Furniture - DomArtStyl","isPartOf":{"@id":"https:\/\/domartstyl.com\/en\/#website"},"primaryImageOfPage":{"@id":"https:\/\/domartstyl.com\/en\/aveiro-iii-sofa\/#primaryimage"},"image":{"@id":"https:\/\/domartstyl.com\/en\/aveiro-iii-sofa\/#primaryimage"},"thumbnailUrl":"https:\/\/domartstyl.com\/wp-content\/uploads\/2019\/11\/PPX_0027-Edit.jpg","datePublished":"2019-11-19T11:55:30+00:00","dateModified":"2025-05-15T09:57:24+00:00","breadcrumb":{"@id":"https:\/\/domartstyl.com\/en\/aveiro-iii-sofa\/#breadcrumb"},"inLanguage":"en-US","potentialAction":[{"@type":"ReadAction","target":["https:\/\/domartstyl.com\/en\/aveiro-iii-sofa\/"]}]},{"@type":"ImageObject","inLanguage":"en-US","@id":"https:\/\/domartstyl.com\/en\/aveiro-iii-sofa\/#primaryimage","url":"https:\/\/domartstyl.com\/wp-content\/uploads\/2019\/11\/PPX_0027-Edit.jpg","contentUrl":"https:\/\/domartstyl.com\/wp-content\/uploads\/2019\/11\/PPX_0027-Edit.jpg","width":1000,"height":1500},{"@type":"BreadcrumbList","@id":"https:\/\/domartstyl.com\/en\/aveiro-iii-sofa\/#breadcrumb","itemListElement":[{"@type":"ListItem","position":1,"name":"Strona g\u0142\u00f3wna","item":"https:\/\/domartstyl.com\/en\/"},{"@type":"ListItem","position":2,"name":"Modern Upholstered Furniture","item":"https:\/\/domartstyl.com\/en\/furniture\/"},{"@type":"ListItem","position":3,"name":"Aveiro III Sofa"}]},{"@type":"WebSite","@id":"https:\/\/domartstyl.com\/en\/#website","url":"https:\/\/domartstyl.com\/en\/","name":"DomArtStyl","description":"Tworzymy meble najwy\u017cszej jako\u015bci. Sprzeda\u017c detaliczna \u00b7 Sprzeda\u017c hurtowa","publisher":{"@id":"https:\/\/domartstyl.com\/en\/#organization"},"potentialAction":[{"@type":"SearchAction","target":{"@type":"EntryPoint","urlTemplate":"https:\/\/domartstyl.com\/en\/?s={search_term_string}"},"query-input":{"@type":"PropertyValueSpecification","valueRequired":true,"valueName":"search_term_string"}}],"inLanguage":"en-US"},{"@type":"Organization","@id":"https:\/\/domartstyl.com\/en\/#organization","name":"DomArtStyl","url":"https:\/\/domartstyl.com\/en\/","logo":{"@type":"ImageObject","inLanguage":"en-US","@id":"https:\/\/domartstyl.com\/en\/#\/schema\/logo\/image\/","url":"https:\/\/domartstyl.com\/wp-content\/uploads\/2018\/04\/Logo_300_width.png","contentUrl":"https:\/\/domartstyl.com\/wp-content\/uploads\/2018\/04\/Logo_300_width.png","width":300,"height":140,"caption":"DomArtStyl"},"image":{"@id":"https:\/\/domartstyl.com\/en\/#\/schema\/logo\/image\/"},"sameAs":["https:\/\/www.facebook.com\/DomArtStyl\/","https:\/\/x.com\/DomArtStyl_pl","https:\/\/www.instagram.com\/domartstyl\/?hl=en","https:\/\/pl.pinterest.com\/domartstyl01\/","https:\/\/www.youtube.com\/channel\/UCkISSgvMomI6yFFL3JDbLhw"]}]},"product_price_amount":"659.25","product_price_currency":"EUR","og_availability":"instock","product_availability":"instock","product_condition":"new"},"_links":{"self":[{"href":"https:\/\/domartstyl.com\/en\/wp-json\/wp\/v2\/product\/58252","targetHints":{"allow":["GET"]}}],"collection":[{"href":"https:\/\/domartstyl.com\/en\/wp-json\/wp\/v2\/product"}],"about":[{"href":"https:\/\/domartstyl.com\/en\/wp-json\/wp\/v2\/types\/product"}],"replies":[{"embeddable":true,"href":"https:\/\/domartstyl.com\/en\/wp-json\/wp\/v2\/comments?post=58252"}],"wp:featuredmedia":[{"embeddable":true,"href":"https:\/\/domartstyl.com\/en\/wp-json\/wp\/v2\/media\/83390"}],"wp:attachment":[{"href":"https:\/\/domartstyl.com\/en\/wp-json\/wp\/v2\/media?parent=58252"}],"wp:term":[{"taxonomy":"product_brand","embeddable":true,"href":"https:\/\/domartstyl.com\/en\/wp-json\/wp\/v2\/product_brand?post=58252"},{"taxonomy":"product_cat","embeddable":true,"href":"https:\/\/domartstyl.com\/en\/wp-json\/wp\/v2\/product_cat?post=58252"},{"taxonomy":"product_tag","embeddable":true,"href":"https:\/\/domartstyl.com\/en\/wp-json\/wp\/v2\/product_tag?post=58252"}],"curies":[{"name":"wp","href":"https:\/\/api.w.org\/{rel}","templated":true}]}}