{"id":5724,"date":"2018-04-14T10:31:40","date_gmt":"2018-04-14T09:31:40","guid":{"rendered":"http:\/\/domartstyl.com\/round-quilting-pouf-40\/"},"modified":"2025-05-15T10:57:26","modified_gmt":"2025-05-15T09:57:26","slug":"ester-40-pouf","status":"publish","type":"product","link":"https:\/\/domartstyl.com\/en\/ester-40-pouf\/","title":{"rendered":"Ester 40 Pouf"},"content":{"rendered":"","protected":false},"excerpt":{"rendered":"<p><strong>Ester 40 pouf<\/strong> is not only suitable for bars, pubs, restaurants, shops, waiting rooms or public places, but also can be in the living room, as an additional place to sit and for a child&#8217;s room.<\/p>\n<p>&#8211; pouf in standard version has karo quilting with buttons.<\/p>\n<p>The pouf comes in the following dimension:<br \/>\n46 cm \/ 40 cm \/ 40 cm<\/p>\n","protected":false},"featured_media":80934,"comment_status":"closed","ping_status":"closed","template":"","meta":[],"product_brand":[],"product_cat":[38],"product_tag":[],"class_list":{"0":"post-5724","1":"product","2":"type-product","3":"status-publish","4":"has-post-thumbnail","6":"product_cat-poufs","7":"product_shipping_class-pakowane-podwojnie-30-40-en","9":"first","10":"instock","11":"taxable","12":"shipping-taxable","13":"purchasable","14":"product-type-simple"},"yoast_head":"<!-- This site is optimized with the Yoast SEO Premium plugin v25.0 (Yoast SEO v25.0) - https:\/\/yoast.com\/wordpress\/plugins\/seo\/ -->\n<title>Ester 40 Pouf , Manufacturer of Upholstered Furniture - DomArtStyl<\/title>\n<meta name=\"robots\" content=\"index, follow, max-snippet:-1, max-image-preview:large, max-video-preview:-1\" \/>\n<link rel=\"canonical\" href=\"https:\/\/domartstyl.com\/en\/ester-40-pouf\/\" \/>\n<meta property=\"og:locale\" content=\"en_US\" \/>\n<meta property=\"og:type\" content=\"article\" \/>\n<meta property=\"og:title\" content=\"Ester 40 Pouf - DomArtStyl\" \/>\n<meta property=\"og:description\" content=\"Ester 40 pouf is not only suitable for bars, pubs, restaurants, shops, waiting rooms or public places, but also can be in the living room, as an additional place to sit and for a child&#039;s room.  - pouf in standard version has karo quilting with buttons.  The pouf comes in the following dimension: 46 cm \/ 40 cm \/ 40 cm\" \/>\n<meta property=\"og:url\" content=\"https:\/\/domartstyl.com\/en\/ester-40-pouf\/\" \/>\n<meta property=\"og:site_name\" content=\"DomArtStyl\" \/>\n<meta property=\"article:publisher\" content=\"https:\/\/www.facebook.com\/DomArtStyl\/\" \/>\n<meta property=\"article:modified_time\" content=\"2025-05-15T09:57:26+00:00\" \/>\n<meta property=\"og:image\" content=\"https:\/\/domartstyl.com\/wp-content\/uploads\/2018\/04\/Pufa-biala-okragla-nowoczesna-do-przedpokoju-Ester-40.jpg\" \/>\n\t<meta property=\"og:image:width\" content=\"1200\" \/>\n\t<meta property=\"og:image:height\" content=\"1200\" \/>\n\t<meta property=\"og:image:type\" content=\"image\/jpeg\" \/>\n<meta name=\"twitter:card\" content=\"summary_large_image\" \/>\n<meta name=\"twitter:site\" content=\"@DomArtStyl_pl\" \/>\n<meta name=\"twitter:label1\" content=\"Price\" \/>\n\t<meta name=\"twitter:data1\" content=\"&euro;137,25\" \/>\n\t<meta name=\"twitter:label2\" content=\"Availability\" \/>\n\t<meta name=\"twitter:data2\" content=\"In stock\" \/>\n<script type=\"application\/ld+json\" class=\"yoast-schema-graph\">{\"@context\":\"https:\/\/schema.org\",\"@graph\":[{\"@type\":\"WebPage\",\"@id\":\"https:\/\/domartstyl.com\/en\/ester-40-pouf\/\",\"url\":\"https:\/\/domartstyl.com\/en\/ester-40-pouf\/\",\"name\":\"Ester 40 Pouf , Manufacturer of Upholstered Furniture - DomArtStyl\",\"isPartOf\":{\"@id\":\"https:\/\/domartstyl.com\/en\/#website\"},\"primaryImageOfPage\":{\"@id\":\"https:\/\/domartstyl.com\/en\/ester-40-pouf\/#primaryimage\"},\"image\":{\"@id\":\"https:\/\/domartstyl.com\/en\/ester-40-pouf\/#primaryimage\"},\"thumbnailUrl\":\"https:\/\/domartstyl.com\/wp-content\/uploads\/2018\/04\/Pufa-biala-okragla-nowoczesna-do-przedpokoju-Ester-40.jpg\",\"datePublished\":\"2018-04-14T09:31:40+00:00\",\"dateModified\":\"2025-05-15T09:57:26+00:00\",\"breadcrumb\":{\"@id\":\"https:\/\/domartstyl.com\/en\/ester-40-pouf\/#breadcrumb\"},\"inLanguage\":\"en-US\",\"potentialAction\":[{\"@type\":\"ReadAction\",\"target\":[\"https:\/\/domartstyl.com\/en\/ester-40-pouf\/\"]}]},{\"@type\":\"ImageObject\",\"inLanguage\":\"en-US\",\"@id\":\"https:\/\/domartstyl.com\/en\/ester-40-pouf\/#primaryimage\",\"url\":\"https:\/\/domartstyl.com\/wp-content\/uploads\/2018\/04\/Pufa-biala-okragla-nowoczesna-do-przedpokoju-Ester-40.jpg\",\"contentUrl\":\"https:\/\/domartstyl.com\/wp-content\/uploads\/2018\/04\/Pufa-biala-okragla-nowoczesna-do-przedpokoju-Ester-40.jpg\",\"width\":1200,\"height\":1200,\"caption\":\"Pufa bia\u0142a okr\u0105g\u0142a nowoczesna do przedpokoju Ester 40\"},{\"@type\":\"BreadcrumbList\",\"@id\":\"https:\/\/domartstyl.com\/en\/ester-40-pouf\/#breadcrumb\",\"itemListElement\":[{\"@type\":\"ListItem\",\"position\":1,\"name\":\"Strona g\u0142\u00f3wna\",\"item\":\"https:\/\/domartstyl.com\/en\/\"},{\"@type\":\"ListItem\",\"position\":2,\"name\":\"Modern Upholstered Furniture\",\"item\":\"https:\/\/domartstyl.com\/en\/furniture\/\"},{\"@type\":\"ListItem\",\"position\":3,\"name\":\"Ester 40 Pouf\"}]},{\"@type\":\"WebSite\",\"@id\":\"https:\/\/domartstyl.com\/en\/#website\",\"url\":\"https:\/\/domartstyl.com\/en\/\",\"name\":\"DomArtStyl\",\"description\":\"Tworzymy meble najwy\u017cszej jako\u015bci. Sprzeda\u017c detaliczna \u00b7 Sprzeda\u017c hurtowa\",\"publisher\":{\"@id\":\"https:\/\/domartstyl.com\/en\/#organization\"},\"potentialAction\":[{\"@type\":\"SearchAction\",\"target\":{\"@type\":\"EntryPoint\",\"urlTemplate\":\"https:\/\/domartstyl.com\/en\/?s={search_term_string}\"},\"query-input\":{\"@type\":\"PropertyValueSpecification\",\"valueRequired\":true,\"valueName\":\"search_term_string\"}}],\"inLanguage\":\"en-US\"},{\"@type\":\"Organization\",\"@id\":\"https:\/\/domartstyl.com\/en\/#organization\",\"name\":\"DomArtStyl\",\"url\":\"https:\/\/domartstyl.com\/en\/\",\"logo\":{\"@type\":\"ImageObject\",\"inLanguage\":\"en-US\",\"@id\":\"https:\/\/domartstyl.com\/en\/#\/schema\/logo\/image\/\",\"url\":\"https:\/\/domartstyl.com\/wp-content\/uploads\/2018\/04\/Logo_300_width.png\",\"contentUrl\":\"https:\/\/domartstyl.com\/wp-content\/uploads\/2018\/04\/Logo_300_width.png\",\"width\":300,\"height\":140,\"caption\":\"DomArtStyl\"},\"image\":{\"@id\":\"https:\/\/domartstyl.com\/en\/#\/schema\/logo\/image\/\"},\"sameAs\":[\"https:\/\/www.facebook.com\/DomArtStyl\/\",\"https:\/\/x.com\/DomArtStyl_pl\",\"https:\/\/www.instagram.com\/domartstyl\/?hl=en\",\"https:\/\/pl.pinterest.com\/domartstyl01\/\",\"https:\/\/www.youtube.com\/channel\/UCkISSgvMomI6yFFL3JDbLhw\"]}]}<\/script>\n<meta property=\"product:price:amount\" content=\"137.25\" \/>\n<meta property=\"product:price:currency\" content=\"EUR\" \/>\n<meta property=\"og:availability\" content=\"instock\" \/>\n<meta property=\"product:availability\" content=\"instock\" \/>\n<meta property=\"product:condition\" content=\"new\" \/>\n<!-- \/ Yoast SEO Premium plugin. -->","yoast_head_json":{"title":"Ester 40 Pouf , Manufacturer of Upholstered Furniture - DomArtStyl","robots":{"index":"index","follow":"follow","max-snippet":"max-snippet:-1","max-image-preview":"max-image-preview:large","max-video-preview":"max-video-preview:-1"},"canonical":"https:\/\/domartstyl.com\/en\/ester-40-pouf\/","og_locale":"en_US","og_type":"article","og_title":"Ester 40 Pouf - DomArtStyl","og_description":"Ester 40 pouf is not only suitable for bars, pubs, restaurants, shops, waiting rooms or public places, but also can be in the living room, as an additional place to sit and for a child's room.  - pouf in standard version has karo quilting with buttons.  The pouf comes in the following dimension: 46 cm \/ 40 cm \/ 40 cm","og_url":"https:\/\/domartstyl.com\/en\/ester-40-pouf\/","og_site_name":"DomArtStyl","article_publisher":"https:\/\/www.facebook.com\/DomArtStyl\/","article_modified_time":"2025-05-15T09:57:26+00:00","og_image":[{"width":1200,"height":1200,"url":"https:\/\/domartstyl.com\/wp-content\/uploads\/2018\/04\/Pufa-biala-okragla-nowoczesna-do-przedpokoju-Ester-40.jpg","type":"image\/jpeg"}],"twitter_card":"summary_large_image","twitter_site":"@DomArtStyl_pl","twitter_misc":{"Price":"&euro;137,25","Availability":"In stock"},"schema":{"@context":"https:\/\/schema.org","@graph":[{"@type":"WebPage","@id":"https:\/\/domartstyl.com\/en\/ester-40-pouf\/","url":"https:\/\/domartstyl.com\/en\/ester-40-pouf\/","name":"Ester 40 Pouf , Manufacturer of Upholstered Furniture - DomArtStyl","isPartOf":{"@id":"https:\/\/domartstyl.com\/en\/#website"},"primaryImageOfPage":{"@id":"https:\/\/domartstyl.com\/en\/ester-40-pouf\/#primaryimage"},"image":{"@id":"https:\/\/domartstyl.com\/en\/ester-40-pouf\/#primaryimage"},"thumbnailUrl":"https:\/\/domartstyl.com\/wp-content\/uploads\/2018\/04\/Pufa-biala-okragla-nowoczesna-do-przedpokoju-Ester-40.jpg","datePublished":"2018-04-14T09:31:40+00:00","dateModified":"2025-05-15T09:57:26+00:00","breadcrumb":{"@id":"https:\/\/domartstyl.com\/en\/ester-40-pouf\/#breadcrumb"},"inLanguage":"en-US","potentialAction":[{"@type":"ReadAction","target":["https:\/\/domartstyl.com\/en\/ester-40-pouf\/"]}]},{"@type":"ImageObject","inLanguage":"en-US","@id":"https:\/\/domartstyl.com\/en\/ester-40-pouf\/#primaryimage","url":"https:\/\/domartstyl.com\/wp-content\/uploads\/2018\/04\/Pufa-biala-okragla-nowoczesna-do-przedpokoju-Ester-40.jpg","contentUrl":"https:\/\/domartstyl.com\/wp-content\/uploads\/2018\/04\/Pufa-biala-okragla-nowoczesna-do-przedpokoju-Ester-40.jpg","width":1200,"height":1200,"caption":"Pufa bia\u0142a okr\u0105g\u0142a nowoczesna do przedpokoju Ester 40"},{"@type":"BreadcrumbList","@id":"https:\/\/domartstyl.com\/en\/ester-40-pouf\/#breadcrumb","itemListElement":[{"@type":"ListItem","position":1,"name":"Strona g\u0142\u00f3wna","item":"https:\/\/domartstyl.com\/en\/"},{"@type":"ListItem","position":2,"name":"Modern Upholstered Furniture","item":"https:\/\/domartstyl.com\/en\/furniture\/"},{"@type":"ListItem","position":3,"name":"Ester 40 Pouf"}]},{"@type":"WebSite","@id":"https:\/\/domartstyl.com\/en\/#website","url":"https:\/\/domartstyl.com\/en\/","name":"DomArtStyl","description":"Tworzymy meble najwy\u017cszej jako\u015bci. Sprzeda\u017c detaliczna \u00b7 Sprzeda\u017c hurtowa","publisher":{"@id":"https:\/\/domartstyl.com\/en\/#organization"},"potentialAction":[{"@type":"SearchAction","target":{"@type":"EntryPoint","urlTemplate":"https:\/\/domartstyl.com\/en\/?s={search_term_string}"},"query-input":{"@type":"PropertyValueSpecification","valueRequired":true,"valueName":"search_term_string"}}],"inLanguage":"en-US"},{"@type":"Organization","@id":"https:\/\/domartstyl.com\/en\/#organization","name":"DomArtStyl","url":"https:\/\/domartstyl.com\/en\/","logo":{"@type":"ImageObject","inLanguage":"en-US","@id":"https:\/\/domartstyl.com\/en\/#\/schema\/logo\/image\/","url":"https:\/\/domartstyl.com\/wp-content\/uploads\/2018\/04\/Logo_300_width.png","contentUrl":"https:\/\/domartstyl.com\/wp-content\/uploads\/2018\/04\/Logo_300_width.png","width":300,"height":140,"caption":"DomArtStyl"},"image":{"@id":"https:\/\/domartstyl.com\/en\/#\/schema\/logo\/image\/"},"sameAs":["https:\/\/www.facebook.com\/DomArtStyl\/","https:\/\/x.com\/DomArtStyl_pl","https:\/\/www.instagram.com\/domartstyl\/?hl=en","https:\/\/pl.pinterest.com\/domartstyl01\/","https:\/\/www.youtube.com\/channel\/UCkISSgvMomI6yFFL3JDbLhw"]}]},"product_price_amount":"137.25","product_price_currency":"EUR","og_availability":"instock","product_availability":"instock","product_condition":"new"},"_links":{"self":[{"href":"https:\/\/domartstyl.com\/en\/wp-json\/wp\/v2\/product\/5724","targetHints":{"allow":["GET"]}}],"collection":[{"href":"https:\/\/domartstyl.com\/en\/wp-json\/wp\/v2\/product"}],"about":[{"href":"https:\/\/domartstyl.com\/en\/wp-json\/wp\/v2\/types\/product"}],"replies":[{"embeddable":true,"href":"https:\/\/domartstyl.com\/en\/wp-json\/wp\/v2\/comments?post=5724"}],"wp:featuredmedia":[{"embeddable":true,"href":"https:\/\/domartstyl.com\/en\/wp-json\/wp\/v2\/media\/80934"}],"wp:attachment":[{"href":"https:\/\/domartstyl.com\/en\/wp-json\/wp\/v2\/media?parent=5724"}],"wp:term":[{"taxonomy":"product_brand","embeddable":true,"href":"https:\/\/domartstyl.com\/en\/wp-json\/wp\/v2\/product_brand?post=5724"},{"taxonomy":"product_cat","embeddable":true,"href":"https:\/\/domartstyl.com\/en\/wp-json\/wp\/v2\/product_cat?post=5724"},{"taxonomy":"product_tag","embeddable":true,"href":"https:\/\/domartstyl.com\/en\/wp-json\/wp\/v2\/product_tag?post=5724"}],"curies":[{"name":"wp","href":"https:\/\/api.w.org\/{rel}","templated":true}]}}