{"id":56933,"date":"2019-10-22T11:05:14","date_gmt":"2019-10-22T10:05:14","guid":{"rendered":"https:\/\/domartstyl.com\/melania-armchair\/"},"modified":"2025-06-12T11:00:31","modified_gmt":"2025-06-12T10:00:31","slug":"melania-armchair","status":"publish","type":"product","link":"https:\/\/domartstyl.com\/en\/melania-armchair\/","title":{"rendered":"Melania Armchair"},"content":{"rendered":"","protected":false},"excerpt":{"rendered":"<p>In the standard version, the metal base is black.<\/p>\n<p>When additional products are ordered, we reserve the possibility of differences in the colors of the metal bases due to their different batches.<\/p>\n","protected":false},"featured_media":80627,"comment_status":"closed","ping_status":"closed","template":"","meta":[],"product_brand":[],"product_cat":[34,8862,8854,8855,8852,8940,8851,8857,8860,8853],"product_tag":[],"class_list":{"0":"post-56933","1":"product","2":"type-product","3":"status-publish","4":"has-post-thumbnail","6":"product_cat-armchairs","7":"product_cat-armchairs-with-metal-legs","8":"product_cat-bedroom-armchairs","9":"product_cat-cafe-armchairs","10":"product_cat-dining-armchairs","11":"product_cat-glamour-armchairs","12":"product_cat-living-room-armchairs","13":"product_cat-modern-armchairs","14":"product_cat-velvet-armchairs","15":"product_cat-waiting-room-armchairs","16":"product_shipping_class-pakowane-pojedynczo-30-40-en","18":"first","19":"instock","20":"taxable","21":"shipping-taxable","22":"purchasable","23":"product-type-simple"},"yoast_head":"<!-- This site is optimized with the Yoast SEO Premium plugin v25.0 (Yoast SEO v25.0) - https:\/\/yoast.com\/wordpress\/plugins\/seo\/ -->\n<title>Melania Armchair , Manufacturer of Upholstered Furniture - DomArtStyl<\/title>\n<meta name=\"robots\" content=\"index, follow, max-snippet:-1, max-image-preview:large, max-video-preview:-1\" \/>\n<link rel=\"canonical\" href=\"https:\/\/domartstyl.com\/en\/melania-armchair\/\" \/>\n<meta property=\"og:locale\" content=\"en_US\" \/>\n<meta property=\"og:type\" content=\"article\" \/>\n<meta property=\"og:title\" content=\"Melania Armchair - DomArtStyl\" \/>\n<meta property=\"og:description\" content=\"In the standard version, the metal base is black.  When additional products are ordered, we reserve the possibility of differences in the colors of the metal bases due to their different batches.\" \/>\n<meta property=\"og:url\" content=\"https:\/\/domartstyl.com\/en\/melania-armchair\/\" \/>\n<meta property=\"og:site_name\" content=\"DomArtStyl\" \/>\n<meta property=\"article:publisher\" content=\"https:\/\/www.facebook.com\/DomArtStyl\/\" \/>\n<meta property=\"article:modified_time\" content=\"2025-06-12T10:00:31+00:00\" \/>\n<meta property=\"og:image\" content=\"https:\/\/domartstyl.com\/wp-content\/uploads\/2019\/10\/Fotel-fioletowy-welurowy-nowoczesny-do-salonu-na-metalowych-nogach-Melania.jpg\" \/>\n\t<meta property=\"og:image:width\" content=\"1200\" \/>\n\t<meta property=\"og:image:height\" content=\"1200\" \/>\n\t<meta property=\"og:image:type\" content=\"image\/jpeg\" \/>\n<meta name=\"twitter:card\" content=\"summary_large_image\" \/>\n<meta name=\"twitter:site\" content=\"@DomArtStyl_pl\" \/>\n<meta name=\"twitter:label1\" content=\"Price\" \/>\n\t<meta name=\"twitter:data1\" content=\"&euro;332,00\" \/>\n\t<meta name=\"twitter:label2\" content=\"Availability\" \/>\n\t<meta name=\"twitter:data2\" content=\"In stock\" \/>\n<script type=\"application\/ld+json\" class=\"yoast-schema-graph\">{\"@context\":\"https:\/\/schema.org\",\"@graph\":[{\"@type\":\"WebPage\",\"@id\":\"https:\/\/domartstyl.com\/en\/melania-armchair\/\",\"url\":\"https:\/\/domartstyl.com\/en\/melania-armchair\/\",\"name\":\"Melania Armchair , Manufacturer of Upholstered Furniture - DomArtStyl\",\"isPartOf\":{\"@id\":\"https:\/\/domartstyl.com\/en\/#website\"},\"primaryImageOfPage\":{\"@id\":\"https:\/\/domartstyl.com\/en\/melania-armchair\/#primaryimage\"},\"image\":{\"@id\":\"https:\/\/domartstyl.com\/en\/melania-armchair\/#primaryimage\"},\"thumbnailUrl\":\"https:\/\/domartstyl.com\/wp-content\/uploads\/2019\/10\/Fotel-fioletowy-welurowy-nowoczesny-do-salonu-na-metalowych-nogach-Melania.jpg\",\"datePublished\":\"2019-10-22T10:05:14+00:00\",\"dateModified\":\"2025-06-12T10:00:31+00:00\",\"breadcrumb\":{\"@id\":\"https:\/\/domartstyl.com\/en\/melania-armchair\/#breadcrumb\"},\"inLanguage\":\"en-US\",\"potentialAction\":[{\"@type\":\"ReadAction\",\"target\":[\"https:\/\/domartstyl.com\/en\/melania-armchair\/\"]}]},{\"@type\":\"ImageObject\",\"inLanguage\":\"en-US\",\"@id\":\"https:\/\/domartstyl.com\/en\/melania-armchair\/#primaryimage\",\"url\":\"https:\/\/domartstyl.com\/wp-content\/uploads\/2019\/10\/Fotel-fioletowy-welurowy-nowoczesny-do-salonu-na-metalowych-nogach-Melania.jpg\",\"contentUrl\":\"https:\/\/domartstyl.com\/wp-content\/uploads\/2019\/10\/Fotel-fioletowy-welurowy-nowoczesny-do-salonu-na-metalowych-nogach-Melania.jpg\",\"width\":1200,\"height\":1200,\"caption\":\"Fotel fioletowy welurowy nowoczesny do salonu na metalowych nogach Melania\"},{\"@type\":\"BreadcrumbList\",\"@id\":\"https:\/\/domartstyl.com\/en\/melania-armchair\/#breadcrumb\",\"itemListElement\":[{\"@type\":\"ListItem\",\"position\":1,\"name\":\"Strona g\u0142\u00f3wna\",\"item\":\"https:\/\/domartstyl.com\/en\/\"},{\"@type\":\"ListItem\",\"position\":2,\"name\":\"Modern Upholstered Furniture\",\"item\":\"https:\/\/domartstyl.com\/en\/furniture\/\"},{\"@type\":\"ListItem\",\"position\":3,\"name\":\"Melania Armchair\"}]},{\"@type\":\"WebSite\",\"@id\":\"https:\/\/domartstyl.com\/en\/#website\",\"url\":\"https:\/\/domartstyl.com\/en\/\",\"name\":\"DomArtStyl\",\"description\":\"Tworzymy meble najwy\u017cszej jako\u015bci. Sprzeda\u017c detaliczna \u00b7 Sprzeda\u017c hurtowa\",\"publisher\":{\"@id\":\"https:\/\/domartstyl.com\/en\/#organization\"},\"potentialAction\":[{\"@type\":\"SearchAction\",\"target\":{\"@type\":\"EntryPoint\",\"urlTemplate\":\"https:\/\/domartstyl.com\/en\/?s={search_term_string}\"},\"query-input\":{\"@type\":\"PropertyValueSpecification\",\"valueRequired\":true,\"valueName\":\"search_term_string\"}}],\"inLanguage\":\"en-US\"},{\"@type\":\"Organization\",\"@id\":\"https:\/\/domartstyl.com\/en\/#organization\",\"name\":\"DomArtStyl\",\"url\":\"https:\/\/domartstyl.com\/en\/\",\"logo\":{\"@type\":\"ImageObject\",\"inLanguage\":\"en-US\",\"@id\":\"https:\/\/domartstyl.com\/en\/#\/schema\/logo\/image\/\",\"url\":\"https:\/\/domartstyl.com\/wp-content\/uploads\/2018\/04\/Logo_300_width.png\",\"contentUrl\":\"https:\/\/domartstyl.com\/wp-content\/uploads\/2018\/04\/Logo_300_width.png\",\"width\":300,\"height\":140,\"caption\":\"DomArtStyl\"},\"image\":{\"@id\":\"https:\/\/domartstyl.com\/en\/#\/schema\/logo\/image\/\"},\"sameAs\":[\"https:\/\/www.facebook.com\/DomArtStyl\/\",\"https:\/\/x.com\/DomArtStyl_pl\",\"https:\/\/www.instagram.com\/domartstyl\/?hl=en\",\"https:\/\/pl.pinterest.com\/domartstyl01\/\",\"https:\/\/www.youtube.com\/channel\/UCkISSgvMomI6yFFL3JDbLhw\"]}]}<\/script>\n<meta property=\"product:price:amount\" content=\"332.00\" \/>\n<meta property=\"product:price:currency\" content=\"EUR\" \/>\n<meta property=\"og:availability\" content=\"instock\" \/>\n<meta property=\"product:availability\" content=\"instock\" \/>\n<meta property=\"product:condition\" content=\"new\" \/>\n<!-- \/ Yoast SEO Premium plugin. -->","yoast_head_json":{"title":"Melania Armchair , Manufacturer of Upholstered Furniture - DomArtStyl","robots":{"index":"index","follow":"follow","max-snippet":"max-snippet:-1","max-image-preview":"max-image-preview:large","max-video-preview":"max-video-preview:-1"},"canonical":"https:\/\/domartstyl.com\/en\/melania-armchair\/","og_locale":"en_US","og_type":"article","og_title":"Melania Armchair - DomArtStyl","og_description":"In the standard version, the metal base is black.  When additional products are ordered, we reserve the possibility of differences in the colors of the metal bases due to their different batches.","og_url":"https:\/\/domartstyl.com\/en\/melania-armchair\/","og_site_name":"DomArtStyl","article_publisher":"https:\/\/www.facebook.com\/DomArtStyl\/","article_modified_time":"2025-06-12T10:00:31+00:00","og_image":[{"width":1200,"height":1200,"url":"https:\/\/domartstyl.com\/wp-content\/uploads\/2019\/10\/Fotel-fioletowy-welurowy-nowoczesny-do-salonu-na-metalowych-nogach-Melania.jpg","type":"image\/jpeg"}],"twitter_card":"summary_large_image","twitter_site":"@DomArtStyl_pl","twitter_misc":{"Price":"&euro;332,00","Availability":"In stock"},"schema":{"@context":"https:\/\/schema.org","@graph":[{"@type":"WebPage","@id":"https:\/\/domartstyl.com\/en\/melania-armchair\/","url":"https:\/\/domartstyl.com\/en\/melania-armchair\/","name":"Melania Armchair , Manufacturer of Upholstered Furniture - DomArtStyl","isPartOf":{"@id":"https:\/\/domartstyl.com\/en\/#website"},"primaryImageOfPage":{"@id":"https:\/\/domartstyl.com\/en\/melania-armchair\/#primaryimage"},"image":{"@id":"https:\/\/domartstyl.com\/en\/melania-armchair\/#primaryimage"},"thumbnailUrl":"https:\/\/domartstyl.com\/wp-content\/uploads\/2019\/10\/Fotel-fioletowy-welurowy-nowoczesny-do-salonu-na-metalowych-nogach-Melania.jpg","datePublished":"2019-10-22T10:05:14+00:00","dateModified":"2025-06-12T10:00:31+00:00","breadcrumb":{"@id":"https:\/\/domartstyl.com\/en\/melania-armchair\/#breadcrumb"},"inLanguage":"en-US","potentialAction":[{"@type":"ReadAction","target":["https:\/\/domartstyl.com\/en\/melania-armchair\/"]}]},{"@type":"ImageObject","inLanguage":"en-US","@id":"https:\/\/domartstyl.com\/en\/melania-armchair\/#primaryimage","url":"https:\/\/domartstyl.com\/wp-content\/uploads\/2019\/10\/Fotel-fioletowy-welurowy-nowoczesny-do-salonu-na-metalowych-nogach-Melania.jpg","contentUrl":"https:\/\/domartstyl.com\/wp-content\/uploads\/2019\/10\/Fotel-fioletowy-welurowy-nowoczesny-do-salonu-na-metalowych-nogach-Melania.jpg","width":1200,"height":1200,"caption":"Fotel fioletowy welurowy nowoczesny do salonu na metalowych nogach Melania"},{"@type":"BreadcrumbList","@id":"https:\/\/domartstyl.com\/en\/melania-armchair\/#breadcrumb","itemListElement":[{"@type":"ListItem","position":1,"name":"Strona g\u0142\u00f3wna","item":"https:\/\/domartstyl.com\/en\/"},{"@type":"ListItem","position":2,"name":"Modern Upholstered Furniture","item":"https:\/\/domartstyl.com\/en\/furniture\/"},{"@type":"ListItem","position":3,"name":"Melania Armchair"}]},{"@type":"WebSite","@id":"https:\/\/domartstyl.com\/en\/#website","url":"https:\/\/domartstyl.com\/en\/","name":"DomArtStyl","description":"Tworzymy meble najwy\u017cszej jako\u015bci. Sprzeda\u017c detaliczna \u00b7 Sprzeda\u017c hurtowa","publisher":{"@id":"https:\/\/domartstyl.com\/en\/#organization"},"potentialAction":[{"@type":"SearchAction","target":{"@type":"EntryPoint","urlTemplate":"https:\/\/domartstyl.com\/en\/?s={search_term_string}"},"query-input":{"@type":"PropertyValueSpecification","valueRequired":true,"valueName":"search_term_string"}}],"inLanguage":"en-US"},{"@type":"Organization","@id":"https:\/\/domartstyl.com\/en\/#organization","name":"DomArtStyl","url":"https:\/\/domartstyl.com\/en\/","logo":{"@type":"ImageObject","inLanguage":"en-US","@id":"https:\/\/domartstyl.com\/en\/#\/schema\/logo\/image\/","url":"https:\/\/domartstyl.com\/wp-content\/uploads\/2018\/04\/Logo_300_width.png","contentUrl":"https:\/\/domartstyl.com\/wp-content\/uploads\/2018\/04\/Logo_300_width.png","width":300,"height":140,"caption":"DomArtStyl"},"image":{"@id":"https:\/\/domartstyl.com\/en\/#\/schema\/logo\/image\/"},"sameAs":["https:\/\/www.facebook.com\/DomArtStyl\/","https:\/\/x.com\/DomArtStyl_pl","https:\/\/www.instagram.com\/domartstyl\/?hl=en","https:\/\/pl.pinterest.com\/domartstyl01\/","https:\/\/www.youtube.com\/channel\/UCkISSgvMomI6yFFL3JDbLhw"]}]},"product_price_amount":"332.00","product_price_currency":"EUR","og_availability":"instock","product_availability":"instock","product_condition":"new"},"_links":{"self":[{"href":"https:\/\/domartstyl.com\/en\/wp-json\/wp\/v2\/product\/56933","targetHints":{"allow":["GET"]}}],"collection":[{"href":"https:\/\/domartstyl.com\/en\/wp-json\/wp\/v2\/product"}],"about":[{"href":"https:\/\/domartstyl.com\/en\/wp-json\/wp\/v2\/types\/product"}],"replies":[{"embeddable":true,"href":"https:\/\/domartstyl.com\/en\/wp-json\/wp\/v2\/comments?post=56933"}],"wp:featuredmedia":[{"embeddable":true,"href":"https:\/\/domartstyl.com\/en\/wp-json\/wp\/v2\/media\/80627"}],"wp:attachment":[{"href":"https:\/\/domartstyl.com\/en\/wp-json\/wp\/v2\/media?parent=56933"}],"wp:term":[{"taxonomy":"product_brand","embeddable":true,"href":"https:\/\/domartstyl.com\/en\/wp-json\/wp\/v2\/product_brand?post=56933"},{"taxonomy":"product_cat","embeddable":true,"href":"https:\/\/domartstyl.com\/en\/wp-json\/wp\/v2\/product_cat?post=56933"},{"taxonomy":"product_tag","embeddable":true,"href":"https:\/\/domartstyl.com\/en\/wp-json\/wp\/v2\/product_tag?post=56933"}],"curies":[{"name":"wp","href":"https:\/\/api.w.org\/{rel}","templated":true}]}}