{"id":5423,"date":"2018-04-17T08:14:06","date_gmt":"2018-04-17T07:14:06","guid":{"rendered":"http:\/\/domartstyl.com\/lorenzo-chair\/"},"modified":"2025-05-15T10:57:49","modified_gmt":"2025-05-15T09:57:49","slug":"lorenzo-chair","status":"publish","type":"product","link":"https:\/\/domartstyl.com\/en\/lorenzo-chair\/","title":{"rendered":"Lorenzo Chair"},"content":{"rendered":"","protected":false},"excerpt":{"rendered":"<p><strong>Lorenzo chair<\/strong> is a piece of furniture in the Scandinavian style. His seat and backrest are smooth. It has characteristic turned legs. It was made of very good species of fabrics, with attention to every detail. A wide selection of fabrics and colors of wood will make it original and give the interior a charm. Ideally suited to the dining room, cafe or restaurant.<\/p>\n<p>&#8211; The standard version of the chair has turned legs in the Scandinavian style situated on a metal cross.<\/p>\n<p>\u2013 The model presented in the picture has a black cross.<\/p>\n<p><strong>Metal cross available in black color.<\/strong><\/p>\n<p><strong>NEW! The same model on a metal frame!<br \/>\n<\/strong><a href=\"https:\/\/domartstyl.com\/en\/lorenzo-ski-chair\/\">https:\/\/domartstyl.com\/en\/lorenzo-ski-chair\/<\/a><br \/>\n<a href=\"https:\/\/domartstyl.com\/en\/lorenzo-cross-chair\/\">https:\/\/domartstyl.com\/en\/lorenzo-cross-chair\/<\/a><br \/>\n<a href=\"https:\/\/domartstyl.com\/en\/lorenzo-spider-chair\/\">https:\/\/domartstyl.com\/en\/lorenzo-spider-chair\/<\/a><strong><br \/>\n<\/strong><\/p>\n<p>&nbsp;<\/p>\n","protected":false},"featured_media":81683,"comment_status":"closed","ping_status":"closed","template":"","meta":[],"product_brand":[],"product_cat":[36,8793,8794,8795,8796,8797,8798,8799,8800,8803],"product_tag":[],"class_list":{"0":"post-5423","1":"product","2":"type-product","3":"status-publish","4":"has-post-thumbnail","6":"product_cat-chairs","7":"product_cat-dining-chairs","8":"product_cat-living-room-chairs","9":"product_cat-kitchen-chairs","10":"product_cat-chairs-for-the-waiting-room","11":"product_cat-restaurant-chairs","12":"product_cat-modern-chairs","13":"product_cat-scandinavian-chairs","14":"product_cat-loft-chairs","15":"product_cat-velor-chairs","16":"product_shipping_class-pakowane-podwojnie-30-40-en","18":"first","19":"instock","20":"taxable","21":"shipping-taxable","22":"purchasable","23":"product-type-variable"},"yoast_head":"<!-- This site is optimized with the Yoast SEO Premium plugin v25.0 (Yoast SEO v25.0) - https:\/\/yoast.com\/wordpress\/plugins\/seo\/ -->\n<title>Lorenzo Chair , Manufacturer of Upholstered Furniture - DomArtStyl<\/title>\n<meta name=\"robots\" content=\"index, follow, max-snippet:-1, max-image-preview:large, max-video-preview:-1\" \/>\n<link rel=\"canonical\" href=\"https:\/\/domartstyl.com\/en\/lorenzo-chair\/\" \/>\n<meta property=\"og:locale\" content=\"en_US\" \/>\n<meta property=\"og:type\" content=\"article\" \/>\n<meta property=\"og:title\" content=\"Lorenzo Chair - DomArtStyl\" \/>\n<meta property=\"og:description\" content=\"Lorenzo chair is a piece of furniture in the Scandinavian style. His seat and backrest are smooth. It has characteristic turned legs. It was made of very good species of fabrics, with attention to every detail. A wide selection of fabrics and colors of wood will make it original and give the interior a charm. Ideally suited to the dining room, cafe or restaurant.  - The standard version of the chair has turned legs in the Scandinavian style situated on a metal cross.  \u2013 The model presented in the picture has a black cross.  Metal cross available in black color.  NEW! The same model on a metal frame! https:\/\/domartstyl.com\/en\/lorenzo-ski-chair\/ https:\/\/domartstyl.com\/en\/lorenzo-cross-chair\/ https:\/\/domartstyl.com\/en\/lorenzo-spider-chair\/   &nbsp;\" \/>\n<meta property=\"og:url\" content=\"https:\/\/domartstyl.com\/en\/lorenzo-chair\/\" \/>\n<meta property=\"og:site_name\" content=\"DomArtStyl\" \/>\n<meta property=\"article:publisher\" content=\"https:\/\/www.facebook.com\/DomArtStyl\/\" \/>\n<meta property=\"article:modified_time\" content=\"2025-05-15T09:57:49+00:00\" \/>\n<meta property=\"og:image\" content=\"https:\/\/domartstyl.com\/wp-content\/uploads\/2018\/04\/Krzeslo-niebieskie-welurowe-tapicerowane-do-salonu-na-drewnianych-nogach-Lorenzo.jpg\" \/>\n\t<meta property=\"og:image:width\" content=\"1000\" \/>\n\t<meta property=\"og:image:height\" content=\"1000\" \/>\n\t<meta property=\"og:image:type\" content=\"image\/jpeg\" \/>\n<meta name=\"twitter:card\" content=\"summary_large_image\" \/>\n<meta name=\"twitter:site\" content=\"@DomArtStyl_pl\" \/>\n<meta name=\"twitter:label1\" content=\"Availability\" \/>\n\t<meta name=\"twitter:data1\" content=\"In stock\" \/>\n<script type=\"application\/ld+json\" class=\"yoast-schema-graph\">{\"@context\":\"https:\/\/schema.org\",\"@graph\":[{\"@type\":\"WebPage\",\"@id\":\"https:\/\/domartstyl.com\/en\/lorenzo-chair\/\",\"url\":\"https:\/\/domartstyl.com\/en\/lorenzo-chair\/\",\"name\":\"Lorenzo Chair , Manufacturer of Upholstered Furniture - DomArtStyl\",\"isPartOf\":{\"@id\":\"https:\/\/domartstyl.com\/en\/#website\"},\"primaryImageOfPage\":{\"@id\":\"https:\/\/domartstyl.com\/en\/lorenzo-chair\/#primaryimage\"},\"image\":{\"@id\":\"https:\/\/domartstyl.com\/en\/lorenzo-chair\/#primaryimage\"},\"thumbnailUrl\":\"https:\/\/domartstyl.com\/wp-content\/uploads\/2018\/04\/Krzeslo-niebieskie-welurowe-tapicerowane-do-salonu-na-drewnianych-nogach-Lorenzo.jpg\",\"datePublished\":\"2018-04-17T07:14:06+00:00\",\"dateModified\":\"2025-05-15T09:57:49+00:00\",\"breadcrumb\":{\"@id\":\"https:\/\/domartstyl.com\/en\/lorenzo-chair\/#breadcrumb\"},\"inLanguage\":\"en-US\",\"potentialAction\":[{\"@type\":\"ReadAction\",\"target\":[\"https:\/\/domartstyl.com\/en\/lorenzo-chair\/\"]}]},{\"@type\":\"ImageObject\",\"inLanguage\":\"en-US\",\"@id\":\"https:\/\/domartstyl.com\/en\/lorenzo-chair\/#primaryimage\",\"url\":\"https:\/\/domartstyl.com\/wp-content\/uploads\/2018\/04\/Krzeslo-niebieskie-welurowe-tapicerowane-do-salonu-na-drewnianych-nogach-Lorenzo.jpg\",\"contentUrl\":\"https:\/\/domartstyl.com\/wp-content\/uploads\/2018\/04\/Krzeslo-niebieskie-welurowe-tapicerowane-do-salonu-na-drewnianych-nogach-Lorenzo.jpg\",\"width\":1000,\"height\":1000,\"caption\":\"Krzes\u0142o niebieskie welurowe tapicerowane do salonu na drewnianych nogach Lorenzo\"},{\"@type\":\"BreadcrumbList\",\"@id\":\"https:\/\/domartstyl.com\/en\/lorenzo-chair\/#breadcrumb\",\"itemListElement\":[{\"@type\":\"ListItem\",\"position\":1,\"name\":\"Strona g\u0142\u00f3wna\",\"item\":\"https:\/\/domartstyl.com\/en\/\"},{\"@type\":\"ListItem\",\"position\":2,\"name\":\"Modern Upholstered Furniture\",\"item\":\"https:\/\/domartstyl.com\/en\/furniture\/\"},{\"@type\":\"ListItem\",\"position\":3,\"name\":\"Lorenzo Chair\"}]},{\"@type\":\"WebSite\",\"@id\":\"https:\/\/domartstyl.com\/en\/#website\",\"url\":\"https:\/\/domartstyl.com\/en\/\",\"name\":\"DomArtStyl\",\"description\":\"Tworzymy meble najwy\u017cszej jako\u015bci. Sprzeda\u017c detaliczna \u00b7 Sprzeda\u017c hurtowa\",\"publisher\":{\"@id\":\"https:\/\/domartstyl.com\/en\/#organization\"},\"potentialAction\":[{\"@type\":\"SearchAction\",\"target\":{\"@type\":\"EntryPoint\",\"urlTemplate\":\"https:\/\/domartstyl.com\/en\/?s={search_term_string}\"},\"query-input\":{\"@type\":\"PropertyValueSpecification\",\"valueRequired\":true,\"valueName\":\"search_term_string\"}}],\"inLanguage\":\"en-US\"},{\"@type\":\"Organization\",\"@id\":\"https:\/\/domartstyl.com\/en\/#organization\",\"name\":\"DomArtStyl\",\"url\":\"https:\/\/domartstyl.com\/en\/\",\"logo\":{\"@type\":\"ImageObject\",\"inLanguage\":\"en-US\",\"@id\":\"https:\/\/domartstyl.com\/en\/#\/schema\/logo\/image\/\",\"url\":\"https:\/\/domartstyl.com\/wp-content\/uploads\/2018\/04\/Logo_300_width.png\",\"contentUrl\":\"https:\/\/domartstyl.com\/wp-content\/uploads\/2018\/04\/Logo_300_width.png\",\"width\":300,\"height\":140,\"caption\":\"DomArtStyl\"},\"image\":{\"@id\":\"https:\/\/domartstyl.com\/en\/#\/schema\/logo\/image\/\"},\"sameAs\":[\"https:\/\/www.facebook.com\/DomArtStyl\/\",\"https:\/\/x.com\/DomArtStyl_pl\",\"https:\/\/www.instagram.com\/domartstyl\/?hl=en\",\"https:\/\/pl.pinterest.com\/domartstyl01\/\",\"https:\/\/www.youtube.com\/channel\/UCkISSgvMomI6yFFL3JDbLhw\"]}]}<\/script>\n<meta property=\"og:availability\" content=\"instock\" \/>\n<meta property=\"product:availability\" content=\"instock\" \/>\n<meta property=\"product:condition\" content=\"new\" \/>\n<!-- \/ Yoast SEO Premium plugin. -->","yoast_head_json":{"title":"Lorenzo Chair , Manufacturer of Upholstered Furniture - DomArtStyl","robots":{"index":"index","follow":"follow","max-snippet":"max-snippet:-1","max-image-preview":"max-image-preview:large","max-video-preview":"max-video-preview:-1"},"canonical":"https:\/\/domartstyl.com\/en\/lorenzo-chair\/","og_locale":"en_US","og_type":"article","og_title":"Lorenzo Chair - DomArtStyl","og_description":"Lorenzo chair is a piece of furniture in the Scandinavian style. His seat and backrest are smooth. It has characteristic turned legs. It was made of very good species of fabrics, with attention to every detail. A wide selection of fabrics and colors of wood will make it original and give the interior a charm. Ideally suited to the dining room, cafe or restaurant.  - The standard version of the chair has turned legs in the Scandinavian style situated on a metal cross.  \u2013 The model presented in the picture has a black cross.  Metal cross available in black color.  NEW! The same model on a metal frame! https:\/\/domartstyl.com\/en\/lorenzo-ski-chair\/ https:\/\/domartstyl.com\/en\/lorenzo-cross-chair\/ https:\/\/domartstyl.com\/en\/lorenzo-spider-chair\/   &nbsp;","og_url":"https:\/\/domartstyl.com\/en\/lorenzo-chair\/","og_site_name":"DomArtStyl","article_publisher":"https:\/\/www.facebook.com\/DomArtStyl\/","article_modified_time":"2025-05-15T09:57:49+00:00","og_image":[{"width":1000,"height":1000,"url":"https:\/\/domartstyl.com\/wp-content\/uploads\/2018\/04\/Krzeslo-niebieskie-welurowe-tapicerowane-do-salonu-na-drewnianych-nogach-Lorenzo.jpg","type":"image\/jpeg"}],"twitter_card":"summary_large_image","twitter_site":"@DomArtStyl_pl","twitter_misc":{"Availability":"In stock"},"schema":{"@context":"https:\/\/schema.org","@graph":[{"@type":"WebPage","@id":"https:\/\/domartstyl.com\/en\/lorenzo-chair\/","url":"https:\/\/domartstyl.com\/en\/lorenzo-chair\/","name":"Lorenzo Chair , Manufacturer of Upholstered Furniture - DomArtStyl","isPartOf":{"@id":"https:\/\/domartstyl.com\/en\/#website"},"primaryImageOfPage":{"@id":"https:\/\/domartstyl.com\/en\/lorenzo-chair\/#primaryimage"},"image":{"@id":"https:\/\/domartstyl.com\/en\/lorenzo-chair\/#primaryimage"},"thumbnailUrl":"https:\/\/domartstyl.com\/wp-content\/uploads\/2018\/04\/Krzeslo-niebieskie-welurowe-tapicerowane-do-salonu-na-drewnianych-nogach-Lorenzo.jpg","datePublished":"2018-04-17T07:14:06+00:00","dateModified":"2025-05-15T09:57:49+00:00","breadcrumb":{"@id":"https:\/\/domartstyl.com\/en\/lorenzo-chair\/#breadcrumb"},"inLanguage":"en-US","potentialAction":[{"@type":"ReadAction","target":["https:\/\/domartstyl.com\/en\/lorenzo-chair\/"]}]},{"@type":"ImageObject","inLanguage":"en-US","@id":"https:\/\/domartstyl.com\/en\/lorenzo-chair\/#primaryimage","url":"https:\/\/domartstyl.com\/wp-content\/uploads\/2018\/04\/Krzeslo-niebieskie-welurowe-tapicerowane-do-salonu-na-drewnianych-nogach-Lorenzo.jpg","contentUrl":"https:\/\/domartstyl.com\/wp-content\/uploads\/2018\/04\/Krzeslo-niebieskie-welurowe-tapicerowane-do-salonu-na-drewnianych-nogach-Lorenzo.jpg","width":1000,"height":1000,"caption":"Krzes\u0142o niebieskie welurowe tapicerowane do salonu na drewnianych nogach Lorenzo"},{"@type":"BreadcrumbList","@id":"https:\/\/domartstyl.com\/en\/lorenzo-chair\/#breadcrumb","itemListElement":[{"@type":"ListItem","position":1,"name":"Strona g\u0142\u00f3wna","item":"https:\/\/domartstyl.com\/en\/"},{"@type":"ListItem","position":2,"name":"Modern Upholstered Furniture","item":"https:\/\/domartstyl.com\/en\/furniture\/"},{"@type":"ListItem","position":3,"name":"Lorenzo Chair"}]},{"@type":"WebSite","@id":"https:\/\/domartstyl.com\/en\/#website","url":"https:\/\/domartstyl.com\/en\/","name":"DomArtStyl","description":"Tworzymy meble najwy\u017cszej jako\u015bci. Sprzeda\u017c detaliczna \u00b7 Sprzeda\u017c hurtowa","publisher":{"@id":"https:\/\/domartstyl.com\/en\/#organization"},"potentialAction":[{"@type":"SearchAction","target":{"@type":"EntryPoint","urlTemplate":"https:\/\/domartstyl.com\/en\/?s={search_term_string}"},"query-input":{"@type":"PropertyValueSpecification","valueRequired":true,"valueName":"search_term_string"}}],"inLanguage":"en-US"},{"@type":"Organization","@id":"https:\/\/domartstyl.com\/en\/#organization","name":"DomArtStyl","url":"https:\/\/domartstyl.com\/en\/","logo":{"@type":"ImageObject","inLanguage":"en-US","@id":"https:\/\/domartstyl.com\/en\/#\/schema\/logo\/image\/","url":"https:\/\/domartstyl.com\/wp-content\/uploads\/2018\/04\/Logo_300_width.png","contentUrl":"https:\/\/domartstyl.com\/wp-content\/uploads\/2018\/04\/Logo_300_width.png","width":300,"height":140,"caption":"DomArtStyl"},"image":{"@id":"https:\/\/domartstyl.com\/en\/#\/schema\/logo\/image\/"},"sameAs":["https:\/\/www.facebook.com\/DomArtStyl\/","https:\/\/x.com\/DomArtStyl_pl","https:\/\/www.instagram.com\/domartstyl\/?hl=en","https:\/\/pl.pinterest.com\/domartstyl01\/","https:\/\/www.youtube.com\/channel\/UCkISSgvMomI6yFFL3JDbLhw"]}]},"og_availability":"instock","product_availability":"instock","product_condition":"new"},"_links":{"self":[{"href":"https:\/\/domartstyl.com\/en\/wp-json\/wp\/v2\/product\/5423","targetHints":{"allow":["GET"]}}],"collection":[{"href":"https:\/\/domartstyl.com\/en\/wp-json\/wp\/v2\/product"}],"about":[{"href":"https:\/\/domartstyl.com\/en\/wp-json\/wp\/v2\/types\/product"}],"replies":[{"embeddable":true,"href":"https:\/\/domartstyl.com\/en\/wp-json\/wp\/v2\/comments?post=5423"}],"wp:featuredmedia":[{"embeddable":true,"href":"https:\/\/domartstyl.com\/en\/wp-json\/wp\/v2\/media\/81683"}],"wp:attachment":[{"href":"https:\/\/domartstyl.com\/en\/wp-json\/wp\/v2\/media?parent=5423"}],"wp:term":[{"taxonomy":"product_brand","embeddable":true,"href":"https:\/\/domartstyl.com\/en\/wp-json\/wp\/v2\/product_brand?post=5423"},{"taxonomy":"product_cat","embeddable":true,"href":"https:\/\/domartstyl.com\/en\/wp-json\/wp\/v2\/product_cat?post=5423"},{"taxonomy":"product_tag","embeddable":true,"href":"https:\/\/domartstyl.com\/en\/wp-json\/wp\/v2\/product_tag?post=5423"}],"curies":[{"name":"wp","href":"https:\/\/api.w.org\/{rel}","templated":true}]}}