{"id":51905,"date":"2019-05-14T07:43:08","date_gmt":"2019-05-14T06:43:08","guid":{"rendered":"https:\/\/domartstyl.com\/titino-iii-sofa\/"},"modified":"2024-01-31T13:53:51","modified_gmt":"2024-01-31T12:53:51","slug":"titino-iii-sofa","status":"publish","type":"product","link":"https:\/\/domartstyl.com\/en\/titino-iii-sofa\/","title":{"rendered":"Titino III Sofa"},"content":{"rendered":"","protected":false},"excerpt":{"rendered":"<p><strong>Sofa Titino III<\/strong> &#8211; in Scandinavian style, made of high quality materials, making it incredibly soft and comfortable. The furniture is suitable for both public and private places. It looks great on large spaces, such as the living room, hotel reception or restaurant.<\/p>\n<p>&#8211; Standard version of the sofa has one cushion on the whole seat, 1 row of buttons on the backrest and turned legs in the Scandinavian style.<\/p>\n<p>&#8211; The presented model in the picture has an additional row of buttons as an addition.<\/p>\n<p>(9 pieces of the top row and 8 pieces of buttons bottom row).<\/p>\n<p>FURNITURE AVAILABLE FOR ORDER IN WHOLESALE QUANTITIES<br \/>\nPlease ask at the <a href=\"https:\/\/domartstyl.com\/en\/contact\/\">Customer Service Office<\/a><\/p>\n<p><strong>This piece of furniture requires legs to be installed individually.<\/strong><\/p>\n","protected":false},"featured_media":81297,"comment_status":"closed","ping_status":"closed","template":"","meta":[],"product_brand":[],"product_cat":[8249],"product_tag":[8261],"class_list":{"0":"post-51905","1":"product","2":"type-product","3":"status-publish","4":"has-post-thumbnail","6":"product_cat-wholesale-furniture","7":"product_tag-hotel-furniture","8":"product_shipping_class-individual-pricing","10":"first","11":"instock","12":"taxable","13":"shipping-taxable","14":"product-type-soldout"},"yoast_head":"<!-- This site is optimized with the Yoast SEO Premium plugin v25.0 (Yoast SEO v25.0) - https:\/\/yoast.com\/wordpress\/plugins\/seo\/ -->\n<title>Titino III Sofa , Manufacturer of Upholstered Furniture - DomArtStyl<\/title>\n<meta name=\"robots\" content=\"index, follow, max-snippet:-1, max-image-preview:large, max-video-preview:-1\" \/>\n<link rel=\"canonical\" href=\"https:\/\/domartstyl.com\/en\/titino-iii-sofa\/\" \/>\n<meta property=\"og:locale\" content=\"en_US\" \/>\n<meta property=\"og:type\" content=\"article\" \/>\n<meta property=\"og:title\" content=\"Titino III Sofa - DomArtStyl\" \/>\n<meta property=\"og:description\" content=\"Sofa Titino III - in Scandinavian style, made of high quality materials, making it incredibly soft and comfortable. The furniture is suitable for both public and private places. It looks great on large spaces, such as the living room, hotel reception or restaurant.  - Standard version of the sofa has one cushion on the whole seat, 1 row of buttons on the backrest and turned legs in the Scandinavian style.  - The presented model in the picture has an additional row of buttons as an addition.  (9 pieces of the top row and 8 pieces of buttons bottom row).  FURNITURE AVAILABLE FOR ORDER IN WHOLESALE QUANTITIES Please ask at the Customer Service Office  This piece of furniture requires legs to be installed individually.\" \/>\n<meta property=\"og:url\" content=\"https:\/\/domartstyl.com\/en\/titino-iii-sofa\/\" \/>\n<meta property=\"og:site_name\" content=\"DomArtStyl\" \/>\n<meta property=\"article:publisher\" content=\"https:\/\/www.facebook.com\/DomArtStyl\/\" \/>\n<meta property=\"article:modified_time\" content=\"2024-01-31T12:53:51+00:00\" \/>\n<meta property=\"og:image\" content=\"https:\/\/domartstyl.com\/wp-content\/uploads\/2019\/05\/Sofa-niebieska-welurowa-nowoczesna-do-poczekalni-Titino-II.jpg\" \/>\n\t<meta property=\"og:image:width\" content=\"1200\" \/>\n\t<meta property=\"og:image:height\" content=\"1200\" \/>\n\t<meta property=\"og:image:type\" content=\"image\/jpeg\" \/>\n<meta name=\"twitter:card\" content=\"summary_large_image\" \/>\n<meta name=\"twitter:site\" content=\"@DomArtStyl_pl\" \/>\n<meta name=\"twitter:label1\" content=\"Price\" \/>\n\t<meta name=\"twitter:data1\" content=\"\" \/>\n\t<meta name=\"twitter:label2\" content=\"Availability\" \/>\n\t<meta name=\"twitter:data2\" content=\"In stock\" \/>\n<script type=\"application\/ld+json\" class=\"yoast-schema-graph\">{\"@context\":\"https:\/\/schema.org\",\"@graph\":[{\"@type\":\"WebPage\",\"@id\":\"https:\/\/domartstyl.com\/en\/titino-iii-sofa\/\",\"url\":\"https:\/\/domartstyl.com\/en\/titino-iii-sofa\/\",\"name\":\"Titino III Sofa , Manufacturer of Upholstered Furniture - DomArtStyl\",\"isPartOf\":{\"@id\":\"https:\/\/domartstyl.com\/en\/#website\"},\"primaryImageOfPage\":{\"@id\":\"https:\/\/domartstyl.com\/en\/titino-iii-sofa\/#primaryimage\"},\"image\":{\"@id\":\"https:\/\/domartstyl.com\/en\/titino-iii-sofa\/#primaryimage\"},\"thumbnailUrl\":\"https:\/\/domartstyl.com\/wp-content\/uploads\/2019\/05\/Sofa-niebieska-welurowa-nowoczesna-do-poczekalni-Titino-II.jpg\",\"datePublished\":\"2019-05-14T06:43:08+00:00\",\"dateModified\":\"2024-01-31T12:53:51+00:00\",\"breadcrumb\":{\"@id\":\"https:\/\/domartstyl.com\/en\/titino-iii-sofa\/#breadcrumb\"},\"inLanguage\":\"en-US\",\"potentialAction\":[{\"@type\":\"ReadAction\",\"target\":[\"https:\/\/domartstyl.com\/en\/titino-iii-sofa\/\"]}]},{\"@type\":\"ImageObject\",\"inLanguage\":\"en-US\",\"@id\":\"https:\/\/domartstyl.com\/en\/titino-iii-sofa\/#primaryimage\",\"url\":\"https:\/\/domartstyl.com\/wp-content\/uploads\/2019\/05\/Sofa-niebieska-welurowa-nowoczesna-do-poczekalni-Titino-II.jpg\",\"contentUrl\":\"https:\/\/domartstyl.com\/wp-content\/uploads\/2019\/05\/Sofa-niebieska-welurowa-nowoczesna-do-poczekalni-Titino-II.jpg\",\"width\":1200,\"height\":1200,\"caption\":\"Sofa niebieska welurowa nowoczesna do poczekalni Titino II\"},{\"@type\":\"BreadcrumbList\",\"@id\":\"https:\/\/domartstyl.com\/en\/titino-iii-sofa\/#breadcrumb\",\"itemListElement\":[{\"@type\":\"ListItem\",\"position\":1,\"name\":\"Strona g\u0142\u00f3wna\",\"item\":\"https:\/\/domartstyl.com\/en\/\"},{\"@type\":\"ListItem\",\"position\":2,\"name\":\"Modern Upholstered Furniture\",\"item\":\"https:\/\/domartstyl.com\/en\/furniture\/\"},{\"@type\":\"ListItem\",\"position\":3,\"name\":\"Titino III Sofa\"}]},{\"@type\":\"WebSite\",\"@id\":\"https:\/\/domartstyl.com\/en\/#website\",\"url\":\"https:\/\/domartstyl.com\/en\/\",\"name\":\"DomArtStyl\",\"description\":\"Tworzymy meble najwy\u017cszej jako\u015bci. Sprzeda\u017c detaliczna \u00b7 Sprzeda\u017c hurtowa\",\"publisher\":{\"@id\":\"https:\/\/domartstyl.com\/en\/#organization\"},\"potentialAction\":[{\"@type\":\"SearchAction\",\"target\":{\"@type\":\"EntryPoint\",\"urlTemplate\":\"https:\/\/domartstyl.com\/en\/?s={search_term_string}\"},\"query-input\":{\"@type\":\"PropertyValueSpecification\",\"valueRequired\":true,\"valueName\":\"search_term_string\"}}],\"inLanguage\":\"en-US\"},{\"@type\":\"Organization\",\"@id\":\"https:\/\/domartstyl.com\/en\/#organization\",\"name\":\"DomArtStyl\",\"url\":\"https:\/\/domartstyl.com\/en\/\",\"logo\":{\"@type\":\"ImageObject\",\"inLanguage\":\"en-US\",\"@id\":\"https:\/\/domartstyl.com\/en\/#\/schema\/logo\/image\/\",\"url\":\"https:\/\/domartstyl.com\/wp-content\/uploads\/2018\/04\/Logo_300_width.png\",\"contentUrl\":\"https:\/\/domartstyl.com\/wp-content\/uploads\/2018\/04\/Logo_300_width.png\",\"width\":300,\"height\":140,\"caption\":\"DomArtStyl\"},\"image\":{\"@id\":\"https:\/\/domartstyl.com\/en\/#\/schema\/logo\/image\/\"},\"sameAs\":[\"https:\/\/www.facebook.com\/DomArtStyl\/\",\"https:\/\/x.com\/DomArtStyl_pl\",\"https:\/\/www.instagram.com\/domartstyl\/?hl=en\",\"https:\/\/pl.pinterest.com\/domartstyl01\/\",\"https:\/\/www.youtube.com\/channel\/UCkISSgvMomI6yFFL3JDbLhw\"]}]}<\/script>\n<meta property=\"product:price:amount\" content=\"0.00\" \/>\n<meta property=\"product:price:currency\" content=\"EUR\" \/>\n<meta property=\"og:availability\" content=\"instock\" \/>\n<meta property=\"product:availability\" content=\"instock\" \/>\n<meta property=\"product:condition\" content=\"new\" \/>\n<!-- \/ Yoast SEO Premium plugin. -->","yoast_head_json":{"title":"Titino III Sofa , Manufacturer of Upholstered Furniture - DomArtStyl","robots":{"index":"index","follow":"follow","max-snippet":"max-snippet:-1","max-image-preview":"max-image-preview:large","max-video-preview":"max-video-preview:-1"},"canonical":"https:\/\/domartstyl.com\/en\/titino-iii-sofa\/","og_locale":"en_US","og_type":"article","og_title":"Titino III Sofa - DomArtStyl","og_description":"Sofa Titino III - in Scandinavian style, made of high quality materials, making it incredibly soft and comfortable. The furniture is suitable for both public and private places. It looks great on large spaces, such as the living room, hotel reception or restaurant.  - Standard version of the sofa has one cushion on the whole seat, 1 row of buttons on the backrest and turned legs in the Scandinavian style.  - The presented model in the picture has an additional row of buttons as an addition.  (9 pieces of the top row and 8 pieces of buttons bottom row).  FURNITURE AVAILABLE FOR ORDER IN WHOLESALE QUANTITIES Please ask at the Customer Service Office  This piece of furniture requires legs to be installed individually.","og_url":"https:\/\/domartstyl.com\/en\/titino-iii-sofa\/","og_site_name":"DomArtStyl","article_publisher":"https:\/\/www.facebook.com\/DomArtStyl\/","article_modified_time":"2024-01-31T12:53:51+00:00","og_image":[{"width":1200,"height":1200,"url":"https:\/\/domartstyl.com\/wp-content\/uploads\/2019\/05\/Sofa-niebieska-welurowa-nowoczesna-do-poczekalni-Titino-II.jpg","type":"image\/jpeg"}],"twitter_card":"summary_large_image","twitter_site":"@DomArtStyl_pl","twitter_misc":{"Price":"","Availability":"In stock"},"schema":{"@context":"https:\/\/schema.org","@graph":[{"@type":"WebPage","@id":"https:\/\/domartstyl.com\/en\/titino-iii-sofa\/","url":"https:\/\/domartstyl.com\/en\/titino-iii-sofa\/","name":"Titino III Sofa , Manufacturer of Upholstered Furniture - DomArtStyl","isPartOf":{"@id":"https:\/\/domartstyl.com\/en\/#website"},"primaryImageOfPage":{"@id":"https:\/\/domartstyl.com\/en\/titino-iii-sofa\/#primaryimage"},"image":{"@id":"https:\/\/domartstyl.com\/en\/titino-iii-sofa\/#primaryimage"},"thumbnailUrl":"https:\/\/domartstyl.com\/wp-content\/uploads\/2019\/05\/Sofa-niebieska-welurowa-nowoczesna-do-poczekalni-Titino-II.jpg","datePublished":"2019-05-14T06:43:08+00:00","dateModified":"2024-01-31T12:53:51+00:00","breadcrumb":{"@id":"https:\/\/domartstyl.com\/en\/titino-iii-sofa\/#breadcrumb"},"inLanguage":"en-US","potentialAction":[{"@type":"ReadAction","target":["https:\/\/domartstyl.com\/en\/titino-iii-sofa\/"]}]},{"@type":"ImageObject","inLanguage":"en-US","@id":"https:\/\/domartstyl.com\/en\/titino-iii-sofa\/#primaryimage","url":"https:\/\/domartstyl.com\/wp-content\/uploads\/2019\/05\/Sofa-niebieska-welurowa-nowoczesna-do-poczekalni-Titino-II.jpg","contentUrl":"https:\/\/domartstyl.com\/wp-content\/uploads\/2019\/05\/Sofa-niebieska-welurowa-nowoczesna-do-poczekalni-Titino-II.jpg","width":1200,"height":1200,"caption":"Sofa niebieska welurowa nowoczesna do poczekalni Titino II"},{"@type":"BreadcrumbList","@id":"https:\/\/domartstyl.com\/en\/titino-iii-sofa\/#breadcrumb","itemListElement":[{"@type":"ListItem","position":1,"name":"Strona g\u0142\u00f3wna","item":"https:\/\/domartstyl.com\/en\/"},{"@type":"ListItem","position":2,"name":"Modern Upholstered Furniture","item":"https:\/\/domartstyl.com\/en\/furniture\/"},{"@type":"ListItem","position":3,"name":"Titino III Sofa"}]},{"@type":"WebSite","@id":"https:\/\/domartstyl.com\/en\/#website","url":"https:\/\/domartstyl.com\/en\/","name":"DomArtStyl","description":"Tworzymy meble najwy\u017cszej jako\u015bci. Sprzeda\u017c detaliczna \u00b7 Sprzeda\u017c hurtowa","publisher":{"@id":"https:\/\/domartstyl.com\/en\/#organization"},"potentialAction":[{"@type":"SearchAction","target":{"@type":"EntryPoint","urlTemplate":"https:\/\/domartstyl.com\/en\/?s={search_term_string}"},"query-input":{"@type":"PropertyValueSpecification","valueRequired":true,"valueName":"search_term_string"}}],"inLanguage":"en-US"},{"@type":"Organization","@id":"https:\/\/domartstyl.com\/en\/#organization","name":"DomArtStyl","url":"https:\/\/domartstyl.com\/en\/","logo":{"@type":"ImageObject","inLanguage":"en-US","@id":"https:\/\/domartstyl.com\/en\/#\/schema\/logo\/image\/","url":"https:\/\/domartstyl.com\/wp-content\/uploads\/2018\/04\/Logo_300_width.png","contentUrl":"https:\/\/domartstyl.com\/wp-content\/uploads\/2018\/04\/Logo_300_width.png","width":300,"height":140,"caption":"DomArtStyl"},"image":{"@id":"https:\/\/domartstyl.com\/en\/#\/schema\/logo\/image\/"},"sameAs":["https:\/\/www.facebook.com\/DomArtStyl\/","https:\/\/x.com\/DomArtStyl_pl","https:\/\/www.instagram.com\/domartstyl\/?hl=en","https:\/\/pl.pinterest.com\/domartstyl01\/","https:\/\/www.youtube.com\/channel\/UCkISSgvMomI6yFFL3JDbLhw"]}]},"product_price_amount":"0.00","product_price_currency":"EUR","og_availability":"instock","product_availability":"instock","product_condition":"new"},"_links":{"self":[{"href":"https:\/\/domartstyl.com\/en\/wp-json\/wp\/v2\/product\/51905","targetHints":{"allow":["GET"]}}],"collection":[{"href":"https:\/\/domartstyl.com\/en\/wp-json\/wp\/v2\/product"}],"about":[{"href":"https:\/\/domartstyl.com\/en\/wp-json\/wp\/v2\/types\/product"}],"replies":[{"embeddable":true,"href":"https:\/\/domartstyl.com\/en\/wp-json\/wp\/v2\/comments?post=51905"}],"wp:featuredmedia":[{"embeddable":true,"href":"https:\/\/domartstyl.com\/en\/wp-json\/wp\/v2\/media\/81297"}],"wp:attachment":[{"href":"https:\/\/domartstyl.com\/en\/wp-json\/wp\/v2\/media?parent=51905"}],"wp:term":[{"taxonomy":"product_brand","embeddable":true,"href":"https:\/\/domartstyl.com\/en\/wp-json\/wp\/v2\/product_brand?post=51905"},{"taxonomy":"product_cat","embeddable":true,"href":"https:\/\/domartstyl.com\/en\/wp-json\/wp\/v2\/product_cat?post=51905"},{"taxonomy":"product_tag","embeddable":true,"href":"https:\/\/domartstyl.com\/en\/wp-json\/wp\/v2\/product_tag?post=51905"}],"curies":[{"name":"wp","href":"https:\/\/api.w.org\/{rel}","templated":true}]}}