{"id":48283,"date":"2019-03-13T09:09:48","date_gmt":"2019-03-13T08:09:48","guid":{"rendered":"https:\/\/domartstyl.com\/atlanta-chair\/"},"modified":"2025-05-15T10:57:48","modified_gmt":"2025-05-15T09:57:48","slug":"atlanta-chair","status":"publish","type":"product","link":"https:\/\/domartstyl.com\/en\/atlanta-chair\/","title":{"rendered":"Atlanta Chair"},"content":{"rendered":"","protected":false},"excerpt":{"rendered":"<p><strong>Atlanta chair<\/strong> &#8211; maintained in the Scandinavian style. The backrest is rounded, thanks to which the person sitting on it is wrapped in delicate bacon. This model will fit perfectly into modern style interiors. His sophisticated form will delight even the most demanding. The highest quality materials were used for the production of this model.<\/p>\n<p>\u2013 The standard version of the chair has turned legs in the Scandinavian style.<\/p>\n<p><strong>&#8211; The model presented in the picture has black metal base.<\/p>\n<p>NEW! The same model on a metal frame!<br \/>\n<\/strong><a href=\"https:\/\/domartstyl.com\/en\/atlanta-ski-chair\/\">https:\/\/domartstyl.com\/en\/atlanta-ski-chair\/<\/a><br \/>\n<a href=\"https:\/\/domartstyl.com\/en\/atlanta-cross-chair\/\">https:\/\/domartstyl.com\/en\/atlanta-cross-chair\/<\/a><\/p>\n<p>-For public utility places, we recommend using a thicker version of the legs and the leg fastening in this model.<strong><br \/>\n<\/strong><\/p>\n","protected":false},"featured_media":79412,"comment_status":"closed","ping_status":"closed","template":"","meta":[],"product_brand":[],"product_cat":[36,8793,8794,8795,8796,8797,8798,8799,8800,8802,8803],"product_tag":[],"class_list":{"0":"post-48283","1":"product","2":"type-product","3":"status-publish","4":"has-post-thumbnail","6":"product_cat-chairs","7":"product_cat-dining-chairs","8":"product_cat-living-room-chairs","9":"product_cat-kitchen-chairs","10":"product_cat-chairs-for-the-waiting-room","11":"product_cat-restaurant-chairs","12":"product_cat-modern-chairs","13":"product_cat-scandinavian-chairs","14":"product_cat-loft-chairs","15":"product_cat-bucket-chairs","16":"product_cat-velor-chairs","17":"product_shipping_class-pakowane-podwojnie-30-40-en","19":"first","20":"instock","21":"taxable","22":"shipping-taxable","23":"purchasable","24":"product-type-variable"},"yoast_head":"<!-- This site is optimized with the Yoast SEO Premium plugin v25.0 (Yoast SEO v25.0) - https:\/\/yoast.com\/wordpress\/plugins\/seo\/ -->\n<title>Atlanta Chair , Manufacturer of Upholstered Furniture - DomArtStyl<\/title>\n<meta name=\"robots\" content=\"index, follow, max-snippet:-1, max-image-preview:large, max-video-preview:-1\" \/>\n<link rel=\"canonical\" href=\"https:\/\/domartstyl.com\/en\/atlanta-chair\/\" \/>\n<meta property=\"og:locale\" content=\"en_US\" \/>\n<meta property=\"og:type\" content=\"article\" \/>\n<meta property=\"og:title\" content=\"Atlanta Chair - DomArtStyl\" \/>\n<meta property=\"og:description\" content=\"Atlanta chair - maintained in the Scandinavian style. The backrest is rounded, thanks to which the person sitting on it is wrapped in delicate bacon. This model will fit perfectly into modern style interiors. His sophisticated form will delight even the most demanding. The highest quality materials were used for the production of this model.  \u2013 The standard version of the chair has turned legs in the Scandinavian style.  - The model presented in the picture has black metal base.  NEW! The same model on a metal frame! https:\/\/domartstyl.com\/en\/atlanta-ski-chair\/ https:\/\/domartstyl.com\/en\/atlanta-cross-chair\/  -For public utility places, we recommend using a thicker version of the legs and the leg fastening in this model.\" \/>\n<meta property=\"og:url\" content=\"https:\/\/domartstyl.com\/en\/atlanta-chair\/\" \/>\n<meta property=\"og:site_name\" content=\"DomArtStyl\" \/>\n<meta property=\"article:publisher\" content=\"https:\/\/www.facebook.com\/DomArtStyl\/\" \/>\n<meta property=\"article:modified_time\" content=\"2025-05-15T09:57:48+00:00\" \/>\n<meta property=\"og:image\" content=\"https:\/\/domartstyl.com\/wp-content\/uploads\/2019\/03\/Grafitowe-krzeslo-do-jadalni-na-czarnych-nogach-Atlanta.jpg\" \/>\n\t<meta property=\"og:image:width\" content=\"1200\" \/>\n\t<meta property=\"og:image:height\" content=\"1200\" \/>\n\t<meta property=\"og:image:type\" content=\"image\/jpeg\" \/>\n<meta name=\"twitter:card\" content=\"summary_large_image\" \/>\n<meta name=\"twitter:site\" content=\"@DomArtStyl_pl\" \/>\n<meta name=\"twitter:label1\" content=\"Availability\" \/>\n\t<meta name=\"twitter:data1\" content=\"In stock\" \/>\n<script type=\"application\/ld+json\" class=\"yoast-schema-graph\">{\"@context\":\"https:\/\/schema.org\",\"@graph\":[{\"@type\":\"WebPage\",\"@id\":\"https:\/\/domartstyl.com\/en\/atlanta-chair\/\",\"url\":\"https:\/\/domartstyl.com\/en\/atlanta-chair\/\",\"name\":\"Atlanta Chair , Manufacturer of Upholstered Furniture - DomArtStyl\",\"isPartOf\":{\"@id\":\"https:\/\/domartstyl.com\/en\/#website\"},\"primaryImageOfPage\":{\"@id\":\"https:\/\/domartstyl.com\/en\/atlanta-chair\/#primaryimage\"},\"image\":{\"@id\":\"https:\/\/domartstyl.com\/en\/atlanta-chair\/#primaryimage\"},\"thumbnailUrl\":\"https:\/\/domartstyl.com\/wp-content\/uploads\/2019\/03\/Grafitowe-krzeslo-do-jadalni-na-czarnych-nogach-Atlanta.jpg\",\"datePublished\":\"2019-03-13T08:09:48+00:00\",\"dateModified\":\"2025-05-15T09:57:48+00:00\",\"breadcrumb\":{\"@id\":\"https:\/\/domartstyl.com\/en\/atlanta-chair\/#breadcrumb\"},\"inLanguage\":\"en-US\",\"potentialAction\":[{\"@type\":\"ReadAction\",\"target\":[\"https:\/\/domartstyl.com\/en\/atlanta-chair\/\"]}]},{\"@type\":\"ImageObject\",\"inLanguage\":\"en-US\",\"@id\":\"https:\/\/domartstyl.com\/en\/atlanta-chair\/#primaryimage\",\"url\":\"https:\/\/domartstyl.com\/wp-content\/uploads\/2019\/03\/Grafitowe-krzeslo-do-jadalni-na-czarnych-nogach-Atlanta.jpg\",\"contentUrl\":\"https:\/\/domartstyl.com\/wp-content\/uploads\/2019\/03\/Grafitowe-krzeslo-do-jadalni-na-czarnych-nogach-Atlanta.jpg\",\"width\":1200,\"height\":1200,\"caption\":\"Grafitowe krzes\u0142o to jadalni na czarnych nogach Atlanta\"},{\"@type\":\"BreadcrumbList\",\"@id\":\"https:\/\/domartstyl.com\/en\/atlanta-chair\/#breadcrumb\",\"itemListElement\":[{\"@type\":\"ListItem\",\"position\":1,\"name\":\"Strona g\u0142\u00f3wna\",\"item\":\"https:\/\/domartstyl.com\/en\/\"},{\"@type\":\"ListItem\",\"position\":2,\"name\":\"Modern Upholstered Furniture\",\"item\":\"https:\/\/domartstyl.com\/en\/furniture\/\"},{\"@type\":\"ListItem\",\"position\":3,\"name\":\"Atlanta Chair\"}]},{\"@type\":\"WebSite\",\"@id\":\"https:\/\/domartstyl.com\/en\/#website\",\"url\":\"https:\/\/domartstyl.com\/en\/\",\"name\":\"DomArtStyl\",\"description\":\"Tworzymy meble najwy\u017cszej jako\u015bci. Sprzeda\u017c detaliczna \u00b7 Sprzeda\u017c hurtowa\",\"publisher\":{\"@id\":\"https:\/\/domartstyl.com\/en\/#organization\"},\"potentialAction\":[{\"@type\":\"SearchAction\",\"target\":{\"@type\":\"EntryPoint\",\"urlTemplate\":\"https:\/\/domartstyl.com\/en\/?s={search_term_string}\"},\"query-input\":{\"@type\":\"PropertyValueSpecification\",\"valueRequired\":true,\"valueName\":\"search_term_string\"}}],\"inLanguage\":\"en-US\"},{\"@type\":\"Organization\",\"@id\":\"https:\/\/domartstyl.com\/en\/#organization\",\"name\":\"DomArtStyl\",\"url\":\"https:\/\/domartstyl.com\/en\/\",\"logo\":{\"@type\":\"ImageObject\",\"inLanguage\":\"en-US\",\"@id\":\"https:\/\/domartstyl.com\/en\/#\/schema\/logo\/image\/\",\"url\":\"https:\/\/domartstyl.com\/wp-content\/uploads\/2018\/04\/Logo_300_width.png\",\"contentUrl\":\"https:\/\/domartstyl.com\/wp-content\/uploads\/2018\/04\/Logo_300_width.png\",\"width\":300,\"height\":140,\"caption\":\"DomArtStyl\"},\"image\":{\"@id\":\"https:\/\/domartstyl.com\/en\/#\/schema\/logo\/image\/\"},\"sameAs\":[\"https:\/\/www.facebook.com\/DomArtStyl\/\",\"https:\/\/x.com\/DomArtStyl_pl\",\"https:\/\/www.instagram.com\/domartstyl\/?hl=en\",\"https:\/\/pl.pinterest.com\/domartstyl01\/\",\"https:\/\/www.youtube.com\/channel\/UCkISSgvMomI6yFFL3JDbLhw\"]}]}<\/script>\n<meta property=\"og:availability\" content=\"instock\" \/>\n<meta property=\"product:availability\" content=\"instock\" \/>\n<meta property=\"product:condition\" content=\"new\" \/>\n<!-- \/ Yoast SEO Premium plugin. -->","yoast_head_json":{"title":"Atlanta Chair , Manufacturer of Upholstered Furniture - DomArtStyl","robots":{"index":"index","follow":"follow","max-snippet":"max-snippet:-1","max-image-preview":"max-image-preview:large","max-video-preview":"max-video-preview:-1"},"canonical":"https:\/\/domartstyl.com\/en\/atlanta-chair\/","og_locale":"en_US","og_type":"article","og_title":"Atlanta Chair - DomArtStyl","og_description":"Atlanta chair - maintained in the Scandinavian style. The backrest is rounded, thanks to which the person sitting on it is wrapped in delicate bacon. This model will fit perfectly into modern style interiors. His sophisticated form will delight even the most demanding. The highest quality materials were used for the production of this model.  \u2013 The standard version of the chair has turned legs in the Scandinavian style.  - The model presented in the picture has black metal base.  NEW! The same model on a metal frame! https:\/\/domartstyl.com\/en\/atlanta-ski-chair\/ https:\/\/domartstyl.com\/en\/atlanta-cross-chair\/  -For public utility places, we recommend using a thicker version of the legs and the leg fastening in this model.","og_url":"https:\/\/domartstyl.com\/en\/atlanta-chair\/","og_site_name":"DomArtStyl","article_publisher":"https:\/\/www.facebook.com\/DomArtStyl\/","article_modified_time":"2025-05-15T09:57:48+00:00","og_image":[{"width":1200,"height":1200,"url":"https:\/\/domartstyl.com\/wp-content\/uploads\/2019\/03\/Grafitowe-krzeslo-do-jadalni-na-czarnych-nogach-Atlanta.jpg","type":"image\/jpeg"}],"twitter_card":"summary_large_image","twitter_site":"@DomArtStyl_pl","twitter_misc":{"Availability":"In stock"},"schema":{"@context":"https:\/\/schema.org","@graph":[{"@type":"WebPage","@id":"https:\/\/domartstyl.com\/en\/atlanta-chair\/","url":"https:\/\/domartstyl.com\/en\/atlanta-chair\/","name":"Atlanta Chair , Manufacturer of Upholstered Furniture - DomArtStyl","isPartOf":{"@id":"https:\/\/domartstyl.com\/en\/#website"},"primaryImageOfPage":{"@id":"https:\/\/domartstyl.com\/en\/atlanta-chair\/#primaryimage"},"image":{"@id":"https:\/\/domartstyl.com\/en\/atlanta-chair\/#primaryimage"},"thumbnailUrl":"https:\/\/domartstyl.com\/wp-content\/uploads\/2019\/03\/Grafitowe-krzeslo-do-jadalni-na-czarnych-nogach-Atlanta.jpg","datePublished":"2019-03-13T08:09:48+00:00","dateModified":"2025-05-15T09:57:48+00:00","breadcrumb":{"@id":"https:\/\/domartstyl.com\/en\/atlanta-chair\/#breadcrumb"},"inLanguage":"en-US","potentialAction":[{"@type":"ReadAction","target":["https:\/\/domartstyl.com\/en\/atlanta-chair\/"]}]},{"@type":"ImageObject","inLanguage":"en-US","@id":"https:\/\/domartstyl.com\/en\/atlanta-chair\/#primaryimage","url":"https:\/\/domartstyl.com\/wp-content\/uploads\/2019\/03\/Grafitowe-krzeslo-do-jadalni-na-czarnych-nogach-Atlanta.jpg","contentUrl":"https:\/\/domartstyl.com\/wp-content\/uploads\/2019\/03\/Grafitowe-krzeslo-do-jadalni-na-czarnych-nogach-Atlanta.jpg","width":1200,"height":1200,"caption":"Grafitowe krzes\u0142o to jadalni na czarnych nogach Atlanta"},{"@type":"BreadcrumbList","@id":"https:\/\/domartstyl.com\/en\/atlanta-chair\/#breadcrumb","itemListElement":[{"@type":"ListItem","position":1,"name":"Strona g\u0142\u00f3wna","item":"https:\/\/domartstyl.com\/en\/"},{"@type":"ListItem","position":2,"name":"Modern Upholstered Furniture","item":"https:\/\/domartstyl.com\/en\/furniture\/"},{"@type":"ListItem","position":3,"name":"Atlanta Chair"}]},{"@type":"WebSite","@id":"https:\/\/domartstyl.com\/en\/#website","url":"https:\/\/domartstyl.com\/en\/","name":"DomArtStyl","description":"Tworzymy meble najwy\u017cszej jako\u015bci. Sprzeda\u017c detaliczna \u00b7 Sprzeda\u017c hurtowa","publisher":{"@id":"https:\/\/domartstyl.com\/en\/#organization"},"potentialAction":[{"@type":"SearchAction","target":{"@type":"EntryPoint","urlTemplate":"https:\/\/domartstyl.com\/en\/?s={search_term_string}"},"query-input":{"@type":"PropertyValueSpecification","valueRequired":true,"valueName":"search_term_string"}}],"inLanguage":"en-US"},{"@type":"Organization","@id":"https:\/\/domartstyl.com\/en\/#organization","name":"DomArtStyl","url":"https:\/\/domartstyl.com\/en\/","logo":{"@type":"ImageObject","inLanguage":"en-US","@id":"https:\/\/domartstyl.com\/en\/#\/schema\/logo\/image\/","url":"https:\/\/domartstyl.com\/wp-content\/uploads\/2018\/04\/Logo_300_width.png","contentUrl":"https:\/\/domartstyl.com\/wp-content\/uploads\/2018\/04\/Logo_300_width.png","width":300,"height":140,"caption":"DomArtStyl"},"image":{"@id":"https:\/\/domartstyl.com\/en\/#\/schema\/logo\/image\/"},"sameAs":["https:\/\/www.facebook.com\/DomArtStyl\/","https:\/\/x.com\/DomArtStyl_pl","https:\/\/www.instagram.com\/domartstyl\/?hl=en","https:\/\/pl.pinterest.com\/domartstyl01\/","https:\/\/www.youtube.com\/channel\/UCkISSgvMomI6yFFL3JDbLhw"]}]},"og_availability":"instock","product_availability":"instock","product_condition":"new"},"_links":{"self":[{"href":"https:\/\/domartstyl.com\/en\/wp-json\/wp\/v2\/product\/48283","targetHints":{"allow":["GET"]}}],"collection":[{"href":"https:\/\/domartstyl.com\/en\/wp-json\/wp\/v2\/product"}],"about":[{"href":"https:\/\/domartstyl.com\/en\/wp-json\/wp\/v2\/types\/product"}],"replies":[{"embeddable":true,"href":"https:\/\/domartstyl.com\/en\/wp-json\/wp\/v2\/comments?post=48283"}],"wp:featuredmedia":[{"embeddable":true,"href":"https:\/\/domartstyl.com\/en\/wp-json\/wp\/v2\/media\/79412"}],"wp:attachment":[{"href":"https:\/\/domartstyl.com\/en\/wp-json\/wp\/v2\/media?parent=48283"}],"wp:term":[{"taxonomy":"product_brand","embeddable":true,"href":"https:\/\/domartstyl.com\/en\/wp-json\/wp\/v2\/product_brand?post=48283"},{"taxonomy":"product_cat","embeddable":true,"href":"https:\/\/domartstyl.com\/en\/wp-json\/wp\/v2\/product_cat?post=48283"},{"taxonomy":"product_tag","embeddable":true,"href":"https:\/\/domartstyl.com\/en\/wp-json\/wp\/v2\/product_tag?post=48283"}],"curies":[{"name":"wp","href":"https:\/\/api.w.org\/{rel}","templated":true}]}}