{"id":48282,"date":"2019-03-13T09:09:50","date_gmt":"2019-03-13T08:09:50","guid":{"rendered":"https:\/\/domartstyl.com\/jennifer-chair\/"},"modified":"2022-05-02T23:56:10","modified_gmt":"2022-05-02T22:56:10","slug":"jennifer-chair","status":"publish","type":"product","link":"https:\/\/domartstyl.com\/en\/jennifer-chair\/","title":{"rendered":"Jennifer Chair"},"content":{"rendered":"","protected":false},"excerpt":{"rendered":"<p><strong>Jennifer chair<\/strong> &#8211; impresses with its appearance. The backrest of the chair is perfectly contoured, thanks to which it adapts very well to the shape of the back. It provides comfort of sitting for many hours. The best quality materials were used for the production of this model. It is an ideal proposition for dining rooms, cafes, and restaurants. A wide range of wood colors, and a wide selection of fabrics will allow us to personalize the chair to your interior.<\/p>\n<p>\u2013 The standard version of the chair has turned legs in the Scandinavian style.<\/p>\n<p><strong>\u2013\u00a0The model presented in the picture has black metal base.<\/p>\n<p>NEW! The same model on a metal frame!<br \/>\n<\/strong><a href=\"https:\/\/domartstyl.com\/en\/jennifer-ski-chair\/\">https:\/\/domartstyl.com\/en\/jennifer-ski-chair\/<\/a><br \/>\n<a href=\"https:\/\/domartstyl.com\/en\/jennifer-cross-chair\/\">https:\/\/domartstyl.com\/en\/jennifer-cross-chair\/<\/a><br \/>\n<a href=\"https:\/\/domartstyl.com\/en\/jennifer-spider-chair\/\">https:\/\/domartstyl.com\/en\/jennifer-spider-chair\/<\/a><\/p>\n<p>-For public utility places, we recommend using a thicker version of the legs and the leg fastening in this model.<strong><br \/>\n<\/strong><\/p>\n","protected":false},"featured_media":79678,"comment_status":"closed","ping_status":"closed","template":"","meta":[],"product_brand":[],"product_cat":[8249],"product_tag":[],"class_list":{"0":"post-48282","1":"product","2":"type-product","3":"status-publish","4":"has-post-thumbnail","6":"product_cat-wholesale-furniture","7":"product_shipping_class-pakowane-podwojnie-30-40-en","9":"first","10":"instock","11":"taxable","12":"shipping-taxable","13":"product-type-soldout"},"yoast_head":"<!-- This site is optimized with the Yoast SEO Premium plugin v25.0 (Yoast SEO v25.0) - https:\/\/yoast.com\/wordpress\/plugins\/seo\/ -->\n<title>Jennifer Chair , Manufacturer of Upholstered Furniture - DomArtStyl<\/title>\n<meta name=\"robots\" content=\"index, follow, max-snippet:-1, max-image-preview:large, max-video-preview:-1\" \/>\n<link rel=\"canonical\" href=\"https:\/\/domartstyl.com\/en\/jennifer-chair\/\" \/>\n<meta property=\"og:locale\" content=\"en_US\" \/>\n<meta property=\"og:type\" content=\"article\" \/>\n<meta property=\"og:title\" content=\"Jennifer Chair - DomArtStyl\" \/>\n<meta property=\"og:description\" content=\"Jennifer chair - impresses with its appearance. The backrest of the chair is perfectly contoured, thanks to which it adapts very well to the shape of the back. It provides comfort of sitting for many hours. The best quality materials were used for the production of this model. It is an ideal proposition for dining rooms, cafes, and restaurants. A wide range of wood colors, and a wide selection of fabrics will allow us to personalize the chair to your interior.  \u2013 The standard version of the chair has turned legs in the Scandinavian style.  \u2013\u00a0The model presented in the picture has black metal base.  NEW! The same model on a metal frame! https:\/\/domartstyl.com\/en\/jennifer-ski-chair\/ https:\/\/domartstyl.com\/en\/jennifer-cross-chair\/ https:\/\/domartstyl.com\/en\/jennifer-spider-chair\/  -For public utility places, we recommend using a thicker version of the legs and the leg fastening in this model.\" \/>\n<meta property=\"og:url\" content=\"https:\/\/domartstyl.com\/en\/jennifer-chair\/\" \/>\n<meta property=\"og:site_name\" content=\"DomArtStyl\" \/>\n<meta property=\"article:publisher\" content=\"https:\/\/www.facebook.com\/DomArtStyl\/\" \/>\n<meta property=\"article:modified_time\" content=\"2022-05-02T22:56:10+00:00\" \/>\n<meta property=\"og:image\" content=\"https:\/\/domartstyl.com\/wp-content\/uploads\/2019\/03\/Niebieskie-krzeslo-tapicerowane-do-jadalni-na-drewnianych-nogach-Jennifer.jpg\" \/>\n\t<meta property=\"og:image:width\" content=\"1200\" \/>\n\t<meta property=\"og:image:height\" content=\"1200\" \/>\n\t<meta property=\"og:image:type\" content=\"image\/jpeg\" \/>\n<meta name=\"twitter:card\" content=\"summary_large_image\" \/>\n<meta name=\"twitter:site\" content=\"@DomArtStyl_pl\" \/>\n<meta name=\"twitter:label1\" content=\"Price\" \/>\n\t<meta name=\"twitter:data1\" content=\"\" \/>\n\t<meta name=\"twitter:label2\" content=\"Availability\" \/>\n\t<meta name=\"twitter:data2\" content=\"In stock\" \/>\n<script type=\"application\/ld+json\" class=\"yoast-schema-graph\">{\"@context\":\"https:\/\/schema.org\",\"@graph\":[{\"@type\":\"WebPage\",\"@id\":\"https:\/\/domartstyl.com\/en\/jennifer-chair\/\",\"url\":\"https:\/\/domartstyl.com\/en\/jennifer-chair\/\",\"name\":\"Jennifer Chair , Manufacturer of Upholstered Furniture - DomArtStyl\",\"isPartOf\":{\"@id\":\"https:\/\/domartstyl.com\/en\/#website\"},\"primaryImageOfPage\":{\"@id\":\"https:\/\/domartstyl.com\/en\/jennifer-chair\/#primaryimage\"},\"image\":{\"@id\":\"https:\/\/domartstyl.com\/en\/jennifer-chair\/#primaryimage\"},\"thumbnailUrl\":\"https:\/\/domartstyl.com\/wp-content\/uploads\/2019\/03\/Niebieskie-krzeslo-tapicerowane-do-jadalni-na-drewnianych-nogach-Jennifer.jpg\",\"datePublished\":\"2019-03-13T08:09:50+00:00\",\"dateModified\":\"2022-05-02T22:56:10+00:00\",\"breadcrumb\":{\"@id\":\"https:\/\/domartstyl.com\/en\/jennifer-chair\/#breadcrumb\"},\"inLanguage\":\"en-US\",\"potentialAction\":[{\"@type\":\"ReadAction\",\"target\":[\"https:\/\/domartstyl.com\/en\/jennifer-chair\/\"]}]},{\"@type\":\"ImageObject\",\"inLanguage\":\"en-US\",\"@id\":\"https:\/\/domartstyl.com\/en\/jennifer-chair\/#primaryimage\",\"url\":\"https:\/\/domartstyl.com\/wp-content\/uploads\/2019\/03\/Niebieskie-krzeslo-tapicerowane-do-jadalni-na-drewnianych-nogach-Jennifer.jpg\",\"contentUrl\":\"https:\/\/domartstyl.com\/wp-content\/uploads\/2019\/03\/Niebieskie-krzeslo-tapicerowane-do-jadalni-na-drewnianych-nogach-Jennifer.jpg\",\"width\":1200,\"height\":1200,\"caption\":\"Niebieskie krzes\u0142o tapicerowane do jadalni na drewnianych nogach Jennifer\"},{\"@type\":\"BreadcrumbList\",\"@id\":\"https:\/\/domartstyl.com\/en\/jennifer-chair\/#breadcrumb\",\"itemListElement\":[{\"@type\":\"ListItem\",\"position\":1,\"name\":\"Strona g\u0142\u00f3wna\",\"item\":\"https:\/\/domartstyl.com\/en\/\"},{\"@type\":\"ListItem\",\"position\":2,\"name\":\"Modern Upholstered Furniture\",\"item\":\"https:\/\/domartstyl.com\/en\/furniture\/\"},{\"@type\":\"ListItem\",\"position\":3,\"name\":\"Jennifer Chair\"}]},{\"@type\":\"WebSite\",\"@id\":\"https:\/\/domartstyl.com\/en\/#website\",\"url\":\"https:\/\/domartstyl.com\/en\/\",\"name\":\"DomArtStyl\",\"description\":\"Tworzymy meble najwy\u017cszej jako\u015bci. Sprzeda\u017c detaliczna \u00b7 Sprzeda\u017c hurtowa\",\"publisher\":{\"@id\":\"https:\/\/domartstyl.com\/en\/#organization\"},\"potentialAction\":[{\"@type\":\"SearchAction\",\"target\":{\"@type\":\"EntryPoint\",\"urlTemplate\":\"https:\/\/domartstyl.com\/en\/?s={search_term_string}\"},\"query-input\":{\"@type\":\"PropertyValueSpecification\",\"valueRequired\":true,\"valueName\":\"search_term_string\"}}],\"inLanguage\":\"en-US\"},{\"@type\":\"Organization\",\"@id\":\"https:\/\/domartstyl.com\/en\/#organization\",\"name\":\"DomArtStyl\",\"url\":\"https:\/\/domartstyl.com\/en\/\",\"logo\":{\"@type\":\"ImageObject\",\"inLanguage\":\"en-US\",\"@id\":\"https:\/\/domartstyl.com\/en\/#\/schema\/logo\/image\/\",\"url\":\"https:\/\/domartstyl.com\/wp-content\/uploads\/2018\/04\/Logo_300_width.png\",\"contentUrl\":\"https:\/\/domartstyl.com\/wp-content\/uploads\/2018\/04\/Logo_300_width.png\",\"width\":300,\"height\":140,\"caption\":\"DomArtStyl\"},\"image\":{\"@id\":\"https:\/\/domartstyl.com\/en\/#\/schema\/logo\/image\/\"},\"sameAs\":[\"https:\/\/www.facebook.com\/DomArtStyl\/\",\"https:\/\/x.com\/DomArtStyl_pl\",\"https:\/\/www.instagram.com\/domartstyl\/?hl=en\",\"https:\/\/pl.pinterest.com\/domartstyl01\/\",\"https:\/\/www.youtube.com\/channel\/UCkISSgvMomI6yFFL3JDbLhw\"]}]}<\/script>\n<meta property=\"product:price:amount\" content=\"0.00\" \/>\n<meta property=\"product:price:currency\" content=\"EUR\" \/>\n<meta property=\"og:availability\" content=\"instock\" \/>\n<meta property=\"product:availability\" content=\"instock\" \/>\n<meta property=\"product:condition\" content=\"new\" \/>\n<!-- \/ Yoast SEO Premium plugin. -->","yoast_head_json":{"title":"Jennifer Chair , Manufacturer of Upholstered Furniture - DomArtStyl","robots":{"index":"index","follow":"follow","max-snippet":"max-snippet:-1","max-image-preview":"max-image-preview:large","max-video-preview":"max-video-preview:-1"},"canonical":"https:\/\/domartstyl.com\/en\/jennifer-chair\/","og_locale":"en_US","og_type":"article","og_title":"Jennifer Chair - DomArtStyl","og_description":"Jennifer chair - impresses with its appearance. The backrest of the chair is perfectly contoured, thanks to which it adapts very well to the shape of the back. It provides comfort of sitting for many hours. The best quality materials were used for the production of this model. It is an ideal proposition for dining rooms, cafes, and restaurants. A wide range of wood colors, and a wide selection of fabrics will allow us to personalize the chair to your interior.  \u2013 The standard version of the chair has turned legs in the Scandinavian style.  \u2013\u00a0The model presented in the picture has black metal base.  NEW! The same model on a metal frame! https:\/\/domartstyl.com\/en\/jennifer-ski-chair\/ https:\/\/domartstyl.com\/en\/jennifer-cross-chair\/ https:\/\/domartstyl.com\/en\/jennifer-spider-chair\/  -For public utility places, we recommend using a thicker version of the legs and the leg fastening in this model.","og_url":"https:\/\/domartstyl.com\/en\/jennifer-chair\/","og_site_name":"DomArtStyl","article_publisher":"https:\/\/www.facebook.com\/DomArtStyl\/","article_modified_time":"2022-05-02T22:56:10+00:00","og_image":[{"width":1200,"height":1200,"url":"https:\/\/domartstyl.com\/wp-content\/uploads\/2019\/03\/Niebieskie-krzeslo-tapicerowane-do-jadalni-na-drewnianych-nogach-Jennifer.jpg","type":"image\/jpeg"}],"twitter_card":"summary_large_image","twitter_site":"@DomArtStyl_pl","twitter_misc":{"Price":"","Availability":"In stock"},"schema":{"@context":"https:\/\/schema.org","@graph":[{"@type":"WebPage","@id":"https:\/\/domartstyl.com\/en\/jennifer-chair\/","url":"https:\/\/domartstyl.com\/en\/jennifer-chair\/","name":"Jennifer Chair , Manufacturer of Upholstered Furniture - DomArtStyl","isPartOf":{"@id":"https:\/\/domartstyl.com\/en\/#website"},"primaryImageOfPage":{"@id":"https:\/\/domartstyl.com\/en\/jennifer-chair\/#primaryimage"},"image":{"@id":"https:\/\/domartstyl.com\/en\/jennifer-chair\/#primaryimage"},"thumbnailUrl":"https:\/\/domartstyl.com\/wp-content\/uploads\/2019\/03\/Niebieskie-krzeslo-tapicerowane-do-jadalni-na-drewnianych-nogach-Jennifer.jpg","datePublished":"2019-03-13T08:09:50+00:00","dateModified":"2022-05-02T22:56:10+00:00","breadcrumb":{"@id":"https:\/\/domartstyl.com\/en\/jennifer-chair\/#breadcrumb"},"inLanguage":"en-US","potentialAction":[{"@type":"ReadAction","target":["https:\/\/domartstyl.com\/en\/jennifer-chair\/"]}]},{"@type":"ImageObject","inLanguage":"en-US","@id":"https:\/\/domartstyl.com\/en\/jennifer-chair\/#primaryimage","url":"https:\/\/domartstyl.com\/wp-content\/uploads\/2019\/03\/Niebieskie-krzeslo-tapicerowane-do-jadalni-na-drewnianych-nogach-Jennifer.jpg","contentUrl":"https:\/\/domartstyl.com\/wp-content\/uploads\/2019\/03\/Niebieskie-krzeslo-tapicerowane-do-jadalni-na-drewnianych-nogach-Jennifer.jpg","width":1200,"height":1200,"caption":"Niebieskie krzes\u0142o tapicerowane do jadalni na drewnianych nogach Jennifer"},{"@type":"BreadcrumbList","@id":"https:\/\/domartstyl.com\/en\/jennifer-chair\/#breadcrumb","itemListElement":[{"@type":"ListItem","position":1,"name":"Strona g\u0142\u00f3wna","item":"https:\/\/domartstyl.com\/en\/"},{"@type":"ListItem","position":2,"name":"Modern Upholstered Furniture","item":"https:\/\/domartstyl.com\/en\/furniture\/"},{"@type":"ListItem","position":3,"name":"Jennifer Chair"}]},{"@type":"WebSite","@id":"https:\/\/domartstyl.com\/en\/#website","url":"https:\/\/domartstyl.com\/en\/","name":"DomArtStyl","description":"Tworzymy meble najwy\u017cszej jako\u015bci. Sprzeda\u017c detaliczna \u00b7 Sprzeda\u017c hurtowa","publisher":{"@id":"https:\/\/domartstyl.com\/en\/#organization"},"potentialAction":[{"@type":"SearchAction","target":{"@type":"EntryPoint","urlTemplate":"https:\/\/domartstyl.com\/en\/?s={search_term_string}"},"query-input":{"@type":"PropertyValueSpecification","valueRequired":true,"valueName":"search_term_string"}}],"inLanguage":"en-US"},{"@type":"Organization","@id":"https:\/\/domartstyl.com\/en\/#organization","name":"DomArtStyl","url":"https:\/\/domartstyl.com\/en\/","logo":{"@type":"ImageObject","inLanguage":"en-US","@id":"https:\/\/domartstyl.com\/en\/#\/schema\/logo\/image\/","url":"https:\/\/domartstyl.com\/wp-content\/uploads\/2018\/04\/Logo_300_width.png","contentUrl":"https:\/\/domartstyl.com\/wp-content\/uploads\/2018\/04\/Logo_300_width.png","width":300,"height":140,"caption":"DomArtStyl"},"image":{"@id":"https:\/\/domartstyl.com\/en\/#\/schema\/logo\/image\/"},"sameAs":["https:\/\/www.facebook.com\/DomArtStyl\/","https:\/\/x.com\/DomArtStyl_pl","https:\/\/www.instagram.com\/domartstyl\/?hl=en","https:\/\/pl.pinterest.com\/domartstyl01\/","https:\/\/www.youtube.com\/channel\/UCkISSgvMomI6yFFL3JDbLhw"]}]},"product_price_amount":"0.00","product_price_currency":"EUR","og_availability":"instock","product_availability":"instock","product_condition":"new"},"_links":{"self":[{"href":"https:\/\/domartstyl.com\/en\/wp-json\/wp\/v2\/product\/48282","targetHints":{"allow":["GET"]}}],"collection":[{"href":"https:\/\/domartstyl.com\/en\/wp-json\/wp\/v2\/product"}],"about":[{"href":"https:\/\/domartstyl.com\/en\/wp-json\/wp\/v2\/types\/product"}],"replies":[{"embeddable":true,"href":"https:\/\/domartstyl.com\/en\/wp-json\/wp\/v2\/comments?post=48282"}],"wp:featuredmedia":[{"embeddable":true,"href":"https:\/\/domartstyl.com\/en\/wp-json\/wp\/v2\/media\/79678"}],"wp:attachment":[{"href":"https:\/\/domartstyl.com\/en\/wp-json\/wp\/v2\/media?parent=48282"}],"wp:term":[{"taxonomy":"product_brand","embeddable":true,"href":"https:\/\/domartstyl.com\/en\/wp-json\/wp\/v2\/product_brand?post=48282"},{"taxonomy":"product_cat","embeddable":true,"href":"https:\/\/domartstyl.com\/en\/wp-json\/wp\/v2\/product_cat?post=48282"},{"taxonomy":"product_tag","embeddable":true,"href":"https:\/\/domartstyl.com\/en\/wp-json\/wp\/v2\/product_tag?post=48282"}],"curies":[{"name":"wp","href":"https:\/\/api.w.org\/{rel}","templated":true}]}}