{"id":48275,"date":"2019-03-13T09:17:51","date_gmt":"2019-03-13T08:17:51","guid":{"rendered":"https:\/\/domartstyl.com\/rollback-gladki-chair\/"},"modified":"2025-05-15T10:57:48","modified_gmt":"2025-05-15T09:57:48","slug":"rollback-smooth-chair","status":"publish","type":"product","link":"https:\/\/domartstyl.com\/en\/rollback-smooth-chair\/","title":{"rendered":"Rollback Smooth Chair"},"content":{"rendered":"","protected":false},"excerpt":{"rendered":"<p><strong>Smooth Rollback Chair<\/strong> &#8211; a piece of furniture in a classic style. It is very neat, comfortable and comfortable. It looks good in any interior. Suitable for desks, dining rooms and restaurants. Thanks to the wide range of fabrics available on our website, everyone will certainly choose something suitable for themselves.<\/p>\n<p>The standard version of the chair has a smooth backrest, a roller at the back of the backrest and an oblique seat.<\/p>\n","protected":false},"featured_media":80118,"comment_status":"closed","ping_status":"closed","template":"","meta":[],"product_brand":[],"product_cat":[36,8796,8793,8795,8794,8798,8797,8799,8803,8804],"product_tag":[],"class_list":{"0":"post-48275","1":"product","2":"type-product","3":"status-publish","4":"has-post-thumbnail","6":"product_cat-chairs","7":"product_cat-chairs-for-the-waiting-room","8":"product_cat-dining-chairs","9":"product_cat-kitchen-chairs","10":"product_cat-living-room-chairs","11":"product_cat-modern-chairs","12":"product_cat-restaurant-chairs","13":"product_cat-scandinavian-chairs","14":"product_cat-velor-chairs","15":"product_cat-wooden-chairs","16":"product_shipping_class-pakowane-podwojnie-30-40-en","18":"first","19":"instock","20":"taxable","21":"shipping-taxable","22":"product-type-soldout"},"yoast_head":"<!-- This site is optimized with the Yoast SEO Premium plugin v25.0 (Yoast SEO v25.0) - https:\/\/yoast.com\/wordpress\/plugins\/seo\/ -->\n<title>Rollback Smooth Chair , Manufacturer of Upholstered Furniture - DomArtStyl<\/title>\n<meta name=\"robots\" content=\"index, follow, max-snippet:-1, max-image-preview:large, max-video-preview:-1\" \/>\n<link rel=\"canonical\" href=\"https:\/\/domartstyl.com\/en\/rollback-smooth-chair\/\" \/>\n<meta property=\"og:locale\" content=\"en_US\" \/>\n<meta property=\"og:type\" content=\"article\" \/>\n<meta property=\"og:title\" content=\"Rollback Smooth Chair - DomArtStyl\" \/>\n<meta property=\"og:description\" content=\"Smooth Rollback Chair - a piece of furniture in a classic style. It is very neat, comfortable and comfortable. It looks good in any interior. Suitable for desks, dining rooms and restaurants. Thanks to the wide range of fabrics available on our website, everyone will certainly choose something suitable for themselves.  The standard version of the chair has a smooth backrest, a roller at the back of the backrest and an oblique seat.\" \/>\n<meta property=\"og:url\" content=\"https:\/\/domartstyl.com\/en\/rollback-smooth-chair\/\" \/>\n<meta property=\"og:site_name\" content=\"DomArtStyl\" \/>\n<meta property=\"article:publisher\" content=\"https:\/\/www.facebook.com\/DomArtStyl\/\" \/>\n<meta property=\"article:modified_time\" content=\"2025-05-15T09:57:48+00:00\" \/>\n<meta property=\"og:image\" content=\"https:\/\/domartstyl.com\/wp-content\/uploads\/2019\/03\/Krzeslo-szare-welurowe-tapicerowane-do-jadalni-na-drewnianych-nogach-Rollback-Gladki.jpg\" \/>\n\t<meta property=\"og:image:width\" content=\"1000\" \/>\n\t<meta property=\"og:image:height\" content=\"1000\" \/>\n\t<meta property=\"og:image:type\" content=\"image\/jpeg\" \/>\n<meta name=\"twitter:card\" content=\"summary_large_image\" \/>\n<meta name=\"twitter:site\" content=\"@DomArtStyl_pl\" \/>\n<meta name=\"twitter:label1\" content=\"Price\" \/>\n\t<meta name=\"twitter:data1\" content=\"\" \/>\n\t<meta name=\"twitter:label2\" content=\"Availability\" \/>\n\t<meta name=\"twitter:data2\" content=\"In stock\" \/>\n<script type=\"application\/ld+json\" class=\"yoast-schema-graph\">{\"@context\":\"https:\/\/schema.org\",\"@graph\":[{\"@type\":\"WebPage\",\"@id\":\"https:\/\/domartstyl.com\/en\/rollback-smooth-chair\/\",\"url\":\"https:\/\/domartstyl.com\/en\/rollback-smooth-chair\/\",\"name\":\"Rollback Smooth Chair , Manufacturer of Upholstered Furniture - DomArtStyl\",\"isPartOf\":{\"@id\":\"https:\/\/domartstyl.com\/en\/#website\"},\"primaryImageOfPage\":{\"@id\":\"https:\/\/domartstyl.com\/en\/rollback-smooth-chair\/#primaryimage\"},\"image\":{\"@id\":\"https:\/\/domartstyl.com\/en\/rollback-smooth-chair\/#primaryimage\"},\"thumbnailUrl\":\"https:\/\/domartstyl.com\/wp-content\/uploads\/2019\/03\/Krzeslo-szare-welurowe-tapicerowane-do-jadalni-na-drewnianych-nogach-Rollback-Gladki.jpg\",\"datePublished\":\"2019-03-13T08:17:51+00:00\",\"dateModified\":\"2025-05-15T09:57:48+00:00\",\"breadcrumb\":{\"@id\":\"https:\/\/domartstyl.com\/en\/rollback-smooth-chair\/#breadcrumb\"},\"inLanguage\":\"en-US\",\"potentialAction\":[{\"@type\":\"ReadAction\",\"target\":[\"https:\/\/domartstyl.com\/en\/rollback-smooth-chair\/\"]}]},{\"@type\":\"ImageObject\",\"inLanguage\":\"en-US\",\"@id\":\"https:\/\/domartstyl.com\/en\/rollback-smooth-chair\/#primaryimage\",\"url\":\"https:\/\/domartstyl.com\/wp-content\/uploads\/2019\/03\/Krzeslo-szare-welurowe-tapicerowane-do-jadalni-na-drewnianych-nogach-Rollback-Gladki.jpg\",\"contentUrl\":\"https:\/\/domartstyl.com\/wp-content\/uploads\/2019\/03\/Krzeslo-szare-welurowe-tapicerowane-do-jadalni-na-drewnianych-nogach-Rollback-Gladki.jpg\",\"width\":1000,\"height\":1000,\"caption\":\"Krzes\u0142o szare welurowe tapicerowane do jadalni na drewnianych nogach Rollback G\u0142adki\"},{\"@type\":\"BreadcrumbList\",\"@id\":\"https:\/\/domartstyl.com\/en\/rollback-smooth-chair\/#breadcrumb\",\"itemListElement\":[{\"@type\":\"ListItem\",\"position\":1,\"name\":\"Strona g\u0142\u00f3wna\",\"item\":\"https:\/\/domartstyl.com\/en\/\"},{\"@type\":\"ListItem\",\"position\":2,\"name\":\"Modern Upholstered Furniture\",\"item\":\"https:\/\/domartstyl.com\/en\/furniture\/\"},{\"@type\":\"ListItem\",\"position\":3,\"name\":\"Rollback Smooth Chair\"}]},{\"@type\":\"WebSite\",\"@id\":\"https:\/\/domartstyl.com\/en\/#website\",\"url\":\"https:\/\/domartstyl.com\/en\/\",\"name\":\"DomArtStyl\",\"description\":\"Tworzymy meble najwy\u017cszej jako\u015bci. Sprzeda\u017c detaliczna \u00b7 Sprzeda\u017c hurtowa\",\"publisher\":{\"@id\":\"https:\/\/domartstyl.com\/en\/#organization\"},\"potentialAction\":[{\"@type\":\"SearchAction\",\"target\":{\"@type\":\"EntryPoint\",\"urlTemplate\":\"https:\/\/domartstyl.com\/en\/?s={search_term_string}\"},\"query-input\":{\"@type\":\"PropertyValueSpecification\",\"valueRequired\":true,\"valueName\":\"search_term_string\"}}],\"inLanguage\":\"en-US\"},{\"@type\":\"Organization\",\"@id\":\"https:\/\/domartstyl.com\/en\/#organization\",\"name\":\"DomArtStyl\",\"url\":\"https:\/\/domartstyl.com\/en\/\",\"logo\":{\"@type\":\"ImageObject\",\"inLanguage\":\"en-US\",\"@id\":\"https:\/\/domartstyl.com\/en\/#\/schema\/logo\/image\/\",\"url\":\"https:\/\/domartstyl.com\/wp-content\/uploads\/2018\/04\/Logo_300_width.png\",\"contentUrl\":\"https:\/\/domartstyl.com\/wp-content\/uploads\/2018\/04\/Logo_300_width.png\",\"width\":300,\"height\":140,\"caption\":\"DomArtStyl\"},\"image\":{\"@id\":\"https:\/\/domartstyl.com\/en\/#\/schema\/logo\/image\/\"},\"sameAs\":[\"https:\/\/www.facebook.com\/DomArtStyl\/\",\"https:\/\/x.com\/DomArtStyl_pl\",\"https:\/\/www.instagram.com\/domartstyl\/?hl=en\",\"https:\/\/pl.pinterest.com\/domartstyl01\/\",\"https:\/\/www.youtube.com\/channel\/UCkISSgvMomI6yFFL3JDbLhw\"]}]}<\/script>\n<meta property=\"product:price:amount\" content=\"0.00\" \/>\n<meta property=\"product:price:currency\" content=\"EUR\" \/>\n<meta property=\"og:availability\" content=\"instock\" \/>\n<meta property=\"product:availability\" content=\"instock\" \/>\n<meta property=\"product:condition\" content=\"new\" \/>\n<!-- \/ Yoast SEO Premium plugin. -->","yoast_head_json":{"title":"Rollback Smooth Chair , Manufacturer of Upholstered Furniture - DomArtStyl","robots":{"index":"index","follow":"follow","max-snippet":"max-snippet:-1","max-image-preview":"max-image-preview:large","max-video-preview":"max-video-preview:-1"},"canonical":"https:\/\/domartstyl.com\/en\/rollback-smooth-chair\/","og_locale":"en_US","og_type":"article","og_title":"Rollback Smooth Chair - DomArtStyl","og_description":"Smooth Rollback Chair - a piece of furniture in a classic style. It is very neat, comfortable and comfortable. It looks good in any interior. Suitable for desks, dining rooms and restaurants. Thanks to the wide range of fabrics available on our website, everyone will certainly choose something suitable for themselves.  The standard version of the chair has a smooth backrest, a roller at the back of the backrest and an oblique seat.","og_url":"https:\/\/domartstyl.com\/en\/rollback-smooth-chair\/","og_site_name":"DomArtStyl","article_publisher":"https:\/\/www.facebook.com\/DomArtStyl\/","article_modified_time":"2025-05-15T09:57:48+00:00","og_image":[{"width":1000,"height":1000,"url":"https:\/\/domartstyl.com\/wp-content\/uploads\/2019\/03\/Krzeslo-szare-welurowe-tapicerowane-do-jadalni-na-drewnianych-nogach-Rollback-Gladki.jpg","type":"image\/jpeg"}],"twitter_card":"summary_large_image","twitter_site":"@DomArtStyl_pl","twitter_misc":{"Price":"","Availability":"In stock"},"schema":{"@context":"https:\/\/schema.org","@graph":[{"@type":"WebPage","@id":"https:\/\/domartstyl.com\/en\/rollback-smooth-chair\/","url":"https:\/\/domartstyl.com\/en\/rollback-smooth-chair\/","name":"Rollback Smooth Chair , Manufacturer of Upholstered Furniture - DomArtStyl","isPartOf":{"@id":"https:\/\/domartstyl.com\/en\/#website"},"primaryImageOfPage":{"@id":"https:\/\/domartstyl.com\/en\/rollback-smooth-chair\/#primaryimage"},"image":{"@id":"https:\/\/domartstyl.com\/en\/rollback-smooth-chair\/#primaryimage"},"thumbnailUrl":"https:\/\/domartstyl.com\/wp-content\/uploads\/2019\/03\/Krzeslo-szare-welurowe-tapicerowane-do-jadalni-na-drewnianych-nogach-Rollback-Gladki.jpg","datePublished":"2019-03-13T08:17:51+00:00","dateModified":"2025-05-15T09:57:48+00:00","breadcrumb":{"@id":"https:\/\/domartstyl.com\/en\/rollback-smooth-chair\/#breadcrumb"},"inLanguage":"en-US","potentialAction":[{"@type":"ReadAction","target":["https:\/\/domartstyl.com\/en\/rollback-smooth-chair\/"]}]},{"@type":"ImageObject","inLanguage":"en-US","@id":"https:\/\/domartstyl.com\/en\/rollback-smooth-chair\/#primaryimage","url":"https:\/\/domartstyl.com\/wp-content\/uploads\/2019\/03\/Krzeslo-szare-welurowe-tapicerowane-do-jadalni-na-drewnianych-nogach-Rollback-Gladki.jpg","contentUrl":"https:\/\/domartstyl.com\/wp-content\/uploads\/2019\/03\/Krzeslo-szare-welurowe-tapicerowane-do-jadalni-na-drewnianych-nogach-Rollback-Gladki.jpg","width":1000,"height":1000,"caption":"Krzes\u0142o szare welurowe tapicerowane do jadalni na drewnianych nogach Rollback G\u0142adki"},{"@type":"BreadcrumbList","@id":"https:\/\/domartstyl.com\/en\/rollback-smooth-chair\/#breadcrumb","itemListElement":[{"@type":"ListItem","position":1,"name":"Strona g\u0142\u00f3wna","item":"https:\/\/domartstyl.com\/en\/"},{"@type":"ListItem","position":2,"name":"Modern Upholstered Furniture","item":"https:\/\/domartstyl.com\/en\/furniture\/"},{"@type":"ListItem","position":3,"name":"Rollback Smooth Chair"}]},{"@type":"WebSite","@id":"https:\/\/domartstyl.com\/en\/#website","url":"https:\/\/domartstyl.com\/en\/","name":"DomArtStyl","description":"Tworzymy meble najwy\u017cszej jako\u015bci. Sprzeda\u017c detaliczna \u00b7 Sprzeda\u017c hurtowa","publisher":{"@id":"https:\/\/domartstyl.com\/en\/#organization"},"potentialAction":[{"@type":"SearchAction","target":{"@type":"EntryPoint","urlTemplate":"https:\/\/domartstyl.com\/en\/?s={search_term_string}"},"query-input":{"@type":"PropertyValueSpecification","valueRequired":true,"valueName":"search_term_string"}}],"inLanguage":"en-US"},{"@type":"Organization","@id":"https:\/\/domartstyl.com\/en\/#organization","name":"DomArtStyl","url":"https:\/\/domartstyl.com\/en\/","logo":{"@type":"ImageObject","inLanguage":"en-US","@id":"https:\/\/domartstyl.com\/en\/#\/schema\/logo\/image\/","url":"https:\/\/domartstyl.com\/wp-content\/uploads\/2018\/04\/Logo_300_width.png","contentUrl":"https:\/\/domartstyl.com\/wp-content\/uploads\/2018\/04\/Logo_300_width.png","width":300,"height":140,"caption":"DomArtStyl"},"image":{"@id":"https:\/\/domartstyl.com\/en\/#\/schema\/logo\/image\/"},"sameAs":["https:\/\/www.facebook.com\/DomArtStyl\/","https:\/\/x.com\/DomArtStyl_pl","https:\/\/www.instagram.com\/domartstyl\/?hl=en","https:\/\/pl.pinterest.com\/domartstyl01\/","https:\/\/www.youtube.com\/channel\/UCkISSgvMomI6yFFL3JDbLhw"]}]},"product_price_amount":"0.00","product_price_currency":"EUR","og_availability":"instock","product_availability":"instock","product_condition":"new"},"_links":{"self":[{"href":"https:\/\/domartstyl.com\/en\/wp-json\/wp\/v2\/product\/48275","targetHints":{"allow":["GET"]}}],"collection":[{"href":"https:\/\/domartstyl.com\/en\/wp-json\/wp\/v2\/product"}],"about":[{"href":"https:\/\/domartstyl.com\/en\/wp-json\/wp\/v2\/types\/product"}],"replies":[{"embeddable":true,"href":"https:\/\/domartstyl.com\/en\/wp-json\/wp\/v2\/comments?post=48275"}],"wp:featuredmedia":[{"embeddable":true,"href":"https:\/\/domartstyl.com\/en\/wp-json\/wp\/v2\/media\/80118"}],"wp:attachment":[{"href":"https:\/\/domartstyl.com\/en\/wp-json\/wp\/v2\/media?parent=48275"}],"wp:term":[{"taxonomy":"product_brand","embeddable":true,"href":"https:\/\/domartstyl.com\/en\/wp-json\/wp\/v2\/product_brand?post=48275"},{"taxonomy":"product_cat","embeddable":true,"href":"https:\/\/domartstyl.com\/en\/wp-json\/wp\/v2\/product_cat?post=48275"},{"taxonomy":"product_tag","embeddable":true,"href":"https:\/\/domartstyl.com\/en\/wp-json\/wp\/v2\/product_tag?post=48275"}],"curies":[{"name":"wp","href":"https:\/\/api.w.org\/{rel}","templated":true}]}}