{"id":46484,"date":"2019-01-11T08:52:18","date_gmt":"2019-01-11T07:52:18","guid":{"rendered":"https:\/\/domartstyl.com\/caprice-armchair\/"},"modified":"2025-05-15T10:57:48","modified_gmt":"2025-05-15T09:57:48","slug":"caprice-armchair","status":"publish","type":"product","link":"https:\/\/domartstyl.com\/en\/caprice-armchair\/","title":{"rendered":"Caprice Armchair"},"content":{"rendered":"","protected":false},"excerpt":{"rendered":"<p><strong>The Caprice Chair<\/strong><br \/>\nA minimalist and contemporary piece of furniture distinguished by clean lines and a restrained design. The chair&#8217;s base is narrow and simple, imparting a sense of lightness and elegance. The\u00a0slightly reclined backrest ensures user comfort, while the ergonomically integrated armrests provide comfortable support during sitting. Filled with high-density foam, the chair remains comfortable and aesthetically pleasing for many years. Offered in various upholstery material finishes, it provides the opportunity for customization to match personal stylistic and functional preferences. The wooden legs serve as a visual accent, bestowing the piece with both solidity and\u00a0subtle elegance. The chair&#8217;s minimalist design makes it an excellent addition to dining areas, cafes, or waiting rooms, adding an elegant and functional touch.<\/p>\n","protected":false},"featured_media":80251,"comment_status":"closed","ping_status":"closed","template":"","meta":[],"product_brand":[],"product_cat":[34,8852,8853,8855,8856,8857,7143],"product_tag":[],"class_list":{"0":"post-46484","1":"product","2":"type-product","3":"status-publish","4":"has-post-thumbnail","6":"product_cat-armchairs","7":"product_cat-dining-armchairs","8":"product_cat-waiting-room-armchairs","9":"product_cat-cafe-armchairs","10":"product_cat-scandinavian-armchairs","11":"product_cat-modern-armchairs","12":"product_cat-new-collection-en","13":"product_shipping_class-pakowane-podwojnie-30-40-en","15":"first","16":"instock","17":"taxable","18":"shipping-taxable","19":"purchasable","20":"product-type-variable"},"yoast_head":"<!-- This site is optimized with the Yoast SEO Premium plugin v25.0 (Yoast SEO v25.0) - https:\/\/yoast.com\/wordpress\/plugins\/seo\/ -->\n<title>Caprice Armchair , Manufacturer of Upholstered Furniture - DomArtStyl<\/title>\n<meta name=\"robots\" content=\"index, follow, max-snippet:-1, max-image-preview:large, max-video-preview:-1\" \/>\n<link rel=\"canonical\" href=\"https:\/\/domartstyl.com\/en\/caprice-armchair\/\" \/>\n<meta property=\"og:locale\" content=\"en_US\" \/>\n<meta property=\"og:type\" content=\"article\" \/>\n<meta property=\"og:title\" content=\"Caprice Armchair - DomArtStyl\" \/>\n<meta property=\"og:description\" content=\"The Caprice Chair A minimalist and contemporary piece of furniture distinguished by clean lines and a restrained design. The chair&#039;s base is narrow and simple, imparting a sense of lightness and elegance. The\u00a0slightly reclined backrest ensures user comfort, while the ergonomically integrated armrests provide comfortable support during sitting. Filled with high-density foam, the chair remains comfortable and aesthetically pleasing for many years. Offered in various upholstery material finishes, it provides the opportunity for customization to match personal stylistic and functional preferences. The wooden legs serve as a visual accent, bestowing the piece with both solidity and\u00a0subtle elegance. The chair&#039;s minimalist design makes it an excellent addition to dining areas, cafes, or waiting rooms, adding an elegant and functional touch.\" \/>\n<meta property=\"og:url\" content=\"https:\/\/domartstyl.com\/en\/caprice-armchair\/\" \/>\n<meta property=\"og:site_name\" content=\"DomArtStyl\" \/>\n<meta property=\"article:publisher\" content=\"https:\/\/www.facebook.com\/DomArtStyl\/\" \/>\n<meta property=\"article:modified_time\" content=\"2025-05-15T09:57:48+00:00\" \/>\n<meta property=\"og:image\" content=\"https:\/\/domartstyl.com\/wp-content\/uploads\/2019\/01\/Fotel-zolty-welurowy-nowoczesny-do-salonu-na-drewnianych-nogach-Caprice.jpg\" \/>\n\t<meta property=\"og:image:width\" content=\"1200\" \/>\n\t<meta property=\"og:image:height\" content=\"1200\" \/>\n\t<meta property=\"og:image:type\" content=\"image\/jpeg\" \/>\n<meta name=\"twitter:card\" content=\"summary_large_image\" \/>\n<meta name=\"twitter:site\" content=\"@DomArtStyl_pl\" \/>\n<meta name=\"twitter:label1\" content=\"Availability\" \/>\n\t<meta name=\"twitter:data1\" content=\"In stock\" \/>\n<script type=\"application\/ld+json\" class=\"yoast-schema-graph\">{\"@context\":\"https:\/\/schema.org\",\"@graph\":[{\"@type\":\"WebPage\",\"@id\":\"https:\/\/domartstyl.com\/en\/caprice-armchair\/\",\"url\":\"https:\/\/domartstyl.com\/en\/caprice-armchair\/\",\"name\":\"Caprice Armchair , Manufacturer of Upholstered Furniture - DomArtStyl\",\"isPartOf\":{\"@id\":\"https:\/\/domartstyl.com\/en\/#website\"},\"primaryImageOfPage\":{\"@id\":\"https:\/\/domartstyl.com\/en\/caprice-armchair\/#primaryimage\"},\"image\":{\"@id\":\"https:\/\/domartstyl.com\/en\/caprice-armchair\/#primaryimage\"},\"thumbnailUrl\":\"https:\/\/domartstyl.com\/wp-content\/uploads\/2019\/01\/Fotel-zolty-welurowy-nowoczesny-do-salonu-na-drewnianych-nogach-Caprice.jpg\",\"datePublished\":\"2019-01-11T07:52:18+00:00\",\"dateModified\":\"2025-05-15T09:57:48+00:00\",\"breadcrumb\":{\"@id\":\"https:\/\/domartstyl.com\/en\/caprice-armchair\/#breadcrumb\"},\"inLanguage\":\"en-US\",\"potentialAction\":[{\"@type\":\"ReadAction\",\"target\":[\"https:\/\/domartstyl.com\/en\/caprice-armchair\/\"]}]},{\"@type\":\"ImageObject\",\"inLanguage\":\"en-US\",\"@id\":\"https:\/\/domartstyl.com\/en\/caprice-armchair\/#primaryimage\",\"url\":\"https:\/\/domartstyl.com\/wp-content\/uploads\/2019\/01\/Fotel-zolty-welurowy-nowoczesny-do-salonu-na-drewnianych-nogach-Caprice.jpg\",\"contentUrl\":\"https:\/\/domartstyl.com\/wp-content\/uploads\/2019\/01\/Fotel-zolty-welurowy-nowoczesny-do-salonu-na-drewnianych-nogach-Caprice.jpg\",\"width\":1200,\"height\":1200,\"caption\":\"Fotel \u017c\u00f3\u0142ty welurowy nowoczesny do salonu na drewnianych nogach Caprice\"},{\"@type\":\"BreadcrumbList\",\"@id\":\"https:\/\/domartstyl.com\/en\/caprice-armchair\/#breadcrumb\",\"itemListElement\":[{\"@type\":\"ListItem\",\"position\":1,\"name\":\"Strona g\u0142\u00f3wna\",\"item\":\"https:\/\/domartstyl.com\/en\/\"},{\"@type\":\"ListItem\",\"position\":2,\"name\":\"Modern Upholstered Furniture\",\"item\":\"https:\/\/domartstyl.com\/en\/furniture\/\"},{\"@type\":\"ListItem\",\"position\":3,\"name\":\"Caprice Armchair\"}]},{\"@type\":\"WebSite\",\"@id\":\"https:\/\/domartstyl.com\/en\/#website\",\"url\":\"https:\/\/domartstyl.com\/en\/\",\"name\":\"DomArtStyl\",\"description\":\"Tworzymy meble najwy\u017cszej jako\u015bci. Sprzeda\u017c detaliczna \u00b7 Sprzeda\u017c hurtowa\",\"publisher\":{\"@id\":\"https:\/\/domartstyl.com\/en\/#organization\"},\"potentialAction\":[{\"@type\":\"SearchAction\",\"target\":{\"@type\":\"EntryPoint\",\"urlTemplate\":\"https:\/\/domartstyl.com\/en\/?s={search_term_string}\"},\"query-input\":{\"@type\":\"PropertyValueSpecification\",\"valueRequired\":true,\"valueName\":\"search_term_string\"}}],\"inLanguage\":\"en-US\"},{\"@type\":\"Organization\",\"@id\":\"https:\/\/domartstyl.com\/en\/#organization\",\"name\":\"DomArtStyl\",\"url\":\"https:\/\/domartstyl.com\/en\/\",\"logo\":{\"@type\":\"ImageObject\",\"inLanguage\":\"en-US\",\"@id\":\"https:\/\/domartstyl.com\/en\/#\/schema\/logo\/image\/\",\"url\":\"https:\/\/domartstyl.com\/wp-content\/uploads\/2018\/04\/Logo_300_width.png\",\"contentUrl\":\"https:\/\/domartstyl.com\/wp-content\/uploads\/2018\/04\/Logo_300_width.png\",\"width\":300,\"height\":140,\"caption\":\"DomArtStyl\"},\"image\":{\"@id\":\"https:\/\/domartstyl.com\/en\/#\/schema\/logo\/image\/\"},\"sameAs\":[\"https:\/\/www.facebook.com\/DomArtStyl\/\",\"https:\/\/x.com\/DomArtStyl_pl\",\"https:\/\/www.instagram.com\/domartstyl\/?hl=en\",\"https:\/\/pl.pinterest.com\/domartstyl01\/\",\"https:\/\/www.youtube.com\/channel\/UCkISSgvMomI6yFFL3JDbLhw\"]}]}<\/script>\n<meta property=\"og:availability\" content=\"instock\" \/>\n<meta property=\"product:availability\" content=\"instock\" \/>\n<meta property=\"product:condition\" content=\"new\" \/>\n<!-- \/ Yoast SEO Premium plugin. -->","yoast_head_json":{"title":"Caprice Armchair , Manufacturer of Upholstered Furniture - DomArtStyl","robots":{"index":"index","follow":"follow","max-snippet":"max-snippet:-1","max-image-preview":"max-image-preview:large","max-video-preview":"max-video-preview:-1"},"canonical":"https:\/\/domartstyl.com\/en\/caprice-armchair\/","og_locale":"en_US","og_type":"article","og_title":"Caprice Armchair - DomArtStyl","og_description":"The Caprice Chair A minimalist and contemporary piece of furniture distinguished by clean lines and a restrained design. The chair's base is narrow and simple, imparting a sense of lightness and elegance. The\u00a0slightly reclined backrest ensures user comfort, while the ergonomically integrated armrests provide comfortable support during sitting. Filled with high-density foam, the chair remains comfortable and aesthetically pleasing for many years. Offered in various upholstery material finishes, it provides the opportunity for customization to match personal stylistic and functional preferences. The wooden legs serve as a visual accent, bestowing the piece with both solidity and\u00a0subtle elegance. The chair's minimalist design makes it an excellent addition to dining areas, cafes, or waiting rooms, adding an elegant and functional touch.","og_url":"https:\/\/domartstyl.com\/en\/caprice-armchair\/","og_site_name":"DomArtStyl","article_publisher":"https:\/\/www.facebook.com\/DomArtStyl\/","article_modified_time":"2025-05-15T09:57:48+00:00","og_image":[{"width":1200,"height":1200,"url":"https:\/\/domartstyl.com\/wp-content\/uploads\/2019\/01\/Fotel-zolty-welurowy-nowoczesny-do-salonu-na-drewnianych-nogach-Caprice.jpg","type":"image\/jpeg"}],"twitter_card":"summary_large_image","twitter_site":"@DomArtStyl_pl","twitter_misc":{"Availability":"In stock"},"schema":{"@context":"https:\/\/schema.org","@graph":[{"@type":"WebPage","@id":"https:\/\/domartstyl.com\/en\/caprice-armchair\/","url":"https:\/\/domartstyl.com\/en\/caprice-armchair\/","name":"Caprice Armchair , Manufacturer of Upholstered Furniture - DomArtStyl","isPartOf":{"@id":"https:\/\/domartstyl.com\/en\/#website"},"primaryImageOfPage":{"@id":"https:\/\/domartstyl.com\/en\/caprice-armchair\/#primaryimage"},"image":{"@id":"https:\/\/domartstyl.com\/en\/caprice-armchair\/#primaryimage"},"thumbnailUrl":"https:\/\/domartstyl.com\/wp-content\/uploads\/2019\/01\/Fotel-zolty-welurowy-nowoczesny-do-salonu-na-drewnianych-nogach-Caprice.jpg","datePublished":"2019-01-11T07:52:18+00:00","dateModified":"2025-05-15T09:57:48+00:00","breadcrumb":{"@id":"https:\/\/domartstyl.com\/en\/caprice-armchair\/#breadcrumb"},"inLanguage":"en-US","potentialAction":[{"@type":"ReadAction","target":["https:\/\/domartstyl.com\/en\/caprice-armchair\/"]}]},{"@type":"ImageObject","inLanguage":"en-US","@id":"https:\/\/domartstyl.com\/en\/caprice-armchair\/#primaryimage","url":"https:\/\/domartstyl.com\/wp-content\/uploads\/2019\/01\/Fotel-zolty-welurowy-nowoczesny-do-salonu-na-drewnianych-nogach-Caprice.jpg","contentUrl":"https:\/\/domartstyl.com\/wp-content\/uploads\/2019\/01\/Fotel-zolty-welurowy-nowoczesny-do-salonu-na-drewnianych-nogach-Caprice.jpg","width":1200,"height":1200,"caption":"Fotel \u017c\u00f3\u0142ty welurowy nowoczesny do salonu na drewnianych nogach Caprice"},{"@type":"BreadcrumbList","@id":"https:\/\/domartstyl.com\/en\/caprice-armchair\/#breadcrumb","itemListElement":[{"@type":"ListItem","position":1,"name":"Strona g\u0142\u00f3wna","item":"https:\/\/domartstyl.com\/en\/"},{"@type":"ListItem","position":2,"name":"Modern Upholstered Furniture","item":"https:\/\/domartstyl.com\/en\/furniture\/"},{"@type":"ListItem","position":3,"name":"Caprice Armchair"}]},{"@type":"WebSite","@id":"https:\/\/domartstyl.com\/en\/#website","url":"https:\/\/domartstyl.com\/en\/","name":"DomArtStyl","description":"Tworzymy meble najwy\u017cszej jako\u015bci. Sprzeda\u017c detaliczna \u00b7 Sprzeda\u017c hurtowa","publisher":{"@id":"https:\/\/domartstyl.com\/en\/#organization"},"potentialAction":[{"@type":"SearchAction","target":{"@type":"EntryPoint","urlTemplate":"https:\/\/domartstyl.com\/en\/?s={search_term_string}"},"query-input":{"@type":"PropertyValueSpecification","valueRequired":true,"valueName":"search_term_string"}}],"inLanguage":"en-US"},{"@type":"Organization","@id":"https:\/\/domartstyl.com\/en\/#organization","name":"DomArtStyl","url":"https:\/\/domartstyl.com\/en\/","logo":{"@type":"ImageObject","inLanguage":"en-US","@id":"https:\/\/domartstyl.com\/en\/#\/schema\/logo\/image\/","url":"https:\/\/domartstyl.com\/wp-content\/uploads\/2018\/04\/Logo_300_width.png","contentUrl":"https:\/\/domartstyl.com\/wp-content\/uploads\/2018\/04\/Logo_300_width.png","width":300,"height":140,"caption":"DomArtStyl"},"image":{"@id":"https:\/\/domartstyl.com\/en\/#\/schema\/logo\/image\/"},"sameAs":["https:\/\/www.facebook.com\/DomArtStyl\/","https:\/\/x.com\/DomArtStyl_pl","https:\/\/www.instagram.com\/domartstyl\/?hl=en","https:\/\/pl.pinterest.com\/domartstyl01\/","https:\/\/www.youtube.com\/channel\/UCkISSgvMomI6yFFL3JDbLhw"]}]},"og_availability":"instock","product_availability":"instock","product_condition":"new"},"_links":{"self":[{"href":"https:\/\/domartstyl.com\/en\/wp-json\/wp\/v2\/product\/46484","targetHints":{"allow":["GET"]}}],"collection":[{"href":"https:\/\/domartstyl.com\/en\/wp-json\/wp\/v2\/product"}],"about":[{"href":"https:\/\/domartstyl.com\/en\/wp-json\/wp\/v2\/types\/product"}],"replies":[{"embeddable":true,"href":"https:\/\/domartstyl.com\/en\/wp-json\/wp\/v2\/comments?post=46484"}],"wp:featuredmedia":[{"embeddable":true,"href":"https:\/\/domartstyl.com\/en\/wp-json\/wp\/v2\/media\/80251"}],"wp:attachment":[{"href":"https:\/\/domartstyl.com\/en\/wp-json\/wp\/v2\/media?parent=46484"}],"wp:term":[{"taxonomy":"product_brand","embeddable":true,"href":"https:\/\/domartstyl.com\/en\/wp-json\/wp\/v2\/product_brand?post=46484"},{"taxonomy":"product_cat","embeddable":true,"href":"https:\/\/domartstyl.com\/en\/wp-json\/wp\/v2\/product_cat?post=46484"},{"taxonomy":"product_tag","embeddable":true,"href":"https:\/\/domartstyl.com\/en\/wp-json\/wp\/v2\/product_tag?post=46484"}],"curies":[{"name":"wp","href":"https:\/\/api.w.org\/{rel}","templated":true}]}}