{"id":46480,"date":"2019-01-11T09:25:49","date_gmt":"2019-01-11T08:25:49","guid":{"rendered":"https:\/\/domartstyl.com\/matylda-chair\/"},"modified":"2025-05-15T10:57:48","modified_gmt":"2025-05-15T09:57:48","slug":"matylda-chair","status":"publish","type":"product","link":"https:\/\/domartstyl.com\/en\/matylda-chair\/","title":{"rendered":"Matylda Chair"},"content":{"rendered":"","protected":false},"excerpt":{"rendered":"<p><strong>Matylda Chair<\/strong> &#8211; this is a model from the new Perla Lusso collection. This model is extremely stylish and elegant, which will appeal to many people with different tastes. This piece of furniture will work in the most diverse interiors. It can be a perfect solution for modern and designer arrangements, which will add a lot of style and timeless elegance, as well as those more classically decorated, in which it will be a spectacular addition. Matilda is available in many different colors, each of which will choose something suitable for himself. This is a tasteful piece of furniture, and also very practical. Will work in the dining room, restaurant or cafe. Everywhere will allow for a pleasant meal or a cup of coffee. The chair was made very carefully from high quality materials. Thanks to this, it is very durable and stable. For sure it will serve for a long time.<\/p>\n<p>&#8211; The standard version of the chair has vertical stitching on the back.<\/p>\n<p>*\u00a0The presented model in the picture has black legs with golden tips as an addition.<\/p>\n<p><strong>NEW! The same model on a metal frame!<br \/>\n<\/strong><a href=\"https:\/\/domartstyl.com\/en\/matylda-ski-chair\/\">https:\/\/domartstyl.com\/en\/matylda-ski-chair\/<\/a><br \/>\n<a href=\"https:\/\/domartstyl.com\/en\/matylda-cross-chair\/\">https:\/\/domartstyl.com\/en\/matylda-cross-chair\/<\/a><strong><br \/>\n<\/strong><\/p>\n<p>-For public utility places, we recommend using a thicker version of the legs and the leg fastening.<\/p>\n","protected":false},"featured_media":92674,"comment_status":"closed","ping_status":"closed","template":"","meta":[],"product_brand":[],"product_cat":[36,8793,8794,8795,8796,8797,8798,8799,8800,8803,7143],"product_tag":[],"class_list":{"0":"post-46480","1":"product","2":"type-product","3":"status-publish","4":"has-post-thumbnail","6":"product_cat-chairs","7":"product_cat-dining-chairs","8":"product_cat-living-room-chairs","9":"product_cat-kitchen-chairs","10":"product_cat-chairs-for-the-waiting-room","11":"product_cat-restaurant-chairs","12":"product_cat-modern-chairs","13":"product_cat-scandinavian-chairs","14":"product_cat-loft-chairs","15":"product_cat-velor-chairs","16":"product_cat-new-collection-en","17":"product_shipping_class-pakowane-podwojnie-30-40-en","19":"first","20":"instock","21":"taxable","22":"shipping-taxable","23":"purchasable","24":"product-type-variable"},"yoast_head":"<!-- This site is optimized with the Yoast SEO Premium plugin v25.0 (Yoast SEO v25.0) - https:\/\/yoast.com\/wordpress\/plugins\/seo\/ -->\n<title>Matylda Chair , Manufacturer of Upholstered Furniture - DomArtStyl<\/title>\n<meta name=\"robots\" content=\"index, follow, max-snippet:-1, max-image-preview:large, max-video-preview:-1\" \/>\n<link rel=\"canonical\" href=\"https:\/\/domartstyl.com\/en\/matylda-chair\/\" \/>\n<meta property=\"og:locale\" content=\"en_US\" \/>\n<meta property=\"og:type\" content=\"article\" \/>\n<meta property=\"og:title\" content=\"Matylda Chair - DomArtStyl\" \/>\n<meta property=\"og:description\" content=\"Matylda Chair - this is a model from the new Perla Lusso collection. This model is extremely stylish and elegant, which will appeal to many people with different tastes. This piece of furniture will work in the most diverse interiors. It can be a perfect solution for modern and designer arrangements, which will add a lot of style and timeless elegance, as well as those more classically decorated, in which it will be a spectacular addition. Matilda is available in many different colors, each of which will choose something suitable for himself. This is a tasteful piece of furniture, and also very practical. Will work in the dining room, restaurant or cafe. Everywhere will allow for a pleasant meal or a cup of coffee. The chair was made very carefully from high quality materials. Thanks to this, it is very durable and stable. For sure it will serve for a long time.  - The standard version of the chair has vertical stitching on the back.  *\u00a0The presented model in the picture has black legs with golden tips as an addition.  NEW! The same model on a metal frame! https:\/\/domartstyl.com\/en\/matylda-ski-chair\/ https:\/\/domartstyl.com\/en\/matylda-cross-chair\/   -For public utility places, we recommend using a thicker version of the legs and the leg fastening.\" \/>\n<meta property=\"og:url\" content=\"https:\/\/domartstyl.com\/en\/matylda-chair\/\" \/>\n<meta property=\"og:site_name\" content=\"DomArtStyl\" \/>\n<meta property=\"article:publisher\" content=\"https:\/\/www.facebook.com\/DomArtStyl\/\" \/>\n<meta property=\"article:modified_time\" content=\"2025-05-15T09:57:48+00:00\" \/>\n<meta property=\"og:image\" content=\"https:\/\/domartstyl.com\/wp-content\/uploads\/2019\/01\/Zrzut-ekranu-2025-02-04-125804.jpg\" \/>\n\t<meta property=\"og:image:width\" content=\"853\" \/>\n\t<meta property=\"og:image:height\" content=\"848\" \/>\n\t<meta property=\"og:image:type\" content=\"image\/jpeg\" \/>\n<meta name=\"twitter:card\" content=\"summary_large_image\" \/>\n<meta name=\"twitter:site\" content=\"@DomArtStyl_pl\" \/>\n<meta name=\"twitter:label1\" content=\"Availability\" \/>\n\t<meta name=\"twitter:data1\" content=\"In stock\" \/>\n<script type=\"application\/ld+json\" class=\"yoast-schema-graph\">{\"@context\":\"https:\/\/schema.org\",\"@graph\":[{\"@type\":\"WebPage\",\"@id\":\"https:\/\/domartstyl.com\/en\/matylda-chair\/\",\"url\":\"https:\/\/domartstyl.com\/en\/matylda-chair\/\",\"name\":\"Matylda Chair , Manufacturer of Upholstered Furniture - DomArtStyl\",\"isPartOf\":{\"@id\":\"https:\/\/domartstyl.com\/en\/#website\"},\"primaryImageOfPage\":{\"@id\":\"https:\/\/domartstyl.com\/en\/matylda-chair\/#primaryimage\"},\"image\":{\"@id\":\"https:\/\/domartstyl.com\/en\/matylda-chair\/#primaryimage\"},\"thumbnailUrl\":\"https:\/\/domartstyl.com\/wp-content\/uploads\/2019\/01\/Zrzut-ekranu-2025-02-04-125804.jpg\",\"datePublished\":\"2019-01-11T08:25:49+00:00\",\"dateModified\":\"2025-05-15T09:57:48+00:00\",\"breadcrumb\":{\"@id\":\"https:\/\/domartstyl.com\/en\/matylda-chair\/#breadcrumb\"},\"inLanguage\":\"en-US\",\"potentialAction\":[{\"@type\":\"ReadAction\",\"target\":[\"https:\/\/domartstyl.com\/en\/matylda-chair\/\"]}]},{\"@type\":\"ImageObject\",\"inLanguage\":\"en-US\",\"@id\":\"https:\/\/domartstyl.com\/en\/matylda-chair\/#primaryimage\",\"url\":\"https:\/\/domartstyl.com\/wp-content\/uploads\/2019\/01\/Zrzut-ekranu-2025-02-04-125804.jpg\",\"contentUrl\":\"https:\/\/domartstyl.com\/wp-content\/uploads\/2019\/01\/Zrzut-ekranu-2025-02-04-125804.jpg\",\"width\":853,\"height\":848,\"caption\":\"Krzes\u0142o tapicerowane do jadalni\"},{\"@type\":\"BreadcrumbList\",\"@id\":\"https:\/\/domartstyl.com\/en\/matylda-chair\/#breadcrumb\",\"itemListElement\":[{\"@type\":\"ListItem\",\"position\":1,\"name\":\"Strona g\u0142\u00f3wna\",\"item\":\"https:\/\/domartstyl.com\/en\/\"},{\"@type\":\"ListItem\",\"position\":2,\"name\":\"Modern Upholstered Furniture\",\"item\":\"https:\/\/domartstyl.com\/en\/furniture\/\"},{\"@type\":\"ListItem\",\"position\":3,\"name\":\"Matylda Chair\"}]},{\"@type\":\"WebSite\",\"@id\":\"https:\/\/domartstyl.com\/en\/#website\",\"url\":\"https:\/\/domartstyl.com\/en\/\",\"name\":\"DomArtStyl\",\"description\":\"Tworzymy meble najwy\u017cszej jako\u015bci. Sprzeda\u017c detaliczna \u00b7 Sprzeda\u017c hurtowa\",\"publisher\":{\"@id\":\"https:\/\/domartstyl.com\/en\/#organization\"},\"potentialAction\":[{\"@type\":\"SearchAction\",\"target\":{\"@type\":\"EntryPoint\",\"urlTemplate\":\"https:\/\/domartstyl.com\/en\/?s={search_term_string}\"},\"query-input\":{\"@type\":\"PropertyValueSpecification\",\"valueRequired\":true,\"valueName\":\"search_term_string\"}}],\"inLanguage\":\"en-US\"},{\"@type\":\"Organization\",\"@id\":\"https:\/\/domartstyl.com\/en\/#organization\",\"name\":\"DomArtStyl\",\"url\":\"https:\/\/domartstyl.com\/en\/\",\"logo\":{\"@type\":\"ImageObject\",\"inLanguage\":\"en-US\",\"@id\":\"https:\/\/domartstyl.com\/en\/#\/schema\/logo\/image\/\",\"url\":\"https:\/\/domartstyl.com\/wp-content\/uploads\/2018\/04\/Logo_300_width.png\",\"contentUrl\":\"https:\/\/domartstyl.com\/wp-content\/uploads\/2018\/04\/Logo_300_width.png\",\"width\":300,\"height\":140,\"caption\":\"DomArtStyl\"},\"image\":{\"@id\":\"https:\/\/domartstyl.com\/en\/#\/schema\/logo\/image\/\"},\"sameAs\":[\"https:\/\/www.facebook.com\/DomArtStyl\/\",\"https:\/\/x.com\/DomArtStyl_pl\",\"https:\/\/www.instagram.com\/domartstyl\/?hl=en\",\"https:\/\/pl.pinterest.com\/domartstyl01\/\",\"https:\/\/www.youtube.com\/channel\/UCkISSgvMomI6yFFL3JDbLhw\"]}]}<\/script>\n<meta property=\"og:availability\" content=\"instock\" \/>\n<meta property=\"product:availability\" content=\"instock\" \/>\n<meta property=\"product:condition\" content=\"new\" \/>\n<!-- \/ Yoast SEO Premium plugin. -->","yoast_head_json":{"title":"Matylda Chair , Manufacturer of Upholstered Furniture - DomArtStyl","robots":{"index":"index","follow":"follow","max-snippet":"max-snippet:-1","max-image-preview":"max-image-preview:large","max-video-preview":"max-video-preview:-1"},"canonical":"https:\/\/domartstyl.com\/en\/matylda-chair\/","og_locale":"en_US","og_type":"article","og_title":"Matylda Chair - DomArtStyl","og_description":"Matylda Chair - this is a model from the new Perla Lusso collection. This model is extremely stylish and elegant, which will appeal to many people with different tastes. This piece of furniture will work in the most diverse interiors. It can be a perfect solution for modern and designer arrangements, which will add a lot of style and timeless elegance, as well as those more classically decorated, in which it will be a spectacular addition. Matilda is available in many different colors, each of which will choose something suitable for himself. This is a tasteful piece of furniture, and also very practical. Will work in the dining room, restaurant or cafe. Everywhere will allow for a pleasant meal or a cup of coffee. The chair was made very carefully from high quality materials. Thanks to this, it is very durable and stable. For sure it will serve for a long time.  - The standard version of the chair has vertical stitching on the back.  *\u00a0The presented model in the picture has black legs with golden tips as an addition.  NEW! The same model on a metal frame! https:\/\/domartstyl.com\/en\/matylda-ski-chair\/ https:\/\/domartstyl.com\/en\/matylda-cross-chair\/   -For public utility places, we recommend using a thicker version of the legs and the leg fastening.","og_url":"https:\/\/domartstyl.com\/en\/matylda-chair\/","og_site_name":"DomArtStyl","article_publisher":"https:\/\/www.facebook.com\/DomArtStyl\/","article_modified_time":"2025-05-15T09:57:48+00:00","og_image":[{"width":853,"height":848,"url":"https:\/\/domartstyl.com\/wp-content\/uploads\/2019\/01\/Zrzut-ekranu-2025-02-04-125804.jpg","type":"image\/jpeg"}],"twitter_card":"summary_large_image","twitter_site":"@DomArtStyl_pl","twitter_misc":{"Availability":"In stock"},"schema":{"@context":"https:\/\/schema.org","@graph":[{"@type":"WebPage","@id":"https:\/\/domartstyl.com\/en\/matylda-chair\/","url":"https:\/\/domartstyl.com\/en\/matylda-chair\/","name":"Matylda Chair , Manufacturer of Upholstered Furniture - DomArtStyl","isPartOf":{"@id":"https:\/\/domartstyl.com\/en\/#website"},"primaryImageOfPage":{"@id":"https:\/\/domartstyl.com\/en\/matylda-chair\/#primaryimage"},"image":{"@id":"https:\/\/domartstyl.com\/en\/matylda-chair\/#primaryimage"},"thumbnailUrl":"https:\/\/domartstyl.com\/wp-content\/uploads\/2019\/01\/Zrzut-ekranu-2025-02-04-125804.jpg","datePublished":"2019-01-11T08:25:49+00:00","dateModified":"2025-05-15T09:57:48+00:00","breadcrumb":{"@id":"https:\/\/domartstyl.com\/en\/matylda-chair\/#breadcrumb"},"inLanguage":"en-US","potentialAction":[{"@type":"ReadAction","target":["https:\/\/domartstyl.com\/en\/matylda-chair\/"]}]},{"@type":"ImageObject","inLanguage":"en-US","@id":"https:\/\/domartstyl.com\/en\/matylda-chair\/#primaryimage","url":"https:\/\/domartstyl.com\/wp-content\/uploads\/2019\/01\/Zrzut-ekranu-2025-02-04-125804.jpg","contentUrl":"https:\/\/domartstyl.com\/wp-content\/uploads\/2019\/01\/Zrzut-ekranu-2025-02-04-125804.jpg","width":853,"height":848,"caption":"Krzes\u0142o tapicerowane do jadalni"},{"@type":"BreadcrumbList","@id":"https:\/\/domartstyl.com\/en\/matylda-chair\/#breadcrumb","itemListElement":[{"@type":"ListItem","position":1,"name":"Strona g\u0142\u00f3wna","item":"https:\/\/domartstyl.com\/en\/"},{"@type":"ListItem","position":2,"name":"Modern Upholstered Furniture","item":"https:\/\/domartstyl.com\/en\/furniture\/"},{"@type":"ListItem","position":3,"name":"Matylda Chair"}]},{"@type":"WebSite","@id":"https:\/\/domartstyl.com\/en\/#website","url":"https:\/\/domartstyl.com\/en\/","name":"DomArtStyl","description":"Tworzymy meble najwy\u017cszej jako\u015bci. Sprzeda\u017c detaliczna \u00b7 Sprzeda\u017c hurtowa","publisher":{"@id":"https:\/\/domartstyl.com\/en\/#organization"},"potentialAction":[{"@type":"SearchAction","target":{"@type":"EntryPoint","urlTemplate":"https:\/\/domartstyl.com\/en\/?s={search_term_string}"},"query-input":{"@type":"PropertyValueSpecification","valueRequired":true,"valueName":"search_term_string"}}],"inLanguage":"en-US"},{"@type":"Organization","@id":"https:\/\/domartstyl.com\/en\/#organization","name":"DomArtStyl","url":"https:\/\/domartstyl.com\/en\/","logo":{"@type":"ImageObject","inLanguage":"en-US","@id":"https:\/\/domartstyl.com\/en\/#\/schema\/logo\/image\/","url":"https:\/\/domartstyl.com\/wp-content\/uploads\/2018\/04\/Logo_300_width.png","contentUrl":"https:\/\/domartstyl.com\/wp-content\/uploads\/2018\/04\/Logo_300_width.png","width":300,"height":140,"caption":"DomArtStyl"},"image":{"@id":"https:\/\/domartstyl.com\/en\/#\/schema\/logo\/image\/"},"sameAs":["https:\/\/www.facebook.com\/DomArtStyl\/","https:\/\/x.com\/DomArtStyl_pl","https:\/\/www.instagram.com\/domartstyl\/?hl=en","https:\/\/pl.pinterest.com\/domartstyl01\/","https:\/\/www.youtube.com\/channel\/UCkISSgvMomI6yFFL3JDbLhw"]}]},"og_availability":"instock","product_availability":"instock","product_condition":"new"},"_links":{"self":[{"href":"https:\/\/domartstyl.com\/en\/wp-json\/wp\/v2\/product\/46480","targetHints":{"allow":["GET"]}}],"collection":[{"href":"https:\/\/domartstyl.com\/en\/wp-json\/wp\/v2\/product"}],"about":[{"href":"https:\/\/domartstyl.com\/en\/wp-json\/wp\/v2\/types\/product"}],"replies":[{"embeddable":true,"href":"https:\/\/domartstyl.com\/en\/wp-json\/wp\/v2\/comments?post=46480"}],"wp:featuredmedia":[{"embeddable":true,"href":"https:\/\/domartstyl.com\/en\/wp-json\/wp\/v2\/media\/92674"}],"wp:attachment":[{"href":"https:\/\/domartstyl.com\/en\/wp-json\/wp\/v2\/media?parent=46480"}],"wp:term":[{"taxonomy":"product_brand","embeddable":true,"href":"https:\/\/domartstyl.com\/en\/wp-json\/wp\/v2\/product_brand?post=46480"},{"taxonomy":"product_cat","embeddable":true,"href":"https:\/\/domartstyl.com\/en\/wp-json\/wp\/v2\/product_cat?post=46480"},{"taxonomy":"product_tag","embeddable":true,"href":"https:\/\/domartstyl.com\/en\/wp-json\/wp\/v2\/product_tag?post=46480"}],"curies":[{"name":"wp","href":"https:\/\/api.w.org\/{rel}","templated":true}]}}