{"id":46220,"date":"2019-01-11T14:50:42","date_gmt":"2019-01-11T13:50:42","guid":{"rendered":"https:\/\/domartstyl.com\/bella-pouf\/"},"modified":"2025-05-15T10:57:25","modified_gmt":"2025-05-15T09:57:25","slug":"bella-pouf","status":"publish","type":"product","link":"https:\/\/domartstyl.com\/en\/bella-pouf\/","title":{"rendered":"Bella Pouf"},"content":{"rendered":"","protected":false},"excerpt":{"rendered":"<p><strong>Pufa Bella &#8211;<\/strong> This is a model from the new Perl Lusso collection, which premiered at the Cologne Imm Cologne 2018 fair. It is a very shapely and unique piece of furniture with shapely dimensions. The element that definitely distinguishes this model is the golden frame in gloss, on which the seat rests. In addition, the seat of the pouf is made with attention to every detail. Bella will surely appeal to customers with tasteful tastes. This model is ideally suited to the hall, but also perfectly fulfills the role of a modern footrest.<\/p>\n<p><strong>&#8211; Standard version of the pouf has a smooth seat, and a golden metal frame in gloss.<\/p>\n<p>POSSIBILITY TO ORDER A POUFF WITH A QUILTED SEAT.<br \/>\n<\/strong><\/p>\n<p><strong>AVAILABLE WHILE STOCK LASTS!<\/strong><\/p>\n","protected":false},"featured_media":80894,"comment_status":"closed","ping_status":"closed","template":"","meta":[],"product_brand":[],"product_cat":[8249],"product_tag":[],"class_list":{"0":"post-46220","1":"product","2":"type-product","3":"status-publish","4":"has-post-thumbnail","6":"product_cat-wholesale-furniture","7":"product_shipping_class-pakowane-podwojnie-30-40-en","9":"first","10":"instock","11":"taxable","12":"shipping-taxable","13":"purchasable","14":"product-type-soldout"},"yoast_head":"<!-- This site is optimized with the Yoast SEO Premium plugin v25.0 (Yoast SEO v25.0) - https:\/\/yoast.com\/wordpress\/plugins\/seo\/ -->\n<title>Bella Pouf , Manufacturer of Upholstered Furniture - DomArtStyl<\/title>\n<meta name=\"robots\" content=\"index, follow, max-snippet:-1, max-image-preview:large, max-video-preview:-1\" \/>\n<link rel=\"canonical\" href=\"https:\/\/domartstyl.com\/en\/bella-pouf\/\" \/>\n<meta property=\"og:locale\" content=\"en_US\" \/>\n<meta property=\"og:type\" content=\"article\" \/>\n<meta property=\"og:title\" content=\"Bella Pouf - DomArtStyl\" \/>\n<meta property=\"og:description\" content=\"Pufa Bella - This is a model from the new Perl Lusso collection, which premiered at the Cologne Imm Cologne 2018 fair. It is a very shapely and unique piece of furniture with shapely dimensions. The element that definitely distinguishes this model is the golden frame in gloss, on which the seat rests. In addition, the seat of the pouf is made with attention to every detail. Bella will surely appeal to customers with tasteful tastes. This model is ideally suited to the hall, but also perfectly fulfills the role of a modern footrest.  - Standard version of the pouf has a smooth seat, and a golden metal frame in gloss.  POSSIBILITY TO ORDER A POUFF WITH A QUILTED SEAT.   AVAILABLE WHILE STOCK LASTS!\" \/>\n<meta property=\"og:url\" content=\"https:\/\/domartstyl.com\/en\/bella-pouf\/\" \/>\n<meta property=\"og:site_name\" content=\"DomArtStyl\" \/>\n<meta property=\"article:publisher\" content=\"https:\/\/www.facebook.com\/DomArtStyl\/\" \/>\n<meta property=\"article:modified_time\" content=\"2025-05-15T09:57:25+00:00\" \/>\n<meta property=\"og:image\" content=\"https:\/\/domartstyl.com\/wp-content\/uploads\/2019\/01\/Pufa-rozowa-do-przedpokoju-na-zlotych-nogach-Bella.jpg\" \/>\n\t<meta property=\"og:image:width\" content=\"1200\" \/>\n\t<meta property=\"og:image:height\" content=\"1200\" \/>\n\t<meta property=\"og:image:type\" content=\"image\/jpeg\" \/>\n<meta name=\"twitter:card\" content=\"summary_large_image\" \/>\n<meta name=\"twitter:site\" content=\"@DomArtStyl_pl\" \/>\n<meta name=\"twitter:label1\" content=\"Price\" \/>\n\t<meta name=\"twitter:data1\" content=\"&euro;168,75\" \/>\n\t<meta name=\"twitter:label2\" content=\"Availability\" \/>\n\t<meta name=\"twitter:data2\" content=\"In stock\" \/>\n<script type=\"application\/ld+json\" class=\"yoast-schema-graph\">{\"@context\":\"https:\/\/schema.org\",\"@graph\":[{\"@type\":\"WebPage\",\"@id\":\"https:\/\/domartstyl.com\/en\/bella-pouf\/\",\"url\":\"https:\/\/domartstyl.com\/en\/bella-pouf\/\",\"name\":\"Bella Pouf , Manufacturer of Upholstered Furniture - DomArtStyl\",\"isPartOf\":{\"@id\":\"https:\/\/domartstyl.com\/en\/#website\"},\"primaryImageOfPage\":{\"@id\":\"https:\/\/domartstyl.com\/en\/bella-pouf\/#primaryimage\"},\"image\":{\"@id\":\"https:\/\/domartstyl.com\/en\/bella-pouf\/#primaryimage\"},\"thumbnailUrl\":\"https:\/\/domartstyl.com\/wp-content\/uploads\/2019\/01\/Pufa-rozowa-do-przedpokoju-na-zlotych-nogach-Bella.jpg\",\"datePublished\":\"2019-01-11T13:50:42+00:00\",\"dateModified\":\"2025-05-15T09:57:25+00:00\",\"breadcrumb\":{\"@id\":\"https:\/\/domartstyl.com\/en\/bella-pouf\/#breadcrumb\"},\"inLanguage\":\"en-US\",\"potentialAction\":[{\"@type\":\"ReadAction\",\"target\":[\"https:\/\/domartstyl.com\/en\/bella-pouf\/\"]}]},{\"@type\":\"ImageObject\",\"inLanguage\":\"en-US\",\"@id\":\"https:\/\/domartstyl.com\/en\/bella-pouf\/#primaryimage\",\"url\":\"https:\/\/domartstyl.com\/wp-content\/uploads\/2019\/01\/Pufa-rozowa-do-przedpokoju-na-zlotych-nogach-Bella.jpg\",\"contentUrl\":\"https:\/\/domartstyl.com\/wp-content\/uploads\/2019\/01\/Pufa-rozowa-do-przedpokoju-na-zlotych-nogach-Bella.jpg\",\"width\":1200,\"height\":1200,\"caption\":\"Pufa r\u00f3\u017cowa do przedpokoju na z\u0142otych nogach Bella\"},{\"@type\":\"BreadcrumbList\",\"@id\":\"https:\/\/domartstyl.com\/en\/bella-pouf\/#breadcrumb\",\"itemListElement\":[{\"@type\":\"ListItem\",\"position\":1,\"name\":\"Strona g\u0142\u00f3wna\",\"item\":\"https:\/\/domartstyl.com\/en\/\"},{\"@type\":\"ListItem\",\"position\":2,\"name\":\"Modern Upholstered Furniture\",\"item\":\"https:\/\/domartstyl.com\/en\/furniture\/\"},{\"@type\":\"ListItem\",\"position\":3,\"name\":\"Bella Pouf\"}]},{\"@type\":\"WebSite\",\"@id\":\"https:\/\/domartstyl.com\/en\/#website\",\"url\":\"https:\/\/domartstyl.com\/en\/\",\"name\":\"DomArtStyl\",\"description\":\"Tworzymy meble najwy\u017cszej jako\u015bci. Sprzeda\u017c detaliczna \u00b7 Sprzeda\u017c hurtowa\",\"publisher\":{\"@id\":\"https:\/\/domartstyl.com\/en\/#organization\"},\"potentialAction\":[{\"@type\":\"SearchAction\",\"target\":{\"@type\":\"EntryPoint\",\"urlTemplate\":\"https:\/\/domartstyl.com\/en\/?s={search_term_string}\"},\"query-input\":{\"@type\":\"PropertyValueSpecification\",\"valueRequired\":true,\"valueName\":\"search_term_string\"}}],\"inLanguage\":\"en-US\"},{\"@type\":\"Organization\",\"@id\":\"https:\/\/domartstyl.com\/en\/#organization\",\"name\":\"DomArtStyl\",\"url\":\"https:\/\/domartstyl.com\/en\/\",\"logo\":{\"@type\":\"ImageObject\",\"inLanguage\":\"en-US\",\"@id\":\"https:\/\/domartstyl.com\/en\/#\/schema\/logo\/image\/\",\"url\":\"https:\/\/domartstyl.com\/wp-content\/uploads\/2018\/04\/Logo_300_width.png\",\"contentUrl\":\"https:\/\/domartstyl.com\/wp-content\/uploads\/2018\/04\/Logo_300_width.png\",\"width\":300,\"height\":140,\"caption\":\"DomArtStyl\"},\"image\":{\"@id\":\"https:\/\/domartstyl.com\/en\/#\/schema\/logo\/image\/\"},\"sameAs\":[\"https:\/\/www.facebook.com\/DomArtStyl\/\",\"https:\/\/x.com\/DomArtStyl_pl\",\"https:\/\/www.instagram.com\/domartstyl\/?hl=en\",\"https:\/\/pl.pinterest.com\/domartstyl01\/\",\"https:\/\/www.youtube.com\/channel\/UCkISSgvMomI6yFFL3JDbLhw\"]}]}<\/script>\n<meta property=\"product:price:amount\" content=\"168.75\" \/>\n<meta property=\"product:price:currency\" content=\"EUR\" \/>\n<meta property=\"og:availability\" content=\"instock\" \/>\n<meta property=\"product:availability\" content=\"instock\" \/>\n<meta property=\"product:condition\" content=\"new\" \/>\n<!-- \/ Yoast SEO Premium plugin. -->","yoast_head_json":{"title":"Bella Pouf , Manufacturer of Upholstered Furniture - DomArtStyl","robots":{"index":"index","follow":"follow","max-snippet":"max-snippet:-1","max-image-preview":"max-image-preview:large","max-video-preview":"max-video-preview:-1"},"canonical":"https:\/\/domartstyl.com\/en\/bella-pouf\/","og_locale":"en_US","og_type":"article","og_title":"Bella Pouf - DomArtStyl","og_description":"Pufa Bella - This is a model from the new Perl Lusso collection, which premiered at the Cologne Imm Cologne 2018 fair. It is a very shapely and unique piece of furniture with shapely dimensions. The element that definitely distinguishes this model is the golden frame in gloss, on which the seat rests. In addition, the seat of the pouf is made with attention to every detail. Bella will surely appeal to customers with tasteful tastes. This model is ideally suited to the hall, but also perfectly fulfills the role of a modern footrest.  - Standard version of the pouf has a smooth seat, and a golden metal frame in gloss.  POSSIBILITY TO ORDER A POUFF WITH A QUILTED SEAT.   AVAILABLE WHILE STOCK LASTS!","og_url":"https:\/\/domartstyl.com\/en\/bella-pouf\/","og_site_name":"DomArtStyl","article_publisher":"https:\/\/www.facebook.com\/DomArtStyl\/","article_modified_time":"2025-05-15T09:57:25+00:00","og_image":[{"width":1200,"height":1200,"url":"https:\/\/domartstyl.com\/wp-content\/uploads\/2019\/01\/Pufa-rozowa-do-przedpokoju-na-zlotych-nogach-Bella.jpg","type":"image\/jpeg"}],"twitter_card":"summary_large_image","twitter_site":"@DomArtStyl_pl","twitter_misc":{"Price":"&euro;168,75","Availability":"In stock"},"schema":{"@context":"https:\/\/schema.org","@graph":[{"@type":"WebPage","@id":"https:\/\/domartstyl.com\/en\/bella-pouf\/","url":"https:\/\/domartstyl.com\/en\/bella-pouf\/","name":"Bella Pouf , Manufacturer of Upholstered Furniture - DomArtStyl","isPartOf":{"@id":"https:\/\/domartstyl.com\/en\/#website"},"primaryImageOfPage":{"@id":"https:\/\/domartstyl.com\/en\/bella-pouf\/#primaryimage"},"image":{"@id":"https:\/\/domartstyl.com\/en\/bella-pouf\/#primaryimage"},"thumbnailUrl":"https:\/\/domartstyl.com\/wp-content\/uploads\/2019\/01\/Pufa-rozowa-do-przedpokoju-na-zlotych-nogach-Bella.jpg","datePublished":"2019-01-11T13:50:42+00:00","dateModified":"2025-05-15T09:57:25+00:00","breadcrumb":{"@id":"https:\/\/domartstyl.com\/en\/bella-pouf\/#breadcrumb"},"inLanguage":"en-US","potentialAction":[{"@type":"ReadAction","target":["https:\/\/domartstyl.com\/en\/bella-pouf\/"]}]},{"@type":"ImageObject","inLanguage":"en-US","@id":"https:\/\/domartstyl.com\/en\/bella-pouf\/#primaryimage","url":"https:\/\/domartstyl.com\/wp-content\/uploads\/2019\/01\/Pufa-rozowa-do-przedpokoju-na-zlotych-nogach-Bella.jpg","contentUrl":"https:\/\/domartstyl.com\/wp-content\/uploads\/2019\/01\/Pufa-rozowa-do-przedpokoju-na-zlotych-nogach-Bella.jpg","width":1200,"height":1200,"caption":"Pufa r\u00f3\u017cowa do przedpokoju na z\u0142otych nogach Bella"},{"@type":"BreadcrumbList","@id":"https:\/\/domartstyl.com\/en\/bella-pouf\/#breadcrumb","itemListElement":[{"@type":"ListItem","position":1,"name":"Strona g\u0142\u00f3wna","item":"https:\/\/domartstyl.com\/en\/"},{"@type":"ListItem","position":2,"name":"Modern Upholstered Furniture","item":"https:\/\/domartstyl.com\/en\/furniture\/"},{"@type":"ListItem","position":3,"name":"Bella Pouf"}]},{"@type":"WebSite","@id":"https:\/\/domartstyl.com\/en\/#website","url":"https:\/\/domartstyl.com\/en\/","name":"DomArtStyl","description":"Tworzymy meble najwy\u017cszej jako\u015bci. Sprzeda\u017c detaliczna \u00b7 Sprzeda\u017c hurtowa","publisher":{"@id":"https:\/\/domartstyl.com\/en\/#organization"},"potentialAction":[{"@type":"SearchAction","target":{"@type":"EntryPoint","urlTemplate":"https:\/\/domartstyl.com\/en\/?s={search_term_string}"},"query-input":{"@type":"PropertyValueSpecification","valueRequired":true,"valueName":"search_term_string"}}],"inLanguage":"en-US"},{"@type":"Organization","@id":"https:\/\/domartstyl.com\/en\/#organization","name":"DomArtStyl","url":"https:\/\/domartstyl.com\/en\/","logo":{"@type":"ImageObject","inLanguage":"en-US","@id":"https:\/\/domartstyl.com\/en\/#\/schema\/logo\/image\/","url":"https:\/\/domartstyl.com\/wp-content\/uploads\/2018\/04\/Logo_300_width.png","contentUrl":"https:\/\/domartstyl.com\/wp-content\/uploads\/2018\/04\/Logo_300_width.png","width":300,"height":140,"caption":"DomArtStyl"},"image":{"@id":"https:\/\/domartstyl.com\/en\/#\/schema\/logo\/image\/"},"sameAs":["https:\/\/www.facebook.com\/DomArtStyl\/","https:\/\/x.com\/DomArtStyl_pl","https:\/\/www.instagram.com\/domartstyl\/?hl=en","https:\/\/pl.pinterest.com\/domartstyl01\/","https:\/\/www.youtube.com\/channel\/UCkISSgvMomI6yFFL3JDbLhw"]}]},"product_price_amount":"168.75","product_price_currency":"EUR","og_availability":"instock","product_availability":"instock","product_condition":"new"},"_links":{"self":[{"href":"https:\/\/domartstyl.com\/en\/wp-json\/wp\/v2\/product\/46220","targetHints":{"allow":["GET"]}}],"collection":[{"href":"https:\/\/domartstyl.com\/en\/wp-json\/wp\/v2\/product"}],"about":[{"href":"https:\/\/domartstyl.com\/en\/wp-json\/wp\/v2\/types\/product"}],"replies":[{"embeddable":true,"href":"https:\/\/domartstyl.com\/en\/wp-json\/wp\/v2\/comments?post=46220"}],"wp:featuredmedia":[{"embeddable":true,"href":"https:\/\/domartstyl.com\/en\/wp-json\/wp\/v2\/media\/80894"}],"wp:attachment":[{"href":"https:\/\/domartstyl.com\/en\/wp-json\/wp\/v2\/media?parent=46220"}],"wp:term":[{"taxonomy":"product_brand","embeddable":true,"href":"https:\/\/domartstyl.com\/en\/wp-json\/wp\/v2\/product_brand?post=46220"},{"taxonomy":"product_cat","embeddable":true,"href":"https:\/\/domartstyl.com\/en\/wp-json\/wp\/v2\/product_cat?post=46220"},{"taxonomy":"product_tag","embeddable":true,"href":"https:\/\/domartstyl.com\/en\/wp-json\/wp\/v2\/product_tag?post=46220"}],"curies":[{"name":"wp","href":"https:\/\/api.w.org\/{rel}","templated":true}]}}