{"id":46219,"date":"2019-01-12T08:33:27","date_gmt":"2019-01-12T07:33:27","guid":{"rendered":"https:\/\/domartstyl.com\/noa-sofa\/"},"modified":"2024-01-31T13:34:08","modified_gmt":"2024-01-31T12:34:08","slug":"noa-sofa","status":"publish","type":"product","link":"https:\/\/domartstyl.com\/en\/noa-sofa\/","title":{"rendered":"Noa Sofa"},"content":{"rendered":"","protected":false},"excerpt":{"rendered":"<p style=\"text-align: center;\"><strong>If interested, please contact the Customer Service Office<br \/>\nbiuro@domartstyl.pl<br \/>\n+48 882 659 700<br \/>\n+48 600 766 340<\/strong><\/p>\n<p style=\"text-align: left;\"><strong><br \/>\nNoa sofa &#8211;<\/strong> this is a model from the Perl Lusso collection, which premiered at the Cologne Imm Cologne 2019 fair. The furniture is made in a modern style that perfectly matches the caf\u00e9, waiting room or living room. It has a thick, comfortable seat and a trapezoidal backrest, expanding at the top. The backrest is decorated with vertical stitching. The whole supported on turned legs in the Scandinavian style. The sofa to the set perfectly matches the Noa armchair. The decorative trim is applied to the seat trim.<\/p>\n<p><strong>&#8211; The standard version has vertical stitching on the back.<\/strong><\/p>\n<p><strong>&#8211; The model presented in the picture has black legs and gold tips as an addition.<\/strong><\/p>\n<p>This piece of furniture requires legs to be installed individually.<\/p>\n","protected":false},"featured_media":81233,"comment_status":"closed","ping_status":"closed","template":"","meta":[],"product_brand":[],"product_cat":[8249],"product_tag":[],"class_list":{"0":"post-46219","1":"product","2":"type-product","3":"status-publish","4":"has-post-thumbnail","6":"product_cat-wholesale-furniture","7":"product_shipping_class-individual-pricing","9":"first","10":"instock","11":"taxable","12":"shipping-taxable","13":"product-type-soldout"},"yoast_head":"<!-- This site is optimized with the Yoast SEO Premium plugin v25.0 (Yoast SEO v25.0) - https:\/\/yoast.com\/wordpress\/plugins\/seo\/ -->\n<title>Noa Sofa , Manufacturer of Upholstered Furniture - DomArtStyl<\/title>\n<meta name=\"robots\" content=\"index, follow, max-snippet:-1, max-image-preview:large, max-video-preview:-1\" \/>\n<link rel=\"canonical\" href=\"https:\/\/domartstyl.com\/en\/noa-sofa\/\" \/>\n<meta property=\"og:locale\" content=\"en_US\" \/>\n<meta property=\"og:type\" content=\"article\" \/>\n<meta property=\"og:title\" content=\"Noa Sofa - DomArtStyl\" \/>\n<meta property=\"og:description\" content=\"If interested, please contact the Customer Service Office biuro@domartstyl.pl +48 882 659 700 +48 600 766 340  Noa sofa - this is a model from the Perl Lusso collection, which premiered at the Cologne Imm Cologne 2019 fair. The furniture is made in a modern style that perfectly matches the caf\u00e9, waiting room or living room. It has a thick, comfortable seat and a trapezoidal backrest, expanding at the top. The backrest is decorated with vertical stitching. The whole supported on turned legs in the Scandinavian style. The sofa to the set perfectly matches the Noa armchair. The decorative trim is applied to the seat trim. - The standard version has vertical stitching on the back.  - The model presented in the picture has black legs and gold tips as an addition.  This piece of furniture requires legs to be installed individually.\" \/>\n<meta property=\"og:url\" content=\"https:\/\/domartstyl.com\/en\/noa-sofa\/\" \/>\n<meta property=\"og:site_name\" content=\"DomArtStyl\" \/>\n<meta property=\"article:publisher\" content=\"https:\/\/www.facebook.com\/DomArtStyl\/\" \/>\n<meta property=\"article:modified_time\" content=\"2024-01-31T12:34:08+00:00\" \/>\n<meta property=\"og:image\" content=\"https:\/\/domartstyl.com\/wp-content\/uploads\/2019\/01\/Sofa-rozowa-welurowa-nowoczesna-na-drewnianych-nogach-Noa.jpg\" \/>\n\t<meta property=\"og:image:width\" content=\"1200\" \/>\n\t<meta property=\"og:image:height\" content=\"1200\" \/>\n\t<meta property=\"og:image:type\" content=\"image\/jpeg\" \/>\n<meta name=\"twitter:card\" content=\"summary_large_image\" \/>\n<meta name=\"twitter:site\" content=\"@DomArtStyl_pl\" \/>\n<meta name=\"twitter:label1\" content=\"Price\" \/>\n\t<meta name=\"twitter:data1\" content=\"\" \/>\n\t<meta name=\"twitter:label2\" content=\"Availability\" \/>\n\t<meta name=\"twitter:data2\" content=\"In stock\" \/>\n<script type=\"application\/ld+json\" class=\"yoast-schema-graph\">{\"@context\":\"https:\/\/schema.org\",\"@graph\":[{\"@type\":\"WebPage\",\"@id\":\"https:\/\/domartstyl.com\/en\/noa-sofa\/\",\"url\":\"https:\/\/domartstyl.com\/en\/noa-sofa\/\",\"name\":\"Noa Sofa , Manufacturer of Upholstered Furniture - DomArtStyl\",\"isPartOf\":{\"@id\":\"https:\/\/domartstyl.com\/en\/#website\"},\"primaryImageOfPage\":{\"@id\":\"https:\/\/domartstyl.com\/en\/noa-sofa\/#primaryimage\"},\"image\":{\"@id\":\"https:\/\/domartstyl.com\/en\/noa-sofa\/#primaryimage\"},\"thumbnailUrl\":\"https:\/\/domartstyl.com\/wp-content\/uploads\/2019\/01\/Sofa-rozowa-welurowa-nowoczesna-na-drewnianych-nogach-Noa.jpg\",\"datePublished\":\"2019-01-12T07:33:27+00:00\",\"dateModified\":\"2024-01-31T12:34:08+00:00\",\"breadcrumb\":{\"@id\":\"https:\/\/domartstyl.com\/en\/noa-sofa\/#breadcrumb\"},\"inLanguage\":\"en-US\",\"potentialAction\":[{\"@type\":\"ReadAction\",\"target\":[\"https:\/\/domartstyl.com\/en\/noa-sofa\/\"]}]},{\"@type\":\"ImageObject\",\"inLanguage\":\"en-US\",\"@id\":\"https:\/\/domartstyl.com\/en\/noa-sofa\/#primaryimage\",\"url\":\"https:\/\/domartstyl.com\/wp-content\/uploads\/2019\/01\/Sofa-rozowa-welurowa-nowoczesna-na-drewnianych-nogach-Noa.jpg\",\"contentUrl\":\"https:\/\/domartstyl.com\/wp-content\/uploads\/2019\/01\/Sofa-rozowa-welurowa-nowoczesna-na-drewnianych-nogach-Noa.jpg\",\"width\":1200,\"height\":1200,\"caption\":\"Sofa r\u00f3\u017cowa welurowa nowoczesna na drewnianych nogach Noa\"},{\"@type\":\"BreadcrumbList\",\"@id\":\"https:\/\/domartstyl.com\/en\/noa-sofa\/#breadcrumb\",\"itemListElement\":[{\"@type\":\"ListItem\",\"position\":1,\"name\":\"Strona g\u0142\u00f3wna\",\"item\":\"https:\/\/domartstyl.com\/en\/\"},{\"@type\":\"ListItem\",\"position\":2,\"name\":\"Modern Upholstered Furniture\",\"item\":\"https:\/\/domartstyl.com\/en\/furniture\/\"},{\"@type\":\"ListItem\",\"position\":3,\"name\":\"Noa Sofa\"}]},{\"@type\":\"WebSite\",\"@id\":\"https:\/\/domartstyl.com\/en\/#website\",\"url\":\"https:\/\/domartstyl.com\/en\/\",\"name\":\"DomArtStyl\",\"description\":\"Tworzymy meble najwy\u017cszej jako\u015bci. Sprzeda\u017c detaliczna \u00b7 Sprzeda\u017c hurtowa\",\"publisher\":{\"@id\":\"https:\/\/domartstyl.com\/en\/#organization\"},\"potentialAction\":[{\"@type\":\"SearchAction\",\"target\":{\"@type\":\"EntryPoint\",\"urlTemplate\":\"https:\/\/domartstyl.com\/en\/?s={search_term_string}\"},\"query-input\":{\"@type\":\"PropertyValueSpecification\",\"valueRequired\":true,\"valueName\":\"search_term_string\"}}],\"inLanguage\":\"en-US\"},{\"@type\":\"Organization\",\"@id\":\"https:\/\/domartstyl.com\/en\/#organization\",\"name\":\"DomArtStyl\",\"url\":\"https:\/\/domartstyl.com\/en\/\",\"logo\":{\"@type\":\"ImageObject\",\"inLanguage\":\"en-US\",\"@id\":\"https:\/\/domartstyl.com\/en\/#\/schema\/logo\/image\/\",\"url\":\"https:\/\/domartstyl.com\/wp-content\/uploads\/2018\/04\/Logo_300_width.png\",\"contentUrl\":\"https:\/\/domartstyl.com\/wp-content\/uploads\/2018\/04\/Logo_300_width.png\",\"width\":300,\"height\":140,\"caption\":\"DomArtStyl\"},\"image\":{\"@id\":\"https:\/\/domartstyl.com\/en\/#\/schema\/logo\/image\/\"},\"sameAs\":[\"https:\/\/www.facebook.com\/DomArtStyl\/\",\"https:\/\/x.com\/DomArtStyl_pl\",\"https:\/\/www.instagram.com\/domartstyl\/?hl=en\",\"https:\/\/pl.pinterest.com\/domartstyl01\/\",\"https:\/\/www.youtube.com\/channel\/UCkISSgvMomI6yFFL3JDbLhw\"]}]}<\/script>\n<meta property=\"product:price:amount\" content=\"0.00\" \/>\n<meta property=\"product:price:currency\" content=\"EUR\" \/>\n<meta property=\"og:availability\" content=\"instock\" \/>\n<meta property=\"product:availability\" content=\"instock\" \/>\n<meta property=\"product:condition\" content=\"new\" \/>\n<!-- \/ Yoast SEO Premium plugin. -->","yoast_head_json":{"title":"Noa Sofa , Manufacturer of Upholstered Furniture - DomArtStyl","robots":{"index":"index","follow":"follow","max-snippet":"max-snippet:-1","max-image-preview":"max-image-preview:large","max-video-preview":"max-video-preview:-1"},"canonical":"https:\/\/domartstyl.com\/en\/noa-sofa\/","og_locale":"en_US","og_type":"article","og_title":"Noa Sofa - DomArtStyl","og_description":"If interested, please contact the Customer Service Office biuro@domartstyl.pl +48 882 659 700 +48 600 766 340  Noa sofa - this is a model from the Perl Lusso collection, which premiered at the Cologne Imm Cologne 2019 fair. The furniture is made in a modern style that perfectly matches the caf\u00e9, waiting room or living room. It has a thick, comfortable seat and a trapezoidal backrest, expanding at the top. The backrest is decorated with vertical stitching. The whole supported on turned legs in the Scandinavian style. The sofa to the set perfectly matches the Noa armchair. The decorative trim is applied to the seat trim. - The standard version has vertical stitching on the back.  - The model presented in the picture has black legs and gold tips as an addition.  This piece of furniture requires legs to be installed individually.","og_url":"https:\/\/domartstyl.com\/en\/noa-sofa\/","og_site_name":"DomArtStyl","article_publisher":"https:\/\/www.facebook.com\/DomArtStyl\/","article_modified_time":"2024-01-31T12:34:08+00:00","og_image":[{"width":1200,"height":1200,"url":"https:\/\/domartstyl.com\/wp-content\/uploads\/2019\/01\/Sofa-rozowa-welurowa-nowoczesna-na-drewnianych-nogach-Noa.jpg","type":"image\/jpeg"}],"twitter_card":"summary_large_image","twitter_site":"@DomArtStyl_pl","twitter_misc":{"Price":"","Availability":"In stock"},"schema":{"@context":"https:\/\/schema.org","@graph":[{"@type":"WebPage","@id":"https:\/\/domartstyl.com\/en\/noa-sofa\/","url":"https:\/\/domartstyl.com\/en\/noa-sofa\/","name":"Noa Sofa , Manufacturer of Upholstered Furniture - DomArtStyl","isPartOf":{"@id":"https:\/\/domartstyl.com\/en\/#website"},"primaryImageOfPage":{"@id":"https:\/\/domartstyl.com\/en\/noa-sofa\/#primaryimage"},"image":{"@id":"https:\/\/domartstyl.com\/en\/noa-sofa\/#primaryimage"},"thumbnailUrl":"https:\/\/domartstyl.com\/wp-content\/uploads\/2019\/01\/Sofa-rozowa-welurowa-nowoczesna-na-drewnianych-nogach-Noa.jpg","datePublished":"2019-01-12T07:33:27+00:00","dateModified":"2024-01-31T12:34:08+00:00","breadcrumb":{"@id":"https:\/\/domartstyl.com\/en\/noa-sofa\/#breadcrumb"},"inLanguage":"en-US","potentialAction":[{"@type":"ReadAction","target":["https:\/\/domartstyl.com\/en\/noa-sofa\/"]}]},{"@type":"ImageObject","inLanguage":"en-US","@id":"https:\/\/domartstyl.com\/en\/noa-sofa\/#primaryimage","url":"https:\/\/domartstyl.com\/wp-content\/uploads\/2019\/01\/Sofa-rozowa-welurowa-nowoczesna-na-drewnianych-nogach-Noa.jpg","contentUrl":"https:\/\/domartstyl.com\/wp-content\/uploads\/2019\/01\/Sofa-rozowa-welurowa-nowoczesna-na-drewnianych-nogach-Noa.jpg","width":1200,"height":1200,"caption":"Sofa r\u00f3\u017cowa welurowa nowoczesna na drewnianych nogach Noa"},{"@type":"BreadcrumbList","@id":"https:\/\/domartstyl.com\/en\/noa-sofa\/#breadcrumb","itemListElement":[{"@type":"ListItem","position":1,"name":"Strona g\u0142\u00f3wna","item":"https:\/\/domartstyl.com\/en\/"},{"@type":"ListItem","position":2,"name":"Modern Upholstered Furniture","item":"https:\/\/domartstyl.com\/en\/furniture\/"},{"@type":"ListItem","position":3,"name":"Noa Sofa"}]},{"@type":"WebSite","@id":"https:\/\/domartstyl.com\/en\/#website","url":"https:\/\/domartstyl.com\/en\/","name":"DomArtStyl","description":"Tworzymy meble najwy\u017cszej jako\u015bci. Sprzeda\u017c detaliczna \u00b7 Sprzeda\u017c hurtowa","publisher":{"@id":"https:\/\/domartstyl.com\/en\/#organization"},"potentialAction":[{"@type":"SearchAction","target":{"@type":"EntryPoint","urlTemplate":"https:\/\/domartstyl.com\/en\/?s={search_term_string}"},"query-input":{"@type":"PropertyValueSpecification","valueRequired":true,"valueName":"search_term_string"}}],"inLanguage":"en-US"},{"@type":"Organization","@id":"https:\/\/domartstyl.com\/en\/#organization","name":"DomArtStyl","url":"https:\/\/domartstyl.com\/en\/","logo":{"@type":"ImageObject","inLanguage":"en-US","@id":"https:\/\/domartstyl.com\/en\/#\/schema\/logo\/image\/","url":"https:\/\/domartstyl.com\/wp-content\/uploads\/2018\/04\/Logo_300_width.png","contentUrl":"https:\/\/domartstyl.com\/wp-content\/uploads\/2018\/04\/Logo_300_width.png","width":300,"height":140,"caption":"DomArtStyl"},"image":{"@id":"https:\/\/domartstyl.com\/en\/#\/schema\/logo\/image\/"},"sameAs":["https:\/\/www.facebook.com\/DomArtStyl\/","https:\/\/x.com\/DomArtStyl_pl","https:\/\/www.instagram.com\/domartstyl\/?hl=en","https:\/\/pl.pinterest.com\/domartstyl01\/","https:\/\/www.youtube.com\/channel\/UCkISSgvMomI6yFFL3JDbLhw"]}]},"product_price_amount":"0.00","product_price_currency":"EUR","og_availability":"instock","product_availability":"instock","product_condition":"new"},"_links":{"self":[{"href":"https:\/\/domartstyl.com\/en\/wp-json\/wp\/v2\/product\/46219","targetHints":{"allow":["GET"]}}],"collection":[{"href":"https:\/\/domartstyl.com\/en\/wp-json\/wp\/v2\/product"}],"about":[{"href":"https:\/\/domartstyl.com\/en\/wp-json\/wp\/v2\/types\/product"}],"replies":[{"embeddable":true,"href":"https:\/\/domartstyl.com\/en\/wp-json\/wp\/v2\/comments?post=46219"}],"wp:featuredmedia":[{"embeddable":true,"href":"https:\/\/domartstyl.com\/en\/wp-json\/wp\/v2\/media\/81233"}],"wp:attachment":[{"href":"https:\/\/domartstyl.com\/en\/wp-json\/wp\/v2\/media?parent=46219"}],"wp:term":[{"taxonomy":"product_brand","embeddable":true,"href":"https:\/\/domartstyl.com\/en\/wp-json\/wp\/v2\/product_brand?post=46219"},{"taxonomy":"product_cat","embeddable":true,"href":"https:\/\/domartstyl.com\/en\/wp-json\/wp\/v2\/product_cat?post=46219"},{"taxonomy":"product_tag","embeddable":true,"href":"https:\/\/domartstyl.com\/en\/wp-json\/wp\/v2\/product_tag?post=46219"}],"curies":[{"name":"wp","href":"https:\/\/api.w.org\/{rel}","templated":true}]}}