{"id":46217,"date":"2019-01-14T12:08:58","date_gmt":"2019-01-14T11:08:58","guid":{"rendered":"https:\/\/domartstyl.com\/augusto-chair\/"},"modified":"2023-04-20T13:50:49","modified_gmt":"2023-04-20T12:50:49","slug":"augusto-chair","status":"publish","type":"product","link":"https:\/\/domartstyl.com\/en\/augusto-chair\/","title":{"rendered":"Augusto Chair"},"content":{"rendered":"","protected":false},"excerpt":{"rendered":"<p><strong>Augusto chair<\/strong> &#8211; this is a model from the new Perl Lusso collection, which premiered at the Cologne Imm Cologne 2018 fair. This model is very unique and unique, not only because of the notch in the back, but mainly due to the fact that it has upholstered legs. It is a piece of furniture fully upholstered. As the finishing of the seat, a trimming was used. The whole looks perfect. The best quality material was used for production, thanks to which this model is highly appreciated by our clients.<\/p>\n<p><strong>&#8211; The standard version of the chair has:<br \/>\n<\/strong>-black leg fastening<br \/>\n-turned, upholstered legs in the Scandinavian style.<\/p>\n<p><strong>&#8211; The trim of the seat may be made in a different color than the furniture.<\/p>\n<p><\/strong>NEW! The same model on a metal frame!<br \/>\n<a href=\"https:\/\/domartstyl.com\/en\/augusto-ski-chair\/\">https:\/\/domartstyl.com\/en\/augusto-ski-chair\/<\/a><br \/>\n<a href=\"https:\/\/domartstyl.com\/en\/augusto-cross-chair\/\">https:\/\/domartstyl.com\/en\/augusto-cross-chair\/<\/a><br \/>\n<a href=\"https:\/\/domartstyl.com\/en\/augusto-spider-chair\/\">https:\/\/domartstyl.com\/en\/augusto-spider-chair\/<\/a><\/p>\n<p>-For public utility places, we recommend using a thicker version of the legs and the leg fastening in this model.<\/p>\n","protected":false},"featured_media":82506,"comment_status":"closed","ping_status":"closed","template":"","meta":[],"product_brand":[],"product_cat":[8249],"product_tag":[],"class_list":{"0":"post-46217","1":"product","2":"type-product","3":"status-publish","4":"has-post-thumbnail","6":"product_cat-wholesale-furniture","7":"product_shipping_class-pakowane-podwojnie-30-40-en","9":"first","10":"instock","11":"taxable","12":"shipping-taxable","13":"product-type-soldout"},"yoast_head":"<!-- This site is optimized with the Yoast SEO Premium plugin v25.0 (Yoast SEO v25.0) - https:\/\/yoast.com\/wordpress\/plugins\/seo\/ -->\n<title>Augusto Chair , Manufacturer of Upholstered Furniture - DomArtStyl<\/title>\n<meta name=\"robots\" content=\"index, follow, max-snippet:-1, max-image-preview:large, max-video-preview:-1\" \/>\n<link rel=\"canonical\" href=\"https:\/\/domartstyl.com\/en\/augusto-chair\/\" \/>\n<meta property=\"og:locale\" content=\"en_US\" \/>\n<meta property=\"og:type\" content=\"article\" \/>\n<meta property=\"og:title\" content=\"Augusto Chair - DomArtStyl\" \/>\n<meta property=\"og:description\" content=\"Augusto chair - this is a model from the new Perl Lusso collection, which premiered at the Cologne Imm Cologne 2018 fair. This model is very unique and unique, not only because of the notch in the back, but mainly due to the fact that it has upholstered legs. It is a piece of furniture fully upholstered. As the finishing of the seat, a trimming was used. The whole looks perfect. The best quality material was used for production, thanks to which this model is highly appreciated by our clients.  - The standard version of the chair has: -black leg fastening -turned, upholstered legs in the Scandinavian style.  - The trim of the seat may be made in a different color than the furniture.  NEW! The same model on a metal frame! https:\/\/domartstyl.com\/en\/augusto-ski-chair\/ https:\/\/domartstyl.com\/en\/augusto-cross-chair\/ https:\/\/domartstyl.com\/en\/augusto-spider-chair\/  -For public utility places, we recommend using a thicker version of the legs and the leg fastening in this model.\" \/>\n<meta property=\"og:url\" content=\"https:\/\/domartstyl.com\/en\/augusto-chair\/\" \/>\n<meta property=\"og:site_name\" content=\"DomArtStyl\" \/>\n<meta property=\"article:publisher\" content=\"https:\/\/www.facebook.com\/DomArtStyl\/\" \/>\n<meta property=\"article:modified_time\" content=\"2023-04-20T12:50:49+00:00\" \/>\n<meta property=\"og:image\" content=\"https:\/\/domartstyl.com\/wp-content\/uploads\/2019\/01\/1-krzeslo-welurowe-w-stylu-skandynawskim-kremowe-augusto.jpg\" \/>\n\t<meta property=\"og:image:width\" content=\"1200\" \/>\n\t<meta property=\"og:image:height\" content=\"1200\" \/>\n\t<meta property=\"og:image:type\" content=\"image\/jpeg\" \/>\n<meta name=\"twitter:card\" content=\"summary_large_image\" \/>\n<meta name=\"twitter:site\" content=\"@DomArtStyl_pl\" \/>\n<meta name=\"twitter:label1\" content=\"Price\" \/>\n\t<meta name=\"twitter:data1\" content=\"\" \/>\n\t<meta name=\"twitter:label2\" content=\"Availability\" \/>\n\t<meta name=\"twitter:data2\" content=\"In stock\" \/>\n<script type=\"application\/ld+json\" class=\"yoast-schema-graph\">{\"@context\":\"https:\/\/schema.org\",\"@graph\":[{\"@type\":\"WebPage\",\"@id\":\"https:\/\/domartstyl.com\/en\/augusto-chair\/\",\"url\":\"https:\/\/domartstyl.com\/en\/augusto-chair\/\",\"name\":\"Augusto Chair , Manufacturer of Upholstered Furniture - DomArtStyl\",\"isPartOf\":{\"@id\":\"https:\/\/domartstyl.com\/en\/#website\"},\"primaryImageOfPage\":{\"@id\":\"https:\/\/domartstyl.com\/en\/augusto-chair\/#primaryimage\"},\"image\":{\"@id\":\"https:\/\/domartstyl.com\/en\/augusto-chair\/#primaryimage\"},\"thumbnailUrl\":\"https:\/\/domartstyl.com\/wp-content\/uploads\/2019\/01\/1-krzeslo-welurowe-w-stylu-skandynawskim-kremowe-augusto.jpg\",\"datePublished\":\"2019-01-14T11:08:58+00:00\",\"dateModified\":\"2023-04-20T12:50:49+00:00\",\"breadcrumb\":{\"@id\":\"https:\/\/domartstyl.com\/en\/augusto-chair\/#breadcrumb\"},\"inLanguage\":\"en-US\",\"potentialAction\":[{\"@type\":\"ReadAction\",\"target\":[\"https:\/\/domartstyl.com\/en\/augusto-chair\/\"]}]},{\"@type\":\"ImageObject\",\"inLanguage\":\"en-US\",\"@id\":\"https:\/\/domartstyl.com\/en\/augusto-chair\/#primaryimage\",\"url\":\"https:\/\/domartstyl.com\/wp-content\/uploads\/2019\/01\/1-krzeslo-welurowe-w-stylu-skandynawskim-kremowe-augusto.jpg\",\"contentUrl\":\"https:\/\/domartstyl.com\/wp-content\/uploads\/2019\/01\/1-krzeslo-welurowe-w-stylu-skandynawskim-kremowe-augusto.jpg\",\"width\":1200,\"height\":1200,\"caption\":\"Krzes\u0142o welurowe w stylu skandynawskim kremowe Augusto\"},{\"@type\":\"BreadcrumbList\",\"@id\":\"https:\/\/domartstyl.com\/en\/augusto-chair\/#breadcrumb\",\"itemListElement\":[{\"@type\":\"ListItem\",\"position\":1,\"name\":\"Strona g\u0142\u00f3wna\",\"item\":\"https:\/\/domartstyl.com\/en\/\"},{\"@type\":\"ListItem\",\"position\":2,\"name\":\"Modern Upholstered Furniture\",\"item\":\"https:\/\/domartstyl.com\/en\/furniture\/\"},{\"@type\":\"ListItem\",\"position\":3,\"name\":\"Augusto Chair\"}]},{\"@type\":\"WebSite\",\"@id\":\"https:\/\/domartstyl.com\/en\/#website\",\"url\":\"https:\/\/domartstyl.com\/en\/\",\"name\":\"DomArtStyl\",\"description\":\"Tworzymy meble najwy\u017cszej jako\u015bci. Sprzeda\u017c detaliczna \u00b7 Sprzeda\u017c hurtowa\",\"publisher\":{\"@id\":\"https:\/\/domartstyl.com\/en\/#organization\"},\"potentialAction\":[{\"@type\":\"SearchAction\",\"target\":{\"@type\":\"EntryPoint\",\"urlTemplate\":\"https:\/\/domartstyl.com\/en\/?s={search_term_string}\"},\"query-input\":{\"@type\":\"PropertyValueSpecification\",\"valueRequired\":true,\"valueName\":\"search_term_string\"}}],\"inLanguage\":\"en-US\"},{\"@type\":\"Organization\",\"@id\":\"https:\/\/domartstyl.com\/en\/#organization\",\"name\":\"DomArtStyl\",\"url\":\"https:\/\/domartstyl.com\/en\/\",\"logo\":{\"@type\":\"ImageObject\",\"inLanguage\":\"en-US\",\"@id\":\"https:\/\/domartstyl.com\/en\/#\/schema\/logo\/image\/\",\"url\":\"https:\/\/domartstyl.com\/wp-content\/uploads\/2018\/04\/Logo_300_width.png\",\"contentUrl\":\"https:\/\/domartstyl.com\/wp-content\/uploads\/2018\/04\/Logo_300_width.png\",\"width\":300,\"height\":140,\"caption\":\"DomArtStyl\"},\"image\":{\"@id\":\"https:\/\/domartstyl.com\/en\/#\/schema\/logo\/image\/\"},\"sameAs\":[\"https:\/\/www.facebook.com\/DomArtStyl\/\",\"https:\/\/x.com\/DomArtStyl_pl\",\"https:\/\/www.instagram.com\/domartstyl\/?hl=en\",\"https:\/\/pl.pinterest.com\/domartstyl01\/\",\"https:\/\/www.youtube.com\/channel\/UCkISSgvMomI6yFFL3JDbLhw\"]}]}<\/script>\n<meta property=\"product:price:amount\" content=\"0.00\" \/>\n<meta property=\"product:price:currency\" content=\"EUR\" \/>\n<meta property=\"og:availability\" content=\"instock\" \/>\n<meta property=\"product:availability\" content=\"instock\" \/>\n<meta property=\"product:condition\" content=\"new\" \/>\n<!-- \/ Yoast SEO Premium plugin. -->","yoast_head_json":{"title":"Augusto Chair , Manufacturer of Upholstered Furniture - DomArtStyl","robots":{"index":"index","follow":"follow","max-snippet":"max-snippet:-1","max-image-preview":"max-image-preview:large","max-video-preview":"max-video-preview:-1"},"canonical":"https:\/\/domartstyl.com\/en\/augusto-chair\/","og_locale":"en_US","og_type":"article","og_title":"Augusto Chair - DomArtStyl","og_description":"Augusto chair - this is a model from the new Perl Lusso collection, which premiered at the Cologne Imm Cologne 2018 fair. This model is very unique and unique, not only because of the notch in the back, but mainly due to the fact that it has upholstered legs. It is a piece of furniture fully upholstered. As the finishing of the seat, a trimming was used. The whole looks perfect. The best quality material was used for production, thanks to which this model is highly appreciated by our clients.  - The standard version of the chair has: -black leg fastening -turned, upholstered legs in the Scandinavian style.  - The trim of the seat may be made in a different color than the furniture.  NEW! The same model on a metal frame! https:\/\/domartstyl.com\/en\/augusto-ski-chair\/ https:\/\/domartstyl.com\/en\/augusto-cross-chair\/ https:\/\/domartstyl.com\/en\/augusto-spider-chair\/  -For public utility places, we recommend using a thicker version of the legs and the leg fastening in this model.","og_url":"https:\/\/domartstyl.com\/en\/augusto-chair\/","og_site_name":"DomArtStyl","article_publisher":"https:\/\/www.facebook.com\/DomArtStyl\/","article_modified_time":"2023-04-20T12:50:49+00:00","og_image":[{"width":1200,"height":1200,"url":"https:\/\/domartstyl.com\/wp-content\/uploads\/2019\/01\/1-krzeslo-welurowe-w-stylu-skandynawskim-kremowe-augusto.jpg","type":"image\/jpeg"}],"twitter_card":"summary_large_image","twitter_site":"@DomArtStyl_pl","twitter_misc":{"Price":"","Availability":"In stock"},"schema":{"@context":"https:\/\/schema.org","@graph":[{"@type":"WebPage","@id":"https:\/\/domartstyl.com\/en\/augusto-chair\/","url":"https:\/\/domartstyl.com\/en\/augusto-chair\/","name":"Augusto Chair , Manufacturer of Upholstered Furniture - DomArtStyl","isPartOf":{"@id":"https:\/\/domartstyl.com\/en\/#website"},"primaryImageOfPage":{"@id":"https:\/\/domartstyl.com\/en\/augusto-chair\/#primaryimage"},"image":{"@id":"https:\/\/domartstyl.com\/en\/augusto-chair\/#primaryimage"},"thumbnailUrl":"https:\/\/domartstyl.com\/wp-content\/uploads\/2019\/01\/1-krzeslo-welurowe-w-stylu-skandynawskim-kremowe-augusto.jpg","datePublished":"2019-01-14T11:08:58+00:00","dateModified":"2023-04-20T12:50:49+00:00","breadcrumb":{"@id":"https:\/\/domartstyl.com\/en\/augusto-chair\/#breadcrumb"},"inLanguage":"en-US","potentialAction":[{"@type":"ReadAction","target":["https:\/\/domartstyl.com\/en\/augusto-chair\/"]}]},{"@type":"ImageObject","inLanguage":"en-US","@id":"https:\/\/domartstyl.com\/en\/augusto-chair\/#primaryimage","url":"https:\/\/domartstyl.com\/wp-content\/uploads\/2019\/01\/1-krzeslo-welurowe-w-stylu-skandynawskim-kremowe-augusto.jpg","contentUrl":"https:\/\/domartstyl.com\/wp-content\/uploads\/2019\/01\/1-krzeslo-welurowe-w-stylu-skandynawskim-kremowe-augusto.jpg","width":1200,"height":1200,"caption":"Krzes\u0142o welurowe w stylu skandynawskim kremowe Augusto"},{"@type":"BreadcrumbList","@id":"https:\/\/domartstyl.com\/en\/augusto-chair\/#breadcrumb","itemListElement":[{"@type":"ListItem","position":1,"name":"Strona g\u0142\u00f3wna","item":"https:\/\/domartstyl.com\/en\/"},{"@type":"ListItem","position":2,"name":"Modern Upholstered Furniture","item":"https:\/\/domartstyl.com\/en\/furniture\/"},{"@type":"ListItem","position":3,"name":"Augusto Chair"}]},{"@type":"WebSite","@id":"https:\/\/domartstyl.com\/en\/#website","url":"https:\/\/domartstyl.com\/en\/","name":"DomArtStyl","description":"Tworzymy meble najwy\u017cszej jako\u015bci. Sprzeda\u017c detaliczna \u00b7 Sprzeda\u017c hurtowa","publisher":{"@id":"https:\/\/domartstyl.com\/en\/#organization"},"potentialAction":[{"@type":"SearchAction","target":{"@type":"EntryPoint","urlTemplate":"https:\/\/domartstyl.com\/en\/?s={search_term_string}"},"query-input":{"@type":"PropertyValueSpecification","valueRequired":true,"valueName":"search_term_string"}}],"inLanguage":"en-US"},{"@type":"Organization","@id":"https:\/\/domartstyl.com\/en\/#organization","name":"DomArtStyl","url":"https:\/\/domartstyl.com\/en\/","logo":{"@type":"ImageObject","inLanguage":"en-US","@id":"https:\/\/domartstyl.com\/en\/#\/schema\/logo\/image\/","url":"https:\/\/domartstyl.com\/wp-content\/uploads\/2018\/04\/Logo_300_width.png","contentUrl":"https:\/\/domartstyl.com\/wp-content\/uploads\/2018\/04\/Logo_300_width.png","width":300,"height":140,"caption":"DomArtStyl"},"image":{"@id":"https:\/\/domartstyl.com\/en\/#\/schema\/logo\/image\/"},"sameAs":["https:\/\/www.facebook.com\/DomArtStyl\/","https:\/\/x.com\/DomArtStyl_pl","https:\/\/www.instagram.com\/domartstyl\/?hl=en","https:\/\/pl.pinterest.com\/domartstyl01\/","https:\/\/www.youtube.com\/channel\/UCkISSgvMomI6yFFL3JDbLhw"]}]},"product_price_amount":"0.00","product_price_currency":"EUR","og_availability":"instock","product_availability":"instock","product_condition":"new"},"_links":{"self":[{"href":"https:\/\/domartstyl.com\/en\/wp-json\/wp\/v2\/product\/46217","targetHints":{"allow":["GET"]}}],"collection":[{"href":"https:\/\/domartstyl.com\/en\/wp-json\/wp\/v2\/product"}],"about":[{"href":"https:\/\/domartstyl.com\/en\/wp-json\/wp\/v2\/types\/product"}],"replies":[{"embeddable":true,"href":"https:\/\/domartstyl.com\/en\/wp-json\/wp\/v2\/comments?post=46217"}],"wp:featuredmedia":[{"embeddable":true,"href":"https:\/\/domartstyl.com\/en\/wp-json\/wp\/v2\/media\/82506"}],"wp:attachment":[{"href":"https:\/\/domartstyl.com\/en\/wp-json\/wp\/v2\/media?parent=46217"}],"wp:term":[{"taxonomy":"product_brand","embeddable":true,"href":"https:\/\/domartstyl.com\/en\/wp-json\/wp\/v2\/product_brand?post=46217"},{"taxonomy":"product_cat","embeddable":true,"href":"https:\/\/domartstyl.com\/en\/wp-json\/wp\/v2\/product_cat?post=46217"},{"taxonomy":"product_tag","embeddable":true,"href":"https:\/\/domartstyl.com\/en\/wp-json\/wp\/v2\/product_tag?post=46217"}],"curies":[{"name":"wp","href":"https:\/\/api.w.org\/{rel}","templated":true}]}}