{"id":4358,"date":"2018-04-13T07:12:56","date_gmt":"2018-04-13T06:12:56","guid":{"rendered":"http:\/\/domartstyl.com\/jump-narrow-armchair\/"},"modified":"2025-05-15T10:57:50","modified_gmt":"2025-05-15T09:57:50","slug":"jump-narrow-armchair","status":"publish","type":"product","link":"https:\/\/domartstyl.com\/en\/jump-narrow-armchair\/","title":{"rendered":"Jump Narrow Armchair"},"content":{"rendered":"","protected":false},"excerpt":{"rendered":"<p><strong>Jump Narrow Armchair<\/strong> is very nice and simple. It is upholstered, comfortable and stable piece of furniture. Also such armchair has got slanted armrests and straight legs. Jump Armchair is perfect for lounges, restaurants, hotels, dining rooms and modern offices.<\/p>\n<p>&#8211; the standard version of the armchair has sloping armrests<br \/>\n&#8211; the furniture comes in heights: 84 cm or 95 cm.<\/p>\n","protected":false},"featured_media":80407,"comment_status":"closed","ping_status":"closed","template":"","meta":[],"product_brand":[],"product_cat":[34,8852,8853,8855,8860],"product_tag":[],"class_list":{"0":"post-4358","1":"product","2":"type-product","3":"status-publish","4":"has-post-thumbnail","6":"product_cat-armchairs","7":"product_cat-dining-armchairs","8":"product_cat-waiting-room-armchairs","9":"product_cat-cafe-armchairs","10":"product_cat-velvet-armchairs","11":"product_shipping_class-pakowane-pojedynczo-30-40-en","13":"first","14":"instock","15":"taxable","16":"shipping-taxable","17":"purchasable","18":"product-type-variable","19":"has-default-attributes"},"yoast_head":"<!-- This site is optimized with the Yoast SEO Premium plugin v25.0 (Yoast SEO v25.0) - https:\/\/yoast.com\/wordpress\/plugins\/seo\/ -->\n<title>Jump Narrow Armchair , Manufacturer of Upholstered Furniture - DomArtStyl<\/title>\n<meta name=\"robots\" content=\"index, follow, max-snippet:-1, max-image-preview:large, max-video-preview:-1\" \/>\n<link rel=\"canonical\" href=\"https:\/\/domartstyl.com\/en\/jump-narrow-armchair\/\" \/>\n<meta property=\"og:locale\" content=\"en_US\" \/>\n<meta property=\"og:type\" content=\"article\" \/>\n<meta property=\"og:title\" content=\"Jump Narrow Armchair - DomArtStyl\" \/>\n<meta property=\"og:description\" content=\"Jump Narrow Armchair is very nice and simple. It is upholstered, comfortable and stable piece of furniture. Also such armchair has got slanted armrests and straight legs. Jump Armchair is perfect for lounges, restaurants, hotels, dining rooms and modern offices.  - the standard version of the armchair has sloping armrests - the furniture comes in heights: 84 cm or 95 cm.\" \/>\n<meta property=\"og:url\" content=\"https:\/\/domartstyl.com\/en\/jump-narrow-armchair\/\" \/>\n<meta property=\"og:site_name\" content=\"DomArtStyl\" \/>\n<meta property=\"article:publisher\" content=\"https:\/\/www.facebook.com\/DomArtStyl\/\" \/>\n<meta property=\"article:modified_time\" content=\"2025-05-15T09:57:50+00:00\" \/>\n<meta property=\"og:image\" content=\"https:\/\/domartstyl.com\/wp-content\/uploads\/2018\/04\/Fotel-szary-welurowy-nowoczesny-do-salonu-na-drewnianych-nogach-Jump-Waski.jpg\" \/>\n\t<meta property=\"og:image:width\" content=\"1200\" \/>\n\t<meta property=\"og:image:height\" content=\"1200\" \/>\n\t<meta property=\"og:image:type\" content=\"image\/jpeg\" \/>\n<meta name=\"twitter:card\" content=\"summary_large_image\" \/>\n<meta name=\"twitter:site\" content=\"@DomArtStyl_pl\" \/>\n<meta name=\"twitter:label1\" content=\"Availability\" \/>\n\t<meta name=\"twitter:data1\" content=\"In stock\" \/>\n<script type=\"application\/ld+json\" class=\"yoast-schema-graph\">{\"@context\":\"https:\/\/schema.org\",\"@graph\":[{\"@type\":\"WebPage\",\"@id\":\"https:\/\/domartstyl.com\/en\/jump-narrow-armchair\/\",\"url\":\"https:\/\/domartstyl.com\/en\/jump-narrow-armchair\/\",\"name\":\"Jump Narrow Armchair , Manufacturer of Upholstered Furniture - DomArtStyl\",\"isPartOf\":{\"@id\":\"https:\/\/domartstyl.com\/en\/#website\"},\"primaryImageOfPage\":{\"@id\":\"https:\/\/domartstyl.com\/en\/jump-narrow-armchair\/#primaryimage\"},\"image\":{\"@id\":\"https:\/\/domartstyl.com\/en\/jump-narrow-armchair\/#primaryimage\"},\"thumbnailUrl\":\"https:\/\/domartstyl.com\/wp-content\/uploads\/2018\/04\/Fotel-szary-welurowy-nowoczesny-do-salonu-na-drewnianych-nogach-Jump-Waski.jpg\",\"datePublished\":\"2018-04-13T06:12:56+00:00\",\"dateModified\":\"2025-05-15T09:57:50+00:00\",\"breadcrumb\":{\"@id\":\"https:\/\/domartstyl.com\/en\/jump-narrow-armchair\/#breadcrumb\"},\"inLanguage\":\"en-US\",\"potentialAction\":[{\"@type\":\"ReadAction\",\"target\":[\"https:\/\/domartstyl.com\/en\/jump-narrow-armchair\/\"]}]},{\"@type\":\"ImageObject\",\"inLanguage\":\"en-US\",\"@id\":\"https:\/\/domartstyl.com\/en\/jump-narrow-armchair\/#primaryimage\",\"url\":\"https:\/\/domartstyl.com\/wp-content\/uploads\/2018\/04\/Fotel-szary-welurowy-nowoczesny-do-salonu-na-drewnianych-nogach-Jump-Waski.jpg\",\"contentUrl\":\"https:\/\/domartstyl.com\/wp-content\/uploads\/2018\/04\/Fotel-szary-welurowy-nowoczesny-do-salonu-na-drewnianych-nogach-Jump-Waski.jpg\",\"width\":1200,\"height\":1200,\"caption\":\"Fotel szary welurowy nowoczesny do salonu na drewnianych nogach Jump W\u0105ski\"},{\"@type\":\"BreadcrumbList\",\"@id\":\"https:\/\/domartstyl.com\/en\/jump-narrow-armchair\/#breadcrumb\",\"itemListElement\":[{\"@type\":\"ListItem\",\"position\":1,\"name\":\"Strona g\u0142\u00f3wna\",\"item\":\"https:\/\/domartstyl.com\/en\/\"},{\"@type\":\"ListItem\",\"position\":2,\"name\":\"Modern Upholstered Furniture\",\"item\":\"https:\/\/domartstyl.com\/en\/furniture\/\"},{\"@type\":\"ListItem\",\"position\":3,\"name\":\"Jump Narrow Armchair\"}]},{\"@type\":\"WebSite\",\"@id\":\"https:\/\/domartstyl.com\/en\/#website\",\"url\":\"https:\/\/domartstyl.com\/en\/\",\"name\":\"DomArtStyl\",\"description\":\"Tworzymy meble najwy\u017cszej jako\u015bci. Sprzeda\u017c detaliczna \u00b7 Sprzeda\u017c hurtowa\",\"publisher\":{\"@id\":\"https:\/\/domartstyl.com\/en\/#organization\"},\"potentialAction\":[{\"@type\":\"SearchAction\",\"target\":{\"@type\":\"EntryPoint\",\"urlTemplate\":\"https:\/\/domartstyl.com\/en\/?s={search_term_string}\"},\"query-input\":{\"@type\":\"PropertyValueSpecification\",\"valueRequired\":true,\"valueName\":\"search_term_string\"}}],\"inLanguage\":\"en-US\"},{\"@type\":\"Organization\",\"@id\":\"https:\/\/domartstyl.com\/en\/#organization\",\"name\":\"DomArtStyl\",\"url\":\"https:\/\/domartstyl.com\/en\/\",\"logo\":{\"@type\":\"ImageObject\",\"inLanguage\":\"en-US\",\"@id\":\"https:\/\/domartstyl.com\/en\/#\/schema\/logo\/image\/\",\"url\":\"https:\/\/domartstyl.com\/wp-content\/uploads\/2018\/04\/Logo_300_width.png\",\"contentUrl\":\"https:\/\/domartstyl.com\/wp-content\/uploads\/2018\/04\/Logo_300_width.png\",\"width\":300,\"height\":140,\"caption\":\"DomArtStyl\"},\"image\":{\"@id\":\"https:\/\/domartstyl.com\/en\/#\/schema\/logo\/image\/\"},\"sameAs\":[\"https:\/\/www.facebook.com\/DomArtStyl\/\",\"https:\/\/x.com\/DomArtStyl_pl\",\"https:\/\/www.instagram.com\/domartstyl\/?hl=en\",\"https:\/\/pl.pinterest.com\/domartstyl01\/\",\"https:\/\/www.youtube.com\/channel\/UCkISSgvMomI6yFFL3JDbLhw\"]}]}<\/script>\n<meta property=\"og:availability\" content=\"instock\" \/>\n<meta property=\"product:availability\" content=\"instock\" \/>\n<meta property=\"product:condition\" content=\"new\" \/>\n<!-- \/ Yoast SEO Premium plugin. -->","yoast_head_json":{"title":"Jump Narrow Armchair , Manufacturer of Upholstered Furniture - DomArtStyl","robots":{"index":"index","follow":"follow","max-snippet":"max-snippet:-1","max-image-preview":"max-image-preview:large","max-video-preview":"max-video-preview:-1"},"canonical":"https:\/\/domartstyl.com\/en\/jump-narrow-armchair\/","og_locale":"en_US","og_type":"article","og_title":"Jump Narrow Armchair - DomArtStyl","og_description":"Jump Narrow Armchair is very nice and simple. It is upholstered, comfortable and stable piece of furniture. Also such armchair has got slanted armrests and straight legs. Jump Armchair is perfect for lounges, restaurants, hotels, dining rooms and modern offices.  - the standard version of the armchair has sloping armrests - the furniture comes in heights: 84 cm or 95 cm.","og_url":"https:\/\/domartstyl.com\/en\/jump-narrow-armchair\/","og_site_name":"DomArtStyl","article_publisher":"https:\/\/www.facebook.com\/DomArtStyl\/","article_modified_time":"2025-05-15T09:57:50+00:00","og_image":[{"width":1200,"height":1200,"url":"https:\/\/domartstyl.com\/wp-content\/uploads\/2018\/04\/Fotel-szary-welurowy-nowoczesny-do-salonu-na-drewnianych-nogach-Jump-Waski.jpg","type":"image\/jpeg"}],"twitter_card":"summary_large_image","twitter_site":"@DomArtStyl_pl","twitter_misc":{"Availability":"In stock"},"schema":{"@context":"https:\/\/schema.org","@graph":[{"@type":"WebPage","@id":"https:\/\/domartstyl.com\/en\/jump-narrow-armchair\/","url":"https:\/\/domartstyl.com\/en\/jump-narrow-armchair\/","name":"Jump Narrow Armchair , Manufacturer of Upholstered Furniture - DomArtStyl","isPartOf":{"@id":"https:\/\/domartstyl.com\/en\/#website"},"primaryImageOfPage":{"@id":"https:\/\/domartstyl.com\/en\/jump-narrow-armchair\/#primaryimage"},"image":{"@id":"https:\/\/domartstyl.com\/en\/jump-narrow-armchair\/#primaryimage"},"thumbnailUrl":"https:\/\/domartstyl.com\/wp-content\/uploads\/2018\/04\/Fotel-szary-welurowy-nowoczesny-do-salonu-na-drewnianych-nogach-Jump-Waski.jpg","datePublished":"2018-04-13T06:12:56+00:00","dateModified":"2025-05-15T09:57:50+00:00","breadcrumb":{"@id":"https:\/\/domartstyl.com\/en\/jump-narrow-armchair\/#breadcrumb"},"inLanguage":"en-US","potentialAction":[{"@type":"ReadAction","target":["https:\/\/domartstyl.com\/en\/jump-narrow-armchair\/"]}]},{"@type":"ImageObject","inLanguage":"en-US","@id":"https:\/\/domartstyl.com\/en\/jump-narrow-armchair\/#primaryimage","url":"https:\/\/domartstyl.com\/wp-content\/uploads\/2018\/04\/Fotel-szary-welurowy-nowoczesny-do-salonu-na-drewnianych-nogach-Jump-Waski.jpg","contentUrl":"https:\/\/domartstyl.com\/wp-content\/uploads\/2018\/04\/Fotel-szary-welurowy-nowoczesny-do-salonu-na-drewnianych-nogach-Jump-Waski.jpg","width":1200,"height":1200,"caption":"Fotel szary welurowy nowoczesny do salonu na drewnianych nogach Jump W\u0105ski"},{"@type":"BreadcrumbList","@id":"https:\/\/domartstyl.com\/en\/jump-narrow-armchair\/#breadcrumb","itemListElement":[{"@type":"ListItem","position":1,"name":"Strona g\u0142\u00f3wna","item":"https:\/\/domartstyl.com\/en\/"},{"@type":"ListItem","position":2,"name":"Modern Upholstered Furniture","item":"https:\/\/domartstyl.com\/en\/furniture\/"},{"@type":"ListItem","position":3,"name":"Jump Narrow Armchair"}]},{"@type":"WebSite","@id":"https:\/\/domartstyl.com\/en\/#website","url":"https:\/\/domartstyl.com\/en\/","name":"DomArtStyl","description":"Tworzymy meble najwy\u017cszej jako\u015bci. Sprzeda\u017c detaliczna \u00b7 Sprzeda\u017c hurtowa","publisher":{"@id":"https:\/\/domartstyl.com\/en\/#organization"},"potentialAction":[{"@type":"SearchAction","target":{"@type":"EntryPoint","urlTemplate":"https:\/\/domartstyl.com\/en\/?s={search_term_string}"},"query-input":{"@type":"PropertyValueSpecification","valueRequired":true,"valueName":"search_term_string"}}],"inLanguage":"en-US"},{"@type":"Organization","@id":"https:\/\/domartstyl.com\/en\/#organization","name":"DomArtStyl","url":"https:\/\/domartstyl.com\/en\/","logo":{"@type":"ImageObject","inLanguage":"en-US","@id":"https:\/\/domartstyl.com\/en\/#\/schema\/logo\/image\/","url":"https:\/\/domartstyl.com\/wp-content\/uploads\/2018\/04\/Logo_300_width.png","contentUrl":"https:\/\/domartstyl.com\/wp-content\/uploads\/2018\/04\/Logo_300_width.png","width":300,"height":140,"caption":"DomArtStyl"},"image":{"@id":"https:\/\/domartstyl.com\/en\/#\/schema\/logo\/image\/"},"sameAs":["https:\/\/www.facebook.com\/DomArtStyl\/","https:\/\/x.com\/DomArtStyl_pl","https:\/\/www.instagram.com\/domartstyl\/?hl=en","https:\/\/pl.pinterest.com\/domartstyl01\/","https:\/\/www.youtube.com\/channel\/UCkISSgvMomI6yFFL3JDbLhw"]}]},"og_availability":"instock","product_availability":"instock","product_condition":"new"},"_links":{"self":[{"href":"https:\/\/domartstyl.com\/en\/wp-json\/wp\/v2\/product\/4358","targetHints":{"allow":["GET"]}}],"collection":[{"href":"https:\/\/domartstyl.com\/en\/wp-json\/wp\/v2\/product"}],"about":[{"href":"https:\/\/domartstyl.com\/en\/wp-json\/wp\/v2\/types\/product"}],"replies":[{"embeddable":true,"href":"https:\/\/domartstyl.com\/en\/wp-json\/wp\/v2\/comments?post=4358"}],"wp:featuredmedia":[{"embeddable":true,"href":"https:\/\/domartstyl.com\/en\/wp-json\/wp\/v2\/media\/80407"}],"wp:attachment":[{"href":"https:\/\/domartstyl.com\/en\/wp-json\/wp\/v2\/media?parent=4358"}],"wp:term":[{"taxonomy":"product_brand","embeddable":true,"href":"https:\/\/domartstyl.com\/en\/wp-json\/wp\/v2\/product_brand?post=4358"},{"taxonomy":"product_cat","embeddable":true,"href":"https:\/\/domartstyl.com\/en\/wp-json\/wp\/v2\/product_cat?post=4358"},{"taxonomy":"product_tag","embeddable":true,"href":"https:\/\/domartstyl.com\/en\/wp-json\/wp\/v2\/product_tag?post=4358"}],"curies":[{"name":"wp","href":"https:\/\/api.w.org\/{rel}","templated":true}]}}