{"id":43473,"date":"2018-10-25T07:03:32","date_gmt":"2018-10-25T06:03:32","guid":{"rendered":"https:\/\/domartstyl.com\/palmieri-sofa\/"},"modified":"2024-01-31T13:38:36","modified_gmt":"2024-01-31T12:38:36","slug":"palmieri-sofa","status":"publish","type":"product","link":"https:\/\/domartstyl.com\/en\/palmieri-sofa\/","title":{"rendered":"Palmieri Sofa III"},"content":{"rendered":"","protected":false},"excerpt":{"rendered":"<p><strong>Wows &#8211; these are the sounds of delight you can hear from the lips of absolutely everyone who sees the Palmieri sofa with their own eyes. These sounds of approvals are perfectly justified, because it is a piece of furniture that would not be ashamed to have in the interior of any palace such as the most luxurious hotel or apartment building in the world.<\/strong><\/p>\n<p>This piece of furniture not only pleases the eyes, it is the quintessence of luxury and good taste. It combines solidity and perfection of production in every detail and a captivating appearance, making you immediately want to sit in it even for a short while &#8230; and while you are sitting and relaxing, it will be difficult to find a reason not to extend this pleasure indefinitely. Phenomenalities give this sofa a unique appearance and exclusive &#8220;flavors&#8221;, such as: chesterfield quilting on the backrest and inside sides, two stylish rollers or a charming pin ribbon. The seat is shaped into one, large and extremely comfortable cushion and equipped with wave springs, which provides a truly heavenly experience. It is a truly unique upholstered piece of furniture, combining glamor and chesterfield styles. There is no doubt that Palmieri will be the main (and at the same time very practical) decoration of any living room, apartment or hotel patio.<\/p>\n<p>The sale also includes the Palmieri sofa with a total width of 172 cm and the Palmieri armchair.<\/p>\n<p>The model requires legs to be installed individually.<\/p>\n<p style=\"text-align: center;\"><strong>If interested, please contact the Customer Service Office<\/strong><br \/>\n<strong>biuro@domartstyl.pl<\/strong><br \/>\n<strong>+48 882 659 700<\/strong><br \/>\n<strong>+48 600 766 340<\/strong><\/p>\n","protected":false},"featured_media":83392,"comment_status":"closed","ping_status":"closed","template":"","meta":[],"product_brand":[],"product_cat":[8249],"product_tag":[],"class_list":{"0":"post-43473","1":"product","2":"type-product","3":"status-publish","4":"has-post-thumbnail","6":"product_cat-wholesale-furniture","7":"product_shipping_class-armchair-270","9":"first","10":"instock","11":"taxable","12":"shipping-taxable","13":"product-type-soldout"},"yoast_head":"<!-- This site is optimized with the Yoast SEO Premium plugin v25.0 (Yoast SEO v25.0) - https:\/\/yoast.com\/wordpress\/plugins\/seo\/ -->\n<title>Palmieri Sofa III , Manufacturer of Upholstered Furniture - DomArtStyl<\/title>\n<meta name=\"robots\" content=\"index, follow, max-snippet:-1, max-image-preview:large, max-video-preview:-1\" \/>\n<link rel=\"canonical\" href=\"https:\/\/domartstyl.com\/en\/palmieri-sofa\/\" \/>\n<meta property=\"og:locale\" content=\"en_US\" \/>\n<meta property=\"og:type\" content=\"article\" \/>\n<meta property=\"og:title\" content=\"Palmieri Sofa III - DomArtStyl\" \/>\n<meta property=\"og:description\" content=\"Wows - these are the sounds of delight you can hear from the lips of absolutely everyone who sees the Palmieri sofa with their own eyes. These sounds of approvals are perfectly justified, because it is a piece of furniture that would not be ashamed to have in the interior of any palace such as the most luxurious hotel or apartment building in the world.  This piece of furniture not only pleases the eyes, it is the quintessence of luxury and good taste. It combines solidity and perfection of production in every detail and a captivating appearance, making you immediately want to sit in it even for a short while ... and while you are sitting and relaxing, it will be difficult to find a reason not to extend this pleasure indefinitely. Phenomenalities give this sofa a unique appearance and exclusive &quot;flavors&quot;, such as: chesterfield quilting on the backrest and inside sides, two stylish rollers or a charming pin ribbon. The seat is shaped into one, large and extremely comfortable cushion and equipped with wave springs, which provides a truly heavenly experience. It is a truly unique upholstered piece of furniture, combining glamor and chesterfield styles. There is no doubt that Palmieri will be the main (and at the same time very practical) decoration of any living room, apartment or hotel patio.  The sale also includes the Palmieri sofa with a total width of 172 cm and the Palmieri armchair.  The model requires legs to be installed individually. If interested, please contact the Customer Service Office biuro@domartstyl.pl +48 882 659 700 +48 600 766 340\" \/>\n<meta property=\"og:url\" content=\"https:\/\/domartstyl.com\/en\/palmieri-sofa\/\" \/>\n<meta property=\"og:site_name\" content=\"DomArtStyl\" \/>\n<meta property=\"article:publisher\" content=\"https:\/\/www.facebook.com\/DomArtStyl\/\" \/>\n<meta property=\"article:modified_time\" content=\"2024-01-31T12:38:36+00:00\" \/>\n<meta property=\"og:image\" content=\"https:\/\/domartstyl.com\/wp-content\/uploads\/2018\/10\/PPX_1204-Edit.jpg\" \/>\n\t<meta property=\"og:image:width\" content=\"1000\" \/>\n\t<meta property=\"og:image:height\" content=\"667\" \/>\n\t<meta property=\"og:image:type\" content=\"image\/jpeg\" \/>\n<meta name=\"twitter:card\" content=\"summary_large_image\" \/>\n<meta name=\"twitter:site\" content=\"@DomArtStyl_pl\" \/>\n<meta name=\"twitter:label1\" content=\"Price\" \/>\n\t<meta name=\"twitter:data1\" content=\"\" \/>\n\t<meta name=\"twitter:label2\" content=\"Availability\" \/>\n\t<meta name=\"twitter:data2\" content=\"In stock\" \/>\n<script type=\"application\/ld+json\" class=\"yoast-schema-graph\">{\"@context\":\"https:\/\/schema.org\",\"@graph\":[{\"@type\":\"WebPage\",\"@id\":\"https:\/\/domartstyl.com\/en\/palmieri-sofa\/\",\"url\":\"https:\/\/domartstyl.com\/en\/palmieri-sofa\/\",\"name\":\"Palmieri Sofa III , Manufacturer of Upholstered Furniture - DomArtStyl\",\"isPartOf\":{\"@id\":\"https:\/\/domartstyl.com\/en\/#website\"},\"primaryImageOfPage\":{\"@id\":\"https:\/\/domartstyl.com\/en\/palmieri-sofa\/#primaryimage\"},\"image\":{\"@id\":\"https:\/\/domartstyl.com\/en\/palmieri-sofa\/#primaryimage\"},\"thumbnailUrl\":\"https:\/\/domartstyl.com\/wp-content\/uploads\/2018\/10\/PPX_1204-Edit.jpg\",\"datePublished\":\"2018-10-25T06:03:32+00:00\",\"dateModified\":\"2024-01-31T12:38:36+00:00\",\"breadcrumb\":{\"@id\":\"https:\/\/domartstyl.com\/en\/palmieri-sofa\/#breadcrumb\"},\"inLanguage\":\"en-US\",\"potentialAction\":[{\"@type\":\"ReadAction\",\"target\":[\"https:\/\/domartstyl.com\/en\/palmieri-sofa\/\"]}]},{\"@type\":\"ImageObject\",\"inLanguage\":\"en-US\",\"@id\":\"https:\/\/domartstyl.com\/en\/palmieri-sofa\/#primaryimage\",\"url\":\"https:\/\/domartstyl.com\/wp-content\/uploads\/2018\/10\/PPX_1204-Edit.jpg\",\"contentUrl\":\"https:\/\/domartstyl.com\/wp-content\/uploads\/2018\/10\/PPX_1204-Edit.jpg\",\"width\":1000,\"height\":667},{\"@type\":\"BreadcrumbList\",\"@id\":\"https:\/\/domartstyl.com\/en\/palmieri-sofa\/#breadcrumb\",\"itemListElement\":[{\"@type\":\"ListItem\",\"position\":1,\"name\":\"Strona g\u0142\u00f3wna\",\"item\":\"https:\/\/domartstyl.com\/en\/\"},{\"@type\":\"ListItem\",\"position\":2,\"name\":\"Modern Upholstered Furniture\",\"item\":\"https:\/\/domartstyl.com\/en\/furniture\/\"},{\"@type\":\"ListItem\",\"position\":3,\"name\":\"Palmieri Sofa III\"}]},{\"@type\":\"WebSite\",\"@id\":\"https:\/\/domartstyl.com\/en\/#website\",\"url\":\"https:\/\/domartstyl.com\/en\/\",\"name\":\"DomArtStyl\",\"description\":\"Tworzymy meble najwy\u017cszej jako\u015bci. Sprzeda\u017c detaliczna \u00b7 Sprzeda\u017c hurtowa\",\"publisher\":{\"@id\":\"https:\/\/domartstyl.com\/en\/#organization\"},\"potentialAction\":[{\"@type\":\"SearchAction\",\"target\":{\"@type\":\"EntryPoint\",\"urlTemplate\":\"https:\/\/domartstyl.com\/en\/?s={search_term_string}\"},\"query-input\":{\"@type\":\"PropertyValueSpecification\",\"valueRequired\":true,\"valueName\":\"search_term_string\"}}],\"inLanguage\":\"en-US\"},{\"@type\":\"Organization\",\"@id\":\"https:\/\/domartstyl.com\/en\/#organization\",\"name\":\"DomArtStyl\",\"url\":\"https:\/\/domartstyl.com\/en\/\",\"logo\":{\"@type\":\"ImageObject\",\"inLanguage\":\"en-US\",\"@id\":\"https:\/\/domartstyl.com\/en\/#\/schema\/logo\/image\/\",\"url\":\"https:\/\/domartstyl.com\/wp-content\/uploads\/2018\/04\/Logo_300_width.png\",\"contentUrl\":\"https:\/\/domartstyl.com\/wp-content\/uploads\/2018\/04\/Logo_300_width.png\",\"width\":300,\"height\":140,\"caption\":\"DomArtStyl\"},\"image\":{\"@id\":\"https:\/\/domartstyl.com\/en\/#\/schema\/logo\/image\/\"},\"sameAs\":[\"https:\/\/www.facebook.com\/DomArtStyl\/\",\"https:\/\/x.com\/DomArtStyl_pl\",\"https:\/\/www.instagram.com\/domartstyl\/?hl=en\",\"https:\/\/pl.pinterest.com\/domartstyl01\/\",\"https:\/\/www.youtube.com\/channel\/UCkISSgvMomI6yFFL3JDbLhw\"]}]}<\/script>\n<meta property=\"product:price:amount\" content=\"0.00\" \/>\n<meta property=\"product:price:currency\" content=\"EUR\" \/>\n<meta property=\"og:availability\" content=\"instock\" \/>\n<meta property=\"product:availability\" content=\"instock\" \/>\n<meta property=\"product:condition\" content=\"new\" \/>\n<!-- \/ Yoast SEO Premium plugin. -->","yoast_head_json":{"title":"Palmieri Sofa III , Manufacturer of Upholstered Furniture - DomArtStyl","robots":{"index":"index","follow":"follow","max-snippet":"max-snippet:-1","max-image-preview":"max-image-preview:large","max-video-preview":"max-video-preview:-1"},"canonical":"https:\/\/domartstyl.com\/en\/palmieri-sofa\/","og_locale":"en_US","og_type":"article","og_title":"Palmieri Sofa III - DomArtStyl","og_description":"Wows - these are the sounds of delight you can hear from the lips of absolutely everyone who sees the Palmieri sofa with their own eyes. These sounds of approvals are perfectly justified, because it is a piece of furniture that would not be ashamed to have in the interior of any palace such as the most luxurious hotel or apartment building in the world.  This piece of furniture not only pleases the eyes, it is the quintessence of luxury and good taste. It combines solidity and perfection of production in every detail and a captivating appearance, making you immediately want to sit in it even for a short while ... and while you are sitting and relaxing, it will be difficult to find a reason not to extend this pleasure indefinitely. Phenomenalities give this sofa a unique appearance and exclusive \"flavors\", such as: chesterfield quilting on the backrest and inside sides, two stylish rollers or a charming pin ribbon. The seat is shaped into one, large and extremely comfortable cushion and equipped with wave springs, which provides a truly heavenly experience. It is a truly unique upholstered piece of furniture, combining glamor and chesterfield styles. There is no doubt that Palmieri will be the main (and at the same time very practical) decoration of any living room, apartment or hotel patio.  The sale also includes the Palmieri sofa with a total width of 172 cm and the Palmieri armchair.  The model requires legs to be installed individually. If interested, please contact the Customer Service Office biuro@domartstyl.pl +48 882 659 700 +48 600 766 340","og_url":"https:\/\/domartstyl.com\/en\/palmieri-sofa\/","og_site_name":"DomArtStyl","article_publisher":"https:\/\/www.facebook.com\/DomArtStyl\/","article_modified_time":"2024-01-31T12:38:36+00:00","og_image":[{"width":1000,"height":667,"url":"https:\/\/domartstyl.com\/wp-content\/uploads\/2018\/10\/PPX_1204-Edit.jpg","type":"image\/jpeg"}],"twitter_card":"summary_large_image","twitter_site":"@DomArtStyl_pl","twitter_misc":{"Price":"","Availability":"In stock"},"schema":{"@context":"https:\/\/schema.org","@graph":[{"@type":"WebPage","@id":"https:\/\/domartstyl.com\/en\/palmieri-sofa\/","url":"https:\/\/domartstyl.com\/en\/palmieri-sofa\/","name":"Palmieri Sofa III , Manufacturer of Upholstered Furniture - DomArtStyl","isPartOf":{"@id":"https:\/\/domartstyl.com\/en\/#website"},"primaryImageOfPage":{"@id":"https:\/\/domartstyl.com\/en\/palmieri-sofa\/#primaryimage"},"image":{"@id":"https:\/\/domartstyl.com\/en\/palmieri-sofa\/#primaryimage"},"thumbnailUrl":"https:\/\/domartstyl.com\/wp-content\/uploads\/2018\/10\/PPX_1204-Edit.jpg","datePublished":"2018-10-25T06:03:32+00:00","dateModified":"2024-01-31T12:38:36+00:00","breadcrumb":{"@id":"https:\/\/domartstyl.com\/en\/palmieri-sofa\/#breadcrumb"},"inLanguage":"en-US","potentialAction":[{"@type":"ReadAction","target":["https:\/\/domartstyl.com\/en\/palmieri-sofa\/"]}]},{"@type":"ImageObject","inLanguage":"en-US","@id":"https:\/\/domartstyl.com\/en\/palmieri-sofa\/#primaryimage","url":"https:\/\/domartstyl.com\/wp-content\/uploads\/2018\/10\/PPX_1204-Edit.jpg","contentUrl":"https:\/\/domartstyl.com\/wp-content\/uploads\/2018\/10\/PPX_1204-Edit.jpg","width":1000,"height":667},{"@type":"BreadcrumbList","@id":"https:\/\/domartstyl.com\/en\/palmieri-sofa\/#breadcrumb","itemListElement":[{"@type":"ListItem","position":1,"name":"Strona g\u0142\u00f3wna","item":"https:\/\/domartstyl.com\/en\/"},{"@type":"ListItem","position":2,"name":"Modern Upholstered Furniture","item":"https:\/\/domartstyl.com\/en\/furniture\/"},{"@type":"ListItem","position":3,"name":"Palmieri Sofa III"}]},{"@type":"WebSite","@id":"https:\/\/domartstyl.com\/en\/#website","url":"https:\/\/domartstyl.com\/en\/","name":"DomArtStyl","description":"Tworzymy meble najwy\u017cszej jako\u015bci. Sprzeda\u017c detaliczna \u00b7 Sprzeda\u017c hurtowa","publisher":{"@id":"https:\/\/domartstyl.com\/en\/#organization"},"potentialAction":[{"@type":"SearchAction","target":{"@type":"EntryPoint","urlTemplate":"https:\/\/domartstyl.com\/en\/?s={search_term_string}"},"query-input":{"@type":"PropertyValueSpecification","valueRequired":true,"valueName":"search_term_string"}}],"inLanguage":"en-US"},{"@type":"Organization","@id":"https:\/\/domartstyl.com\/en\/#organization","name":"DomArtStyl","url":"https:\/\/domartstyl.com\/en\/","logo":{"@type":"ImageObject","inLanguage":"en-US","@id":"https:\/\/domartstyl.com\/en\/#\/schema\/logo\/image\/","url":"https:\/\/domartstyl.com\/wp-content\/uploads\/2018\/04\/Logo_300_width.png","contentUrl":"https:\/\/domartstyl.com\/wp-content\/uploads\/2018\/04\/Logo_300_width.png","width":300,"height":140,"caption":"DomArtStyl"},"image":{"@id":"https:\/\/domartstyl.com\/en\/#\/schema\/logo\/image\/"},"sameAs":["https:\/\/www.facebook.com\/DomArtStyl\/","https:\/\/x.com\/DomArtStyl_pl","https:\/\/www.instagram.com\/domartstyl\/?hl=en","https:\/\/pl.pinterest.com\/domartstyl01\/","https:\/\/www.youtube.com\/channel\/UCkISSgvMomI6yFFL3JDbLhw"]}]},"product_price_amount":"0.00","product_price_currency":"EUR","og_availability":"instock","product_availability":"instock","product_condition":"new"},"_links":{"self":[{"href":"https:\/\/domartstyl.com\/en\/wp-json\/wp\/v2\/product\/43473","targetHints":{"allow":["GET"]}}],"collection":[{"href":"https:\/\/domartstyl.com\/en\/wp-json\/wp\/v2\/product"}],"about":[{"href":"https:\/\/domartstyl.com\/en\/wp-json\/wp\/v2\/types\/product"}],"replies":[{"embeddable":true,"href":"https:\/\/domartstyl.com\/en\/wp-json\/wp\/v2\/comments?post=43473"}],"wp:featuredmedia":[{"embeddable":true,"href":"https:\/\/domartstyl.com\/en\/wp-json\/wp\/v2\/media\/83392"}],"wp:attachment":[{"href":"https:\/\/domartstyl.com\/en\/wp-json\/wp\/v2\/media?parent=43473"}],"wp:term":[{"taxonomy":"product_brand","embeddable":true,"href":"https:\/\/domartstyl.com\/en\/wp-json\/wp\/v2\/product_brand?post=43473"},{"taxonomy":"product_cat","embeddable":true,"href":"https:\/\/domartstyl.com\/en\/wp-json\/wp\/v2\/product_cat?post=43473"},{"taxonomy":"product_tag","embeddable":true,"href":"https:\/\/domartstyl.com\/en\/wp-json\/wp\/v2\/product_tag?post=43473"}],"curies":[{"name":"wp","href":"https:\/\/api.w.org\/{rel}","templated":true}]}}