{"id":43471,"date":"2018-10-25T08:02:46","date_gmt":"2018-10-25T07:02:46","guid":{"rendered":"https:\/\/domartstyl.com\/nora-armchair-with-buttons\/"},"modified":"2025-05-15T10:57:49","modified_gmt":"2025-05-15T09:57:49","slug":"nora-armchair-with-buttons","status":"publish","type":"product","link":"https:\/\/domartstyl.com\/en\/nora-armchair-with-buttons\/","title":{"rendered":"Nora Armchair with buttons"},"content":{"rendered":"","protected":false},"excerpt":{"rendered":"<p><strong>Nora Armchair whith buttons<\/strong> is a classic and elegant model of an armchair, which is decorated with square quilting and buttons. It is an extremely comfortable piece of furniture due to the springs used on the base. It has armrests located on the optimal height for the hands, which increase the comfort of rest. It is a perfect proposition for private interiors and public places.<\/p>\n<p>&#8211; standard version of armchair has stitching with buttons on the back.<\/p>\n","protected":false},"featured_media":80681,"comment_status":"closed","ping_status":"closed","template":"","meta":[],"product_brand":[],"product_cat":[34,8852,8853,8855,8856,8860],"product_tag":[],"class_list":{"0":"post-43471","1":"product","2":"type-product","3":"status-publish","4":"has-post-thumbnail","6":"product_cat-armchairs","7":"product_cat-dining-armchairs","8":"product_cat-waiting-room-armchairs","9":"product_cat-cafe-armchairs","10":"product_cat-scandinavian-armchairs","11":"product_cat-velvet-armchairs","12":"product_shipping_class-pakowane-pojedynczo-30-40-en","14":"first","15":"instock","16":"taxable","17":"shipping-taxable","18":"purchasable","19":"product-type-variable"},"yoast_head":"<!-- This site is optimized with the Yoast SEO Premium plugin v25.0 (Yoast SEO v25.0) - https:\/\/yoast.com\/wordpress\/plugins\/seo\/ -->\n<title>Nora Armchair with buttons , Manufacturer of Upholstered Furniture - DomArtStyl<\/title>\n<meta name=\"robots\" content=\"index, follow, max-snippet:-1, max-image-preview:large, max-video-preview:-1\" \/>\n<link rel=\"canonical\" href=\"https:\/\/domartstyl.com\/en\/nora-armchair-with-buttons\/\" \/>\n<meta property=\"og:locale\" content=\"en_US\" \/>\n<meta property=\"og:type\" content=\"article\" \/>\n<meta property=\"og:title\" content=\"Nora Armchair with buttons - DomArtStyl\" \/>\n<meta property=\"og:description\" content=\"Nora Armchair whith buttons is a classic and elegant model of an armchair, which is decorated with square quilting and buttons. It is an extremely comfortable piece of furniture due to the springs used on the base. It has armrests located on the optimal height for the hands, which increase the comfort of rest. It is a perfect proposition for private interiors and public places.  - standard version of armchair has stitching with buttons on the back.\" \/>\n<meta property=\"og:url\" content=\"https:\/\/domartstyl.com\/en\/nora-armchair-with-buttons\/\" \/>\n<meta property=\"og:site_name\" content=\"DomArtStyl\" \/>\n<meta property=\"article:publisher\" content=\"https:\/\/www.facebook.com\/DomArtStyl\/\" \/>\n<meta property=\"article:modified_time\" content=\"2025-05-15T09:57:49+00:00\" \/>\n<meta property=\"og:image\" content=\"https:\/\/domartstyl.com\/wp-content\/uploads\/2018\/10\/Fotel-szary-nowoczesny-do-salonu-na-drewnianych-nogach-Nora-z-guzikami.jpg\" \/>\n\t<meta property=\"og:image:width\" content=\"1200\" \/>\n\t<meta property=\"og:image:height\" content=\"1200\" \/>\n\t<meta property=\"og:image:type\" content=\"image\/jpeg\" \/>\n<meta name=\"twitter:card\" content=\"summary_large_image\" \/>\n<meta name=\"twitter:site\" content=\"@DomArtStyl_pl\" \/>\n<meta name=\"twitter:label1\" content=\"Availability\" \/>\n\t<meta name=\"twitter:data1\" content=\"In stock\" \/>\n<script type=\"application\/ld+json\" class=\"yoast-schema-graph\">{\"@context\":\"https:\/\/schema.org\",\"@graph\":[{\"@type\":\"WebPage\",\"@id\":\"https:\/\/domartstyl.com\/en\/nora-armchair-with-buttons\/\",\"url\":\"https:\/\/domartstyl.com\/en\/nora-armchair-with-buttons\/\",\"name\":\"Nora Armchair with buttons , Manufacturer of Upholstered Furniture - DomArtStyl\",\"isPartOf\":{\"@id\":\"https:\/\/domartstyl.com\/en\/#website\"},\"primaryImageOfPage\":{\"@id\":\"https:\/\/domartstyl.com\/en\/nora-armchair-with-buttons\/#primaryimage\"},\"image\":{\"@id\":\"https:\/\/domartstyl.com\/en\/nora-armchair-with-buttons\/#primaryimage\"},\"thumbnailUrl\":\"https:\/\/domartstyl.com\/wp-content\/uploads\/2018\/10\/Fotel-szary-nowoczesny-do-salonu-na-drewnianych-nogach-Nora-z-guzikami.jpg\",\"datePublished\":\"2018-10-25T07:02:46+00:00\",\"dateModified\":\"2025-05-15T09:57:49+00:00\",\"breadcrumb\":{\"@id\":\"https:\/\/domartstyl.com\/en\/nora-armchair-with-buttons\/#breadcrumb\"},\"inLanguage\":\"en-US\",\"potentialAction\":[{\"@type\":\"ReadAction\",\"target\":[\"https:\/\/domartstyl.com\/en\/nora-armchair-with-buttons\/\"]}]},{\"@type\":\"ImageObject\",\"inLanguage\":\"en-US\",\"@id\":\"https:\/\/domartstyl.com\/en\/nora-armchair-with-buttons\/#primaryimage\",\"url\":\"https:\/\/domartstyl.com\/wp-content\/uploads\/2018\/10\/Fotel-szary-nowoczesny-do-salonu-na-drewnianych-nogach-Nora-z-guzikami.jpg\",\"contentUrl\":\"https:\/\/domartstyl.com\/wp-content\/uploads\/2018\/10\/Fotel-szary-nowoczesny-do-salonu-na-drewnianych-nogach-Nora-z-guzikami.jpg\",\"width\":1200,\"height\":1200,\"caption\":\"Fotel szary nowoczesny do salonu na drewnianych nogach Nora z guzikami\"},{\"@type\":\"BreadcrumbList\",\"@id\":\"https:\/\/domartstyl.com\/en\/nora-armchair-with-buttons\/#breadcrumb\",\"itemListElement\":[{\"@type\":\"ListItem\",\"position\":1,\"name\":\"Strona g\u0142\u00f3wna\",\"item\":\"https:\/\/domartstyl.com\/en\/\"},{\"@type\":\"ListItem\",\"position\":2,\"name\":\"Modern Upholstered Furniture\",\"item\":\"https:\/\/domartstyl.com\/en\/furniture\/\"},{\"@type\":\"ListItem\",\"position\":3,\"name\":\"Nora Armchair with buttons\"}]},{\"@type\":\"WebSite\",\"@id\":\"https:\/\/domartstyl.com\/en\/#website\",\"url\":\"https:\/\/domartstyl.com\/en\/\",\"name\":\"DomArtStyl\",\"description\":\"Tworzymy meble najwy\u017cszej jako\u015bci. Sprzeda\u017c detaliczna \u00b7 Sprzeda\u017c hurtowa\",\"publisher\":{\"@id\":\"https:\/\/domartstyl.com\/en\/#organization\"},\"potentialAction\":[{\"@type\":\"SearchAction\",\"target\":{\"@type\":\"EntryPoint\",\"urlTemplate\":\"https:\/\/domartstyl.com\/en\/?s={search_term_string}\"},\"query-input\":{\"@type\":\"PropertyValueSpecification\",\"valueRequired\":true,\"valueName\":\"search_term_string\"}}],\"inLanguage\":\"en-US\"},{\"@type\":\"Organization\",\"@id\":\"https:\/\/domartstyl.com\/en\/#organization\",\"name\":\"DomArtStyl\",\"url\":\"https:\/\/domartstyl.com\/en\/\",\"logo\":{\"@type\":\"ImageObject\",\"inLanguage\":\"en-US\",\"@id\":\"https:\/\/domartstyl.com\/en\/#\/schema\/logo\/image\/\",\"url\":\"https:\/\/domartstyl.com\/wp-content\/uploads\/2018\/04\/Logo_300_width.png\",\"contentUrl\":\"https:\/\/domartstyl.com\/wp-content\/uploads\/2018\/04\/Logo_300_width.png\",\"width\":300,\"height\":140,\"caption\":\"DomArtStyl\"},\"image\":{\"@id\":\"https:\/\/domartstyl.com\/en\/#\/schema\/logo\/image\/\"},\"sameAs\":[\"https:\/\/www.facebook.com\/DomArtStyl\/\",\"https:\/\/x.com\/DomArtStyl_pl\",\"https:\/\/www.instagram.com\/domartstyl\/?hl=en\",\"https:\/\/pl.pinterest.com\/domartstyl01\/\",\"https:\/\/www.youtube.com\/channel\/UCkISSgvMomI6yFFL3JDbLhw\"]}]}<\/script>\n<meta property=\"og:availability\" content=\"instock\" \/>\n<meta property=\"product:availability\" content=\"instock\" \/>\n<meta property=\"product:condition\" content=\"new\" \/>\n<!-- \/ Yoast SEO Premium plugin. -->","yoast_head_json":{"title":"Nora Armchair with buttons , Manufacturer of Upholstered Furniture - DomArtStyl","robots":{"index":"index","follow":"follow","max-snippet":"max-snippet:-1","max-image-preview":"max-image-preview:large","max-video-preview":"max-video-preview:-1"},"canonical":"https:\/\/domartstyl.com\/en\/nora-armchair-with-buttons\/","og_locale":"en_US","og_type":"article","og_title":"Nora Armchair with buttons - DomArtStyl","og_description":"Nora Armchair whith buttons is a classic and elegant model of an armchair, which is decorated with square quilting and buttons. It is an extremely comfortable piece of furniture due to the springs used on the base. It has armrests located on the optimal height for the hands, which increase the comfort of rest. It is a perfect proposition for private interiors and public places.  - standard version of armchair has stitching with buttons on the back.","og_url":"https:\/\/domartstyl.com\/en\/nora-armchair-with-buttons\/","og_site_name":"DomArtStyl","article_publisher":"https:\/\/www.facebook.com\/DomArtStyl\/","article_modified_time":"2025-05-15T09:57:49+00:00","og_image":[{"width":1200,"height":1200,"url":"https:\/\/domartstyl.com\/wp-content\/uploads\/2018\/10\/Fotel-szary-nowoczesny-do-salonu-na-drewnianych-nogach-Nora-z-guzikami.jpg","type":"image\/jpeg"}],"twitter_card":"summary_large_image","twitter_site":"@DomArtStyl_pl","twitter_misc":{"Availability":"In stock"},"schema":{"@context":"https:\/\/schema.org","@graph":[{"@type":"WebPage","@id":"https:\/\/domartstyl.com\/en\/nora-armchair-with-buttons\/","url":"https:\/\/domartstyl.com\/en\/nora-armchair-with-buttons\/","name":"Nora Armchair with buttons , Manufacturer of Upholstered Furniture - DomArtStyl","isPartOf":{"@id":"https:\/\/domartstyl.com\/en\/#website"},"primaryImageOfPage":{"@id":"https:\/\/domartstyl.com\/en\/nora-armchair-with-buttons\/#primaryimage"},"image":{"@id":"https:\/\/domartstyl.com\/en\/nora-armchair-with-buttons\/#primaryimage"},"thumbnailUrl":"https:\/\/domartstyl.com\/wp-content\/uploads\/2018\/10\/Fotel-szary-nowoczesny-do-salonu-na-drewnianych-nogach-Nora-z-guzikami.jpg","datePublished":"2018-10-25T07:02:46+00:00","dateModified":"2025-05-15T09:57:49+00:00","breadcrumb":{"@id":"https:\/\/domartstyl.com\/en\/nora-armchair-with-buttons\/#breadcrumb"},"inLanguage":"en-US","potentialAction":[{"@type":"ReadAction","target":["https:\/\/domartstyl.com\/en\/nora-armchair-with-buttons\/"]}]},{"@type":"ImageObject","inLanguage":"en-US","@id":"https:\/\/domartstyl.com\/en\/nora-armchair-with-buttons\/#primaryimage","url":"https:\/\/domartstyl.com\/wp-content\/uploads\/2018\/10\/Fotel-szary-nowoczesny-do-salonu-na-drewnianych-nogach-Nora-z-guzikami.jpg","contentUrl":"https:\/\/domartstyl.com\/wp-content\/uploads\/2018\/10\/Fotel-szary-nowoczesny-do-salonu-na-drewnianych-nogach-Nora-z-guzikami.jpg","width":1200,"height":1200,"caption":"Fotel szary nowoczesny do salonu na drewnianych nogach Nora z guzikami"},{"@type":"BreadcrumbList","@id":"https:\/\/domartstyl.com\/en\/nora-armchair-with-buttons\/#breadcrumb","itemListElement":[{"@type":"ListItem","position":1,"name":"Strona g\u0142\u00f3wna","item":"https:\/\/domartstyl.com\/en\/"},{"@type":"ListItem","position":2,"name":"Modern Upholstered Furniture","item":"https:\/\/domartstyl.com\/en\/furniture\/"},{"@type":"ListItem","position":3,"name":"Nora Armchair with buttons"}]},{"@type":"WebSite","@id":"https:\/\/domartstyl.com\/en\/#website","url":"https:\/\/domartstyl.com\/en\/","name":"DomArtStyl","description":"Tworzymy meble najwy\u017cszej jako\u015bci. Sprzeda\u017c detaliczna \u00b7 Sprzeda\u017c hurtowa","publisher":{"@id":"https:\/\/domartstyl.com\/en\/#organization"},"potentialAction":[{"@type":"SearchAction","target":{"@type":"EntryPoint","urlTemplate":"https:\/\/domartstyl.com\/en\/?s={search_term_string}"},"query-input":{"@type":"PropertyValueSpecification","valueRequired":true,"valueName":"search_term_string"}}],"inLanguage":"en-US"},{"@type":"Organization","@id":"https:\/\/domartstyl.com\/en\/#organization","name":"DomArtStyl","url":"https:\/\/domartstyl.com\/en\/","logo":{"@type":"ImageObject","inLanguage":"en-US","@id":"https:\/\/domartstyl.com\/en\/#\/schema\/logo\/image\/","url":"https:\/\/domartstyl.com\/wp-content\/uploads\/2018\/04\/Logo_300_width.png","contentUrl":"https:\/\/domartstyl.com\/wp-content\/uploads\/2018\/04\/Logo_300_width.png","width":300,"height":140,"caption":"DomArtStyl"},"image":{"@id":"https:\/\/domartstyl.com\/en\/#\/schema\/logo\/image\/"},"sameAs":["https:\/\/www.facebook.com\/DomArtStyl\/","https:\/\/x.com\/DomArtStyl_pl","https:\/\/www.instagram.com\/domartstyl\/?hl=en","https:\/\/pl.pinterest.com\/domartstyl01\/","https:\/\/www.youtube.com\/channel\/UCkISSgvMomI6yFFL3JDbLhw"]}]},"og_availability":"instock","product_availability":"instock","product_condition":"new"},"_links":{"self":[{"href":"https:\/\/domartstyl.com\/en\/wp-json\/wp\/v2\/product\/43471","targetHints":{"allow":["GET"]}}],"collection":[{"href":"https:\/\/domartstyl.com\/en\/wp-json\/wp\/v2\/product"}],"about":[{"href":"https:\/\/domartstyl.com\/en\/wp-json\/wp\/v2\/types\/product"}],"replies":[{"embeddable":true,"href":"https:\/\/domartstyl.com\/en\/wp-json\/wp\/v2\/comments?post=43471"}],"wp:featuredmedia":[{"embeddable":true,"href":"https:\/\/domartstyl.com\/en\/wp-json\/wp\/v2\/media\/80681"}],"wp:attachment":[{"href":"https:\/\/domartstyl.com\/en\/wp-json\/wp\/v2\/media?parent=43471"}],"wp:term":[{"taxonomy":"product_brand","embeddable":true,"href":"https:\/\/domartstyl.com\/en\/wp-json\/wp\/v2\/product_brand?post=43471"},{"taxonomy":"product_cat","embeddable":true,"href":"https:\/\/domartstyl.com\/en\/wp-json\/wp\/v2\/product_cat?post=43471"},{"taxonomy":"product_tag","embeddable":true,"href":"https:\/\/domartstyl.com\/en\/wp-json\/wp\/v2\/product_tag?post=43471"}],"curies":[{"name":"wp","href":"https:\/\/api.w.org\/{rel}","templated":true}]}}