{"id":4020,"date":"2018-04-16T07:12:35","date_gmt":"2018-04-16T06:12:35","guid":{"rendered":"http:\/\/domartstyl.com\/madam-chesterfield-chair\/"},"modified":"2025-05-15T10:57:50","modified_gmt":"2025-05-15T09:57:50","slug":"madam-chesterfield-chair","status":"publish","type":"product","link":"https:\/\/domartstyl.com\/en\/madam-chesterfield-chair\/","title":{"rendered":"Madam chesterfield Chair"},"content":{"rendered":"","protected":false},"excerpt":{"rendered":"<p><strong>Madam Chesterfield<\/strong> <strong>chair<\/strong> is an extremely comfortable chair that combines style and elegance. The characteristic feature of the chair is the Chesterfield quilt backrest and very small, delicate and thin armrests. Such furniture design fits both for modern and more classical interiors.<\/p>\n<div class=\"tlid-input input\">\n<div class=\"source-wrap\">\n<div class=\"input-full-height-wrapper tlid-input-full-height-wrapper\">\n<div class=\"source-input\">\n<div class=\"source-footer-wrap source-or-target-footer\">\n<div class=\"source-footer\">\n<div class=\"speech-wrap source-or-target-footer-button left-positioned\">\n<div id=\"gt-speech\" class=\"speech-button goog-toolbar-button\" tabindex=\"0\" role=\"button\" aria-label=\"W\u0142\u0105cz g\u0142osowe wprowadzanie tekstu\" data-tooltip-align=\"t,c\" aria-pressed=\"false\" aria-disabled=\"false\" data-tooltip=\"W\u0142\u0105cz g\u0142osowe wprowadzanie tekstu\"><\/div>\n<\/div>\n<div class=\"src-tts left-positioned ttsbutton jfk-button-flat source-or-target-footer-button jfk-button\" tabindex=\"0\" role=\"button\" aria-label=\"S\u0142uchaj\" data-tooltip=\"S\u0142uchaj\" aria-pressed=\"false\" data-tooltip-align=\"t,c\" aria-hidden=\"false\" aria-disabled=\"false\">\n<div class=\"jfk-button-img\">&#8211; The standard version of the chair has a chesterfield quilting on the backrest.<\/div>\n<div><\/div>\n<div class=\"jfk-button-img\"><strong>The industrial design is legally protected\u00a0 reg. no. EUIPO 005779006-002.<\/strong><\/div>\n<\/div>\n<\/div>\n<\/div>\n<\/div>\n<\/div>\n<\/div>\n<\/div>\n","protected":false},"featured_media":79820,"comment_status":"closed","ping_status":"closed","template":"","meta":[],"product_brand":[],"product_cat":[36,8793,8794,8795,8796,8797,8798,8801,8804,8803],"product_tag":[8261],"class_list":{"0":"post-4020","1":"product","2":"type-product","3":"status-publish","4":"has-post-thumbnail","6":"product_cat-chairs","7":"product_cat-dining-chairs","8":"product_cat-living-room-chairs","9":"product_cat-kitchen-chairs","10":"product_cat-chairs-for-the-waiting-room","11":"product_cat-restaurant-chairs","12":"product_cat-modern-chairs","13":"product_cat-chesterfield-chairs","14":"product_cat-wooden-chairs","15":"product_cat-velor-chairs","16":"product_tag-hotel-furniture","17":"product_shipping_class-pakowane-podwojnie-30-40-en","19":"first","20":"instock","21":"taxable","22":"shipping-taxable","23":"purchasable","24":"product-type-variable"},"yoast_head":"<!-- This site is optimized with the Yoast SEO Premium plugin v25.0 (Yoast SEO v25.0) - https:\/\/yoast.com\/wordpress\/plugins\/seo\/ -->\n<title>Upholstered Dining Room Chair Madam Chesterfield<\/title>\n<meta name=\"description\" content=\"Madam Chesterfield upholstered dining chair or restaurant chair, is ideal for those looking for a unique design and high quality.\" \/>\n<meta name=\"robots\" content=\"index, follow, max-snippet:-1, max-image-preview:large, max-video-preview:-1\" \/>\n<link rel=\"canonical\" href=\"https:\/\/domartstyl.com\/en\/madam-chesterfield-chair\/\" \/>\n<meta property=\"og:locale\" content=\"en_US\" \/>\n<meta property=\"og:type\" content=\"article\" \/>\n<meta property=\"og:title\" content=\"Madam chesterfield Chair - DomArtStyl\" \/>\n<meta property=\"og:description\" content=\"A chair that combines glamor and chesterfield styles \u2764\ufe0f\" \/>\n<meta property=\"og:url\" content=\"https:\/\/domartstyl.com\/en\/madam-chesterfield-chair\/\" \/>\n<meta property=\"og:site_name\" content=\"DomArtStyl\" \/>\n<meta property=\"article:publisher\" content=\"https:\/\/www.facebook.com\/DomArtStyl\/\" \/>\n<meta property=\"article:modified_time\" content=\"2025-05-15T09:57:50+00:00\" \/>\n<meta property=\"og:image\" content=\"https:\/\/domartstyl.com\/wp-content\/uploads\/2018\/04\/Madam-Chesterfield-2-1.jpg\" \/>\n\t<meta property=\"og:image:width\" content=\"945\" \/>\n\t<meta property=\"og:image:height\" content=\"756\" \/>\n\t<meta property=\"og:image:type\" content=\"image\/jpeg\" \/>\n<meta name=\"twitter:card\" content=\"summary_large_image\" \/>\n<meta name=\"twitter:site\" content=\"@DomArtStyl_pl\" \/>\n<meta name=\"twitter:label1\" content=\"Availability\" \/>\n\t<meta name=\"twitter:data1\" content=\"In stock\" \/>\n<script type=\"application\/ld+json\" class=\"yoast-schema-graph\">{\"@context\":\"https:\/\/schema.org\",\"@graph\":[{\"@type\":\"WebPage\",\"@id\":\"https:\/\/domartstyl.com\/en\/madam-chesterfield-chair\/\",\"url\":\"https:\/\/domartstyl.com\/en\/madam-chesterfield-chair\/\",\"name\":\"Upholstered Dining Room Chair Madam Chesterfield\",\"isPartOf\":{\"@id\":\"https:\/\/domartstyl.com\/en\/#website\"},\"primaryImageOfPage\":{\"@id\":\"https:\/\/domartstyl.com\/en\/madam-chesterfield-chair\/#primaryimage\"},\"image\":{\"@id\":\"https:\/\/domartstyl.com\/en\/madam-chesterfield-chair\/#primaryimage\"},\"thumbnailUrl\":\"https:\/\/domartstyl.com\/wp-content\/uploads\/2018\/04\/Rozowe-welurowe-krzeslo-tapicerowane-do-jadalni-na-drewnianych-nogach-Madam-Chesterfied.jpg\",\"datePublished\":\"2018-04-16T06:12:35+00:00\",\"dateModified\":\"2025-05-15T09:57:50+00:00\",\"description\":\"Madam Chesterfield upholstered dining chair or restaurant chair, is ideal for those looking for a unique design and high quality.\",\"breadcrumb\":{\"@id\":\"https:\/\/domartstyl.com\/en\/madam-chesterfield-chair\/#breadcrumb\"},\"inLanguage\":\"en-US\",\"potentialAction\":[{\"@type\":\"ReadAction\",\"target\":[\"https:\/\/domartstyl.com\/en\/madam-chesterfield-chair\/\"]}]},{\"@type\":\"ImageObject\",\"inLanguage\":\"en-US\",\"@id\":\"https:\/\/domartstyl.com\/en\/madam-chesterfield-chair\/#primaryimage\",\"url\":\"https:\/\/domartstyl.com\/wp-content\/uploads\/2018\/04\/Rozowe-welurowe-krzeslo-tapicerowane-do-jadalni-na-drewnianych-nogach-Madam-Chesterfied.jpg\",\"contentUrl\":\"https:\/\/domartstyl.com\/wp-content\/uploads\/2018\/04\/Rozowe-welurowe-krzeslo-tapicerowane-do-jadalni-na-drewnianych-nogach-Madam-Chesterfied.jpg\",\"width\":1200,\"height\":1200,\"caption\":\"Madam Chesterfield pink velour upholstered dining chair on wooden legs\"},{\"@type\":\"BreadcrumbList\",\"@id\":\"https:\/\/domartstyl.com\/en\/madam-chesterfield-chair\/#breadcrumb\",\"itemListElement\":[{\"@type\":\"ListItem\",\"position\":1,\"name\":\"Strona g\u0142\u00f3wna\",\"item\":\"https:\/\/domartstyl.com\/en\/\"},{\"@type\":\"ListItem\",\"position\":2,\"name\":\"Modern Upholstered Furniture\",\"item\":\"https:\/\/domartstyl.com\/en\/furniture\/\"},{\"@type\":\"ListItem\",\"position\":3,\"name\":\"Madam chesterfield Chair\"}]},{\"@type\":\"WebSite\",\"@id\":\"https:\/\/domartstyl.com\/en\/#website\",\"url\":\"https:\/\/domartstyl.com\/en\/\",\"name\":\"DomArtStyl\",\"description\":\"Tworzymy meble najwy\u017cszej jako\u015bci. Sprzeda\u017c detaliczna \u00b7 Sprzeda\u017c hurtowa\",\"publisher\":{\"@id\":\"https:\/\/domartstyl.com\/en\/#organization\"},\"potentialAction\":[{\"@type\":\"SearchAction\",\"target\":{\"@type\":\"EntryPoint\",\"urlTemplate\":\"https:\/\/domartstyl.com\/en\/?s={search_term_string}\"},\"query-input\":{\"@type\":\"PropertyValueSpecification\",\"valueRequired\":true,\"valueName\":\"search_term_string\"}}],\"inLanguage\":\"en-US\"},{\"@type\":\"Organization\",\"@id\":\"https:\/\/domartstyl.com\/en\/#organization\",\"name\":\"DomArtStyl\",\"url\":\"https:\/\/domartstyl.com\/en\/\",\"logo\":{\"@type\":\"ImageObject\",\"inLanguage\":\"en-US\",\"@id\":\"https:\/\/domartstyl.com\/en\/#\/schema\/logo\/image\/\",\"url\":\"https:\/\/domartstyl.com\/wp-content\/uploads\/2018\/04\/Logo_300_width.png\",\"contentUrl\":\"https:\/\/domartstyl.com\/wp-content\/uploads\/2018\/04\/Logo_300_width.png\",\"width\":300,\"height\":140,\"caption\":\"DomArtStyl\"},\"image\":{\"@id\":\"https:\/\/domartstyl.com\/en\/#\/schema\/logo\/image\/\"},\"sameAs\":[\"https:\/\/www.facebook.com\/DomArtStyl\/\",\"https:\/\/x.com\/DomArtStyl_pl\",\"https:\/\/www.instagram.com\/domartstyl\/?hl=en\",\"https:\/\/pl.pinterest.com\/domartstyl01\/\",\"https:\/\/www.youtube.com\/channel\/UCkISSgvMomI6yFFL3JDbLhw\"]}]}<\/script>\n<meta property=\"og:availability\" content=\"instock\" \/>\n<meta property=\"product:availability\" content=\"instock\" \/>\n<meta property=\"product:condition\" content=\"new\" \/>\n<!-- \/ Yoast SEO Premium plugin. -->","yoast_head_json":{"title":"Upholstered Dining Room Chair Madam Chesterfield","description":"Madam Chesterfield upholstered dining chair or restaurant chair, is ideal for those looking for a unique design and high quality.","robots":{"index":"index","follow":"follow","max-snippet":"max-snippet:-1","max-image-preview":"max-image-preview:large","max-video-preview":"max-video-preview:-1"},"canonical":"https:\/\/domartstyl.com\/en\/madam-chesterfield-chair\/","og_locale":"en_US","og_type":"article","og_title":"Madam chesterfield Chair - DomArtStyl","og_description":"A chair that combines glamor and chesterfield styles \u2764\ufe0f","og_url":"https:\/\/domartstyl.com\/en\/madam-chesterfield-chair\/","og_site_name":"DomArtStyl","article_publisher":"https:\/\/www.facebook.com\/DomArtStyl\/","article_modified_time":"2025-05-15T09:57:50+00:00","og_image":[{"width":945,"height":756,"url":"https:\/\/domartstyl.com\/wp-content\/uploads\/2018\/04\/Madam-Chesterfield-2-1.jpg","type":"image\/jpeg"}],"twitter_card":"summary_large_image","twitter_site":"@DomArtStyl_pl","twitter_misc":{"Availability":"In stock"},"schema":{"@context":"https:\/\/schema.org","@graph":[{"@type":"WebPage","@id":"https:\/\/domartstyl.com\/en\/madam-chesterfield-chair\/","url":"https:\/\/domartstyl.com\/en\/madam-chesterfield-chair\/","name":"Upholstered Dining Room Chair Madam Chesterfield","isPartOf":{"@id":"https:\/\/domartstyl.com\/en\/#website"},"primaryImageOfPage":{"@id":"https:\/\/domartstyl.com\/en\/madam-chesterfield-chair\/#primaryimage"},"image":{"@id":"https:\/\/domartstyl.com\/en\/madam-chesterfield-chair\/#primaryimage"},"thumbnailUrl":"https:\/\/domartstyl.com\/wp-content\/uploads\/2018\/04\/Rozowe-welurowe-krzeslo-tapicerowane-do-jadalni-na-drewnianych-nogach-Madam-Chesterfied.jpg","datePublished":"2018-04-16T06:12:35+00:00","dateModified":"2025-05-15T09:57:50+00:00","description":"Madam Chesterfield upholstered dining chair or restaurant chair, is ideal for those looking for a unique design and high quality.","breadcrumb":{"@id":"https:\/\/domartstyl.com\/en\/madam-chesterfield-chair\/#breadcrumb"},"inLanguage":"en-US","potentialAction":[{"@type":"ReadAction","target":["https:\/\/domartstyl.com\/en\/madam-chesterfield-chair\/"]}]},{"@type":"ImageObject","inLanguage":"en-US","@id":"https:\/\/domartstyl.com\/en\/madam-chesterfield-chair\/#primaryimage","url":"https:\/\/domartstyl.com\/wp-content\/uploads\/2018\/04\/Rozowe-welurowe-krzeslo-tapicerowane-do-jadalni-na-drewnianych-nogach-Madam-Chesterfied.jpg","contentUrl":"https:\/\/domartstyl.com\/wp-content\/uploads\/2018\/04\/Rozowe-welurowe-krzeslo-tapicerowane-do-jadalni-na-drewnianych-nogach-Madam-Chesterfied.jpg","width":1200,"height":1200,"caption":"Madam Chesterfield pink velour upholstered dining chair on wooden legs"},{"@type":"BreadcrumbList","@id":"https:\/\/domartstyl.com\/en\/madam-chesterfield-chair\/#breadcrumb","itemListElement":[{"@type":"ListItem","position":1,"name":"Strona g\u0142\u00f3wna","item":"https:\/\/domartstyl.com\/en\/"},{"@type":"ListItem","position":2,"name":"Modern Upholstered Furniture","item":"https:\/\/domartstyl.com\/en\/furniture\/"},{"@type":"ListItem","position":3,"name":"Madam chesterfield Chair"}]},{"@type":"WebSite","@id":"https:\/\/domartstyl.com\/en\/#website","url":"https:\/\/domartstyl.com\/en\/","name":"DomArtStyl","description":"Tworzymy meble najwy\u017cszej jako\u015bci. Sprzeda\u017c detaliczna \u00b7 Sprzeda\u017c hurtowa","publisher":{"@id":"https:\/\/domartstyl.com\/en\/#organization"},"potentialAction":[{"@type":"SearchAction","target":{"@type":"EntryPoint","urlTemplate":"https:\/\/domartstyl.com\/en\/?s={search_term_string}"},"query-input":{"@type":"PropertyValueSpecification","valueRequired":true,"valueName":"search_term_string"}}],"inLanguage":"en-US"},{"@type":"Organization","@id":"https:\/\/domartstyl.com\/en\/#organization","name":"DomArtStyl","url":"https:\/\/domartstyl.com\/en\/","logo":{"@type":"ImageObject","inLanguage":"en-US","@id":"https:\/\/domartstyl.com\/en\/#\/schema\/logo\/image\/","url":"https:\/\/domartstyl.com\/wp-content\/uploads\/2018\/04\/Logo_300_width.png","contentUrl":"https:\/\/domartstyl.com\/wp-content\/uploads\/2018\/04\/Logo_300_width.png","width":300,"height":140,"caption":"DomArtStyl"},"image":{"@id":"https:\/\/domartstyl.com\/en\/#\/schema\/logo\/image\/"},"sameAs":["https:\/\/www.facebook.com\/DomArtStyl\/","https:\/\/x.com\/DomArtStyl_pl","https:\/\/www.instagram.com\/domartstyl\/?hl=en","https:\/\/pl.pinterest.com\/domartstyl01\/","https:\/\/www.youtube.com\/channel\/UCkISSgvMomI6yFFL3JDbLhw"]}]},"og_availability":"instock","product_availability":"instock","product_condition":"new"},"_links":{"self":[{"href":"https:\/\/domartstyl.com\/en\/wp-json\/wp\/v2\/product\/4020","targetHints":{"allow":["GET"]}}],"collection":[{"href":"https:\/\/domartstyl.com\/en\/wp-json\/wp\/v2\/product"}],"about":[{"href":"https:\/\/domartstyl.com\/en\/wp-json\/wp\/v2\/types\/product"}],"replies":[{"embeddable":true,"href":"https:\/\/domartstyl.com\/en\/wp-json\/wp\/v2\/comments?post=4020"}],"wp:featuredmedia":[{"embeddable":true,"href":"https:\/\/domartstyl.com\/en\/wp-json\/wp\/v2\/media\/79820"}],"wp:attachment":[{"href":"https:\/\/domartstyl.com\/en\/wp-json\/wp\/v2\/media?parent=4020"}],"wp:term":[{"taxonomy":"product_brand","embeddable":true,"href":"https:\/\/domartstyl.com\/en\/wp-json\/wp\/v2\/product_brand?post=4020"},{"taxonomy":"product_cat","embeddable":true,"href":"https:\/\/domartstyl.com\/en\/wp-json\/wp\/v2\/product_cat?post=4020"},{"taxonomy":"product_tag","embeddable":true,"href":"https:\/\/domartstyl.com\/en\/wp-json\/wp\/v2\/product_tag?post=4020"}],"curies":[{"name":"wp","href":"https:\/\/api.w.org\/{rel}","templated":true}]}}