{"id":91796,"date":"2024-10-22T09:28:32","date_gmt":"2024-10-22T08:28:32","guid":{"rendered":"https:\/\/domartstyl.com\/fabrics\/solar-davis-2\/"},"modified":"2024-10-22T09:28:33","modified_gmt":"2024-10-22T08:28:33","slug":"solar-davis-2","status":"publish","type":"page","link":"https:\/\/domartstyl.com\/en\/fabrics\/solar-davis-2\/","title":{"rendered":"Solar (Davis)"},"content":{"rendered":"<div class=\"text-center mb-3\">\r\n\t<a href=\"\/wp-content\/uploads\/tkaniny\/specyfikacja\/solar.pdf\" class=\"btn btn-primary\" target=\"_blank\" title=\"View Technical Specifications\" rel=\"noopener\">Technical Specifications<\/a>\r\n<\/div>\r\n<div class=\"row row-cols-2 row-cols-sm-3 row-cols-md-4 row-cols-lg-6 g-4 mt-0 mb-5\" id=\"lightgallery\">\r\n\t<div class=\"col text-center\">\r\n\t\t<a href=\"https:\/\/domartstyl.com\/wp-content\/uploads\/tkaniny\/Solar\/Solar-1.webp\" class=\"lightgallery-item\" title=\"Solar 1\">\r\n\t\t\t<img decoding=\"async\" src=\"https:\/\/domartstyl.com\/wp-content\/uploads\/tkaniny\/sm\/Solar\/Solar-1.webp\" loading=\"lazy\" alt=\"Solar 1\"\/>\r\n\t\t<\/a>\r\n\t\t<span class=\"d-block p-3\">Solar 1<\/span>\r\n\t<\/div>\r\n\t<div class=\"col text-center\">\r\n\t\t<a href=\"https:\/\/domartstyl.com\/wp-content\/uploads\/tkaniny\/Solar\/Solar-3.webp\" class=\"lightgallery-item\" title=\"Solar 3\">\r\n\t\t\t<img decoding=\"async\" src=\"https:\/\/domartstyl.com\/wp-content\/uploads\/tkaniny\/sm\/Solar\/Solar-3.webp\" loading=\"lazy\" alt=\"Solar 3\"\/>\r\n\t\t<\/a>\r\n\t\t<span class=\"d-block p-3\">Solar 3<\/span>\r\n\t<\/div>\r\n\t<div class=\"col text-center\">\r\n\t\t<a href=\"https:\/\/domartstyl.com\/wp-content\/uploads\/tkaniny\/Solar\/Solar-11.webp\" class=\"lightgallery-item\" title=\"Solar 11\">\r\n\t\t\t<img decoding=\"async\" src=\"https:\/\/domartstyl.com\/wp-content\/uploads\/tkaniny\/sm\/Solar\/Solar-11.webp\" loading=\"lazy\" alt=\"Solar 11\"\/>\r\n\t\t<\/a>\r\n\t\t<span class=\"d-block p-3\">Solar 11<\/span>\r\n\t<\/div>\r\n\t<div class=\"col text-center\">\r\n\t\t<a href=\"https:\/\/domartstyl.com\/wp-content\/uploads\/tkaniny\/Solar\/Solar-12.webp\" class=\"lightgallery-item\" title=\"Solar 12\">\r\n\t\t\t<img decoding=\"async\" src=\"https:\/\/domartstyl.com\/wp-content\/uploads\/tkaniny\/sm\/Solar\/Solar-12.webp\" loading=\"lazy\" alt=\"Solar 12\"\/>\r\n\t\t<\/a>\r\n\t\t<span class=\"d-block p-3\">Solar 12<\/span>\r\n\t<\/div>\r\n\t<div class=\"col text-center\">\r\n\t\t<a href=\"https:\/\/domartstyl.com\/wp-content\/uploads\/tkaniny\/Solar\/Solar-16.webp\" class=\"lightgallery-item\" title=\"Solar 16\">\r\n\t\t\t<img decoding=\"async\" src=\"https:\/\/domartstyl.com\/wp-content\/uploads\/tkaniny\/sm\/Solar\/Solar-16.webp\" loading=\"lazy\" alt=\"Solar 16\"\/>\r\n\t\t<\/a>\r\n\t\t<span class=\"d-block p-3\">Solar 16<\/span>\r\n\t<\/div>\r\n\t<div class=\"col text-center\">\r\n\t\t<a href=\"https:\/\/domartstyl.com\/wp-content\/uploads\/tkaniny\/Solar\/Solar-23.webp\" class=\"lightgallery-item\" title=\"Solar 23\">\r\n\t\t\t<img decoding=\"async\" src=\"https:\/\/domartstyl.com\/wp-content\/uploads\/tkaniny\/sm\/Solar\/Solar-23.webp\" loading=\"lazy\" alt=\"Solar 23\"\/>\r\n\t\t<\/a>\r\n\t\t<span class=\"d-block p-3\">Solar 23<\/span>\r\n\t<\/div>\r\n\t<div class=\"col text-center\">\r\n\t\t<a href=\"https:\/\/domartstyl.com\/wp-content\/uploads\/tkaniny\/Solar\/Solar-28.webp\" class=\"lightgallery-item\" title=\"Solar 28\">\r\n\t\t\t<img decoding=\"async\" src=\"https:\/\/domartstyl.com\/wp-content\/uploads\/tkaniny\/sm\/Solar\/Solar-28.webp\" loading=\"lazy\" alt=\"Solar 28\"\/>\r\n\t\t<\/a>\r\n\t\t<span class=\"d-block p-3\">Solar 28<\/span>\r\n\t<\/div>\r\n\t<div class=\"col text-center\">\r\n\t\t<a href=\"https:\/\/domartstyl.com\/wp-content\/uploads\/tkaniny\/Solar\/Solar-37.webp\" class=\"lightgallery-item\" title=\"Solar 37\">\r\n\t\t\t<img decoding=\"async\" src=\"https:\/\/domartstyl.com\/wp-content\/uploads\/tkaniny\/sm\/Solar\/Solar-37.webp\" loading=\"lazy\" alt=\"Solar 37\"\/>\r\n\t\t<\/a>\r\n\t\t<span class=\"d-block p-3\">Solar 37<\/span>\r\n\t<\/div>\r\n\t<div class=\"col text-center\">\r\n\t\t<a href=\"https:\/\/domartstyl.com\/wp-content\/uploads\/tkaniny\/Solar\/Solar-38.webp\" class=\"lightgallery-item\" title=\"Solar 38\">\r\n\t\t\t<img decoding=\"async\" src=\"https:\/\/domartstyl.com\/wp-content\/uploads\/tkaniny\/sm\/Solar\/Solar-38.webp\" loading=\"lazy\" alt=\"Solar 38\"\/>\r\n\t\t<\/a>\r\n\t\t<span class=\"d-block p-3\">Solar 38<\/span>\r\n\t<\/div>\r\n\t<div class=\"col text-center\">\r\n\t\t<a href=\"https:\/\/domartstyl.com\/wp-content\/uploads\/tkaniny\/Solar\/Solar-45.webp\" class=\"lightgallery-item\" title=\"Solar 45\">\r\n\t\t\t<img decoding=\"async\" src=\"https:\/\/domartstyl.com\/wp-content\/uploads\/tkaniny\/sm\/Solar\/Solar-45.webp\" loading=\"lazy\" alt=\"Solar 45\"\/>\r\n\t\t<\/a>\r\n\t\t<span class=\"d-block p-3\">Solar 45<\/span>\r\n\t<\/div>\r\n\t<div class=\"col text-center\">\r\n\t\t<a href=\"https:\/\/domartstyl.com\/wp-content\/uploads\/tkaniny\/Solar\/Solar-59.webp\" class=\"lightgallery-item\" title=\"Solar 59\">\r\n\t\t\t<img decoding=\"async\" src=\"https:\/\/domartstyl.com\/wp-content\/uploads\/tkaniny\/sm\/Solar\/Solar-59.webp\" loading=\"lazy\" alt=\"Solar 59\"\/>\r\n\t\t<\/a>\r\n\t\t<span class=\"d-block p-3\">Solar 59<\/span>\r\n\t<\/div>\r\n\t<div class=\"col text-center\">\r\n\t\t<a href=\"https:\/\/domartstyl.com\/wp-content\/uploads\/tkaniny\/Solar\/Solar-61.webp\" class=\"lightgallery-item\" title=\"Solar 61\">\r\n\t\t\t<img decoding=\"async\" src=\"https:\/\/domartstyl.com\/wp-content\/uploads\/tkaniny\/sm\/Solar\/Solar-61.webp\" loading=\"lazy\" alt=\"Solar 61\"\/>\r\n\t\t<\/a>\r\n\t\t<span class=\"d-block p-3\">Solar 61<\/span>\r\n\t<\/div>\r\n\t<div class=\"col text-center\">\r\n\t\t<a href=\"https:\/\/domartstyl.com\/wp-content\/uploads\/tkaniny\/Solar\/Solar-63.webp\" class=\"lightgallery-item\" title=\"Solar 63\">\r\n\t\t\t<img decoding=\"async\" src=\"https:\/\/domartstyl.com\/wp-content\/uploads\/tkaniny\/sm\/Solar\/Solar-63.webp\" loading=\"lazy\" alt=\"Solar 63\"\/>\r\n\t\t<\/a>\r\n\t\t<span class=\"d-block p-3\">Solar 63<\/span>\r\n\t<\/div>\r\n\t<div class=\"col text-center\">\r\n\t\t<a href=\"https:\/\/domartstyl.com\/wp-content\/uploads\/tkaniny\/Solar\/Solar-70.webp\" class=\"lightgallery-item\" title=\"Solar 70\">\r\n\t\t\t<img decoding=\"async\" src=\"https:\/\/domartstyl.com\/wp-content\/uploads\/tkaniny\/sm\/Solar\/Solar-70.webp\" loading=\"lazy\" alt=\"Solar 70\"\/>\r\n\t\t<\/a>\r\n\t\t<span class=\"d-block p-3\">Solar 70<\/span>\r\n\t<\/div>\r\n\t<div class=\"col text-center\">\r\n\t\t<a href=\"https:\/\/domartstyl.com\/wp-content\/uploads\/tkaniny\/Solar\/Solar-72.webp\" class=\"lightgallery-item\" title=\"Solar 72\">\r\n\t\t\t<img decoding=\"async\" src=\"https:\/\/domartstyl.com\/wp-content\/uploads\/tkaniny\/sm\/Solar\/Solar-72.webp\" loading=\"lazy\" alt=\"Solar 72\"\/>\r\n\t\t<\/a>\r\n\t\t<span class=\"d-block p-3\">Solar 72<\/span>\r\n\t<\/div>\r\n\t<div class=\"col text-center\">\r\n\t\t<a href=\"https:\/\/domartstyl.com\/wp-content\/uploads\/tkaniny\/Solar\/Solar-74.webp\" class=\"lightgallery-item\" title=\"Solar 74\">\r\n\t\t\t<img decoding=\"async\" src=\"https:\/\/domartstyl.com\/wp-content\/uploads\/tkaniny\/sm\/Solar\/Solar-74.webp\" loading=\"lazy\" alt=\"Solar 74\"\/>\r\n\t\t<\/a>\r\n\t\t<span class=\"d-block p-3\">Solar 74<\/span>\r\n\t<\/div>\r\n\t<div class=\"col text-center\">\r\n\t\t<a href=\"https:\/\/domartstyl.com\/wp-content\/uploads\/tkaniny\/Solar\/Solar-77.webp\" class=\"lightgallery-item\" title=\"Solar 77\">\r\n\t\t\t<img decoding=\"async\" src=\"https:\/\/domartstyl.com\/wp-content\/uploads\/tkaniny\/sm\/Solar\/Solar-77.webp\" loading=\"lazy\" alt=\"Solar 77\"\/>\r\n\t\t<\/a>\r\n\t\t<span class=\"d-block p-3\">Solar 77<\/span>\r\n\t<\/div>\r\n\t<div class=\"col text-center\">\r\n\t\t<a href=\"https:\/\/domartstyl.com\/wp-content\/uploads\/tkaniny\/Solar\/Solar-79.webp\" class=\"lightgallery-item\" title=\"Solar 79\">\r\n\t\t\t<img decoding=\"async\" src=\"https:\/\/domartstyl.com\/wp-content\/uploads\/tkaniny\/sm\/Solar\/Solar-79.webp\" loading=\"lazy\" alt=\"Solar 79\"\/>\r\n\t\t<\/a>\r\n\t\t<span class=\"d-block p-3\">Solar 79<\/span>\r\n\t<\/div>\r\n\t<div class=\"col text-center\">\r\n\t\t<a href=\"https:\/\/domartstyl.com\/wp-content\/uploads\/tkaniny\/Solar\/Solar-80.webp\" class=\"lightgallery-item\" title=\"Solar 80\">\r\n\t\t\t<img decoding=\"async\" src=\"https:\/\/domartstyl.com\/wp-content\/uploads\/tkaniny\/sm\/Solar\/Solar-80.webp\" loading=\"lazy\" alt=\"Solar 80\"\/>\r\n\t\t<\/a>\r\n\t\t<span class=\"d-block p-3\">Solar 80<\/span>\r\n\t<\/div>\r\n\t<div class=\"col text-center\">\r\n\t\t<a href=\"https:\/\/domartstyl.com\/wp-content\/uploads\/tkaniny\/Solar\/Solar-96.webp\" class=\"lightgallery-item\" title=\"Solar 96\">\r\n\t\t\t<img decoding=\"async\" src=\"https:\/\/domartstyl.com\/wp-content\/uploads\/tkaniny\/sm\/Solar\/Solar-96.webp\" loading=\"lazy\" alt=\"Solar 96\"\/>\r\n\t\t<\/a>\r\n\t\t<span class=\"d-block p-3\">Solar 96<\/span>\r\n\t<\/div>\r\n\t<div class=\"col text-center\">\r\n\t\t<a href=\"https:\/\/domartstyl.com\/wp-content\/uploads\/tkaniny\/Solar\/Solar-99.webp\" class=\"lightgallery-item\" title=\"Solar 99\">\r\n\t\t\t<img decoding=\"async\" src=\"https:\/\/domartstyl.com\/wp-content\/uploads\/tkaniny\/sm\/Solar\/Solar-99.webp\" loading=\"lazy\" alt=\"Solar 99\"\/>\r\n\t\t<\/a>\r\n\t\t<span class=\"d-block p-3\">Solar 99<\/span>\r\n\t<\/div>\r\n<\/div>","protected":false},"excerpt":{"rendered":"<p>Technical Specifications Solar 1 Solar 3 Solar 11 Solar 12 Solar 16 Solar 23 Solar 28 Solar 37 Solar 38 [&hellip;]<\/p>\n","protected":false},"author":41,"featured_media":0,"parent":3883,"menu_order":0,"comment_status":"closed","ping_status":"closed","template":"page-gallery.php","meta":{"footnotes":""},"class_list":["post-91796","page","type-page","status-publish","hentry"],"yoast_head":"<!-- This site is optimized with the Yoast SEO Premium plugin v25.0 (Yoast SEO v25.0) - https:\/\/yoast.com\/wordpress\/plugins\/seo\/ -->\n<title>Solar (Davis) Technical Specifications - DomArtStyl<\/title>\n<meta name=\"robots\" content=\"index, follow, max-snippet:-1, max-image-preview:large, max-video-preview:-1\" \/>\n<link rel=\"canonical\" href=\"https:\/\/domartstyl.com\/en\/fabrics\/solar-davis-2\/\" \/>\n<meta property=\"og:locale\" content=\"en_US\" \/>\n<meta property=\"og:type\" content=\"article\" \/>\n<meta property=\"og:title\" content=\"Solar (Davis)\" \/>\n<meta property=\"og:description\" content=\"Technical Specifications Solar 1 Solar 3 Solar 11 Solar 12 Solar 16 Solar 23 Solar 28 Solar 37 Solar 38 [&hellip;]\" \/>\n<meta property=\"og:url\" content=\"https:\/\/domartstyl.com\/en\/fabrics\/solar-davis-2\/\" \/>\n<meta property=\"og:site_name\" content=\"DomArtStyl\" \/>\n<meta property=\"article:publisher\" content=\"https:\/\/www.facebook.com\/DomArtStyl\/\" \/>\n<meta property=\"article:modified_time\" content=\"2024-10-22T08:28:33+00:00\" \/>\n<meta property=\"og:image\" content=\"https:\/\/domartstyl.com\/wp-content\/uploads\/tkaniny\/sm\/Solar\/Solar-1.webp\" \/>\n<meta name=\"twitter:card\" content=\"summary_large_image\" \/>\n<meta name=\"twitter:site\" content=\"@DomArtStyl_pl\" \/>\n<script type=\"application\/ld+json\" class=\"yoast-schema-graph\">{\"@context\":\"https:\/\/schema.org\",\"@graph\":[{\"@type\":\"WebPage\",\"@id\":\"https:\/\/domartstyl.com\/en\/fabrics\/solar-davis-2\/\",\"url\":\"https:\/\/domartstyl.com\/en\/fabrics\/solar-davis-2\/\",\"name\":\"Solar (Davis) Technical Specifications - DomArtStyl\",\"isPartOf\":{\"@id\":\"https:\/\/domartstyl.com\/en\/#website\"},\"primaryImageOfPage\":{\"@id\":\"https:\/\/domartstyl.com\/en\/fabrics\/solar-davis-2\/#primaryimage\"},\"image\":{\"@id\":\"https:\/\/domartstyl.com\/en\/fabrics\/solar-davis-2\/#primaryimage\"},\"thumbnailUrl\":\"https:\/\/domartstyl.com\/wp-content\/uploads\/tkaniny\/sm\/Solar\/Solar-1.webp\",\"datePublished\":\"2024-10-22T08:28:32+00:00\",\"dateModified\":\"2024-10-22T08:28:33+00:00\",\"breadcrumb\":{\"@id\":\"https:\/\/domartstyl.com\/en\/fabrics\/solar-davis-2\/#breadcrumb\"},\"inLanguage\":\"en-US\",\"potentialAction\":[{\"@type\":\"ReadAction\",\"target\":[\"https:\/\/domartstyl.com\/en\/fabrics\/solar-davis-2\/\"]}]},{\"@type\":\"ImageObject\",\"inLanguage\":\"en-US\",\"@id\":\"https:\/\/domartstyl.com\/en\/fabrics\/solar-davis-2\/#primaryimage\",\"url\":\"https:\/\/domartstyl.com\/wp-content\/uploads\/tkaniny\/sm\/Solar\/Solar-1.webp\",\"contentUrl\":\"https:\/\/domartstyl.com\/wp-content\/uploads\/tkaniny\/sm\/Solar\/Solar-1.webp\"},{\"@type\":\"BreadcrumbList\",\"@id\":\"https:\/\/domartstyl.com\/en\/fabrics\/solar-davis-2\/#breadcrumb\",\"itemListElement\":[{\"@type\":\"ListItem\",\"position\":1,\"name\":\"Strona g\u0142\u00f3wna\",\"item\":\"https:\/\/domartstyl.com\/en\/\"},{\"@type\":\"ListItem\",\"position\":2,\"name\":\"Fabrics\",\"item\":\"https:\/\/domartstyl.com\/en\/fabrics\/\"},{\"@type\":\"ListItem\",\"position\":3,\"name\":\"Solar (Davis)\"}]},{\"@type\":\"WebSite\",\"@id\":\"https:\/\/domartstyl.com\/en\/#website\",\"url\":\"https:\/\/domartstyl.com\/en\/\",\"name\":\"DomArtStyl\",\"description\":\"Tworzymy meble najwy\u017cszej jako\u015bci. Sprzeda\u017c detaliczna \u00b7 Sprzeda\u017c hurtowa\",\"publisher\":{\"@id\":\"https:\/\/domartstyl.com\/en\/#organization\"},\"potentialAction\":[{\"@type\":\"SearchAction\",\"target\":{\"@type\":\"EntryPoint\",\"urlTemplate\":\"https:\/\/domartstyl.com\/en\/?s={search_term_string}\"},\"query-input\":{\"@type\":\"PropertyValueSpecification\",\"valueRequired\":true,\"valueName\":\"search_term_string\"}}],\"inLanguage\":\"en-US\"},{\"@type\":\"Organization\",\"@id\":\"https:\/\/domartstyl.com\/en\/#organization\",\"name\":\"DomArtStyl\",\"url\":\"https:\/\/domartstyl.com\/en\/\",\"logo\":{\"@type\":\"ImageObject\",\"inLanguage\":\"en-US\",\"@id\":\"https:\/\/domartstyl.com\/en\/#\/schema\/logo\/image\/\",\"url\":\"https:\/\/domartstyl.com\/wp-content\/uploads\/2018\/04\/Logo_300_width.png\",\"contentUrl\":\"https:\/\/domartstyl.com\/wp-content\/uploads\/2018\/04\/Logo_300_width.png\",\"width\":300,\"height\":140,\"caption\":\"DomArtStyl\"},\"image\":{\"@id\":\"https:\/\/domartstyl.com\/en\/#\/schema\/logo\/image\/\"},\"sameAs\":[\"https:\/\/www.facebook.com\/DomArtStyl\/\",\"https:\/\/x.com\/DomArtStyl_pl\",\"https:\/\/www.instagram.com\/domartstyl\/?hl=en\",\"https:\/\/pl.pinterest.com\/domartstyl01\/\",\"https:\/\/www.youtube.com\/channel\/UCkISSgvMomI6yFFL3JDbLhw\"]}]}<\/script>\n<!-- \/ Yoast SEO Premium plugin. -->","yoast_head_json":{"title":"Solar (Davis) Technical Specifications - DomArtStyl","robots":{"index":"index","follow":"follow","max-snippet":"max-snippet:-1","max-image-preview":"max-image-preview:large","max-video-preview":"max-video-preview:-1"},"canonical":"https:\/\/domartstyl.com\/en\/fabrics\/solar-davis-2\/","og_locale":"en_US","og_type":"article","og_title":"Solar (Davis)","og_description":"Technical Specifications Solar 1 Solar 3 Solar 11 Solar 12 Solar 16 Solar 23 Solar 28 Solar 37 Solar 38 [&hellip;]","og_url":"https:\/\/domartstyl.com\/en\/fabrics\/solar-davis-2\/","og_site_name":"DomArtStyl","article_publisher":"https:\/\/www.facebook.com\/DomArtStyl\/","article_modified_time":"2024-10-22T08:28:33+00:00","og_image":[{"url":"https:\/\/domartstyl.com\/wp-content\/uploads\/tkaniny\/sm\/Solar\/Solar-1.webp","type":"","width":"","height":""}],"twitter_card":"summary_large_image","twitter_site":"@DomArtStyl_pl","schema":{"@context":"https:\/\/schema.org","@graph":[{"@type":"WebPage","@id":"https:\/\/domartstyl.com\/en\/fabrics\/solar-davis-2\/","url":"https:\/\/domartstyl.com\/en\/fabrics\/solar-davis-2\/","name":"Solar (Davis) Technical Specifications - DomArtStyl","isPartOf":{"@id":"https:\/\/domartstyl.com\/en\/#website"},"primaryImageOfPage":{"@id":"https:\/\/domartstyl.com\/en\/fabrics\/solar-davis-2\/#primaryimage"},"image":{"@id":"https:\/\/domartstyl.com\/en\/fabrics\/solar-davis-2\/#primaryimage"},"thumbnailUrl":"https:\/\/domartstyl.com\/wp-content\/uploads\/tkaniny\/sm\/Solar\/Solar-1.webp","datePublished":"2024-10-22T08:28:32+00:00","dateModified":"2024-10-22T08:28:33+00:00","breadcrumb":{"@id":"https:\/\/domartstyl.com\/en\/fabrics\/solar-davis-2\/#breadcrumb"},"inLanguage":"en-US","potentialAction":[{"@type":"ReadAction","target":["https:\/\/domartstyl.com\/en\/fabrics\/solar-davis-2\/"]}]},{"@type":"ImageObject","inLanguage":"en-US","@id":"https:\/\/domartstyl.com\/en\/fabrics\/solar-davis-2\/#primaryimage","url":"https:\/\/domartstyl.com\/wp-content\/uploads\/tkaniny\/sm\/Solar\/Solar-1.webp","contentUrl":"https:\/\/domartstyl.com\/wp-content\/uploads\/tkaniny\/sm\/Solar\/Solar-1.webp"},{"@type":"BreadcrumbList","@id":"https:\/\/domartstyl.com\/en\/fabrics\/solar-davis-2\/#breadcrumb","itemListElement":[{"@type":"ListItem","position":1,"name":"Strona g\u0142\u00f3wna","item":"https:\/\/domartstyl.com\/en\/"},{"@type":"ListItem","position":2,"name":"Fabrics","item":"https:\/\/domartstyl.com\/en\/fabrics\/"},{"@type":"ListItem","position":3,"name":"Solar (Davis)"}]},{"@type":"WebSite","@id":"https:\/\/domartstyl.com\/en\/#website","url":"https:\/\/domartstyl.com\/en\/","name":"DomArtStyl","description":"Tworzymy meble najwy\u017cszej jako\u015bci. Sprzeda\u017c detaliczna \u00b7 Sprzeda\u017c hurtowa","publisher":{"@id":"https:\/\/domartstyl.com\/en\/#organization"},"potentialAction":[{"@type":"SearchAction","target":{"@type":"EntryPoint","urlTemplate":"https:\/\/domartstyl.com\/en\/?s={search_term_string}"},"query-input":{"@type":"PropertyValueSpecification","valueRequired":true,"valueName":"search_term_string"}}],"inLanguage":"en-US"},{"@type":"Organization","@id":"https:\/\/domartstyl.com\/en\/#organization","name":"DomArtStyl","url":"https:\/\/domartstyl.com\/en\/","logo":{"@type":"ImageObject","inLanguage":"en-US","@id":"https:\/\/domartstyl.com\/en\/#\/schema\/logo\/image\/","url":"https:\/\/domartstyl.com\/wp-content\/uploads\/2018\/04\/Logo_300_width.png","contentUrl":"https:\/\/domartstyl.com\/wp-content\/uploads\/2018\/04\/Logo_300_width.png","width":300,"height":140,"caption":"DomArtStyl"},"image":{"@id":"https:\/\/domartstyl.com\/en\/#\/schema\/logo\/image\/"},"sameAs":["https:\/\/www.facebook.com\/DomArtStyl\/","https:\/\/x.com\/DomArtStyl_pl","https:\/\/www.instagram.com\/domartstyl\/?hl=en","https:\/\/pl.pinterest.com\/domartstyl01\/","https:\/\/www.youtube.com\/channel\/UCkISSgvMomI6yFFL3JDbLhw"]}]}},"_links":{"self":[{"href":"https:\/\/domartstyl.com\/en\/wp-json\/wp\/v2\/pages\/91796","targetHints":{"allow":["GET"]}}],"collection":[{"href":"https:\/\/domartstyl.com\/en\/wp-json\/wp\/v2\/pages"}],"about":[{"href":"https:\/\/domartstyl.com\/en\/wp-json\/wp\/v2\/types\/page"}],"author":[{"embeddable":true,"href":"https:\/\/domartstyl.com\/en\/wp-json\/wp\/v2\/users\/41"}],"replies":[{"embeddable":true,"href":"https:\/\/domartstyl.com\/en\/wp-json\/wp\/v2\/comments?post=91796"}],"version-history":[{"count":0,"href":"https:\/\/domartstyl.com\/en\/wp-json\/wp\/v2\/pages\/91796\/revisions"}],"up":[{"embeddable":true,"href":"https:\/\/domartstyl.com\/en\/wp-json\/wp\/v2\/pages\/3883"}],"wp:attachment":[{"href":"https:\/\/domartstyl.com\/en\/wp-json\/wp\/v2\/media?parent=91796"}],"curies":[{"name":"wp","href":"https:\/\/api.w.org\/{rel}","templated":true}]}}