{"id":90049,"date":"2024-05-16T14:44:57","date_gmt":"2024-05-16T13:44:57","guid":{"rendered":"https:\/\/domartstyl.com\/fabrics\/lincoln\/"},"modified":"2024-05-16T14:52:22","modified_gmt":"2024-05-16T13:52:22","slug":"lincoln","status":"publish","type":"page","link":"https:\/\/domartstyl.com\/en\/fabrics\/lincoln\/","title":{"rendered":"Lincoln (Davis)"},"content":{"rendered":"<div class=\"text-center mb-3\">\n    <p>As standard, the straps will be arranged vertically on the furniture.<\/p>\n    <p>If the vertical arrangement of the strips is not allowed by the shape of the furniture, they will be made horizontally, which we will inform you about when placing the order.<\/p>\n    <p class=\"mb-3\">We would like to point out that we do not lay strip to strip.<\/p>\n    <a href=\"\/wp-content\/uploads\/tkaniny\/specyfikacja\/lincoln.pdf\" class=\"btn btn-primary\" target=\"_blank\" title=\"View Technical Specifications\" rel=\"noopener\">Technical Specifications<\/a>\n<\/div>\n<div class=\"row row-cols-2 row-cols-sm-3 row-cols-md-4 row-cols-lg-6 g-4 mt-0 mb-5\" id=\"lightgallery\">\n\t<div class=\"col text-center\">\n\t\t<a href=\"\/wp-content\/uploads\/tkaniny\/Lincoln\/Lincoln-01.jpg\" class=\"lightgallery-item\" title=\"Lincoln 1\">\n\t\t\t<img decoding=\"async\" src=\"\/wp-content\/uploads\/tkaniny\/sm\/Lincoln\/Lincoln-01.jpg\" loading=\"lazy\" alt=\"Lincoln 1\">\n\t\t<\/a>\n\t\t<span class=\"d-block p-3\">Lincoln 1<\/span>\n\t<\/div>\n    <div class=\"col text-center\">\n\t\t<a href=\"\/wp-content\/uploads\/tkaniny\/Lincoln\/Lincoln-03.jpg\" class=\"lightgallery-item\" title=\"Lincoln 3\">\n\t\t\t<img decoding=\"async\" src=\"\/wp-content\/uploads\/tkaniny\/sm\/Lincoln\/Lincoln-03.jpg\" loading=\"lazy\" alt=\"Lincoln 3\">\n\t\t<\/a>\n\t\t<span class=\"d-block p-3\">Lincoln 3<\/span>\n\t<\/div>\n    <div class=\"col text-center\">\n\t\t<a href=\"\/wp-content\/uploads\/tkaniny\/Lincoln\/Lincoln-17.jpg\" class=\"lightgallery-item\" title=\"Lincoln 17\">\n\t\t\t<img decoding=\"async\" src=\"\/wp-content\/uploads\/tkaniny\/sm\/Lincoln\/Lincoln-17.jpg\" loading=\"lazy\" alt=\"Lincoln 17\">\n\t\t<\/a>\n\t\t<span class=\"d-block p-3\">Lincoln 17<\/span>\n\t<\/div>\n    <div class=\"col text-center\">\n\t\t<a href=\"\/wp-content\/uploads\/tkaniny\/Lincoln\/Lincoln-24.jpg\" class=\"lightgallery-item\" title=\"Lincoln 24\">\n\t\t\t<img decoding=\"async\" src=\"\/wp-content\/uploads\/tkaniny\/sm\/Lincoln\/Lincoln-24.jpg\" loading=\"lazy\" alt=\"Lincoln 24\">\n\t\t<\/a>\n\t\t<span class=\"d-block p-3\">Lincoln 24<\/span>\n\t<\/div>\n    <div class=\"col text-center\">\n\t\t<a href=\"\/wp-content\/uploads\/tkaniny\/Lincoln\/Lincoln-29.jpg\" class=\"lightgallery-item\" title=\"Lincoln 29\">\n\t\t\t<img decoding=\"async\" src=\"\/wp-content\/uploads\/tkaniny\/sm\/Lincoln\/Lincoln-29.jpg\" loading=\"lazy\" alt=\"Lincoln 29\">\n\t\t<\/a>\n\t\t<span class=\"d-block p-3\">Lincoln 29<\/span>\n\t<\/div>\n    <div class=\"col text-center\">\n\t\t<a href=\"\/wp-content\/uploads\/tkaniny\/Lincoln\/Lincoln-37.jpg\" class=\"lightgallery-item\" title=\"Lincoln 37\">\n\t\t\t<img decoding=\"async\" src=\"\/wp-content\/uploads\/tkaniny\/sm\/Lincoln\/Lincoln-37.jpg\" loading=\"lazy\" alt=\"Lincoln 37\">\n\t\t<\/a>\n\t\t<span class=\"d-block p-3\">Lincoln 37<\/span>\n\t<\/div>\n    <div class=\"col text-center\">\n\t\t<a href=\"\/wp-content\/uploads\/tkaniny\/Lincoln\/Lincoln-39.jpg\" class=\"lightgallery-item\" title=\"Lincoln 39\">\n\t\t\t<img decoding=\"async\" src=\"\/wp-content\/uploads\/tkaniny\/sm\/Lincoln\/Lincoln-39.jpg\" loading=\"lazy\" alt=\"Lincoln 39\">\n\t\t<\/a>\n\t\t<span class=\"d-block p-3\">Lincoln 39<\/span>\n\t<\/div>\n    <div class=\"col text-center\">\n\t\t<a href=\"\/wp-content\/uploads\/tkaniny\/Lincoln\/Lincoln-48.jpg\" class=\"lightgallery-item\" title=\"Lincoln 48\">\n\t\t\t<img decoding=\"async\" src=\"\/wp-content\/uploads\/tkaniny\/sm\/Lincoln\/Lincoln-48.jpg\" loading=\"lazy\" alt=\"Lincoln 48\">\n\t\t<\/a>\n\t\t<span class=\"d-block p-3\">Lincoln 48<\/span>\n\t<\/div>\n    <div class=\"col text-center\">\n\t\t<a href=\"\/wp-content\/uploads\/tkaniny\/Lincoln\/Lincoln-52.jpg\" class=\"lightgallery-item\" title=\"Lincoln 52\">\n\t\t\t<img decoding=\"async\" src=\"\/wp-content\/uploads\/tkaniny\/sm\/Lincoln\/Lincoln-52.jpg\" loading=\"lazy\" alt=\"Lincoln 52\">\n\t\t<\/a>\n\t\t<span class=\"d-block p-3\">Lincoln 52<\/span>\n\t<\/div>\n    <div class=\"col text-center\">\n\t\t<a href=\"\/wp-content\/uploads\/tkaniny\/Lincoln\/Lincoln-57.jpg\" class=\"lightgallery-item\" title=\"Lincoln 57\">\n\t\t\t<img decoding=\"async\" src=\"\/wp-content\/uploads\/tkaniny\/sm\/Lincoln\/Lincoln-57.jpg\" loading=\"lazy\" alt=\"Lincoln 57\">\n\t\t<\/a>\n\t\t<span class=\"d-block p-3\">Lincoln 57<\/span>\n\t<\/div>\n    <div class=\"col text-center\">\n\t\t<a href=\"\/wp-content\/uploads\/tkaniny\/Lincoln\/Lincoln-61.jpg\" class=\"lightgallery-item\" title=\"Lincoln 61\">\n\t\t\t<img decoding=\"async\" src=\"\/wp-content\/uploads\/tkaniny\/sm\/Lincoln\/Lincoln-61.jpg\" loading=\"lazy\" alt=\"Lincoln 61\">\n\t\t<\/a>\n\t\t<span class=\"d-block p-3\">Lincoln 61<\/span>\n\t<\/div>\n    <div class=\"col text-center\">\n\t\t<a href=\"\/wp-content\/uploads\/tkaniny\/Lincoln\/Lincoln-62.jpg\" class=\"lightgallery-item\" title=\"Lincoln 62\">\n\t\t\t<img decoding=\"async\" src=\"\/wp-content\/uploads\/tkaniny\/sm\/Lincoln\/Lincoln-62.jpg\" loading=\"lazy\" alt=\"Lincoln 62\">\n\t\t<\/a>\n\t\t<span class=\"d-block p-3\">Lincoln 62<\/span>\n\t<\/div>\n    <div class=\"col text-center\">\n\t\t<a href=\"\/wp-content\/uploads\/tkaniny\/Lincoln\/Lincoln-63.jpg\" class=\"lightgallery-item\" title=\"Lincoln 63\">\n\t\t\t<img decoding=\"async\" src=\"\/wp-content\/uploads\/tkaniny\/sm\/Lincoln\/Lincoln-63.jpg\" loading=\"lazy\" alt=\"Lincoln 63\">\n\t\t<\/a>\n\t\t<span class=\"d-block p-3\">Lincoln 63<\/span>\n\t<\/div>\n    <div class=\"col text-center\">\n\t\t<a href=\"\/wp-content\/uploads\/tkaniny\/Lincoln\/Lincoln-70.jpg\" class=\"lightgallery-item\" title=\"Lincoln 70\">\n\t\t\t<img decoding=\"async\" src=\"\/wp-content\/uploads\/tkaniny\/sm\/Lincoln\/Lincoln-70.jpg\" loading=\"lazy\" alt=\"Lincoln 70\">\n\t\t<\/a>\n\t\t<span class=\"d-block p-3\">Lincoln 70<\/span>\n\t<\/div>\n    <div class=\"col text-center\">\n\t\t<a href=\"\/wp-content\/uploads\/tkaniny\/Lincoln\/Lincoln-72.jpg\" class=\"lightgallery-item\" title=\"Lincoln 72\">\n\t\t\t<img decoding=\"async\" src=\"\/wp-content\/uploads\/tkaniny\/sm\/Lincoln\/Lincoln-72.jpg\" loading=\"lazy\" alt=\"Lincoln 72\">\n\t\t<\/a>\n\t\t<span class=\"d-block p-3\">Lincoln 72<\/span>\n\t<\/div>\n    <div class=\"col text-center\">\n\t\t<a href=\"\/wp-content\/uploads\/tkaniny\/Lincoln\/Lincoln-75.jpg\" class=\"lightgallery-item\" title=\"Lincoln 75\">\n\t\t\t<img decoding=\"async\" src=\"\/wp-content\/uploads\/tkaniny\/sm\/Lincoln\/Lincoln-75.jpg\" loading=\"lazy\" alt=\"Lincoln 75\">\n\t\t<\/a>\n\t\t<span class=\"d-block p-3\">Lincoln 75<\/span>\n\t<\/div>\n    <div class=\"col text-center\">\n\t\t<a href=\"\/wp-content\/uploads\/tkaniny\/Lincoln\/Lincoln-77.jpg\" class=\"lightgallery-item\" title=\"Lincoln 77\">\n\t\t\t<img decoding=\"async\" src=\"\/wp-content\/uploads\/tkaniny\/sm\/Lincoln\/Lincoln-77.jpg\" loading=\"lazy\" alt=\"Lincoln 77\">\n\t\t<\/a>\n\t\t<span class=\"d-block p-3\">Lincoln 77<\/span>\n\t<\/div>\n    <div class=\"col text-center\">\n\t\t<a href=\"\/wp-content\/uploads\/tkaniny\/Lincoln\/Lincoln-83.jpg\" class=\"lightgallery-item\" title=\"Lincoln 83\">\n\t\t\t<img decoding=\"async\" src=\"\/wp-content\/uploads\/tkaniny\/sm\/Lincoln\/Lincoln-83.jpg\" loading=\"lazy\" alt=\"Lincoln 83\">\n\t\t<\/a>\n\t\t<span class=\"d-block p-3\">Lincoln 83<\/span>\n\t<\/div>\n    <div class=\"col text-center\">\n\t\t<a href=\"\/wp-content\/uploads\/tkaniny\/Lincoln\/Lincoln-85.jpg\" class=\"lightgallery-item\" title=\"Lincoln 85\">\n\t\t\t<img decoding=\"async\" src=\"\/wp-content\/uploads\/tkaniny\/sm\/Lincoln\/Lincoln-85.jpg\" loading=\"lazy\" alt=\"Lincoln 85\">\n\t\t<\/a>\n\t\t<span class=\"d-block p-3\">Lincoln 85<\/span>\n\t<\/div>\n    <div class=\"col text-center\">\n\t\t<a href=\"\/wp-content\/uploads\/tkaniny\/Lincoln\/Lincoln-86.jpg\" class=\"lightgallery-item\" title=\"Lincoln 86\">\n\t\t\t<img decoding=\"async\" src=\"\/wp-content\/uploads\/tkaniny\/sm\/Lincoln\/Lincoln-86.jpg\" loading=\"lazy\" alt=\"Lincoln 86\">\n\t\t<\/a>\n\t\t<span class=\"d-block p-3\">Lincoln 86<\/span>\n\t<\/div>\n    <div class=\"col text-center\">\n\t\t<a href=\"\/wp-content\/uploads\/tkaniny\/Lincoln\/Lincoln-90.jpg\" class=\"lightgallery-item\" title=\"Lincoln 90\">\n\t\t\t<img decoding=\"async\" src=\"\/wp-content\/uploads\/tkaniny\/sm\/Lincoln\/Lincoln-90.jpg\" loading=\"lazy\" alt=\"Lincoln 90\">\n\t\t<\/a>\n\t\t<span class=\"d-block p-3\">Lincoln 90<\/span>\n\t<\/div>\n    <div class=\"col text-center\">\n\t\t<a href=\"\/wp-content\/uploads\/tkaniny\/Lincoln\/Lincoln-100.jpg\" class=\"lightgallery-item\" title=\"Lincoln 100\">\n\t\t\t<img decoding=\"async\" src=\"\/wp-content\/uploads\/tkaniny\/sm\/Lincoln\/Lincoln-100.jpg\" loading=\"lazy\" alt=\"Lincoln 100\">\n\t\t<\/a>\n\t\t<span class=\"d-block p-3\">Lincoln 100<\/span>\n\t<\/div>\n<\/div>","protected":false},"excerpt":{"rendered":"<p>As standard, the straps will be arranged vertically on the furniture. If the vertical arrangement of the strips is not [&hellip;]<\/p>\n","protected":false},"author":18,"featured_media":0,"parent":3883,"menu_order":0,"comment_status":"closed","ping_status":"closed","template":"page-gallery.php","meta":{"footnotes":""},"class_list":["post-90049","page","type-page","status-publish","hentry"],"yoast_head":"<!-- This site is optimized with the Yoast SEO Premium plugin v25.0 (Yoast SEO v25.0) - https:\/\/yoast.com\/wordpress\/plugins\/seo\/ -->\n<title>Lincoln (Davis) - DomArtStyl<\/title>\n<meta name=\"robots\" content=\"noindex, follow\" \/>\n<meta property=\"og:locale\" content=\"en_US\" \/>\n<meta property=\"og:type\" content=\"article\" \/>\n<meta property=\"og:title\" content=\"Lincoln (Davis)\" \/>\n<meta property=\"og:description\" content=\"As standard, the straps will be arranged vertically on the furniture. If the vertical arrangement of the strips is not [&hellip;]\" \/>\n<meta property=\"og:url\" content=\"https:\/\/domartstyl.com\/en\/fabrics\/lincoln\/\" \/>\n<meta property=\"og:site_name\" content=\"DomArtStyl\" \/>\n<meta property=\"article:publisher\" content=\"https:\/\/www.facebook.com\/DomArtStyl\/\" \/>\n<meta property=\"article:modified_time\" content=\"2024-05-16T13:52:22+00:00\" \/>\n<meta property=\"og:image\" content=\"https:\/\/domartstyl.com\/wp-content\/uploads\/2021\/06\/logo_meta_og.jpg\" \/>\n\t<meta property=\"og:image:width\" content=\"800\" \/>\n\t<meta property=\"og:image:height\" content=\"800\" \/>\n\t<meta property=\"og:image:type\" content=\"image\/jpeg\" \/>\n<meta name=\"twitter:card\" content=\"summary_large_image\" \/>\n<meta name=\"twitter:site\" content=\"@DomArtStyl_pl\" \/>\n<meta name=\"twitter:label1\" content=\"Est. reading time\" \/>\n\t<meta name=\"twitter:data1\" content=\"6 minutes\" \/>\n<script type=\"application\/ld+json\" class=\"yoast-schema-graph\">{\"@context\":\"https:\/\/schema.org\",\"@graph\":[{\"@type\":\"WebPage\",\"@id\":\"https:\/\/domartstyl.com\/en\/fabrics\/lincoln\/\",\"url\":\"https:\/\/domartstyl.com\/en\/fabrics\/lincoln\/\",\"name\":\"Lincoln (Davis) - DomArtStyl\",\"isPartOf\":{\"@id\":\"https:\/\/domartstyl.com\/en\/#website\"},\"datePublished\":\"2024-05-16T13:44:57+00:00\",\"dateModified\":\"2024-05-16T13:52:22+00:00\",\"breadcrumb\":{\"@id\":\"https:\/\/domartstyl.com\/en\/fabrics\/lincoln\/#breadcrumb\"},\"inLanguage\":\"en-US\",\"potentialAction\":[{\"@type\":\"ReadAction\",\"target\":[\"https:\/\/domartstyl.com\/en\/fabrics\/lincoln\/\"]}]},{\"@type\":\"BreadcrumbList\",\"@id\":\"https:\/\/domartstyl.com\/en\/fabrics\/lincoln\/#breadcrumb\",\"itemListElement\":[{\"@type\":\"ListItem\",\"position\":1,\"name\":\"Strona g\u0142\u00f3wna\",\"item\":\"https:\/\/domartstyl.com\/en\/\"},{\"@type\":\"ListItem\",\"position\":2,\"name\":\"Fabrics\",\"item\":\"https:\/\/domartstyl.com\/en\/fabrics\/\"},{\"@type\":\"ListItem\",\"position\":3,\"name\":\"Lincoln (Davis)\"}]},{\"@type\":\"WebSite\",\"@id\":\"https:\/\/domartstyl.com\/en\/#website\",\"url\":\"https:\/\/domartstyl.com\/en\/\",\"name\":\"DomArtStyl\",\"description\":\"Tworzymy meble najwy\u017cszej jako\u015bci. Sprzeda\u017c detaliczna \u00b7 Sprzeda\u017c hurtowa\",\"publisher\":{\"@id\":\"https:\/\/domartstyl.com\/en\/#organization\"},\"potentialAction\":[{\"@type\":\"SearchAction\",\"target\":{\"@type\":\"EntryPoint\",\"urlTemplate\":\"https:\/\/domartstyl.com\/en\/?s={search_term_string}\"},\"query-input\":{\"@type\":\"PropertyValueSpecification\",\"valueRequired\":true,\"valueName\":\"search_term_string\"}}],\"inLanguage\":\"en-US\"},{\"@type\":\"Organization\",\"@id\":\"https:\/\/domartstyl.com\/en\/#organization\",\"name\":\"DomArtStyl\",\"url\":\"https:\/\/domartstyl.com\/en\/\",\"logo\":{\"@type\":\"ImageObject\",\"inLanguage\":\"en-US\",\"@id\":\"https:\/\/domartstyl.com\/en\/#\/schema\/logo\/image\/\",\"url\":\"https:\/\/domartstyl.com\/wp-content\/uploads\/2018\/04\/Logo_300_width.png\",\"contentUrl\":\"https:\/\/domartstyl.com\/wp-content\/uploads\/2018\/04\/Logo_300_width.png\",\"width\":300,\"height\":140,\"caption\":\"DomArtStyl\"},\"image\":{\"@id\":\"https:\/\/domartstyl.com\/en\/#\/schema\/logo\/image\/\"},\"sameAs\":[\"https:\/\/www.facebook.com\/DomArtStyl\/\",\"https:\/\/x.com\/DomArtStyl_pl\",\"https:\/\/www.instagram.com\/domartstyl\/?hl=en\",\"https:\/\/pl.pinterest.com\/domartstyl01\/\",\"https:\/\/www.youtube.com\/channel\/UCkISSgvMomI6yFFL3JDbLhw\"]}]}<\/script>\n<!-- \/ Yoast SEO Premium plugin. -->","yoast_head_json":{"title":"Lincoln (Davis) - DomArtStyl","robots":{"index":"noindex","follow":"follow"},"og_locale":"en_US","og_type":"article","og_title":"Lincoln (Davis)","og_description":"As standard, the straps will be arranged vertically on the furniture. If the vertical arrangement of the strips is not [&hellip;]","og_url":"https:\/\/domartstyl.com\/en\/fabrics\/lincoln\/","og_site_name":"DomArtStyl","article_publisher":"https:\/\/www.facebook.com\/DomArtStyl\/","article_modified_time":"2024-05-16T13:52:22+00:00","og_image":[{"width":800,"height":800,"url":"https:\/\/domartstyl.com\/wp-content\/uploads\/2021\/06\/logo_meta_og.jpg","type":"image\/jpeg"}],"twitter_card":"summary_large_image","twitter_site":"@DomArtStyl_pl","twitter_misc":{"Est. reading time":"6 minutes"},"schema":{"@context":"https:\/\/schema.org","@graph":[{"@type":"WebPage","@id":"https:\/\/domartstyl.com\/en\/fabrics\/lincoln\/","url":"https:\/\/domartstyl.com\/en\/fabrics\/lincoln\/","name":"Lincoln (Davis) - DomArtStyl","isPartOf":{"@id":"https:\/\/domartstyl.com\/en\/#website"},"datePublished":"2024-05-16T13:44:57+00:00","dateModified":"2024-05-16T13:52:22+00:00","breadcrumb":{"@id":"https:\/\/domartstyl.com\/en\/fabrics\/lincoln\/#breadcrumb"},"inLanguage":"en-US","potentialAction":[{"@type":"ReadAction","target":["https:\/\/domartstyl.com\/en\/fabrics\/lincoln\/"]}]},{"@type":"BreadcrumbList","@id":"https:\/\/domartstyl.com\/en\/fabrics\/lincoln\/#breadcrumb","itemListElement":[{"@type":"ListItem","position":1,"name":"Strona g\u0142\u00f3wna","item":"https:\/\/domartstyl.com\/en\/"},{"@type":"ListItem","position":2,"name":"Fabrics","item":"https:\/\/domartstyl.com\/en\/fabrics\/"},{"@type":"ListItem","position":3,"name":"Lincoln (Davis)"}]},{"@type":"WebSite","@id":"https:\/\/domartstyl.com\/en\/#website","url":"https:\/\/domartstyl.com\/en\/","name":"DomArtStyl","description":"Tworzymy meble najwy\u017cszej jako\u015bci. Sprzeda\u017c detaliczna \u00b7 Sprzeda\u017c hurtowa","publisher":{"@id":"https:\/\/domartstyl.com\/en\/#organization"},"potentialAction":[{"@type":"SearchAction","target":{"@type":"EntryPoint","urlTemplate":"https:\/\/domartstyl.com\/en\/?s={search_term_string}"},"query-input":{"@type":"PropertyValueSpecification","valueRequired":true,"valueName":"search_term_string"}}],"inLanguage":"en-US"},{"@type":"Organization","@id":"https:\/\/domartstyl.com\/en\/#organization","name":"DomArtStyl","url":"https:\/\/domartstyl.com\/en\/","logo":{"@type":"ImageObject","inLanguage":"en-US","@id":"https:\/\/domartstyl.com\/en\/#\/schema\/logo\/image\/","url":"https:\/\/domartstyl.com\/wp-content\/uploads\/2018\/04\/Logo_300_width.png","contentUrl":"https:\/\/domartstyl.com\/wp-content\/uploads\/2018\/04\/Logo_300_width.png","width":300,"height":140,"caption":"DomArtStyl"},"image":{"@id":"https:\/\/domartstyl.com\/en\/#\/schema\/logo\/image\/"},"sameAs":["https:\/\/www.facebook.com\/DomArtStyl\/","https:\/\/x.com\/DomArtStyl_pl","https:\/\/www.instagram.com\/domartstyl\/?hl=en","https:\/\/pl.pinterest.com\/domartstyl01\/","https:\/\/www.youtube.com\/channel\/UCkISSgvMomI6yFFL3JDbLhw"]}]}},"_links":{"self":[{"href":"https:\/\/domartstyl.com\/en\/wp-json\/wp\/v2\/pages\/90049","targetHints":{"allow":["GET"]}}],"collection":[{"href":"https:\/\/domartstyl.com\/en\/wp-json\/wp\/v2\/pages"}],"about":[{"href":"https:\/\/domartstyl.com\/en\/wp-json\/wp\/v2\/types\/page"}],"author":[{"embeddable":true,"href":"https:\/\/domartstyl.com\/en\/wp-json\/wp\/v2\/users\/18"}],"replies":[{"embeddable":true,"href":"https:\/\/domartstyl.com\/en\/wp-json\/wp\/v2\/comments?post=90049"}],"version-history":[{"count":0,"href":"https:\/\/domartstyl.com\/en\/wp-json\/wp\/v2\/pages\/90049\/revisions"}],"up":[{"embeddable":true,"href":"https:\/\/domartstyl.com\/en\/wp-json\/wp\/v2\/pages\/3883"}],"wp:attachment":[{"href":"https:\/\/domartstyl.com\/en\/wp-json\/wp\/v2\/media?parent=90049"}],"curies":[{"name":"wp","href":"https:\/\/api.w.org\/{rel}","templated":true}]}}