{"id":89605,"date":"2024-04-04T07:34:20","date_gmt":"2024-04-04T06:34:20","guid":{"rendered":"https:\/\/domartstyl.com\/fabrics\/garden-toptextil\/"},"modified":"2024-04-04T07:37:06","modified_gmt":"2024-04-04T06:37:06","slug":"garden-toptextil","status":"publish","type":"page","link":"https:\/\/domartstyl.com\/en\/fabrics\/garden-toptextil\/","title":{"rendered":"Garden (Toptextil)"},"content":{"rendered":"<div class=\"text-center border-top py-3 py-lg-4\">\r\n\t<div class=\"d-flex flex-row align-items-center justify-content-center mb-3\">\r\n\t\t<img decoding=\"async\" src=\"https:\/\/domartstyl.com\/wp-content\/uploads\/2018\/10\/water-drop-150x150.png\" style=\"max-width:30px\" alt=\"Symbol tkaniny\"\/>\r\n\t\t<p class=\"mb-0\">\u2013 fabrics with limited fluid absorption<\/p>\r\n\t<\/div>\r\n\t<p>* UV protection<\/p>\r\n\t<p>* shade differences between production batches of the material are permissible<\/p>\r\n\t<p>* prolonged exposure of the fabric to sunlight may cause discolouration<\/p>\r\n\t<p class=\"mb-3\">* please refer to the fabric specification<\/p>\r\n\t<div class=\"d-flex flex-wrap justify-content-center gap-3\">\r\n\t\t<a href=\"\/wp-content\/uploads\/tkaniny\/specyfikacja\/garden.pdf\" class=\"btn btn-primary\" target=\"_blank\" title=\"Technical Specifications\" rel=\"noopener\">Technical Specifications<\/a>\r\n\t\t<a href=\"\/wp-content\/uploads\/tkaniny\/specyfikacja\/garden-certyfikat.pdf\" class=\"btn btn-primary\" target=\"_blank\" title=\"Certificate\" rel=\"noopener\">Certificate<\/a>\r\n\t<\/div>\r\n<\/div>\r\n<div class=\"row row-cols-2 row-cols-sm-3 row-cols-md-4 row-cols-lg-6 g-4 mt-0 mb-5\" id=\"lightgallery\">\r\n\t<div class=\"col text-center\">\r\n\t\t<a href=\"\/wp-content\/uploads\/tkaniny\/Garden\/garden_2841.jpg\" class=\"lightgallery-item\" title=\"Garden 2841\">\r\n\t\t\t<img decoding=\"async\" src=\"\/wp-content\/uploads\/tkaniny\/sm\/Garden\/garden_2841.jpg\" loading=\"lazy\" alt=\"Garden 2841\"\/>\r\n\t\t<\/a>\r\n\t\t<span class=\"d-block p-3\">Garden 2841<\/span>\r\n\t<\/div>\r\n\t<div class=\"col text-center\">\r\n\t\t<a href=\"\/wp-content\/uploads\/tkaniny\/Garden\/garden_2842.jpg\" class=\"lightgallery-item\" title=\"Garden 2842\">\r\n\t\t\t<img decoding=\"async\" src=\"\/wp-content\/uploads\/tkaniny\/sm\/Garden\/garden_2842.jpg\" loading=\"lazy\" alt=\"Garden 2842\"\/>\r\n\t\t<\/a>\r\n\t\t<span class=\"d-block p-3\">Garden 2842<\/span>\r\n\t<\/div>\r\n\t<div class=\"col text-center\">\r\n\t\t<a href=\"\/wp-content\/uploads\/tkaniny\/Garden\/garden_2843.jpg\" class=\"lightgallery-item\" title=\"Garden 2843\">\r\n\t\t\t<img decoding=\"async\" src=\"\/wp-content\/uploads\/tkaniny\/sm\/Garden\/garden_2843.jpg\" loading=\"lazy\" alt=\"Garden 2843\"\/>\r\n\t\t<\/a>\r\n\t\t<span class=\"d-block p-3\">Garden 2843<\/span>\r\n\t<\/div>\r\n\t<div class=\"col text-center\">\r\n\t\t<a href=\"\/wp-content\/uploads\/tkaniny\/Garden\/garden_2844.jpg\" class=\"lightgallery-item\" title=\"Garden 2844\">\r\n\t\t\t<img decoding=\"async\" src=\"\/wp-content\/uploads\/tkaniny\/sm\/Garden\/garden_2844.jpg\" loading=\"lazy\" alt=\"Garden 2844\"\/>\r\n\t\t<\/a>\r\n\t\t<span class=\"d-block p-3\">Garden 2844<\/span>\r\n\t<\/div>\r\n\t<div class=\"col text-center\">\r\n\t\t<a href=\"\/wp-content\/uploads\/tkaniny\/Garden\/garden_2845.jpg\" class=\"lightgallery-item\" title=\"Garden 2845\">\r\n\t\t\t<img decoding=\"async\" src=\"\/wp-content\/uploads\/tkaniny\/sm\/Garden\/garden_2845.jpg\" loading=\"lazy\" alt=\"Garden 2845\"\/>\r\n\t\t<\/a>\r\n\t\t<span class=\"d-block p-3\">Garden 2845<\/span>\r\n\t<\/div>\r\n\t<div class=\"col text-center\">\r\n\t\t<a href=\"\/wp-content\/uploads\/tkaniny\/Garden\/garden_2846.jpg\" class=\"lightgallery-item\" title=\"Garden 2846\">\r\n\t\t\t<img decoding=\"async\" src=\"\/wp-content\/uploads\/tkaniny\/sm\/Garden\/garden_2846.jpg\" loading=\"lazy\" alt=\"Garden 2846\"\/>\r\n\t\t<\/a>\r\n\t\t<span class=\"d-block p-3\">Garden 2846<\/span>\r\n\t<\/div>\r\n\t<div class=\"col text-center\">\r\n\t\t<a href=\"\/wp-content\/uploads\/tkaniny\/Garden\/garden_2847.jpg\" class=\"lightgallery-item\" title=\"Garden 2847\">\r\n\t\t\t<img decoding=\"async\" src=\"\/wp-content\/uploads\/tkaniny\/sm\/Garden\/garden_2847.jpg\" loading=\"lazy\" alt=\"Garden 2847\"\/>\r\n\t\t<\/a>\r\n\t\t<span class=\"d-block p-3\">Garden 2847<\/span>\r\n\t<\/div>\r\n\t<div class=\"col text-center\">\r\n\t\t<a href=\"\/wp-content\/uploads\/tkaniny\/Garden\/garden_2848.jpg\" class=\"lightgallery-item\" title=\"Garden 2848\">\r\n\t\t\t<img decoding=\"async\" src=\"\/wp-content\/uploads\/tkaniny\/sm\/Garden\/garden_2848.jpg\" loading=\"lazy\" alt=\"Garden 2848\"\/>\r\n\t\t<\/a>\r\n\t\t<span class=\"d-block p-3\">Garden 2848<\/span>\r\n\t<\/div>\r\n\t<div class=\"col text-center\">\r\n\t\t<a href=\"\/wp-content\/uploads\/tkaniny\/Garden\/garden_2849.jpg\" class=\"lightgallery-item\" title=\"Garden 2849\">\r\n\t\t\t<img decoding=\"async\" src=\"\/wp-content\/uploads\/tkaniny\/sm\/Garden\/garden_2849.jpg\" loading=\"lazy\" alt=\"Garden 2849\"\/>\r\n\t\t<\/a>\r\n\t\t<span class=\"d-block p-3\">Garden 2849<\/span>\r\n\t<\/div>\r\n\t<div class=\"col text-center\">\r\n\t\t<a href=\"\/wp-content\/uploads\/tkaniny\/Garden\/garden_2850.jpg\" class=\"lightgallery-item\" title=\"Garden 2850\">\r\n\t\t\t<img decoding=\"async\" src=\"\/wp-content\/uploads\/tkaniny\/sm\/Garden\/garden_2850.jpg\" loading=\"lazy\" alt=\"Garden 2850\"\/>\r\n\t\t<\/a>\r\n\t\t<span class=\"d-block p-3\">Garden 2850<\/span>\r\n\t<\/div>\r\n\t<div class=\"col text-center\">\r\n\t\t<a href=\"\/wp-content\/uploads\/tkaniny\/Garden\/garden_2851.jpg\" class=\"lightgallery-item\" title=\"Garden 2851\">\r\n\t\t\t<img decoding=\"async\" src=\"\/wp-content\/uploads\/tkaniny\/sm\/Garden\/garden_2851.jpg\" loading=\"lazy\" alt=\"Garden 2851\"\/>\r\n\t\t<\/a>\r\n\t\t<span class=\"d-block p-3\">Garden 2851<\/span>\r\n\t<\/div>\r\n<\/div>","protected":false},"excerpt":{"rendered":"<p>\u2013 fabrics with limited fluid absorption * UV protection * shade differences between production batches of the material are permissible [&hellip;]<\/p>\n","protected":false},"author":18,"featured_media":0,"parent":3883,"menu_order":0,"comment_status":"closed","ping_status":"closed","template":"page-gallery.php","meta":{"footnotes":""},"class_list":["post-89605","page","type-page","status-publish","hentry"],"yoast_head":"<!-- This site is optimized with the Yoast SEO Premium plugin v25.0 (Yoast SEO v25.0) - https:\/\/yoast.com\/wordpress\/plugins\/seo\/ -->\n<title>Garden (Toptextil) - DomArtStyl<\/title>\n<meta name=\"robots\" content=\"index, follow, max-snippet:-1, max-image-preview:large, max-video-preview:-1\" \/>\n<link rel=\"canonical\" href=\"https:\/\/domartstyl.com\/en\/fabrics\/garden-toptextil\/\" \/>\n<meta property=\"og:locale\" content=\"en_US\" \/>\n<meta property=\"og:type\" content=\"article\" \/>\n<meta property=\"og:title\" content=\"Garden (Toptextil)\" \/>\n<meta property=\"og:description\" content=\"\u2013 fabrics with limited fluid absorption * UV protection * shade differences between production batches of the material are permissible [&hellip;]\" \/>\n<meta property=\"og:url\" content=\"https:\/\/domartstyl.com\/en\/fabrics\/garden-toptextil\/\" \/>\n<meta property=\"og:site_name\" content=\"DomArtStyl\" \/>\n<meta property=\"article:publisher\" content=\"https:\/\/www.facebook.com\/DomArtStyl\/\" \/>\n<meta property=\"article:modified_time\" content=\"2024-04-04T06:37:06+00:00\" \/>\n<meta property=\"og:image\" content=\"https:\/\/domartstyl.com\/wp-content\/uploads\/2018\/10\/water-drop-150x150.png\" \/>\n<meta name=\"twitter:card\" content=\"summary_large_image\" \/>\n<meta name=\"twitter:site\" content=\"@DomArtStyl_pl\" \/>\n<script type=\"application\/ld+json\" class=\"yoast-schema-graph\">{\"@context\":\"https:\/\/schema.org\",\"@graph\":[{\"@type\":\"WebPage\",\"@id\":\"https:\/\/domartstyl.com\/en\/fabrics\/garden-toptextil\/\",\"url\":\"https:\/\/domartstyl.com\/en\/fabrics\/garden-toptextil\/\",\"name\":\"Garden (Toptextil) - DomArtStyl\",\"isPartOf\":{\"@id\":\"https:\/\/domartstyl.com\/en\/#website\"},\"primaryImageOfPage\":{\"@id\":\"https:\/\/domartstyl.com\/en\/fabrics\/garden-toptextil\/#primaryimage\"},\"image\":{\"@id\":\"https:\/\/domartstyl.com\/en\/fabrics\/garden-toptextil\/#primaryimage\"},\"thumbnailUrl\":\"https:\/\/domartstyl.com\/wp-content\/uploads\/2018\/10\/water-drop-150x150.png\",\"datePublished\":\"2024-04-04T06:34:20+00:00\",\"dateModified\":\"2024-04-04T06:37:06+00:00\",\"breadcrumb\":{\"@id\":\"https:\/\/domartstyl.com\/en\/fabrics\/garden-toptextil\/#breadcrumb\"},\"inLanguage\":\"en-US\",\"potentialAction\":[{\"@type\":\"ReadAction\",\"target\":[\"https:\/\/domartstyl.com\/en\/fabrics\/garden-toptextil\/\"]}]},{\"@type\":\"ImageObject\",\"inLanguage\":\"en-US\",\"@id\":\"https:\/\/domartstyl.com\/en\/fabrics\/garden-toptextil\/#primaryimage\",\"url\":\"https:\/\/domartstyl.com\/wp-content\/uploads\/2018\/10\/water-drop-150x150.png\",\"contentUrl\":\"https:\/\/domartstyl.com\/wp-content\/uploads\/2018\/10\/water-drop-150x150.png\"},{\"@type\":\"BreadcrumbList\",\"@id\":\"https:\/\/domartstyl.com\/en\/fabrics\/garden-toptextil\/#breadcrumb\",\"itemListElement\":[{\"@type\":\"ListItem\",\"position\":1,\"name\":\"Strona g\u0142\u00f3wna\",\"item\":\"https:\/\/domartstyl.com\/en\/\"},{\"@type\":\"ListItem\",\"position\":2,\"name\":\"Fabrics\",\"item\":\"https:\/\/domartstyl.com\/en\/fabrics\/\"},{\"@type\":\"ListItem\",\"position\":3,\"name\":\"Garden (Toptextil)\"}]},{\"@type\":\"WebSite\",\"@id\":\"https:\/\/domartstyl.com\/en\/#website\",\"url\":\"https:\/\/domartstyl.com\/en\/\",\"name\":\"DomArtStyl\",\"description\":\"Tworzymy meble najwy\u017cszej jako\u015bci. Sprzeda\u017c detaliczna \u00b7 Sprzeda\u017c hurtowa\",\"publisher\":{\"@id\":\"https:\/\/domartstyl.com\/en\/#organization\"},\"potentialAction\":[{\"@type\":\"SearchAction\",\"target\":{\"@type\":\"EntryPoint\",\"urlTemplate\":\"https:\/\/domartstyl.com\/en\/?s={search_term_string}\"},\"query-input\":{\"@type\":\"PropertyValueSpecification\",\"valueRequired\":true,\"valueName\":\"search_term_string\"}}],\"inLanguage\":\"en-US\"},{\"@type\":\"Organization\",\"@id\":\"https:\/\/domartstyl.com\/en\/#organization\",\"name\":\"DomArtStyl\",\"url\":\"https:\/\/domartstyl.com\/en\/\",\"logo\":{\"@type\":\"ImageObject\",\"inLanguage\":\"en-US\",\"@id\":\"https:\/\/domartstyl.com\/en\/#\/schema\/logo\/image\/\",\"url\":\"https:\/\/domartstyl.com\/wp-content\/uploads\/2018\/04\/Logo_300_width.png\",\"contentUrl\":\"https:\/\/domartstyl.com\/wp-content\/uploads\/2018\/04\/Logo_300_width.png\",\"width\":300,\"height\":140,\"caption\":\"DomArtStyl\"},\"image\":{\"@id\":\"https:\/\/domartstyl.com\/en\/#\/schema\/logo\/image\/\"},\"sameAs\":[\"https:\/\/www.facebook.com\/DomArtStyl\/\",\"https:\/\/x.com\/DomArtStyl_pl\",\"https:\/\/www.instagram.com\/domartstyl\/?hl=en\",\"https:\/\/pl.pinterest.com\/domartstyl01\/\",\"https:\/\/www.youtube.com\/channel\/UCkISSgvMomI6yFFL3JDbLhw\"]}]}<\/script>\n<!-- \/ Yoast SEO Premium plugin. -->","yoast_head_json":{"title":"Garden (Toptextil) - DomArtStyl","robots":{"index":"index","follow":"follow","max-snippet":"max-snippet:-1","max-image-preview":"max-image-preview:large","max-video-preview":"max-video-preview:-1"},"canonical":"https:\/\/domartstyl.com\/en\/fabrics\/garden-toptextil\/","og_locale":"en_US","og_type":"article","og_title":"Garden (Toptextil)","og_description":"\u2013 fabrics with limited fluid absorption * UV protection * shade differences between production batches of the material are permissible [&hellip;]","og_url":"https:\/\/domartstyl.com\/en\/fabrics\/garden-toptextil\/","og_site_name":"DomArtStyl","article_publisher":"https:\/\/www.facebook.com\/DomArtStyl\/","article_modified_time":"2024-04-04T06:37:06+00:00","og_image":[{"url":"https:\/\/domartstyl.com\/wp-content\/uploads\/2018\/10\/water-drop-150x150.png","type":"","width":"","height":""}],"twitter_card":"summary_large_image","twitter_site":"@DomArtStyl_pl","schema":{"@context":"https:\/\/schema.org","@graph":[{"@type":"WebPage","@id":"https:\/\/domartstyl.com\/en\/fabrics\/garden-toptextil\/","url":"https:\/\/domartstyl.com\/en\/fabrics\/garden-toptextil\/","name":"Garden (Toptextil) - DomArtStyl","isPartOf":{"@id":"https:\/\/domartstyl.com\/en\/#website"},"primaryImageOfPage":{"@id":"https:\/\/domartstyl.com\/en\/fabrics\/garden-toptextil\/#primaryimage"},"image":{"@id":"https:\/\/domartstyl.com\/en\/fabrics\/garden-toptextil\/#primaryimage"},"thumbnailUrl":"https:\/\/domartstyl.com\/wp-content\/uploads\/2018\/10\/water-drop-150x150.png","datePublished":"2024-04-04T06:34:20+00:00","dateModified":"2024-04-04T06:37:06+00:00","breadcrumb":{"@id":"https:\/\/domartstyl.com\/en\/fabrics\/garden-toptextil\/#breadcrumb"},"inLanguage":"en-US","potentialAction":[{"@type":"ReadAction","target":["https:\/\/domartstyl.com\/en\/fabrics\/garden-toptextil\/"]}]},{"@type":"ImageObject","inLanguage":"en-US","@id":"https:\/\/domartstyl.com\/en\/fabrics\/garden-toptextil\/#primaryimage","url":"https:\/\/domartstyl.com\/wp-content\/uploads\/2018\/10\/water-drop-150x150.png","contentUrl":"https:\/\/domartstyl.com\/wp-content\/uploads\/2018\/10\/water-drop-150x150.png"},{"@type":"BreadcrumbList","@id":"https:\/\/domartstyl.com\/en\/fabrics\/garden-toptextil\/#breadcrumb","itemListElement":[{"@type":"ListItem","position":1,"name":"Strona g\u0142\u00f3wna","item":"https:\/\/domartstyl.com\/en\/"},{"@type":"ListItem","position":2,"name":"Fabrics","item":"https:\/\/domartstyl.com\/en\/fabrics\/"},{"@type":"ListItem","position":3,"name":"Garden (Toptextil)"}]},{"@type":"WebSite","@id":"https:\/\/domartstyl.com\/en\/#website","url":"https:\/\/domartstyl.com\/en\/","name":"DomArtStyl","description":"Tworzymy meble najwy\u017cszej jako\u015bci. Sprzeda\u017c detaliczna \u00b7 Sprzeda\u017c hurtowa","publisher":{"@id":"https:\/\/domartstyl.com\/en\/#organization"},"potentialAction":[{"@type":"SearchAction","target":{"@type":"EntryPoint","urlTemplate":"https:\/\/domartstyl.com\/en\/?s={search_term_string}"},"query-input":{"@type":"PropertyValueSpecification","valueRequired":true,"valueName":"search_term_string"}}],"inLanguage":"en-US"},{"@type":"Organization","@id":"https:\/\/domartstyl.com\/en\/#organization","name":"DomArtStyl","url":"https:\/\/domartstyl.com\/en\/","logo":{"@type":"ImageObject","inLanguage":"en-US","@id":"https:\/\/domartstyl.com\/en\/#\/schema\/logo\/image\/","url":"https:\/\/domartstyl.com\/wp-content\/uploads\/2018\/04\/Logo_300_width.png","contentUrl":"https:\/\/domartstyl.com\/wp-content\/uploads\/2018\/04\/Logo_300_width.png","width":300,"height":140,"caption":"DomArtStyl"},"image":{"@id":"https:\/\/domartstyl.com\/en\/#\/schema\/logo\/image\/"},"sameAs":["https:\/\/www.facebook.com\/DomArtStyl\/","https:\/\/x.com\/DomArtStyl_pl","https:\/\/www.instagram.com\/domartstyl\/?hl=en","https:\/\/pl.pinterest.com\/domartstyl01\/","https:\/\/www.youtube.com\/channel\/UCkISSgvMomI6yFFL3JDbLhw"]}]}},"_links":{"self":[{"href":"https:\/\/domartstyl.com\/en\/wp-json\/wp\/v2\/pages\/89605","targetHints":{"allow":["GET"]}}],"collection":[{"href":"https:\/\/domartstyl.com\/en\/wp-json\/wp\/v2\/pages"}],"about":[{"href":"https:\/\/domartstyl.com\/en\/wp-json\/wp\/v2\/types\/page"}],"author":[{"embeddable":true,"href":"https:\/\/domartstyl.com\/en\/wp-json\/wp\/v2\/users\/18"}],"replies":[{"embeddable":true,"href":"https:\/\/domartstyl.com\/en\/wp-json\/wp\/v2\/comments?post=89605"}],"version-history":[{"count":0,"href":"https:\/\/domartstyl.com\/en\/wp-json\/wp\/v2\/pages\/89605\/revisions"}],"up":[{"embeddable":true,"href":"https:\/\/domartstyl.com\/en\/wp-json\/wp\/v2\/pages\/3883"}],"wp:attachment":[{"href":"https:\/\/domartstyl.com\/en\/wp-json\/wp\/v2\/media?parent=89605"}],"curies":[{"name":"wp","href":"https:\/\/api.w.org\/{rel}","templated":true}]}}