{"id":88678,"date":"2024-01-23T08:22:15","date_gmt":"2024-01-23T07:22:15","guid":{"rendered":"https:\/\/domartstyl.com\/fabrics\/premium-fabrics\/"},"modified":"2024-10-08T07:21:21","modified_gmt":"2024-10-08T06:21:21","slug":"premium-fabrics","status":"publish","type":"page","link":"https:\/\/domartstyl.com\/en\/fabrics\/premium-fabrics\/","title":{"rendered":"Premium Fabrics"},"content":{"rendered":"<div class=\"mb-3 text-center\">\n\t<p>* Fabrics available only while stocks last.<\/p>\n<\/div>\n<div class=\"row row-cols-2 row-cols-sm-3 row-cols-md-4 row-cols-lg-6 g-4 mt-0 mb-5\" id=\"lightgallery\">\n\t<div class=\"col text-center\">\n\t\t<a href=\"https:\/\/domartstyl.com\/wp-content\/uploads\/tkaniny\/Premium\/Premium-1.jpg\" class=\"lightgallery-item\" title=\"Premium 1\">\n\t\t\t<img decoding=\"async\" src=\"https:\/\/domartstyl.com\/wp-content\/uploads\/tkaniny\/sm\/Premium\/Premium-1.jpg\" loading=\"lazy\" alt=\"Premium 1\">\n\t\t<\/a>\n\t\t<span class=\"d-block p-3\">Premium 1<\/span>\n\t<\/div>\n    <div class=\"col text-center\">\n\t\t<a href=\"https:\/\/domartstyl.com\/wp-content\/uploads\/tkaniny\/Premium\/Premium-2.jpg\" class=\"lightgallery-item\" title=\"Premium 2\">\n\t\t\t<img decoding=\"async\" src=\"https:\/\/domartstyl.com\/wp-content\/uploads\/tkaniny\/sm\/Premium\/Premium-2.jpg\" loading=\"lazy\" alt=\"Premium 2\">\n\t\t<\/a>\n\t\t<span class=\"d-block p-3\">Premium 2<\/span>\n\t<\/div>\n    <div class=\"col text-center\">\n\t\t<a href=\"https:\/\/domartstyl.com\/wp-content\/uploads\/tkaniny\/Premium\/Premium-3.jpg\" class=\"lightgallery-item\" title=\"Premium 3\">\n\t\t\t<img decoding=\"async\" src=\"https:\/\/domartstyl.com\/wp-content\/uploads\/tkaniny\/sm\/Premium\/Premium-3.jpg\" loading=\"lazy\" alt=\"Premium 3\">\n\t\t<\/a>\n\t\t<span class=\"d-block p-3\">Premium 3<\/span>\n\t<\/div>\n    <div class=\"col text-center\">\n\t\t<a href=\"https:\/\/domartstyl.com\/wp-content\/uploads\/tkaniny\/Premium\/Premium-4.jpg\" class=\"lightgallery-item\" title=\"Premium 4\">\n\t\t\t<img decoding=\"async\" src=\"https:\/\/domartstyl.com\/wp-content\/uploads\/tkaniny\/sm\/Premium\/Premium-4.jpg\" loading=\"lazy\" alt=\"Premium 4\">\n\t\t<\/a>\n\t\t<span class=\"d-block p-3\">Premium 4<\/span>\n\t<\/div>\n    <div class=\"col text-center\">\n\t\t<a href=\"https:\/\/domartstyl.com\/wp-content\/uploads\/tkaniny\/Premium\/Premium-5.jpg\" class=\"lightgallery-item\" title=\"Premium 5\">\n\t\t\t<img decoding=\"async\" src=\"https:\/\/domartstyl.com\/wp-content\/uploads\/tkaniny\/sm\/Premium\/Premium-5.jpg\" loading=\"lazy\" alt=\"Premium 5\">\n\t\t<\/a>\n\t\t<span class=\"d-block p-3\">Premium 5<\/span>\n\t<\/div>\n    <div class=\"col text-center\">\n\t\t<a href=\"https:\/\/domartstyl.com\/wp-content\/uploads\/tkaniny\/Premium\/Premium-6.jpg\" class=\"lightgallery-item\" title=\"Premium 6\">\n\t\t\t<img decoding=\"async\" src=\"https:\/\/domartstyl.com\/wp-content\/uploads\/tkaniny\/sm\/Premium\/Premium-6.jpg\" loading=\"lazy\" alt=\"Premium 6\">\n\t\t<\/a>\n\t\t<span class=\"d-block p-3\">Premium 6<\/span>\n\t<\/div>\n\t<div class=\"col text-center\">\n\t\t<a href=\"https:\/\/domartstyl.com\/wp-content\/uploads\/tkaniny\/Premium\/Premium-7.jpg\" class=\"lightgallery-item\" title=\"Premium 7\">\n\t\t\t<img decoding=\"async\" src=\"https:\/\/domartstyl.com\/wp-content\/uploads\/tkaniny\/sm\/Premium\/Premium-7.jpg\" loading=\"lazy\" alt=\"Premium 7\">\n\t\t<\/a>\n\t\t<span class=\"d-block p-3\">Premium 7<\/span>\n\t<\/div>\n\t<div class=\"col text-center\">\n\t\t<a href=\"https:\/\/domartstyl.com\/wp-content\/uploads\/tkaniny\/Premium\/Premium-8.jpg\" class=\"lightgallery-item\" title=\"Premium 8\">\n\t\t\t<img decoding=\"async\" src=\"https:\/\/domartstyl.com\/wp-content\/uploads\/tkaniny\/sm\/Premium\/Premium-8.jpg\" loading=\"lazy\" alt=\"Premium 8\">\n\t\t<\/a>\n\t\t<span class=\"d-block p-3\">Premium 8<\/span>\n\t<\/div>\n\t<div class=\"col text-center\">\n\t\t<a href=\"https:\/\/domartstyl.com\/wp-content\/uploads\/tkaniny\/Premium\/Premium-9.jpg\" class=\"lightgallery-item\" title=\"Premium 9\">\n\t\t\t<img decoding=\"async\" src=\"https:\/\/domartstyl.com\/wp-content\/uploads\/tkaniny\/sm\/Premium\/Premium-9.jpg\" loading=\"lazy\" alt=\"Premium 9\">\n\t\t<\/a>\n\t\t<span class=\"d-block p-3\">Premium 9<\/span>\n\t<\/div>\n\t<div class=\"col text-center\">\n\t\t<a href=\"https:\/\/domartstyl.com\/wp-content\/uploads\/tkaniny\/Premium\/Premium-10.jpg\" class=\"lightgallery-item\" title=\"Premium 10\">\n\t\t\t<img decoding=\"async\" src=\"https:\/\/domartstyl.com\/wp-content\/uploads\/tkaniny\/sm\/Premium\/Premium-10.jpg\" loading=\"lazy\" alt=\"Premium 10\">\n\t\t<\/a>\n\t\t<span class=\"d-block p-3\">Premium 10<\/span>\n\t<\/div>\n\t<div class=\"col text-center\">\n\t\t<a href=\"https:\/\/domartstyl.com\/wp-content\/uploads\/tkaniny\/Premium\/Premium-11.jpg\" class=\"lightgallery-item\" title=\"Premium 11\">\n\t\t\t<img decoding=\"async\" src=\"https:\/\/domartstyl.com\/wp-content\/uploads\/tkaniny\/sm\/Premium\/Premium-11.jpg\" loading=\"lazy\" alt=\"Premium 11\">\n\t\t<\/a>\n\t\t<span class=\"d-block p-3\">Premium 11<\/span>\n\t<\/div>\n\t<div class=\"col text-center\">\n\t\t<a href=\"https:\/\/domartstyl.com\/wp-content\/uploads\/tkaniny\/Premium\/Premium-12.jpg\" class=\"lightgallery-item\" title=\"Premium 12\">\n\t\t\t<img decoding=\"async\" src=\"https:\/\/domartstyl.com\/wp-content\/uploads\/tkaniny\/sm\/Premium\/Premium-12.jpg\" loading=\"lazy\" alt=\"Premium 12\">\n\t\t<\/a>\n\t\t<span class=\"d-block p-3\">Premium 12<\/span>\n\t<\/div>\n\t<div class=\"col text-center\">\n\t\t<a href=\"https:\/\/domartstyl.com\/wp-content\/uploads\/tkaniny\/Premium\/Premium-13.jpg\" class=\"lightgallery-item\" title=\"Premium 13\">\n\t\t\t<img decoding=\"async\" src=\"https:\/\/domartstyl.com\/wp-content\/uploads\/tkaniny\/sm\/Premium\/Premium-13.jpg\" loading=\"lazy\" alt=\"Premium 13\">\n\t\t<\/a>\n\t\t<span class=\"d-block p-3\">Premium 13<\/span>\n\t<\/div>\n\t<div class=\"col text-center\">\n\t\t<a href=\"https:\/\/domartstyl.com\/wp-content\/uploads\/tkaniny\/Premium\/Premium-14.jpg\" class=\"lightgallery-item\" title=\"Premium 14\">\n\t\t\t<img decoding=\"async\" src=\"https:\/\/domartstyl.com\/wp-content\/uploads\/tkaniny\/sm\/Premium\/Premium-14.jpg\" loading=\"lazy\" alt=\"Premium 14\">\n\t\t<\/a>\n\t\t<span class=\"d-block p-3\">Premium 14<\/span>\n\t<\/div>\n\t<div class=\"col text-center\">\n\t\t<a href=\"https:\/\/domartstyl.com\/wp-content\/uploads\/tkaniny\/Premium\/Premium-15.jpg\" class=\"lightgallery-item\" title=\"Premium 15\">\n\t\t\t<img decoding=\"async\" src=\"https:\/\/domartstyl.com\/wp-content\/uploads\/tkaniny\/sm\/Premium\/Premium-15.jpg\" loading=\"lazy\" alt=\"Premium 15\">\n\t\t<\/a>\n\t\t<span class=\"d-block p-3\">Premium 15<\/span>\n\t<\/div>\n\t<div class=\"col text-center\">\n\t\t<a href=\"https:\/\/domartstyl.com\/wp-content\/uploads\/tkaniny\/Premium\/Premium-16.jpg\" class=\"lightgallery-item\" title=\"Premium 16\">\n\t\t\t<img decoding=\"async\" src=\"https:\/\/domartstyl.com\/wp-content\/uploads\/tkaniny\/sm\/Premium\/Premium-16.jpg\" loading=\"lazy\" alt=\"Premium 16\">\n\t\t<\/a>\n\t\t<span class=\"d-block p-3\">Premium 16<\/span>\n\t<\/div>\n\t<div class=\"col text-center\">\n\t\t<a href=\"https:\/\/domartstyl.com\/wp-content\/uploads\/tkaniny\/Premium\/Premium-17.jpg\" class=\"lightgallery-item\" title=\"Premium 17\">\n\t\t\t<img decoding=\"async\" src=\"https:\/\/domartstyl.com\/wp-content\/uploads\/tkaniny\/sm\/Premium\/Premium-17.jpg\" loading=\"lazy\" alt=\"Premium 17\">\n\t\t<\/a>\n\t\t<span class=\"d-block p-3\">Premium 17<\/span>\n\t<\/div>\n<\/div>","protected":false},"excerpt":{"rendered":"<p>* Fabrics available only while stocks last. Premium 1 Premium 2 Premium 3 Premium 4 Premium 5 Premium 6 Premium [&hellip;]<\/p>\n","protected":false},"author":18,"featured_media":0,"parent":3883,"menu_order":0,"comment_status":"closed","ping_status":"closed","template":"page-gallery.php","meta":{"footnotes":""},"class_list":["post-88678","page","type-page","status-publish","hentry"],"yoast_head":"<!-- This site is optimized with the Yoast SEO Premium plugin v25.0 (Yoast SEO v25.0) - https:\/\/yoast.com\/wordpress\/plugins\/seo\/ -->\n<title>Premium Fabrics - DomArtStyl<\/title>\n<meta name=\"robots\" content=\"noindex, follow\" \/>\n<meta property=\"og:locale\" content=\"en_US\" \/>\n<meta property=\"og:type\" content=\"article\" \/>\n<meta property=\"og:title\" content=\"Premium Fabrics\" \/>\n<meta property=\"og:description\" content=\"* Fabrics available only while stocks last. Premium 1 Premium 2 Premium 3 Premium 4 Premium 5 Premium 6 Premium [&hellip;]\" \/>\n<meta property=\"og:url\" content=\"https:\/\/domartstyl.com\/en\/fabrics\/premium-fabrics\/\" \/>\n<meta property=\"og:site_name\" content=\"DomArtStyl\" \/>\n<meta property=\"article:publisher\" content=\"https:\/\/www.facebook.com\/DomArtStyl\/\" \/>\n<meta property=\"article:modified_time\" content=\"2024-10-08T06:21:21+00:00\" \/>\n<meta property=\"og:image\" content=\"https:\/\/domartstyl.com\/wp-content\/uploads\/tkaniny\/sm\/Premium\/Premium-1.jpg\" \/>\n<meta name=\"twitter:card\" content=\"summary_large_image\" \/>\n<meta name=\"twitter:site\" content=\"@DomArtStyl_pl\" \/>\n<meta name=\"twitter:label1\" content=\"Est. reading time\" \/>\n\t<meta name=\"twitter:data1\" content=\"4 minutes\" \/>\n<script type=\"application\/ld+json\" class=\"yoast-schema-graph\">{\"@context\":\"https:\/\/schema.org\",\"@graph\":[{\"@type\":\"WebPage\",\"@id\":\"https:\/\/domartstyl.com\/en\/fabrics\/premium-fabrics\/\",\"url\":\"https:\/\/domartstyl.com\/en\/fabrics\/premium-fabrics\/\",\"name\":\"Premium Fabrics - DomArtStyl\",\"isPartOf\":{\"@id\":\"https:\/\/domartstyl.com\/en\/#website\"},\"primaryImageOfPage\":{\"@id\":\"https:\/\/domartstyl.com\/en\/fabrics\/premium-fabrics\/#primaryimage\"},\"image\":{\"@id\":\"https:\/\/domartstyl.com\/en\/fabrics\/premium-fabrics\/#primaryimage\"},\"thumbnailUrl\":\"https:\/\/domartstyl.com\/wp-content\/uploads\/tkaniny\/sm\/Premium\/Premium-1.jpg\",\"datePublished\":\"2024-01-23T07:22:15+00:00\",\"dateModified\":\"2024-10-08T06:21:21+00:00\",\"breadcrumb\":{\"@id\":\"https:\/\/domartstyl.com\/en\/fabrics\/premium-fabrics\/#breadcrumb\"},\"inLanguage\":\"en-US\",\"potentialAction\":[{\"@type\":\"ReadAction\",\"target\":[\"https:\/\/domartstyl.com\/en\/fabrics\/premium-fabrics\/\"]}]},{\"@type\":\"ImageObject\",\"inLanguage\":\"en-US\",\"@id\":\"https:\/\/domartstyl.com\/en\/fabrics\/premium-fabrics\/#primaryimage\",\"url\":\"https:\/\/domartstyl.com\/wp-content\/uploads\/tkaniny\/sm\/Premium\/Premium-1.jpg\",\"contentUrl\":\"https:\/\/domartstyl.com\/wp-content\/uploads\/tkaniny\/sm\/Premium\/Premium-1.jpg\"},{\"@type\":\"BreadcrumbList\",\"@id\":\"https:\/\/domartstyl.com\/en\/fabrics\/premium-fabrics\/#breadcrumb\",\"itemListElement\":[{\"@type\":\"ListItem\",\"position\":1,\"name\":\"Strona g\u0142\u00f3wna\",\"item\":\"https:\/\/domartstyl.com\/en\/\"},{\"@type\":\"ListItem\",\"position\":2,\"name\":\"Fabrics\",\"item\":\"https:\/\/domartstyl.com\/en\/fabrics\/\"},{\"@type\":\"ListItem\",\"position\":3,\"name\":\"Premium Fabrics\"}]},{\"@type\":\"WebSite\",\"@id\":\"https:\/\/domartstyl.com\/en\/#website\",\"url\":\"https:\/\/domartstyl.com\/en\/\",\"name\":\"DomArtStyl\",\"description\":\"Tworzymy meble najwy\u017cszej jako\u015bci. Sprzeda\u017c detaliczna \u00b7 Sprzeda\u017c hurtowa\",\"publisher\":{\"@id\":\"https:\/\/domartstyl.com\/en\/#organization\"},\"potentialAction\":[{\"@type\":\"SearchAction\",\"target\":{\"@type\":\"EntryPoint\",\"urlTemplate\":\"https:\/\/domartstyl.com\/en\/?s={search_term_string}\"},\"query-input\":{\"@type\":\"PropertyValueSpecification\",\"valueRequired\":true,\"valueName\":\"search_term_string\"}}],\"inLanguage\":\"en-US\"},{\"@type\":\"Organization\",\"@id\":\"https:\/\/domartstyl.com\/en\/#organization\",\"name\":\"DomArtStyl\",\"url\":\"https:\/\/domartstyl.com\/en\/\",\"logo\":{\"@type\":\"ImageObject\",\"inLanguage\":\"en-US\",\"@id\":\"https:\/\/domartstyl.com\/en\/#\/schema\/logo\/image\/\",\"url\":\"https:\/\/domartstyl.com\/wp-content\/uploads\/2018\/04\/Logo_300_width.png\",\"contentUrl\":\"https:\/\/domartstyl.com\/wp-content\/uploads\/2018\/04\/Logo_300_width.png\",\"width\":300,\"height\":140,\"caption\":\"DomArtStyl\"},\"image\":{\"@id\":\"https:\/\/domartstyl.com\/en\/#\/schema\/logo\/image\/\"},\"sameAs\":[\"https:\/\/www.facebook.com\/DomArtStyl\/\",\"https:\/\/x.com\/DomArtStyl_pl\",\"https:\/\/www.instagram.com\/domartstyl\/?hl=en\",\"https:\/\/pl.pinterest.com\/domartstyl01\/\",\"https:\/\/www.youtube.com\/channel\/UCkISSgvMomI6yFFL3JDbLhw\"]}]}<\/script>\n<!-- \/ Yoast SEO Premium plugin. -->","yoast_head_json":{"title":"Premium Fabrics - DomArtStyl","robots":{"index":"noindex","follow":"follow"},"og_locale":"en_US","og_type":"article","og_title":"Premium Fabrics","og_description":"* Fabrics available only while stocks last. Premium 1 Premium 2 Premium 3 Premium 4 Premium 5 Premium 6 Premium [&hellip;]","og_url":"https:\/\/domartstyl.com\/en\/fabrics\/premium-fabrics\/","og_site_name":"DomArtStyl","article_publisher":"https:\/\/www.facebook.com\/DomArtStyl\/","article_modified_time":"2024-10-08T06:21:21+00:00","og_image":[{"url":"https:\/\/domartstyl.com\/wp-content\/uploads\/tkaniny\/sm\/Premium\/Premium-1.jpg","type":"","width":"","height":""}],"twitter_card":"summary_large_image","twitter_site":"@DomArtStyl_pl","twitter_misc":{"Est. reading time":"4 minutes"},"schema":{"@context":"https:\/\/schema.org","@graph":[{"@type":"WebPage","@id":"https:\/\/domartstyl.com\/en\/fabrics\/premium-fabrics\/","url":"https:\/\/domartstyl.com\/en\/fabrics\/premium-fabrics\/","name":"Premium Fabrics - DomArtStyl","isPartOf":{"@id":"https:\/\/domartstyl.com\/en\/#website"},"primaryImageOfPage":{"@id":"https:\/\/domartstyl.com\/en\/fabrics\/premium-fabrics\/#primaryimage"},"image":{"@id":"https:\/\/domartstyl.com\/en\/fabrics\/premium-fabrics\/#primaryimage"},"thumbnailUrl":"https:\/\/domartstyl.com\/wp-content\/uploads\/tkaniny\/sm\/Premium\/Premium-1.jpg","datePublished":"2024-01-23T07:22:15+00:00","dateModified":"2024-10-08T06:21:21+00:00","breadcrumb":{"@id":"https:\/\/domartstyl.com\/en\/fabrics\/premium-fabrics\/#breadcrumb"},"inLanguage":"en-US","potentialAction":[{"@type":"ReadAction","target":["https:\/\/domartstyl.com\/en\/fabrics\/premium-fabrics\/"]}]},{"@type":"ImageObject","inLanguage":"en-US","@id":"https:\/\/domartstyl.com\/en\/fabrics\/premium-fabrics\/#primaryimage","url":"https:\/\/domartstyl.com\/wp-content\/uploads\/tkaniny\/sm\/Premium\/Premium-1.jpg","contentUrl":"https:\/\/domartstyl.com\/wp-content\/uploads\/tkaniny\/sm\/Premium\/Premium-1.jpg"},{"@type":"BreadcrumbList","@id":"https:\/\/domartstyl.com\/en\/fabrics\/premium-fabrics\/#breadcrumb","itemListElement":[{"@type":"ListItem","position":1,"name":"Strona g\u0142\u00f3wna","item":"https:\/\/domartstyl.com\/en\/"},{"@type":"ListItem","position":2,"name":"Fabrics","item":"https:\/\/domartstyl.com\/en\/fabrics\/"},{"@type":"ListItem","position":3,"name":"Premium Fabrics"}]},{"@type":"WebSite","@id":"https:\/\/domartstyl.com\/en\/#website","url":"https:\/\/domartstyl.com\/en\/","name":"DomArtStyl","description":"Tworzymy meble najwy\u017cszej jako\u015bci. Sprzeda\u017c detaliczna \u00b7 Sprzeda\u017c hurtowa","publisher":{"@id":"https:\/\/domartstyl.com\/en\/#organization"},"potentialAction":[{"@type":"SearchAction","target":{"@type":"EntryPoint","urlTemplate":"https:\/\/domartstyl.com\/en\/?s={search_term_string}"},"query-input":{"@type":"PropertyValueSpecification","valueRequired":true,"valueName":"search_term_string"}}],"inLanguage":"en-US"},{"@type":"Organization","@id":"https:\/\/domartstyl.com\/en\/#organization","name":"DomArtStyl","url":"https:\/\/domartstyl.com\/en\/","logo":{"@type":"ImageObject","inLanguage":"en-US","@id":"https:\/\/domartstyl.com\/en\/#\/schema\/logo\/image\/","url":"https:\/\/domartstyl.com\/wp-content\/uploads\/2018\/04\/Logo_300_width.png","contentUrl":"https:\/\/domartstyl.com\/wp-content\/uploads\/2018\/04\/Logo_300_width.png","width":300,"height":140,"caption":"DomArtStyl"},"image":{"@id":"https:\/\/domartstyl.com\/en\/#\/schema\/logo\/image\/"},"sameAs":["https:\/\/www.facebook.com\/DomArtStyl\/","https:\/\/x.com\/DomArtStyl_pl","https:\/\/www.instagram.com\/domartstyl\/?hl=en","https:\/\/pl.pinterest.com\/domartstyl01\/","https:\/\/www.youtube.com\/channel\/UCkISSgvMomI6yFFL3JDbLhw"]}]}},"_links":{"self":[{"href":"https:\/\/domartstyl.com\/en\/wp-json\/wp\/v2\/pages\/88678","targetHints":{"allow":["GET"]}}],"collection":[{"href":"https:\/\/domartstyl.com\/en\/wp-json\/wp\/v2\/pages"}],"about":[{"href":"https:\/\/domartstyl.com\/en\/wp-json\/wp\/v2\/types\/page"}],"author":[{"embeddable":true,"href":"https:\/\/domartstyl.com\/en\/wp-json\/wp\/v2\/users\/18"}],"replies":[{"embeddable":true,"href":"https:\/\/domartstyl.com\/en\/wp-json\/wp\/v2\/comments?post=88678"}],"version-history":[{"count":0,"href":"https:\/\/domartstyl.com\/en\/wp-json\/wp\/v2\/pages\/88678\/revisions"}],"up":[{"embeddable":true,"href":"https:\/\/domartstyl.com\/en\/wp-json\/wp\/v2\/pages\/3883"}],"wp:attachment":[{"href":"https:\/\/domartstyl.com\/en\/wp-json\/wp\/v2\/media?parent=88678"}],"curies":[{"name":"wp","href":"https:\/\/api.w.org\/{rel}","templated":true}]}}