{"id":88620,"date":"2024-01-15T14:34:53","date_gmt":"2024-01-15T13:34:53","guid":{"rendered":"https:\/\/domartstyl.com\/fabrics\/bluvel\/"},"modified":"2024-01-15T14:35:04","modified_gmt":"2024-01-15T13:35:04","slug":"bluvel","status":"publish","type":"page","link":"https:\/\/domartstyl.com\/en\/fabrics\/bluvel\/","title":{"rendered":"Bluvel"},"content":{"rendered":"<div class=\"text-center mb-3\">\r\n\t<a href=\"\/wp-content\/uploads\/tkaniny\/specyfikacja\/bluvel.pdf\" class=\"btn btn-primary\" target=\"_blank\" title=\"View Technical Specifications\" rel=\"noopener\">Technical Specifications<\/a>\r\n<\/div>\r\n<div class=\"row row-cols-2 row-cols-sm-3 row-cols-md-4 row-cols-lg-6 g-4 mt-0 mb-5\" id=\"lightgallery\">\r\n\t<div class=\"col text-center\">\r\n\t\t<a href=\"https:\/\/domartstyl.com\/wp-content\/uploads\/tkaniny\/Bluvel\/BLUVEL_03.jpg\" class=\"lightgallery-item\" title=\"Bluvel 3\">\r\n\t\t\t<img decoding=\"async\" src=\"https:\/\/domartstyl.com\/wp-content\/uploads\/tkaniny\/sm\/Bluvel\/BLUVEL_03.jpg\" loading=\"lazy\" alt=\"Bluvel 3\"\/>\r\n\t\t<\/a>\r\n\t\t<span class=\"d-block p-3\">Bluvel 3<\/span>\r\n\t<\/div>\r\n    <div class=\"col text-center\">\r\n\t\t<a href=\"https:\/\/domartstyl.com\/wp-content\/uploads\/tkaniny\/Bluvel\/BLUVEL_06.jpg\" class=\"lightgallery-item\" title=\"Bluvel 6\">\r\n\t\t\t<img decoding=\"async\" src=\"https:\/\/domartstyl.com\/wp-content\/uploads\/tkaniny\/sm\/Bluvel\/BLUVEL_06.jpg\" loading=\"lazy\" alt=\"Bluvel 6\"\/>\r\n\t\t<\/a>\r\n\t\t<span class=\"d-block p-3\">Bluvel 6<\/span>\r\n\t<\/div>\r\n    <div class=\"col text-center\">\r\n\t\t<a href=\"https:\/\/domartstyl.com\/wp-content\/uploads\/tkaniny\/Bluvel\/BLUVEL_10.jpg\" class=\"lightgallery-item\" title=\"Bluvel 10\">\r\n\t\t\t<img decoding=\"async\" src=\"https:\/\/domartstyl.com\/wp-content\/uploads\/tkaniny\/sm\/Bluvel\/BLUVEL_10.jpg\" loading=\"lazy\" alt=\"Bluvel 10\"\/>\r\n\t\t<\/a>\r\n\t\t<span class=\"d-block p-3\">Bluvel 10<\/span>\r\n\t<\/div>\r\n    <div class=\"col text-center\">\r\n\t\t<a href=\"https:\/\/domartstyl.com\/wp-content\/uploads\/tkaniny\/Bluvel\/BLUVEL_13.jpg\" class=\"lightgallery-item\" title=\"Bluvel 13\">\r\n\t\t\t<img decoding=\"async\" src=\"https:\/\/domartstyl.com\/wp-content\/uploads\/tkaniny\/sm\/Bluvel\/BLUVEL_13.jpg\" loading=\"lazy\" alt=\"Bluvel 13\"\/>\r\n\t\t<\/a>\r\n\t\t<span class=\"d-block p-3\">Bluvel 13<\/span>\r\n\t<\/div>\r\n    <div class=\"col text-center\">\r\n\t\t<a href=\"https:\/\/domartstyl.com\/wp-content\/uploads\/tkaniny\/Bluvel\/BLUVEL_14.jpg\" class=\"lightgallery-item\" title=\"Bluvel 14\">\r\n\t\t\t<img decoding=\"async\" src=\"https:\/\/domartstyl.com\/wp-content\/uploads\/tkaniny\/sm\/Bluvel\/BLUVEL_14.jpg\" loading=\"lazy\" alt=\"Bluvel 14\"\/>\r\n\t\t<\/a>\r\n\t\t<span class=\"d-block p-3\">Bluvel 14<\/span>\r\n\t<\/div>\r\n    <div class=\"col text-center\">\r\n\t\t<a href=\"https:\/\/domartstyl.com\/wp-content\/uploads\/tkaniny\/Bluvel\/BLUVEL_18.jpg\" class=\"lightgallery-item\" title=\"Bluvel 18\">\r\n\t\t\t<img decoding=\"async\" src=\"https:\/\/domartstyl.com\/wp-content\/uploads\/tkaniny\/sm\/Bluvel\/BLUVEL_18.jpg\" loading=\"lazy\" alt=\"Bluvel 18\"\/>\r\n\t\t<\/a>\r\n\t\t<span class=\"d-block p-3\">Bluvel 18<\/span>\r\n\t<\/div>\r\n    <div class=\"col text-center\">\r\n\t\t<a href=\"https:\/\/domartstyl.com\/wp-content\/uploads\/tkaniny\/Bluvel\/BLUVEL_19.jpg\" class=\"lightgallery-item\" title=\"Bluvel 19\">\r\n\t\t\t<img decoding=\"async\" src=\"https:\/\/domartstyl.com\/wp-content\/uploads\/tkaniny\/sm\/Bluvel\/BLUVEL_19.jpg\" loading=\"lazy\" alt=\"Bluvel 19\"\/>\r\n\t\t<\/a>\r\n\t\t<span class=\"d-block p-3\">Bluvel 19<\/span>\r\n\t<\/div>\r\n    <div class=\"col text-center\">\r\n\t\t<a href=\"https:\/\/domartstyl.com\/wp-content\/uploads\/tkaniny\/Bluvel\/BLUVEL_22.jpg\" class=\"lightgallery-item\" title=\"Bluvel 22\">\r\n\t\t\t<img decoding=\"async\" src=\"https:\/\/domartstyl.com\/wp-content\/uploads\/tkaniny\/sm\/Bluvel\/BLUVEL_22.jpg\" loading=\"lazy\" alt=\"Bluvel 22\"\/>\r\n\t\t<\/a>\r\n\t\t<span class=\"d-block p-3\">Bluvel 22<\/span>\r\n\t<\/div>\r\n    <div class=\"col text-center\">\r\n\t\t<a href=\"https:\/\/domartstyl.com\/wp-content\/uploads\/tkaniny\/Bluvel\/BLUVEL_28.jpg\" class=\"lightgallery-item\" title=\"Bluvel 28\">\r\n\t\t\t<img decoding=\"async\" src=\"https:\/\/domartstyl.com\/wp-content\/uploads\/tkaniny\/sm\/Bluvel\/BLUVEL_28.jpg\" loading=\"lazy\" alt=\"Bluvel 28\"\/>\r\n\t\t<\/a>\r\n\t\t<span class=\"d-block p-3\">Bluvel 28<\/span>\r\n\t<\/div>\r\n    <div class=\"col text-center\">\r\n\t\t<a href=\"https:\/\/domartstyl.com\/wp-content\/uploads\/tkaniny\/Bluvel\/BLUVEL_30.jpg\" class=\"lightgallery-item\" title=\"Bluvel 30\">\r\n\t\t\t<img decoding=\"async\" src=\"https:\/\/domartstyl.com\/wp-content\/uploads\/tkaniny\/sm\/Bluvel\/BLUVEL_30.jpg\" loading=\"lazy\" alt=\"Bluvel 30\"\/>\r\n\t\t<\/a>\r\n\t\t<span class=\"d-block p-3\">Bluvel 30<\/span>\r\n\t<\/div>\r\n    <div class=\"col text-center\">\r\n\t\t<a href=\"https:\/\/domartstyl.com\/wp-content\/uploads\/tkaniny\/Bluvel\/BLUVEL_38.jpg\" class=\"lightgallery-item\" title=\"Bluvel 38\">\r\n\t\t\t<img decoding=\"async\" src=\"https:\/\/domartstyl.com\/wp-content\/uploads\/tkaniny\/sm\/Bluvel\/BLUVEL_38.jpg\" loading=\"lazy\" alt=\"Bluvel 38\"\/>\r\n\t\t<\/a>\r\n\t\t<span class=\"d-block p-3\">Bluvel 38<\/span>\r\n\t<\/div>\r\n    <div class=\"col text-center\">\r\n\t\t<a href=\"https:\/\/domartstyl.com\/wp-content\/uploads\/tkaniny\/Bluvel\/BLUVEL_40.jpg\" class=\"lightgallery-item\" title=\"Bluvel 40\">\r\n\t\t\t<img decoding=\"async\" src=\"https:\/\/domartstyl.com\/wp-content\/uploads\/tkaniny\/sm\/Bluvel\/BLUVEL_40.jpg\" loading=\"lazy\" alt=\"Bluvel 40\"\/>\r\n\t\t<\/a>\r\n\t\t<span class=\"d-block p-3\">Bluvel 40<\/span>\r\n\t<\/div>\r\n    <div class=\"col text-center\">\r\n\t\t<a href=\"https:\/\/domartstyl.com\/wp-content\/uploads\/tkaniny\/Bluvel\/BLUVEL_48.jpg\" class=\"lightgallery-item\" title=\"Bluvel 48\">\r\n\t\t\t<img decoding=\"async\" src=\"https:\/\/domartstyl.com\/wp-content\/uploads\/tkaniny\/sm\/Bluvel\/BLUVEL_48.jpg\" loading=\"lazy\" alt=\"Bluvel 48\"\/>\r\n\t\t<\/a>\r\n\t\t<span class=\"d-block p-3\">Bluvel 48<\/span>\r\n\t<\/div>\r\n    <div class=\"col text-center\">\r\n\t\t<a href=\"https:\/\/domartstyl.com\/wp-content\/uploads\/tkaniny\/Bluvel\/BLUVEL_52.jpg\" class=\"lightgallery-item\" title=\"Bluvel 52\">\r\n\t\t\t<img decoding=\"async\" src=\"https:\/\/domartstyl.com\/wp-content\/uploads\/tkaniny\/sm\/Bluvel\/BLUVEL_52.jpg\" loading=\"lazy\" alt=\"Bluvel 52\"\/>\r\n\t\t<\/a>\r\n\t\t<span class=\"d-block p-3\">Bluvel 52<\/span>\r\n\t<\/div>\r\n    <div class=\"col text-center\">\r\n\t\t<a href=\"https:\/\/domartstyl.com\/wp-content\/uploads\/tkaniny\/Bluvel\/BLUVEL_59.jpg\" class=\"lightgallery-item\" title=\"Bluvel 59\">\r\n\t\t\t<img decoding=\"async\" src=\"https:\/\/domartstyl.com\/wp-content\/uploads\/tkaniny\/sm\/Bluvel\/BLUVEL_59.jpg\" loading=\"lazy\" alt=\"Bluvel 59\"\/>\r\n\t\t<\/a>\r\n\t\t<span class=\"d-block p-3\">Bluvel 59<\/span>\r\n\t<\/div>\r\n    <div class=\"col text-center\">\r\n\t\t<a href=\"https:\/\/domartstyl.com\/wp-content\/uploads\/tkaniny\/Bluvel\/BLUVEL_68.jpg\" class=\"lightgallery-item\" title=\"Bluvel 68\">\r\n\t\t\t<img decoding=\"async\" src=\"https:\/\/domartstyl.com\/wp-content\/uploads\/tkaniny\/sm\/Bluvel\/BLUVEL_68.jpg\" loading=\"lazy\" alt=\"Bluvel 68\"\/>\r\n\t\t<\/a>\r\n\t\t<span class=\"d-block p-3\">Bluvel 68<\/span>\r\n\t<\/div>\r\n    <div class=\"col text-center\">\r\n\t\t<a href=\"https:\/\/domartstyl.com\/wp-content\/uploads\/tkaniny\/Bluvel\/BLUVEL_74.jpg\" class=\"lightgallery-item\" title=\"Bluvel 74\">\r\n\t\t\t<img decoding=\"async\" src=\"https:\/\/domartstyl.com\/wp-content\/uploads\/tkaniny\/sm\/Bluvel\/BLUVEL_74.jpg\" loading=\"lazy\" alt=\"Bluvel 74\"\/>\r\n\t\t<\/a>\r\n\t\t<span class=\"d-block p-3\">Bluvel 74<\/span>\r\n\t<\/div>\r\n    <div class=\"col text-center\">\r\n\t\t<a href=\"https:\/\/domartstyl.com\/wp-content\/uploads\/tkaniny\/Bluvel\/BLUVEL_75.jpg\" class=\"lightgallery-item\" title=\"Bluvel 75\">\r\n\t\t\t<img decoding=\"async\" src=\"https:\/\/domartstyl.com\/wp-content\/uploads\/tkaniny\/sm\/Bluvel\/BLUVEL_75.jpg\" loading=\"lazy\" alt=\"Bluvel 75\"\/>\r\n\t\t<\/a>\r\n\t\t<span class=\"d-block p-3\">Bluvel 75<\/span>\r\n\t<\/div>\r\n    <div class=\"col text-center\">\r\n\t\t<a href=\"https:\/\/domartstyl.com\/wp-content\/uploads\/tkaniny\/Bluvel\/BLUVEL_77.jpg\" class=\"lightgallery-item\" title=\"Bluvel 77\">\r\n\t\t\t<img decoding=\"async\" src=\"https:\/\/domartstyl.com\/wp-content\/uploads\/tkaniny\/sm\/Bluvel\/BLUVEL_77.jpg\" loading=\"lazy\" alt=\"Bluvel 77\"\/>\r\n\t\t<\/a>\r\n\t\t<span class=\"d-block p-3\">Bluvel 77<\/span>\r\n\t<\/div>\r\n    <div class=\"col text-center\">\r\n\t\t<a href=\"https:\/\/domartstyl.com\/wp-content\/uploads\/tkaniny\/Bluvel\/BLUVEL_78.jpg\" class=\"lightgallery-item\" title=\"Bluvel 78\">\r\n\t\t\t<img decoding=\"async\" src=\"https:\/\/domartstyl.com\/wp-content\/uploads\/tkaniny\/sm\/Bluvel\/BLUVEL_78.jpg\" loading=\"lazy\" alt=\"Bluvel 78\"\/>\r\n\t\t<\/a>\r\n\t\t<span class=\"d-block p-3\">Bluvel 78<\/span>\r\n\t<\/div>\r\n    <div class=\"col text-center\">\r\n\t\t<a href=\"https:\/\/domartstyl.com\/wp-content\/uploads\/tkaniny\/Bluvel\/BLUVEL_85.jpg\" class=\"lightgallery-item\" title=\"Bluvel 85\">\r\n\t\t\t<img decoding=\"async\" src=\"https:\/\/domartstyl.com\/wp-content\/uploads\/tkaniny\/sm\/Bluvel\/BLUVEL_85.jpg\" loading=\"lazy\" alt=\"Bluvel 85\"\/>\r\n\t\t<\/a>\r\n\t\t<span class=\"d-block p-3\">Bluvel 85<\/span>\r\n\t<\/div>\r\n    <div class=\"col text-center\">\r\n\t\t<a href=\"https:\/\/domartstyl.com\/wp-content\/uploads\/tkaniny\/Bluvel\/BLUVEL_86.jpg\" class=\"lightgallery-item\" title=\"Bluvel 86\">\r\n\t\t\t<img decoding=\"async\" src=\"https:\/\/domartstyl.com\/wp-content\/uploads\/tkaniny\/sm\/Bluvel\/BLUVEL_86.jpg\" loading=\"lazy\" alt=\"Bluvel 86\"\/>\r\n\t\t<\/a>\r\n\t\t<span class=\"d-block p-3\">Bluvel 86<\/span>\r\n\t<\/div>\r\n    <div class=\"col text-center\">\r\n\t\t<a href=\"https:\/\/domartstyl.com\/wp-content\/uploads\/tkaniny\/Bluvel\/BLUVEL_89.jpg\" class=\"lightgallery-item\" title=\"Bluvel 89\">\r\n\t\t\t<img decoding=\"async\" src=\"https:\/\/domartstyl.com\/wp-content\/uploads\/tkaniny\/sm\/Bluvel\/BLUVEL_89.jpg\" loading=\"lazy\" alt=\"Bluvel 89\"\/>\r\n\t\t<\/a>\r\n\t\t<span class=\"d-block p-3\">Bluvel 89<\/span>\r\n\t<\/div>\r\n    <div class=\"col text-center\">\r\n\t\t<a href=\"https:\/\/domartstyl.com\/wp-content\/uploads\/tkaniny\/Bluvel\/BLUVEL_91.jpg\" class=\"lightgallery-item\" title=\"Bluvel 91\">\r\n\t\t\t<img decoding=\"async\" src=\"https:\/\/domartstyl.com\/wp-content\/uploads\/tkaniny\/sm\/Bluvel\/BLUVEL_91.jpg\" loading=\"lazy\" alt=\"Bluvel 91\"\/>\r\n\t\t<\/a>\r\n\t\t<span class=\"d-block p-3\">Bluvel 91<\/span>\r\n\t<\/div>\r\n    <div class=\"col text-center\">\r\n\t\t<a href=\"https:\/\/domartstyl.com\/wp-content\/uploads\/tkaniny\/Bluvel\/BLUVEL_4215.jpg\" class=\"lightgallery-item\" title=\"Bluvel 4215\">\r\n\t\t\t<img decoding=\"async\" src=\"https:\/\/domartstyl.com\/wp-content\/uploads\/tkaniny\/sm\/Bluvel\/BLUVEL_4215.jpg\" loading=\"lazy\" alt=\"Bluvel 4215\"\/>\r\n\t\t<\/a>\r\n\t\t<span class=\"d-block p-3\">Bluvel 4215<\/span>\r\n\t<\/div>\r\n<\/div>","protected":false},"excerpt":{"rendered":"<p>Technical Specifications Bluvel 3 Bluvel 6 Bluvel 10 Bluvel 13 Bluvel 14 Bluvel 18 Bluvel 19 Bluvel 22 Bluvel 28 [&hellip;]<\/p>\n","protected":false},"author":18,"featured_media":0,"parent":3883,"menu_order":0,"comment_status":"closed","ping_status":"closed","template":"page-gallery.php","meta":{"footnotes":""},"class_list":["post-88620","page","type-page","status-publish","hentry"],"yoast_head":"<!-- This site is optimized with the Yoast SEO Premium plugin v25.0 (Yoast SEO v25.0) - https:\/\/yoast.com\/wordpress\/plugins\/seo\/ -->\n<title>Bluvel - DomArtStyl<\/title>\n<meta name=\"robots\" content=\"index, follow, max-snippet:-1, max-image-preview:large, max-video-preview:-1\" \/>\n<link rel=\"canonical\" href=\"https:\/\/domartstyl.com\/en\/fabrics\/bluvel\/\" \/>\n<meta property=\"og:locale\" content=\"en_US\" \/>\n<meta property=\"og:type\" content=\"article\" \/>\n<meta property=\"og:title\" content=\"Bluvel\" \/>\n<meta property=\"og:description\" content=\"Technical Specifications Bluvel 3 Bluvel 6 Bluvel 10 Bluvel 13 Bluvel 14 Bluvel 18 Bluvel 19 Bluvel 22 Bluvel 28 [&hellip;]\" \/>\n<meta property=\"og:url\" content=\"https:\/\/domartstyl.com\/en\/fabrics\/bluvel\/\" \/>\n<meta property=\"og:site_name\" content=\"DomArtStyl\" \/>\n<meta property=\"article:publisher\" content=\"https:\/\/www.facebook.com\/DomArtStyl\/\" \/>\n<meta property=\"article:modified_time\" content=\"2024-01-15T13:35:04+00:00\" \/>\n<meta property=\"og:image\" content=\"https:\/\/domartstyl.com\/wp-content\/uploads\/tkaniny\/sm\/Bluvel\/BLUVEL_03.jpg\" \/>\n<meta name=\"twitter:card\" content=\"summary_large_image\" \/>\n<meta name=\"twitter:site\" content=\"@DomArtStyl_pl\" \/>\n<script type=\"application\/ld+json\" class=\"yoast-schema-graph\">{\"@context\":\"https:\/\/schema.org\",\"@graph\":[{\"@type\":\"WebPage\",\"@id\":\"https:\/\/domartstyl.com\/en\/fabrics\/bluvel\/\",\"url\":\"https:\/\/domartstyl.com\/en\/fabrics\/bluvel\/\",\"name\":\"Bluvel - DomArtStyl\",\"isPartOf\":{\"@id\":\"https:\/\/domartstyl.com\/en\/#website\"},\"primaryImageOfPage\":{\"@id\":\"https:\/\/domartstyl.com\/en\/fabrics\/bluvel\/#primaryimage\"},\"image\":{\"@id\":\"https:\/\/domartstyl.com\/en\/fabrics\/bluvel\/#primaryimage\"},\"thumbnailUrl\":\"https:\/\/domartstyl.com\/wp-content\/uploads\/tkaniny\/sm\/Bluvel\/BLUVEL_03.jpg\",\"datePublished\":\"2024-01-15T13:34:53+00:00\",\"dateModified\":\"2024-01-15T13:35:04+00:00\",\"breadcrumb\":{\"@id\":\"https:\/\/domartstyl.com\/en\/fabrics\/bluvel\/#breadcrumb\"},\"inLanguage\":\"en-US\",\"potentialAction\":[{\"@type\":\"ReadAction\",\"target\":[\"https:\/\/domartstyl.com\/en\/fabrics\/bluvel\/\"]}]},{\"@type\":\"ImageObject\",\"inLanguage\":\"en-US\",\"@id\":\"https:\/\/domartstyl.com\/en\/fabrics\/bluvel\/#primaryimage\",\"url\":\"https:\/\/domartstyl.com\/wp-content\/uploads\/tkaniny\/sm\/Bluvel\/BLUVEL_03.jpg\",\"contentUrl\":\"https:\/\/domartstyl.com\/wp-content\/uploads\/tkaniny\/sm\/Bluvel\/BLUVEL_03.jpg\"},{\"@type\":\"BreadcrumbList\",\"@id\":\"https:\/\/domartstyl.com\/en\/fabrics\/bluvel\/#breadcrumb\",\"itemListElement\":[{\"@type\":\"ListItem\",\"position\":1,\"name\":\"Strona g\u0142\u00f3wna\",\"item\":\"https:\/\/domartstyl.com\/en\/\"},{\"@type\":\"ListItem\",\"position\":2,\"name\":\"Fabrics\",\"item\":\"https:\/\/domartstyl.com\/en\/fabrics\/\"},{\"@type\":\"ListItem\",\"position\":3,\"name\":\"Bluvel\"}]},{\"@type\":\"WebSite\",\"@id\":\"https:\/\/domartstyl.com\/en\/#website\",\"url\":\"https:\/\/domartstyl.com\/en\/\",\"name\":\"DomArtStyl\",\"description\":\"Tworzymy meble najwy\u017cszej jako\u015bci. Sprzeda\u017c detaliczna \u00b7 Sprzeda\u017c hurtowa\",\"publisher\":{\"@id\":\"https:\/\/domartstyl.com\/en\/#organization\"},\"potentialAction\":[{\"@type\":\"SearchAction\",\"target\":{\"@type\":\"EntryPoint\",\"urlTemplate\":\"https:\/\/domartstyl.com\/en\/?s={search_term_string}\"},\"query-input\":{\"@type\":\"PropertyValueSpecification\",\"valueRequired\":true,\"valueName\":\"search_term_string\"}}],\"inLanguage\":\"en-US\"},{\"@type\":\"Organization\",\"@id\":\"https:\/\/domartstyl.com\/en\/#organization\",\"name\":\"DomArtStyl\",\"url\":\"https:\/\/domartstyl.com\/en\/\",\"logo\":{\"@type\":\"ImageObject\",\"inLanguage\":\"en-US\",\"@id\":\"https:\/\/domartstyl.com\/en\/#\/schema\/logo\/image\/\",\"url\":\"https:\/\/domartstyl.com\/wp-content\/uploads\/2018\/04\/Logo_300_width.png\",\"contentUrl\":\"https:\/\/domartstyl.com\/wp-content\/uploads\/2018\/04\/Logo_300_width.png\",\"width\":300,\"height\":140,\"caption\":\"DomArtStyl\"},\"image\":{\"@id\":\"https:\/\/domartstyl.com\/en\/#\/schema\/logo\/image\/\"},\"sameAs\":[\"https:\/\/www.facebook.com\/DomArtStyl\/\",\"https:\/\/x.com\/DomArtStyl_pl\",\"https:\/\/www.instagram.com\/domartstyl\/?hl=en\",\"https:\/\/pl.pinterest.com\/domartstyl01\/\",\"https:\/\/www.youtube.com\/channel\/UCkISSgvMomI6yFFL3JDbLhw\"]}]}<\/script>\n<!-- \/ Yoast SEO Premium plugin. -->","yoast_head_json":{"title":"Bluvel - DomArtStyl","robots":{"index":"index","follow":"follow","max-snippet":"max-snippet:-1","max-image-preview":"max-image-preview:large","max-video-preview":"max-video-preview:-1"},"canonical":"https:\/\/domartstyl.com\/en\/fabrics\/bluvel\/","og_locale":"en_US","og_type":"article","og_title":"Bluvel","og_description":"Technical Specifications Bluvel 3 Bluvel 6 Bluvel 10 Bluvel 13 Bluvel 14 Bluvel 18 Bluvel 19 Bluvel 22 Bluvel 28 [&hellip;]","og_url":"https:\/\/domartstyl.com\/en\/fabrics\/bluvel\/","og_site_name":"DomArtStyl","article_publisher":"https:\/\/www.facebook.com\/DomArtStyl\/","article_modified_time":"2024-01-15T13:35:04+00:00","og_image":[{"url":"https:\/\/domartstyl.com\/wp-content\/uploads\/tkaniny\/sm\/Bluvel\/BLUVEL_03.jpg","type":"","width":"","height":""}],"twitter_card":"summary_large_image","twitter_site":"@DomArtStyl_pl","schema":{"@context":"https:\/\/schema.org","@graph":[{"@type":"WebPage","@id":"https:\/\/domartstyl.com\/en\/fabrics\/bluvel\/","url":"https:\/\/domartstyl.com\/en\/fabrics\/bluvel\/","name":"Bluvel - DomArtStyl","isPartOf":{"@id":"https:\/\/domartstyl.com\/en\/#website"},"primaryImageOfPage":{"@id":"https:\/\/domartstyl.com\/en\/fabrics\/bluvel\/#primaryimage"},"image":{"@id":"https:\/\/domartstyl.com\/en\/fabrics\/bluvel\/#primaryimage"},"thumbnailUrl":"https:\/\/domartstyl.com\/wp-content\/uploads\/tkaniny\/sm\/Bluvel\/BLUVEL_03.jpg","datePublished":"2024-01-15T13:34:53+00:00","dateModified":"2024-01-15T13:35:04+00:00","breadcrumb":{"@id":"https:\/\/domartstyl.com\/en\/fabrics\/bluvel\/#breadcrumb"},"inLanguage":"en-US","potentialAction":[{"@type":"ReadAction","target":["https:\/\/domartstyl.com\/en\/fabrics\/bluvel\/"]}]},{"@type":"ImageObject","inLanguage":"en-US","@id":"https:\/\/domartstyl.com\/en\/fabrics\/bluvel\/#primaryimage","url":"https:\/\/domartstyl.com\/wp-content\/uploads\/tkaniny\/sm\/Bluvel\/BLUVEL_03.jpg","contentUrl":"https:\/\/domartstyl.com\/wp-content\/uploads\/tkaniny\/sm\/Bluvel\/BLUVEL_03.jpg"},{"@type":"BreadcrumbList","@id":"https:\/\/domartstyl.com\/en\/fabrics\/bluvel\/#breadcrumb","itemListElement":[{"@type":"ListItem","position":1,"name":"Strona g\u0142\u00f3wna","item":"https:\/\/domartstyl.com\/en\/"},{"@type":"ListItem","position":2,"name":"Fabrics","item":"https:\/\/domartstyl.com\/en\/fabrics\/"},{"@type":"ListItem","position":3,"name":"Bluvel"}]},{"@type":"WebSite","@id":"https:\/\/domartstyl.com\/en\/#website","url":"https:\/\/domartstyl.com\/en\/","name":"DomArtStyl","description":"Tworzymy meble najwy\u017cszej jako\u015bci. Sprzeda\u017c detaliczna \u00b7 Sprzeda\u017c hurtowa","publisher":{"@id":"https:\/\/domartstyl.com\/en\/#organization"},"potentialAction":[{"@type":"SearchAction","target":{"@type":"EntryPoint","urlTemplate":"https:\/\/domartstyl.com\/en\/?s={search_term_string}"},"query-input":{"@type":"PropertyValueSpecification","valueRequired":true,"valueName":"search_term_string"}}],"inLanguage":"en-US"},{"@type":"Organization","@id":"https:\/\/domartstyl.com\/en\/#organization","name":"DomArtStyl","url":"https:\/\/domartstyl.com\/en\/","logo":{"@type":"ImageObject","inLanguage":"en-US","@id":"https:\/\/domartstyl.com\/en\/#\/schema\/logo\/image\/","url":"https:\/\/domartstyl.com\/wp-content\/uploads\/2018\/04\/Logo_300_width.png","contentUrl":"https:\/\/domartstyl.com\/wp-content\/uploads\/2018\/04\/Logo_300_width.png","width":300,"height":140,"caption":"DomArtStyl"},"image":{"@id":"https:\/\/domartstyl.com\/en\/#\/schema\/logo\/image\/"},"sameAs":["https:\/\/www.facebook.com\/DomArtStyl\/","https:\/\/x.com\/DomArtStyl_pl","https:\/\/www.instagram.com\/domartstyl\/?hl=en","https:\/\/pl.pinterest.com\/domartstyl01\/","https:\/\/www.youtube.com\/channel\/UCkISSgvMomI6yFFL3JDbLhw"]}]}},"_links":{"self":[{"href":"https:\/\/domartstyl.com\/en\/wp-json\/wp\/v2\/pages\/88620","targetHints":{"allow":["GET"]}}],"collection":[{"href":"https:\/\/domartstyl.com\/en\/wp-json\/wp\/v2\/pages"}],"about":[{"href":"https:\/\/domartstyl.com\/en\/wp-json\/wp\/v2\/types\/page"}],"author":[{"embeddable":true,"href":"https:\/\/domartstyl.com\/en\/wp-json\/wp\/v2\/users\/18"}],"replies":[{"embeddable":true,"href":"https:\/\/domartstyl.com\/en\/wp-json\/wp\/v2\/comments?post=88620"}],"version-history":[{"count":0,"href":"https:\/\/domartstyl.com\/en\/wp-json\/wp\/v2\/pages\/88620\/revisions"}],"up":[{"embeddable":true,"href":"https:\/\/domartstyl.com\/en\/wp-json\/wp\/v2\/pages\/3883"}],"wp:attachment":[{"href":"https:\/\/domartstyl.com\/en\/wp-json\/wp\/v2\/media?parent=88620"}],"curies":[{"name":"wp","href":"https:\/\/api.w.org\/{rel}","templated":true}]}}