{"id":85844,"date":"2023-06-21T09:24:54","date_gmt":"2023-06-21T08:24:54","guid":{"rendered":"https:\/\/domartstyl.com\/fabrics\/loris-davis\/"},"modified":"2023-06-21T09:25:01","modified_gmt":"2023-06-21T08:25:02","slug":"loris-davis","status":"publish","type":"page","link":"https:\/\/domartstyl.com\/en\/fabrics\/loris-davis\/","title":{"rendered":"Loris (Davis)"},"content":{"rendered":"<div class=\"text-center mb-3\">\r\n\t<a href=\"\/wp-content\/uploads\/tkaniny\/specyfikacja\/loris.pdf\" class=\"btn btn-primary\" target=\"_blank\" title=\"View Technical Specifications\" rel=\"noopener\">Technical Specifications<\/a>\r\n<\/div>\r\n<div class=\"row row-cols-2 row-cols-sm-3 row-cols-md-4 row-cols-lg-6 g-4 mt-0 mb-5\" id=\"lightgallery\">\r\n\t<div class=\"col text-center\">\r\n\t\t<a href=\"\/wp-content\/uploads\/tkaniny\/Loris\/Loris-1.jpg\" class=\"lightgallery-item\" title=\"Loris 1\">\r\n\t\t\t<img decoding=\"async\" src=\"\/wp-content\/uploads\/tkaniny\/sm\/Loris\/Loris-1.jpg\" loading=\"lazy\" alt=\"Loris 1\"\/>\r\n\t\t<\/a>\r\n\t\t<span class=\"d-block p-3\">Loris 1<\/span>\r\n\t<\/div>\r\n    <div class=\"col text-center\">\r\n\t\t<a href=\"\/wp-content\/uploads\/tkaniny\/Loris\/Loris-5.jpg\" class=\"lightgallery-item\" title=\"Loris 5\">\r\n\t\t\t<img decoding=\"async\" src=\"\/wp-content\/uploads\/tkaniny\/sm\/Loris\/Loris-5.jpg\" loading=\"lazy\" alt=\"Loris 5\"\/>\r\n\t\t<\/a>\r\n\t\t<span class=\"d-block p-3\">Loris 5<\/span>\r\n\t<\/div>\r\n    <div class=\"col text-center\">\r\n\t\t<a href=\"\/wp-content\/uploads\/tkaniny\/Loris\/Loris-8.jpg\" class=\"lightgallery-item\" title=\"Loris 8\">\r\n\t\t\t<img decoding=\"async\" src=\"\/wp-content\/uploads\/tkaniny\/sm\/Loris\/Loris-8.jpg\" loading=\"lazy\" alt=\"Loris 8\"\/>\r\n\t\t<\/a>\r\n\t\t<span class=\"d-block p-3\">Loris 8<\/span>\r\n\t<\/div>\r\n    <div class=\"col text-center\">\r\n\t\t<a href=\"\/wp-content\/uploads\/tkaniny\/Loris\/Loris-9.jpg\" class=\"lightgallery-item\" title=\"Loris 9\">\r\n\t\t\t<img decoding=\"async\" src=\"\/wp-content\/uploads\/tkaniny\/sm\/Loris\/Loris-9.jpg\" loading=\"lazy\" alt=\"Loris 9\"\/>\r\n\t\t<\/a>\r\n\t\t<span class=\"d-block p-3\">Loris 9<\/span>\r\n\t<\/div>\r\n    <div class=\"col text-center\">\r\n\t\t<a href=\"\/wp-content\/uploads\/tkaniny\/Loris\/Loris-14.jpg\" class=\"lightgallery-item\" title=\"Loris 14\">\r\n\t\t\t<img decoding=\"async\" src=\"\/wp-content\/uploads\/tkaniny\/sm\/Loris\/Loris-14.jpg\" loading=\"lazy\" alt=\"Loris 14\"\/>\r\n\t\t<\/a>\r\n\t\t<span class=\"d-block p-3\">Loris 14<\/span>\r\n\t<\/div>\r\n    <div class=\"col text-center\">\r\n\t\t<a href=\"\/wp-content\/uploads\/tkaniny\/Loris\/Loris-16.jpg\" class=\"lightgallery-item\" title=\"Loris 16\">\r\n\t\t\t<img decoding=\"async\" src=\"\/wp-content\/uploads\/tkaniny\/sm\/Loris\/Loris-16.jpg\" loading=\"lazy\" alt=\"Loris 16\"\/>\r\n\t\t<\/a>\r\n\t\t<span class=\"d-block p-3\">Loris 16<\/span>\r\n\t<\/div>\r\n    <div class=\"col text-center\">\r\n\t\t<a href=\"\/wp-content\/uploads\/tkaniny\/Loris\/Loris-20.jpg\" class=\"lightgallery-item\" title=\"Loris 20\">\r\n\t\t\t<img decoding=\"async\" src=\"\/wp-content\/uploads\/tkaniny\/sm\/Loris\/Loris-20.jpg\" loading=\"lazy\" alt=\"Loris 20\"\/>\r\n\t\t<\/a>\r\n\t\t<span class=\"d-block p-3\">Loris 20<\/span>\r\n\t<\/div>\r\n    <div class=\"col text-center\">\r\n\t\t<a href=\"\/wp-content\/uploads\/tkaniny\/Loris\/Loris-37.jpg\" class=\"lightgallery-item\" title=\"Loris 37\">\r\n\t\t\t<img decoding=\"async\" src=\"\/wp-content\/uploads\/tkaniny\/sm\/Loris\/Loris-37.jpg\" loading=\"lazy\" alt=\"Loris 37\"\/>\r\n\t\t<\/a>\r\n\t\t<span class=\"d-block p-3\">Loris 37<\/span>\r\n\t<\/div>\r\n    <div class=\"col text-center\">\r\n\t\t<a href=\"\/wp-content\/uploads\/tkaniny\/Loris\/Loris-38.jpg\" class=\"lightgallery-item\" title=\"Loris 38\">\r\n\t\t\t<img decoding=\"async\" src=\"\/wp-content\/uploads\/tkaniny\/sm\/Loris\/Loris-38.jpg\" loading=\"lazy\" alt=\"Loris 38\"\/>\r\n\t\t<\/a>\r\n\t\t<span class=\"d-block p-3\">Loris 38<\/span>\r\n\t<\/div>\r\n    <div class=\"col text-center\">\r\n\t\t<a href=\"\/wp-content\/uploads\/tkaniny\/Loris\/Loris-39.jpg\" class=\"lightgallery-item\" title=\"Loris 39\">\r\n\t\t\t<img decoding=\"async\" src=\"\/wp-content\/uploads\/tkaniny\/sm\/Loris\/Loris-39.jpg\" loading=\"lazy\" alt=\"Loris 39\"\/>\r\n\t\t<\/a>\r\n\t\t<span class=\"d-block p-3\">Loris 39<\/span>\r\n\t<\/div>\r\n    <div class=\"col text-center\">\r\n\t\t<a href=\"\/wp-content\/uploads\/tkaniny\/Loris\/Loris-63.jpg\" class=\"lightgallery-item\" title=\"Loris 63\">\r\n\t\t\t<img decoding=\"async\" src=\"\/wp-content\/uploads\/tkaniny\/sm\/Loris\/Loris-63.jpg\" loading=\"lazy\" alt=\"Loris 63\"\/>\r\n\t\t<\/a>\r\n\t\t<span class=\"d-block p-3\">Loris 63<\/span>\r\n\t<\/div>\r\n    <div class=\"col text-center\">\r\n\t\t<a href=\"\/wp-content\/uploads\/tkaniny\/Loris\/Loris-70.jpg\" class=\"lightgallery-item\" title=\"Loris 70\">\r\n\t\t\t<img decoding=\"async\" src=\"\/wp-content\/uploads\/tkaniny\/sm\/Loris\/Loris-70.jpg\" loading=\"lazy\" alt=\"Loris 70\"\/>\r\n\t\t<\/a>\r\n\t\t<span class=\"d-block p-3\">Loris 70<\/span>\r\n\t<\/div>\r\n    <div class=\"col text-center\">\r\n\t\t<a href=\"\/wp-content\/uploads\/tkaniny\/Loris\/Loris-74.jpg\" class=\"lightgallery-item\" title=\"Loris 74\">\r\n\t\t\t<img decoding=\"async\" src=\"\/wp-content\/uploads\/tkaniny\/sm\/Loris\/Loris-74.jpg\" loading=\"lazy\" alt=\"Loris 74\"\/>\r\n\t\t<\/a>\r\n\t\t<span class=\"d-block p-3\">Loris 74<\/span>\r\n\t<\/div>\r\n    <div class=\"col text-center\">\r\n\t\t<a href=\"\/wp-content\/uploads\/tkaniny\/Loris\/Loris-75.jpg\" class=\"lightgallery-item\" title=\"Loris 75\">\r\n\t\t\t<img decoding=\"async\" src=\"\/wp-content\/uploads\/tkaniny\/sm\/Loris\/Loris-75.jpg\" loading=\"lazy\" alt=\"Loris 75\"\/>\r\n\t\t<\/a>\r\n\t\t<span class=\"d-block p-3\">Loris 75<\/span>\r\n\t<\/div>\r\n    <div class=\"col text-center\">\r\n\t\t<a href=\"\/wp-content\/uploads\/tkaniny\/Loris\/Loris-79.jpg\" class=\"lightgallery-item\" title=\"Loris 79\">\r\n\t\t\t<img decoding=\"async\" src=\"\/wp-content\/uploads\/tkaniny\/sm\/Loris\/Loris-79.jpg\" loading=\"lazy\" alt=\"Loris 79\"\/>\r\n\t\t<\/a>\r\n\t\t<span class=\"d-block p-3\">Loris 79<\/span>\r\n\t<\/div>\r\n    <div class=\"col text-center\">\r\n\t\t<a href=\"\/wp-content\/uploads\/tkaniny\/Loris\/Loris-80.jpg\" class=\"lightgallery-item\" title=\"Loris 80\">\r\n\t\t\t<img decoding=\"async\" src=\"\/wp-content\/uploads\/tkaniny\/sm\/Loris\/Loris-80.jpg\" loading=\"lazy\" alt=\"Loris 80\"\/>\r\n\t\t<\/a>\r\n\t\t<span class=\"d-block p-3\">Loris 80<\/span>\r\n\t<\/div>\r\n    <div class=\"col text-center\">\r\n\t\t<a href=\"\/wp-content\/uploads\/tkaniny\/Loris\/Loris-90.jpg\" class=\"lightgallery-item\" title=\"Loris 90\">\r\n\t\t\t<img decoding=\"async\" src=\"\/wp-content\/uploads\/tkaniny\/sm\/Loris\/Loris-90.jpg\" loading=\"lazy\" alt=\"Loris 90\"\/>\r\n\t\t<\/a>\r\n\t\t<span class=\"d-block p-3\">Loris 90<\/span>\r\n\t<\/div>\r\n    <div class=\"col text-center\">\r\n\t\t<a href=\"\/wp-content\/uploads\/tkaniny\/Loris\/Loris-97.jpg\" class=\"lightgallery-item\" title=\"Loris 97\">\r\n\t\t\t<img decoding=\"async\" src=\"\/wp-content\/uploads\/tkaniny\/sm\/Loris\/Loris-97.jpg\" loading=\"lazy\" alt=\"Loris 97\"\/>\r\n\t\t<\/a>\r\n\t\t<span class=\"d-block p-3\">Loris 97<\/span>\r\n\t<\/div>\r\n<\/div>","protected":false},"excerpt":{"rendered":"<p>Technical Specifications Loris 1 Loris 5 Loris 8 Loris 9 Loris 14 Loris 16 Loris 20 Loris 37 Loris 38 [&hellip;]<\/p>\n","protected":false},"author":18,"featured_media":0,"parent":3883,"menu_order":0,"comment_status":"closed","ping_status":"closed","template":"page-gallery.php","meta":{"footnotes":""},"class_list":["post-85844","page","type-page","status-publish","hentry"],"yoast_head":"<!-- This site is optimized with the Yoast SEO Premium plugin v25.0 (Yoast SEO v25.0) - https:\/\/yoast.com\/wordpress\/plugins\/seo\/ -->\n<title>Loris (Davis) - DomArtStyl<\/title>\n<meta name=\"robots\" content=\"index, follow, max-snippet:-1, max-image-preview:large, max-video-preview:-1\" \/>\n<link rel=\"canonical\" href=\"https:\/\/domartstyl.com\/en\/fabrics\/loris-davis\/\" \/>\n<meta property=\"og:locale\" content=\"en_US\" \/>\n<meta property=\"og:type\" content=\"article\" \/>\n<meta property=\"og:title\" content=\"Loris (Davis)\" \/>\n<meta property=\"og:description\" content=\"Technical Specifications Loris 1 Loris 5 Loris 8 Loris 9 Loris 14 Loris 16 Loris 20 Loris 37 Loris 38 [&hellip;]\" \/>\n<meta property=\"og:url\" content=\"https:\/\/domartstyl.com\/en\/fabrics\/loris-davis\/\" \/>\n<meta property=\"og:site_name\" content=\"DomArtStyl\" \/>\n<meta property=\"article:publisher\" content=\"https:\/\/www.facebook.com\/DomArtStyl\/\" \/>\n<meta property=\"article:modified_time\" content=\"2023-06-21T08:25:02+00:00\" \/>\n<meta property=\"og:image\" content=\"https:\/\/domartstyl.com\/wp-content\/uploads\/2021\/06\/logo_meta_og.jpg\" \/>\n\t<meta property=\"og:image:width\" content=\"800\" \/>\n\t<meta property=\"og:image:height\" content=\"800\" \/>\n\t<meta property=\"og:image:type\" content=\"image\/jpeg\" \/>\n<meta name=\"twitter:card\" content=\"summary_large_image\" \/>\n<meta name=\"twitter:site\" content=\"@DomArtStyl_pl\" \/>\n<script type=\"application\/ld+json\" class=\"yoast-schema-graph\">{\"@context\":\"https:\/\/schema.org\",\"@graph\":[{\"@type\":\"WebPage\",\"@id\":\"https:\/\/domartstyl.com\/en\/fabrics\/loris-davis\/\",\"url\":\"https:\/\/domartstyl.com\/en\/fabrics\/loris-davis\/\",\"name\":\"Loris (Davis) - DomArtStyl\",\"isPartOf\":{\"@id\":\"https:\/\/domartstyl.com\/en\/#website\"},\"datePublished\":\"2023-06-21T08:24:54+00:00\",\"dateModified\":\"2023-06-21T08:25:02+00:00\",\"breadcrumb\":{\"@id\":\"https:\/\/domartstyl.com\/en\/fabrics\/loris-davis\/#breadcrumb\"},\"inLanguage\":\"en-US\",\"potentialAction\":[{\"@type\":\"ReadAction\",\"target\":[\"https:\/\/domartstyl.com\/en\/fabrics\/loris-davis\/\"]}]},{\"@type\":\"BreadcrumbList\",\"@id\":\"https:\/\/domartstyl.com\/en\/fabrics\/loris-davis\/#breadcrumb\",\"itemListElement\":[{\"@type\":\"ListItem\",\"position\":1,\"name\":\"Strona g\u0142\u00f3wna\",\"item\":\"https:\/\/domartstyl.com\/en\/\"},{\"@type\":\"ListItem\",\"position\":2,\"name\":\"Fabrics\",\"item\":\"https:\/\/domartstyl.com\/en\/fabrics\/\"},{\"@type\":\"ListItem\",\"position\":3,\"name\":\"Loris (Davis)\"}]},{\"@type\":\"WebSite\",\"@id\":\"https:\/\/domartstyl.com\/en\/#website\",\"url\":\"https:\/\/domartstyl.com\/en\/\",\"name\":\"DomArtStyl\",\"description\":\"Tworzymy meble najwy\u017cszej jako\u015bci. Sprzeda\u017c detaliczna \u00b7 Sprzeda\u017c hurtowa\",\"publisher\":{\"@id\":\"https:\/\/domartstyl.com\/en\/#organization\"},\"potentialAction\":[{\"@type\":\"SearchAction\",\"target\":{\"@type\":\"EntryPoint\",\"urlTemplate\":\"https:\/\/domartstyl.com\/en\/?s={search_term_string}\"},\"query-input\":{\"@type\":\"PropertyValueSpecification\",\"valueRequired\":true,\"valueName\":\"search_term_string\"}}],\"inLanguage\":\"en-US\"},{\"@type\":\"Organization\",\"@id\":\"https:\/\/domartstyl.com\/en\/#organization\",\"name\":\"DomArtStyl\",\"url\":\"https:\/\/domartstyl.com\/en\/\",\"logo\":{\"@type\":\"ImageObject\",\"inLanguage\":\"en-US\",\"@id\":\"https:\/\/domartstyl.com\/en\/#\/schema\/logo\/image\/\",\"url\":\"https:\/\/domartstyl.com\/wp-content\/uploads\/2018\/04\/Logo_300_width.png\",\"contentUrl\":\"https:\/\/domartstyl.com\/wp-content\/uploads\/2018\/04\/Logo_300_width.png\",\"width\":300,\"height\":140,\"caption\":\"DomArtStyl\"},\"image\":{\"@id\":\"https:\/\/domartstyl.com\/en\/#\/schema\/logo\/image\/\"},\"sameAs\":[\"https:\/\/www.facebook.com\/DomArtStyl\/\",\"https:\/\/x.com\/DomArtStyl_pl\",\"https:\/\/www.instagram.com\/domartstyl\/?hl=en\",\"https:\/\/pl.pinterest.com\/domartstyl01\/\",\"https:\/\/www.youtube.com\/channel\/UCkISSgvMomI6yFFL3JDbLhw\"]}]}<\/script>\n<!-- \/ Yoast SEO Premium plugin. -->","yoast_head_json":{"title":"Loris (Davis) - DomArtStyl","robots":{"index":"index","follow":"follow","max-snippet":"max-snippet:-1","max-image-preview":"max-image-preview:large","max-video-preview":"max-video-preview:-1"},"canonical":"https:\/\/domartstyl.com\/en\/fabrics\/loris-davis\/","og_locale":"en_US","og_type":"article","og_title":"Loris (Davis)","og_description":"Technical Specifications Loris 1 Loris 5 Loris 8 Loris 9 Loris 14 Loris 16 Loris 20 Loris 37 Loris 38 [&hellip;]","og_url":"https:\/\/domartstyl.com\/en\/fabrics\/loris-davis\/","og_site_name":"DomArtStyl","article_publisher":"https:\/\/www.facebook.com\/DomArtStyl\/","article_modified_time":"2023-06-21T08:25:02+00:00","og_image":[{"width":800,"height":800,"url":"https:\/\/domartstyl.com\/wp-content\/uploads\/2021\/06\/logo_meta_og.jpg","type":"image\/jpeg"}],"twitter_card":"summary_large_image","twitter_site":"@DomArtStyl_pl","schema":{"@context":"https:\/\/schema.org","@graph":[{"@type":"WebPage","@id":"https:\/\/domartstyl.com\/en\/fabrics\/loris-davis\/","url":"https:\/\/domartstyl.com\/en\/fabrics\/loris-davis\/","name":"Loris (Davis) - DomArtStyl","isPartOf":{"@id":"https:\/\/domartstyl.com\/en\/#website"},"datePublished":"2023-06-21T08:24:54+00:00","dateModified":"2023-06-21T08:25:02+00:00","breadcrumb":{"@id":"https:\/\/domartstyl.com\/en\/fabrics\/loris-davis\/#breadcrumb"},"inLanguage":"en-US","potentialAction":[{"@type":"ReadAction","target":["https:\/\/domartstyl.com\/en\/fabrics\/loris-davis\/"]}]},{"@type":"BreadcrumbList","@id":"https:\/\/domartstyl.com\/en\/fabrics\/loris-davis\/#breadcrumb","itemListElement":[{"@type":"ListItem","position":1,"name":"Strona g\u0142\u00f3wna","item":"https:\/\/domartstyl.com\/en\/"},{"@type":"ListItem","position":2,"name":"Fabrics","item":"https:\/\/domartstyl.com\/en\/fabrics\/"},{"@type":"ListItem","position":3,"name":"Loris (Davis)"}]},{"@type":"WebSite","@id":"https:\/\/domartstyl.com\/en\/#website","url":"https:\/\/domartstyl.com\/en\/","name":"DomArtStyl","description":"Tworzymy meble najwy\u017cszej jako\u015bci. Sprzeda\u017c detaliczna \u00b7 Sprzeda\u017c hurtowa","publisher":{"@id":"https:\/\/domartstyl.com\/en\/#organization"},"potentialAction":[{"@type":"SearchAction","target":{"@type":"EntryPoint","urlTemplate":"https:\/\/domartstyl.com\/en\/?s={search_term_string}"},"query-input":{"@type":"PropertyValueSpecification","valueRequired":true,"valueName":"search_term_string"}}],"inLanguage":"en-US"},{"@type":"Organization","@id":"https:\/\/domartstyl.com\/en\/#organization","name":"DomArtStyl","url":"https:\/\/domartstyl.com\/en\/","logo":{"@type":"ImageObject","inLanguage":"en-US","@id":"https:\/\/domartstyl.com\/en\/#\/schema\/logo\/image\/","url":"https:\/\/domartstyl.com\/wp-content\/uploads\/2018\/04\/Logo_300_width.png","contentUrl":"https:\/\/domartstyl.com\/wp-content\/uploads\/2018\/04\/Logo_300_width.png","width":300,"height":140,"caption":"DomArtStyl"},"image":{"@id":"https:\/\/domartstyl.com\/en\/#\/schema\/logo\/image\/"},"sameAs":["https:\/\/www.facebook.com\/DomArtStyl\/","https:\/\/x.com\/DomArtStyl_pl","https:\/\/www.instagram.com\/domartstyl\/?hl=en","https:\/\/pl.pinterest.com\/domartstyl01\/","https:\/\/www.youtube.com\/channel\/UCkISSgvMomI6yFFL3JDbLhw"]}]}},"_links":{"self":[{"href":"https:\/\/domartstyl.com\/en\/wp-json\/wp\/v2\/pages\/85844","targetHints":{"allow":["GET"]}}],"collection":[{"href":"https:\/\/domartstyl.com\/en\/wp-json\/wp\/v2\/pages"}],"about":[{"href":"https:\/\/domartstyl.com\/en\/wp-json\/wp\/v2\/types\/page"}],"author":[{"embeddable":true,"href":"https:\/\/domartstyl.com\/en\/wp-json\/wp\/v2\/users\/18"}],"replies":[{"embeddable":true,"href":"https:\/\/domartstyl.com\/en\/wp-json\/wp\/v2\/comments?post=85844"}],"version-history":[{"count":0,"href":"https:\/\/domartstyl.com\/en\/wp-json\/wp\/v2\/pages\/85844\/revisions"}],"up":[{"embeddable":true,"href":"https:\/\/domartstyl.com\/en\/wp-json\/wp\/v2\/pages\/3883"}],"wp:attachment":[{"href":"https:\/\/domartstyl.com\/en\/wp-json\/wp\/v2\/media?parent=85844"}],"curies":[{"name":"wp","href":"https:\/\/api.w.org\/{rel}","templated":true}]}}