{"id":85837,"date":"2023-06-21T09:08:13","date_gmt":"2023-06-21T08:08:13","guid":{"rendered":"https:\/\/domartstyl.com\/fabrics\/lars-davis\/"},"modified":"2023-06-21T10:24:07","modified_gmt":"2023-06-21T09:24:07","slug":"lars-davis","status":"publish","type":"page","link":"https:\/\/domartstyl.com\/en\/fabrics\/lars-davis\/","title":{"rendered":"Lars (Davis)"},"content":{"rendered":"<div class=\"text-center mb-3\">\n\t<a href=\"\/wp-content\/uploads\/tkaniny\/specyfikacja\/lars.pdf\" class=\"btn btn-primary\" target=\"_blank\" title=\"View Technical Specifications\" rel=\"noopener\">Technical Specifications<\/a>\n<\/div>\n<div class=\"row row-cols-2 row-cols-sm-3 row-cols-md-4 row-cols-lg-6 g-4 mt-0 mb-5\" id=\"lightgallery\">\n\t<div class=\"col text-center\">\n\t\t<a href=\"\/wp-content\/uploads\/tkaniny\/Lars\/Lars-7.jpg\" class=\"lightgallery-item\" title=\"Lars 7\">\n\t\t\t<img decoding=\"async\" src=\"\/wp-content\/uploads\/tkaniny\/sm\/Lars\/Lars-7.jpg\" loading=\"lazy\" alt=\"Lars 7\">\n\t\t<\/a>\n\t\t<span class=\"d-block p-3\">Lars 7<\/span>\n\t<\/div>\n\t<div class=\"col text-center\">\n\t\t<a href=\"\/wp-content\/uploads\/tkaniny\/Lars\/Lars-27.jpg\" class=\"lightgallery-item\" title=\"Lars 27\">\n\t\t\t<img decoding=\"async\" src=\"\/wp-content\/uploads\/tkaniny\/sm\/Lars\/Lars-27.jpg\" loading=\"lazy\" alt=\"Lars 27\">\n\t\t<\/a>\n\t\t<span class=\"d-block p-3\">Lars 27<\/span>\n\t<\/div>\n\t<div class=\"col text-center\">\n\t\t<a href=\"\/wp-content\/uploads\/tkaniny\/Lars\/Lars-35.jpg\" class=\"lightgallery-item\" title=\"Lars 35\">\n\t\t\t<img decoding=\"async\" src=\"\/wp-content\/uploads\/tkaniny\/sm\/Lars\/Lars-35.jpg\" loading=\"lazy\" alt=\"Lars 35\">\n\t\t<\/a>\n\t\t<span class=\"d-block p-3\">Lars 35<\/span>\n\t<\/div>\n\t<div class=\"col text-center\">\n\t\t<a href=\"\/wp-content\/uploads\/tkaniny\/Lars\/Lars-45.jpg\" class=\"lightgallery-item\" title=\"Lars 45\">\n\t\t\t<img decoding=\"async\" src=\"\/wp-content\/uploads\/tkaniny\/sm\/Lars\/Lars-45.jpg\" loading=\"lazy\" alt=\"Lars 45\">\n\t\t<\/a>\n\t\t<span class=\"d-block p-3\">Lars 45<\/span>\n\t<\/div>\n\t<div class=\"col text-center\">\n\t\t<a href=\"\/wp-content\/uploads\/tkaniny\/Lars\/Lars-59.jpg\" class=\"lightgallery-item\" title=\"Lars 59\">\n\t\t\t<img decoding=\"async\" src=\"\/wp-content\/uploads\/tkaniny\/sm\/Lars\/Lars-59.jpg\" loading=\"lazy\" alt=\"Lars 59\">\n\t\t<\/a>\n\t\t<span class=\"d-block p-3\">Lars 59<\/span>\n\t<\/div>\n\t<div class=\"col text-center\">\n\t\t<a href=\"\/wp-content\/uploads\/tkaniny\/Lars\/Lars-62.jpg\" class=\"lightgallery-item\" title=\"Lars 62\">\n\t\t\t<img decoding=\"async\" src=\"\/wp-content\/uploads\/tkaniny\/sm\/Lars\/Lars-62.jpg\" loading=\"lazy\" alt=\"Lars 62\">\n\t\t<\/a>\n\t\t<span class=\"d-block p-3\">Lars 62<\/span>\n\t<\/div>\n\t<div class=\"col text-center\">\n\t\t<a href=\"\/wp-content\/uploads\/tkaniny\/Lars\/Lars-68.jpg\" class=\"lightgallery-item\" title=\"Lars 68\">\n\t\t\t<img decoding=\"async\" src=\"\/wp-content\/uploads\/tkaniny\/sm\/Lars\/Lars-68.jpg\" loading=\"lazy\" alt=\"Lars 68\">\n\t\t<\/a>\n\t\t<span class=\"d-block p-3\">Lars 68<\/span>\n\t<\/div>\n\t<div class=\"col text-center\">\n\t\t<a href=\"\/wp-content\/uploads\/tkaniny\/Lars\/Lars-73.jpg\" class=\"lightgallery-item\" title=\"Lars 73\">\n\t\t\t<img decoding=\"async\" src=\"\/wp-content\/uploads\/tkaniny\/sm\/Lars\/Lars-73.jpg\" loading=\"lazy\" alt=\"Lars 73\">\n\t\t<\/a>\n\t\t<span class=\"d-block p-3\">Lars 73<\/span>\n\t<\/div>\n\t<div class=\"col text-center\">\n\t\t<a href=\"\/wp-content\/uploads\/tkaniny\/Lars\/Lars-74.jpg\" class=\"lightgallery-item\" title=\"Lars 74\">\n\t\t\t<img decoding=\"async\" src=\"\/wp-content\/uploads\/tkaniny\/sm\/Lars\/Lars-74.jpg\" loading=\"lazy\" alt=\"Lars 74\">\n\t\t<\/a>\n\t\t<span class=\"d-block p-3\">Lars 74<\/span>\n\t<\/div>\n\t<div class=\"col text-center\">\n\t\t<a href=\"\/wp-content\/uploads\/tkaniny\/Lars\/Lars-75.jpg\" class=\"lightgallery-item\" title=\"Lars 75\">\n\t\t\t<img decoding=\"async\" src=\"\/wp-content\/uploads\/tkaniny\/sm\/Lars\/Lars-75.jpg\" loading=\"lazy\" alt=\"Lars 75\">\n\t\t<\/a>\n\t\t<span class=\"d-block p-3\">Lars 75<\/span>\n\t<\/div>\n\t<div class=\"col text-center\">\n\t\t<a href=\"\/wp-content\/uploads\/tkaniny\/Lars\/Lars-76.jpg\" class=\"lightgallery-item\" title=\"Lars 76\">\n\t\t\t<img decoding=\"async\" src=\"\/wp-content\/uploads\/tkaniny\/sm\/Lars\/Lars-76.jpg\" loading=\"lazy\" alt=\"Lars 76\">\n\t\t<\/a>\n\t\t<span class=\"d-block p-3\">Lars 76<\/span>\n\t<\/div>\n\t<div class=\"col text-center\">\n\t\t<a href=\"\/wp-content\/uploads\/tkaniny\/Lars\/Lars-77.jpg\" class=\"lightgallery-item\" title=\"Lars 77\">\n\t\t\t<img decoding=\"async\" src=\"\/wp-content\/uploads\/tkaniny\/sm\/Lars\/Lars-77.jpg\" loading=\"lazy\" alt=\"Lars 77\">\n\t\t<\/a>\n\t\t<span class=\"d-block p-3\">Lars 77<\/span>\n\t<\/div>\n\t<div class=\"col text-center\">\n\t\t<a href=\"\/wp-content\/uploads\/tkaniny\/Lars\/Lars-79.jpg\" class=\"lightgallery-item\" title=\"Lars 79\">\n\t\t\t<img decoding=\"async\" src=\"\/wp-content\/uploads\/tkaniny\/sm\/Lars\/Lars-79.jpg\" loading=\"lazy\" alt=\"Lars 79\">\n\t\t<\/a>\n\t\t<span class=\"d-block p-3\">Lars 79<\/span>\n\t<\/div>\n\t<div class=\"col text-center\">\n\t\t<a href=\"\/wp-content\/uploads\/tkaniny\/Lars\/Lars-81.jpg\" class=\"lightgallery-item\" title=\"Lars 81\">\n\t\t\t<img decoding=\"async\" src=\"\/wp-content\/uploads\/tkaniny\/sm\/Lars\/Lars-81.jpg\" loading=\"lazy\" alt=\"Lars 81\">\n\t\t<\/a>\n\t\t<span class=\"d-block p-3\">Lars 81<\/span>\n\t<\/div>\n\t<div class=\"col text-center\">\n\t\t<a href=\"\/wp-content\/uploads\/tkaniny\/Lars\/Lars-82.jpg\" class=\"lightgallery-item\" title=\"Lars 82\">\n\t\t\t<img decoding=\"async\" src=\"\/wp-content\/uploads\/tkaniny\/sm\/Lars\/Lars-82.jpg\" loading=\"lazy\" alt=\"Lars 82\">\n\t\t<\/a>\n\t\t<span class=\"d-block p-3\">Lars 82<\/span>\n\t<\/div>\n\t<div class=\"col text-center\">\n\t\t<a href=\"\/wp-content\/uploads\/tkaniny\/Lars\/Lars-87.jpg\" class=\"lightgallery-item\" title=\"Lars 87\">\n\t\t\t<img decoding=\"async\" src=\"\/wp-content\/uploads\/tkaniny\/sm\/Lars\/Lars-87.jpg\" loading=\"lazy\" alt=\"Lars 87\">\n\t\t<\/a>\n\t\t<span class=\"d-block p-3\">Lars 87<\/span>\n\t<\/div>\n\t<div class=\"col text-center\">\n\t\t<a href=\"\/wp-content\/uploads\/tkaniny\/Lars\/Lars-88.jpg\" class=\"lightgallery-item\" title=\"Lars 88\">\n\t\t\t<img decoding=\"async\" src=\"\/wp-content\/uploads\/tkaniny\/sm\/Lars\/Lars-88.jpg\" loading=\"lazy\" alt=\"Lars 88\">\n\t\t<\/a>\n\t\t<span class=\"d-block p-3\">Lars 88<\/span>\n\t<\/div>\n\t<div class=\"col text-center\">\n\t\t<a href=\"\/wp-content\/uploads\/tkaniny\/Lars\/Lars-89.jpg\" class=\"lightgallery-item\" title=\"Lars 89\">\n\t\t\t<img decoding=\"async\" src=\"\/wp-content\/uploads\/tkaniny\/sm\/Lars\/Lars-89.jpg\" loading=\"lazy\" alt=\"Lars 89\">\n\t\t<\/a>\n\t\t<span class=\"d-block p-3\">Lars 89<\/span>\n\t<\/div>\n\t<div class=\"col text-center\">\n\t\t<a href=\"\/wp-content\/uploads\/tkaniny\/Lars\/Lars-90.jpg\" class=\"lightgallery-item\" title=\"Lars 90\">\n\t\t\t<img decoding=\"async\" src=\"\/wp-content\/uploads\/tkaniny\/sm\/Lars\/Lars-90.jpg\" loading=\"lazy\" alt=\"Lars 90\">\n\t\t<\/a>\n\t\t<span class=\"d-block p-3\">Lars 90<\/span>\n\t<\/div>\n\t<div class=\"col text-center\">\n\t\t<a href=\"\/wp-content\/uploads\/tkaniny\/Lars\/Lars-92.jpg\" class=\"lightgallery-item\" title=\"Lars 92\">\n\t\t\t<img decoding=\"async\" src=\"\/wp-content\/uploads\/tkaniny\/sm\/Lars\/Lars-92.jpg\" loading=\"lazy\" alt=\"Lars 92\">\n\t\t<\/a>\n\t\t<span class=\"d-block p-3\">Lars 92<\/span>\n\t<\/div>\n\t<div class=\"col text-center\">\n\t\t<a href=\"\/wp-content\/uploads\/tkaniny\/Lars\/Lars-93.jpg\" class=\"lightgallery-item\" title=\"Lars 93\">\n\t\t\t<img decoding=\"async\" src=\"\/wp-content\/uploads\/tkaniny\/sm\/Lars\/Lars-93.jpg\" loading=\"lazy\" alt=\"Lars 93\">\n\t\t<\/a>\n\t\t<span class=\"d-block p-3\">Lars 93<\/span>\n\t<\/div>\n\t<div class=\"col text-center\">\n\t\t<a href=\"\/wp-content\/uploads\/tkaniny\/Lars\/Lars-96.jpg\" class=\"lightgallery-item\" title=\"Lars 96\">\n\t\t\t<img decoding=\"async\" src=\"\/wp-content\/uploads\/tkaniny\/sm\/Lars\/Lars-96.jpg\" loading=\"lazy\" alt=\"Lars 96\">\n\t\t<\/a>\n\t\t<span class=\"d-block p-3\">Lars 96<\/span>\n\t<\/div>\n\t<div class=\"col text-center\">\n\t\t<a href=\"\/wp-content\/uploads\/tkaniny\/Lars\/Lars-97.jpg\" class=\"lightgallery-item\" title=\"Lars 97\">\n\t\t\t<img decoding=\"async\" src=\"\/wp-content\/uploads\/tkaniny\/sm\/Lars\/Lars-97.jpg\" loading=\"lazy\" alt=\"Lars 97\">\n\t\t<\/a>\n\t\t<span class=\"d-block p-3\">Lars 97<\/span>\n\t<\/div>\n\t<div class=\"col text-center\">\n\t\t<a href=\"\/wp-content\/uploads\/tkaniny\/Lars\/Lars-98.jpg\" class=\"lightgallery-item\" title=\"Lars 98\">\n\t\t\t<img decoding=\"async\" src=\"\/wp-content\/uploads\/tkaniny\/sm\/Lars\/Lars-98.jpg\" loading=\"lazy\" alt=\"Lars 98\">\n\t\t<\/a>\n\t\t<span class=\"d-block p-3\">Lars 98<\/span>\n\t<\/div>\n\t<div class=\"col text-center\">\n\t\t<a href=\"\/wp-content\/uploads\/tkaniny\/Lars\/Lars-99.jpg\" class=\"lightgallery-item\" title=\"Lars 99\">\n\t\t\t<img decoding=\"async\" src=\"\/wp-content\/uploads\/tkaniny\/sm\/Lars\/Lars-99.jpg\" loading=\"lazy\" alt=\"Lars 99\">\n\t\t<\/a>\n\t\t<span class=\"d-block p-3\">Lars 99<\/span>\n\t<\/div>\n\t<div class=\"col text-center\">\n\t\t<a href=\"\/wp-content\/uploads\/tkaniny\/Lars\/Lars-100.jpg\" class=\"lightgallery-item\" title=\"Lars 100\">\n\t\t\t<img decoding=\"async\" src=\"\/wp-content\/uploads\/tkaniny\/sm\/Lars\/Lars-100.jpg\" loading=\"lazy\" alt=\"Lars 100\">\n\t\t<\/a>\n\t\t<span class=\"d-block p-3\">Lars 100<\/span>\n\t<\/div>\n<\/div>","protected":false},"excerpt":{"rendered":"<p>Technical Specifications Lars 7 Lars 27 Lars 35 Lars 45 Lars 59 Lars 62 Lars 68 Lars 73 Lars 74 [&hellip;]<\/p>\n","protected":false},"author":41,"featured_media":0,"parent":3883,"menu_order":0,"comment_status":"closed","ping_status":"closed","template":"page-gallery.php","meta":{"footnotes":""},"class_list":["post-85837","page","type-page","status-publish","hentry"],"yoast_head":"<!-- This site is optimized with the Yoast SEO Premium plugin v25.0 (Yoast SEO v25.0) - https:\/\/yoast.com\/wordpress\/plugins\/seo\/ -->\n<title>Lars (Davis) - DomArtStyl<\/title>\n<meta name=\"robots\" content=\"index, follow, max-snippet:-1, max-image-preview:large, max-video-preview:-1\" \/>\n<link rel=\"canonical\" href=\"https:\/\/domartstyl.com\/en\/fabrics\/lars-davis\/\" \/>\n<meta property=\"og:locale\" content=\"en_US\" \/>\n<meta property=\"og:type\" content=\"article\" \/>\n<meta property=\"og:title\" content=\"Lars (Davis)\" \/>\n<meta property=\"og:description\" content=\"Technical Specifications Lars 7 Lars 27 Lars 35 Lars 45 Lars 59 Lars 62 Lars 68 Lars 73 Lars 74 [&hellip;]\" \/>\n<meta property=\"og:url\" content=\"https:\/\/domartstyl.com\/en\/fabrics\/lars-davis\/\" \/>\n<meta property=\"og:site_name\" content=\"DomArtStyl\" \/>\n<meta property=\"article:publisher\" content=\"https:\/\/www.facebook.com\/DomArtStyl\/\" \/>\n<meta property=\"article:modified_time\" content=\"2023-06-21T09:24:07+00:00\" \/>\n<meta property=\"og:image\" content=\"https:\/\/domartstyl.com\/wp-content\/uploads\/2021\/06\/logo_meta_og.jpg\" \/>\n\t<meta property=\"og:image:width\" content=\"800\" \/>\n\t<meta property=\"og:image:height\" content=\"800\" \/>\n\t<meta property=\"og:image:type\" content=\"image\/jpeg\" \/>\n<meta name=\"twitter:card\" content=\"summary_large_image\" \/>\n<meta name=\"twitter:site\" content=\"@DomArtStyl_pl\" \/>\n<script type=\"application\/ld+json\" class=\"yoast-schema-graph\">{\"@context\":\"https:\/\/schema.org\",\"@graph\":[{\"@type\":\"WebPage\",\"@id\":\"https:\/\/domartstyl.com\/en\/fabrics\/lars-davis\/\",\"url\":\"https:\/\/domartstyl.com\/en\/fabrics\/lars-davis\/\",\"name\":\"Lars (Davis) - DomArtStyl\",\"isPartOf\":{\"@id\":\"https:\/\/domartstyl.com\/en\/#website\"},\"datePublished\":\"2023-06-21T08:08:13+00:00\",\"dateModified\":\"2023-06-21T09:24:07+00:00\",\"breadcrumb\":{\"@id\":\"https:\/\/domartstyl.com\/en\/fabrics\/lars-davis\/#breadcrumb\"},\"inLanguage\":\"en-US\",\"potentialAction\":[{\"@type\":\"ReadAction\",\"target\":[\"https:\/\/domartstyl.com\/en\/fabrics\/lars-davis\/\"]}]},{\"@type\":\"BreadcrumbList\",\"@id\":\"https:\/\/domartstyl.com\/en\/fabrics\/lars-davis\/#breadcrumb\",\"itemListElement\":[{\"@type\":\"ListItem\",\"position\":1,\"name\":\"Strona g\u0142\u00f3wna\",\"item\":\"https:\/\/domartstyl.com\/en\/\"},{\"@type\":\"ListItem\",\"position\":2,\"name\":\"Fabrics\",\"item\":\"https:\/\/domartstyl.com\/en\/fabrics\/\"},{\"@type\":\"ListItem\",\"position\":3,\"name\":\"Lars (Davis)\"}]},{\"@type\":\"WebSite\",\"@id\":\"https:\/\/domartstyl.com\/en\/#website\",\"url\":\"https:\/\/domartstyl.com\/en\/\",\"name\":\"DomArtStyl\",\"description\":\"Tworzymy meble najwy\u017cszej jako\u015bci. Sprzeda\u017c detaliczna \u00b7 Sprzeda\u017c hurtowa\",\"publisher\":{\"@id\":\"https:\/\/domartstyl.com\/en\/#organization\"},\"potentialAction\":[{\"@type\":\"SearchAction\",\"target\":{\"@type\":\"EntryPoint\",\"urlTemplate\":\"https:\/\/domartstyl.com\/en\/?s={search_term_string}\"},\"query-input\":{\"@type\":\"PropertyValueSpecification\",\"valueRequired\":true,\"valueName\":\"search_term_string\"}}],\"inLanguage\":\"en-US\"},{\"@type\":\"Organization\",\"@id\":\"https:\/\/domartstyl.com\/en\/#organization\",\"name\":\"DomArtStyl\",\"url\":\"https:\/\/domartstyl.com\/en\/\",\"logo\":{\"@type\":\"ImageObject\",\"inLanguage\":\"en-US\",\"@id\":\"https:\/\/domartstyl.com\/en\/#\/schema\/logo\/image\/\",\"url\":\"https:\/\/domartstyl.com\/wp-content\/uploads\/2018\/04\/Logo_300_width.png\",\"contentUrl\":\"https:\/\/domartstyl.com\/wp-content\/uploads\/2018\/04\/Logo_300_width.png\",\"width\":300,\"height\":140,\"caption\":\"DomArtStyl\"},\"image\":{\"@id\":\"https:\/\/domartstyl.com\/en\/#\/schema\/logo\/image\/\"},\"sameAs\":[\"https:\/\/www.facebook.com\/DomArtStyl\/\",\"https:\/\/x.com\/DomArtStyl_pl\",\"https:\/\/www.instagram.com\/domartstyl\/?hl=en\",\"https:\/\/pl.pinterest.com\/domartstyl01\/\",\"https:\/\/www.youtube.com\/channel\/UCkISSgvMomI6yFFL3JDbLhw\"]}]}<\/script>\n<!-- \/ Yoast SEO Premium plugin. -->","yoast_head_json":{"title":"Lars (Davis) - DomArtStyl","robots":{"index":"index","follow":"follow","max-snippet":"max-snippet:-1","max-image-preview":"max-image-preview:large","max-video-preview":"max-video-preview:-1"},"canonical":"https:\/\/domartstyl.com\/en\/fabrics\/lars-davis\/","og_locale":"en_US","og_type":"article","og_title":"Lars (Davis)","og_description":"Technical Specifications Lars 7 Lars 27 Lars 35 Lars 45 Lars 59 Lars 62 Lars 68 Lars 73 Lars 74 [&hellip;]","og_url":"https:\/\/domartstyl.com\/en\/fabrics\/lars-davis\/","og_site_name":"DomArtStyl","article_publisher":"https:\/\/www.facebook.com\/DomArtStyl\/","article_modified_time":"2023-06-21T09:24:07+00:00","og_image":[{"width":800,"height":800,"url":"https:\/\/domartstyl.com\/wp-content\/uploads\/2021\/06\/logo_meta_og.jpg","type":"image\/jpeg"}],"twitter_card":"summary_large_image","twitter_site":"@DomArtStyl_pl","schema":{"@context":"https:\/\/schema.org","@graph":[{"@type":"WebPage","@id":"https:\/\/domartstyl.com\/en\/fabrics\/lars-davis\/","url":"https:\/\/domartstyl.com\/en\/fabrics\/lars-davis\/","name":"Lars (Davis) - DomArtStyl","isPartOf":{"@id":"https:\/\/domartstyl.com\/en\/#website"},"datePublished":"2023-06-21T08:08:13+00:00","dateModified":"2023-06-21T09:24:07+00:00","breadcrumb":{"@id":"https:\/\/domartstyl.com\/en\/fabrics\/lars-davis\/#breadcrumb"},"inLanguage":"en-US","potentialAction":[{"@type":"ReadAction","target":["https:\/\/domartstyl.com\/en\/fabrics\/lars-davis\/"]}]},{"@type":"BreadcrumbList","@id":"https:\/\/domartstyl.com\/en\/fabrics\/lars-davis\/#breadcrumb","itemListElement":[{"@type":"ListItem","position":1,"name":"Strona g\u0142\u00f3wna","item":"https:\/\/domartstyl.com\/en\/"},{"@type":"ListItem","position":2,"name":"Fabrics","item":"https:\/\/domartstyl.com\/en\/fabrics\/"},{"@type":"ListItem","position":3,"name":"Lars (Davis)"}]},{"@type":"WebSite","@id":"https:\/\/domartstyl.com\/en\/#website","url":"https:\/\/domartstyl.com\/en\/","name":"DomArtStyl","description":"Tworzymy meble najwy\u017cszej jako\u015bci. Sprzeda\u017c detaliczna \u00b7 Sprzeda\u017c hurtowa","publisher":{"@id":"https:\/\/domartstyl.com\/en\/#organization"},"potentialAction":[{"@type":"SearchAction","target":{"@type":"EntryPoint","urlTemplate":"https:\/\/domartstyl.com\/en\/?s={search_term_string}"},"query-input":{"@type":"PropertyValueSpecification","valueRequired":true,"valueName":"search_term_string"}}],"inLanguage":"en-US"},{"@type":"Organization","@id":"https:\/\/domartstyl.com\/en\/#organization","name":"DomArtStyl","url":"https:\/\/domartstyl.com\/en\/","logo":{"@type":"ImageObject","inLanguage":"en-US","@id":"https:\/\/domartstyl.com\/en\/#\/schema\/logo\/image\/","url":"https:\/\/domartstyl.com\/wp-content\/uploads\/2018\/04\/Logo_300_width.png","contentUrl":"https:\/\/domartstyl.com\/wp-content\/uploads\/2018\/04\/Logo_300_width.png","width":300,"height":140,"caption":"DomArtStyl"},"image":{"@id":"https:\/\/domartstyl.com\/en\/#\/schema\/logo\/image\/"},"sameAs":["https:\/\/www.facebook.com\/DomArtStyl\/","https:\/\/x.com\/DomArtStyl_pl","https:\/\/www.instagram.com\/domartstyl\/?hl=en","https:\/\/pl.pinterest.com\/domartstyl01\/","https:\/\/www.youtube.com\/channel\/UCkISSgvMomI6yFFL3JDbLhw"]}]}},"_links":{"self":[{"href":"https:\/\/domartstyl.com\/en\/wp-json\/wp\/v2\/pages\/85837","targetHints":{"allow":["GET"]}}],"collection":[{"href":"https:\/\/domartstyl.com\/en\/wp-json\/wp\/v2\/pages"}],"about":[{"href":"https:\/\/domartstyl.com\/en\/wp-json\/wp\/v2\/types\/page"}],"author":[{"embeddable":true,"href":"https:\/\/domartstyl.com\/en\/wp-json\/wp\/v2\/users\/41"}],"replies":[{"embeddable":true,"href":"https:\/\/domartstyl.com\/en\/wp-json\/wp\/v2\/comments?post=85837"}],"version-history":[{"count":0,"href":"https:\/\/domartstyl.com\/en\/wp-json\/wp\/v2\/pages\/85837\/revisions"}],"up":[{"embeddable":true,"href":"https:\/\/domartstyl.com\/en\/wp-json\/wp\/v2\/pages\/3883"}],"wp:attachment":[{"href":"https:\/\/domartstyl.com\/en\/wp-json\/wp\/v2\/media?parent=85837"}],"curies":[{"name":"wp","href":"https:\/\/api.w.org\/{rel}","templated":true}]}}