{"id":77194,"date":"2022-05-17T09:07:38","date_gmt":"2022-05-17T08:07:38","guid":{"rendered":"https:\/\/domartstyl.com\/fabrics\/domartstyl-fabric-collection\/"},"modified":"2022-05-17T09:07:42","modified_gmt":"2022-05-17T08:07:42","slug":"domartstyl-fabric-collection","status":"publish","type":"page","link":"https:\/\/domartstyl.com\/en\/fabrics\/domartstyl-fabric-collection\/","title":{"rendered":"DomArtStyl fabric collection"},"content":{"rendered":"<div class=\"row row-cols-1 row-cols-sm-2 row-cols-md-4 g-4 mt-0 mb-5\" id=\"lightgallery\">\r\n\t<div class=\"col text-center\">\r\n\t\t<a href=\"https:\/\/domartstyl.com\/wp-content\/uploads\/2018\/05\/azzarro-1-das-4-1I.webp\" class=\"lightgallery-item\" title=\"Fabric Azzardo 1\">\r\n\t\t\t<img decoding=\"async\" src=\"https:\/\/domartstyl.com\/wp-content\/uploads\/2018\/05\/azzarro-1-das-4-1I.webp\" loading=\"lazy\" alt=\"Azzardo 1\"\/>\r\n\t\t<\/a>\r\n\t\t<span class=\"d-block p-3\">Azzardo 1<\/span>\r\n\t<\/div>\r\n\t<div class=\"col text-center\">\r\n\t\t<a href=\"https:\/\/domartstyl.com\/wp-content\/uploads\/2019\/09\/Madam-Azzarro-1-1.webp\" class=\"lightgallery-item\" title=\"Fabric Azzardo 1\">\r\n\t\t\t<img decoding=\"async\" src=\"https:\/\/domartstyl.com\/wp-content\/uploads\/2019\/09\/Madam-Azzarro-1-1.webp\" loading=\"lazy\" alt=\"Fabric Azzardo 1\"\/>\r\n\t\t<\/a>\r\n\t<\/div>\r\n\t<div class=\"col text-center\">\r\n\t\t<a href=\"https:\/\/domartstyl.com\/wp-content\/uploads\/2018\/05\/azzarro-2-das-9-1.webp\" class=\"lightgallery-item\" title=\"Azzardo 2\">\r\n\t\t\t<img decoding=\"async\" src=\"https:\/\/domartstyl.com\/wp-content\/uploads\/2018\/05\/azzarro-2-das-9-1.webp\" loading=\"lazy\" alt=\"Azzardo 2\"\/>\r\n\t\t<\/a>\r\n\t\t<span class=\"d-block p-3\">Azzardo 2<\/span>\r\n\t<\/div>\r\n\t<div class=\"col text-center\">\r\n\t\t<a href=\"https:\/\/domartstyl.com\/wp-content\/uploads\/2019\/09\/Venlo-azzarro-2-1.webp\" class=\"lightgallery-item\" title=\"Fabric Azzardo 2\">\r\n\t\t\t<img decoding=\"async\" src=\"https:\/\/domartstyl.com\/wp-content\/uploads\/2019\/09\/Venlo-azzarro-2-1.webp\" loading=\"lazy\" alt=\"Fabric Azzardo 2\"\/>\r\n\t\t<\/a>\r\n\t<\/div>\r\n\r\n\t<div class=\"col text-center\">\r\n\t\t<a href=\"https:\/\/domartstyl.com\/wp-content\/uploads\/2018\/05\/escada-1-das-6-1.webp\" class=\"lightgallery-item\" title=\"Fabric Escada 1\">\r\n\t\t\t<img decoding=\"async\" src=\"https:\/\/domartstyl.com\/wp-content\/uploads\/2018\/05\/escada-1-das-6-1.webp\" loading=\"lazy\" alt=\"Escada 1\"\/>\r\n\t\t<\/a>\r\n\t\t<span class=\"d-block p-3\">Escada 1<\/span>\r\n\t<\/div>\r\n\t<div class=\"col text-center\">\r\n\t\t<a href=\"https:\/\/domartstyl.com\/wp-content\/uploads\/2019\/09\/Pufa-Benita-ESCADA-1-tasiemka-pineskowa-5-1.webp\" class=\"lightgallery-item\" title=\"Fabric Escada 1\">\r\n\t\t\t<img decoding=\"async\" src=\"https:\/\/domartstyl.com\/wp-content\/uploads\/2019\/09\/Pufa-Benita-ESCADA-1-tasiemka-pineskowa-5-1.webp\" loading=\"lazy\" alt=\"Fabric Escada 1\"\/>\r\n\t\t<\/a>\r\n\t<\/div>\r\n\t<div class=\"col text-center\">\r\n\t\t<a href=\"https:\/\/domartstyl.com\/wp-content\/uploads\/2018\/05\/escada-2-das-5-1.webp\" class=\"lightgallery-item\" title=\"Escada 2\">\r\n\t\t\t<img decoding=\"async\" src=\"https:\/\/domartstyl.com\/wp-content\/uploads\/2018\/05\/escada-2-das-5-1.webp\" loading=\"lazy\" alt=\"Escada 2\"\/>\r\n\t\t<\/a>\r\n\t\t<span class=\"d-block p-3\">Escada 2<\/span>\r\n\t<\/div>\r\n\t<div class=\"col text-center\">\r\n\t\t<a href=\"https:\/\/domartstyl.com\/wp-content\/uploads\/2019\/09\/pufa-solano-escada-2-1.webp\" class=\"lightgallery-item\" title=\"Fabric Escada 2\">\r\n\t\t\t<img decoding=\"async\" src=\"https:\/\/domartstyl.com\/wp-content\/uploads\/2019\/09\/pufa-solano-escada-2-1.webp\" loading=\"lazy\" alt=\"Fabric Escada 2\"\/>\r\n\t\t<\/a>\r\n\t<\/div>\r\n\r\n\t<div class=\"col text-center\">\r\n\t\t<a href=\"https:\/\/domartstyl.com\/wp-content\/uploads\/2018\/05\/sneak-1-das-8-1.webp\" class=\"lightgallery-item\" title=\"Fabric Snake 1\">\r\n\t\t\t<img decoding=\"async\" src=\"https:\/\/domartstyl.com\/wp-content\/uploads\/2018\/05\/sneak-1-das-8-1.webp\" loading=\"lazy\" alt=\"Snake 1\"\/>\r\n\t\t<\/a>\r\n\t\t<span class=\"d-block p-3\">Snake 1<\/span>\r\n\t<\/div>\r\n\t<div class=\"col text-center\">\r\n\t\t<a href=\"https:\/\/domartstyl.com\/wp-content\/uploads\/2019\/09\/Ludwik-snake-1.webp\" class=\"lightgallery-item\" title=\"Fabric Snake 1\">\r\n\t\t\t<img decoding=\"async\" src=\"https:\/\/domartstyl.com\/wp-content\/uploads\/2019\/09\/Ludwik-snake-1.webp\" loading=\"lazy\" alt=\"Fabric Snake 1\"\/>\r\n\t\t<\/a>\r\n\t<\/div>\r\n\t<div class=\"col text-center\">\r\n\t\t<a href=\"https:\/\/domartstyl.com\/wp-content\/uploads\/2018\/05\/snake-2-das-7-1.webp\" class=\"lightgallery-item\" title=\"Snake 2\">\r\n\t\t\t<img decoding=\"async\" src=\"https:\/\/domartstyl.com\/wp-content\/uploads\/2018\/05\/snake-2-das-7-1.webp\" loading=\"lazy\" alt=\"Snake 2\"\/>\r\n\t\t<\/a>\r\n\t\t<span class=\"d-block p-3\">Snake 2<\/span>\r\n\t<\/div>\r\n\t<div class=\"col text-center\">\r\n\t\t<a href=\"https:\/\/domartstyl.com\/wp-content\/uploads\/2019\/09\/Pufa-Rita-snake-2-1.webp\" class=\"lightgallery-item\" title=\"Fabric Snake 2\">\r\n\t\t\t<img decoding=\"async\" src=\"https:\/\/domartstyl.com\/wp-content\/uploads\/2019\/09\/Pufa-Rita-snake-2-1.webp\" loading=\"lazy\" alt=\"Fabric Snake 2\"\/>\r\n\t\t<\/a>\r\n\t<\/div>\r\n\r\n\t<div class=\"col text-center\">\r\n\t\t<a href=\"https:\/\/domartstyl.com\/wp-content\/uploads\/2018\/05\/wood-das-1-1.webp\" class=\"lightgallery-item\" title=\"Fabric Wood\">\r\n\t\t\t<img decoding=\"async\" src=\"https:\/\/domartstyl.com\/wp-content\/uploads\/2018\/05\/wood-das-1-1.webp\" loading=\"lazy\" alt=\"Wood\"\/>\r\n\t\t<\/a>\r\n\t\t<span class=\"d-block p-3\">Wood<\/span>\r\n\t<\/div>\r\n\t<div class=\"col text-center\">\r\n\t\t<a href=\"https:\/\/domartstyl.com\/wp-content\/uploads\/2019\/09\/Madam-wOOD-1.webp\" class=\"lightgallery-item\" title=\"Fabric Wood\">\r\n\t\t\t<img decoding=\"async\" src=\"https:\/\/domartstyl.com\/wp-content\/uploads\/2019\/09\/Madam-wOOD-1.webp\" loading=\"lazy\" alt=\"Fabric Wood\"\/>\r\n\t\t<\/a>\r\n\t<\/div>\r\n\t<div class=\"col text-center\">\r\n\t\t<a href=\"https:\/\/domartstyl.com\/wp-content\/uploads\/2018\/05\/exotic-das-3-1I.webp\" class=\"lightgallery-item\" title=\"Exotic\">\r\n\t\t\t<img decoding=\"async\" src=\"https:\/\/domartstyl.com\/wp-content\/uploads\/2018\/05\/exotic-das-3-1I.webp\" loading=\"lazy\" alt=\"Exotic\"\/>\r\n\t\t<\/a>\r\n\t\t<span class=\"d-block p-3\">Exotic<\/span>\r\n\t<\/div>\r\n\t<div class=\"col text-center\">\r\n\t\t<a href=\"https:\/\/domartstyl.com\/wp-content\/uploads\/2019\/09\/Fotel-Jump-prosty-84-exotic-6-czarny-2-1.webp\" class=\"lightgallery-item\" title=\"Fabric Exotic\">\r\n\t\t\t<img decoding=\"async\" src=\"https:\/\/domartstyl.com\/wp-content\/uploads\/2019\/09\/Fotel-Jump-prosty-84-exotic-6-czarny-2-1.webp\" loading=\"lazy\" alt=\"Fabric Exotic\"\/>\r\n\t\t<\/a>\r\n\t<\/div>\r\n\r\n\t<div class=\"col text-center\">\r\n\t\t<a href=\"https:\/\/domartstyl.com\/wp-content\/uploads\/2018\/05\/ring-das-2-1I.webp\" class=\"lightgallery-item\" title=\"Ring\">\r\n\t\t\t<img decoding=\"async\" src=\"https:\/\/domartstyl.com\/wp-content\/uploads\/2018\/05\/ring-das-2-1I.webp\" loading=\"lazy\" alt=\"Ring\"\/>\r\n\t\t<\/a>\r\n\t\t<span class=\"d-block p-3\">Ring<\/span>\r\n\t<\/div>\r\n\t<div class=\"col text-center\">\r\n\t\t<a href=\"https:\/\/domartstyl.com\/wp-content\/uploads\/2019\/09\/Folora-ring-1.webp\" class=\"lightgallery-item\" title=\"Fabric Ring\">\r\n\t\t\t<img decoding=\"async\" src=\"https:\/\/domartstyl.com\/wp-content\/uploads\/2019\/09\/Folora-ring-1.webp\" loading=\"lazy\" alt=\"Fabric Ring\"\/>\r\n\t\t<\/a>\r\n\t<\/div>\r\n<\/div>","protected":false},"excerpt":{"rendered":"<p>Azzardo 1 Azzardo 2 Escada 1 Escada 2 Snake 1 Snake 2 Wood Exotic Ring<\/p>\n","protected":false},"author":41,"featured_media":0,"parent":3883,"menu_order":0,"comment_status":"closed","ping_status":"closed","template":"page-gallery.php","meta":{"footnotes":""},"class_list":["post-77194","page","type-page","status-publish","hentry"],"yoast_head":"<!-- This site is optimized with the Yoast SEO Premium plugin v25.0 (Yoast SEO v25.0) - https:\/\/yoast.com\/wordpress\/plugins\/seo\/ -->\n<title>DomArtStyl fabric collection - DomArtStyl<\/title>\n<meta name=\"description\" content=\"Check out our collection of upholstery fabrics.\" \/>\n<meta name=\"robots\" content=\"index, follow, max-snippet:-1, max-image-preview:large, max-video-preview:-1\" \/>\n<link rel=\"canonical\" href=\"https:\/\/domartstyl.com\/en\/fabrics\/domartstyl-fabric-collection\/\" \/>\n<meta property=\"og:locale\" content=\"en_US\" \/>\n<meta property=\"og:type\" content=\"article\" \/>\n<meta property=\"og:title\" content=\"DomArtStyl fabric collection\" \/>\n<meta property=\"og:description\" content=\"Check out our collection of upholstery fabrics.\" \/>\n<meta property=\"og:url\" content=\"https:\/\/domartstyl.com\/en\/fabrics\/domartstyl-fabric-collection\/\" \/>\n<meta property=\"og:site_name\" content=\"DomArtStyl\" \/>\n<meta property=\"article:publisher\" content=\"https:\/\/www.facebook.com\/DomArtStyl\/\" \/>\n<meta property=\"article:modified_time\" content=\"2022-05-17T08:07:42+00:00\" \/>\n<meta property=\"og:image\" content=\"https:\/\/domartstyl.com\/wp-content\/uploads\/2018\/05\/azzarro-1-das-4-1I.webp\" \/>\n<meta name=\"twitter:card\" content=\"summary_large_image\" \/>\n<meta name=\"twitter:site\" content=\"@DomArtStyl_pl\" \/>\n<script type=\"application\/ld+json\" class=\"yoast-schema-graph\">{\"@context\":\"https:\/\/schema.org\",\"@graph\":[{\"@type\":\"WebPage\",\"@id\":\"https:\/\/domartstyl.com\/en\/fabrics\/domartstyl-fabric-collection\/\",\"url\":\"https:\/\/domartstyl.com\/en\/fabrics\/domartstyl-fabric-collection\/\",\"name\":\"DomArtStyl fabric collection - DomArtStyl\",\"isPartOf\":{\"@id\":\"https:\/\/domartstyl.com\/en\/#website\"},\"primaryImageOfPage\":{\"@id\":\"https:\/\/domartstyl.com\/en\/fabrics\/domartstyl-fabric-collection\/#primaryimage\"},\"image\":{\"@id\":\"https:\/\/domartstyl.com\/en\/fabrics\/domartstyl-fabric-collection\/#primaryimage\"},\"thumbnailUrl\":\"https:\/\/domartstyl.com\/wp-content\/uploads\/2018\/05\/azzarro-1-das-4-1I.webp\",\"datePublished\":\"2022-05-17T08:07:38+00:00\",\"dateModified\":\"2022-05-17T08:07:42+00:00\",\"description\":\"Check out our collection of upholstery fabrics.\",\"breadcrumb\":{\"@id\":\"https:\/\/domartstyl.com\/en\/fabrics\/domartstyl-fabric-collection\/#breadcrumb\"},\"inLanguage\":\"en-US\",\"potentialAction\":[{\"@type\":\"ReadAction\",\"target\":[\"https:\/\/domartstyl.com\/en\/fabrics\/domartstyl-fabric-collection\/\"]}]},{\"@type\":\"ImageObject\",\"inLanguage\":\"en-US\",\"@id\":\"https:\/\/domartstyl.com\/en\/fabrics\/domartstyl-fabric-collection\/#primaryimage\",\"url\":\"https:\/\/domartstyl.com\/wp-content\/uploads\/2018\/05\/azzarro-1-das-4-1I.webp\",\"contentUrl\":\"https:\/\/domartstyl.com\/wp-content\/uploads\/2018\/05\/azzarro-1-das-4-1I.webp\"},{\"@type\":\"BreadcrumbList\",\"@id\":\"https:\/\/domartstyl.com\/en\/fabrics\/domartstyl-fabric-collection\/#breadcrumb\",\"itemListElement\":[{\"@type\":\"ListItem\",\"position\":1,\"name\":\"Strona g\u0142\u00f3wna\",\"item\":\"https:\/\/domartstyl.com\/en\/\"},{\"@type\":\"ListItem\",\"position\":2,\"name\":\"Fabrics\",\"item\":\"https:\/\/domartstyl.com\/en\/fabrics\/\"},{\"@type\":\"ListItem\",\"position\":3,\"name\":\"DomArtStyl fabric collection\"}]},{\"@type\":\"WebSite\",\"@id\":\"https:\/\/domartstyl.com\/en\/#website\",\"url\":\"https:\/\/domartstyl.com\/en\/\",\"name\":\"DomArtStyl\",\"description\":\"Tworzymy meble najwy\u017cszej jako\u015bci. Sprzeda\u017c detaliczna \u00b7 Sprzeda\u017c hurtowa\",\"publisher\":{\"@id\":\"https:\/\/domartstyl.com\/en\/#organization\"},\"potentialAction\":[{\"@type\":\"SearchAction\",\"target\":{\"@type\":\"EntryPoint\",\"urlTemplate\":\"https:\/\/domartstyl.com\/en\/?s={search_term_string}\"},\"query-input\":{\"@type\":\"PropertyValueSpecification\",\"valueRequired\":true,\"valueName\":\"search_term_string\"}}],\"inLanguage\":\"en-US\"},{\"@type\":\"Organization\",\"@id\":\"https:\/\/domartstyl.com\/en\/#organization\",\"name\":\"DomArtStyl\",\"url\":\"https:\/\/domartstyl.com\/en\/\",\"logo\":{\"@type\":\"ImageObject\",\"inLanguage\":\"en-US\",\"@id\":\"https:\/\/domartstyl.com\/en\/#\/schema\/logo\/image\/\",\"url\":\"https:\/\/domartstyl.com\/wp-content\/uploads\/2018\/04\/Logo_300_width.png\",\"contentUrl\":\"https:\/\/domartstyl.com\/wp-content\/uploads\/2018\/04\/Logo_300_width.png\",\"width\":300,\"height\":140,\"caption\":\"DomArtStyl\"},\"image\":{\"@id\":\"https:\/\/domartstyl.com\/en\/#\/schema\/logo\/image\/\"},\"sameAs\":[\"https:\/\/www.facebook.com\/DomArtStyl\/\",\"https:\/\/x.com\/DomArtStyl_pl\",\"https:\/\/www.instagram.com\/domartstyl\/?hl=en\",\"https:\/\/pl.pinterest.com\/domartstyl01\/\",\"https:\/\/www.youtube.com\/channel\/UCkISSgvMomI6yFFL3JDbLhw\"]}]}<\/script>\n<!-- \/ Yoast SEO Premium plugin. -->","yoast_head_json":{"title":"DomArtStyl fabric collection - DomArtStyl","description":"Check out our collection of upholstery fabrics.","robots":{"index":"index","follow":"follow","max-snippet":"max-snippet:-1","max-image-preview":"max-image-preview:large","max-video-preview":"max-video-preview:-1"},"canonical":"https:\/\/domartstyl.com\/en\/fabrics\/domartstyl-fabric-collection\/","og_locale":"en_US","og_type":"article","og_title":"DomArtStyl fabric collection","og_description":"Check out our collection of upholstery fabrics.","og_url":"https:\/\/domartstyl.com\/en\/fabrics\/domartstyl-fabric-collection\/","og_site_name":"DomArtStyl","article_publisher":"https:\/\/www.facebook.com\/DomArtStyl\/","article_modified_time":"2022-05-17T08:07:42+00:00","og_image":[{"url":"https:\/\/domartstyl.com\/wp-content\/uploads\/2018\/05\/azzarro-1-das-4-1I.webp","type":"","width":"","height":""}],"twitter_card":"summary_large_image","twitter_site":"@DomArtStyl_pl","schema":{"@context":"https:\/\/schema.org","@graph":[{"@type":"WebPage","@id":"https:\/\/domartstyl.com\/en\/fabrics\/domartstyl-fabric-collection\/","url":"https:\/\/domartstyl.com\/en\/fabrics\/domartstyl-fabric-collection\/","name":"DomArtStyl fabric collection - DomArtStyl","isPartOf":{"@id":"https:\/\/domartstyl.com\/en\/#website"},"primaryImageOfPage":{"@id":"https:\/\/domartstyl.com\/en\/fabrics\/domartstyl-fabric-collection\/#primaryimage"},"image":{"@id":"https:\/\/domartstyl.com\/en\/fabrics\/domartstyl-fabric-collection\/#primaryimage"},"thumbnailUrl":"https:\/\/domartstyl.com\/wp-content\/uploads\/2018\/05\/azzarro-1-das-4-1I.webp","datePublished":"2022-05-17T08:07:38+00:00","dateModified":"2022-05-17T08:07:42+00:00","description":"Check out our collection of upholstery fabrics.","breadcrumb":{"@id":"https:\/\/domartstyl.com\/en\/fabrics\/domartstyl-fabric-collection\/#breadcrumb"},"inLanguage":"en-US","potentialAction":[{"@type":"ReadAction","target":["https:\/\/domartstyl.com\/en\/fabrics\/domartstyl-fabric-collection\/"]}]},{"@type":"ImageObject","inLanguage":"en-US","@id":"https:\/\/domartstyl.com\/en\/fabrics\/domartstyl-fabric-collection\/#primaryimage","url":"https:\/\/domartstyl.com\/wp-content\/uploads\/2018\/05\/azzarro-1-das-4-1I.webp","contentUrl":"https:\/\/domartstyl.com\/wp-content\/uploads\/2018\/05\/azzarro-1-das-4-1I.webp"},{"@type":"BreadcrumbList","@id":"https:\/\/domartstyl.com\/en\/fabrics\/domartstyl-fabric-collection\/#breadcrumb","itemListElement":[{"@type":"ListItem","position":1,"name":"Strona g\u0142\u00f3wna","item":"https:\/\/domartstyl.com\/en\/"},{"@type":"ListItem","position":2,"name":"Fabrics","item":"https:\/\/domartstyl.com\/en\/fabrics\/"},{"@type":"ListItem","position":3,"name":"DomArtStyl fabric collection"}]},{"@type":"WebSite","@id":"https:\/\/domartstyl.com\/en\/#website","url":"https:\/\/domartstyl.com\/en\/","name":"DomArtStyl","description":"Tworzymy meble najwy\u017cszej jako\u015bci. Sprzeda\u017c detaliczna \u00b7 Sprzeda\u017c hurtowa","publisher":{"@id":"https:\/\/domartstyl.com\/en\/#organization"},"potentialAction":[{"@type":"SearchAction","target":{"@type":"EntryPoint","urlTemplate":"https:\/\/domartstyl.com\/en\/?s={search_term_string}"},"query-input":{"@type":"PropertyValueSpecification","valueRequired":true,"valueName":"search_term_string"}}],"inLanguage":"en-US"},{"@type":"Organization","@id":"https:\/\/domartstyl.com\/en\/#organization","name":"DomArtStyl","url":"https:\/\/domartstyl.com\/en\/","logo":{"@type":"ImageObject","inLanguage":"en-US","@id":"https:\/\/domartstyl.com\/en\/#\/schema\/logo\/image\/","url":"https:\/\/domartstyl.com\/wp-content\/uploads\/2018\/04\/Logo_300_width.png","contentUrl":"https:\/\/domartstyl.com\/wp-content\/uploads\/2018\/04\/Logo_300_width.png","width":300,"height":140,"caption":"DomArtStyl"},"image":{"@id":"https:\/\/domartstyl.com\/en\/#\/schema\/logo\/image\/"},"sameAs":["https:\/\/www.facebook.com\/DomArtStyl\/","https:\/\/x.com\/DomArtStyl_pl","https:\/\/www.instagram.com\/domartstyl\/?hl=en","https:\/\/pl.pinterest.com\/domartstyl01\/","https:\/\/www.youtube.com\/channel\/UCkISSgvMomI6yFFL3JDbLhw"]}]}},"_links":{"self":[{"href":"https:\/\/domartstyl.com\/en\/wp-json\/wp\/v2\/pages\/77194","targetHints":{"allow":["GET"]}}],"collection":[{"href":"https:\/\/domartstyl.com\/en\/wp-json\/wp\/v2\/pages"}],"about":[{"href":"https:\/\/domartstyl.com\/en\/wp-json\/wp\/v2\/types\/page"}],"author":[{"embeddable":true,"href":"https:\/\/domartstyl.com\/en\/wp-json\/wp\/v2\/users\/41"}],"replies":[{"embeddable":true,"href":"https:\/\/domartstyl.com\/en\/wp-json\/wp\/v2\/comments?post=77194"}],"version-history":[{"count":0,"href":"https:\/\/domartstyl.com\/en\/wp-json\/wp\/v2\/pages\/77194\/revisions"}],"up":[{"embeddable":true,"href":"https:\/\/domartstyl.com\/en\/wp-json\/wp\/v2\/pages\/3883"}],"wp:attachment":[{"href":"https:\/\/domartstyl.com\/en\/wp-json\/wp\/v2\/media?parent=77194"}],"curies":[{"name":"wp","href":"https:\/\/api.w.org\/{rel}","templated":true}]}}