{"id":77174,"date":"2022-05-17T08:53:07","date_gmt":"2022-05-17T07:53:07","guid":{"rendered":"https:\/\/domartstyl.com\/perla-lusso-catalog\/"},"modified":"2022-05-17T08:53:38","modified_gmt":"2022-05-17T07:53:38","slug":"perla-lusso-catalog","status":"publish","type":"page","link":"https:\/\/domartstyl.com\/en\/perla-lusso-catalog\/","title":{"rendered":"Perla Lusso Catalog"},"content":{"rendered":"<div class=\"text-center mb-4\">\r\n\t<a href=\"https:\/\/domartstyl.com\/wp-content\/uploads\/2019\/04\/CATALOGUE-Perla-Lusso.pdf\" class=\"btn btn-primary py-3\" target=\"_blank\" title=\"Download Catalog PDF\" rel=\"noopener\">Download Catalog PDF<\/a>\r\n<\/div>\r\n<div class=\"row row-cols-2 row-cols-sm-3 row-cols-md-3 row-cols-lg-5 gx-0 gy-4 mt-0 mb-5\" id=\"lightgallery\">\r\n\t<div class=\"col text-center\">\r\n\t\t<a href=\"https:\/\/domartstyl.com\/wp-content\/uploads\/2020\/01\/0001-2.jpg\" class=\"lightgallery-item\" title=\"Catalog Perla Lusso 1\">\r\n\t\t\t<img decoding=\"async\" src=\"https:\/\/domartstyl.com\/wp-content\/uploads\/2020\/01\/0001-2-300x300.jpg\" loading=\"lazy\" alt=\"Catalog Perla Lusso 1\"\/>\r\n\t\t<\/a>\r\n\t<\/div>\r\n\t<div class=\"col text-center\">\r\n\t\t<a href=\"https:\/\/domartstyl.com\/wp-content\/uploads\/2020\/01\/0002-2.jpg\" class=\"lightgallery-item\" title=\"Catalog Perla Lusso 2\">\r\n\t\t\t<img decoding=\"async\" src=\"https:\/\/domartstyl.com\/wp-content\/uploads\/2020\/01\/0002-2-300x300.jpg\" loading=\"lazy\" alt=\"Catalog Perla Lusso 2\"\/>\r\n\t\t<\/a>\r\n\t<\/div>\r\n\t<div class=\"col text-center\">\r\n\t\t<a href=\"https:\/\/domartstyl.com\/wp-content\/uploads\/2020\/01\/0003-2.jpg\" class=\"lightgallery-item\" title=\"Catalog Perla Lusso 3\">\r\n\t\t\t<img decoding=\"async\" src=\"https:\/\/domartstyl.com\/wp-content\/uploads\/2020\/01\/0003-2-300x300.jpg\" loading=\"lazy\" alt=\"Catalog Perla Lusso 3\"\/>\r\n\t\t<\/a>\r\n\t<\/div>\r\n\t<div class=\"col text-center\">\r\n\t\t<a href=\"https:\/\/domartstyl.com\/wp-content\/uploads\/2020\/01\/0004-2.jpg\" class=\"lightgallery-item\" title=\"Catalog Perla Lusso 4\">\r\n\t\t\t<img decoding=\"async\" src=\"https:\/\/domartstyl.com\/wp-content\/uploads\/2020\/01\/0004-2-300x300.jpg\" loading=\"lazy\" alt=\"Catalog Perla Lusso 4\"\/>\r\n\t\t<\/a>\r\n\t<\/div>\r\n\t<div class=\"col text-center\">\r\n\t\t<a href=\"https:\/\/domartstyl.com\/wp-content\/uploads\/2020\/01\/0005-2.jpg\" class=\"lightgallery-item\" title=\"Catalog Perla Lusso 5\">\r\n\t\t\t<img decoding=\"async\" src=\"https:\/\/domartstyl.com\/wp-content\/uploads\/2020\/01\/0005-2-300x300.jpg\" loading=\"lazy\" alt=\"Catalog Perla Lusso 5\"\/>\r\n\t\t<\/a>\r\n\t<\/div>\r\n\r\n\t<div class=\"col text-center\">\r\n\t\t<a href=\"https:\/\/domartstyl.com\/wp-content\/uploads\/2020\/01\/0006-2.jpg\" class=\"lightgallery-item\" title=\"Catalog Perla Lusso 6\">\r\n\t\t\t<img decoding=\"async\" src=\"https:\/\/domartstyl.com\/wp-content\/uploads\/2020\/01\/0006-2-300x300.jpg\" loading=\"lazy\" alt=\"Catalog Perla Lusso 6\"\/>\r\n\t\t<\/a>\r\n\t<\/div>\r\n\t<div class=\"col text-center\">\r\n\t\t<a href=\"https:\/\/domartstyl.com\/wp-content\/uploads\/2020\/01\/0007-2.jpg\" class=\"lightgallery-item\" title=\"Catalog Perla Lusso 7\">\r\n\t\t\t<img decoding=\"async\" src=\"https:\/\/domartstyl.com\/wp-content\/uploads\/2020\/01\/0007-2-300x300.jpg\" loading=\"lazy\" alt=\"Catalog Perla Lusso 7\"\/>\r\n\t\t<\/a>\r\n\t<\/div>\r\n\t<div class=\"col text-center\">\r\n\t\t<a href=\"https:\/\/domartstyl.com\/wp-content\/uploads\/2020\/01\/0008-2.jpg\" class=\"lightgallery-item\" title=\"Catalog Perla Lusso 8\">\r\n\t\t\t<img decoding=\"async\" src=\"https:\/\/domartstyl.com\/wp-content\/uploads\/2020\/01\/0008-2-300x300.jpg\" loading=\"lazy\" alt=\"Catalog Perla Lusso 8\"\/>\r\n\t\t<\/a>\r\n\t<\/div>\r\n\t<div class=\"col text-center\">\r\n\t\t<a href=\"https:\/\/domartstyl.com\/wp-content\/uploads\/2020\/01\/0009-2.jpg\" class=\"lightgallery-item\" title=\"Catalog Perla Lusso 9\">\r\n\t\t\t<img decoding=\"async\" src=\"https:\/\/domartstyl.com\/wp-content\/uploads\/2020\/01\/0009-2-300x300.jpg\" loading=\"lazy\" alt=\"Catalog Perla Lusso 9\"\/>\r\n\t\t<\/a>\r\n\t<\/div>\r\n\t<div class=\"col text-center\">\r\n\t\t<a href=\"https:\/\/domartstyl.com\/wp-content\/uploads\/2020\/01\/0010-2.jpg\" class=\"lightgallery-item\" title=\"Catalog Perla Lusso 10\">\r\n\t\t\t<img decoding=\"async\" src=\"https:\/\/domartstyl.com\/wp-content\/uploads\/2020\/01\/0010-2-300x300.jpg\" loading=\"lazy\" alt=\"Catalog Perla Lusso 10\"\/>\r\n\t\t<\/a>\r\n\t<\/div>\r\n\r\n\t<div class=\"col text-center\">\r\n\t\t<a href=\"https:\/\/domartstyl.com\/wp-content\/uploads\/2020\/01\/0011-2.jpg\" class=\"lightgallery-item\" title=\"Catalog Perla Lusso 11\">\r\n\t\t\t<img decoding=\"async\" src=\"https:\/\/domartstyl.com\/wp-content\/uploads\/2020\/01\/0011-2-300x300.jpg\" loading=\"lazy\" alt=\"Catalog Perla Lusso 11\"\/>\r\n\t\t<\/a>\r\n\t<\/div>\r\n\t<div class=\"col text-center\">\r\n\t\t<a href=\"https:\/\/domartstyl.com\/wp-content\/uploads\/2020\/01\/0012-2.jpg\" class=\"lightgallery-item\" title=\"Catalog Perla Lusso 12\">\r\n\t\t\t<img decoding=\"async\" src=\"https:\/\/domartstyl.com\/wp-content\/uploads\/2020\/01\/0012-2-300x300.jpg\" loading=\"lazy\" alt=\"Catalog Perla Lusso 12\"\/>\r\n\t\t<\/a>\r\n\t<\/div>\r\n\t<div class=\"col text-center\">\r\n\t\t<a href=\"https:\/\/domartstyl.com\/wp-content\/uploads\/2020\/01\/0013-2.jpg\" class=\"lightgallery-item\" title=\"Catalog Perla Lusso 13\">\r\n\t\t\t<img decoding=\"async\" src=\"https:\/\/domartstyl.com\/wp-content\/uploads\/2020\/01\/0013-2-300x300.jpg\" loading=\"lazy\" alt=\"Catalog Perla Lusso 13\"\/>\r\n\t\t<\/a>\r\n\t<\/div>\r\n\t<div class=\"col text-center\">\r\n\t\t<a href=\"https:\/\/domartstyl.com\/wp-content\/uploads\/2020\/01\/0014-2.jpg\" class=\"lightgallery-item\" title=\"Catalog Perla Lusso 14\">\r\n\t\t\t<img decoding=\"async\" src=\"https:\/\/domartstyl.com\/wp-content\/uploads\/2020\/01\/0014-2-300x300.jpg\" loading=\"lazy\" alt=\"Catalog Perla Lusso 14\"\/>\r\n\t\t<\/a>\r\n\t<\/div>\r\n\t<div class=\"col text-center\">\r\n\t\t<a href=\"https:\/\/domartstyl.com\/wp-content\/uploads\/2020\/01\/0015-2.jpg\" class=\"lightgallery-item\" title=\"Catalog Perla Lusso 15\">\r\n\t\t\t<img decoding=\"async\" src=\"https:\/\/domartstyl.com\/wp-content\/uploads\/2020\/01\/0015-2-300x300.jpg\" loading=\"lazy\" alt=\"Catalog Perla Lusso 15\"\/>\r\n\t\t<\/a>\r\n\t<\/div>\r\n\r\n\t<div class=\"col text-center\">\r\n\t\t<a href=\"https:\/\/domartstyl.com\/wp-content\/uploads\/2020\/01\/0016-2.jpg\" class=\"lightgallery-item\" title=\"Catalog Perla Lusso 16\">\r\n\t\t\t<img decoding=\"async\" src=\"https:\/\/domartstyl.com\/wp-content\/uploads\/2020\/01\/0016-2-300x300.jpg\" loading=\"lazy\" alt=\"Catalog Perla Lusso 16\"\/>\r\n\t\t<\/a>\r\n\t<\/div>\r\n\t<div class=\"col text-center\">\r\n\t\t<a href=\"https:\/\/domartstyl.com\/wp-content\/uploads\/2020\/01\/0017-2.jpg\" class=\"lightgallery-item\" title=\"Catalog Perla Lusso 17\">\r\n\t\t\t<img decoding=\"async\" src=\"https:\/\/domartstyl.com\/wp-content\/uploads\/2020\/01\/0017-2-300x300.jpg\" loading=\"lazy\" alt=\"Catalog Perla Lusso 17\"\/>\r\n\t\t<\/a>\r\n\t<\/div>\r\n\t<div class=\"col text-center\">\r\n\t\t<a href=\"https:\/\/domartstyl.com\/wp-content\/uploads\/2020\/01\/0018-2.jpg\" class=\"lightgallery-item\" title=\"Catalog Perla Lusso 18\">\r\n\t\t\t<img decoding=\"async\" src=\"https:\/\/domartstyl.com\/wp-content\/uploads\/2020\/01\/0018-2-300x300.jpg\" loading=\"lazy\" alt=\"Catalog Perla Lusso 18\"\/>\r\n\t\t<\/a>\r\n\t<\/div>\r\n\t<div class=\"col text-center\">\r\n\t\t<a href=\"https:\/\/domartstyl.com\/wp-content\/uploads\/2020\/01\/0019-2.jpg\" class=\"lightgallery-item\" title=\"Catalog Perla Lusso 19\">\r\n\t\t\t<img decoding=\"async\" src=\"https:\/\/domartstyl.com\/wp-content\/uploads\/2020\/01\/0019-2-300x300.jpg\" loading=\"lazy\" alt=\"Catalog Perla Lusso 19\"\/>\r\n\t\t<\/a>\r\n\t<\/div>\r\n\t<div class=\"col text-center\">\r\n\t\t<a href=\"https:\/\/domartstyl.com\/wp-content\/uploads\/2020\/01\/0020-2.jpg\" class=\"lightgallery-item\" title=\"Catalog Perla Lusso 20\">\r\n\t\t\t<img decoding=\"async\" src=\"https:\/\/domartstyl.com\/wp-content\/uploads\/2020\/01\/0020-2-300x300.jpg\" loading=\"lazy\" alt=\"Catalog Perla Lusso 20\"\/>\r\n\t\t<\/a>\r\n\t<\/div>\r\n<\/div>","protected":false},"excerpt":{"rendered":"<p>Download Catalog PDF<\/p>\n","protected":false},"author":41,"featured_media":0,"parent":0,"menu_order":0,"comment_status":"closed","ping_status":"closed","template":"page-gallery.php","meta":{"footnotes":""},"class_list":["post-77174","page","type-page","status-publish","hentry"],"yoast_head":"<!-- This site is optimized with the Yoast SEO Premium plugin v25.0 (Yoast SEO v25.0) - https:\/\/yoast.com\/wordpress\/plugins\/seo\/ -->\n<title>Perla Lusso Catalog - DomArtStyl<\/title>\n<meta name=\"robots\" content=\"index, follow, max-snippet:-1, max-image-preview:large, max-video-preview:-1\" \/>\n<link rel=\"canonical\" href=\"https:\/\/domartstyl.com\/en\/perla-lusso-catalog\/\" \/>\n<meta property=\"og:locale\" content=\"en_US\" \/>\n<meta property=\"og:type\" content=\"article\" \/>\n<meta property=\"og:title\" content=\"Perla Lusso Catalog\" \/>\n<meta property=\"og:description\" content=\"Download Catalog PDF\" \/>\n<meta property=\"og:url\" content=\"https:\/\/domartstyl.com\/en\/perla-lusso-catalog\/\" \/>\n<meta property=\"og:site_name\" content=\"DomArtStyl\" \/>\n<meta property=\"article:publisher\" content=\"https:\/\/www.facebook.com\/DomArtStyl\/\" \/>\n<meta property=\"article:modified_time\" content=\"2022-05-17T07:53:38+00:00\" \/>\n<meta property=\"og:image\" content=\"https:\/\/domartstyl.com\/wp-content\/uploads\/2020\/01\/0001-2-300x300.jpg\" \/>\n<meta name=\"twitter:card\" content=\"summary_large_image\" \/>\n<meta name=\"twitter:site\" content=\"@DomArtStyl_pl\" \/>\n<script type=\"application\/ld+json\" class=\"yoast-schema-graph\">{\"@context\":\"https:\/\/schema.org\",\"@graph\":[{\"@type\":\"WebPage\",\"@id\":\"https:\/\/domartstyl.com\/en\/perla-lusso-catalog\/\",\"url\":\"https:\/\/domartstyl.com\/en\/perla-lusso-catalog\/\",\"name\":\"Perla Lusso Catalog - DomArtStyl\",\"isPartOf\":{\"@id\":\"https:\/\/domartstyl.com\/en\/#website\"},\"primaryImageOfPage\":{\"@id\":\"https:\/\/domartstyl.com\/en\/perla-lusso-catalog\/#primaryimage\"},\"image\":{\"@id\":\"https:\/\/domartstyl.com\/en\/perla-lusso-catalog\/#primaryimage\"},\"thumbnailUrl\":\"https:\/\/domartstyl.com\/wp-content\/uploads\/2020\/01\/0001-2-300x300.jpg\",\"datePublished\":\"2022-05-17T07:53:07+00:00\",\"dateModified\":\"2022-05-17T07:53:38+00:00\",\"breadcrumb\":{\"@id\":\"https:\/\/domartstyl.com\/en\/perla-lusso-catalog\/#breadcrumb\"},\"inLanguage\":\"en-US\",\"potentialAction\":[{\"@type\":\"ReadAction\",\"target\":[\"https:\/\/domartstyl.com\/en\/perla-lusso-catalog\/\"]}]},{\"@type\":\"ImageObject\",\"inLanguage\":\"en-US\",\"@id\":\"https:\/\/domartstyl.com\/en\/perla-lusso-catalog\/#primaryimage\",\"url\":\"https:\/\/domartstyl.com\/wp-content\/uploads\/2020\/01\/0001-2-300x300.jpg\",\"contentUrl\":\"https:\/\/domartstyl.com\/wp-content\/uploads\/2020\/01\/0001-2-300x300.jpg\"},{\"@type\":\"BreadcrumbList\",\"@id\":\"https:\/\/domartstyl.com\/en\/perla-lusso-catalog\/#breadcrumb\",\"itemListElement\":[{\"@type\":\"ListItem\",\"position\":1,\"name\":\"Strona g\u0142\u00f3wna\",\"item\":\"https:\/\/domartstyl.com\/en\/\"},{\"@type\":\"ListItem\",\"position\":2,\"name\":\"Perla Lusso Catalog\"}]},{\"@type\":\"WebSite\",\"@id\":\"https:\/\/domartstyl.com\/en\/#website\",\"url\":\"https:\/\/domartstyl.com\/en\/\",\"name\":\"DomArtStyl\",\"description\":\"Tworzymy meble najwy\u017cszej jako\u015bci. Sprzeda\u017c detaliczna \u00b7 Sprzeda\u017c hurtowa\",\"publisher\":{\"@id\":\"https:\/\/domartstyl.com\/en\/#organization\"},\"potentialAction\":[{\"@type\":\"SearchAction\",\"target\":{\"@type\":\"EntryPoint\",\"urlTemplate\":\"https:\/\/domartstyl.com\/en\/?s={search_term_string}\"},\"query-input\":{\"@type\":\"PropertyValueSpecification\",\"valueRequired\":true,\"valueName\":\"search_term_string\"}}],\"inLanguage\":\"en-US\"},{\"@type\":\"Organization\",\"@id\":\"https:\/\/domartstyl.com\/en\/#organization\",\"name\":\"DomArtStyl\",\"url\":\"https:\/\/domartstyl.com\/en\/\",\"logo\":{\"@type\":\"ImageObject\",\"inLanguage\":\"en-US\",\"@id\":\"https:\/\/domartstyl.com\/en\/#\/schema\/logo\/image\/\",\"url\":\"https:\/\/domartstyl.com\/wp-content\/uploads\/2018\/04\/Logo_300_width.png\",\"contentUrl\":\"https:\/\/domartstyl.com\/wp-content\/uploads\/2018\/04\/Logo_300_width.png\",\"width\":300,\"height\":140,\"caption\":\"DomArtStyl\"},\"image\":{\"@id\":\"https:\/\/domartstyl.com\/en\/#\/schema\/logo\/image\/\"},\"sameAs\":[\"https:\/\/www.facebook.com\/DomArtStyl\/\",\"https:\/\/x.com\/DomArtStyl_pl\",\"https:\/\/www.instagram.com\/domartstyl\/?hl=en\",\"https:\/\/pl.pinterest.com\/domartstyl01\/\",\"https:\/\/www.youtube.com\/channel\/UCkISSgvMomI6yFFL3JDbLhw\"]}]}<\/script>\n<!-- \/ Yoast SEO Premium plugin. -->","yoast_head_json":{"title":"Perla Lusso Catalog - DomArtStyl","robots":{"index":"index","follow":"follow","max-snippet":"max-snippet:-1","max-image-preview":"max-image-preview:large","max-video-preview":"max-video-preview:-1"},"canonical":"https:\/\/domartstyl.com\/en\/perla-lusso-catalog\/","og_locale":"en_US","og_type":"article","og_title":"Perla Lusso Catalog","og_description":"Download Catalog PDF","og_url":"https:\/\/domartstyl.com\/en\/perla-lusso-catalog\/","og_site_name":"DomArtStyl","article_publisher":"https:\/\/www.facebook.com\/DomArtStyl\/","article_modified_time":"2022-05-17T07:53:38+00:00","og_image":[{"url":"https:\/\/domartstyl.com\/wp-content\/uploads\/2020\/01\/0001-2-300x300.jpg","type":"","width":"","height":""}],"twitter_card":"summary_large_image","twitter_site":"@DomArtStyl_pl","schema":{"@context":"https:\/\/schema.org","@graph":[{"@type":"WebPage","@id":"https:\/\/domartstyl.com\/en\/perla-lusso-catalog\/","url":"https:\/\/domartstyl.com\/en\/perla-lusso-catalog\/","name":"Perla Lusso Catalog - DomArtStyl","isPartOf":{"@id":"https:\/\/domartstyl.com\/en\/#website"},"primaryImageOfPage":{"@id":"https:\/\/domartstyl.com\/en\/perla-lusso-catalog\/#primaryimage"},"image":{"@id":"https:\/\/domartstyl.com\/en\/perla-lusso-catalog\/#primaryimage"},"thumbnailUrl":"https:\/\/domartstyl.com\/wp-content\/uploads\/2020\/01\/0001-2-300x300.jpg","datePublished":"2022-05-17T07:53:07+00:00","dateModified":"2022-05-17T07:53:38+00:00","breadcrumb":{"@id":"https:\/\/domartstyl.com\/en\/perla-lusso-catalog\/#breadcrumb"},"inLanguage":"en-US","potentialAction":[{"@type":"ReadAction","target":["https:\/\/domartstyl.com\/en\/perla-lusso-catalog\/"]}]},{"@type":"ImageObject","inLanguage":"en-US","@id":"https:\/\/domartstyl.com\/en\/perla-lusso-catalog\/#primaryimage","url":"https:\/\/domartstyl.com\/wp-content\/uploads\/2020\/01\/0001-2-300x300.jpg","contentUrl":"https:\/\/domartstyl.com\/wp-content\/uploads\/2020\/01\/0001-2-300x300.jpg"},{"@type":"BreadcrumbList","@id":"https:\/\/domartstyl.com\/en\/perla-lusso-catalog\/#breadcrumb","itemListElement":[{"@type":"ListItem","position":1,"name":"Strona g\u0142\u00f3wna","item":"https:\/\/domartstyl.com\/en\/"},{"@type":"ListItem","position":2,"name":"Perla Lusso Catalog"}]},{"@type":"WebSite","@id":"https:\/\/domartstyl.com\/en\/#website","url":"https:\/\/domartstyl.com\/en\/","name":"DomArtStyl","description":"Tworzymy meble najwy\u017cszej jako\u015bci. Sprzeda\u017c detaliczna \u00b7 Sprzeda\u017c hurtowa","publisher":{"@id":"https:\/\/domartstyl.com\/en\/#organization"},"potentialAction":[{"@type":"SearchAction","target":{"@type":"EntryPoint","urlTemplate":"https:\/\/domartstyl.com\/en\/?s={search_term_string}"},"query-input":{"@type":"PropertyValueSpecification","valueRequired":true,"valueName":"search_term_string"}}],"inLanguage":"en-US"},{"@type":"Organization","@id":"https:\/\/domartstyl.com\/en\/#organization","name":"DomArtStyl","url":"https:\/\/domartstyl.com\/en\/","logo":{"@type":"ImageObject","inLanguage":"en-US","@id":"https:\/\/domartstyl.com\/en\/#\/schema\/logo\/image\/","url":"https:\/\/domartstyl.com\/wp-content\/uploads\/2018\/04\/Logo_300_width.png","contentUrl":"https:\/\/domartstyl.com\/wp-content\/uploads\/2018\/04\/Logo_300_width.png","width":300,"height":140,"caption":"DomArtStyl"},"image":{"@id":"https:\/\/domartstyl.com\/en\/#\/schema\/logo\/image\/"},"sameAs":["https:\/\/www.facebook.com\/DomArtStyl\/","https:\/\/x.com\/DomArtStyl_pl","https:\/\/www.instagram.com\/domartstyl\/?hl=en","https:\/\/pl.pinterest.com\/domartstyl01\/","https:\/\/www.youtube.com\/channel\/UCkISSgvMomI6yFFL3JDbLhw"]}]}},"_links":{"self":[{"href":"https:\/\/domartstyl.com\/en\/wp-json\/wp\/v2\/pages\/77174","targetHints":{"allow":["GET"]}}],"collection":[{"href":"https:\/\/domartstyl.com\/en\/wp-json\/wp\/v2\/pages"}],"about":[{"href":"https:\/\/domartstyl.com\/en\/wp-json\/wp\/v2\/types\/page"}],"author":[{"embeddable":true,"href":"https:\/\/domartstyl.com\/en\/wp-json\/wp\/v2\/users\/41"}],"replies":[{"embeddable":true,"href":"https:\/\/domartstyl.com\/en\/wp-json\/wp\/v2\/comments?post=77174"}],"version-history":[{"count":0,"href":"https:\/\/domartstyl.com\/en\/wp-json\/wp\/v2\/pages\/77174\/revisions"}],"wp:attachment":[{"href":"https:\/\/domartstyl.com\/en\/wp-json\/wp\/v2\/media?parent=77174"}],"curies":[{"name":"wp","href":"https:\/\/api.w.org\/{rel}","templated":true}]}}