{"id":77162,"date":"2022-05-17T08:48:10","date_gmt":"2022-05-17T07:48:10","guid":{"rendered":"https:\/\/domartstyl.com\/e-catalog\/"},"modified":"2022-05-17T08:48:14","modified_gmt":"2022-05-17T07:48:14","slug":"e-catalog","status":"publish","type":"page","link":"https:\/\/domartstyl.com\/en\/e-catalog\/","title":{"rendered":"E-catalog"},"content":{"rendered":"<div class=\"row row-cols-2 row-cols-sm-3 row-cols-md-3 row-cols-lg-5 gx-0 gy-4 mt-0 mb-5\" id=\"lightgallery\">\r\n\t<div class=\"col text-center\">\r\n\t\t<a href=\"https:\/\/domartstyl.com\/wp-content\/uploads\/2020\/01\/0001-3.jpg\" class=\"lightgallery-item\" title=\"Catalog DomArtStyl 1\">\r\n\t\t\t<img decoding=\"async\" src=\"https:\/\/domartstyl.com\/wp-content\/uploads\/2020\/01\/0001-3-300x300.jpg\" loading=\"lazy\" alt=\"Catalog DomArtStyl 1\"\/>\r\n\t\t<\/a>\r\n\t<\/div>\r\n\t<div class=\"col text-center\">\r\n\t\t<a href=\"https:\/\/domartstyl.com\/wp-content\/uploads\/2020\/01\/0002-3.jpg\" class=\"lightgallery-item\" title=\"Catalog DomArtStyl 2\">\r\n\t\t\t<img decoding=\"async\" src=\"https:\/\/domartstyl.com\/wp-content\/uploads\/2020\/01\/0002-3-300x300.jpg\" loading=\"lazy\" alt=\"Catalog DomArtStyl 2\"\/>\r\n\t\t<\/a>\r\n\t<\/div>\r\n\t<div class=\"col text-center\">\r\n\t\t<a href=\"https:\/\/domartstyl.com\/wp-content\/uploads\/2020\/01\/0003-3.jpg\" class=\"lightgallery-item\" title=\"Catalog DomArtStyl 3\">\r\n\t\t\t<img decoding=\"async\" src=\"https:\/\/domartstyl.com\/wp-content\/uploads\/2020\/01\/0003-3-300x300.jpg\" loading=\"lazy\" alt=\"Catalog DomArtStyl 3\"\/>\r\n\t\t<\/a>\r\n\t<\/div>\r\n\t<div class=\"col text-center\">\r\n\t\t<a href=\"https:\/\/domartstyl.com\/wp-content\/uploads\/2020\/01\/0004-3.jpg\" class=\"lightgallery-item\" title=\"Catalog DomArtStyl 4\">\r\n\t\t\t<img decoding=\"async\" src=\"https:\/\/domartstyl.com\/wp-content\/uploads\/2020\/01\/0004-3-300x300.jpg\" loading=\"lazy\" alt=\"Catalog DomArtStyl 4\"\/>\r\n\t\t<\/a>\r\n\t<\/div>\r\n\t<div class=\"col text-center\">\r\n\t\t<a href=\"https:\/\/domartstyl.com\/wp-content\/uploads\/2020\/01\/0005-3.jpg\" class=\"lightgallery-item\" title=\"Catalog DomArtStyl 5\">\r\n\t\t\t<img decoding=\"async\" src=\"https:\/\/domartstyl.com\/wp-content\/uploads\/2020\/01\/0005-3-300x300.jpg\" loading=\"lazy\" alt=\"Catalog DomArtStyl 5\"\/>\r\n\t\t<\/a>\r\n\t<\/div>\r\n\t<div class=\"col text-center\">\r\n\t\t<a href=\"https:\/\/domartstyl.com\/wp-content\/uploads\/2020\/01\/0006-3.jpg\" class=\"lightgallery-item\" title=\"Catalog DomArtStyl 6\">\r\n\t\t\t<img decoding=\"async\" src=\"https:\/\/domartstyl.com\/wp-content\/uploads\/2020\/01\/0006-3-300x300.jpg\" loading=\"lazy\" alt=\"Catalog DomArtStyl 6\"\/>\r\n\t\t<\/a>\r\n\t<\/div>\r\n\t<div class=\"col text-center\">\r\n\t\t<a href=\"https:\/\/domartstyl.com\/wp-content\/uploads\/2020\/01\/0007-3.jpg\" class=\"lightgallery-item\" title=\"Catalog DomArtStyl 7\">\r\n\t\t\t<img decoding=\"async\" src=\"https:\/\/domartstyl.com\/wp-content\/uploads\/2020\/01\/0007-3-300x300.jpg\" loading=\"lazy\" alt=\"Catalog DomArtStyl 7\"\/>\r\n\t\t<\/a>\r\n\t<\/div>\r\n\t<div class=\"col text-center\">\r\n\t\t<a href=\"https:\/\/domartstyl.com\/wp-content\/uploads\/2020\/01\/0008-3.jpg\" class=\"lightgallery-item\" title=\"Catalog DomArtStyl 8\">\r\n\t\t\t<img decoding=\"async\" src=\"https:\/\/domartstyl.com\/wp-content\/uploads\/2020\/01\/0008-3-300x300.jpg\" loading=\"lazy\" alt=\"Catalog DomArtStyl 8\"\/>\r\n\t\t<\/a>\r\n\t<\/div>\r\n\t<div class=\"col text-center\">\r\n\t\t<a href=\"https:\/\/domartstyl.com\/wp-content\/uploads\/2020\/01\/0009-3.jpg\" class=\"lightgallery-item\" title=\"Catalog DomArtStyl 9\">\r\n\t\t\t<img decoding=\"async\" src=\"https:\/\/domartstyl.com\/wp-content\/uploads\/2020\/01\/0009-3-300x300.jpg\" loading=\"lazy\" alt=\"Catalog DomArtStyl 9\"\/>\r\n\t\t<\/a>\r\n\t<\/div>\r\n\t<div class=\"col text-center\">\r\n\t\t<a href=\"https:\/\/domartstyl.com\/wp-content\/uploads\/2020\/01\/0010-3.jpg\" class=\"lightgallery-item\" title=\"Catalog DomArtStyl 10\">\r\n\t\t\t<img decoding=\"async\" src=\"https:\/\/domartstyl.com\/wp-content\/uploads\/2020\/01\/0010-3-300x300.jpg\" loading=\"lazy\" alt=\"Catalog DomArtStyl 10\"\/>\r\n\t\t<\/a>\r\n\t<\/div>\r\n<\/div>","protected":false},"excerpt":{"rendered":"","protected":false},"author":41,"featured_media":0,"parent":0,"menu_order":0,"comment_status":"closed","ping_status":"closed","template":"page-gallery.php","meta":{"footnotes":""},"class_list":["post-77162","page","type-page","status-publish","hentry"],"yoast_head":"<!-- This site is optimized with the Yoast SEO Premium plugin v25.0 (Yoast SEO v25.0) - https:\/\/yoast.com\/wordpress\/plugins\/seo\/ -->\n<title>E-catalog - DomArtStyl<\/title>\n<meta name=\"robots\" content=\"index, follow, max-snippet:-1, max-image-preview:large, max-video-preview:-1\" \/>\n<link rel=\"canonical\" href=\"https:\/\/domartstyl.com\/en\/e-catalog\/\" \/>\n<meta property=\"og:locale\" content=\"en_US\" \/>\n<meta property=\"og:type\" content=\"article\" \/>\n<meta property=\"og:title\" content=\"E-catalog\" \/>\n<meta property=\"og:url\" content=\"https:\/\/domartstyl.com\/en\/e-catalog\/\" \/>\n<meta property=\"og:site_name\" content=\"DomArtStyl\" \/>\n<meta property=\"article:publisher\" content=\"https:\/\/www.facebook.com\/DomArtStyl\/\" \/>\n<meta property=\"article:modified_time\" content=\"2022-05-17T07:48:14+00:00\" \/>\n<meta property=\"og:image\" content=\"https:\/\/domartstyl.com\/wp-content\/uploads\/2020\/01\/0001-3-300x300.jpg\" \/>\n<meta name=\"twitter:card\" content=\"summary_large_image\" \/>\n<meta name=\"twitter:site\" content=\"@DomArtStyl_pl\" \/>\n<script type=\"application\/ld+json\" class=\"yoast-schema-graph\">{\"@context\":\"https:\/\/schema.org\",\"@graph\":[{\"@type\":\"WebPage\",\"@id\":\"https:\/\/domartstyl.com\/en\/e-catalog\/\",\"url\":\"https:\/\/domartstyl.com\/en\/e-catalog\/\",\"name\":\"E-catalog - DomArtStyl\",\"isPartOf\":{\"@id\":\"https:\/\/domartstyl.com\/en\/#website\"},\"primaryImageOfPage\":{\"@id\":\"https:\/\/domartstyl.com\/en\/e-catalog\/#primaryimage\"},\"image\":{\"@id\":\"https:\/\/domartstyl.com\/en\/e-catalog\/#primaryimage\"},\"thumbnailUrl\":\"https:\/\/domartstyl.com\/wp-content\/uploads\/2020\/01\/0001-3-300x300.jpg\",\"datePublished\":\"2022-05-17T07:48:10+00:00\",\"dateModified\":\"2022-05-17T07:48:14+00:00\",\"breadcrumb\":{\"@id\":\"https:\/\/domartstyl.com\/en\/e-catalog\/#breadcrumb\"},\"inLanguage\":\"en-US\",\"potentialAction\":[{\"@type\":\"ReadAction\",\"target\":[\"https:\/\/domartstyl.com\/en\/e-catalog\/\"]}]},{\"@type\":\"ImageObject\",\"inLanguage\":\"en-US\",\"@id\":\"https:\/\/domartstyl.com\/en\/e-catalog\/#primaryimage\",\"url\":\"https:\/\/domartstyl.com\/wp-content\/uploads\/2020\/01\/0001-3-300x300.jpg\",\"contentUrl\":\"https:\/\/domartstyl.com\/wp-content\/uploads\/2020\/01\/0001-3-300x300.jpg\"},{\"@type\":\"BreadcrumbList\",\"@id\":\"https:\/\/domartstyl.com\/en\/e-catalog\/#breadcrumb\",\"itemListElement\":[{\"@type\":\"ListItem\",\"position\":1,\"name\":\"Strona g\u0142\u00f3wna\",\"item\":\"https:\/\/domartstyl.com\/en\/\"},{\"@type\":\"ListItem\",\"position\":2,\"name\":\"E-catalog\"}]},{\"@type\":\"WebSite\",\"@id\":\"https:\/\/domartstyl.com\/en\/#website\",\"url\":\"https:\/\/domartstyl.com\/en\/\",\"name\":\"DomArtStyl\",\"description\":\"Tworzymy meble najwy\u017cszej jako\u015bci. Sprzeda\u017c detaliczna \u00b7 Sprzeda\u017c hurtowa\",\"publisher\":{\"@id\":\"https:\/\/domartstyl.com\/en\/#organization\"},\"potentialAction\":[{\"@type\":\"SearchAction\",\"target\":{\"@type\":\"EntryPoint\",\"urlTemplate\":\"https:\/\/domartstyl.com\/en\/?s={search_term_string}\"},\"query-input\":{\"@type\":\"PropertyValueSpecification\",\"valueRequired\":true,\"valueName\":\"search_term_string\"}}],\"inLanguage\":\"en-US\"},{\"@type\":\"Organization\",\"@id\":\"https:\/\/domartstyl.com\/en\/#organization\",\"name\":\"DomArtStyl\",\"url\":\"https:\/\/domartstyl.com\/en\/\",\"logo\":{\"@type\":\"ImageObject\",\"inLanguage\":\"en-US\",\"@id\":\"https:\/\/domartstyl.com\/en\/#\/schema\/logo\/image\/\",\"url\":\"https:\/\/domartstyl.com\/wp-content\/uploads\/2018\/04\/Logo_300_width.png\",\"contentUrl\":\"https:\/\/domartstyl.com\/wp-content\/uploads\/2018\/04\/Logo_300_width.png\",\"width\":300,\"height\":140,\"caption\":\"DomArtStyl\"},\"image\":{\"@id\":\"https:\/\/domartstyl.com\/en\/#\/schema\/logo\/image\/\"},\"sameAs\":[\"https:\/\/www.facebook.com\/DomArtStyl\/\",\"https:\/\/x.com\/DomArtStyl_pl\",\"https:\/\/www.instagram.com\/domartstyl\/?hl=en\",\"https:\/\/pl.pinterest.com\/domartstyl01\/\",\"https:\/\/www.youtube.com\/channel\/UCkISSgvMomI6yFFL3JDbLhw\"]}]}<\/script>\n<!-- \/ Yoast SEO Premium plugin. -->","yoast_head_json":{"title":"E-catalog - DomArtStyl","robots":{"index":"index","follow":"follow","max-snippet":"max-snippet:-1","max-image-preview":"max-image-preview:large","max-video-preview":"max-video-preview:-1"},"canonical":"https:\/\/domartstyl.com\/en\/e-catalog\/","og_locale":"en_US","og_type":"article","og_title":"E-catalog","og_url":"https:\/\/domartstyl.com\/en\/e-catalog\/","og_site_name":"DomArtStyl","article_publisher":"https:\/\/www.facebook.com\/DomArtStyl\/","article_modified_time":"2022-05-17T07:48:14+00:00","og_image":[{"url":"https:\/\/domartstyl.com\/wp-content\/uploads\/2020\/01\/0001-3-300x300.jpg","type":"","width":"","height":""}],"twitter_card":"summary_large_image","twitter_site":"@DomArtStyl_pl","schema":{"@context":"https:\/\/schema.org","@graph":[{"@type":"WebPage","@id":"https:\/\/domartstyl.com\/en\/e-catalog\/","url":"https:\/\/domartstyl.com\/en\/e-catalog\/","name":"E-catalog - DomArtStyl","isPartOf":{"@id":"https:\/\/domartstyl.com\/en\/#website"},"primaryImageOfPage":{"@id":"https:\/\/domartstyl.com\/en\/e-catalog\/#primaryimage"},"image":{"@id":"https:\/\/domartstyl.com\/en\/e-catalog\/#primaryimage"},"thumbnailUrl":"https:\/\/domartstyl.com\/wp-content\/uploads\/2020\/01\/0001-3-300x300.jpg","datePublished":"2022-05-17T07:48:10+00:00","dateModified":"2022-05-17T07:48:14+00:00","breadcrumb":{"@id":"https:\/\/domartstyl.com\/en\/e-catalog\/#breadcrumb"},"inLanguage":"en-US","potentialAction":[{"@type":"ReadAction","target":["https:\/\/domartstyl.com\/en\/e-catalog\/"]}]},{"@type":"ImageObject","inLanguage":"en-US","@id":"https:\/\/domartstyl.com\/en\/e-catalog\/#primaryimage","url":"https:\/\/domartstyl.com\/wp-content\/uploads\/2020\/01\/0001-3-300x300.jpg","contentUrl":"https:\/\/domartstyl.com\/wp-content\/uploads\/2020\/01\/0001-3-300x300.jpg"},{"@type":"BreadcrumbList","@id":"https:\/\/domartstyl.com\/en\/e-catalog\/#breadcrumb","itemListElement":[{"@type":"ListItem","position":1,"name":"Strona g\u0142\u00f3wna","item":"https:\/\/domartstyl.com\/en\/"},{"@type":"ListItem","position":2,"name":"E-catalog"}]},{"@type":"WebSite","@id":"https:\/\/domartstyl.com\/en\/#website","url":"https:\/\/domartstyl.com\/en\/","name":"DomArtStyl","description":"Tworzymy meble najwy\u017cszej jako\u015bci. Sprzeda\u017c detaliczna \u00b7 Sprzeda\u017c hurtowa","publisher":{"@id":"https:\/\/domartstyl.com\/en\/#organization"},"potentialAction":[{"@type":"SearchAction","target":{"@type":"EntryPoint","urlTemplate":"https:\/\/domartstyl.com\/en\/?s={search_term_string}"},"query-input":{"@type":"PropertyValueSpecification","valueRequired":true,"valueName":"search_term_string"}}],"inLanguage":"en-US"},{"@type":"Organization","@id":"https:\/\/domartstyl.com\/en\/#organization","name":"DomArtStyl","url":"https:\/\/domartstyl.com\/en\/","logo":{"@type":"ImageObject","inLanguage":"en-US","@id":"https:\/\/domartstyl.com\/en\/#\/schema\/logo\/image\/","url":"https:\/\/domartstyl.com\/wp-content\/uploads\/2018\/04\/Logo_300_width.png","contentUrl":"https:\/\/domartstyl.com\/wp-content\/uploads\/2018\/04\/Logo_300_width.png","width":300,"height":140,"caption":"DomArtStyl"},"image":{"@id":"https:\/\/domartstyl.com\/en\/#\/schema\/logo\/image\/"},"sameAs":["https:\/\/www.facebook.com\/DomArtStyl\/","https:\/\/x.com\/DomArtStyl_pl","https:\/\/www.instagram.com\/domartstyl\/?hl=en","https:\/\/pl.pinterest.com\/domartstyl01\/","https:\/\/www.youtube.com\/channel\/UCkISSgvMomI6yFFL3JDbLhw"]}]}},"_links":{"self":[{"href":"https:\/\/domartstyl.com\/en\/wp-json\/wp\/v2\/pages\/77162","targetHints":{"allow":["GET"]}}],"collection":[{"href":"https:\/\/domartstyl.com\/en\/wp-json\/wp\/v2\/pages"}],"about":[{"href":"https:\/\/domartstyl.com\/en\/wp-json\/wp\/v2\/types\/page"}],"author":[{"embeddable":true,"href":"https:\/\/domartstyl.com\/en\/wp-json\/wp\/v2\/users\/41"}],"replies":[{"embeddable":true,"href":"https:\/\/domartstyl.com\/en\/wp-json\/wp\/v2\/comments?post=77162"}],"version-history":[{"count":0,"href":"https:\/\/domartstyl.com\/en\/wp-json\/wp\/v2\/pages\/77162\/revisions"}],"wp:attachment":[{"href":"https:\/\/domartstyl.com\/en\/wp-json\/wp\/v2\/media?parent=77162"}],"curies":[{"name":"wp","href":"https:\/\/api.w.org\/{rel}","templated":true}]}}