{"id":77149,"date":"2022-05-15T15:58:51","date_gmt":"2022-05-15T14:58:51","guid":{"rendered":"https:\/\/domartstyl.com\/entrusted-fabrics\/"},"modified":"2025-03-31T10:02:09","modified_gmt":"2025-03-31T09:02:09","slug":"entrusted-fabrics","status":"publish","type":"page","link":"https:\/\/domartstyl.com\/en\/entrusted-fabrics\/","title":{"rendered":"Entrusted fabrics"},"content":{"rendered":"<h3 class=\"wp-block-heading has-text-align-center\"><strong>How to proceed in the case of ENTRUSTED FABRIC?<\/strong><\/h3><p><\/p><p class=\"has-text-align-left\">The amount of the entrusted fabric is each time determined with the Customer Service Office and sent to the warehouse address: Szklarka Miel\u0119cka 7, 63-600 K\u0119pno with the note name and surname of the ordering party and the order number, along with: &#8211; the name of the entrusted fabric, &#8211; marking the right side of the material, if it is in doubt.<\/p><p class=\"has-text-align-left\">The number of running meters given by BOK applies to smooth material with a usable width of 140 cm (without edges that cannot be used).<\/p><p class=\"has-text-align-left\">Fabrics should be shipped in one piece. Remnants of fabric are not returned. In the case of striped fabrics, specify whether they are to be arranged vertically or horizontally on the piece of furniture. Patterned fabrics are not placed on the piece of furniture, the pattern is not matched to the pattern.<br\/>DomArtStyl is not responsible for the quality of the sent fabric, which determines the final appearance of the furniture.<\/p><p>With a large amount of furniture ordered in the entrusted fabric, we reserve the right to make one piece for trial in order to assess the quality and behavior of the material on a given piece of furniture.<\/p><p>We inform you about the defects of the material that you have sen by e-mail.<\/p><p>We reserve the right to refuse orders in entrusted fabric at any stage of production if it cannot be used for technical reasons.<\/p><p class=\"has-text-align-left\">DomArtStyl reserves the right to refuse to make a specific model of furniture in the entrusted fabric, when it cannot be used for technical reasons.<\/p><figure class=\"wp-block-image size-full\"><img decoding=\"async\" width=\"1000\" height=\"200\" src=\"https:\/\/domartstyl.com\/wp-content\/uploads\/2021\/12\/B1.jpg\" alt=\"\" class=\"wp-image-73798\"\/><\/figure><figure class=\"wp-block-image size-full\"><img decoding=\"async\" width=\"1000\" height=\"200\" src=\"https:\/\/domartstyl.com\/wp-content\/uploads\/2021\/12\/B3.jpg\" alt=\"\" class=\"wp-image-73802\"\/><\/figure>","protected":false},"excerpt":{"rendered":"<p>How to proceed in the case of ENTRUSTED FABRIC? The amount of the entrusted fabric is each time determined with [&hellip;]<\/p>\n","protected":false},"author":41,"featured_media":0,"parent":0,"menu_order":0,"comment_status":"closed","ping_status":"closed","template":"page-sidebar-none.php","meta":{"footnotes":""},"class_list":["post-77149","page","type-page","status-publish","hentry"],"yoast_head":"<!-- This site is optimized with the Yoast SEO Premium plugin v25.0 (Yoast SEO v25.0) - https:\/\/yoast.com\/wordpress\/plugins\/seo\/ -->\n<title>Entrusted fabrics - Fabrics offer - DomArtStyl<\/title>\n<meta name=\"robots\" content=\"index, follow, max-snippet:-1, max-image-preview:large, max-video-preview:-1\" \/>\n<link rel=\"canonical\" href=\"https:\/\/domartstyl.com\/en\/entrusted-fabrics\/\" \/>\n<meta property=\"og:locale\" content=\"en_US\" \/>\n<meta property=\"og:type\" content=\"article\" \/>\n<meta property=\"og:title\" content=\"Entrusted fabrics\" \/>\n<meta property=\"og:description\" content=\"How to proceed in the case of ENTRUSTED FABRIC? The amount of the entrusted fabric is each time determined with [&hellip;]\" \/>\n<meta property=\"og:url\" content=\"https:\/\/domartstyl.com\/en\/entrusted-fabrics\/\" \/>\n<meta property=\"og:site_name\" content=\"DomArtStyl\" \/>\n<meta property=\"article:publisher\" content=\"https:\/\/www.facebook.com\/DomArtStyl\/\" \/>\n<meta property=\"article:modified_time\" content=\"2025-03-31T09:02:09+00:00\" \/>\n<meta property=\"og:image\" content=\"https:\/\/domartstyl.com\/wp-content\/uploads\/2021\/12\/B1.jpg\" \/>\n\t<meta property=\"og:image:width\" content=\"1000\" \/>\n\t<meta property=\"og:image:height\" content=\"200\" \/>\n\t<meta property=\"og:image:type\" content=\"image\/jpeg\" \/>\n<meta name=\"twitter:card\" content=\"summary_large_image\" \/>\n<meta name=\"twitter:site\" content=\"@DomArtStyl_pl\" \/>\n<meta name=\"twitter:label1\" content=\"Est. reading time\" \/>\n\t<meta name=\"twitter:data1\" content=\"1 minute\" \/>\n<script type=\"application\/ld+json\" class=\"yoast-schema-graph\">{\"@context\":\"https:\/\/schema.org\",\"@graph\":[{\"@type\":\"WebPage\",\"@id\":\"https:\/\/domartstyl.com\/en\/entrusted-fabrics\/\",\"url\":\"https:\/\/domartstyl.com\/en\/entrusted-fabrics\/\",\"name\":\"Entrusted fabrics - Fabrics offer - DomArtStyl\",\"isPartOf\":{\"@id\":\"https:\/\/domartstyl.com\/en\/#website\"},\"primaryImageOfPage\":{\"@id\":\"https:\/\/domartstyl.com\/en\/entrusted-fabrics\/#primaryimage\"},\"image\":{\"@id\":\"https:\/\/domartstyl.com\/en\/entrusted-fabrics\/#primaryimage\"},\"thumbnailUrl\":\"https:\/\/domartstyl.com\/wp-content\/uploads\/2021\/12\/B1.jpg\",\"datePublished\":\"2022-05-15T14:58:51+00:00\",\"dateModified\":\"2025-03-31T09:02:09+00:00\",\"breadcrumb\":{\"@id\":\"https:\/\/domartstyl.com\/en\/entrusted-fabrics\/#breadcrumb\"},\"inLanguage\":\"en-US\",\"potentialAction\":[{\"@type\":\"ReadAction\",\"target\":[\"https:\/\/domartstyl.com\/en\/entrusted-fabrics\/\"]}]},{\"@type\":\"ImageObject\",\"inLanguage\":\"en-US\",\"@id\":\"https:\/\/domartstyl.com\/en\/entrusted-fabrics\/#primaryimage\",\"url\":\"https:\/\/domartstyl.com\/wp-content\/uploads\/2021\/12\/B1.jpg\",\"contentUrl\":\"https:\/\/domartstyl.com\/wp-content\/uploads\/2021\/12\/B1.jpg\"},{\"@type\":\"BreadcrumbList\",\"@id\":\"https:\/\/domartstyl.com\/en\/entrusted-fabrics\/#breadcrumb\",\"itemListElement\":[{\"@type\":\"ListItem\",\"position\":1,\"name\":\"Strona g\u0142\u00f3wna\",\"item\":\"https:\/\/domartstyl.com\/en\/\"},{\"@type\":\"ListItem\",\"position\":2,\"name\":\"Entrusted fabrics\"}]},{\"@type\":\"WebSite\",\"@id\":\"https:\/\/domartstyl.com\/en\/#website\",\"url\":\"https:\/\/domartstyl.com\/en\/\",\"name\":\"DomArtStyl\",\"description\":\"Tworzymy meble najwy\u017cszej jako\u015bci. Sprzeda\u017c detaliczna \u00b7 Sprzeda\u017c hurtowa\",\"publisher\":{\"@id\":\"https:\/\/domartstyl.com\/en\/#organization\"},\"potentialAction\":[{\"@type\":\"SearchAction\",\"target\":{\"@type\":\"EntryPoint\",\"urlTemplate\":\"https:\/\/domartstyl.com\/en\/?s={search_term_string}\"},\"query-input\":{\"@type\":\"PropertyValueSpecification\",\"valueRequired\":true,\"valueName\":\"search_term_string\"}}],\"inLanguage\":\"en-US\"},{\"@type\":\"Organization\",\"@id\":\"https:\/\/domartstyl.com\/en\/#organization\",\"name\":\"DomArtStyl\",\"url\":\"https:\/\/domartstyl.com\/en\/\",\"logo\":{\"@type\":\"ImageObject\",\"inLanguage\":\"en-US\",\"@id\":\"https:\/\/domartstyl.com\/en\/#\/schema\/logo\/image\/\",\"url\":\"https:\/\/domartstyl.com\/wp-content\/uploads\/2018\/04\/Logo_300_width.png\",\"contentUrl\":\"https:\/\/domartstyl.com\/wp-content\/uploads\/2018\/04\/Logo_300_width.png\",\"width\":300,\"height\":140,\"caption\":\"DomArtStyl\"},\"image\":{\"@id\":\"https:\/\/domartstyl.com\/en\/#\/schema\/logo\/image\/\"},\"sameAs\":[\"https:\/\/www.facebook.com\/DomArtStyl\/\",\"https:\/\/x.com\/DomArtStyl_pl\",\"https:\/\/www.instagram.com\/domartstyl\/?hl=en\",\"https:\/\/pl.pinterest.com\/domartstyl01\/\",\"https:\/\/www.youtube.com\/channel\/UCkISSgvMomI6yFFL3JDbLhw\"]}]}<\/script>\n<!-- \/ Yoast SEO Premium plugin. -->","yoast_head_json":{"title":"Entrusted fabrics - Fabrics offer - DomArtStyl","robots":{"index":"index","follow":"follow","max-snippet":"max-snippet:-1","max-image-preview":"max-image-preview:large","max-video-preview":"max-video-preview:-1"},"canonical":"https:\/\/domartstyl.com\/en\/entrusted-fabrics\/","og_locale":"en_US","og_type":"article","og_title":"Entrusted fabrics","og_description":"How to proceed in the case of ENTRUSTED FABRIC? The amount of the entrusted fabric is each time determined with [&hellip;]","og_url":"https:\/\/domartstyl.com\/en\/entrusted-fabrics\/","og_site_name":"DomArtStyl","article_publisher":"https:\/\/www.facebook.com\/DomArtStyl\/","article_modified_time":"2025-03-31T09:02:09+00:00","og_image":[{"width":1000,"height":200,"url":"https:\/\/domartstyl.com\/wp-content\/uploads\/2021\/12\/B1.jpg","type":"image\/jpeg"}],"twitter_card":"summary_large_image","twitter_site":"@DomArtStyl_pl","twitter_misc":{"Est. reading time":"1 minute"},"schema":{"@context":"https:\/\/schema.org","@graph":[{"@type":"WebPage","@id":"https:\/\/domartstyl.com\/en\/entrusted-fabrics\/","url":"https:\/\/domartstyl.com\/en\/entrusted-fabrics\/","name":"Entrusted fabrics - Fabrics offer - DomArtStyl","isPartOf":{"@id":"https:\/\/domartstyl.com\/en\/#website"},"primaryImageOfPage":{"@id":"https:\/\/domartstyl.com\/en\/entrusted-fabrics\/#primaryimage"},"image":{"@id":"https:\/\/domartstyl.com\/en\/entrusted-fabrics\/#primaryimage"},"thumbnailUrl":"https:\/\/domartstyl.com\/wp-content\/uploads\/2021\/12\/B1.jpg","datePublished":"2022-05-15T14:58:51+00:00","dateModified":"2025-03-31T09:02:09+00:00","breadcrumb":{"@id":"https:\/\/domartstyl.com\/en\/entrusted-fabrics\/#breadcrumb"},"inLanguage":"en-US","potentialAction":[{"@type":"ReadAction","target":["https:\/\/domartstyl.com\/en\/entrusted-fabrics\/"]}]},{"@type":"ImageObject","inLanguage":"en-US","@id":"https:\/\/domartstyl.com\/en\/entrusted-fabrics\/#primaryimage","url":"https:\/\/domartstyl.com\/wp-content\/uploads\/2021\/12\/B1.jpg","contentUrl":"https:\/\/domartstyl.com\/wp-content\/uploads\/2021\/12\/B1.jpg"},{"@type":"BreadcrumbList","@id":"https:\/\/domartstyl.com\/en\/entrusted-fabrics\/#breadcrumb","itemListElement":[{"@type":"ListItem","position":1,"name":"Strona g\u0142\u00f3wna","item":"https:\/\/domartstyl.com\/en\/"},{"@type":"ListItem","position":2,"name":"Entrusted fabrics"}]},{"@type":"WebSite","@id":"https:\/\/domartstyl.com\/en\/#website","url":"https:\/\/domartstyl.com\/en\/","name":"DomArtStyl","description":"Tworzymy meble najwy\u017cszej jako\u015bci. Sprzeda\u017c detaliczna \u00b7 Sprzeda\u017c hurtowa","publisher":{"@id":"https:\/\/domartstyl.com\/en\/#organization"},"potentialAction":[{"@type":"SearchAction","target":{"@type":"EntryPoint","urlTemplate":"https:\/\/domartstyl.com\/en\/?s={search_term_string}"},"query-input":{"@type":"PropertyValueSpecification","valueRequired":true,"valueName":"search_term_string"}}],"inLanguage":"en-US"},{"@type":"Organization","@id":"https:\/\/domartstyl.com\/en\/#organization","name":"DomArtStyl","url":"https:\/\/domartstyl.com\/en\/","logo":{"@type":"ImageObject","inLanguage":"en-US","@id":"https:\/\/domartstyl.com\/en\/#\/schema\/logo\/image\/","url":"https:\/\/domartstyl.com\/wp-content\/uploads\/2018\/04\/Logo_300_width.png","contentUrl":"https:\/\/domartstyl.com\/wp-content\/uploads\/2018\/04\/Logo_300_width.png","width":300,"height":140,"caption":"DomArtStyl"},"image":{"@id":"https:\/\/domartstyl.com\/en\/#\/schema\/logo\/image\/"},"sameAs":["https:\/\/www.facebook.com\/DomArtStyl\/","https:\/\/x.com\/DomArtStyl_pl","https:\/\/www.instagram.com\/domartstyl\/?hl=en","https:\/\/pl.pinterest.com\/domartstyl01\/","https:\/\/www.youtube.com\/channel\/UCkISSgvMomI6yFFL3JDbLhw"]}]}},"_links":{"self":[{"href":"https:\/\/domartstyl.com\/en\/wp-json\/wp\/v2\/pages\/77149","targetHints":{"allow":["GET"]}}],"collection":[{"href":"https:\/\/domartstyl.com\/en\/wp-json\/wp\/v2\/pages"}],"about":[{"href":"https:\/\/domartstyl.com\/en\/wp-json\/wp\/v2\/types\/page"}],"author":[{"embeddable":true,"href":"https:\/\/domartstyl.com\/en\/wp-json\/wp\/v2\/users\/41"}],"replies":[{"embeddable":true,"href":"https:\/\/domartstyl.com\/en\/wp-json\/wp\/v2\/comments?post=77149"}],"version-history":[{"count":0,"href":"https:\/\/domartstyl.com\/en\/wp-json\/wp\/v2\/pages\/77149\/revisions"}],"wp:attachment":[{"href":"https:\/\/domartstyl.com\/en\/wp-json\/wp\/v2\/media?parent=77149"}],"curies":[{"name":"wp","href":"https:\/\/api.w.org\/{rel}","templated":true}]}}