{"id":77141,"date":"2022-05-13T13:22:38","date_gmt":"2022-05-13T12:22:38","guid":{"rendered":"https:\/\/domartstyl.com\/wholesale\/"},"modified":"2023-06-11T09:29:38","modified_gmt":"2023-06-11T08:29:38","slug":"wholesale","status":"publish","type":"page","link":"https:\/\/domartstyl.com\/en\/wholesale\/","title":{"rendered":"Wholesale"},"content":{"rendered":"<div class=\"container\">\n\t<div class=\"text-center mb-4\">\n\t\t<p>We invite you to find out more about entering into a partnership with our company.<\/p>\n\t\t<p class=\"mb-0\">We are a manufacturer of high-quality upholstered furniture, offering a wide range of products and favourable price conditions for wholesale customers.<\/p>\n\t<\/div>\n\t<div class=\"pb-4 pb-lg-0\">\n\t\t<div class=\"row gy-4 gy-lg-0 gx-lg-0 mb-4 mb-lg-0\">\n\t\t\t<div class=\"col-lg-6 offset-lg-1 order-lg-2\">\n\t\t\t\t<div class=\"image-section\">\n\t\t\t\t\t<img decoding=\"async\" src=\"\/wp-content\/uploads\/2023\/06\/sofa-bergamo-na-zamowienia-hurtowe.jpg\" loading=\"lazy\" alt=\"Bergamo sofa DomArtStyl\">\n\t\t\t\t<\/div>\n\t\t\t<\/div>\n\t\t\t<div class=\"col-lg-5 order-lg-1\">\n\t\t\t\t<div class=\"item-grid\">\n\t\t\t\t\t<div class=\"d-flex align-items-center h-100\">\n\t\t\t\t\t\t<div>\n\t\t\t\t\t\t\t<h3 class=\"h4 text-uppercase mb-4\">Why should you enter into cooperation with DomArtStyl?<\/h3>\n\t\t\t\t\t\t\t<p>Thanks to our many years of experience in the industry, we are able to meet the requirements of even the most demanding customers.<\/p>\n\t\t\t\t\t\t\t<p>We focus on quality, design and comfort. Specialising in the production of high-quality furniture that stands out for its elegant style and comfort.<\/p>\n\t\t\t\t\t\t\t<p>There are many benefits to entering into a partnership with us:<\/p>\n\t\t\t\t\t\t\t<ul class=\"mb-0\">\n\t\t\t\t\t\t\t\t<li class=\"mb-3\"><strong>Wholesale prices<\/strong> &#8211; we offer favourable price conditions to our business partners.<\/li>\n\t\t\t\t\t\t\t\t<li class=\"mb-3\"><strong>Extensive offer<\/strong> &#8211; access to a special range of products that are only available to wholesale customers.<\/li>\n\t\t\t\t\t\t\t\t<li class=\"mb-3\"><strong>Product personalisation<\/strong> &#8211; it is possible to make a series of bespoke products according to individual preferences.<\/li>\n\t\t\t\t\t\t\t\t<li class=\"mb-3\"><strong>Lead time<\/strong> &#8211; we attach great importance to meeting order deadlines.<\/li>\n\t\t\t\t\t\t\t\t<li><strong>Professional service<\/strong> &#8211; our customer service office is on hand to answer any questions you may have.<\/li>\n\t\t\t\t\t\t\t<\/ul>\n\t\t\t\t\t\t<\/div>\n\t\t\t\t\t<\/div>\n\t\t\t\t<\/div>\n\t\t\t<\/div>\n\t\t<\/div>\n\t<\/div>\n<\/div>\n<div class=\"bg-light\">\n\t<div class=\"container\">\n\t\t<div class=\"pb-4 pb-lg-0\">\n\t\t\t<div class=\"row gy-4 gy-lg-0 gx-lg-0 mb-4 mb-lg-0\">\n\t\t\t\t<div class=\"col-lg-6 order-lg-1\">\n\t\t\t\t\t<div class=\"image-section\">\n\t\t\t\t\t\t<img decoding=\"async\" src=\"\/wp-content\/uploads\/2023\/06\/fotel-nesta-na-zamowienia-hurtowe.jpg\" loading=\"lazy\" alt=\"Nesta armchair DomArtStyl\">\n\t\t\t\t\t<\/div>\n\t\t\t\t<\/div>\n\t\t\t\t<div class=\"col-lg-5 offset-lg-1 order-lg-2\">\n\t\t\t\t\t<div class=\"item-grid\">\n\t\t\t\t\t\t<div class=\"d-flex align-items-center h-100\">\n\t\t\t\t\t\t\t<div class=\"text-lg-end\">\n\t\t\t\t\t\t\t\t<h3 class=\"h4 text-uppercase mb-4\">Our wholesale offer of upholstered furniture<\/h3>\n\t\t\t\t\t\t\t\t<p>We offer a variety of upholstered furniture including: armchairs, chairs, sofas, corners, pouffes, benches and hockers.<\/p>\n\t\t\t\t\t\t\t\t<p>All the products shown on our website, are available at better prices for individuals or companies interested in bulk orders.<\/p>\n\t\t\t\t\t\t\t\t<p>In addition, you gain access to an additional range of more than 100 furniture models, not available to retail customers.<\/p>\n\t\t\t\t\t\t\t\t<a href=\"\/en?product_cat=wholesale-furniture\" class=\"btn btn-primary\" title=\"See our range of furniture for bulk orders\">See wholesale offer<\/a>\n\t\t\t\t\t\t\t<\/div>\n\t\t\t\t\t\t<\/div>\n\t\t\t\t\t<\/div>\n\t\t\t\t<\/div>\n\t\t\t<\/div>\n\t\t<\/div>\n\t<\/div>\n<\/div>\n<div class=\"py-4 py-lg-5\">\n\t<div class=\"section\">\n\t\t<div class=\"container\">\n\t\t\t<div class=\"row text-lg-center mb-4\">\n\t\t\t\t<div class=\"col-lg-10 offset-lg-1\">\n\t\t\t\t\t<h3 class=\"h4 text-uppercase mb-4\">Recommendations<\/h3>\n\t\t\t\t\t<p>We care about the trust and satisfaction of our customers, so we can boast a good reputation built up over years of cooperation.<\/p>\n\t\t\t\t\t<p class=\"mb-0\">Below you can take a look at some of the recommendations made by our business partners.<\/p>\n\t\t\t\t<\/div>\n\t\t\t<\/div>\n\t\t\t<div class=\"pb-4 pb-lg-0\">\n\t\t\t\t<div class=\"row gy-4 gx-md-4 gy-xl-0 row-cols-xl-5 justify-content-md-center text-center mb-4 mb-lg-0\">\n\t\t\t\t\t<div class=\"col-md-4\">\n\t\t\t\t\t\t<div class=\"mb-3\">\n\t\t\t\t\t\t\t<img decoding=\"async\" src=\"\/wp-content\/uploads\/2023\/06\/logo-westwing.png\" loading=\"lazy\" width=\"260\" height=\"120\" alt=\"Logo Polster\">\n\t\t\t\t\t\t<\/div>\n\t\t\t\t\t\t<a href=\"\/wp-content\/uploads\/2018\/04\/Rekomendacja_westwing.pdf\" class=\"btn btn-primary d-block\" title=\"Recommendation Westwing\">Recommendation <br>Westwing<\/a>\n\t\t\t\t\t<\/div>\n\t\t\t\t\t<div class=\"col-md-4\">\n\t\t\t\t\t\t<div class=\"mb-3\">\n\t\t\t\t\t\t\t<img decoding=\"async\" src=\"\/wp-content\/uploads\/2023\/06\/logo-cocodeco.png\" loading=\"lazy\" width=\"260\" height=\"120\" alt=\"Logo Cocodeco\">\n\t\t\t\t\t\t<\/div>\n\t\t\t\t\t\t<a href=\"\/wp-content\/uploads\/2018\/04\/Rekomendacja_Cocodeco.pdf\" class=\"btn btn-primary d-block\" title=\"Recommendation Cocodeco\">Recommendation <br>Cocodeco<\/a>\n\t\t\t\t\t<\/div>\n\t\t\t\t\t<div class=\"col-md-4\">\n\t\t\t\t\t\t<div class=\"mb-3\">\n\t\t\t\t\t\t\t<img decoding=\"async\" src=\"\/wp-content\/uploads\/2023\/06\/logo-polster.png\" loading=\"lazy\" width=\"260\" height=\"120\" alt=\"Logo Polster\">\n\t\t\t\t\t\t<\/div>\n\t\t\t\t\t\t<a href=\"\/wp-content\/uploads\/2018\/04\/Rekomendacja_Polsterwelt.pdf\" class=\"btn btn-primary d-block\" title=\"Recommendation Polster\">Recommendation <br>Polster<\/a>\n\t\t\t\t\t<\/div>\n\t\t\t\t\t<div class=\"col-md-4\">\n\t\t\t\t\t\t<div class=\"mb-3\">\n\t\t\t\t\t\t\t<img decoding=\"async\" src=\"\/wp-content\/uploads\/2023\/06\/logo-global-4-components.png\" loading=\"lazy\" width=\"260\" height=\"120\" alt=\"Logo Polster\">\n\t\t\t\t\t\t<\/div>\n\t\t\t\t\t\t<a href=\"\/wp-content\/uploads\/2018\/04\/Rekomendacja_Global.pdf\" class=\"btn btn-primary d-block\" title=\"Recommendation Global 4 Compontents\">Recommendation <br>Global 4 Compontents<\/a>\n\t\t\t\t\t<\/div>\n\t\t\t\t\t<div class=\"col-md-4\">\n\t\t\t\t\t\t<div class=\"mb-3\">\n\t\t\t\t\t\t\t<img decoding=\"async\" src=\"\/wp-content\/uploads\/2023\/06\/logo-mebioni.png\" loading=\"lazy\" width=\"260\" height=\"120\" alt=\"Logo Polster\">\n\t\t\t\t\t\t<\/div>\n\t\t\t\t\t\t<a href=\"\/wp-content\/uploads\/2018\/04\/Rekomendacja_mebioni.pdf\" class=\"btn btn-primary d-block\" title=\"Recommendation Mebioni\">Recommendation <br>Mebioni<\/a>\n\t\t\t\t\t<\/div>\n\t\t\t\t<\/div>\n\t\t\t<\/div>\n\t\t<\/div>\n\t<\/div>\n<\/div>\n<div class=\"bg-light py-4 py-lg-5\">\n\t<div class=\"section\">\n\t\t<div class=\"container\">\n\t\t\t<div class=\"row gy-4 gy-lg-0 gx-lg-0 mb-4 mb-lg-0\">\n\t\t\t\t<div class=\"col-lg-5\">\n\t\t\t\t\t<div class=\"d-flex align-items-center h-100\">\n\t\t\t\t\t\t<div>\n\t\t\t\t\t\t\t<h3 class=\"h4 text-uppercase mb-4\">Contact us<\/h3>\n\t\t\t\t\t\t\t<p>Please feel free to use our contact form. We will review your enquiry and get in touch to outline the terms and conditions.<\/p>\n\t\t\t\t\t\t\t<p class=\"mb-4\">It is also possible to contact our Customer Service Office by telephone:<\/p>\n\t\t\t\t\t\t\t<p>Tel:<a href=\"tel:882659700\" class=\"fw-bold\" title=\"Call us\">882 659 700<\/a><\/p>\n\t\t\t\t\t\t\t<p class=\"mb-4\">Email:<a href=\"mailto:biuro@domartstyl.pl\" class=\"fw-bold\" title=\"Write to us\">biuro@domartstyl.pl<\/a><\/p>\n\t\t\t\t\t\t\t<p class=\"mb-0\">The office is open from Monday to Friday: <br>6AM &#8211; 3PM<\/p>\n\t\t\t\t\t\t<\/div>\n\t\t\t\t\t<\/div>\n\t\t\t\t<\/div>\n\t\t\t\t<div class=\"col-lg-5 offset-lg-2\">\n\t\t\t\t\t<div class=\"bg-white border p-3 p-lg-4 p-xxl-5\">\n\t\t\t\t\t\t<div class=\"form-message\">\n\t\t\t\t\t\t\t<h6 class=\"border-bottom font-normal fw-bold ls-0 lh-18 pb-3 pb-lg-4 mb-4\">Contact Form<\/h6>\n\t\t\t\t\t\t\t<input type=\"hidden\" name=\"g-recaptcha-response\" id=\"g-recaptcha-response\">\n\t\t\t\t\t\t\t<form id=\"contactForm\">\n\t\t\t\t\t\t\t\t<div class=\"row\">\n\t\t\t\t\t\t\t\t\t<div class=\"col-md-6 mb-3\">\n\t\t\t\t\t\t\t\t\t\t<label for=\"contactEmail\" class=\"form-label text-md\">Address Email<\/label>\n\t\t\t\t\t\t\t\t\t\t<input type=\"email\" name=\"contactEmail\" id=\"contactEmail\" placeholder=\"Address Email\" class=\"form-control\" requided>\n\t\t\t\t\t\t\t\t\t\t<div class=\"invalid-feedback\">Please provide a valid email address.<\/div>\n\t\t\t\t\t\t\t\t\t<\/div>\n\t\t\t\t\t\t\t\t\t<div class=\"col-md-6 mb-3\">\n\t\t\t\t\t\t\t\t\t\t<label for=\"contactPhone\" class=\"form-label text-md\">Phone<\/label>\n\t\t\t\t\t\t\t\t\t\t<input type=\"tel\" name=\"contactPhone\" id=\"contactPhone\" placeholder=\"Telephone number\" class=\"form-control\" requided>\n\t\t\t\t\t\t\t\t\t\t<div class=\"invalid-feedback\">Incorrect telephone number.<\/div>\n\t\t\t\t\t\t\t\t\t<\/div>\n\t\t\t\t\t\t\t\t\t<div class=\"col-12 mb-3\">\n\t\t\t\t\t\t\t\t\t\t<label for=\"contactMessage\" class=\"form-label text-md\">Message<\/label>\n\t\t\t\t\t\t\t\t\t\t<textarea name=\"contactMessage\" id=\"contactMessage\" rows=\"10\" placeholder=\"Message...\" class=\"form-control\" requided><\/textarea>\n\t\t\t\t\t\t\t\t\t\t<div class=\"invalid-feedback\">The content of the message is too short.<\/div>\n\t\t\t\t\t\t\t\t\t<\/div>\n\t\t\t\t\t\t\t\t\t<div class=\"col-12 mb-3\">\n\t\t\t\t\t\t\t\t\t\t<div class=\"form-check\">\n\t\t\t\t\t\t\t\t\t\t\t<input class=\"form-check-input\" type=\"checkbox\" value=\"\" id=\"contactCheckbox\" requided>\n\t\t\t\t\t\t\t\t\t\t\t<label class=\"form-check-label text-md\" for=\"contactCheckbox\">Consent to the processing of data for the purpose of sending an offer.<\/label>\n\t\t\t\t\t\t\t\t\t\t\t<div class=\"invalid-feedback\">Consent is required.<\/div>\n\t\t\t\t\t\t\t\t\t\t<\/div>\n\t\t\t\t\t\t\t\t\t<\/div>\n\t\t\t\t\t\t\t\t\t<div class=\"col-12\">\n\t\t\t\t\t\t\t\t\t\t<div class=\"d-flex justify-content-lg-center\">\n\t\t\t\t\t\t\t\t\t\t\t<button type=\"submit\" class=\"btn btn-primary\" data-sitekey=\"6LdmxKsdAAAAAJz0Q5SAyzwrVuRXZv6Ia3lPlpt0\" id=\"sendContactForm\">Send Form<\/button>\n\t\t\t\t\t\t\t\t\t\t<\/div>\n\t\t\t\t\t\t\t\t\t<\/div>\n\t\t\t\t\t\t\t\t<\/div>\n\t\t\t\t\t\t\t<\/form>\n\t\t\t\t\t\t<\/div>\n\t\t\t\t\t<\/div>\n\t\t\t\t<\/div>\n\t\t\t<\/div>\n\t\t<\/div>\n\t<\/div>\n<\/div>\n<div class=\"container\">\n\t<div class=\"py-4 py-lg-0\">\n\t\t<div class=\"row gy-4 gy-lg-0 gx-lg-0 mb-4 mb-lg-0\">\n\t\t\t<div class=\"col-lg-6 order-lg-1\">\n\t\t\t\t<div class=\"image-section\">\n\t\t\t\t\t<img decoding=\"async\" src=\"\/wp-content\/uploads\/2023\/03\/kompleksowo-wyposazamy-wnetrza.jpg\" loading=\"lazy\" alt=\"Comprehensive furnishing of interiors DomArtStyl\">\n\t\t\t\t<\/div>\n\t\t\t<\/div>\n\t\t\t<div class=\"col-lg-5 offset-lg-1 order-lg-2\">\n\t\t\t\t<div class=\"item-grid\">\n\t\t\t\t\t<div class=\"d-flex align-items-center h-100\">\n\t\t\t\t\t\t<div class=\"text-lg-end\">\n\t\t\t\t\t\t\t<h3 class=\"h4 text-uppercase mb-4\">Comprehensive furnishing of interiors<\/h3>\n\t\t\t\t\t\t\t<p>Are you looking for help with setting up a conference room, office space or perhaps a hotel, restaurant, club or bar or shop? <br><strong>We will help!<\/strong><\/p>\n\t\t\t\t\t\t\t<p>We will prepare the design, select the appropriate materials and finishes.<\/p>\n\t\t\t\t\t\t\t<p class=\"mb-0\">With dozens of shapes, models and types of furniture and hundreds of fabrics, upholstery and quilting, we are able to fit into any space.<\/p>\n\t\t\t\t\t\t<\/div>\n\t\t\t\t\t<\/div>\n\t\t\t\t<\/div>\n\t\t\t<\/div>\n\t\t<\/div>\n\t<\/div>\n\t<div class=\"row gy-4 gy-lg-0 gx-lg-0 mb-4 mb-lg-0\">\n\t\t<div class=\"col-lg-6 offset-lg-1 order-lg-2\">\n\t\t\t<div class=\"image-section\">\n\t\t\t\t<img decoding=\"async\" src=\"\/wp-content\/uploads\/2022\/08\/o_nas_home_domartstyl_2.jpg\" loading=\"lazy\" alt=\"Dolores chair DomArtStyl\">\n\t\t\t<\/div>\n\t\t<\/div>\n\t\t<div class=\"col-lg-5 order-lg-1\">\n\t\t\t<div class=\"item-grid\">\n\t\t\t\t<div class=\"d-flex align-items-center h-100\">\n\t\t\t\t\t<div>\n\t\t\t\t\t\t<h3 class=\"h4 text-uppercase mb-4\">DomArtStyl &#8211; We are present in the media!<\/h3>\n\t\t\t\t\t\t<p>DomArtStyl furniture has become a permanent fixture in the editorial offices and television studios of the largest Polish stations.<\/p>\n\t\t\t\t\t\t<p class=\"mb-0\">We have equipped pressrooms, conference rooms and also television studios.<\/p>\n\t\t\t\t\t<\/div>\n\t\t\t\t<\/div>\n\t\t\t<\/div>\n\t\t<\/div>\n\t<\/div>\n<\/div>","protected":false},"excerpt":{"rendered":"<p>We invite you to find out more about entering into a partnership with our company. We are a manufacturer of [&hellip;]<\/p>\n","protected":false},"author":41,"featured_media":0,"parent":0,"menu_order":0,"comment_status":"closed","ping_status":"closed","template":"page-sidebar-none-full-width.php","meta":{"footnotes":""},"class_list":["post-77141","page","type-page","status-publish","hentry"],"yoast_head":"<!-- This site is optimized with the Yoast SEO Premium plugin v25.0 (Yoast SEO v25.0) - https:\/\/yoast.com\/wordpress\/plugins\/seo\/ -->\n<title>Wholesale of upholstered furniture - DomArtStyl<\/title>\n<meta name=\"description\" content=\"We manufacture and wholesale high-quality upholstered furniture. We invite contractors to cooperate.\" \/>\n<meta name=\"robots\" content=\"index, follow, max-snippet:-1, max-image-preview:large, max-video-preview:-1\" \/>\n<link rel=\"canonical\" href=\"https:\/\/domartstyl.com\/en\/wholesale\/\" \/>\n<meta property=\"og:locale\" content=\"en_US\" \/>\n<meta property=\"og:type\" content=\"article\" \/>\n<meta property=\"og:title\" content=\"Wholesale\" \/>\n<meta property=\"og:description\" content=\"We manufacture and wholesale high-quality upholstered furniture. We invite contractors to cooperate.\" \/>\n<meta property=\"og:url\" content=\"https:\/\/domartstyl.com\/en\/wholesale\/\" \/>\n<meta property=\"og:site_name\" content=\"DomArtStyl\" \/>\n<meta property=\"article:publisher\" content=\"https:\/\/www.facebook.com\/DomArtStyl\/\" \/>\n<meta property=\"article:modified_time\" content=\"2023-06-11T08:29:38+00:00\" \/>\n<meta property=\"og:image\" content=\"https:\/\/domartstyl.com\/wp-content\/uploads\/2021\/06\/logo_meta_og.jpg\" \/>\n\t<meta property=\"og:image:width\" content=\"800\" \/>\n\t<meta property=\"og:image:height\" content=\"800\" \/>\n\t<meta property=\"og:image:type\" content=\"image\/jpeg\" \/>\n<meta name=\"twitter:card\" content=\"summary_large_image\" \/>\n<meta name=\"twitter:site\" content=\"@DomArtStyl_pl\" \/>\n<meta name=\"twitter:label1\" content=\"Est. reading time\" \/>\n\t<meta name=\"twitter:data1\" content=\"5 minutes\" \/>\n<script type=\"application\/ld+json\" class=\"yoast-schema-graph\">{\"@context\":\"https:\/\/schema.org\",\"@graph\":[{\"@type\":\"WebPage\",\"@id\":\"https:\/\/domartstyl.com\/en\/wholesale\/\",\"url\":\"https:\/\/domartstyl.com\/en\/wholesale\/\",\"name\":\"Wholesale of upholstered furniture - DomArtStyl\",\"isPartOf\":{\"@id\":\"https:\/\/domartstyl.com\/en\/#website\"},\"datePublished\":\"2022-05-13T12:22:38+00:00\",\"dateModified\":\"2023-06-11T08:29:38+00:00\",\"description\":\"We manufacture and wholesale high-quality upholstered furniture. We invite contractors to cooperate.\",\"breadcrumb\":{\"@id\":\"https:\/\/domartstyl.com\/en\/wholesale\/#breadcrumb\"},\"inLanguage\":\"en-US\",\"potentialAction\":[{\"@type\":\"ReadAction\",\"target\":[\"https:\/\/domartstyl.com\/en\/wholesale\/\"]}]},{\"@type\":\"BreadcrumbList\",\"@id\":\"https:\/\/domartstyl.com\/en\/wholesale\/#breadcrumb\",\"itemListElement\":[{\"@type\":\"ListItem\",\"position\":1,\"name\":\"Strona g\u0142\u00f3wna\",\"item\":\"https:\/\/domartstyl.com\/en\/\"},{\"@type\":\"ListItem\",\"position\":2,\"name\":\"Wholesale\"}]},{\"@type\":\"WebSite\",\"@id\":\"https:\/\/domartstyl.com\/en\/#website\",\"url\":\"https:\/\/domartstyl.com\/en\/\",\"name\":\"DomArtStyl\",\"description\":\"Tworzymy meble najwy\u017cszej jako\u015bci. Sprzeda\u017c detaliczna \u00b7 Sprzeda\u017c hurtowa\",\"publisher\":{\"@id\":\"https:\/\/domartstyl.com\/en\/#organization\"},\"potentialAction\":[{\"@type\":\"SearchAction\",\"target\":{\"@type\":\"EntryPoint\",\"urlTemplate\":\"https:\/\/domartstyl.com\/en\/?s={search_term_string}\"},\"query-input\":{\"@type\":\"PropertyValueSpecification\",\"valueRequired\":true,\"valueName\":\"search_term_string\"}}],\"inLanguage\":\"en-US\"},{\"@type\":\"Organization\",\"@id\":\"https:\/\/domartstyl.com\/en\/#organization\",\"name\":\"DomArtStyl\",\"url\":\"https:\/\/domartstyl.com\/en\/\",\"logo\":{\"@type\":\"ImageObject\",\"inLanguage\":\"en-US\",\"@id\":\"https:\/\/domartstyl.com\/en\/#\/schema\/logo\/image\/\",\"url\":\"https:\/\/domartstyl.com\/wp-content\/uploads\/2018\/04\/Logo_300_width.png\",\"contentUrl\":\"https:\/\/domartstyl.com\/wp-content\/uploads\/2018\/04\/Logo_300_width.png\",\"width\":300,\"height\":140,\"caption\":\"DomArtStyl\"},\"image\":{\"@id\":\"https:\/\/domartstyl.com\/en\/#\/schema\/logo\/image\/\"},\"sameAs\":[\"https:\/\/www.facebook.com\/DomArtStyl\/\",\"https:\/\/x.com\/DomArtStyl_pl\",\"https:\/\/www.instagram.com\/domartstyl\/?hl=en\",\"https:\/\/pl.pinterest.com\/domartstyl01\/\",\"https:\/\/www.youtube.com\/channel\/UCkISSgvMomI6yFFL3JDbLhw\"]}]}<\/script>\n<!-- \/ Yoast SEO Premium plugin. -->","yoast_head_json":{"title":"Wholesale of upholstered furniture - DomArtStyl","description":"We manufacture and wholesale high-quality upholstered furniture. We invite contractors to cooperate.","robots":{"index":"index","follow":"follow","max-snippet":"max-snippet:-1","max-image-preview":"max-image-preview:large","max-video-preview":"max-video-preview:-1"},"canonical":"https:\/\/domartstyl.com\/en\/wholesale\/","og_locale":"en_US","og_type":"article","og_title":"Wholesale","og_description":"We manufacture and wholesale high-quality upholstered furniture. We invite contractors to cooperate.","og_url":"https:\/\/domartstyl.com\/en\/wholesale\/","og_site_name":"DomArtStyl","article_publisher":"https:\/\/www.facebook.com\/DomArtStyl\/","article_modified_time":"2023-06-11T08:29:38+00:00","og_image":[{"width":800,"height":800,"url":"https:\/\/domartstyl.com\/wp-content\/uploads\/2021\/06\/logo_meta_og.jpg","type":"image\/jpeg"}],"twitter_card":"summary_large_image","twitter_site":"@DomArtStyl_pl","twitter_misc":{"Est. reading time":"5 minutes"},"schema":{"@context":"https:\/\/schema.org","@graph":[{"@type":"WebPage","@id":"https:\/\/domartstyl.com\/en\/wholesale\/","url":"https:\/\/domartstyl.com\/en\/wholesale\/","name":"Wholesale of upholstered furniture - DomArtStyl","isPartOf":{"@id":"https:\/\/domartstyl.com\/en\/#website"},"datePublished":"2022-05-13T12:22:38+00:00","dateModified":"2023-06-11T08:29:38+00:00","description":"We manufacture and wholesale high-quality upholstered furniture. We invite contractors to cooperate.","breadcrumb":{"@id":"https:\/\/domartstyl.com\/en\/wholesale\/#breadcrumb"},"inLanguage":"en-US","potentialAction":[{"@type":"ReadAction","target":["https:\/\/domartstyl.com\/en\/wholesale\/"]}]},{"@type":"BreadcrumbList","@id":"https:\/\/domartstyl.com\/en\/wholesale\/#breadcrumb","itemListElement":[{"@type":"ListItem","position":1,"name":"Strona g\u0142\u00f3wna","item":"https:\/\/domartstyl.com\/en\/"},{"@type":"ListItem","position":2,"name":"Wholesale"}]},{"@type":"WebSite","@id":"https:\/\/domartstyl.com\/en\/#website","url":"https:\/\/domartstyl.com\/en\/","name":"DomArtStyl","description":"Tworzymy meble najwy\u017cszej jako\u015bci. Sprzeda\u017c detaliczna \u00b7 Sprzeda\u017c hurtowa","publisher":{"@id":"https:\/\/domartstyl.com\/en\/#organization"},"potentialAction":[{"@type":"SearchAction","target":{"@type":"EntryPoint","urlTemplate":"https:\/\/domartstyl.com\/en\/?s={search_term_string}"},"query-input":{"@type":"PropertyValueSpecification","valueRequired":true,"valueName":"search_term_string"}}],"inLanguage":"en-US"},{"@type":"Organization","@id":"https:\/\/domartstyl.com\/en\/#organization","name":"DomArtStyl","url":"https:\/\/domartstyl.com\/en\/","logo":{"@type":"ImageObject","inLanguage":"en-US","@id":"https:\/\/domartstyl.com\/en\/#\/schema\/logo\/image\/","url":"https:\/\/domartstyl.com\/wp-content\/uploads\/2018\/04\/Logo_300_width.png","contentUrl":"https:\/\/domartstyl.com\/wp-content\/uploads\/2018\/04\/Logo_300_width.png","width":300,"height":140,"caption":"DomArtStyl"},"image":{"@id":"https:\/\/domartstyl.com\/en\/#\/schema\/logo\/image\/"},"sameAs":["https:\/\/www.facebook.com\/DomArtStyl\/","https:\/\/x.com\/DomArtStyl_pl","https:\/\/www.instagram.com\/domartstyl\/?hl=en","https:\/\/pl.pinterest.com\/domartstyl01\/","https:\/\/www.youtube.com\/channel\/UCkISSgvMomI6yFFL3JDbLhw"]}]}},"_links":{"self":[{"href":"https:\/\/domartstyl.com\/en\/wp-json\/wp\/v2\/pages\/77141","targetHints":{"allow":["GET"]}}],"collection":[{"href":"https:\/\/domartstyl.com\/en\/wp-json\/wp\/v2\/pages"}],"about":[{"href":"https:\/\/domartstyl.com\/en\/wp-json\/wp\/v2\/types\/page"}],"author":[{"embeddable":true,"href":"https:\/\/domartstyl.com\/en\/wp-json\/wp\/v2\/users\/41"}],"replies":[{"embeddable":true,"href":"https:\/\/domartstyl.com\/en\/wp-json\/wp\/v2\/comments?post=77141"}],"version-history":[{"count":0,"href":"https:\/\/domartstyl.com\/en\/wp-json\/wp\/v2\/pages\/77141\/revisions"}],"wp:attachment":[{"href":"https:\/\/domartstyl.com\/en\/wp-json\/wp\/v2\/media?parent=77141"}],"curies":[{"name":"wp","href":"https:\/\/api.w.org\/{rel}","templated":true}]}}