{"id":77129,"date":"2022-05-13T09:26:19","date_gmt":"2022-05-13T08:26:19","guid":{"rendered":"https:\/\/domartstyl.com\/hotel-furniture\/"},"modified":"2022-05-13T09:26:20","modified_gmt":"2022-05-13T08:26:20","slug":"hotel-furniture","status":"publish","type":"page","link":"https:\/\/domartstyl.com\/en\/hotel-furniture\/","title":{"rendered":"Hotel Furniture"},"content":{"rendered":"<p>Equipping hotels with furniture is a very important investment. The comfort, quality and appearance of furniture directly affect the satisfaction of guests who are willing to return to a place where they feel comfortable. It is very important in creating the interior of the hotel that it gives the impression of hospitality and coziness. In hotel rooms decorated with DomArtStyl furniture, hotel guests will feel as good as at home.<\/p><p>The furniture we offer will allow you to arrange the interior in any style. Our offer includes thousands of different designs.<\/p><p>Hotel furniture should be carefully made, of very good quality, very comfortable and of an original appearance. It is important that these features are retained because they have an impact on the satisfaction of your guests who will be happy to return to a place where they feel comfortable. If you need furniture for a hotel or guesthouse, you will surely find something for yourself. DomArtStyl is a manufacturer of furniture for hotels and guesthouses.<\/p><p>Upholstered hotel furniture, which you can find in our offer, comes in many different colors and finishes. You can also choose the upholstery and choose a pattern on it, so you can create the furniture of your dreams. Upholstered furniture for guesthouses offered by our company will allow you to arrange your interior in any style.<\/p><div class=\"woocommerce columns-4 \">\r\n    <div class=\"row g-0 mt-0\">\r\n\n\n\n\t<div class=\"col-12 col-md-6 col-lg-3\">\n    <div class=\"item-grid text-center p-3 product type-product post-5724 status-publish first instock product_cat-poufs has-post-thumbnail taxable shipping-taxable purchasable product-type-simple\">\n    \t<div class=\"bg-light h-100\">\n    \t\t\t\t\t<div class=\"bg-white position-relative px-3 pt-3 px-xl-4\">\n\t\t\t\t<a href=\"https:\/\/domartstyl.com\/en\/ester-40-pouf\/\" class=\"woocommerce-LoopProduct-link woocommerce-loop-product__link\"><img decoding=\"async\" width=\"480\" height=\"480\" src=\"https:\/\/domartstyl.com\/wp-content\/uploads\/2018\/04\/Pufa-biala-okragla-do-przedpokoju-Ester-40-600x600.jpg\" class=\"attachment-480x480 size-480x480\" alt=\"Pufa bia\u0142a okr\u0105g\u0142a do przedpokoju Ester 40\" \/><img decoding=\"async\" width=\"480\" height=\"480\" src=\"https:\/\/domartstyl.com\/wp-content\/uploads\/2018\/04\/Pufa-biala-okragla-nowoczesna-do-przedpokoju-Ester-40-600x600.jpg\" class=\"attachment-480x480 size-480x480\" alt=\"Pufa bia\u0142a okr\u0105g\u0142a nowoczesna do przedpokoju Ester 40\" \/>\t\t\t<\/div>\n\t\t\t<div class=\"d-flex flex-column bg-light p-3 px-xl-4 gap-2\">\n\t\t\t    <h6 class=\"product-list-title my-0\">Ester 40 Pouf<\/h6><\/a><span class=\"gtm4wp_productdata\" style=\"display:none; visibility:hidden;\" data-gtm4wp_product_data=\"{&quot;internal_id&quot;:5724,&quot;item_id&quot;:5724,&quot;item_name&quot;:&quot;Ester 40 Pouf&quot;,&quot;sku&quot;:5724,&quot;price&quot;:137.25,&quot;stocklevel&quot;:null,&quot;stockstatus&quot;:&quot;instock&quot;,&quot;google_business_vertical&quot;:&quot;retail&quot;,&quot;item_category&quot;:&quot;Poufs&quot;,&quot;id&quot;:5724,&quot;productlink&quot;:&quot;https:\\\/\\\/domartstyl.com\\\/en\\\/ester-40-pouf\\\/&quot;,&quot;item_list_name&quot;:&quot;General Product List&quot;,&quot;index&quot;:1,&quot;product_type&quot;:&quot;simple&quot;,&quot;item_brand&quot;:&quot;&quot;}\"><\/span>            <div class=\"d-flex\">\n            <div class=\"text-lg text-grey fw-regular\">\n                                                            <span class=\"woocommerce-Price-amount amount\"><bdi><span class=\"woocommerce-Price-currencySymbol\">&euro;<\/span>137,25<\/bdi><\/span>                                                <\/div>\n        <\/div>\n    \n        <div class=\"mt-2\">\r\n            <div class=\"d-flex align-items-end gap-2\">\r\n                <div class=\"d-flex align-items-center gap-1\">\r\n                                            <img decoding=\"async\" src=\"\/wp-content\/uploads\/tkaniny\/xxs\/Riviera\/Riviera-16.jpg\" class=\"product-list-item-fabric\" loading=\"lazy\" width=\"24\" height=\"24\" alt=\"Riviera 16\">\r\n                                            <img decoding=\"async\" src=\"\/wp-content\/uploads\/tkaniny\/xxs\/Riviera\/Riviera-51.jpg\" class=\"product-list-item-fabric\" loading=\"lazy\" width=\"24\" height=\"24\" alt=\"Riviera 51\">\r\n                                            <img decoding=\"async\" src=\"\/wp-content\/uploads\/tkaniny\/xxs\/Riviera\/Riviera-80.jpg\" class=\"product-list-item-fabric\" loading=\"lazy\" width=\"24\" height=\"24\" alt=\"Riviera 80\">\r\n                                            <img decoding=\"async\" src=\"\/wp-content\/uploads\/tkaniny\/xxs\/Riviera\/Riviera-91.jpg\" class=\"product-list-item-fabric\" loading=\"lazy\" width=\"24\" height=\"24\" alt=\"Riviera 91\">\r\n                                    <\/div>\r\n                <span class=\"text-sm text-muted fw-bold\">+25 other colors<\/span>\r\n            <\/div>\r\n        <\/div>\r\n    \t        <\/div>\n    \t<\/div>\n    <\/div>\n<\/div>\n\n\n\n\t<div class=\"col-12 col-md-6 col-lg-3\">\n    <div class=\"item-grid text-center p-3 product type-product post-4255 status-publish instock product_cat-wholesale-furniture has-post-thumbnail taxable shipping-taxable product-type-soldout\">\n    \t<div class=\"bg-light h-100\">\n    \t\t\t\t\t<div class=\"bg-white position-relative px-3 pt-3 px-xl-4\">\n\t\t\t\t<a href=\"https:\/\/domartstyl.com\/en\/ludwik-chair\/\" class=\"woocommerce-LoopProduct-link woocommerce-loop-product__link\"><img decoding=\"async\" width=\"480\" height=\"480\" src=\"https:\/\/domartstyl.com\/wp-content\/uploads\/2018\/04\/Krzeslo-bezowe-welurowe-tapicerowane-do-salonu-na-drewnianych-nogach-Ludwik-600x600.jpg\" class=\"attachment-480x480 size-480x480\" alt=\"Krzes\u0142o be\u017cowe welurowe tapicerowane do salonu na drewnianych nogach Ludwik\" \/><img decoding=\"async\" width=\"480\" height=\"480\" src=\"https:\/\/domartstyl.com\/wp-content\/uploads\/2018\/04\/Krzeslo-czarne-welurowe-tapicerowane-do-salonu-na-drewnianych-nogach-Ludwik-600x600.jpg\" class=\"attachment-480x480 size-480x480\" alt=\"Krzes\u0142o czarne welurowe tapicerowane do salonu na drewnianych nogach Ludwik\" \/>\t\t\t<\/div>\n\t\t\t<div class=\"d-flex flex-column bg-light p-3 px-xl-4 gap-2\">\n\t\t\t    <h6 class=\"product-list-title my-0\">Ludwik Chair<\/h6><\/a><span class=\"gtm4wp_productdata\" style=\"display:none; visibility:hidden;\" data-gtm4wp_product_data=\"{&quot;internal_id&quot;:4255,&quot;item_id&quot;:4255,&quot;item_name&quot;:&quot;Ludwik Chair&quot;,&quot;sku&quot;:4255,&quot;price&quot;:0,&quot;stocklevel&quot;:null,&quot;stockstatus&quot;:&quot;instock&quot;,&quot;google_business_vertical&quot;:&quot;retail&quot;,&quot;item_category&quot;:&quot;wholesale furniture&quot;,&quot;id&quot;:4255,&quot;productlink&quot;:&quot;https:\\\/\\\/domartstyl.com\\\/en\\\/ludwik-chair\\\/&quot;,&quot;item_list_name&quot;:&quot;General Product List&quot;,&quot;index&quot;:2,&quot;product_type&quot;:&quot;soldout&quot;,&quot;item_brand&quot;:&quot;&quot;}\"><\/span>\n    \n        \n    \n    \n        \n    \n\t        <\/div>\n    \t<\/div>\n    <\/div>\n<\/div>\n\n\n\n\t<div class=\"col-12 col-md-6 col-lg-3\">\n    <div class=\"item-grid text-center p-3 product type-product post-3996 status-publish instock product_cat-wholesale-furniture has-post-thumbnail taxable shipping-taxable product-type-soldout\">\n    \t<div class=\"bg-light h-100\">\n    \t\t\t\t\t<div class=\"bg-white position-relative px-3 pt-3 px-xl-4\">\n\t\t\t\t<a href=\"https:\/\/domartstyl.com\/en\/lux-chair\/\" class=\"woocommerce-LoopProduct-link woocommerce-loop-product__link\"><img decoding=\"async\" width=\"480\" height=\"480\" src=\"https:\/\/domartstyl.com\/wp-content\/uploads\/2018\/04\/Jasnoszare-krzeslo-tapicerowane-do-jadalni-Lux-600x600.jpg\" class=\"attachment-480x480 size-480x480\" alt=\"Jasnoszare krzes\u0142o tapicerowane do jadalni Lux\" \/><img decoding=\"async\" width=\"480\" height=\"480\" src=\"https:\/\/domartstyl.com\/wp-content\/uploads\/2018\/04\/Krzes\u0142o-Lux-etna-90-7-venge-5-1-600x600.jpg\" class=\"attachment-480x480 size-480x480\" alt=\"\" \/>\t\t\t<\/div>\n\t\t\t<div class=\"d-flex flex-column bg-light p-3 px-xl-4 gap-2\">\n\t\t\t    <h6 class=\"product-list-title my-0\">Lux Chair<\/h6><\/a><span class=\"gtm4wp_productdata\" style=\"display:none; visibility:hidden;\" data-gtm4wp_product_data=\"{&quot;internal_id&quot;:3996,&quot;item_id&quot;:3996,&quot;item_name&quot;:&quot;Lux Chair&quot;,&quot;sku&quot;:3996,&quot;price&quot;:0,&quot;stocklevel&quot;:null,&quot;stockstatus&quot;:&quot;instock&quot;,&quot;google_business_vertical&quot;:&quot;retail&quot;,&quot;item_category&quot;:&quot;wholesale furniture&quot;,&quot;id&quot;:3996,&quot;productlink&quot;:&quot;https:\\\/\\\/domartstyl.com\\\/en\\\/lux-chair\\\/&quot;,&quot;item_list_name&quot;:&quot;General Product List&quot;,&quot;index&quot;:3,&quot;product_type&quot;:&quot;soldout&quot;,&quot;item_brand&quot;:&quot;&quot;}\"><\/span>\n    \n        \n    \n    \n        \n    \n\t        <\/div>\n    \t<\/div>\n    <\/div>\n<\/div>\n\n\n\n\t<div class=\"col-12 col-md-6 col-lg-3\">\n    <div class=\"item-grid text-center p-3 product type-product post-4027 status-publish last instock product_cat-chairs has-post-thumbnail taxable shipping-taxable purchasable product-type-variable\">\n    \t<div class=\"bg-light h-100\">\n    \t\t\t\t\t<div class=\"bg-white position-relative px-3 pt-3 px-xl-4\">\n\t\t\t\t<a href=\"https:\/\/domartstyl.com\/en\/madam-chair\/\" class=\"woocommerce-LoopProduct-link woocommerce-loop-product__link\"><img decoding=\"async\" width=\"480\" height=\"384\" src=\"https:\/\/domartstyl.com\/wp-content\/uploads\/2018\/04\/Krzes\u0142o-Madam-1.jpg\" class=\"attachment-480x480 size-480x480\" alt=\"Madam chair\" \/><img decoding=\"async\" width=\"480\" height=\"480\" src=\"https:\/\/domartstyl.com\/wp-content\/uploads\/2018\/04\/Jasnoszare-welurowe-krzeslo-tapicerowane-do-jadalni-na-drewnianych-nogach-Madam-600x600.jpg\" class=\"attachment-480x480 size-480x480\" alt=\"Jasnoszare welurowe krzes\u0142o tapicerowane do jadalni na drewnianych nogach Madam\" \/>\t\t\t<\/div>\n\t\t\t<div class=\"d-flex flex-column bg-light p-3 px-xl-4 gap-2\">\n\t\t\t    <h6 class=\"product-list-title my-0\">Madam Chair<\/h6><\/a><span class=\"gtm4wp_productdata\" style=\"display:none; visibility:hidden;\" data-gtm4wp_product_data=\"{&quot;internal_id&quot;:4027,&quot;item_id&quot;:4027,&quot;item_name&quot;:&quot;Madam Chair&quot;,&quot;sku&quot;:4027,&quot;price&quot;:286,&quot;stocklevel&quot;:null,&quot;stockstatus&quot;:&quot;instock&quot;,&quot;google_business_vertical&quot;:&quot;retail&quot;,&quot;item_category&quot;:&quot;Chairs&quot;,&quot;id&quot;:4027,&quot;productlink&quot;:&quot;https:\\\/\\\/domartstyl.com\\\/en\\\/madam-chair\\\/&quot;,&quot;item_list_name&quot;:&quot;General Product List&quot;,&quot;index&quot;:4,&quot;product_type&quot;:&quot;variable&quot;,&quot;item_brand&quot;:&quot;&quot;}\"><\/span>            <div class=\"d-flex\">\n            <div class=\"text-lg text-grey fw-regular\">\n                                                            <span class=\"woocommerce-Price-amount amount\"><bdi><span class=\"woocommerce-Price-currencySymbol\">&euro;<\/span>286,00<\/bdi><\/span>                                                <\/div>\n        <\/div>\n    \n        <div class=\"mt-2\">\r\n            <div class=\"d-flex align-items-end gap-2\">\r\n                <div class=\"d-flex align-items-center gap-1\">\r\n                                            <img decoding=\"async\" src=\"\/wp-content\/uploads\/tkaniny\/xxs\/Riviera\/Riviera-16.jpg\" class=\"product-list-item-fabric\" loading=\"lazy\" width=\"24\" height=\"24\" alt=\"Riviera 16\">\r\n                                            <img decoding=\"async\" src=\"\/wp-content\/uploads\/tkaniny\/xxs\/Riviera\/Riviera-51.jpg\" class=\"product-list-item-fabric\" loading=\"lazy\" width=\"24\" height=\"24\" alt=\"Riviera 51\">\r\n                                            <img decoding=\"async\" src=\"\/wp-content\/uploads\/tkaniny\/xxs\/Riviera\/Riviera-80.jpg\" class=\"product-list-item-fabric\" loading=\"lazy\" width=\"24\" height=\"24\" alt=\"Riviera 80\">\r\n                                            <img decoding=\"async\" src=\"\/wp-content\/uploads\/tkaniny\/xxs\/Riviera\/Riviera-91.jpg\" class=\"product-list-item-fabric\" loading=\"lazy\" width=\"24\" height=\"24\" alt=\"Riviera 91\">\r\n                                    <\/div>\r\n                <span class=\"text-sm text-muted fw-bold\">+25 other colors<\/span>\r\n            <\/div>\r\n        <\/div>\r\n    \t        <\/div>\n    \t<\/div>\n    <\/div>\n<\/div>\n\n\n\n\t<div class=\"col-12 col-md-6 col-lg-3\">\n    <div class=\"item-grid text-center p-3 product type-product post-4025 status-publish first instock product_cat-wholesale-furniture has-post-thumbnail taxable shipping-taxable product-type-soldout\">\n    \t<div class=\"bg-light h-100\">\n    \t\t\t\t\t<div class=\"bg-white position-relative px-3 pt-3 px-xl-4\">\n\t\t\t\t<a href=\"https:\/\/domartstyl.com\/en\/venlo-chair\/\" class=\"woocommerce-LoopProduct-link woocommerce-loop-product__link\"><img decoding=\"async\" width=\"480\" height=\"480\" src=\"https:\/\/domartstyl.com\/wp-content\/uploads\/2018\/04\/Krzes\u0142o-Venlo-portland-29-6-czarny-1-600x600.jpg\" class=\"attachment-480x480 size-480x480\" alt=\"\" \/><img decoding=\"async\" width=\"480\" height=\"480\" src=\"https:\/\/domartstyl.com\/wp-content\/uploads\/2018\/04\/Krzes\u0142o-Venlo-portland-29-6-czarny-2-600x600.jpg\" class=\"attachment-480x480 size-480x480\" alt=\"\" \/>\t\t\t<\/div>\n\t\t\t<div class=\"d-flex flex-column bg-light p-3 px-xl-4 gap-2\">\n\t\t\t    <h6 class=\"product-list-title my-0\">Venlo Chair<\/h6><\/a><span class=\"gtm4wp_productdata\" style=\"display:none; visibility:hidden;\" data-gtm4wp_product_data=\"{&quot;internal_id&quot;:4025,&quot;item_id&quot;:4025,&quot;item_name&quot;:&quot;Venlo Chair&quot;,&quot;sku&quot;:4025,&quot;price&quot;:0,&quot;stocklevel&quot;:null,&quot;stockstatus&quot;:&quot;instock&quot;,&quot;google_business_vertical&quot;:&quot;retail&quot;,&quot;item_category&quot;:&quot;wholesale furniture&quot;,&quot;id&quot;:4025,&quot;productlink&quot;:&quot;https:\\\/\\\/domartstyl.com\\\/en\\\/venlo-chair\\\/&quot;,&quot;item_list_name&quot;:&quot;General Product List&quot;,&quot;index&quot;:5,&quot;product_type&quot;:&quot;soldout&quot;,&quot;item_brand&quot;:&quot;&quot;}\"><\/span>\n    \n        \n    \n    \n        \n    \n\t        <\/div>\n    \t<\/div>\n    <\/div>\n<\/div>\n<\/div><!-- row in loop-start.php -->\r\n<\/div>","protected":false},"excerpt":{"rendered":"<p>Equipping hotels with furniture is a very important investment. The comfort, quality and appearance of furniture directly affect the satisfaction [&hellip;]<\/p>\n","protected":false},"author":41,"featured_media":84931,"parent":0,"menu_order":0,"comment_status":"closed","ping_status":"closed","template":"page-sidebar-none.php","meta":{"footnotes":""},"class_list":["post-77129","page","type-page","status-publish","has-post-thumbnail","hentry"],"yoast_head":"<!-- This site is optimized with the Yoast SEO Premium plugin v25.0 (Yoast SEO v25.0) - https:\/\/yoast.com\/wordpress\/plugins\/seo\/ -->\n<title>Hotel Furniture - Manufacturer of Upholstered Furniture - DomArtStyl<\/title>\n<meta name=\"description\" content=\"Our company produces stylish hotel furniture. Check out our offer of upholstered furniture for hotels and guesthouses.\" \/>\n<meta name=\"robots\" content=\"index, follow, max-snippet:-1, max-image-preview:large, max-video-preview:-1\" \/>\n<link rel=\"canonical\" href=\"https:\/\/domartstyl.com\/en\/hotel-furniture\/\" \/>\n<meta property=\"og:locale\" content=\"en_US\" \/>\n<meta property=\"og:type\" content=\"article\" \/>\n<meta property=\"og:title\" content=\"Hotel Furniture\" \/>\n<meta property=\"og:description\" content=\"Our company produces stylish hotel furniture. Check out our offer of upholstered furniture for hotels and guesthouses.\" \/>\n<meta property=\"og:url\" content=\"https:\/\/domartstyl.com\/en\/hotel-furniture\/\" \/>\n<meta property=\"og:site_name\" content=\"DomArtStyl\" \/>\n<meta property=\"article:publisher\" content=\"https:\/\/www.facebook.com\/DomArtStyl\/\" \/>\n<meta property=\"article:modified_time\" content=\"2022-05-13T08:26:20+00:00\" \/>\n<meta property=\"og:image\" content=\"https:\/\/domartstyl.com\/wp-content\/uploads\/2023\/04\/meble-tapicerowane-do-hoteli.jpg\" \/>\n\t<meta property=\"og:image:width\" content=\"1920\" \/>\n\t<meta property=\"og:image:height\" content=\"1200\" \/>\n\t<meta property=\"og:image:type\" content=\"image\/jpeg\" \/>\n<meta name=\"twitter:card\" content=\"summary_large_image\" \/>\n<meta name=\"twitter:site\" content=\"@DomArtStyl_pl\" \/>\n<meta name=\"twitter:label1\" content=\"Est. reading time\" \/>\n\t<meta name=\"twitter:data1\" content=\"1 minute\" \/>\n<script type=\"application\/ld+json\" class=\"yoast-schema-graph\">{\"@context\":\"https:\/\/schema.org\",\"@graph\":[{\"@type\":\"WebPage\",\"@id\":\"https:\/\/domartstyl.com\/en\/hotel-furniture\/\",\"url\":\"https:\/\/domartstyl.com\/en\/hotel-furniture\/\",\"name\":\"Hotel Furniture - Manufacturer of Upholstered Furniture - DomArtStyl\",\"isPartOf\":{\"@id\":\"https:\/\/domartstyl.com\/en\/#website\"},\"primaryImageOfPage\":{\"@id\":\"https:\/\/domartstyl.com\/en\/hotel-furniture\/#primaryimage\"},\"image\":{\"@id\":\"https:\/\/domartstyl.com\/en\/hotel-furniture\/#primaryimage\"},\"thumbnailUrl\":\"https:\/\/domartstyl.com\/wp-content\/uploads\/2023\/04\/meble-tapicerowane-do-hoteli.jpg\",\"datePublished\":\"2022-05-13T08:26:19+00:00\",\"dateModified\":\"2022-05-13T08:26:20+00:00\",\"description\":\"Our company produces stylish hotel furniture. Check out our offer of upholstered furniture for hotels and guesthouses.\",\"breadcrumb\":{\"@id\":\"https:\/\/domartstyl.com\/en\/hotel-furniture\/#breadcrumb\"},\"inLanguage\":\"en-US\",\"potentialAction\":[{\"@type\":\"ReadAction\",\"target\":[\"https:\/\/domartstyl.com\/en\/hotel-furniture\/\"]}]},{\"@type\":\"ImageObject\",\"inLanguage\":\"en-US\",\"@id\":\"https:\/\/domartstyl.com\/en\/hotel-furniture\/#primaryimage\",\"url\":\"https:\/\/domartstyl.com\/wp-content\/uploads\/2023\/04\/meble-tapicerowane-do-hoteli.jpg\",\"contentUrl\":\"https:\/\/domartstyl.com\/wp-content\/uploads\/2023\/04\/meble-tapicerowane-do-hoteli.jpg\",\"width\":1920,\"height\":1200,\"caption\":\"Meble tapicerowane do hoteli\"},{\"@type\":\"BreadcrumbList\",\"@id\":\"https:\/\/domartstyl.com\/en\/hotel-furniture\/#breadcrumb\",\"itemListElement\":[{\"@type\":\"ListItem\",\"position\":1,\"name\":\"Strona g\u0142\u00f3wna\",\"item\":\"https:\/\/domartstyl.com\/en\/\"},{\"@type\":\"ListItem\",\"position\":2,\"name\":\"Hotel Furniture\"}]},{\"@type\":\"WebSite\",\"@id\":\"https:\/\/domartstyl.com\/en\/#website\",\"url\":\"https:\/\/domartstyl.com\/en\/\",\"name\":\"DomArtStyl\",\"description\":\"Tworzymy meble najwy\u017cszej jako\u015bci. Sprzeda\u017c detaliczna \u00b7 Sprzeda\u017c hurtowa\",\"publisher\":{\"@id\":\"https:\/\/domartstyl.com\/en\/#organization\"},\"potentialAction\":[{\"@type\":\"SearchAction\",\"target\":{\"@type\":\"EntryPoint\",\"urlTemplate\":\"https:\/\/domartstyl.com\/en\/?s={search_term_string}\"},\"query-input\":{\"@type\":\"PropertyValueSpecification\",\"valueRequired\":true,\"valueName\":\"search_term_string\"}}],\"inLanguage\":\"en-US\"},{\"@type\":\"Organization\",\"@id\":\"https:\/\/domartstyl.com\/en\/#organization\",\"name\":\"DomArtStyl\",\"url\":\"https:\/\/domartstyl.com\/en\/\",\"logo\":{\"@type\":\"ImageObject\",\"inLanguage\":\"en-US\",\"@id\":\"https:\/\/domartstyl.com\/en\/#\/schema\/logo\/image\/\",\"url\":\"https:\/\/domartstyl.com\/wp-content\/uploads\/2018\/04\/Logo_300_width.png\",\"contentUrl\":\"https:\/\/domartstyl.com\/wp-content\/uploads\/2018\/04\/Logo_300_width.png\",\"width\":300,\"height\":140,\"caption\":\"DomArtStyl\"},\"image\":{\"@id\":\"https:\/\/domartstyl.com\/en\/#\/schema\/logo\/image\/\"},\"sameAs\":[\"https:\/\/www.facebook.com\/DomArtStyl\/\",\"https:\/\/x.com\/DomArtStyl_pl\",\"https:\/\/www.instagram.com\/domartstyl\/?hl=en\",\"https:\/\/pl.pinterest.com\/domartstyl01\/\",\"https:\/\/www.youtube.com\/channel\/UCkISSgvMomI6yFFL3JDbLhw\"]}]}<\/script>\n<!-- \/ Yoast SEO Premium plugin. -->","yoast_head_json":{"title":"Hotel Furniture - Manufacturer of Upholstered Furniture - DomArtStyl","description":"Our company produces stylish hotel furniture. Check out our offer of upholstered furniture for hotels and guesthouses.","robots":{"index":"index","follow":"follow","max-snippet":"max-snippet:-1","max-image-preview":"max-image-preview:large","max-video-preview":"max-video-preview:-1"},"canonical":"https:\/\/domartstyl.com\/en\/hotel-furniture\/","og_locale":"en_US","og_type":"article","og_title":"Hotel Furniture","og_description":"Our company produces stylish hotel furniture. Check out our offer of upholstered furniture for hotels and guesthouses.","og_url":"https:\/\/domartstyl.com\/en\/hotel-furniture\/","og_site_name":"DomArtStyl","article_publisher":"https:\/\/www.facebook.com\/DomArtStyl\/","article_modified_time":"2022-05-13T08:26:20+00:00","og_image":[{"width":1920,"height":1200,"url":"https:\/\/domartstyl.com\/wp-content\/uploads\/2023\/04\/meble-tapicerowane-do-hoteli.jpg","type":"image\/jpeg"}],"twitter_card":"summary_large_image","twitter_site":"@DomArtStyl_pl","twitter_misc":{"Est. reading time":"1 minute"},"schema":{"@context":"https:\/\/schema.org","@graph":[{"@type":"WebPage","@id":"https:\/\/domartstyl.com\/en\/hotel-furniture\/","url":"https:\/\/domartstyl.com\/en\/hotel-furniture\/","name":"Hotel Furniture - Manufacturer of Upholstered Furniture - DomArtStyl","isPartOf":{"@id":"https:\/\/domartstyl.com\/en\/#website"},"primaryImageOfPage":{"@id":"https:\/\/domartstyl.com\/en\/hotel-furniture\/#primaryimage"},"image":{"@id":"https:\/\/domartstyl.com\/en\/hotel-furniture\/#primaryimage"},"thumbnailUrl":"https:\/\/domartstyl.com\/wp-content\/uploads\/2023\/04\/meble-tapicerowane-do-hoteli.jpg","datePublished":"2022-05-13T08:26:19+00:00","dateModified":"2022-05-13T08:26:20+00:00","description":"Our company produces stylish hotel furniture. Check out our offer of upholstered furniture for hotels and guesthouses.","breadcrumb":{"@id":"https:\/\/domartstyl.com\/en\/hotel-furniture\/#breadcrumb"},"inLanguage":"en-US","potentialAction":[{"@type":"ReadAction","target":["https:\/\/domartstyl.com\/en\/hotel-furniture\/"]}]},{"@type":"ImageObject","inLanguage":"en-US","@id":"https:\/\/domartstyl.com\/en\/hotel-furniture\/#primaryimage","url":"https:\/\/domartstyl.com\/wp-content\/uploads\/2023\/04\/meble-tapicerowane-do-hoteli.jpg","contentUrl":"https:\/\/domartstyl.com\/wp-content\/uploads\/2023\/04\/meble-tapicerowane-do-hoteli.jpg","width":1920,"height":1200,"caption":"Meble tapicerowane do hoteli"},{"@type":"BreadcrumbList","@id":"https:\/\/domartstyl.com\/en\/hotel-furniture\/#breadcrumb","itemListElement":[{"@type":"ListItem","position":1,"name":"Strona g\u0142\u00f3wna","item":"https:\/\/domartstyl.com\/en\/"},{"@type":"ListItem","position":2,"name":"Hotel Furniture"}]},{"@type":"WebSite","@id":"https:\/\/domartstyl.com\/en\/#website","url":"https:\/\/domartstyl.com\/en\/","name":"DomArtStyl","description":"Tworzymy meble najwy\u017cszej jako\u015bci. Sprzeda\u017c detaliczna \u00b7 Sprzeda\u017c hurtowa","publisher":{"@id":"https:\/\/domartstyl.com\/en\/#organization"},"potentialAction":[{"@type":"SearchAction","target":{"@type":"EntryPoint","urlTemplate":"https:\/\/domartstyl.com\/en\/?s={search_term_string}"},"query-input":{"@type":"PropertyValueSpecification","valueRequired":true,"valueName":"search_term_string"}}],"inLanguage":"en-US"},{"@type":"Organization","@id":"https:\/\/domartstyl.com\/en\/#organization","name":"DomArtStyl","url":"https:\/\/domartstyl.com\/en\/","logo":{"@type":"ImageObject","inLanguage":"en-US","@id":"https:\/\/domartstyl.com\/en\/#\/schema\/logo\/image\/","url":"https:\/\/domartstyl.com\/wp-content\/uploads\/2018\/04\/Logo_300_width.png","contentUrl":"https:\/\/domartstyl.com\/wp-content\/uploads\/2018\/04\/Logo_300_width.png","width":300,"height":140,"caption":"DomArtStyl"},"image":{"@id":"https:\/\/domartstyl.com\/en\/#\/schema\/logo\/image\/"},"sameAs":["https:\/\/www.facebook.com\/DomArtStyl\/","https:\/\/x.com\/DomArtStyl_pl","https:\/\/www.instagram.com\/domartstyl\/?hl=en","https:\/\/pl.pinterest.com\/domartstyl01\/","https:\/\/www.youtube.com\/channel\/UCkISSgvMomI6yFFL3JDbLhw"]}]}},"_links":{"self":[{"href":"https:\/\/domartstyl.com\/en\/wp-json\/wp\/v2\/pages\/77129","targetHints":{"allow":["GET"]}}],"collection":[{"href":"https:\/\/domartstyl.com\/en\/wp-json\/wp\/v2\/pages"}],"about":[{"href":"https:\/\/domartstyl.com\/en\/wp-json\/wp\/v2\/types\/page"}],"author":[{"embeddable":true,"href":"https:\/\/domartstyl.com\/en\/wp-json\/wp\/v2\/users\/41"}],"replies":[{"embeddable":true,"href":"https:\/\/domartstyl.com\/en\/wp-json\/wp\/v2\/comments?post=77129"}],"version-history":[{"count":0,"href":"https:\/\/domartstyl.com\/en\/wp-json\/wp\/v2\/pages\/77129\/revisions"}],"wp:featuredmedia":[{"embeddable":true,"href":"https:\/\/domartstyl.com\/en\/wp-json\/wp\/v2\/media\/84931"}],"wp:attachment":[{"href":"https:\/\/domartstyl.com\/en\/wp-json\/wp\/v2\/media?parent=77129"}],"curies":[{"name":"wp","href":"https:\/\/api.w.org\/{rel}","templated":true}]}}