{"id":77123,"date":"2022-05-12T22:18:54","date_gmt":"2022-05-12T21:18:54","guid":{"rendered":"https:\/\/domartstyl.com\/cafe-furniture\/"},"modified":"2022-05-12T22:18:54","modified_gmt":"2022-05-12T21:18:54","slug":"cafe-furniture","status":"publish","type":"page","link":"https:\/\/domartstyl.com\/en\/cafe-furniture\/","title":{"rendered":"Cafe Furniture"},"content":{"rendered":"<p>In the rich offer of our company you will find many pieces of furniture that will perfectly fit into the cafe. Cafe furniture should be durable, quality, functional and easy to maintain. All these features are met by Domartstyl furniture for cafes. We offer many modern and classic furniture designs, such as: chairs, benches, pouf and armchairs &#8211; no matter what style you arrange the cafe in, in our offer you will surely find furniture that matches your vision. Each piece of furniture can be equipped with a variety of accessories, making it even more unique and tailored to your needs. We also invite you to familiarize yourself with the carefully selected upholstery materials.<\/p><p>Do you want to give your premises a warm and cozy look? As a manufacturer of furniture for the cafe, DomArtStyl, we can offer you a wide selection of this type of assortment. It is a place for social and business meetings, which should be convenient and comfortable. It does not matter in what style you arrange your premises, because the offer includes many modern and classic models. Our cafe furniture will meet all your expectations.<\/p><p>The upholstered furniture produced by our company DomArtStyl is characterized by high quality, durability and functionality. Our wide offer includes a large selection of various types of furniture, incl. chairs, armchairs and benches. Each of them can be equipped with interesting accessories, which makes upholstered furniture for cafes unique and tailored to your needs.<\/p><div class=\"woocommerce columns-4 \">\r\n    <div class=\"row g-0 mt-0\">\r\n\n\n\n\t<div class=\"col-12 col-md-6 col-lg-3\">\n    <div class=\"item-grid text-center p-3 product type-product post-4252 status-publish first instock product_cat-wholesale-furniture has-post-thumbnail taxable shipping-taxable product-type-soldout\">\n    \t<div class=\"bg-light h-100\">\n    \t\t\t\t\t<div class=\"bg-white position-relative px-3 pt-3 px-xl-4\">\n\t\t\t\t<a href=\"https:\/\/domartstyl.com\/en\/slanted-chair\/\" class=\"woocommerce-LoopProduct-link woocommerce-loop-product__link\"><img decoding=\"async\" width=\"480\" height=\"480\" src=\"https:\/\/domartstyl.com\/wp-content\/uploads\/2018\/04\/Krzeslo-Skosne-98-fresh-2-7.-venge-1-Copy-600x600.jpg\" class=\"attachment-480x480 size-480x480\" alt=\"\" \/><img decoding=\"async\" width=\"480\" height=\"480\" src=\"https:\/\/domartstyl.com\/wp-content\/uploads\/2018\/04\/Krzeslo-Skosne-98-fresh-2-7.-venge-2-Copy-600x600.jpg\" class=\"attachment-480x480 size-480x480\" alt=\"\" \/>\t\t\t<\/div>\n\t\t\t<div class=\"d-flex flex-column bg-light p-3 px-xl-4 gap-2\">\n\t\t\t    <h6 class=\"product-list-title my-0\">Slanted Chair<\/h6><\/a><span class=\"gtm4wp_productdata\" style=\"display:none; visibility:hidden;\" data-gtm4wp_product_data=\"{&quot;internal_id&quot;:4252,&quot;item_id&quot;:4252,&quot;item_name&quot;:&quot;Slanted Chair&quot;,&quot;sku&quot;:4252,&quot;price&quot;:0,&quot;stocklevel&quot;:null,&quot;stockstatus&quot;:&quot;instock&quot;,&quot;google_business_vertical&quot;:&quot;retail&quot;,&quot;item_category&quot;:&quot;wholesale furniture&quot;,&quot;id&quot;:4252,&quot;productlink&quot;:&quot;https:\\\/\\\/domartstyl.com\\\/en\\\/slanted-chair\\\/&quot;,&quot;item_list_name&quot;:&quot;General Product List&quot;,&quot;index&quot;:1,&quot;product_type&quot;:&quot;soldout&quot;,&quot;item_brand&quot;:&quot;&quot;}\"><\/span>\n    \n        \n    \n    \n        \n    \n\t        <\/div>\n    \t<\/div>\n    <\/div>\n<\/div>\n<\/div><!-- row in loop-start.php -->\r\n<\/div>","protected":false},"excerpt":{"rendered":"<p>In the rich offer of our company you will find many pieces of furniture that will perfectly fit into the [&hellip;]<\/p>\n","protected":false},"author":41,"featured_media":0,"parent":0,"menu_order":0,"comment_status":"closed","ping_status":"closed","template":"page-sidebar-none.php","meta":{"footnotes":""},"class_list":["post-77123","page","type-page","status-publish","hentry"],"yoast_head":"<!-- This site is optimized with the Yoast SEO Premium plugin v25.0 (Yoast SEO v25.0) - https:\/\/yoast.com\/wordpress\/plugins\/seo\/ -->\n<title>Cafe Furniture - Stylish Upholstered Furniture for Premises<\/title>\n<meta name=\"description\" content=\"Our cafe furniture is characterized by durability, quality of production, functionality and a unique style.\" \/>\n<meta name=\"robots\" content=\"index, follow, max-snippet:-1, max-image-preview:large, max-video-preview:-1\" \/>\n<link rel=\"canonical\" href=\"https:\/\/domartstyl.com\/en\/cafe-furniture\/\" \/>\n<meta property=\"og:locale\" content=\"en_US\" \/>\n<meta property=\"og:type\" content=\"article\" \/>\n<meta property=\"og:title\" content=\"Cafe Furniture\" \/>\n<meta property=\"og:description\" content=\"Our cafe furniture is characterized by durability, quality of production, functionality and a unique style.\" \/>\n<meta property=\"og:url\" content=\"https:\/\/domartstyl.com\/en\/cafe-furniture\/\" \/>\n<meta property=\"og:site_name\" content=\"DomArtStyl\" \/>\n<meta property=\"article:publisher\" content=\"https:\/\/www.facebook.com\/DomArtStyl\/\" \/>\n<meta property=\"og:image\" content=\"https:\/\/domartstyl.com\/wp-content\/uploads\/2021\/06\/logo_meta_og.jpg\" \/>\n\t<meta property=\"og:image:width\" content=\"800\" \/>\n\t<meta property=\"og:image:height\" content=\"800\" \/>\n\t<meta property=\"og:image:type\" content=\"image\/jpeg\" \/>\n<meta name=\"twitter:card\" content=\"summary_large_image\" \/>\n<meta name=\"twitter:site\" content=\"@DomArtStyl_pl\" \/>\n<meta name=\"twitter:label1\" content=\"Est. reading time\" \/>\n\t<meta name=\"twitter:data1\" content=\"1 minute\" \/>\n<script type=\"application\/ld+json\" class=\"yoast-schema-graph\">{\"@context\":\"https:\/\/schema.org\",\"@graph\":[{\"@type\":\"WebPage\",\"@id\":\"https:\/\/domartstyl.com\/en\/cafe-furniture\/\",\"url\":\"https:\/\/domartstyl.com\/en\/cafe-furniture\/\",\"name\":\"Cafe Furniture - Stylish Upholstered Furniture for Premises\",\"isPartOf\":{\"@id\":\"https:\/\/domartstyl.com\/en\/#website\"},\"datePublished\":\"2022-05-12T21:18:54+00:00\",\"description\":\"Our cafe furniture is characterized by durability, quality of production, functionality and a unique style.\",\"breadcrumb\":{\"@id\":\"https:\/\/domartstyl.com\/en\/cafe-furniture\/#breadcrumb\"},\"inLanguage\":\"en-US\",\"potentialAction\":[{\"@type\":\"ReadAction\",\"target\":[\"https:\/\/domartstyl.com\/en\/cafe-furniture\/\"]}]},{\"@type\":\"BreadcrumbList\",\"@id\":\"https:\/\/domartstyl.com\/en\/cafe-furniture\/#breadcrumb\",\"itemListElement\":[{\"@type\":\"ListItem\",\"position\":1,\"name\":\"Strona g\u0142\u00f3wna\",\"item\":\"https:\/\/domartstyl.com\/en\/\"},{\"@type\":\"ListItem\",\"position\":2,\"name\":\"Cafe Furniture\"}]},{\"@type\":\"WebSite\",\"@id\":\"https:\/\/domartstyl.com\/en\/#website\",\"url\":\"https:\/\/domartstyl.com\/en\/\",\"name\":\"DomArtStyl\",\"description\":\"Tworzymy meble najwy\u017cszej jako\u015bci. Sprzeda\u017c detaliczna \u00b7 Sprzeda\u017c hurtowa\",\"publisher\":{\"@id\":\"https:\/\/domartstyl.com\/en\/#organization\"},\"potentialAction\":[{\"@type\":\"SearchAction\",\"target\":{\"@type\":\"EntryPoint\",\"urlTemplate\":\"https:\/\/domartstyl.com\/en\/?s={search_term_string}\"},\"query-input\":{\"@type\":\"PropertyValueSpecification\",\"valueRequired\":true,\"valueName\":\"search_term_string\"}}],\"inLanguage\":\"en-US\"},{\"@type\":\"Organization\",\"@id\":\"https:\/\/domartstyl.com\/en\/#organization\",\"name\":\"DomArtStyl\",\"url\":\"https:\/\/domartstyl.com\/en\/\",\"logo\":{\"@type\":\"ImageObject\",\"inLanguage\":\"en-US\",\"@id\":\"https:\/\/domartstyl.com\/en\/#\/schema\/logo\/image\/\",\"url\":\"https:\/\/domartstyl.com\/wp-content\/uploads\/2018\/04\/Logo_300_width.png\",\"contentUrl\":\"https:\/\/domartstyl.com\/wp-content\/uploads\/2018\/04\/Logo_300_width.png\",\"width\":300,\"height\":140,\"caption\":\"DomArtStyl\"},\"image\":{\"@id\":\"https:\/\/domartstyl.com\/en\/#\/schema\/logo\/image\/\"},\"sameAs\":[\"https:\/\/www.facebook.com\/DomArtStyl\/\",\"https:\/\/x.com\/DomArtStyl_pl\",\"https:\/\/www.instagram.com\/domartstyl\/?hl=en\",\"https:\/\/pl.pinterest.com\/domartstyl01\/\",\"https:\/\/www.youtube.com\/channel\/UCkISSgvMomI6yFFL3JDbLhw\"]}]}<\/script>\n<!-- \/ Yoast SEO Premium plugin. -->","yoast_head_json":{"title":"Cafe Furniture - Stylish Upholstered Furniture for Premises","description":"Our cafe furniture is characterized by durability, quality of production, functionality and a unique style.","robots":{"index":"index","follow":"follow","max-snippet":"max-snippet:-1","max-image-preview":"max-image-preview:large","max-video-preview":"max-video-preview:-1"},"canonical":"https:\/\/domartstyl.com\/en\/cafe-furniture\/","og_locale":"en_US","og_type":"article","og_title":"Cafe Furniture","og_description":"Our cafe furniture is characterized by durability, quality of production, functionality and a unique style.","og_url":"https:\/\/domartstyl.com\/en\/cafe-furniture\/","og_site_name":"DomArtStyl","article_publisher":"https:\/\/www.facebook.com\/DomArtStyl\/","og_image":[{"width":800,"height":800,"url":"https:\/\/domartstyl.com\/wp-content\/uploads\/2021\/06\/logo_meta_og.jpg","type":"image\/jpeg"}],"twitter_card":"summary_large_image","twitter_site":"@DomArtStyl_pl","twitter_misc":{"Est. reading time":"1 minute"},"schema":{"@context":"https:\/\/schema.org","@graph":[{"@type":"WebPage","@id":"https:\/\/domartstyl.com\/en\/cafe-furniture\/","url":"https:\/\/domartstyl.com\/en\/cafe-furniture\/","name":"Cafe Furniture - Stylish Upholstered Furniture for Premises","isPartOf":{"@id":"https:\/\/domartstyl.com\/en\/#website"},"datePublished":"2022-05-12T21:18:54+00:00","description":"Our cafe furniture is characterized by durability, quality of production, functionality and a unique style.","breadcrumb":{"@id":"https:\/\/domartstyl.com\/en\/cafe-furniture\/#breadcrumb"},"inLanguage":"en-US","potentialAction":[{"@type":"ReadAction","target":["https:\/\/domartstyl.com\/en\/cafe-furniture\/"]}]},{"@type":"BreadcrumbList","@id":"https:\/\/domartstyl.com\/en\/cafe-furniture\/#breadcrumb","itemListElement":[{"@type":"ListItem","position":1,"name":"Strona g\u0142\u00f3wna","item":"https:\/\/domartstyl.com\/en\/"},{"@type":"ListItem","position":2,"name":"Cafe Furniture"}]},{"@type":"WebSite","@id":"https:\/\/domartstyl.com\/en\/#website","url":"https:\/\/domartstyl.com\/en\/","name":"DomArtStyl","description":"Tworzymy meble najwy\u017cszej jako\u015bci. Sprzeda\u017c detaliczna \u00b7 Sprzeda\u017c hurtowa","publisher":{"@id":"https:\/\/domartstyl.com\/en\/#organization"},"potentialAction":[{"@type":"SearchAction","target":{"@type":"EntryPoint","urlTemplate":"https:\/\/domartstyl.com\/en\/?s={search_term_string}"},"query-input":{"@type":"PropertyValueSpecification","valueRequired":true,"valueName":"search_term_string"}}],"inLanguage":"en-US"},{"@type":"Organization","@id":"https:\/\/domartstyl.com\/en\/#organization","name":"DomArtStyl","url":"https:\/\/domartstyl.com\/en\/","logo":{"@type":"ImageObject","inLanguage":"en-US","@id":"https:\/\/domartstyl.com\/en\/#\/schema\/logo\/image\/","url":"https:\/\/domartstyl.com\/wp-content\/uploads\/2018\/04\/Logo_300_width.png","contentUrl":"https:\/\/domartstyl.com\/wp-content\/uploads\/2018\/04\/Logo_300_width.png","width":300,"height":140,"caption":"DomArtStyl"},"image":{"@id":"https:\/\/domartstyl.com\/en\/#\/schema\/logo\/image\/"},"sameAs":["https:\/\/www.facebook.com\/DomArtStyl\/","https:\/\/x.com\/DomArtStyl_pl","https:\/\/www.instagram.com\/domartstyl\/?hl=en","https:\/\/pl.pinterest.com\/domartstyl01\/","https:\/\/www.youtube.com\/channel\/UCkISSgvMomI6yFFL3JDbLhw"]}]}},"_links":{"self":[{"href":"https:\/\/domartstyl.com\/en\/wp-json\/wp\/v2\/pages\/77123","targetHints":{"allow":["GET"]}}],"collection":[{"href":"https:\/\/domartstyl.com\/en\/wp-json\/wp\/v2\/pages"}],"about":[{"href":"https:\/\/domartstyl.com\/en\/wp-json\/wp\/v2\/types\/page"}],"author":[{"embeddable":true,"href":"https:\/\/domartstyl.com\/en\/wp-json\/wp\/v2\/users\/41"}],"replies":[{"embeddable":true,"href":"https:\/\/domartstyl.com\/en\/wp-json\/wp\/v2\/comments?post=77123"}],"version-history":[{"count":0,"href":"https:\/\/domartstyl.com\/en\/wp-json\/wp\/v2\/pages\/77123\/revisions"}],"wp:attachment":[{"href":"https:\/\/domartstyl.com\/en\/wp-json\/wp\/v2\/media?parent=77123"}],"curies":[{"name":"wp","href":"https:\/\/api.w.org\/{rel}","templated":true}]}}