{"id":77114,"date":"2022-05-12T14:11:35","date_gmt":"2022-05-12T13:11:35","guid":{"rendered":"https:\/\/domartstyl.com\/ar-app\/"},"modified":"2023-07-13T16:23:04","modified_gmt":"2023-07-13T15:23:04","slug":"ar-app","status":"publish","type":"page","link":"https:\/\/domartstyl.com\/en\/ar-app\/","title":{"rendered":"AR app"},"content":{"rendered":"<p><strong>We invite you to our latest application available for phones and tablets &#8220;domartstyl&#8221;. The app allows you to arrange furniture from the latest Perla Lusso collection. It is a very convenient tool for people looking for ways to create a practical and aesthetic arrangement of their living space.<\/strong><\/p>\n<p><strong>How to download the application?<\/strong><\/p>\n<p>1.Download the application from the store (App Store, Play Store) by entering &#8220;domartstyl&#8221; in the search engine<\/p>\n<p>or<\/p>\n<p>2. use the appropriate link from the below<\/p>\n<p>a) IOS\u00a0<a href=\"https:\/\/itunes.apple.com\/us\/app\/domartstyl\/id1448261524?mt=8\">https:\/\/itunes.apple.com\/us\/app\/domartstyl\/id1448261524?mt=8<\/a><br \/>\nb) ANDROID\u00a0<a href=\"https:\/\/play.google.com\/store\/apps\/details?id=xyz.lune.domartstyl\">https:\/\/play.google.com\/store\/apps\/details?id=xyz.lune.domartstyl<\/a><\/p>\n<p><strong>How to use the app?<br \/>\n<\/strong>1. After starting the app, you must accept the use of the camera.<strong><br \/>\n<\/strong><\/p>\n<p>2. Then you have to look around with the camera to scan your surroundings.<\/p>\n<p>3. Touch the area on the touch screen on the place where you want to put the furniture.<\/p>\n<p>4. You can freely choose and arrange the room from among the 10 pieces of furniture available in the collection.<\/p>\n<p>5. By selecting the camera icon you will take photos which will be saved on your camera roll.<\/p>\n<p>6. In the top menu you can learn more about our company, quickly call the customer service office and check the place and date of the upcoming fair.<\/p>\n<p><strong>We encourage you to use the application and send us photos of your arrangements.<\/strong><\/p>\n<p><strong>We will reward the most interesting photos with a surprise award.<\/strong><\/p>\n<p><strong><img decoding=\"async\" class=\"size-medium wp-image-45920 aligncenter\" src=\"https:\/\/domartstyl.com\/wp-content\/uploads\/2019\/01\/hiplbpnjacbdcjhk-1-300x247.png\" alt=\"hiplbpnjacbdcjhk\" width=\"300\" height=\"247\" \/><\/strong><\/p>\n","protected":false},"excerpt":{"rendered":"<p>We invite you to our latest application available for phones and tablets &#8220;domartstyl&#8221;. The app allows you to arrange furniture [&hellip;]<\/p>\n","protected":false},"author":41,"featured_media":0,"parent":0,"menu_order":0,"comment_status":"closed","ping_status":"closed","template":"","meta":{"footnotes":""},"class_list":["post-77114","page","type-page","status-publish","hentry"],"yoast_head":"<!-- This site is optimized with the Yoast SEO Premium plugin v25.0 (Yoast SEO v25.0) - https:\/\/yoast.com\/wordpress\/plugins\/seo\/ -->\n<title>AR app - DomArtStyl<\/title>\n<meta name=\"robots\" content=\"noindex, follow\" \/>\n<meta property=\"og:locale\" content=\"en_US\" \/>\n<meta property=\"og:type\" content=\"article\" \/>\n<meta property=\"og:title\" content=\"AR app\" \/>\n<meta property=\"og:description\" content=\"We invite you to our latest application available for phones and tablets &#8220;domartstyl&#8221;. The app allows you to arrange furniture [&hellip;]\" \/>\n<meta property=\"og:url\" content=\"https:\/\/domartstyl.com\/en\/ar-app\/\" \/>\n<meta property=\"og:site_name\" content=\"DomArtStyl\" \/>\n<meta property=\"article:publisher\" content=\"https:\/\/www.facebook.com\/DomArtStyl\/\" \/>\n<meta property=\"article:modified_time\" content=\"2023-07-13T15:23:04+00:00\" \/>\n<meta property=\"og:image\" content=\"https:\/\/domartstyl.com\/wp-content\/uploads\/2019\/01\/hiplbpnjacbdcjhk-1-300x247.png\" \/>\n<meta name=\"twitter:card\" content=\"summary_large_image\" \/>\n<meta name=\"twitter:site\" content=\"@DomArtStyl_pl\" \/>\n<meta name=\"twitter:label1\" content=\"Est. reading time\" \/>\n\t<meta name=\"twitter:data1\" content=\"2 minutes\" \/>\n<script type=\"application\/ld+json\" class=\"yoast-schema-graph\">{\"@context\":\"https:\/\/schema.org\",\"@graph\":[{\"@type\":\"WebPage\",\"@id\":\"https:\/\/domartstyl.com\/en\/ar-app\/\",\"url\":\"https:\/\/domartstyl.com\/en\/ar-app\/\",\"name\":\"AR app - DomArtStyl\",\"isPartOf\":{\"@id\":\"https:\/\/domartstyl.com\/en\/#website\"},\"primaryImageOfPage\":{\"@id\":\"https:\/\/domartstyl.com\/en\/ar-app\/#primaryimage\"},\"image\":{\"@id\":\"https:\/\/domartstyl.com\/en\/ar-app\/#primaryimage\"},\"thumbnailUrl\":\"https:\/\/domartstyl.com\/wp-content\/uploads\/2019\/01\/hiplbpnjacbdcjhk-1-300x247.png\",\"datePublished\":\"2022-05-12T13:11:35+00:00\",\"dateModified\":\"2023-07-13T15:23:04+00:00\",\"breadcrumb\":{\"@id\":\"https:\/\/domartstyl.com\/en\/ar-app\/#breadcrumb\"},\"inLanguage\":\"en-US\",\"potentialAction\":[{\"@type\":\"ReadAction\",\"target\":[\"https:\/\/domartstyl.com\/en\/ar-app\/\"]}]},{\"@type\":\"ImageObject\",\"inLanguage\":\"en-US\",\"@id\":\"https:\/\/domartstyl.com\/en\/ar-app\/#primaryimage\",\"url\":\"https:\/\/domartstyl.com\/wp-content\/uploads\/2019\/01\/hiplbpnjacbdcjhk-1-300x247.png\",\"contentUrl\":\"https:\/\/domartstyl.com\/wp-content\/uploads\/2019\/01\/hiplbpnjacbdcjhk-1-300x247.png\"},{\"@type\":\"BreadcrumbList\",\"@id\":\"https:\/\/domartstyl.com\/en\/ar-app\/#breadcrumb\",\"itemListElement\":[{\"@type\":\"ListItem\",\"position\":1,\"name\":\"Strona g\u0142\u00f3wna\",\"item\":\"https:\/\/domartstyl.com\/en\/\"},{\"@type\":\"ListItem\",\"position\":2,\"name\":\"AR app\"}]},{\"@type\":\"WebSite\",\"@id\":\"https:\/\/domartstyl.com\/en\/#website\",\"url\":\"https:\/\/domartstyl.com\/en\/\",\"name\":\"DomArtStyl\",\"description\":\"Tworzymy meble najwy\u017cszej jako\u015bci. Sprzeda\u017c detaliczna \u00b7 Sprzeda\u017c hurtowa\",\"publisher\":{\"@id\":\"https:\/\/domartstyl.com\/en\/#organization\"},\"potentialAction\":[{\"@type\":\"SearchAction\",\"target\":{\"@type\":\"EntryPoint\",\"urlTemplate\":\"https:\/\/domartstyl.com\/en\/?s={search_term_string}\"},\"query-input\":{\"@type\":\"PropertyValueSpecification\",\"valueRequired\":true,\"valueName\":\"search_term_string\"}}],\"inLanguage\":\"en-US\"},{\"@type\":\"Organization\",\"@id\":\"https:\/\/domartstyl.com\/en\/#organization\",\"name\":\"DomArtStyl\",\"url\":\"https:\/\/domartstyl.com\/en\/\",\"logo\":{\"@type\":\"ImageObject\",\"inLanguage\":\"en-US\",\"@id\":\"https:\/\/domartstyl.com\/en\/#\/schema\/logo\/image\/\",\"url\":\"https:\/\/domartstyl.com\/wp-content\/uploads\/2018\/04\/Logo_300_width.png\",\"contentUrl\":\"https:\/\/domartstyl.com\/wp-content\/uploads\/2018\/04\/Logo_300_width.png\",\"width\":300,\"height\":140,\"caption\":\"DomArtStyl\"},\"image\":{\"@id\":\"https:\/\/domartstyl.com\/en\/#\/schema\/logo\/image\/\"},\"sameAs\":[\"https:\/\/www.facebook.com\/DomArtStyl\/\",\"https:\/\/x.com\/DomArtStyl_pl\",\"https:\/\/www.instagram.com\/domartstyl\/?hl=en\",\"https:\/\/pl.pinterest.com\/domartstyl01\/\",\"https:\/\/www.youtube.com\/channel\/UCkISSgvMomI6yFFL3JDbLhw\"]}]}<\/script>\n<!-- \/ Yoast SEO Premium plugin. -->","yoast_head_json":{"title":"AR app - DomArtStyl","robots":{"index":"noindex","follow":"follow"},"og_locale":"en_US","og_type":"article","og_title":"AR app","og_description":"We invite you to our latest application available for phones and tablets &#8220;domartstyl&#8221;. The app allows you to arrange furniture [&hellip;]","og_url":"https:\/\/domartstyl.com\/en\/ar-app\/","og_site_name":"DomArtStyl","article_publisher":"https:\/\/www.facebook.com\/DomArtStyl\/","article_modified_time":"2023-07-13T15:23:04+00:00","og_image":[{"url":"https:\/\/domartstyl.com\/wp-content\/uploads\/2019\/01\/hiplbpnjacbdcjhk-1-300x247.png","type":"","width":"","height":""}],"twitter_card":"summary_large_image","twitter_site":"@DomArtStyl_pl","twitter_misc":{"Est. reading time":"2 minutes"},"schema":{"@context":"https:\/\/schema.org","@graph":[{"@type":"WebPage","@id":"https:\/\/domartstyl.com\/en\/ar-app\/","url":"https:\/\/domartstyl.com\/en\/ar-app\/","name":"AR app - DomArtStyl","isPartOf":{"@id":"https:\/\/domartstyl.com\/en\/#website"},"primaryImageOfPage":{"@id":"https:\/\/domartstyl.com\/en\/ar-app\/#primaryimage"},"image":{"@id":"https:\/\/domartstyl.com\/en\/ar-app\/#primaryimage"},"thumbnailUrl":"https:\/\/domartstyl.com\/wp-content\/uploads\/2019\/01\/hiplbpnjacbdcjhk-1-300x247.png","datePublished":"2022-05-12T13:11:35+00:00","dateModified":"2023-07-13T15:23:04+00:00","breadcrumb":{"@id":"https:\/\/domartstyl.com\/en\/ar-app\/#breadcrumb"},"inLanguage":"en-US","potentialAction":[{"@type":"ReadAction","target":["https:\/\/domartstyl.com\/en\/ar-app\/"]}]},{"@type":"ImageObject","inLanguage":"en-US","@id":"https:\/\/domartstyl.com\/en\/ar-app\/#primaryimage","url":"https:\/\/domartstyl.com\/wp-content\/uploads\/2019\/01\/hiplbpnjacbdcjhk-1-300x247.png","contentUrl":"https:\/\/domartstyl.com\/wp-content\/uploads\/2019\/01\/hiplbpnjacbdcjhk-1-300x247.png"},{"@type":"BreadcrumbList","@id":"https:\/\/domartstyl.com\/en\/ar-app\/#breadcrumb","itemListElement":[{"@type":"ListItem","position":1,"name":"Strona g\u0142\u00f3wna","item":"https:\/\/domartstyl.com\/en\/"},{"@type":"ListItem","position":2,"name":"AR app"}]},{"@type":"WebSite","@id":"https:\/\/domartstyl.com\/en\/#website","url":"https:\/\/domartstyl.com\/en\/","name":"DomArtStyl","description":"Tworzymy meble najwy\u017cszej jako\u015bci. Sprzeda\u017c detaliczna \u00b7 Sprzeda\u017c hurtowa","publisher":{"@id":"https:\/\/domartstyl.com\/en\/#organization"},"potentialAction":[{"@type":"SearchAction","target":{"@type":"EntryPoint","urlTemplate":"https:\/\/domartstyl.com\/en\/?s={search_term_string}"},"query-input":{"@type":"PropertyValueSpecification","valueRequired":true,"valueName":"search_term_string"}}],"inLanguage":"en-US"},{"@type":"Organization","@id":"https:\/\/domartstyl.com\/en\/#organization","name":"DomArtStyl","url":"https:\/\/domartstyl.com\/en\/","logo":{"@type":"ImageObject","inLanguage":"en-US","@id":"https:\/\/domartstyl.com\/en\/#\/schema\/logo\/image\/","url":"https:\/\/domartstyl.com\/wp-content\/uploads\/2018\/04\/Logo_300_width.png","contentUrl":"https:\/\/domartstyl.com\/wp-content\/uploads\/2018\/04\/Logo_300_width.png","width":300,"height":140,"caption":"DomArtStyl"},"image":{"@id":"https:\/\/domartstyl.com\/en\/#\/schema\/logo\/image\/"},"sameAs":["https:\/\/www.facebook.com\/DomArtStyl\/","https:\/\/x.com\/DomArtStyl_pl","https:\/\/www.instagram.com\/domartstyl\/?hl=en","https:\/\/pl.pinterest.com\/domartstyl01\/","https:\/\/www.youtube.com\/channel\/UCkISSgvMomI6yFFL3JDbLhw"]}]}},"_links":{"self":[{"href":"https:\/\/domartstyl.com\/en\/wp-json\/wp\/v2\/pages\/77114","targetHints":{"allow":["GET"]}}],"collection":[{"href":"https:\/\/domartstyl.com\/en\/wp-json\/wp\/v2\/pages"}],"about":[{"href":"https:\/\/domartstyl.com\/en\/wp-json\/wp\/v2\/types\/page"}],"author":[{"embeddable":true,"href":"https:\/\/domartstyl.com\/en\/wp-json\/wp\/v2\/users\/41"}],"replies":[{"embeddable":true,"href":"https:\/\/domartstyl.com\/en\/wp-json\/wp\/v2\/comments?post=77114"}],"version-history":[{"count":0,"href":"https:\/\/domartstyl.com\/en\/wp-json\/wp\/v2\/pages\/77114\/revisions"}],"wp:attachment":[{"href":"https:\/\/domartstyl.com\/en\/wp-json\/wp\/v2\/media?parent=77114"}],"curies":[{"name":"wp","href":"https:\/\/api.w.org\/{rel}","templated":true}]}}