{"id":68771,"date":"2021-02-26T08:04:09","date_gmt":"2021-02-26T07:04:09","guid":{"rendered":"https:\/\/domartstyl.com\/basic-information-before-first-use\/"},"modified":"2023-07-13T16:23:34","modified_gmt":"2023-07-13T15:23:34","slug":"basic-information-before-first-use","status":"publish","type":"page","link":"https:\/\/domartstyl.com\/en\/basic-information-before-first-use\/","title":{"rendered":"Basic Information Before First Use"},"content":{"rendered":"<h2 class=\"wp-block-heading\">PODSTAWOWE INFORMACJE PRZED PIERWSZYM U\u017bYCIEM<\/h2><ol>\n \t<li>Przy otwieraniu opakowania nie nale\u017cy u\u017cywa\u0107 ostrych narz\u0119dzi, gdy\u017c mo\u017ce to spowodowa\u0107 uszkodzenie obicia mebli.<\/li>\n \t<li>Przed rozpocz\u0119ciem u\u017cytkowania produkt tapicerski nale\u017cy wypoziomowa\u0107, tzn. zapewni\u0107 r\u00f3wne pod\u0142o\u017ce.<\/li>\n \t<li>Wa\u017cne jest, aby zapewni\u0107 w\u0142a\u015bciwe warunki w pomieszczeniach, w kt\u00f3rych produkt jest eksploatowany lub przechowywany, tj. temperatury od +15\u00b0C do +40 \u00b0C, wilgotno\u015bci od 40% do 70%. Odleg\u0142o\u015b\u0107 produktu od czynnych \u017ar\u00f3de\u0142 ciep\u0142a nie powinna by\u0107 mniejsza ni\u017c 1,5 metra. W celu unikni\u0119cia procesu blakni\u0119cia tkaniny, odradza si\u0119 wystawiania mebla na bezpo\u015brednie dzia\u0142anie promieni s\u0142onecznych.<\/li>\n<\/ol><h2 class=\"wp-block-heading\">ZASADY EKSPLOATACJI MEBLI TAPICEROWANYCH<\/h2><ol>\n \t<li>Meble tapicerowane r\u00f3\u017cni\u0105 si\u0119 mi\u0119kko\u015bci\u0105 siedzisk. Jest to zwi\u0105zane z naturalnymi w\u0142a\u015bciwo\u015bciami materia\u0142\u00f3w wykorzystywanych jako wype\u0142nienie, tj. g\u0119sto\u015bci\u0105 pianki tapicerskiej, elastyczno\u015bci\u0105 spr\u0119\u017cyn metalowych i pas\u00f3w tapicerskich. W przypadku uk\u0142ad\u00f3w naro\u017cnikowych ewentualne rozbie\u017cno\u015bci w twardo\u015bci siedzisk zachodz\u0105ce pomi\u0119dzy poszczeg\u00f3lnymi elementami zwi\u0105zane s\u0105 z r\u00f3\u017cnymi powierzchniami tych element\u00f3w. Nale\u017cy zwr\u00f3ci\u0107 uwag\u0119, i\u017c twardsze siedziska charakterystyczne s\u0105 dla mebli posiadaj\u0105cych funkcj\u0119 spania. Intensywne u\u017cytkowanie mebla mo\u017ce r\u00f3wnie\u017c przyczyni\u0107 si\u0119 do powstawania r\u00f3\u017cnic w twardo\u015bci siedzisk, opar\u0107 i pod\u0142okietnik\u00f3w. Jest to zjawisko normalne, uwarunkowane u\u017cytkowaniem.<\/li>\n \t<li>Mebel nale\u017cy chroni\u0107 przed uszkodzeniami mechanicznymi. Bezwzgl\u0119dnie zabrania si\u0119 siadania lub stawania na pod\u0142okietnikach, kraw\u0119dziach opar\u0107 i pojedynczych drewnianych listwach oraz stawania na siedziskach. Nie nale\u017cy umieszcza\u0107 nadmiernej ilo\u015bci po\u015bcieli w skrzyniach do tego przeznaczonych, aby zapobiec ich zapadaniu oraz rozpychaniu.<\/li>\n \t<li>Meble tapicerowane np. naro\u017cniki, sofy, fotele, hokery (taborety, pufy) bez funkcji spania maj\u0105 charakter wypoczynkowy w pozycji siedz\u0105cej, natomiast meble z funkcj\u0105 spania np. naro\u017cniki, sofy s\u0142u\u017c\u0105 do spania okazjonalnego.\nPodczas przestawiania mebla lub element\u00f3w zestawu, kategorycznie nie nale\u017cy chwyta\u0107 za obicie lub jego lu\u017ane elementy (poduchy), gdy\u017c mo\u017ce to spowodowa\u0107 nieodwracalne odkszta\u0142cenie lub rozdarcie materia\u0142u obiciowego.<\/li>\n \t<li>Meble produkowane s\u0105 z naturalnego drewna, kt\u00f3rego cech\u0105 jest niepowtarzalna struktura. Nogi i pod\u0142okietniki w tym samym meblu mog\u0105 mie\u0107 r\u00f3\u017cne uk\u0142ady s\u0142oj\u00f3w oraz barwy. R\u00f3\u017cnice te s\u0105 naturaln\u0105 cech\u0105 drewna zwi\u0105zana z r\u00f3\u017cnorodno\u015bci\u0105 struktury, us\u0142ojenia i koloru drewna i nie s\u0105 wad\u0105. Powtarzalno\u015b\u0107 koloru oraz us\u0142ojenia pozwalaj\u0105 uzyska\u0107 jedynie okleiny PCV oraz forniry. Dlatego, zwracamy uwag\u0119 na mo\u017cliwo\u015b\u0107 wyst\u0105pienia r\u00f3\u017cnic w odcieniach bejcy, szczeg\u00f3lnie przy zam\u00f3wieniu kolejnego mebla do zestawu.<\/li>\n \t<li>W przypadku domawiania kolejnych wyrob\u00f3w zastrzegamy, \u017ce mog\u0105 wyst\u0105pi\u0107 r\u00f3\u017cnice wzoru, odcieni tkanin i ekosk\u00f3r spowodowanych inn\u0105 parti\u0105 materia\u0142u.<\/li>\n \t<li>Producent zastrzega sobie prawo do odmowy wykonania zam\u00f3wienia gdy ze wzgl\u0119d\u00f3w technicznych, nie mo\u017cna u\u017cy\u0107 wybranej tkaniny. (Dotyczy tkanin ze wszystkich grup, wzornik\u00f3w, jak i z tkaniny powierzonej)<\/li>\n \t<li>Kolory mebli oraz materia\u0142\u00f3w obiciowych prezentowanych w katalogu i na naszej stronie, mog\u0105 r\u00f3\u017cni\u0107 si\u0119 od kolor\u00f3w w rzeczywisto\u015bci. Ze wzgl\u0119du na zastosowan\u0105 technik\u0119 druku kolory reprodukowane w katalogu mog\u0105 r\u00f3\u017cni\u0107 si\u0119 od rzeczywistych kolor\u00f3w mebli oraz u\u017cytych materia\u0142\u00f3w tapicerskich. Do\u0142o\u017cyli\u015bmy wszelkich stara\u0144, aby kolory przedstawiane na ekranie jak najdok\u0142adniej odzwierciedla\u0142y kolorystyk\u0119 produkt\u00f3w. Nie jeste\u015bmy jednak w stanie zagwarantowa\u0107 ich idealnego odwzorowania. Zar\u00f3wno kolory poszczeg\u00f3lnych tkanin jak i pozosta\u0142e kolory mog\u0105 si\u0119 znacznie r\u00f3\u017cni\u0107 od rzeczywistych &#8211; wynika to z r\u00f3\u017cnorodno\u015bci dost\u0119pnego sprz\u0119tu komputerowego oraz jego indywidualnych ustawie\u0144 a w szczeg\u00f3lno\u015bci ustawie\u0144 monitora i karty graficznej. Dodatkowo kolorystycznie mog\u0105 odbiega\u0107 r\u00f3\u017cne serie tkanin.<\/li>\n \t<li>Nale\u017cy pami\u0119ta\u0107, \u017ce meble ubrane w jasne pokrowce b\u0105d\u017a sk\u00f3ry, nara\u017cone s\u0105 na zafarbowanie przez inne tekstylia, szczeg\u00f3lnie przez odzie\u017c (np. tkanin\u0119 typu jeans). Jest to wada tkaniny odzie\u017cowej, a nie pokrowca.<\/li>\n \t<li>Tkaniny tapicerskie nale\u017cy bezwzgl\u0119dnie chroni\u0107 przed dzia\u0142aniem gor\u0105cych naczy\u0144, zwierz\u0119tami, nieodpowiedni\u0105 zabaw\u0105 dzieci, spo\u017cywaniem na nich posi\u0142k\u00f3w, napoj\u00f3w (m.in. alkoholowych). Nie zachowanie takiej ostro\u017cno\u015bci mo\u017ce spowodowa\u0107 nieodwracalne zmiany w strukturze, kolorze oraz w\u0142a\u015bciwo\u015bciach tkanin (trwa\u0142e odbarwienia, trwa\u0142e zabrudzenia, rozdarcia, p\u0119kni\u0119cia i inne uszkodzenia, itp.).Zr\u00f3\u017cnicowany spos\u00f3b wykorzystania poszczeg\u00f3lnych element\u00f3w oddzia\u0142uje na twardo\u015b\u0107 i optyczny wygl\u0105d produktu finalnego. Uwarunkowane tym trwa\u0142e rozci\u0105gni\u0119cia i fa\u0142dy s\u0105 typowym zjawiskiem.<\/li>\n \t<li>Materia\u0142y pokryciowe mog\u0105 wykazywa\u0107 typowe cechy dla tkanin tapicerskich, takie jak: wra\u017cliwo\u015b\u0107 na dotyk i mienienie si\u0119 tzn. zr\u00f3\u017cnicowanie po\u0142ysku i odcienia uzale\u017cnione od k\u0105ta padania \u015bwiat\u0142a nawet w tej samej partii materia\u0142u, mikrofibryzacja (piling) w\u0142\u00f3kien na skutek tarcia innych tkanin, np. ubra\u0144 , narzut, koc\u00f3w, elektryzowanie si\u0119 tkanin.\n\u201eLustra siedzisk\u201d czyli widoczne \u015blady cia\u0142a, kt\u00f3re powstaj\u0105 na skutek wagi, ciep\u0142oty cia\u0142a oraz wilgotno\u015bci otoczenia, w kt\u00f3rym eksploatowany jest mebel, nale\u017cy uzna\u0107 za cechy charakterystyczne.<\/li>\n \t<li>Aby tkanina na meblu d\u0142ugo prezentowa\u0142a si\u0119 jak nowa, nale\u017cy zadba\u0107 by wszelki brud, kurz czy te\u017c inne zanieczyszczenia nie pozostawa\u0142y d\u0142ugo na powierzchni tkaniny. Zaleca si\u0119 regularne odkurzanie mebla oraz czyszczenie i rozczesywanie r\u0119czne za pomoc\u0105 mi\u0119kkiej szczotki, unikaj\u0105c jednak nadmiernego tarcia, aby nie uszkodzi\u0107 w\u0142\u00f3kien.<\/li>\n \t<li>W wyniku transportu po rozpakowaniu mog\u0105 wyst\u0105pi\u0107 nieregularne fa\u0142dy i zagniecenia obicia. Cofni\u0119cie efektu nast\u0119puje w kilka dni po rozpakowaniu. Przyspieszenie procesu kszta\u0142towania mo\u017cna uzyska\u0107 po przez r\u0119czne uformowanie poduch, pod\u0142okietnik\u00f3w i siedzisk.<\/li>\n \t<li>Wszystkie meble tapicerowane nale\u017cy r\u00f3wnomiernie u\u017cytkowa\u0107, aby naturalne odkszta\u0142cenie tapicerki nast\u0119powa\u0142o w jednakowym stopniu w obr\u0119bie ca\u0142ego mebla. Wskazane jest wyg\u0142adzanie powierzchni siedze\u0144 i opar\u0107 bezpo\u015brednio po u\u017cytkowaniu, aby zmniejszy\u0107 naturaln\u0105 sk\u0142onno\u015b\u0107 do pofa\u0142dowa\u0144 i marszczenia tkanin tapicerskich pod wp\u0142ywem d\u0142ugotrwa\u0142ego obci\u0105\u017cenia, oddzia\u0142ywania ciep\u0142oty i wilgotno\u015bci cia\u0142a (pofa\u0142dowania i marszczenie tkaniny tapicerskiej nie s\u0105 wad\u0105, lecz naturalnym zachowaniem, im wi\u0119ksza powierzchnia zatapicerowana, tym wi\u0119ksza sk\u0142onno\u015b\u0107 do tworzenia si\u0119 zmarszczek i fa\u0142d).<\/li>\n \t<li>Naturalne efekty u\u017cytkowania objawiaj\u0105ce si\u0119 w postaci marszcze\u0144 pokrowc\u00f3w oraz przemieszczenia mi\u0119kkiego wype\u0142nienia we wk\u0142adach opar\u0107, siedzisk lub pod\u0142okietnik\u00f3w mo\u017cna zlikwidowa\u0107 po przez r\u0119czne wyg\u0142adzenie, klepanie, wstrz\u0105sanie i ponowne uformowanie kszta\u0142tu, a tak\u017ce w przypadku trwa\u0142ych odkszta\u0142ce\u0144 wype\u0142nienia w wyniku intensywnej eksploatacji, uzupe\u0142nienie wype\u0142nienia poprzez dodanie dodatkowej warstwy pianki.<\/li>\n \t<li>Nale\u017cy unika\u0107 nara\u017cania tapicerki na mocne, punktowe napi\u0119cia (np. skakanie po meblu), kt\u00f3rych skutkiem mog\u0105 by\u0107 rozej\u015bcia, rozdarcia lub prucie szw\u00f3w oraz wszelkie uszkodzenia mechaniczne.<\/li>\n \t<li>W modelach mebli posiadaj\u0105cych zamek, zastrzegamy sobie mo\u017cliwo\u015b\u0107 r\u00f3\u017cnic w jego kolorystyce w r\u00f3\u017cnych partiach mebli.<\/li>\n \t<li>W przypadku wymiany produktu w okresie gwarancyjnym Producent zastrzega prawo do  wprowadzenia zmian technologicznych, tj. wymiar\u00f3w produktu, materia\u0142\u00f3w stosowanych do produkcji, element\u00f3w ozdobnych i ruchomych, funkcji spania, wynikaj\u0105cych z konieczno\u015bci wyeliminowania wad produktu.<\/li>\n \t<li>Producent nie ponosi odpowiedzialno\u015bci za spory wynikaj\u0105ce z niezapoznaniem si\u0119 z informacj\u0105 techniczn\u0105, a powy\u017csze nie jest podstaw\u0105 do reklamowania towaru.<\/li>\n<\/ol>","protected":false},"excerpt":{"rendered":"<p>PODSTAWOWE INFORMACJE PRZED PIERWSZYM U\u017bYCIEM Przy otwieraniu opakowania nie nale\u017cy u\u017cywa\u0107 ostrych narz\u0119dzi, gdy\u017c mo\u017ce to spowodowa\u0107 uszkodzenie obicia mebli. [&hellip;]<\/p>\n","protected":false},"author":41,"featured_media":0,"parent":0,"menu_order":0,"comment_status":"closed","ping_status":"closed","template":"page-sidebar-none.php","meta":{"footnotes":""},"class_list":["post-68771","page","type-page","status-publish","hentry"],"yoast_head":"<!-- This site is optimized with the Yoast SEO Premium plugin v25.0 (Yoast SEO v25.0) - https:\/\/yoast.com\/wordpress\/plugins\/seo\/ -->\n<title>Basic Information Before First Use - DomArtStyl<\/title>\n<meta name=\"robots\" content=\"noindex, follow\" \/>\n<meta property=\"og:locale\" content=\"en_US\" \/>\n<meta property=\"og:type\" content=\"article\" \/>\n<meta property=\"og:title\" content=\"Basic Information Before First Use\" \/>\n<meta property=\"og:description\" content=\"PODSTAWOWE INFORMACJE PRZED PIERWSZYM U\u017bYCIEM Przy otwieraniu opakowania nie nale\u017cy u\u017cywa\u0107 ostrych narz\u0119dzi, gdy\u017c mo\u017ce to spowodowa\u0107 uszkodzenie obicia mebli. [&hellip;]\" \/>\n<meta property=\"og:url\" content=\"https:\/\/domartstyl.com\/en\/basic-information-before-first-use\/\" \/>\n<meta property=\"og:site_name\" content=\"DomArtStyl\" \/>\n<meta property=\"article:publisher\" content=\"https:\/\/www.facebook.com\/DomArtStyl\/\" \/>\n<meta property=\"article:modified_time\" content=\"2023-07-13T15:23:34+00:00\" \/>\n<meta property=\"og:image\" content=\"https:\/\/domartstyl.com\/wp-content\/uploads\/2021\/06\/logo_meta_og.jpg\" \/>\n\t<meta property=\"og:image:width\" content=\"800\" \/>\n\t<meta property=\"og:image:height\" content=\"800\" \/>\n\t<meta property=\"og:image:type\" content=\"image\/jpeg\" \/>\n<meta name=\"twitter:card\" content=\"summary_large_image\" \/>\n<meta name=\"twitter:site\" content=\"@DomArtStyl_pl\" \/>\n<meta name=\"twitter:label1\" content=\"Est. reading time\" \/>\n\t<meta name=\"twitter:data1\" content=\"6 minutes\" \/>\n<script type=\"application\/ld+json\" class=\"yoast-schema-graph\">{\"@context\":\"https:\/\/schema.org\",\"@graph\":[{\"@type\":\"WebPage\",\"@id\":\"https:\/\/domartstyl.com\/en\/basic-information-before-first-use\/\",\"url\":\"https:\/\/domartstyl.com\/en\/basic-information-before-first-use\/\",\"name\":\"Basic Information Before First Use - DomArtStyl\",\"isPartOf\":{\"@id\":\"https:\/\/domartstyl.com\/en\/#website\"},\"datePublished\":\"2021-02-26T07:04:09+00:00\",\"dateModified\":\"2023-07-13T15:23:34+00:00\",\"breadcrumb\":{\"@id\":\"https:\/\/domartstyl.com\/en\/basic-information-before-first-use\/#breadcrumb\"},\"inLanguage\":\"en-US\",\"potentialAction\":[{\"@type\":\"ReadAction\",\"target\":[\"https:\/\/domartstyl.com\/en\/basic-information-before-first-use\/\"]}]},{\"@type\":\"BreadcrumbList\",\"@id\":\"https:\/\/domartstyl.com\/en\/basic-information-before-first-use\/#breadcrumb\",\"itemListElement\":[{\"@type\":\"ListItem\",\"position\":1,\"name\":\"Strona g\u0142\u00f3wna\",\"item\":\"https:\/\/domartstyl.com\/en\/\"},{\"@type\":\"ListItem\",\"position\":2,\"name\":\"Basic Information Before First Use\"}]},{\"@type\":\"WebSite\",\"@id\":\"https:\/\/domartstyl.com\/en\/#website\",\"url\":\"https:\/\/domartstyl.com\/en\/\",\"name\":\"DomArtStyl\",\"description\":\"Tworzymy meble najwy\u017cszej jako\u015bci. Sprzeda\u017c detaliczna \u00b7 Sprzeda\u017c hurtowa\",\"publisher\":{\"@id\":\"https:\/\/domartstyl.com\/en\/#organization\"},\"potentialAction\":[{\"@type\":\"SearchAction\",\"target\":{\"@type\":\"EntryPoint\",\"urlTemplate\":\"https:\/\/domartstyl.com\/en\/?s={search_term_string}\"},\"query-input\":{\"@type\":\"PropertyValueSpecification\",\"valueRequired\":true,\"valueName\":\"search_term_string\"}}],\"inLanguage\":\"en-US\"},{\"@type\":\"Organization\",\"@id\":\"https:\/\/domartstyl.com\/en\/#organization\",\"name\":\"DomArtStyl\",\"url\":\"https:\/\/domartstyl.com\/en\/\",\"logo\":{\"@type\":\"ImageObject\",\"inLanguage\":\"en-US\",\"@id\":\"https:\/\/domartstyl.com\/en\/#\/schema\/logo\/image\/\",\"url\":\"https:\/\/domartstyl.com\/wp-content\/uploads\/2018\/04\/Logo_300_width.png\",\"contentUrl\":\"https:\/\/domartstyl.com\/wp-content\/uploads\/2018\/04\/Logo_300_width.png\",\"width\":300,\"height\":140,\"caption\":\"DomArtStyl\"},\"image\":{\"@id\":\"https:\/\/domartstyl.com\/en\/#\/schema\/logo\/image\/\"},\"sameAs\":[\"https:\/\/www.facebook.com\/DomArtStyl\/\",\"https:\/\/x.com\/DomArtStyl_pl\",\"https:\/\/www.instagram.com\/domartstyl\/?hl=en\",\"https:\/\/pl.pinterest.com\/domartstyl01\/\",\"https:\/\/www.youtube.com\/channel\/UCkISSgvMomI6yFFL3JDbLhw\"]}]}<\/script>\n<!-- \/ Yoast SEO Premium plugin. -->","yoast_head_json":{"title":"Basic Information Before First Use - DomArtStyl","robots":{"index":"noindex","follow":"follow"},"og_locale":"en_US","og_type":"article","og_title":"Basic Information Before First Use","og_description":"PODSTAWOWE INFORMACJE PRZED PIERWSZYM U\u017bYCIEM Przy otwieraniu opakowania nie nale\u017cy u\u017cywa\u0107 ostrych narz\u0119dzi, gdy\u017c mo\u017ce to spowodowa\u0107 uszkodzenie obicia mebli. [&hellip;]","og_url":"https:\/\/domartstyl.com\/en\/basic-information-before-first-use\/","og_site_name":"DomArtStyl","article_publisher":"https:\/\/www.facebook.com\/DomArtStyl\/","article_modified_time":"2023-07-13T15:23:34+00:00","og_image":[{"width":800,"height":800,"url":"https:\/\/domartstyl.com\/wp-content\/uploads\/2021\/06\/logo_meta_og.jpg","type":"image\/jpeg"}],"twitter_card":"summary_large_image","twitter_site":"@DomArtStyl_pl","twitter_misc":{"Est. reading time":"6 minutes"},"schema":{"@context":"https:\/\/schema.org","@graph":[{"@type":"WebPage","@id":"https:\/\/domartstyl.com\/en\/basic-information-before-first-use\/","url":"https:\/\/domartstyl.com\/en\/basic-information-before-first-use\/","name":"Basic Information Before First Use - DomArtStyl","isPartOf":{"@id":"https:\/\/domartstyl.com\/en\/#website"},"datePublished":"2021-02-26T07:04:09+00:00","dateModified":"2023-07-13T15:23:34+00:00","breadcrumb":{"@id":"https:\/\/domartstyl.com\/en\/basic-information-before-first-use\/#breadcrumb"},"inLanguage":"en-US","potentialAction":[{"@type":"ReadAction","target":["https:\/\/domartstyl.com\/en\/basic-information-before-first-use\/"]}]},{"@type":"BreadcrumbList","@id":"https:\/\/domartstyl.com\/en\/basic-information-before-first-use\/#breadcrumb","itemListElement":[{"@type":"ListItem","position":1,"name":"Strona g\u0142\u00f3wna","item":"https:\/\/domartstyl.com\/en\/"},{"@type":"ListItem","position":2,"name":"Basic Information Before First Use"}]},{"@type":"WebSite","@id":"https:\/\/domartstyl.com\/en\/#website","url":"https:\/\/domartstyl.com\/en\/","name":"DomArtStyl","description":"Tworzymy meble najwy\u017cszej jako\u015bci. Sprzeda\u017c detaliczna \u00b7 Sprzeda\u017c hurtowa","publisher":{"@id":"https:\/\/domartstyl.com\/en\/#organization"},"potentialAction":[{"@type":"SearchAction","target":{"@type":"EntryPoint","urlTemplate":"https:\/\/domartstyl.com\/en\/?s={search_term_string}"},"query-input":{"@type":"PropertyValueSpecification","valueRequired":true,"valueName":"search_term_string"}}],"inLanguage":"en-US"},{"@type":"Organization","@id":"https:\/\/domartstyl.com\/en\/#organization","name":"DomArtStyl","url":"https:\/\/domartstyl.com\/en\/","logo":{"@type":"ImageObject","inLanguage":"en-US","@id":"https:\/\/domartstyl.com\/en\/#\/schema\/logo\/image\/","url":"https:\/\/domartstyl.com\/wp-content\/uploads\/2018\/04\/Logo_300_width.png","contentUrl":"https:\/\/domartstyl.com\/wp-content\/uploads\/2018\/04\/Logo_300_width.png","width":300,"height":140,"caption":"DomArtStyl"},"image":{"@id":"https:\/\/domartstyl.com\/en\/#\/schema\/logo\/image\/"},"sameAs":["https:\/\/www.facebook.com\/DomArtStyl\/","https:\/\/x.com\/DomArtStyl_pl","https:\/\/www.instagram.com\/domartstyl\/?hl=en","https:\/\/pl.pinterest.com\/domartstyl01\/","https:\/\/www.youtube.com\/channel\/UCkISSgvMomI6yFFL3JDbLhw"]}]}},"_links":{"self":[{"href":"https:\/\/domartstyl.com\/en\/wp-json\/wp\/v2\/pages\/68771","targetHints":{"allow":["GET"]}}],"collection":[{"href":"https:\/\/domartstyl.com\/en\/wp-json\/wp\/v2\/pages"}],"about":[{"href":"https:\/\/domartstyl.com\/en\/wp-json\/wp\/v2\/types\/page"}],"author":[{"embeddable":true,"href":"https:\/\/domartstyl.com\/en\/wp-json\/wp\/v2\/users\/41"}],"replies":[{"embeddable":true,"href":"https:\/\/domartstyl.com\/en\/wp-json\/wp\/v2\/comments?post=68771"}],"version-history":[{"count":0,"href":"https:\/\/domartstyl.com\/en\/wp-json\/wp\/v2\/pages\/68771\/revisions"}],"wp:attachment":[{"href":"https:\/\/domartstyl.com\/en\/wp-json\/wp\/v2\/media?parent=68771"}],"curies":[{"name":"wp","href":"https:\/\/api.w.org\/{rel}","templated":true}]}}