{"id":67523,"date":"2020-11-24T15:02:31","date_gmt":"2020-11-24T14:02:31","guid":{"rendered":"https:\/\/domartstyl.com\/?page_id=67523"},"modified":"2024-10-22T09:31:43","modified_gmt":"2024-10-22T08:31:43","slug":"salvador-agmamito-2","status":"publish","type":"page","link":"https:\/\/domartstyl.com\/en\/fabrics\/salvador-agmamito-2\/","title":{"rendered":"Salvador (Agmamito)"},"content":{"rendered":"<div class=\"text-center mb-3\">\n\t<a href=\"\/wp-content\/uploads\/tkaniny\/specyfikacja\/salvador.pdf\" class=\"btn btn-primary\" target=\"_blank\" title=\"View Technical Specifications\" rel=\"noopener\">Technical Specifications<\/a>\n<\/div>\n<div class=\"row row-cols-2 row-cols-sm-3 row-cols-md-4 row-cols-lg-6 g-4 mt-0 mb-5\" id=\"lightgallery\">\n\t<div class=\"col text-center\">\n\t\t<a href=\"https:\/\/domartstyl.com\/wp-content\/uploads\/tkaniny\/Salvador\/Salvador-1.jpg\" class=\"lightgallery-item\" title=\"Salvador 1\">\n\t\t\t<img decoding=\"async\" src=\"https:\/\/domartstyl.com\/wp-content\/uploads\/tkaniny\/sm\/Salvador\/Salvador-1.jpg\" loading=\"lazy\" alt=\"Salvador 1\">\n\t\t<\/a>\n\t\t<span class=\"d-block p-3\">Salvador 1<\/span>\n\t<\/div>\n\t<div class=\"col text-center\">\n\t\t<a href=\"https:\/\/domartstyl.com\/wp-content\/uploads\/tkaniny\/Salvador\/Salvador-2.jpg\" class=\"lightgallery-item\" title=\"Salvador 2\">\n\t\t\t<img decoding=\"async\" src=\"https:\/\/domartstyl.com\/wp-content\/uploads\/tkaniny\/sm\/Salvador\/Salvador-2.jpg\" loading=\"lazy\" alt=\"Salvador 2\">\n\t\t<\/a>\n\t\t<span class=\"d-block p-3\">Salvador 2<\/span>\n\t<\/div>\n\t<div class=\"col text-center\">\n\t\t<a href=\"https:\/\/domartstyl.com\/wp-content\/uploads\/tkaniny\/Salvador\/Salvador-3.jpg\" class=\"lightgallery-item\" title=\"Salvador 3\">\n\t\t\t<img decoding=\"async\" src=\"https:\/\/domartstyl.com\/wp-content\/uploads\/tkaniny\/sm\/Salvador\/Salvador-3.jpg\" loading=\"lazy\" alt=\"Salvador 3\">\n\t\t<\/a>\n\t\t<span class=\"d-block p-3\">Salvador 3<\/span>\n\t<\/div>\n\t<div class=\"col text-center\">\n\t\t<a href=\"https:\/\/domartstyl.com\/wp-content\/uploads\/tkaniny\/Salvador\/Salvador-4.jpg\" class=\"lightgallery-item\" title=\"Salvador 4\">\n\t\t\t<img decoding=\"async\" src=\"https:\/\/domartstyl.com\/wp-content\/uploads\/tkaniny\/sm\/Salvador\/Salvador-4.jpg\" loading=\"lazy\" alt=\"Salvador 4\">\n\t\t<\/a>\n\t\t<span class=\"d-block p-3\">Salvador 4<\/span>\n\t<\/div>\n\t<div class=\"col text-center\">\n\t\t<a href=\"https:\/\/domartstyl.com\/wp-content\/uploads\/tkaniny\/Salvador\/Salvador-5.jpg\" class=\"lightgallery-item\" title=\"Salvador 5\">\n\t\t\t<img decoding=\"async\" src=\"https:\/\/domartstyl.com\/wp-content\/uploads\/tkaniny\/sm\/Salvador\/Salvador-5.jpg\" loading=\"lazy\" alt=\"Salvador 5\">\n\t\t<\/a>\n\t\t<span class=\"d-block p-3\">Salvador 5<\/span>\n\t<\/div>\n\t<div class=\"col text-center\">\n\t\t<a href=\"https:\/\/domartstyl.com\/wp-content\/uploads\/tkaniny\/Salvador\/Salvador-6.jpg\" class=\"lightgallery-item\" title=\"Salvador 6\">\n\t\t\t<img decoding=\"async\" src=\"https:\/\/domartstyl.com\/wp-content\/uploads\/tkaniny\/sm\/Salvador\/Salvador-6.jpg\" loading=\"lazy\" alt=\"Salvador 6\">\n\t\t<\/a>\n\t\t<span class=\"d-block p-3\">Salvador 6<\/span>\n\t<\/div>\n\t<div class=\"col text-center\">\n\t\t<a href=\"https:\/\/domartstyl.com\/wp-content\/uploads\/tkaniny\/Salvador\/Salvador-7.jpg\" class=\"lightgallery-item\" title=\"Salvador 7\">\n\t\t\t<img decoding=\"async\" src=\"https:\/\/domartstyl.com\/wp-content\/uploads\/tkaniny\/sm\/Salvador\/Salvador-7.jpg\" loading=\"lazy\" alt=\"Salvador 7\">\n\t\t<\/a>\n\t\t<span class=\"d-block p-3\">Salvador 7<\/span>\n\t<\/div>\n\t<div class=\"col text-center\">\n\t\t<a href=\"https:\/\/domartstyl.com\/wp-content\/uploads\/tkaniny\/Salvador\/Salvador-8.jpg\" class=\"lightgallery-item\" title=\"Salvador 8\">\n\t\t\t<img decoding=\"async\" src=\"https:\/\/domartstyl.com\/wp-content\/uploads\/tkaniny\/sm\/Salvador\/Salvador-8.jpg\" loading=\"lazy\" alt=\"Salvador 8\">\n\t\t<\/a>\n\t\t<span class=\"d-block p-3\">Salvador 8<\/span>\n\t<\/div>\n\t<div class=\"col text-center\">\n\t\t<a href=\"https:\/\/domartstyl.com\/wp-content\/uploads\/tkaniny\/Salvador\/Salvador-9.jpg\" class=\"lightgallery-item\" title=\"Salvador 9\">\n\t\t\t<img decoding=\"async\" src=\"https:\/\/domartstyl.com\/wp-content\/uploads\/tkaniny\/sm\/Salvador\/Salvador-9.jpg\" loading=\"lazy\" alt=\"Salvador 9\">\n\t\t<\/a>\n\t\t<span class=\"d-block p-3\">Salvador 9<\/span>\n\t<\/div>\n\t<div class=\"col text-center\">\n\t\t<a href=\"https:\/\/domartstyl.com\/wp-content\/uploads\/tkaniny\/Salvador\/Salvador-10.jpg\" class=\"lightgallery-item\" title=\"Salvador 10\">\n\t\t\t<img decoding=\"async\" src=\"https:\/\/domartstyl.com\/wp-content\/uploads\/tkaniny\/sm\/Salvador\/Salvador-10.jpg\" loading=\"lazy\" alt=\"Salvador 10\">\n\t\t<\/a>\n\t\t<span class=\"d-block p-3\">Salvador 10<\/span>\n\t<\/div>\n\t<div class=\"col text-center\">\n\t\t<a href=\"https:\/\/domartstyl.com\/wp-content\/uploads\/tkaniny\/Salvador\/Salvador-11.jpg\" class=\"lightgallery-item\" title=\"Salvador 11\">\n\t\t\t<img decoding=\"async\" src=\"https:\/\/domartstyl.com\/wp-content\/uploads\/tkaniny\/sm\/Salvador\/Salvador-11.jpg\" loading=\"lazy\" alt=\"Salvador 11\">\n\t\t<\/a>\n\t\t<span class=\"d-block p-3\">Salvador 11<\/span>\n\t<\/div>\n\t<div class=\"col text-center\">\n\t\t<a href=\"https:\/\/domartstyl.com\/wp-content\/uploads\/tkaniny\/Salvador\/Salvador-12.jpg\" class=\"lightgallery-item\" title=\"Salvador 12\">\n\t\t\t<img decoding=\"async\" src=\"https:\/\/domartstyl.com\/wp-content\/uploads\/tkaniny\/sm\/Salvador\/Salvador-12.jpg\" loading=\"lazy\" alt=\"Salvador 12\">\n\t\t<\/a>\n\t\t<span class=\"d-block p-3\">Salvador 12<\/span>\n\t<\/div>\n\t<div class=\"col text-center\">\n\t\t<a href=\"https:\/\/domartstyl.com\/wp-content\/uploads\/tkaniny\/Salvador\/Salvador-13.jpg\" class=\"lightgallery-item\" title=\"Salvador 13\">\n\t\t\t<img decoding=\"async\" src=\"https:\/\/domartstyl.com\/wp-content\/uploads\/tkaniny\/sm\/Salvador\/Salvador-13.jpg\" loading=\"lazy\" alt=\"Salvador 13\">\n\t\t<\/a>\n\t\t<span class=\"d-block p-3\">Salvador 13<\/span>\n\t<\/div>\n\t<div class=\"col text-center\">\n\t\t<a href=\"https:\/\/domartstyl.com\/wp-content\/uploads\/tkaniny\/Salvador\/Salvador-14.jpg\" class=\"lightgallery-item\" title=\"Salvador 14\">\n\t\t\t<img decoding=\"async\" src=\"https:\/\/domartstyl.com\/wp-content\/uploads\/tkaniny\/sm\/Salvador\/Salvador-14.jpg\" loading=\"lazy\" alt=\"Salvador 14\">\n\t\t<\/a>\n\t\t<span class=\"d-block p-3\">Salvador 14<\/span>\n\t<\/div>\n\t<div class=\"col text-center\">\n\t\t<a href=\"https:\/\/domartstyl.com\/wp-content\/uploads\/tkaniny\/Salvador\/Salvador-15.jpg\" class=\"lightgallery-item\" title=\"Salvador 15\">\n\t\t\t<img decoding=\"async\" src=\"https:\/\/domartstyl.com\/wp-content\/uploads\/tkaniny\/sm\/Salvador\/Salvador-15.jpg\" loading=\"lazy\" alt=\"Salvador 15\">\n\t\t<\/a>\n\t\t<span class=\"d-block p-3\">Salvador 15<\/span>\n\t<\/div>\n\t<div class=\"col text-center\">\n\t\t<a href=\"https:\/\/domartstyl.com\/wp-content\/uploads\/tkaniny\/Salvador\/Salvador-16.jpg\" class=\"lightgallery-item\" title=\"Salvador 16\">\n\t\t\t<img decoding=\"async\" src=\"https:\/\/domartstyl.com\/wp-content\/uploads\/tkaniny\/sm\/Salvador\/Salvador-16.jpg\" loading=\"lazy\" alt=\"Salvador 16\">\n\t\t<\/a>\n\t\t<span class=\"d-block p-3\">Salvador 16<\/span>\n\t<\/div>\n\t<div class=\"col text-center\">\n\t\t<a href=\"https:\/\/domartstyl.com\/wp-content\/uploads\/tkaniny\/Salvador\/Salvador-17.jpg\" class=\"lightgallery-item\" title=\"Salvador 17\">\n\t\t\t<img decoding=\"async\" src=\"https:\/\/domartstyl.com\/wp-content\/uploads\/tkaniny\/sm\/Salvador\/Salvador-17.jpg\" loading=\"lazy\" alt=\"Salvador 17\">\n\t\t<\/a>\n\t\t<span class=\"d-block p-3\">Salvador 17<\/span>\n\t<\/div>\n\t<div class=\"col text-center\">\n\t\t<a href=\"https:\/\/domartstyl.com\/wp-content\/uploads\/tkaniny\/Salvador\/Salvador-18.jpg\" class=\"lightgallery-item\" title=\"Salvador 18\">\n\t\t\t<img decoding=\"async\" src=\"https:\/\/domartstyl.com\/wp-content\/uploads\/tkaniny\/sm\/Salvador\/Salvador-18.jpg\" loading=\"lazy\" alt=\"Salvador 18\">\n\t\t<\/a>\n\t\t<span class=\"d-block p-3\">Salvador 18<\/span>\n\t<\/div>\n\t<div class=\"col text-center\">\n\t\t<a href=\"https:\/\/domartstyl.com\/wp-content\/uploads\/tkaniny\/Salvador\/Salvador-19.jpg\" class=\"lightgallery-item\" title=\"Salvador 19\">\n\t\t\t<img decoding=\"async\" src=\"https:\/\/domartstyl.com\/wp-content\/uploads\/tkaniny\/sm\/Salvador\/Salvador-19.jpg\" loading=\"lazy\" alt=\"Salvador 19\">\n\t\t<\/a>\n\t\t<span class=\"d-block p-3\">Salvador 19<\/span>\n\t<\/div>\n<\/div>","protected":false},"excerpt":{"rendered":"<p>Technical Specifications Salvador 1 Salvador 2 Salvador 3 Salvador 4 Salvador 5 Salvador 6 Salvador 7 Salvador 8 Salvador 9 [&hellip;]<\/p>\n","protected":false},"author":41,"featured_media":0,"parent":3883,"menu_order":0,"comment_status":"closed","ping_status":"closed","template":"page-gallery.php","meta":{"footnotes":""},"class_list":["post-67523","page","type-page","status-publish","hentry"],"yoast_head":"<!-- This site is optimized with the Yoast SEO Premium plugin v25.0 (Yoast SEO v25.0) - https:\/\/yoast.com\/wordpress\/plugins\/seo\/ -->\n<title>Salvador (Agmamito) Technical Specifications - DomArtStyl<\/title>\n<meta name=\"robots\" content=\"index, follow, max-snippet:-1, max-image-preview:large, max-video-preview:-1\" \/>\n<link rel=\"canonical\" href=\"https:\/\/domartstyl.com\/en\/fabrics\/salvador-agmamito-2\/\" \/>\n<meta property=\"og:locale\" content=\"en_US\" \/>\n<meta property=\"og:type\" content=\"article\" \/>\n<meta property=\"og:title\" content=\"Salvador (Agmamito)\" \/>\n<meta property=\"og:description\" content=\"Technical Specifications Salvador 1 Salvador 2 Salvador 3 Salvador 4 Salvador 5 Salvador 6 Salvador 7 Salvador 8 Salvador 9 [&hellip;]\" \/>\n<meta property=\"og:url\" content=\"https:\/\/domartstyl.com\/en\/fabrics\/salvador-agmamito-2\/\" \/>\n<meta property=\"og:site_name\" content=\"DomArtStyl\" \/>\n<meta property=\"article:publisher\" content=\"https:\/\/www.facebook.com\/DomArtStyl\/\" \/>\n<meta property=\"article:modified_time\" content=\"2024-10-22T08:31:43+00:00\" \/>\n<meta property=\"og:image\" content=\"https:\/\/domartstyl.com\/wp-content\/uploads\/tkaniny\/sm\/Salvador\/Salvador-1.jpg\" \/>\n<meta name=\"twitter:card\" content=\"summary_large_image\" \/>\n<meta name=\"twitter:site\" content=\"@DomArtStyl_pl\" \/>\n<meta name=\"twitter:label1\" content=\"Est. reading time\" \/>\n\t<meta name=\"twitter:data1\" content=\"5 minutes\" \/>\n<script type=\"application\/ld+json\" class=\"yoast-schema-graph\">{\"@context\":\"https:\/\/schema.org\",\"@graph\":[{\"@type\":\"WebPage\",\"@id\":\"https:\/\/domartstyl.com\/en\/fabrics\/salvador-agmamito-2\/\",\"url\":\"https:\/\/domartstyl.com\/en\/fabrics\/salvador-agmamito-2\/\",\"name\":\"Salvador (Agmamito) Technical Specifications - DomArtStyl\",\"isPartOf\":{\"@id\":\"https:\/\/domartstyl.com\/en\/#website\"},\"primaryImageOfPage\":{\"@id\":\"https:\/\/domartstyl.com\/en\/fabrics\/salvador-agmamito-2\/#primaryimage\"},\"image\":{\"@id\":\"https:\/\/domartstyl.com\/en\/fabrics\/salvador-agmamito-2\/#primaryimage\"},\"thumbnailUrl\":\"https:\/\/domartstyl.com\/wp-content\/uploads\/tkaniny\/sm\/Salvador\/Salvador-1.jpg\",\"datePublished\":\"2020-11-24T14:02:31+00:00\",\"dateModified\":\"2024-10-22T08:31:43+00:00\",\"breadcrumb\":{\"@id\":\"https:\/\/domartstyl.com\/en\/fabrics\/salvador-agmamito-2\/#breadcrumb\"},\"inLanguage\":\"en-US\",\"potentialAction\":[{\"@type\":\"ReadAction\",\"target\":[\"https:\/\/domartstyl.com\/en\/fabrics\/salvador-agmamito-2\/\"]}]},{\"@type\":\"ImageObject\",\"inLanguage\":\"en-US\",\"@id\":\"https:\/\/domartstyl.com\/en\/fabrics\/salvador-agmamito-2\/#primaryimage\",\"url\":\"https:\/\/domartstyl.com\/wp-content\/uploads\/tkaniny\/sm\/Salvador\/Salvador-1.jpg\",\"contentUrl\":\"https:\/\/domartstyl.com\/wp-content\/uploads\/tkaniny\/sm\/Salvador\/Salvador-1.jpg\"},{\"@type\":\"BreadcrumbList\",\"@id\":\"https:\/\/domartstyl.com\/en\/fabrics\/salvador-agmamito-2\/#breadcrumb\",\"itemListElement\":[{\"@type\":\"ListItem\",\"position\":1,\"name\":\"Strona g\u0142\u00f3wna\",\"item\":\"https:\/\/domartstyl.com\/en\/\"},{\"@type\":\"ListItem\",\"position\":2,\"name\":\"Fabrics\",\"item\":\"https:\/\/domartstyl.com\/en\/fabrics\/\"},{\"@type\":\"ListItem\",\"position\":3,\"name\":\"Salvador (Agmamito)\"}]},{\"@type\":\"WebSite\",\"@id\":\"https:\/\/domartstyl.com\/en\/#website\",\"url\":\"https:\/\/domartstyl.com\/en\/\",\"name\":\"DomArtStyl\",\"description\":\"Tworzymy meble najwy\u017cszej jako\u015bci. Sprzeda\u017c detaliczna \u00b7 Sprzeda\u017c hurtowa\",\"publisher\":{\"@id\":\"https:\/\/domartstyl.com\/en\/#organization\"},\"potentialAction\":[{\"@type\":\"SearchAction\",\"target\":{\"@type\":\"EntryPoint\",\"urlTemplate\":\"https:\/\/domartstyl.com\/en\/?s={search_term_string}\"},\"query-input\":{\"@type\":\"PropertyValueSpecification\",\"valueRequired\":true,\"valueName\":\"search_term_string\"}}],\"inLanguage\":\"en-US\"},{\"@type\":\"Organization\",\"@id\":\"https:\/\/domartstyl.com\/en\/#organization\",\"name\":\"DomArtStyl\",\"url\":\"https:\/\/domartstyl.com\/en\/\",\"logo\":{\"@type\":\"ImageObject\",\"inLanguage\":\"en-US\",\"@id\":\"https:\/\/domartstyl.com\/en\/#\/schema\/logo\/image\/\",\"url\":\"https:\/\/domartstyl.com\/wp-content\/uploads\/2018\/04\/Logo_300_width.png\",\"contentUrl\":\"https:\/\/domartstyl.com\/wp-content\/uploads\/2018\/04\/Logo_300_width.png\",\"width\":300,\"height\":140,\"caption\":\"DomArtStyl\"},\"image\":{\"@id\":\"https:\/\/domartstyl.com\/en\/#\/schema\/logo\/image\/\"},\"sameAs\":[\"https:\/\/www.facebook.com\/DomArtStyl\/\",\"https:\/\/x.com\/DomArtStyl_pl\",\"https:\/\/www.instagram.com\/domartstyl\/?hl=en\",\"https:\/\/pl.pinterest.com\/domartstyl01\/\",\"https:\/\/www.youtube.com\/channel\/UCkISSgvMomI6yFFL3JDbLhw\"]}]}<\/script>\n<!-- \/ Yoast SEO Premium plugin. -->","yoast_head_json":{"title":"Salvador (Agmamito) Technical Specifications - DomArtStyl","robots":{"index":"index","follow":"follow","max-snippet":"max-snippet:-1","max-image-preview":"max-image-preview:large","max-video-preview":"max-video-preview:-1"},"canonical":"https:\/\/domartstyl.com\/en\/fabrics\/salvador-agmamito-2\/","og_locale":"en_US","og_type":"article","og_title":"Salvador (Agmamito)","og_description":"Technical Specifications Salvador 1 Salvador 2 Salvador 3 Salvador 4 Salvador 5 Salvador 6 Salvador 7 Salvador 8 Salvador 9 [&hellip;]","og_url":"https:\/\/domartstyl.com\/en\/fabrics\/salvador-agmamito-2\/","og_site_name":"DomArtStyl","article_publisher":"https:\/\/www.facebook.com\/DomArtStyl\/","article_modified_time":"2024-10-22T08:31:43+00:00","og_image":[{"url":"https:\/\/domartstyl.com\/wp-content\/uploads\/tkaniny\/sm\/Salvador\/Salvador-1.jpg","type":"","width":"","height":""}],"twitter_card":"summary_large_image","twitter_site":"@DomArtStyl_pl","twitter_misc":{"Est. reading time":"5 minutes"},"schema":{"@context":"https:\/\/schema.org","@graph":[{"@type":"WebPage","@id":"https:\/\/domartstyl.com\/en\/fabrics\/salvador-agmamito-2\/","url":"https:\/\/domartstyl.com\/en\/fabrics\/salvador-agmamito-2\/","name":"Salvador (Agmamito) Technical Specifications - DomArtStyl","isPartOf":{"@id":"https:\/\/domartstyl.com\/en\/#website"},"primaryImageOfPage":{"@id":"https:\/\/domartstyl.com\/en\/fabrics\/salvador-agmamito-2\/#primaryimage"},"image":{"@id":"https:\/\/domartstyl.com\/en\/fabrics\/salvador-agmamito-2\/#primaryimage"},"thumbnailUrl":"https:\/\/domartstyl.com\/wp-content\/uploads\/tkaniny\/sm\/Salvador\/Salvador-1.jpg","datePublished":"2020-11-24T14:02:31+00:00","dateModified":"2024-10-22T08:31:43+00:00","breadcrumb":{"@id":"https:\/\/domartstyl.com\/en\/fabrics\/salvador-agmamito-2\/#breadcrumb"},"inLanguage":"en-US","potentialAction":[{"@type":"ReadAction","target":["https:\/\/domartstyl.com\/en\/fabrics\/salvador-agmamito-2\/"]}]},{"@type":"ImageObject","inLanguage":"en-US","@id":"https:\/\/domartstyl.com\/en\/fabrics\/salvador-agmamito-2\/#primaryimage","url":"https:\/\/domartstyl.com\/wp-content\/uploads\/tkaniny\/sm\/Salvador\/Salvador-1.jpg","contentUrl":"https:\/\/domartstyl.com\/wp-content\/uploads\/tkaniny\/sm\/Salvador\/Salvador-1.jpg"},{"@type":"BreadcrumbList","@id":"https:\/\/domartstyl.com\/en\/fabrics\/salvador-agmamito-2\/#breadcrumb","itemListElement":[{"@type":"ListItem","position":1,"name":"Strona g\u0142\u00f3wna","item":"https:\/\/domartstyl.com\/en\/"},{"@type":"ListItem","position":2,"name":"Fabrics","item":"https:\/\/domartstyl.com\/en\/fabrics\/"},{"@type":"ListItem","position":3,"name":"Salvador (Agmamito)"}]},{"@type":"WebSite","@id":"https:\/\/domartstyl.com\/en\/#website","url":"https:\/\/domartstyl.com\/en\/","name":"DomArtStyl","description":"Tworzymy meble najwy\u017cszej jako\u015bci. Sprzeda\u017c detaliczna \u00b7 Sprzeda\u017c hurtowa","publisher":{"@id":"https:\/\/domartstyl.com\/en\/#organization"},"potentialAction":[{"@type":"SearchAction","target":{"@type":"EntryPoint","urlTemplate":"https:\/\/domartstyl.com\/en\/?s={search_term_string}"},"query-input":{"@type":"PropertyValueSpecification","valueRequired":true,"valueName":"search_term_string"}}],"inLanguage":"en-US"},{"@type":"Organization","@id":"https:\/\/domartstyl.com\/en\/#organization","name":"DomArtStyl","url":"https:\/\/domartstyl.com\/en\/","logo":{"@type":"ImageObject","inLanguage":"en-US","@id":"https:\/\/domartstyl.com\/en\/#\/schema\/logo\/image\/","url":"https:\/\/domartstyl.com\/wp-content\/uploads\/2018\/04\/Logo_300_width.png","contentUrl":"https:\/\/domartstyl.com\/wp-content\/uploads\/2018\/04\/Logo_300_width.png","width":300,"height":140,"caption":"DomArtStyl"},"image":{"@id":"https:\/\/domartstyl.com\/en\/#\/schema\/logo\/image\/"},"sameAs":["https:\/\/www.facebook.com\/DomArtStyl\/","https:\/\/x.com\/DomArtStyl_pl","https:\/\/www.instagram.com\/domartstyl\/?hl=en","https:\/\/pl.pinterest.com\/domartstyl01\/","https:\/\/www.youtube.com\/channel\/UCkISSgvMomI6yFFL3JDbLhw"]}]}},"_links":{"self":[{"href":"https:\/\/domartstyl.com\/en\/wp-json\/wp\/v2\/pages\/67523","targetHints":{"allow":["GET"]}}],"collection":[{"href":"https:\/\/domartstyl.com\/en\/wp-json\/wp\/v2\/pages"}],"about":[{"href":"https:\/\/domartstyl.com\/en\/wp-json\/wp\/v2\/types\/page"}],"author":[{"embeddable":true,"href":"https:\/\/domartstyl.com\/en\/wp-json\/wp\/v2\/users\/41"}],"replies":[{"embeddable":true,"href":"https:\/\/domartstyl.com\/en\/wp-json\/wp\/v2\/comments?post=67523"}],"version-history":[{"count":0,"href":"https:\/\/domartstyl.com\/en\/wp-json\/wp\/v2\/pages\/67523\/revisions"}],"up":[{"embeddable":true,"href":"https:\/\/domartstyl.com\/en\/wp-json\/wp\/v2\/pages\/3883"}],"wp:attachment":[{"href":"https:\/\/domartstyl.com\/en\/wp-json\/wp\/v2\/media?parent=67523"}],"curies":[{"name":"wp","href":"https:\/\/api.w.org\/{rel}","templated":true}]}}