{"id":61639,"date":"2020-03-27T09:28:59","date_gmt":"2020-03-27T08:28:59","guid":{"rendered":"https:\/\/domartstyl.com\/?page_id=61639"},"modified":"2022-01-02T11:05:32","modified_gmt":"2022-01-02T10:05:32","slug":"primo-emotivero","status":"publish","type":"page","link":"https:\/\/domartstyl.com\/en\/fabrics\/primo-emotivero\/","title":{"rendered":"Primo (Emotivero)"},"content":{"rendered":"<div class=\"text-center mb-3\">\n\t<a href=\"https:\/\/pianpoltex.pl\/wp-content\/uploads\/KARTA-TECHNICZNA-PRIMO-EMOTIVERO.pdf\" class=\"btn btn-primary\" target=\"_blank\" title=\"View Technical Specifications\" rel=\"noopener\">Technical Specifications<\/a>\n<\/div>\n<div class=\"row row-cols-2 row-cols-sm-3 row-cols-md-4 row-cols-lg-6 g-4 mt-0 mb-5\" id=\"lightgallery\">\n\t<div class=\"col text-center\">\n\t\t<a href=\"https:\/\/domartstyl.com\/wp-content\/uploads\/tkaniny\/Primo\/Primo-8801.webp\" class=\"lightgallery-item\" title=\"Primo 8801\">\n\t\t\t<img decoding=\"async\" src=\"https:\/\/domartstyl.com\/wp-content\/uploads\/tkaniny\/sm\/Primo\/Primo-8801.webp\" loading=\"lazy\" alt=\"Primo 8801\">\n\t\t<\/a>\n\t\t<span class=\"d-block p-3\">Primo 8801<\/span>\n\t<\/div>\n\t<div class=\"col text-center\">\n\t\t<a href=\"https:\/\/domartstyl.com\/wp-content\/uploads\/tkaniny\/Primo\/Primo-8802.webp\" class=\"lightgallery-item\" title=\"Primo 8802\">\n\t\t\t<img decoding=\"async\" src=\"https:\/\/domartstyl.com\/wp-content\/uploads\/tkaniny\/sm\/Primo\/Primo-8802.webp\" loading=\"lazy\" alt=\"Primo 8802\">\n\t\t<\/a>\n\t\t<span class=\"d-block p-3\">Primo 8802<\/span>\n\t<\/div>\n\t<div class=\"col text-center\">\n\t\t<a href=\"https:\/\/domartstyl.com\/wp-content\/uploads\/tkaniny\/Primo\/Primo-8803.webp\" class=\"lightgallery-item\" title=\"Primo 8803\">\n\t\t\t<img decoding=\"async\" src=\"https:\/\/domartstyl.com\/wp-content\/uploads\/tkaniny\/sm\/Primo\/Primo-8803.webp\" loading=\"lazy\" alt=\"Primo 8803\">\n\t\t<\/a>\n\t\t<span class=\"d-block p-3\">Primo 8803<\/span>\n\t<\/div>\n\t<div class=\"col text-center\">\n\t\t<a href=\"https:\/\/domartstyl.com\/wp-content\/uploads\/tkaniny\/Primo\/Primo-8804.webp\" class=\"lightgallery-item\" title=\"Primo 8804\">\n\t\t\t<img decoding=\"async\" src=\"https:\/\/domartstyl.com\/wp-content\/uploads\/tkaniny\/sm\/Primo\/Primo-8804.webp\" loading=\"lazy\" alt=\"Primo 8804\">\n\t\t<\/a>\n\t\t<span class=\"d-block p-3\">Primo 8804<\/span>\n\t<\/div>\n\t<div class=\"col text-center\">\n\t\t<a href=\"https:\/\/domartstyl.com\/wp-content\/uploads\/tkaniny\/Primo\/Primo-8805.webp\" class=\"lightgallery-item\" title=\"Primo 8805\">\n\t\t\t<img decoding=\"async\" src=\"https:\/\/domartstyl.com\/wp-content\/uploads\/tkaniny\/sm\/Primo\/Primo-8805.webp\" loading=\"lazy\" alt=\"Primo 8805\">\n\t\t<\/a>\n\t\t<span class=\"d-block p-3\">Primo 8805<\/span>\n\t<\/div>\n\t<div class=\"col text-center\">\n\t\t<a href=\"https:\/\/domartstyl.com\/wp-content\/uploads\/tkaniny\/Primo\/Primo-8806.webp\" class=\"lightgallery-item\" title=\"Primo 8806\">\n\t\t\t<img decoding=\"async\" src=\"https:\/\/domartstyl.com\/wp-content\/uploads\/tkaniny\/sm\/Primo\/Primo-8806.webp\" loading=\"lazy\" alt=\"Primo 8806\">\n\t\t<\/a>\n\t\t<span class=\"d-block p-3\">Primo 8806<\/span>\n\t<\/div>\n\t<div class=\"col text-center\">\n\t\t<a href=\"https:\/\/domartstyl.com\/wp-content\/uploads\/tkaniny\/Primo\/Primo-8807.webp\" class=\"lightgallery-item\" title=\"Primo 8807\">\n\t\t\t<img decoding=\"async\" src=\"https:\/\/domartstyl.com\/wp-content\/uploads\/tkaniny\/sm\/Primo\/Primo-8807.webp\" loading=\"lazy\" alt=\"Primo 8807\">\n\t\t<\/a>\n\t\t<span class=\"d-block p-3\">Primo 8807<\/span>\n\t<\/div>\n\t<div class=\"col text-center\">\n\t\t<a href=\"https:\/\/domartstyl.com\/wp-content\/uploads\/tkaniny\/Primo\/Primo-8808.webp\" class=\"lightgallery-item\" title=\"Primo 8808\">\n\t\t\t<img decoding=\"async\" src=\"https:\/\/domartstyl.com\/wp-content\/uploads\/tkaniny\/sm\/Primo\/Primo-8808.webp\" loading=\"lazy\" alt=\"Primo 8808\">\n\t\t<\/a>\n\t\t<span class=\"d-block p-3\">Primo 8808<\/span>\n\t<\/div>\n\t<div class=\"col text-center\">\n\t\t<a href=\"https:\/\/domartstyl.com\/wp-content\/uploads\/tkaniny\/Primo\/Primo-8809.webp\" class=\"lightgallery-item\" title=\"Primo 8809\">\n\t\t\t<img decoding=\"async\" src=\"https:\/\/domartstyl.com\/wp-content\/uploads\/tkaniny\/sm\/Primo\/Primo-8809.webp\" loading=\"lazy\" alt=\"Primo 8809\">\n\t\t<\/a>\n\t\t<span class=\"d-block p-3\">Primo 8809<\/span>\n\t<\/div>\n\t<div class=\"col text-center\">\n\t\t<a href=\"https:\/\/domartstyl.com\/wp-content\/uploads\/tkaniny\/Primo\/Primo-8810.webp\" class=\"lightgallery-item\" title=\"Primo 8810\">\n\t\t\t<img decoding=\"async\" src=\"https:\/\/domartstyl.com\/wp-content\/uploads\/tkaniny\/sm\/Primo\/Primo-8810.webp\" loading=\"lazy\" alt=\"Primo 8810\">\n\t\t<\/a>\n\t\t<span class=\"d-block p-3\">Primo 8810<\/span>\n\t<\/div>\n\t<div class=\"col text-center\">\n\t\t<a href=\"https:\/\/domartstyl.com\/wp-content\/uploads\/tkaniny\/Primo\/Primo-8811.webp\" class=\"lightgallery-item\" title=\"Primo 8811\">\n\t\t\t<img decoding=\"async\" src=\"https:\/\/domartstyl.com\/wp-content\/uploads\/tkaniny\/sm\/Primo\/Primo-8811.webp\" loading=\"lazy\" alt=\"Primo 8811\">\n\t\t<\/a>\n\t\t<span class=\"d-block p-3\">Primo 8811<\/span>\n\t<\/div>\n\t<div class=\"col text-center\">\n\t\t<a href=\"https:\/\/domartstyl.com\/wp-content\/uploads\/tkaniny\/Primo\/Primo-8812.webp\" class=\"lightgallery-item\" title=\"Primo 8812\">\n\t\t\t<img decoding=\"async\" src=\"https:\/\/domartstyl.com\/wp-content\/uploads\/tkaniny\/sm\/Primo\/Primo-8812.webp\" loading=\"lazy\" alt=\"Primo 8812\">\n\t\t<\/a>\n\t\t<span class=\"d-block p-3\">Primo 8812<\/span>\n\t<\/div>\n\t<div class=\"col text-center\">\n\t\t<a href=\"https:\/\/domartstyl.com\/wp-content\/uploads\/tkaniny\/Primo\/Primo-8813.webp\" class=\"lightgallery-item\" title=\"Primo 8813\">\n\t\t\t<img decoding=\"async\" src=\"https:\/\/domartstyl.com\/wp-content\/uploads\/tkaniny\/sm\/Primo\/Primo-8813.webp\" loading=\"lazy\" alt=\"Primo 8813\">\n\t\t<\/a>\n\t\t<span class=\"d-block p-3\">Primo 8813<\/span>\n\t<\/div>\n\t<div class=\"col text-center\">\n\t\t<a href=\"https:\/\/domartstyl.com\/wp-content\/uploads\/tkaniny\/Primo\/Primo-8814.webp\" class=\"lightgallery-item\" title=\"Primo 8814\">\n\t\t\t<img decoding=\"async\" src=\"https:\/\/domartstyl.com\/wp-content\/uploads\/tkaniny\/sm\/Primo\/Primo-8814.webp\" loading=\"lazy\" alt=\"Primo 8814\">\n\t\t<\/a>\n\t\t<span class=\"d-block p-3\">Primo 8814<\/span>\n\t<\/div>\n\t<div class=\"col text-center\">\n\t\t<a href=\"https:\/\/domartstyl.com\/wp-content\/uploads\/tkaniny\/Primo\/Primo-8815.webp\" class=\"lightgallery-item\" title=\"Primo 8815\">\n\t\t\t<img decoding=\"async\" src=\"https:\/\/domartstyl.com\/wp-content\/uploads\/tkaniny\/sm\/Primo\/Primo-8815.webp\" loading=\"lazy\" alt=\"Primo 8815\">\n\t\t<\/a>\n\t\t<span class=\"d-block p-3\">Primo 8815<\/span>\n\t<\/div>\n\t<div class=\"col text-center\">\n\t\t<a href=\"https:\/\/domartstyl.com\/wp-content\/uploads\/tkaniny\/Primo\/Primo-8816.webp\" class=\"lightgallery-item\" title=\"Primo 8816\">\n\t\t\t<img decoding=\"async\" src=\"https:\/\/domartstyl.com\/wp-content\/uploads\/tkaniny\/sm\/Primo\/Primo-8816.webp\" loading=\"lazy\" alt=\"Primo 8816\">\n\t\t<\/a>\n\t\t<span class=\"d-block p-3\">Primo 8816<\/span>\n\t<\/div>\n\t<div class=\"col text-center\">\n\t\t<a href=\"https:\/\/domartstyl.com\/wp-content\/uploads\/tkaniny\/Primo\/Primo-8817.webp\" class=\"lightgallery-item\" title=\"Primo 8817\">\n\t\t\t<img decoding=\"async\" src=\"https:\/\/domartstyl.com\/wp-content\/uploads\/tkaniny\/sm\/Primo\/Primo-8817.webp\" loading=\"lazy\" alt=\"Primo 8817\">\n\t\t<\/a>\n\t\t<span class=\"d-block p-3\">Primo 8817<\/span>\n\t<\/div>\n\t<div class=\"col text-center\">\n\t\t<a href=\"https:\/\/domartstyl.com\/wp-content\/uploads\/tkaniny\/Primo\/Primo-8818.webp\" class=\"lightgallery-item\" title=\"Primo 8818\">\n\t\t\t<img decoding=\"async\" src=\"https:\/\/domartstyl.com\/wp-content\/uploads\/tkaniny\/sm\/Primo\/Primo-8818.webp\" loading=\"lazy\" alt=\"Primo 8818\">\n\t\t<\/a>\n\t\t<span class=\"d-block p-3\">Primo 8818<\/span>\n\t<\/div>\n<\/div>","protected":false},"excerpt":{"rendered":"<p>Technical Specifications Primo 8801 Primo 8802 Primo 8803 Primo 8804 Primo 8805 Primo 8806 Primo 8807 Primo 8808 Primo 8809 [&hellip;]<\/p>\n","protected":false},"author":41,"featured_media":0,"parent":3883,"menu_order":0,"comment_status":"closed","ping_status":"closed","template":"page-gallery.php","meta":{"footnotes":""},"class_list":["post-61639","page","type-page","status-publish","hentry"],"yoast_head":"<!-- This site is optimized with the Yoast SEO Premium plugin v25.0 (Yoast SEO v25.0) - https:\/\/yoast.com\/wordpress\/plugins\/seo\/ -->\n<title>Primo (Emotivero) Technical Specifications - DomArtStyl<\/title>\n<meta name=\"robots\" content=\"index, follow, max-snippet:-1, max-image-preview:large, max-video-preview:-1\" \/>\n<link rel=\"canonical\" href=\"https:\/\/domartstyl.com\/en\/fabrics\/primo-emotivero\/\" \/>\n<meta property=\"og:locale\" content=\"en_US\" \/>\n<meta property=\"og:type\" content=\"article\" \/>\n<meta property=\"og:title\" content=\"Primo (Emotivero)\" \/>\n<meta property=\"og:description\" content=\"Technical Specifications Primo 8801 Primo 8802 Primo 8803 Primo 8804 Primo 8805 Primo 8806 Primo 8807 Primo 8808 Primo 8809 [&hellip;]\" \/>\n<meta property=\"og:url\" content=\"https:\/\/domartstyl.com\/en\/fabrics\/primo-emotivero\/\" \/>\n<meta property=\"og:site_name\" content=\"DomArtStyl\" \/>\n<meta property=\"article:publisher\" content=\"https:\/\/www.facebook.com\/DomArtStyl\/\" \/>\n<meta property=\"article:modified_time\" content=\"2022-01-02T10:05:32+00:00\" \/>\n<meta property=\"og:image\" content=\"https:\/\/domartstyl.com\/wp-content\/uploads\/tkaniny\/sm\/Primo\/Primo-8801.webp\" \/>\n<meta name=\"twitter:card\" content=\"summary_large_image\" \/>\n<meta name=\"twitter:site\" content=\"@DomArtStyl_pl\" \/>\n<script type=\"application\/ld+json\" class=\"yoast-schema-graph\">{\"@context\":\"https:\/\/schema.org\",\"@graph\":[{\"@type\":\"WebPage\",\"@id\":\"https:\/\/domartstyl.com\/en\/fabrics\/primo-emotivero\/\",\"url\":\"https:\/\/domartstyl.com\/en\/fabrics\/primo-emotivero\/\",\"name\":\"Primo (Emotivero) Technical Specifications - DomArtStyl\",\"isPartOf\":{\"@id\":\"https:\/\/domartstyl.com\/en\/#website\"},\"primaryImageOfPage\":{\"@id\":\"https:\/\/domartstyl.com\/en\/fabrics\/primo-emotivero\/#primaryimage\"},\"image\":{\"@id\":\"https:\/\/domartstyl.com\/en\/fabrics\/primo-emotivero\/#primaryimage\"},\"thumbnailUrl\":\"https:\/\/domartstyl.com\/wp-content\/uploads\/tkaniny\/sm\/Primo\/Primo-8801.webp\",\"datePublished\":\"2020-03-27T08:28:59+00:00\",\"dateModified\":\"2022-01-02T10:05:32+00:00\",\"breadcrumb\":{\"@id\":\"https:\/\/domartstyl.com\/en\/fabrics\/primo-emotivero\/#breadcrumb\"},\"inLanguage\":\"en-US\",\"potentialAction\":[{\"@type\":\"ReadAction\",\"target\":[\"https:\/\/domartstyl.com\/en\/fabrics\/primo-emotivero\/\"]}]},{\"@type\":\"ImageObject\",\"inLanguage\":\"en-US\",\"@id\":\"https:\/\/domartstyl.com\/en\/fabrics\/primo-emotivero\/#primaryimage\",\"url\":\"https:\/\/domartstyl.com\/wp-content\/uploads\/tkaniny\/sm\/Primo\/Primo-8801.webp\",\"contentUrl\":\"https:\/\/domartstyl.com\/wp-content\/uploads\/tkaniny\/sm\/Primo\/Primo-8801.webp\"},{\"@type\":\"BreadcrumbList\",\"@id\":\"https:\/\/domartstyl.com\/en\/fabrics\/primo-emotivero\/#breadcrumb\",\"itemListElement\":[{\"@type\":\"ListItem\",\"position\":1,\"name\":\"Strona g\u0142\u00f3wna\",\"item\":\"https:\/\/domartstyl.com\/en\/\"},{\"@type\":\"ListItem\",\"position\":2,\"name\":\"Fabrics\",\"item\":\"https:\/\/domartstyl.com\/en\/fabrics\/\"},{\"@type\":\"ListItem\",\"position\":3,\"name\":\"Primo (Emotivero)\"}]},{\"@type\":\"WebSite\",\"@id\":\"https:\/\/domartstyl.com\/en\/#website\",\"url\":\"https:\/\/domartstyl.com\/en\/\",\"name\":\"DomArtStyl\",\"description\":\"Tworzymy meble najwy\u017cszej jako\u015bci. Sprzeda\u017c detaliczna \u00b7 Sprzeda\u017c hurtowa\",\"publisher\":{\"@id\":\"https:\/\/domartstyl.com\/en\/#organization\"},\"potentialAction\":[{\"@type\":\"SearchAction\",\"target\":{\"@type\":\"EntryPoint\",\"urlTemplate\":\"https:\/\/domartstyl.com\/en\/?s={search_term_string}\"},\"query-input\":{\"@type\":\"PropertyValueSpecification\",\"valueRequired\":true,\"valueName\":\"search_term_string\"}}],\"inLanguage\":\"en-US\"},{\"@type\":\"Organization\",\"@id\":\"https:\/\/domartstyl.com\/en\/#organization\",\"name\":\"DomArtStyl\",\"url\":\"https:\/\/domartstyl.com\/en\/\",\"logo\":{\"@type\":\"ImageObject\",\"inLanguage\":\"en-US\",\"@id\":\"https:\/\/domartstyl.com\/en\/#\/schema\/logo\/image\/\",\"url\":\"https:\/\/domartstyl.com\/wp-content\/uploads\/2018\/04\/Logo_300_width.png\",\"contentUrl\":\"https:\/\/domartstyl.com\/wp-content\/uploads\/2018\/04\/Logo_300_width.png\",\"width\":300,\"height\":140,\"caption\":\"DomArtStyl\"},\"image\":{\"@id\":\"https:\/\/domartstyl.com\/en\/#\/schema\/logo\/image\/\"},\"sameAs\":[\"https:\/\/www.facebook.com\/DomArtStyl\/\",\"https:\/\/x.com\/DomArtStyl_pl\",\"https:\/\/www.instagram.com\/domartstyl\/?hl=en\",\"https:\/\/pl.pinterest.com\/domartstyl01\/\",\"https:\/\/www.youtube.com\/channel\/UCkISSgvMomI6yFFL3JDbLhw\"]}]}<\/script>\n<!-- \/ Yoast SEO Premium plugin. -->","yoast_head_json":{"title":"Primo (Emotivero) Technical Specifications - DomArtStyl","robots":{"index":"index","follow":"follow","max-snippet":"max-snippet:-1","max-image-preview":"max-image-preview:large","max-video-preview":"max-video-preview:-1"},"canonical":"https:\/\/domartstyl.com\/en\/fabrics\/primo-emotivero\/","og_locale":"en_US","og_type":"article","og_title":"Primo (Emotivero)","og_description":"Technical Specifications Primo 8801 Primo 8802 Primo 8803 Primo 8804 Primo 8805 Primo 8806 Primo 8807 Primo 8808 Primo 8809 [&hellip;]","og_url":"https:\/\/domartstyl.com\/en\/fabrics\/primo-emotivero\/","og_site_name":"DomArtStyl","article_publisher":"https:\/\/www.facebook.com\/DomArtStyl\/","article_modified_time":"2022-01-02T10:05:32+00:00","og_image":[{"url":"https:\/\/domartstyl.com\/wp-content\/uploads\/tkaniny\/sm\/Primo\/Primo-8801.webp","type":"","width":"","height":""}],"twitter_card":"summary_large_image","twitter_site":"@DomArtStyl_pl","schema":{"@context":"https:\/\/schema.org","@graph":[{"@type":"WebPage","@id":"https:\/\/domartstyl.com\/en\/fabrics\/primo-emotivero\/","url":"https:\/\/domartstyl.com\/en\/fabrics\/primo-emotivero\/","name":"Primo (Emotivero) Technical Specifications - DomArtStyl","isPartOf":{"@id":"https:\/\/domartstyl.com\/en\/#website"},"primaryImageOfPage":{"@id":"https:\/\/domartstyl.com\/en\/fabrics\/primo-emotivero\/#primaryimage"},"image":{"@id":"https:\/\/domartstyl.com\/en\/fabrics\/primo-emotivero\/#primaryimage"},"thumbnailUrl":"https:\/\/domartstyl.com\/wp-content\/uploads\/tkaniny\/sm\/Primo\/Primo-8801.webp","datePublished":"2020-03-27T08:28:59+00:00","dateModified":"2022-01-02T10:05:32+00:00","breadcrumb":{"@id":"https:\/\/domartstyl.com\/en\/fabrics\/primo-emotivero\/#breadcrumb"},"inLanguage":"en-US","potentialAction":[{"@type":"ReadAction","target":["https:\/\/domartstyl.com\/en\/fabrics\/primo-emotivero\/"]}]},{"@type":"ImageObject","inLanguage":"en-US","@id":"https:\/\/domartstyl.com\/en\/fabrics\/primo-emotivero\/#primaryimage","url":"https:\/\/domartstyl.com\/wp-content\/uploads\/tkaniny\/sm\/Primo\/Primo-8801.webp","contentUrl":"https:\/\/domartstyl.com\/wp-content\/uploads\/tkaniny\/sm\/Primo\/Primo-8801.webp"},{"@type":"BreadcrumbList","@id":"https:\/\/domartstyl.com\/en\/fabrics\/primo-emotivero\/#breadcrumb","itemListElement":[{"@type":"ListItem","position":1,"name":"Strona g\u0142\u00f3wna","item":"https:\/\/domartstyl.com\/en\/"},{"@type":"ListItem","position":2,"name":"Fabrics","item":"https:\/\/domartstyl.com\/en\/fabrics\/"},{"@type":"ListItem","position":3,"name":"Primo (Emotivero)"}]},{"@type":"WebSite","@id":"https:\/\/domartstyl.com\/en\/#website","url":"https:\/\/domartstyl.com\/en\/","name":"DomArtStyl","description":"Tworzymy meble najwy\u017cszej jako\u015bci. Sprzeda\u017c detaliczna \u00b7 Sprzeda\u017c hurtowa","publisher":{"@id":"https:\/\/domartstyl.com\/en\/#organization"},"potentialAction":[{"@type":"SearchAction","target":{"@type":"EntryPoint","urlTemplate":"https:\/\/domartstyl.com\/en\/?s={search_term_string}"},"query-input":{"@type":"PropertyValueSpecification","valueRequired":true,"valueName":"search_term_string"}}],"inLanguage":"en-US"},{"@type":"Organization","@id":"https:\/\/domartstyl.com\/en\/#organization","name":"DomArtStyl","url":"https:\/\/domartstyl.com\/en\/","logo":{"@type":"ImageObject","inLanguage":"en-US","@id":"https:\/\/domartstyl.com\/en\/#\/schema\/logo\/image\/","url":"https:\/\/domartstyl.com\/wp-content\/uploads\/2018\/04\/Logo_300_width.png","contentUrl":"https:\/\/domartstyl.com\/wp-content\/uploads\/2018\/04\/Logo_300_width.png","width":300,"height":140,"caption":"DomArtStyl"},"image":{"@id":"https:\/\/domartstyl.com\/en\/#\/schema\/logo\/image\/"},"sameAs":["https:\/\/www.facebook.com\/DomArtStyl\/","https:\/\/x.com\/DomArtStyl_pl","https:\/\/www.instagram.com\/domartstyl\/?hl=en","https:\/\/pl.pinterest.com\/domartstyl01\/","https:\/\/www.youtube.com\/channel\/UCkISSgvMomI6yFFL3JDbLhw"]}]}},"_links":{"self":[{"href":"https:\/\/domartstyl.com\/en\/wp-json\/wp\/v2\/pages\/61639","targetHints":{"allow":["GET"]}}],"collection":[{"href":"https:\/\/domartstyl.com\/en\/wp-json\/wp\/v2\/pages"}],"about":[{"href":"https:\/\/domartstyl.com\/en\/wp-json\/wp\/v2\/types\/page"}],"author":[{"embeddable":true,"href":"https:\/\/domartstyl.com\/en\/wp-json\/wp\/v2\/users\/41"}],"replies":[{"embeddable":true,"href":"https:\/\/domartstyl.com\/en\/wp-json\/wp\/v2\/comments?post=61639"}],"version-history":[{"count":0,"href":"https:\/\/domartstyl.com\/en\/wp-json\/wp\/v2\/pages\/61639\/revisions"}],"up":[{"embeddable":true,"href":"https:\/\/domartstyl.com\/en\/wp-json\/wp\/v2\/pages\/3883"}],"wp:attachment":[{"href":"https:\/\/domartstyl.com\/en\/wp-json\/wp\/v2\/media?parent=61639"}],"curies":[{"name":"wp","href":"https:\/\/api.w.org\/{rel}","templated":true}]}}