{"id":5876,"date":"2018-04-24T05:47:51","date_gmt":"2018-04-24T04:47:51","guid":{"rendered":"http:\/\/domartstyl.com\/?page_id=5876"},"modified":"2024-06-10T09:02:23","modified_gmt":"2024-06-10T08:02:23","slug":"staining-wood","status":"publish","type":"page","link":"https:\/\/domartstyl.com\/en\/staining-wood\/","title":{"rendered":"Wood Staining"},"content":{"rendered":"<div class=\"text-center mb-3\">\n\t<p>The furniture is made of natural wood with a unique structure. The legs and armrests in the same piece of furniture can have different grain and color arrangements. These differences are a natural feature of the wood and are not a fault. Color repeatability and graining allow only PVC veneers.<\/p>\n\t<p><br><\/p>\n\t<p><strong><strong style=\"font-size:1.6rem;\">*<\/strong> staining wood for additional cost.<\/strong><\/p>\n<\/div>\n<div class=\"row row-cols-2 row-cols-sm-3 row-cols-md-4 row-cols-lg-6 g-4 mt-0 mb-5\" id=\"lightgallery\">\n\t<div class=\"col text-center\">\n\t\t<a href=\"https:\/\/domartstyl.com\/wp-content\/uploads\/2018\/04\/6-Czarny.png\" class=\"lightgallery-item\" title=\"Color 6 Black\">\n\t\t\t<img decoding=\"async\" src=\"https:\/\/domartstyl.com\/wp-content\/uploads\/2018\/04\/6-Czarny.png\" loading=\"lazy\" alt=\"Color 6 Black\">\n\t\t<\/a>\n\t\t<span class=\"d-block p-3\">6 Black<\/span>\n\t<\/div>\n\t<div class=\"col text-center\">\n\t\t<a href=\"https:\/\/domartstyl.com\/wp-content\/uploads\/2018\/04\/7-Venga.png\" class=\"lightgallery-item\" title=\"Color 7 Venge\">\n\t\t\t<img decoding=\"async\" src=\"https:\/\/domartstyl.com\/wp-content\/uploads\/2018\/04\/7-Venga.png\" loading=\"lazy\" alt=\"Color 7 Venge\">\n\t\t<\/a>\n\t\t<span class=\"d-block p-3\">7 Venge<\/span>\n\t<\/div>\n\t<div class=\"col text-center\">\n\t\t<a href=\"https:\/\/domartstyl.com\/wp-content\/uploads\/2018\/04\/8-Ciemny-Orzech.png\" class=\"lightgallery-item\" title=\"Color 8 Dark Walnut\">\n\t\t\t<img decoding=\"async\" src=\"https:\/\/domartstyl.com\/wp-content\/uploads\/2018\/04\/8-Ciemny-Orzech.png\" loading=\"lazy\" alt=\"Color 8 Dark Walnut\">\n\t\t<\/a>\n\t\t<span class=\"d-block p-3\">8 Dark Walnut<\/span>\n\t<\/div>\n\t<div class=\"col text-center\">\n\t\t<a href=\"https:\/\/domartstyl.com\/wp-content\/uploads\/2018\/04\/12-orzech-brunat.png\" class=\"lightgallery-item\" title=\"Color 12 Brown Walnut\">\n\t\t\t<img decoding=\"async\" src=\"https:\/\/domartstyl.com\/wp-content\/uploads\/2018\/04\/12-orzech-brunat.png\" loading=\"lazy\" alt=\"Color 12 Brown Walnut\">\n\t\t<\/a>\n\t\t<span class=\"d-block p-3\">12 Brown Walnut<\/span>\n\t<\/div>\n\t<div class=\"col text-center\">\n\t\t<a href=\"https:\/\/domartstyl.com\/wp-content\/uploads\/2018\/04\/13-Buk-Lakier.png\" class=\"lightgallery-item\" title=\"Color 13 Beech Varnish\">\n\t\t\t<img decoding=\"async\" src=\"https:\/\/domartstyl.com\/wp-content\/uploads\/2018\/04\/13-Buk-Lakier.png\" loading=\"lazy\" alt=\"Color 13 Beech Varnish\">\n\t\t<\/a>\n\t\t<span class=\"d-block p-3\">13 Beech Varnish<\/span>\n\t<\/div>\n\t<div class=\"col text-center\">\n\t\t<a href=\"https:\/\/domartstyl.com\/wp-content\/uploads\/2018\/04\/14-Bia%C5%82y.png\" class=\"lightgallery-item\" title=\"Color 14 White\">\n\t\t\t<img decoding=\"async\" src=\"https:\/\/domartstyl.com\/wp-content\/uploads\/2018\/04\/14-Bia%C5%82y.png\" loading=\"lazy\" alt=\"Color 14 White\">\n\t\t<\/a>\n\t\t<span class=\"d-block p-3\">14 White <strong style=\"font-size:1.6rem;\">*<\/strong><\/span>\n\t<\/div>\n\t<div class=\"col text-center\">\n\t\t<a href=\"https:\/\/domartstyl.com\/wp-content\/uploads\/2018\/04\/15-Rustikal.png\" class=\"lightgallery-item\" title=\"Color 15 Rustikal\">\n\t\t\t<img decoding=\"async\" src=\"https:\/\/domartstyl.com\/wp-content\/uploads\/2018\/04\/15-Rustikal.png\" loading=\"lazy\" alt=\"Color 15 Rustikal\">\n\t\t<\/a>\n\t\t<span class=\"d-block p-3\">15 Rustikal<\/span>\n\t<\/div>\n<\/div>","protected":false},"excerpt":{"rendered":"<p>The furniture is made of natural wood with a unique structure. The legs and armrests in the same piece of [&hellip;]<\/p>\n","protected":false},"author":41,"featured_media":0,"parent":0,"menu_order":0,"comment_status":"closed","ping_status":"closed","template":"page-gallery.php","meta":{"footnotes":""},"class_list":["post-5876","page","type-page","status-publish","hentry"],"yoast_head":"<!-- This site is optimized with the Yoast SEO Premium plugin v25.0 (Yoast SEO v25.0) - https:\/\/yoast.com\/wordpress\/plugins\/seo\/ -->\n<title>Wood Staining - DomArtStyl<\/title>\n<meta name=\"robots\" content=\"noindex, follow\" \/>\n<meta property=\"og:locale\" content=\"en_US\" \/>\n<meta property=\"og:type\" content=\"article\" \/>\n<meta property=\"og:title\" content=\"Wood Staining\" \/>\n<meta property=\"og:description\" content=\"The furniture is made of natural wood with a unique structure. The legs and armrests in the same piece of [&hellip;]\" \/>\n<meta property=\"og:url\" content=\"https:\/\/domartstyl.com\/en\/staining-wood\/\" \/>\n<meta property=\"og:site_name\" content=\"DomArtStyl\" \/>\n<meta property=\"article:publisher\" content=\"https:\/\/www.facebook.com\/DomArtStyl\/\" \/>\n<meta property=\"article:modified_time\" content=\"2024-06-10T08:02:23+00:00\" \/>\n<meta property=\"og:image\" content=\"https:\/\/domartstyl.com\/wp-content\/uploads\/2018\/04\/6-Czarny.png\" \/>\n<meta name=\"twitter:card\" content=\"summary_large_image\" \/>\n<meta name=\"twitter:site\" content=\"@DomArtStyl_pl\" \/>\n<meta name=\"twitter:label1\" content=\"Est. reading time\" \/>\n\t<meta name=\"twitter:data1\" content=\"2 minutes\" \/>\n<script type=\"application\/ld+json\" class=\"yoast-schema-graph\">{\"@context\":\"https:\/\/schema.org\",\"@graph\":[{\"@type\":\"WebPage\",\"@id\":\"https:\/\/domartstyl.com\/en\/staining-wood\/\",\"url\":\"https:\/\/domartstyl.com\/en\/staining-wood\/\",\"name\":\"Wood Staining - DomArtStyl\",\"isPartOf\":{\"@id\":\"https:\/\/domartstyl.com\/en\/#website\"},\"primaryImageOfPage\":{\"@id\":\"https:\/\/domartstyl.com\/en\/staining-wood\/#primaryimage\"},\"image\":{\"@id\":\"https:\/\/domartstyl.com\/en\/staining-wood\/#primaryimage\"},\"thumbnailUrl\":\"https:\/\/domartstyl.com\/wp-content\/uploads\/2018\/04\/6-Czarny.png\",\"datePublished\":\"2018-04-24T04:47:51+00:00\",\"dateModified\":\"2024-06-10T08:02:23+00:00\",\"breadcrumb\":{\"@id\":\"https:\/\/domartstyl.com\/en\/staining-wood\/#breadcrumb\"},\"inLanguage\":\"en-US\",\"potentialAction\":[{\"@type\":\"ReadAction\",\"target\":[\"https:\/\/domartstyl.com\/en\/staining-wood\/\"]}]},{\"@type\":\"ImageObject\",\"inLanguage\":\"en-US\",\"@id\":\"https:\/\/domartstyl.com\/en\/staining-wood\/#primaryimage\",\"url\":\"https:\/\/domartstyl.com\/wp-content\/uploads\/2018\/04\/6-Czarny.png\",\"contentUrl\":\"https:\/\/domartstyl.com\/wp-content\/uploads\/2018\/04\/6-Czarny.png\"},{\"@type\":\"BreadcrumbList\",\"@id\":\"https:\/\/domartstyl.com\/en\/staining-wood\/#breadcrumb\",\"itemListElement\":[{\"@type\":\"ListItem\",\"position\":1,\"name\":\"Strona g\u0142\u00f3wna\",\"item\":\"https:\/\/domartstyl.com\/en\/\"},{\"@type\":\"ListItem\",\"position\":2,\"name\":\"Wood Staining\"}]},{\"@type\":\"WebSite\",\"@id\":\"https:\/\/domartstyl.com\/en\/#website\",\"url\":\"https:\/\/domartstyl.com\/en\/\",\"name\":\"DomArtStyl\",\"description\":\"Tworzymy meble najwy\u017cszej jako\u015bci. Sprzeda\u017c detaliczna \u00b7 Sprzeda\u017c hurtowa\",\"publisher\":{\"@id\":\"https:\/\/domartstyl.com\/en\/#organization\"},\"potentialAction\":[{\"@type\":\"SearchAction\",\"target\":{\"@type\":\"EntryPoint\",\"urlTemplate\":\"https:\/\/domartstyl.com\/en\/?s={search_term_string}\"},\"query-input\":{\"@type\":\"PropertyValueSpecification\",\"valueRequired\":true,\"valueName\":\"search_term_string\"}}],\"inLanguage\":\"en-US\"},{\"@type\":\"Organization\",\"@id\":\"https:\/\/domartstyl.com\/en\/#organization\",\"name\":\"DomArtStyl\",\"url\":\"https:\/\/domartstyl.com\/en\/\",\"logo\":{\"@type\":\"ImageObject\",\"inLanguage\":\"en-US\",\"@id\":\"https:\/\/domartstyl.com\/en\/#\/schema\/logo\/image\/\",\"url\":\"https:\/\/domartstyl.com\/wp-content\/uploads\/2018\/04\/Logo_300_width.png\",\"contentUrl\":\"https:\/\/domartstyl.com\/wp-content\/uploads\/2018\/04\/Logo_300_width.png\",\"width\":300,\"height\":140,\"caption\":\"DomArtStyl\"},\"image\":{\"@id\":\"https:\/\/domartstyl.com\/en\/#\/schema\/logo\/image\/\"},\"sameAs\":[\"https:\/\/www.facebook.com\/DomArtStyl\/\",\"https:\/\/x.com\/DomArtStyl_pl\",\"https:\/\/www.instagram.com\/domartstyl\/?hl=en\",\"https:\/\/pl.pinterest.com\/domartstyl01\/\",\"https:\/\/www.youtube.com\/channel\/UCkISSgvMomI6yFFL3JDbLhw\"]}]}<\/script>\n<!-- \/ Yoast SEO Premium plugin. -->","yoast_head_json":{"title":"Wood Staining - DomArtStyl","robots":{"index":"noindex","follow":"follow"},"og_locale":"en_US","og_type":"article","og_title":"Wood Staining","og_description":"The furniture is made of natural wood with a unique structure. The legs and armrests in the same piece of [&hellip;]","og_url":"https:\/\/domartstyl.com\/en\/staining-wood\/","og_site_name":"DomArtStyl","article_publisher":"https:\/\/www.facebook.com\/DomArtStyl\/","article_modified_time":"2024-06-10T08:02:23+00:00","og_image":[{"url":"https:\/\/domartstyl.com\/wp-content\/uploads\/2018\/04\/6-Czarny.png","type":"","width":"","height":""}],"twitter_card":"summary_large_image","twitter_site":"@DomArtStyl_pl","twitter_misc":{"Est. reading time":"2 minutes"},"schema":{"@context":"https:\/\/schema.org","@graph":[{"@type":"WebPage","@id":"https:\/\/domartstyl.com\/en\/staining-wood\/","url":"https:\/\/domartstyl.com\/en\/staining-wood\/","name":"Wood Staining - DomArtStyl","isPartOf":{"@id":"https:\/\/domartstyl.com\/en\/#website"},"primaryImageOfPage":{"@id":"https:\/\/domartstyl.com\/en\/staining-wood\/#primaryimage"},"image":{"@id":"https:\/\/domartstyl.com\/en\/staining-wood\/#primaryimage"},"thumbnailUrl":"https:\/\/domartstyl.com\/wp-content\/uploads\/2018\/04\/6-Czarny.png","datePublished":"2018-04-24T04:47:51+00:00","dateModified":"2024-06-10T08:02:23+00:00","breadcrumb":{"@id":"https:\/\/domartstyl.com\/en\/staining-wood\/#breadcrumb"},"inLanguage":"en-US","potentialAction":[{"@type":"ReadAction","target":["https:\/\/domartstyl.com\/en\/staining-wood\/"]}]},{"@type":"ImageObject","inLanguage":"en-US","@id":"https:\/\/domartstyl.com\/en\/staining-wood\/#primaryimage","url":"https:\/\/domartstyl.com\/wp-content\/uploads\/2018\/04\/6-Czarny.png","contentUrl":"https:\/\/domartstyl.com\/wp-content\/uploads\/2018\/04\/6-Czarny.png"},{"@type":"BreadcrumbList","@id":"https:\/\/domartstyl.com\/en\/staining-wood\/#breadcrumb","itemListElement":[{"@type":"ListItem","position":1,"name":"Strona g\u0142\u00f3wna","item":"https:\/\/domartstyl.com\/en\/"},{"@type":"ListItem","position":2,"name":"Wood Staining"}]},{"@type":"WebSite","@id":"https:\/\/domartstyl.com\/en\/#website","url":"https:\/\/domartstyl.com\/en\/","name":"DomArtStyl","description":"Tworzymy meble najwy\u017cszej jako\u015bci. Sprzeda\u017c detaliczna \u00b7 Sprzeda\u017c hurtowa","publisher":{"@id":"https:\/\/domartstyl.com\/en\/#organization"},"potentialAction":[{"@type":"SearchAction","target":{"@type":"EntryPoint","urlTemplate":"https:\/\/domartstyl.com\/en\/?s={search_term_string}"},"query-input":{"@type":"PropertyValueSpecification","valueRequired":true,"valueName":"search_term_string"}}],"inLanguage":"en-US"},{"@type":"Organization","@id":"https:\/\/domartstyl.com\/en\/#organization","name":"DomArtStyl","url":"https:\/\/domartstyl.com\/en\/","logo":{"@type":"ImageObject","inLanguage":"en-US","@id":"https:\/\/domartstyl.com\/en\/#\/schema\/logo\/image\/","url":"https:\/\/domartstyl.com\/wp-content\/uploads\/2018\/04\/Logo_300_width.png","contentUrl":"https:\/\/domartstyl.com\/wp-content\/uploads\/2018\/04\/Logo_300_width.png","width":300,"height":140,"caption":"DomArtStyl"},"image":{"@id":"https:\/\/domartstyl.com\/en\/#\/schema\/logo\/image\/"},"sameAs":["https:\/\/www.facebook.com\/DomArtStyl\/","https:\/\/x.com\/DomArtStyl_pl","https:\/\/www.instagram.com\/domartstyl\/?hl=en","https:\/\/pl.pinterest.com\/domartstyl01\/","https:\/\/www.youtube.com\/channel\/UCkISSgvMomI6yFFL3JDbLhw"]}]}},"_links":{"self":[{"href":"https:\/\/domartstyl.com\/en\/wp-json\/wp\/v2\/pages\/5876","targetHints":{"allow":["GET"]}}],"collection":[{"href":"https:\/\/domartstyl.com\/en\/wp-json\/wp\/v2\/pages"}],"about":[{"href":"https:\/\/domartstyl.com\/en\/wp-json\/wp\/v2\/types\/page"}],"author":[{"embeddable":true,"href":"https:\/\/domartstyl.com\/en\/wp-json\/wp\/v2\/users\/41"}],"replies":[{"embeddable":true,"href":"https:\/\/domartstyl.com\/en\/wp-json\/wp\/v2\/comments?post=5876"}],"version-history":[{"count":0,"href":"https:\/\/domartstyl.com\/en\/wp-json\/wp\/v2\/pages\/5876\/revisions"}],"wp:attachment":[{"href":"https:\/\/domartstyl.com\/en\/wp-json\/wp\/v2\/media?parent=5876"}],"curies":[{"name":"wp","href":"https:\/\/api.w.org\/{rel}","templated":true}]}}