{"id":56295,"date":"2019-09-27T08:05:55","date_gmt":"2019-09-27T07:05:55","guid":{"rendered":"https:\/\/domartstyl.com\/?page_id=56295"},"modified":"2024-10-22T09:26:25","modified_gmt":"2024-10-22T08:26:25","slug":"riviera-davis","status":"publish","type":"page","link":"https:\/\/domartstyl.com\/en\/fabrics\/riviera-davis\/","title":{"rendered":"Riviera (Davis)"},"content":{"rendered":"<div class=\"text-center mb-3\">\n\t<a href=\"\/wp-content\/uploads\/tkaniny\/specyfikacja\/riviera.pdf\" class=\"btn btn-primary\" target=\"_blank\" title=\"View Technical Specifications\" rel=\"noopener\">Technical Specifications<\/a>\n<\/div>\n<div class=\"row row-cols-2 row-cols-sm-3 row-cols-md-4 row-cols-lg-6 g-4 mt-0 mb-5\" id=\"lightgallery\">\n\t<div class=\"col text-center\">\n\t\t<a href=\"https:\/\/domartstyl.com\/wp-content\/uploads\/tkaniny\/Riviera\/Riviera-16.jpg\" class=\"lightgallery-item\" title=\"Riviera 16\">\n\t\t\t<img decoding=\"async\" src=\"https:\/\/domartstyl.com\/wp-content\/uploads\/tkaniny\/sm\/Riviera\/Riviera-16.jpg\" loading=\"lazy\" alt=\"Riviera 16\">\n\t\t<\/a>\n\t\t<span class=\"d-block p-3\">Riviera 16<\/span>\n\t<\/div>\n\t<div class=\"col text-center\">\n\t\t<a href=\"https:\/\/domartstyl.com\/wp-content\/uploads\/tkaniny\/Riviera\/Riviera-21.jpg\" class=\"lightgallery-item\" title=\"Riviera 21\">\n\t\t\t<img decoding=\"async\" src=\"https:\/\/domartstyl.com\/wp-content\/uploads\/tkaniny\/sm\/Riviera\/Riviera-21.jpg\" loading=\"lazy\" alt=\"Riviera 21\">\n\t\t<\/a>\n\t\t<span class=\"d-block p-3\">Riviera 21<\/span>\n\t<\/div>\n\t<div class=\"col text-center\">\n\t\t<a href=\"https:\/\/domartstyl.com\/wp-content\/uploads\/tkaniny\/Riviera\/Riviera-24.jpg\" class=\"lightgallery-item\" title=\"Riviera 24\">\n\t\t\t<img decoding=\"async\" src=\"https:\/\/domartstyl.com\/wp-content\/uploads\/tkaniny\/sm\/Riviera\/Riviera-24.jpg\" loading=\"lazy\" alt=\"Riviera 24\">\n\t\t<\/a>\n\t\t<span class=\"d-block p-3\">Riviera 24<\/span>\n\t<\/div>\n\t<div class=\"col text-center\">\n\t\t<a href=\"https:\/\/domartstyl.com\/wp-content\/uploads\/tkaniny\/Riviera\/Riviera-26.jpg\" class=\"lightgallery-item\" title=\"Riviera 26\">\n\t\t\t<img decoding=\"async\" src=\"https:\/\/domartstyl.com\/wp-content\/uploads\/tkaniny\/sm\/Riviera\/Riviera-26.jpg\" loading=\"lazy\" alt=\"Riviera 26\">\n\t\t<\/a>\n\t\t<span class=\"d-block p-3\">Riviera 26<\/span>\n\t<\/div>\n\t<div class=\"col text-center\">\n\t\t<a href=\"https:\/\/domartstyl.com\/wp-content\/uploads\/tkaniny\/Riviera\/Riviera-28.jpg\" class=\"lightgallery-item\" title=\"Riviera 28\">\n\t\t\t<img decoding=\"async\" src=\"https:\/\/domartstyl.com\/wp-content\/uploads\/tkaniny\/sm\/Riviera\/Riviera-28.jpg\" loading=\"lazy\" alt=\"Riviera 28\">\n\t\t<\/a>\n\t\t<span class=\"d-block p-3\">Riviera 28<\/span>\n\t<\/div>\n\t<div class=\"col text-center\">\n\t\t<a href=\"https:\/\/domartstyl.com\/wp-content\/uploads\/tkaniny\/Riviera\/Riviera-29.jpg\" class=\"lightgallery-item\" title=\"Riviera 29\">\n\t\t\t<img decoding=\"async\" src=\"https:\/\/domartstyl.com\/wp-content\/uploads\/tkaniny\/sm\/Riviera\/Riviera-29.jpg\" loading=\"lazy\" alt=\"Riviera 29\">\n\t\t<\/a>\n\t\t<span class=\"d-block p-3\">Riviera 29<\/span>\n\t<\/div>\n\t<div class=\"col text-center\">\n\t\t<a href=\"https:\/\/domartstyl.com\/wp-content\/uploads\/tkaniny\/Riviera\/Riviera-34.jpg\" class=\"lightgallery-item\" title=\"Riviera 34\">\n\t\t\t<img decoding=\"async\" src=\"https:\/\/domartstyl.com\/wp-content\/uploads\/tkaniny\/sm\/Riviera\/Riviera-34.jpg\" loading=\"lazy\" alt=\"Riviera 34\">\n\t\t<\/a>\n\t\t<span class=\"d-block p-3\">Riviera 34<\/span>\n\t<\/div>\n\t<div class=\"col text-center\">\n\t\t<a href=\"https:\/\/domartstyl.com\/wp-content\/uploads\/tkaniny\/Riviera\/Riviera-36.jpg\" class=\"lightgallery-item\" title=\"Riviera 36\">\n\t\t\t<img decoding=\"async\" src=\"https:\/\/domartstyl.com\/wp-content\/uploads\/tkaniny\/sm\/Riviera\/Riviera-36.jpg\" loading=\"lazy\" alt=\"Riviera 36\">\n\t\t<\/a>\n\t\t<span class=\"d-block p-3\">Riviera 36<\/span>\n\t<\/div>\n\t<div class=\"col text-center\">\n\t\t<a href=\"https:\/\/domartstyl.com\/wp-content\/uploads\/tkaniny\/Riviera\/Riviera-38.jpg\" class=\"lightgallery-item\" title=\"Riviera 38\">\n\t\t\t<img decoding=\"async\" src=\"https:\/\/domartstyl.com\/wp-content\/uploads\/tkaniny\/sm\/Riviera\/Riviera-38.jpg\" loading=\"lazy\" alt=\"Riviera 38\">\n\t\t<\/a>\n\t\t<span class=\"d-block p-3\">Riviera 38<\/span>\n\t<\/div>\n\t<div class=\"col text-center\">\n\t\t<a href=\"https:\/\/domartstyl.com\/wp-content\/uploads\/tkaniny\/Riviera\/Riviera-41.jpg\" class=\"lightgallery-item\" title=\"Riviera 41\">\n\t\t\t<img decoding=\"async\" src=\"https:\/\/domartstyl.com\/wp-content\/uploads\/tkaniny\/sm\/Riviera\/Riviera-41.jpg\" loading=\"lazy\" alt=\"Riviera 41\">\n\t\t<\/a>\n\t\t<span class=\"d-block p-3\">Riviera 41<\/span>\n\t<\/div>\n\t<div class=\"col text-center\">\n\t\t<a href=\"https:\/\/domartstyl.com\/wp-content\/uploads\/tkaniny\/Riviera\/Riviera-51.jpg\" class=\"lightgallery-item\" title=\"Riviera 51\">\n\t\t\t<img decoding=\"async\" src=\"https:\/\/domartstyl.com\/wp-content\/uploads\/tkaniny\/sm\/Riviera\/Riviera-51.jpg\" loading=\"lazy\" alt=\"Riviera 51\">\n\t\t<\/a>\n\t\t<span class=\"d-block p-3\">Riviera 51<\/span>\n\t<\/div>\n\t<div class=\"col text-center\">\n\t\t<a href=\"https:\/\/domartstyl.com\/wp-content\/uploads\/tkaniny\/Riviera\/Riviera-56.jpg\" class=\"lightgallery-item\" title=\"Riviera 56\">\n\t\t\t<img decoding=\"async\" src=\"https:\/\/domartstyl.com\/wp-content\/uploads\/tkaniny\/sm\/Riviera\/Riviera-56.jpg\" loading=\"lazy\" alt=\"Riviera 56\">\n\t\t<\/a>\n\t\t<span class=\"d-block p-3\">Riviera 56<\/span>\n\t<\/div>\n\t<div class=\"col text-center\">\n\t\t<a href=\"https:\/\/domartstyl.com\/wp-content\/uploads\/tkaniny\/Riviera\/Riviera-59.jpg\" class=\"lightgallery-item\" title=\"Riviera 59\">\n\t\t\t<img decoding=\"async\" src=\"https:\/\/domartstyl.com\/wp-content\/uploads\/tkaniny\/sm\/Riviera\/Riviera-59.jpg\" loading=\"lazy\" alt=\"Riviera 59\">\n\t\t<\/a>\n\t\t<span class=\"d-block p-3\">Riviera 59<\/span>\n\t<\/div>\n\t<div class=\"col text-center\">\n\t\t<a href=\"https:\/\/domartstyl.com\/wp-content\/uploads\/tkaniny\/Riviera\/Riviera-61.jpg\" class=\"lightgallery-item\" title=\"Riviera 61\">\n\t\t\t<img decoding=\"async\" src=\"https:\/\/domartstyl.com\/wp-content\/uploads\/tkaniny\/sm\/Riviera\/Riviera-61.jpg\" loading=\"lazy\" alt=\"Riviera 61\">\n\t\t<\/a>\n\t\t<span class=\"d-block p-3\">Riviera 61<\/span>\n\t<\/div>\n\t<div class=\"col text-center\">\n\t\t<a href=\"https:\/\/domartstyl.com\/wp-content\/uploads\/tkaniny\/Riviera\/Riviera-62.jpg\" class=\"lightgallery-item\" title=\"Riviera 62\">\n\t\t\t<img decoding=\"async\" src=\"https:\/\/domartstyl.com\/wp-content\/uploads\/tkaniny\/sm\/Riviera\/Riviera-62.jpg\" loading=\"lazy\" alt=\"Riviera 62\">\n\t\t<\/a>\n\t\t<span class=\"d-block p-3\">Riviera 62<\/span>\n\t<\/div>\n\t<div class=\"col text-center\">\n\t\t<a href=\"https:\/\/domartstyl.com\/wp-content\/uploads\/tkaniny\/Riviera\/Riviera-63.jpg\" class=\"lightgallery-item\" title=\"Riviera 63\">\n\t\t\t<img decoding=\"async\" src=\"https:\/\/domartstyl.com\/wp-content\/uploads\/tkaniny\/sm\/Riviera\/Riviera-63.jpg\" loading=\"lazy\" alt=\"Riviera 63\">\n\t\t<\/a>\n\t\t<span class=\"d-block p-3\">Riviera 63<\/span>\n\t<\/div>\n\t<div class=\"col text-center\">\n\t\t<a href=\"https:\/\/domartstyl.com\/wp-content\/uploads\/tkaniny\/Riviera\/Riviera-69.jpg\" class=\"lightgallery-item\" title=\"Riviera 69\">\n\t\t\t<img decoding=\"async\" src=\"https:\/\/domartstyl.com\/wp-content\/uploads\/tkaniny\/sm\/Riviera\/Riviera-69.jpg\" loading=\"lazy\" alt=\"Riviera 69\">\n\t\t<\/a>\n\t\t<span class=\"d-block p-3\">Riviera 69<\/span>\n\t<\/div>\n\t<div class=\"col text-center\">\n\t\t<a href=\"https:\/\/domartstyl.com\/wp-content\/uploads\/tkaniny\/Riviera\/Riviera-74.jpg\" class=\"lightgallery-item\" title=\"Riviera 74\">\n\t\t\t<img decoding=\"async\" src=\"https:\/\/domartstyl.com\/wp-content\/uploads\/tkaniny\/sm\/Riviera\/Riviera-74.jpg\" loading=\"lazy\" alt=\"Riviera 74\">\n\t\t<\/a>\n\t\t<span class=\"d-block p-3\">Riviera 74<\/span>\n\t<\/div>\n\t<div class=\"col text-center\">\n\t\t<a href=\"https:\/\/domartstyl.com\/wp-content\/uploads\/tkaniny\/Riviera\/Riviera-76.jpg\" class=\"lightgallery-item\" title=\"Riviera 76\">\n\t\t\t<img decoding=\"async\" src=\"https:\/\/domartstyl.com\/wp-content\/uploads\/tkaniny\/sm\/Riviera\/Riviera-76.jpg\" loading=\"lazy\" alt=\"Riviera 76\">\n\t\t<\/a>\n\t\t<span class=\"d-block p-3\">Riviera 76<\/span>\n\t<\/div>\n\t<div class=\"col text-center\">\n\t\t<a href=\"https:\/\/domartstyl.com\/wp-content\/uploads\/tkaniny\/Riviera\/Riviera-79.jpg\" class=\"lightgallery-item\" title=\"Riviera 79\">\n\t\t\t<img decoding=\"async\" src=\"https:\/\/domartstyl.com\/wp-content\/uploads\/tkaniny\/sm\/Riviera\/Riviera-79.jpg\" loading=\"lazy\" alt=\"Riviera 79\">\n\t\t<\/a>\n\t\t<span class=\"d-block p-3\">Riviera 79<\/span>\n\t<\/div>\n\t<div class=\"col text-center\">\n\t\t<a href=\"https:\/\/domartstyl.com\/wp-content\/uploads\/tkaniny\/Riviera\/Riviera-80.jpg\" class=\"lightgallery-item\" title=\"Riviera 80\">\n\t\t\t<img decoding=\"async\" src=\"https:\/\/domartstyl.com\/wp-content\/uploads\/tkaniny\/sm\/Riviera\/Riviera-80.jpg\" loading=\"lazy\" alt=\"Riviera 80\">\n\t\t<\/a>\n\t\t<span class=\"d-block p-3\">Riviera 80<\/span>\n\t<\/div>\n\t<div class=\"col text-center\">\n\t\t<a href=\"https:\/\/domartstyl.com\/wp-content\/uploads\/tkaniny\/Riviera\/Riviera-81.jpg\" class=\"lightgallery-item\" title=\"Riviera 81\">\n\t\t\t<img decoding=\"async\" src=\"https:\/\/domartstyl.com\/wp-content\/uploads\/tkaniny\/sm\/Riviera\/Riviera-81.jpg\" loading=\"lazy\" alt=\"Riviera 81\">\n\t\t<\/a>\n\t\t<span class=\"d-block p-3\">Riviera 81<\/span>\n\t<\/div>\n\t<div class=\"col text-center\">\n\t\t<a href=\"https:\/\/domartstyl.com\/wp-content\/uploads\/tkaniny\/Riviera\/Riviera-82.jpg\" class=\"lightgallery-item\" title=\"Riviera 82\">\n\t\t\t<img decoding=\"async\" src=\"https:\/\/domartstyl.com\/wp-content\/uploads\/tkaniny\/sm\/Riviera\/Riviera-82.jpg\" loading=\"lazy\" alt=\"Riviera 82\">\n\t\t<\/a>\n\t\t<span class=\"d-block p-3\">Riviera 82<\/span>\n\t<\/div>\n\t<div class=\"col text-center\">\n\t\t<a href=\"https:\/\/domartstyl.com\/wp-content\/uploads\/tkaniny\/Riviera\/Riviera-87.jpg\" class=\"lightgallery-item\" title=\"Riviera 87\">\n\t\t\t<img decoding=\"async\" src=\"https:\/\/domartstyl.com\/wp-content\/uploads\/tkaniny\/sm\/Riviera\/Riviera-87.jpg\" loading=\"lazy\" alt=\"Riviera 87\">\n\t\t<\/a>\n\t\t<span class=\"d-block p-3\">Riviera 87<\/span>\n\t<\/div>\n\t<div class=\"col text-center\">\n\t\t<a href=\"https:\/\/domartstyl.com\/wp-content\/uploads\/tkaniny\/Riviera\/Riviera-91.jpg\" class=\"lightgallery-item\" title=\"Riviera 91\">\n\t\t\t<img decoding=\"async\" src=\"https:\/\/domartstyl.com\/wp-content\/uploads\/tkaniny\/sm\/Riviera\/Riviera-91.jpg\" loading=\"lazy\" alt=\"Riviera 91\">\n\t\t<\/a>\n\t\t<span class=\"d-block p-3\">Riviera 91<\/span>\n\t<\/div>\n\t<div class=\"col text-center\">\n\t\t<a href=\"https:\/\/domartstyl.com\/wp-content\/uploads\/tkaniny\/Riviera\/Riviera-95.jpg\" class=\"lightgallery-item\" title=\"Riviera 95\">\n\t\t\t<img decoding=\"async\" src=\"https:\/\/domartstyl.com\/wp-content\/uploads\/tkaniny\/sm\/Riviera\/Riviera-95.jpg\" loading=\"lazy\" alt=\"Riviera 95\">\n\t\t<\/a>\n\t\t<span class=\"d-block p-3\">Riviera 95<\/span>\n\t<\/div>\n\t<div class=\"col text-center\">\n\t\t<a href=\"https:\/\/domartstyl.com\/wp-content\/uploads\/tkaniny\/Riviera\/Riviera-96.jpg\" class=\"lightgallery-item\" title=\"Riviera 96\">\n\t\t\t<img decoding=\"async\" src=\"https:\/\/domartstyl.com\/wp-content\/uploads\/tkaniny\/sm\/Riviera\/Riviera-96.jpg\" loading=\"lazy\" alt=\"Riviera 96\">\n\t\t<\/a>\n\t\t<span class=\"d-block p-3\">Riviera 96<\/span>\n\t<\/div>\n\t<div class=\"col text-center\">\n\t\t<a href=\"https:\/\/domartstyl.com\/wp-content\/uploads\/tkaniny\/Riviera\/Riviera-97.jpg\" class=\"lightgallery-item\" title=\"Riviera 97\">\n\t\t\t<img decoding=\"async\" src=\"https:\/\/domartstyl.com\/wp-content\/uploads\/tkaniny\/sm\/Riviera\/Riviera-97.jpg\" loading=\"lazy\" alt=\"Riviera 97\">\n\t\t<\/a>\n\t\t<span class=\"d-block p-3\">Riviera 97<\/span>\n\t<\/div>\n\t<div class=\"col text-center\">\n\t\t<a href=\"https:\/\/domartstyl.com\/wp-content\/uploads\/tkaniny\/Riviera\/Riviera-100.jpg\" class=\"lightgallery-item\" title=\"Riviera 100\">\n\t\t\t<img decoding=\"async\" src=\"https:\/\/domartstyl.com\/wp-content\/uploads\/tkaniny\/sm\/Riviera\/Riviera-100.jpg\" loading=\"lazy\" alt=\"Riviera 100\">\n\t\t<\/a>\n\t\t<span class=\"d-block p-3\">Riviera 100<\/span>\n\t<\/div>\n<\/div>","protected":false},"excerpt":{"rendered":"<p>Technical Specifications Riviera 16 Riviera 21 Riviera 24 Riviera 26 Riviera 28 Riviera 29 Riviera 34 Riviera 36 Riviera 38 [&hellip;]<\/p>\n","protected":false},"author":41,"featured_media":0,"parent":3883,"menu_order":0,"comment_status":"closed","ping_status":"closed","template":"page-gallery.php","meta":{"footnotes":""},"class_list":["post-56295","page","type-page","status-publish","hentry"],"yoast_head":"<!-- This site is optimized with the Yoast SEO Premium plugin v25.0 (Yoast SEO v25.0) - https:\/\/yoast.com\/wordpress\/plugins\/seo\/ -->\n<title>Riviera (Davis) Technical Specifications - DomArtStyl<\/title>\n<meta name=\"robots\" content=\"index, follow, max-snippet:-1, max-image-preview:large, max-video-preview:-1\" \/>\n<link rel=\"canonical\" href=\"https:\/\/domartstyl.com\/en\/fabrics\/riviera-davis\/\" \/>\n<meta property=\"og:locale\" content=\"en_US\" \/>\n<meta property=\"og:type\" content=\"article\" \/>\n<meta property=\"og:title\" content=\"Riviera (Davis)\" \/>\n<meta property=\"og:description\" content=\"Technical Specifications Riviera 16 Riviera 21 Riviera 24 Riviera 26 Riviera 28 Riviera 29 Riviera 34 Riviera 36 Riviera 38 [&hellip;]\" \/>\n<meta property=\"og:url\" content=\"https:\/\/domartstyl.com\/en\/fabrics\/riviera-davis\/\" \/>\n<meta property=\"og:site_name\" content=\"DomArtStyl\" \/>\n<meta property=\"article:publisher\" content=\"https:\/\/www.facebook.com\/DomArtStyl\/\" \/>\n<meta property=\"article:modified_time\" content=\"2024-10-22T08:26:25+00:00\" \/>\n<meta property=\"og:image\" content=\"https:\/\/domartstyl.com\/wp-content\/uploads\/tkaniny\/sm\/Riviera\/Riviera-16.jpg\" \/>\n<meta name=\"twitter:card\" content=\"summary_large_image\" \/>\n<meta name=\"twitter:site\" content=\"@DomArtStyl_pl\" \/>\n<meta name=\"twitter:label1\" content=\"Est. reading time\" \/>\n\t<meta name=\"twitter:data1\" content=\"7 minutes\" \/>\n<script type=\"application\/ld+json\" class=\"yoast-schema-graph\">{\"@context\":\"https:\/\/schema.org\",\"@graph\":[{\"@type\":\"WebPage\",\"@id\":\"https:\/\/domartstyl.com\/en\/fabrics\/riviera-davis\/\",\"url\":\"https:\/\/domartstyl.com\/en\/fabrics\/riviera-davis\/\",\"name\":\"Riviera (Davis) Technical Specifications - DomArtStyl\",\"isPartOf\":{\"@id\":\"https:\/\/domartstyl.com\/en\/#website\"},\"primaryImageOfPage\":{\"@id\":\"https:\/\/domartstyl.com\/en\/fabrics\/riviera-davis\/#primaryimage\"},\"image\":{\"@id\":\"https:\/\/domartstyl.com\/en\/fabrics\/riviera-davis\/#primaryimage\"},\"thumbnailUrl\":\"https:\/\/domartstyl.com\/wp-content\/uploads\/tkaniny\/sm\/Riviera\/Riviera-16.jpg\",\"datePublished\":\"2019-09-27T07:05:55+00:00\",\"dateModified\":\"2024-10-22T08:26:25+00:00\",\"breadcrumb\":{\"@id\":\"https:\/\/domartstyl.com\/en\/fabrics\/riviera-davis\/#breadcrumb\"},\"inLanguage\":\"en-US\",\"potentialAction\":[{\"@type\":\"ReadAction\",\"target\":[\"https:\/\/domartstyl.com\/en\/fabrics\/riviera-davis\/\"]}]},{\"@type\":\"ImageObject\",\"inLanguage\":\"en-US\",\"@id\":\"https:\/\/domartstyl.com\/en\/fabrics\/riviera-davis\/#primaryimage\",\"url\":\"https:\/\/domartstyl.com\/wp-content\/uploads\/tkaniny\/sm\/Riviera\/Riviera-16.jpg\",\"contentUrl\":\"https:\/\/domartstyl.com\/wp-content\/uploads\/tkaniny\/sm\/Riviera\/Riviera-16.jpg\"},{\"@type\":\"BreadcrumbList\",\"@id\":\"https:\/\/domartstyl.com\/en\/fabrics\/riviera-davis\/#breadcrumb\",\"itemListElement\":[{\"@type\":\"ListItem\",\"position\":1,\"name\":\"Strona g\u0142\u00f3wna\",\"item\":\"https:\/\/domartstyl.com\/en\/\"},{\"@type\":\"ListItem\",\"position\":2,\"name\":\"Fabrics\",\"item\":\"https:\/\/domartstyl.com\/en\/fabrics\/\"},{\"@type\":\"ListItem\",\"position\":3,\"name\":\"Riviera (Davis)\"}]},{\"@type\":\"WebSite\",\"@id\":\"https:\/\/domartstyl.com\/en\/#website\",\"url\":\"https:\/\/domartstyl.com\/en\/\",\"name\":\"DomArtStyl\",\"description\":\"Tworzymy meble najwy\u017cszej jako\u015bci. Sprzeda\u017c detaliczna \u00b7 Sprzeda\u017c hurtowa\",\"publisher\":{\"@id\":\"https:\/\/domartstyl.com\/en\/#organization\"},\"potentialAction\":[{\"@type\":\"SearchAction\",\"target\":{\"@type\":\"EntryPoint\",\"urlTemplate\":\"https:\/\/domartstyl.com\/en\/?s={search_term_string}\"},\"query-input\":{\"@type\":\"PropertyValueSpecification\",\"valueRequired\":true,\"valueName\":\"search_term_string\"}}],\"inLanguage\":\"en-US\"},{\"@type\":\"Organization\",\"@id\":\"https:\/\/domartstyl.com\/en\/#organization\",\"name\":\"DomArtStyl\",\"url\":\"https:\/\/domartstyl.com\/en\/\",\"logo\":{\"@type\":\"ImageObject\",\"inLanguage\":\"en-US\",\"@id\":\"https:\/\/domartstyl.com\/en\/#\/schema\/logo\/image\/\",\"url\":\"https:\/\/domartstyl.com\/wp-content\/uploads\/2018\/04\/Logo_300_width.png\",\"contentUrl\":\"https:\/\/domartstyl.com\/wp-content\/uploads\/2018\/04\/Logo_300_width.png\",\"width\":300,\"height\":140,\"caption\":\"DomArtStyl\"},\"image\":{\"@id\":\"https:\/\/domartstyl.com\/en\/#\/schema\/logo\/image\/\"},\"sameAs\":[\"https:\/\/www.facebook.com\/DomArtStyl\/\",\"https:\/\/x.com\/DomArtStyl_pl\",\"https:\/\/www.instagram.com\/domartstyl\/?hl=en\",\"https:\/\/pl.pinterest.com\/domartstyl01\/\",\"https:\/\/www.youtube.com\/channel\/UCkISSgvMomI6yFFL3JDbLhw\"]}]}<\/script>\n<!-- \/ Yoast SEO Premium plugin. -->","yoast_head_json":{"title":"Riviera (Davis) Technical Specifications - DomArtStyl","robots":{"index":"index","follow":"follow","max-snippet":"max-snippet:-1","max-image-preview":"max-image-preview:large","max-video-preview":"max-video-preview:-1"},"canonical":"https:\/\/domartstyl.com\/en\/fabrics\/riviera-davis\/","og_locale":"en_US","og_type":"article","og_title":"Riviera (Davis)","og_description":"Technical Specifications Riviera 16 Riviera 21 Riviera 24 Riviera 26 Riviera 28 Riviera 29 Riviera 34 Riviera 36 Riviera 38 [&hellip;]","og_url":"https:\/\/domartstyl.com\/en\/fabrics\/riviera-davis\/","og_site_name":"DomArtStyl","article_publisher":"https:\/\/www.facebook.com\/DomArtStyl\/","article_modified_time":"2024-10-22T08:26:25+00:00","og_image":[{"url":"https:\/\/domartstyl.com\/wp-content\/uploads\/tkaniny\/sm\/Riviera\/Riviera-16.jpg","type":"","width":"","height":""}],"twitter_card":"summary_large_image","twitter_site":"@DomArtStyl_pl","twitter_misc":{"Est. reading time":"7 minutes"},"schema":{"@context":"https:\/\/schema.org","@graph":[{"@type":"WebPage","@id":"https:\/\/domartstyl.com\/en\/fabrics\/riviera-davis\/","url":"https:\/\/domartstyl.com\/en\/fabrics\/riviera-davis\/","name":"Riviera (Davis) Technical Specifications - DomArtStyl","isPartOf":{"@id":"https:\/\/domartstyl.com\/en\/#website"},"primaryImageOfPage":{"@id":"https:\/\/domartstyl.com\/en\/fabrics\/riviera-davis\/#primaryimage"},"image":{"@id":"https:\/\/domartstyl.com\/en\/fabrics\/riviera-davis\/#primaryimage"},"thumbnailUrl":"https:\/\/domartstyl.com\/wp-content\/uploads\/tkaniny\/sm\/Riviera\/Riviera-16.jpg","datePublished":"2019-09-27T07:05:55+00:00","dateModified":"2024-10-22T08:26:25+00:00","breadcrumb":{"@id":"https:\/\/domartstyl.com\/en\/fabrics\/riviera-davis\/#breadcrumb"},"inLanguage":"en-US","potentialAction":[{"@type":"ReadAction","target":["https:\/\/domartstyl.com\/en\/fabrics\/riviera-davis\/"]}]},{"@type":"ImageObject","inLanguage":"en-US","@id":"https:\/\/domartstyl.com\/en\/fabrics\/riviera-davis\/#primaryimage","url":"https:\/\/domartstyl.com\/wp-content\/uploads\/tkaniny\/sm\/Riviera\/Riviera-16.jpg","contentUrl":"https:\/\/domartstyl.com\/wp-content\/uploads\/tkaniny\/sm\/Riviera\/Riviera-16.jpg"},{"@type":"BreadcrumbList","@id":"https:\/\/domartstyl.com\/en\/fabrics\/riviera-davis\/#breadcrumb","itemListElement":[{"@type":"ListItem","position":1,"name":"Strona g\u0142\u00f3wna","item":"https:\/\/domartstyl.com\/en\/"},{"@type":"ListItem","position":2,"name":"Fabrics","item":"https:\/\/domartstyl.com\/en\/fabrics\/"},{"@type":"ListItem","position":3,"name":"Riviera (Davis)"}]},{"@type":"WebSite","@id":"https:\/\/domartstyl.com\/en\/#website","url":"https:\/\/domartstyl.com\/en\/","name":"DomArtStyl","description":"Tworzymy meble najwy\u017cszej jako\u015bci. Sprzeda\u017c detaliczna \u00b7 Sprzeda\u017c hurtowa","publisher":{"@id":"https:\/\/domartstyl.com\/en\/#organization"},"potentialAction":[{"@type":"SearchAction","target":{"@type":"EntryPoint","urlTemplate":"https:\/\/domartstyl.com\/en\/?s={search_term_string}"},"query-input":{"@type":"PropertyValueSpecification","valueRequired":true,"valueName":"search_term_string"}}],"inLanguage":"en-US"},{"@type":"Organization","@id":"https:\/\/domartstyl.com\/en\/#organization","name":"DomArtStyl","url":"https:\/\/domartstyl.com\/en\/","logo":{"@type":"ImageObject","inLanguage":"en-US","@id":"https:\/\/domartstyl.com\/en\/#\/schema\/logo\/image\/","url":"https:\/\/domartstyl.com\/wp-content\/uploads\/2018\/04\/Logo_300_width.png","contentUrl":"https:\/\/domartstyl.com\/wp-content\/uploads\/2018\/04\/Logo_300_width.png","width":300,"height":140,"caption":"DomArtStyl"},"image":{"@id":"https:\/\/domartstyl.com\/en\/#\/schema\/logo\/image\/"},"sameAs":["https:\/\/www.facebook.com\/DomArtStyl\/","https:\/\/x.com\/DomArtStyl_pl","https:\/\/www.instagram.com\/domartstyl\/?hl=en","https:\/\/pl.pinterest.com\/domartstyl01\/","https:\/\/www.youtube.com\/channel\/UCkISSgvMomI6yFFL3JDbLhw"]}]}},"_links":{"self":[{"href":"https:\/\/domartstyl.com\/en\/wp-json\/wp\/v2\/pages\/56295","targetHints":{"allow":["GET"]}}],"collection":[{"href":"https:\/\/domartstyl.com\/en\/wp-json\/wp\/v2\/pages"}],"about":[{"href":"https:\/\/domartstyl.com\/en\/wp-json\/wp\/v2\/types\/page"}],"author":[{"embeddable":true,"href":"https:\/\/domartstyl.com\/en\/wp-json\/wp\/v2\/users\/41"}],"replies":[{"embeddable":true,"href":"https:\/\/domartstyl.com\/en\/wp-json\/wp\/v2\/comments?post=56295"}],"version-history":[{"count":0,"href":"https:\/\/domartstyl.com\/en\/wp-json\/wp\/v2\/pages\/56295\/revisions"}],"up":[{"embeddable":true,"href":"https:\/\/domartstyl.com\/en\/wp-json\/wp\/v2\/pages\/3883"}],"wp:attachment":[{"href":"https:\/\/domartstyl.com\/en\/wp-json\/wp\/v2\/media?parent=56295"}],"curies":[{"name":"wp","href":"https:\/\/api.w.org\/{rel}","templated":true}]}}