{"id":5619,"date":"2018-04-23T10:24:58","date_gmt":"2018-04-23T09:24:58","guid":{"rendered":"http:\/\/domartstyl.com\/?page_id=5619"},"modified":"2025-01-28T08:02:42","modified_gmt":"2025-01-28T07:02:42","slug":"contact","status":"publish","type":"page","link":"https:\/\/domartstyl.com\/en\/contact\/","title":{"rendered":"Contact"},"content":{"rendered":"<section class=\"container\">\n\t<h3 class=\"text-uppercase mb-4\">Contact Informations<\/h3>\n\t<div class=\"row g-4 mt-0 mb-5\">\n\t\t<div class=\"col-md-7\">\n\t\t\t<div class=\"row g-3 mt-0\">\n\t\t\t\t<div class=\"col-md-6\">\n\t\t\t\t\t<div class=\"mb-3\">\n\t\t\t\t\t\t<h6 class=\"font-normal border-top border-bottom text-lg fw-bold py-3 mb-3\">Informations about company:<\/h6>\n\t\t\t\t\t\t<p class=\"mb-0\">Dom-Art-Styl Piotr \u015aniegocki <br>Szklarka Miel\u0119cka 7, 63-600 K\u0119pno <br>NIP: 6191555219 <br>REGON: 250987946<\/p>\n\t\t\t\t\t<\/div>\n\t\t\t\t<\/div>\n\t\t\t\t<div class=\"col-md-6\">\n\t\t\t\t\t<div class=\"mb-3\">\n\t\t\t\t\t\t<h6 class=\"font-normal border-top border-bottom text-lg fw-bold py-3 mb-3\">Contact:<\/h6>\n\t\t\t\t\t\t<p class=\"mb-0\"><a href=\"mailto:biuro@domartstyl.pl\" title=\"Write to us\">biuro@domartstyl.pl<\/a> <br><a href=\"tel:+48882659700\" title=\"Call us\">+48 882 659 700<\/a> <br><a href=\"tel:+48660766340\" title=\"Call us\">+48 660 766 340<\/a><\/p>\n\t\t\t\t\t<\/div>\n\t\t\t\t<\/div>\n\t\t\t\t<div class=\"col-md-6\">\n\t\t\t\t\t<div class=\"mb-3\">\n\t\t\t\t\t\t<h6 class=\"font-normal border-top border-bottom text-lg fw-bold py-3 mb-3\">Location:<\/h6>\n\t\t\t\t\t\t<p class=\"mb-0\">Szklarka Miel\u0119cka 7 <br>63-600 K\u0119pno<\/p>\n\t\t\t\t\t<\/div>\n\t\t\t\t<\/div>\n\t\t\t\t<div class=\"col-md-6\">\n\t\t\t\t\t<div class=\"mb-3\">\n\t\t\t\t\t\t<h6 class=\"font-normal border-top border-bottom text-lg fw-bold py-3 mb-3\">Opening hours:<\/h6>\n\t\t\t\t\t\t<p class=\"mb-0\">Monday &#8211; Friday 7AM &#8211; 3PM <br>Saturday &#8211; closed<\/p>\n\t\t\t\t\t<\/div>\n\t\t\t\t<\/div>\n\t\t\t\t<div class=\"col-12\">\n\t\t\t\t\t<h6 class=\"font-normal border-top border-bottom text-lg fw-bold py-3 mb-3\">Distribution:<\/h6>\n\t\t\t\t\t<div class=\"row g-3\">\n\t\t\t\t\t\t<div class=\"col-md-6\">\n\t\t\t\t\t\t\t<div class=\"mb-3\">\n\t\t\t\t\t\t\t\t<p class=\"mb-0\">Home Art Style Sp\u00f3\u0142ka z Ograniczon\u0105 Odpowiedzialno\u015bci\u0105<br>Ja\u015bminowa 28 Choj\u0119cin-Szum, 63-640 Bralin <br>NIP: 6192056079 <br>REGON: 52207912100000 <br>Numer KRS: 0000972925<\/p>\n\t\t\t\t\t\t\t<\/div>\n\t\t\t\t\t\t<\/div>\n\t\t\t\t\t\t<div class=\"col-md-6\">\n\t\t\t\t\t\t\t<div class=\"mb-3\">\n\t\t\t\t\t\t\t\t<p class=\"mb-0\">DAS Sp\u00f3\u0142ka z Ograniczon\u0105 Odpowiedzialno\u015bci\u0105<br>Ja\u015bminowa 28 Choj\u0119cin-Szum, 63-640 Bralin <br>NIP: 6192056085 <br>REGON: 52209330000000 <br>Numer KRS: 0000973013<\/p>\n\t\t\t\t\t\t\t<\/div>\n\t\t\t\t\t\t<\/div>\n\t\t\t\t\t<\/div>\n\t\t\t\t<\/div>\n\t\t\t<\/div>\n\t\t<\/div>\n\t\t<div class=\"col-md-5\">\n\t\t\t<iframe src=\"https:\/\/www.google.com\/maps\/embed?pb=!1m14!1m8!1m3!1d9977.459928726443!2d17.936182!3d51.3044091!3m2!1i1024!2i768!4f13.1!3m3!1m2!1s0x0%3A0x1c3be7ba2c8f8065!2sDomArtStyl%20Piotr%20%C5%9Aniegocki!5e0!3m2!1spl!2spl!4v1639407759884!5m2!1spl!2spl\" height=\"340\" style=\"width: 100%; border:0;\" allowfullscreen=\"\" loading=\"lazy\"><\/iframe>\n\t\t<\/div>\n\t<\/div>\n\t<h3 class=\"text-uppercase mb-4\">Customer Service<\/h3>\n\t<div class=\"row g-4 mt-0 mb-4\">\n\t\t<div class=\"col-lg-4\">\n\t\t\t<div class=\"item-grid\">\n\t\t\t\t<h6 class=\"font-normal border-top border-bottom text-lg fw-bold py-3 mb-3\">Service for individual and business clients<\/h6>\n\t\t\t\t<p class=\"mb-0\"><strong>Magdalena<\/strong> <br><a href=\"mailto:biuro@domartstyl.eu\">biuro@domartstyl.eu<\/a> <br><a href=\"tel:+48882659700\">+48 882 659 700<\/a><\/p>\n\t\t\t<\/div>\n\t\t<\/div>\n\t\t<div class=\"col-lg-4\">\n\t\t\t<div class=\"item-grid\">\n\t\t\t\t<h6 class=\"font-normal border-top border-bottom text-lg fw-bold py-3 mb-3\">Service for individual and business clients<\/h6>\n\t\t\t\t<p class=\"mb-0\"><strong>Ewa<\/strong> <br><a href=\"mailto:biuro@domartstyl.pl\">biuro@domartstyl.pl<\/a> <br><a href=\"tel:+48660766340\">+48 660 766 340<\/a><\/p>\n\t\t\t<\/div>\n\t\t<\/div>\n\t\t<div class=\"col-lg-4\">\n\t\t\t<div class=\"item-grid\">\n\t\t\t\t<h6 class=\"font-normal border-top border-bottom text-lg fw-bold py-3 mb-3\">Payments and invoices<\/h6>\n\t\t\t\t<p class=\"mb-0\"><strong>Mon \u2013 Fr: 7AM \u2013 3PM<\/strong> <br><a href=\"mailto:platnosci@domartstyl.pl\">platnosci@domartstyl.pl<\/a> <br><a href=\"tel:+48660766340\">+48 660 766 340<\/a><\/p>\n\t\t\t<\/div>\n\t\t<\/div>\n\t\t<div class=\"col-lg-4\">\n\t\t\t<div class=\"item-grid\">\n\t\t\t\t<h6 class=\"font-normal border-top border-bottom text-lg fw-bold py-3 mb-3\">Logistics and transport department<\/h6>\n\t\t\t\t<p class=\"mb-0\"><strong>Kasia<\/strong> <br><a href=\"mailto:magazyn@domartstyl.pl\">magazyn@domartstyl.pl<\/a> <br><a href=\"tel+48604695379\">+48 604 695 379<\/a><\/p>\n\t\t\t<\/div>\n\t\t<\/div>\n\t\t<div class=\"col-lg-4\">\n\t\t\t<div class=\"item-grid\">\n\t\t\t\t<h6 class=\"font-normal border-top border-bottom text-lg fw-bold py-3 mb-3\">Complaint department<\/h6>\n\t\t\t\t<p class=\"mb-0\"><strong>Martyna<\/strong> <br><a href=\"mailto:reklamacje@domartstyl.pl\">reklamacje@domartstyl.pl<\/a> <br><a href=\"tel:+48604696327\">+48 604 696 327<\/a><\/p>\n\t\t\t<\/div>\n\t\t<\/div>\n\t<\/div>\n<\/section>","protected":false},"excerpt":{"rendered":"<p>Contact Informations Informations about company: Dom-Art-Styl Piotr \u015aniegocki Szklarka Miel\u0119cka 7, 63-600 K\u0119pno NIP: 6191555219 REGON: 250987946 Contact: biuro@domartstyl.pl +48 [&hellip;]<\/p>\n","protected":false},"author":41,"featured_media":78295,"parent":0,"menu_order":0,"comment_status":"closed","ping_status":"closed","template":"page-with-cover.php","meta":{"footnotes":""},"class_list":["post-5619","page","type-page","status-publish","has-post-thumbnail","hentry"],"yoast_head":"<!-- This site is optimized with the Yoast SEO Premium plugin v25.0 (Yoast SEO v25.0) - https:\/\/yoast.com\/wordpress\/plugins\/seo\/ -->\n<title>Contact - DomArtStyl<\/title>\n<meta name=\"robots\" content=\"index, follow, max-snippet:-1, max-image-preview:large, max-video-preview:-1\" \/>\n<link rel=\"canonical\" href=\"https:\/\/domartstyl.com\/en\/contact\/\" \/>\n<meta property=\"og:locale\" content=\"en_US\" \/>\n<meta property=\"og:type\" content=\"article\" \/>\n<meta property=\"og:title\" content=\"Contact\" \/>\n<meta property=\"og:description\" content=\"Contact Informations Informations about company: Dom-Art-Styl Piotr \u015aniegocki Szklarka Miel\u0119cka 7, 63-600 K\u0119pno NIP: 6191555219 REGON: 250987946 Contact: biuro@domartstyl.pl +48 [&hellip;]\" \/>\n<meta property=\"og:url\" content=\"https:\/\/domartstyl.com\/en\/contact\/\" \/>\n<meta property=\"og:site_name\" content=\"DomArtStyl\" \/>\n<meta property=\"article:publisher\" content=\"https:\/\/www.facebook.com\/DomArtStyl\/\" \/>\n<meta property=\"article:modified_time\" content=\"2025-01-28T07:02:42+00:00\" \/>\n<meta property=\"og:image\" content=\"https:\/\/domartstyl.com\/wp-content\/uploads\/2022\/08\/kontakt_domartstyl-1.jpg\" \/>\n\t<meta property=\"og:image:width\" content=\"1920\" \/>\n\t<meta property=\"og:image:height\" content=\"1000\" \/>\n\t<meta property=\"og:image:type\" content=\"image\/jpeg\" \/>\n<meta name=\"twitter:card\" content=\"summary_large_image\" \/>\n<meta name=\"twitter:site\" content=\"@DomArtStyl_pl\" \/>\n<meta name=\"twitter:label1\" content=\"Est. reading time\" \/>\n\t<meta name=\"twitter:data1\" content=\"2 minutes\" \/>\n<script type=\"application\/ld+json\" class=\"yoast-schema-graph\">{\"@context\":\"https:\/\/schema.org\",\"@graph\":[{\"@type\":\"WebPage\",\"@id\":\"https:\/\/domartstyl.com\/en\/contact\/\",\"url\":\"https:\/\/domartstyl.com\/en\/contact\/\",\"name\":\"Contact - DomArtStyl\",\"isPartOf\":{\"@id\":\"https:\/\/domartstyl.com\/en\/#website\"},\"primaryImageOfPage\":{\"@id\":\"https:\/\/domartstyl.com\/en\/contact\/#primaryimage\"},\"image\":{\"@id\":\"https:\/\/domartstyl.com\/en\/contact\/#primaryimage\"},\"thumbnailUrl\":\"https:\/\/domartstyl.com\/wp-content\/uploads\/2022\/08\/kontakt_domartstyl-1.jpg\",\"datePublished\":\"2018-04-23T09:24:58+00:00\",\"dateModified\":\"2025-01-28T07:02:42+00:00\",\"breadcrumb\":{\"@id\":\"https:\/\/domartstyl.com\/en\/contact\/#breadcrumb\"},\"inLanguage\":\"en-US\",\"potentialAction\":[{\"@type\":\"ReadAction\",\"target\":[\"https:\/\/domartstyl.com\/en\/contact\/\"]}]},{\"@type\":\"ImageObject\",\"inLanguage\":\"en-US\",\"@id\":\"https:\/\/domartstyl.com\/en\/contact\/#primaryimage\",\"url\":\"https:\/\/domartstyl.com\/wp-content\/uploads\/2022\/08\/kontakt_domartstyl-1.jpg\",\"contentUrl\":\"https:\/\/domartstyl.com\/wp-content\/uploads\/2022\/08\/kontakt_domartstyl-1.jpg\",\"width\":1920,\"height\":1000},{\"@type\":\"BreadcrumbList\",\"@id\":\"https:\/\/domartstyl.com\/en\/contact\/#breadcrumb\",\"itemListElement\":[{\"@type\":\"ListItem\",\"position\":1,\"name\":\"Strona g\u0142\u00f3wna\",\"item\":\"https:\/\/domartstyl.com\/en\/\"},{\"@type\":\"ListItem\",\"position\":2,\"name\":\"Contact\"}]},{\"@type\":\"WebSite\",\"@id\":\"https:\/\/domartstyl.com\/en\/#website\",\"url\":\"https:\/\/domartstyl.com\/en\/\",\"name\":\"DomArtStyl\",\"description\":\"Tworzymy meble najwy\u017cszej jako\u015bci. Sprzeda\u017c detaliczna \u00b7 Sprzeda\u017c hurtowa\",\"publisher\":{\"@id\":\"https:\/\/domartstyl.com\/en\/#organization\"},\"potentialAction\":[{\"@type\":\"SearchAction\",\"target\":{\"@type\":\"EntryPoint\",\"urlTemplate\":\"https:\/\/domartstyl.com\/en\/?s={search_term_string}\"},\"query-input\":{\"@type\":\"PropertyValueSpecification\",\"valueRequired\":true,\"valueName\":\"search_term_string\"}}],\"inLanguage\":\"en-US\"},{\"@type\":\"Organization\",\"@id\":\"https:\/\/domartstyl.com\/en\/#organization\",\"name\":\"DomArtStyl\",\"url\":\"https:\/\/domartstyl.com\/en\/\",\"logo\":{\"@type\":\"ImageObject\",\"inLanguage\":\"en-US\",\"@id\":\"https:\/\/domartstyl.com\/en\/#\/schema\/logo\/image\/\",\"url\":\"https:\/\/domartstyl.com\/wp-content\/uploads\/2018\/04\/Logo_300_width.png\",\"contentUrl\":\"https:\/\/domartstyl.com\/wp-content\/uploads\/2018\/04\/Logo_300_width.png\",\"width\":300,\"height\":140,\"caption\":\"DomArtStyl\"},\"image\":{\"@id\":\"https:\/\/domartstyl.com\/en\/#\/schema\/logo\/image\/\"},\"sameAs\":[\"https:\/\/www.facebook.com\/DomArtStyl\/\",\"https:\/\/x.com\/DomArtStyl_pl\",\"https:\/\/www.instagram.com\/domartstyl\/?hl=en\",\"https:\/\/pl.pinterest.com\/domartstyl01\/\",\"https:\/\/www.youtube.com\/channel\/UCkISSgvMomI6yFFL3JDbLhw\"]}]}<\/script>\n<!-- \/ Yoast SEO Premium plugin. -->","yoast_head_json":{"title":"Contact - DomArtStyl","robots":{"index":"index","follow":"follow","max-snippet":"max-snippet:-1","max-image-preview":"max-image-preview:large","max-video-preview":"max-video-preview:-1"},"canonical":"https:\/\/domartstyl.com\/en\/contact\/","og_locale":"en_US","og_type":"article","og_title":"Contact","og_description":"Contact Informations Informations about company: Dom-Art-Styl Piotr \u015aniegocki Szklarka Miel\u0119cka 7, 63-600 K\u0119pno NIP: 6191555219 REGON: 250987946 Contact: biuro@domartstyl.pl +48 [&hellip;]","og_url":"https:\/\/domartstyl.com\/en\/contact\/","og_site_name":"DomArtStyl","article_publisher":"https:\/\/www.facebook.com\/DomArtStyl\/","article_modified_time":"2025-01-28T07:02:42+00:00","og_image":[{"width":1920,"height":1000,"url":"https:\/\/domartstyl.com\/wp-content\/uploads\/2022\/08\/kontakt_domartstyl-1.jpg","type":"image\/jpeg"}],"twitter_card":"summary_large_image","twitter_site":"@DomArtStyl_pl","twitter_misc":{"Est. reading time":"2 minutes"},"schema":{"@context":"https:\/\/schema.org","@graph":[{"@type":"WebPage","@id":"https:\/\/domartstyl.com\/en\/contact\/","url":"https:\/\/domartstyl.com\/en\/contact\/","name":"Contact - DomArtStyl","isPartOf":{"@id":"https:\/\/domartstyl.com\/en\/#website"},"primaryImageOfPage":{"@id":"https:\/\/domartstyl.com\/en\/contact\/#primaryimage"},"image":{"@id":"https:\/\/domartstyl.com\/en\/contact\/#primaryimage"},"thumbnailUrl":"https:\/\/domartstyl.com\/wp-content\/uploads\/2022\/08\/kontakt_domartstyl-1.jpg","datePublished":"2018-04-23T09:24:58+00:00","dateModified":"2025-01-28T07:02:42+00:00","breadcrumb":{"@id":"https:\/\/domartstyl.com\/en\/contact\/#breadcrumb"},"inLanguage":"en-US","potentialAction":[{"@type":"ReadAction","target":["https:\/\/domartstyl.com\/en\/contact\/"]}]},{"@type":"ImageObject","inLanguage":"en-US","@id":"https:\/\/domartstyl.com\/en\/contact\/#primaryimage","url":"https:\/\/domartstyl.com\/wp-content\/uploads\/2022\/08\/kontakt_domartstyl-1.jpg","contentUrl":"https:\/\/domartstyl.com\/wp-content\/uploads\/2022\/08\/kontakt_domartstyl-1.jpg","width":1920,"height":1000},{"@type":"BreadcrumbList","@id":"https:\/\/domartstyl.com\/en\/contact\/#breadcrumb","itemListElement":[{"@type":"ListItem","position":1,"name":"Strona g\u0142\u00f3wna","item":"https:\/\/domartstyl.com\/en\/"},{"@type":"ListItem","position":2,"name":"Contact"}]},{"@type":"WebSite","@id":"https:\/\/domartstyl.com\/en\/#website","url":"https:\/\/domartstyl.com\/en\/","name":"DomArtStyl","description":"Tworzymy meble najwy\u017cszej jako\u015bci. Sprzeda\u017c detaliczna \u00b7 Sprzeda\u017c hurtowa","publisher":{"@id":"https:\/\/domartstyl.com\/en\/#organization"},"potentialAction":[{"@type":"SearchAction","target":{"@type":"EntryPoint","urlTemplate":"https:\/\/domartstyl.com\/en\/?s={search_term_string}"},"query-input":{"@type":"PropertyValueSpecification","valueRequired":true,"valueName":"search_term_string"}}],"inLanguage":"en-US"},{"@type":"Organization","@id":"https:\/\/domartstyl.com\/en\/#organization","name":"DomArtStyl","url":"https:\/\/domartstyl.com\/en\/","logo":{"@type":"ImageObject","inLanguage":"en-US","@id":"https:\/\/domartstyl.com\/en\/#\/schema\/logo\/image\/","url":"https:\/\/domartstyl.com\/wp-content\/uploads\/2018\/04\/Logo_300_width.png","contentUrl":"https:\/\/domartstyl.com\/wp-content\/uploads\/2018\/04\/Logo_300_width.png","width":300,"height":140,"caption":"DomArtStyl"},"image":{"@id":"https:\/\/domartstyl.com\/en\/#\/schema\/logo\/image\/"},"sameAs":["https:\/\/www.facebook.com\/DomArtStyl\/","https:\/\/x.com\/DomArtStyl_pl","https:\/\/www.instagram.com\/domartstyl\/?hl=en","https:\/\/pl.pinterest.com\/domartstyl01\/","https:\/\/www.youtube.com\/channel\/UCkISSgvMomI6yFFL3JDbLhw"]}]}},"_links":{"self":[{"href":"https:\/\/domartstyl.com\/en\/wp-json\/wp\/v2\/pages\/5619","targetHints":{"allow":["GET"]}}],"collection":[{"href":"https:\/\/domartstyl.com\/en\/wp-json\/wp\/v2\/pages"}],"about":[{"href":"https:\/\/domartstyl.com\/en\/wp-json\/wp\/v2\/types\/page"}],"author":[{"embeddable":true,"href":"https:\/\/domartstyl.com\/en\/wp-json\/wp\/v2\/users\/41"}],"replies":[{"embeddable":true,"href":"https:\/\/domartstyl.com\/en\/wp-json\/wp\/v2\/comments?post=5619"}],"version-history":[{"count":0,"href":"https:\/\/domartstyl.com\/en\/wp-json\/wp\/v2\/pages\/5619\/revisions"}],"wp:featuredmedia":[{"embeddable":true,"href":"https:\/\/domartstyl.com\/en\/wp-json\/wp\/v2\/media\/78295"}],"wp:attachment":[{"href":"https:\/\/domartstyl.com\/en\/wp-json\/wp\/v2\/media?parent=5619"}],"curies":[{"name":"wp","href":"https:\/\/api.w.org\/{rel}","templated":true}]}}