{"id":5611,"date":"2018-04-23T10:13:19","date_gmt":"2018-04-23T09:13:19","guid":{"rendered":"http:\/\/domartstyl.com\/?page_id=5611"},"modified":"2024-06-12T07:27:43","modified_gmt":"2024-06-12T06:27:43","slug":"accessories","status":"publish","type":"page","link":"https:\/\/domartstyl.com\/en\/accessories\/","title":{"rendered":"Accessories"},"content":{"rendered":"<div class=\"row row-cols-2 row-cols-sm-3 row-cols-md-3 row-cols-lg-4 g-4 mt-0 mb-5\" id=\"lightgallery\">\n\t<div class=\"col text-center\">\n\t\t<a href=\"https:\/\/domartstyl.com\/wp-content\/uploads\/2023\/05\/kolatka-kwadrat.jpg\" class=\"lightgallery-item\" title=\"Knocker square\">\n\t\t\t<img decoding=\"async\" src=\"https:\/\/domartstyl.com\/wp-content\/uploads\/2023\/05\/kolatka-kwadrat.jpg\" loading=\"lazy\" alt=\"Knocker square\">\n\t\t<\/a>\n\t\t<span class=\"d-block p-3\">Knocker Square<\/span>\n\t<\/div>\n\t<div class=\"col text-center\">\n\t\t<a href=\"https:\/\/domartstyl.com\/wp-content\/uploads\/2020\/07\/ko%C5%82atka-nowa.jpg\" class=\"lightgallery-item\" title=\"Knocker\">\n\t\t\t<img decoding=\"async\" src=\"https:\/\/domartstyl.com\/wp-content\/uploads\/2020\/07\/ko%C5%82atka-nowa.jpg\" loading=\"lazy\" alt=\"Knocker\">\n\t\t<\/a>\n\t\t<span class=\"d-block p-3\">Knocker<\/span>\n\t<\/div>\n\t<div class=\"col text-center\">\n\t\t<a href=\"https:\/\/domartstyl.com\/wp-content\/uploads\/2018\/04\/Tasiemka-pineskowa.jpg\" class=\"lightgallery-item\" title=\"Thumbstack Tape\">\n\t\t\t<img decoding=\"async\" src=\"https:\/\/domartstyl.com\/wp-content\/uploads\/2018\/04\/Tasiemka-pineskowa.jpg\" loading=\"lazy\" alt=\"Thumbstack Tape\">\n\t\t<\/a>\n\t\t<span class=\"d-block p-3\">Thumbstack Tape<\/span>\n\t<\/div>\n\t<div class=\"col text-center\">\n\t\t<a href=\"https:\/\/domartstyl.com\/wp-content\/uploads\/2018\/04\/Lam%C3%B3wka-w-kolorze-tkaniny.jpg\" class=\"lightgallery-item\" title=\"Fabric-colored stitching\">\n\t\t\t<img decoding=\"async\" src=\"https:\/\/domartstyl.com\/wp-content\/uploads\/2018\/04\/Lam%C3%B3wka-w-kolorze-tkaniny.jpg\" loading=\"lazy\" alt=\"Fabric-colored stitching\">\n\t\t<\/a>\n\t\t<span class=\"d-block p-3\">Fabric-colored stitching<\/span>\n\t<\/div>\n\t<div class=\"col text-center\">\n\t\t<a href=\"https:\/\/domartstyl.com\/wp-content\/uploads\/2018\/07\/z%C5%82ote-ko%C5%84ce.jpg\" class=\"lightgallery-item\" title=\"Golden Tips\">\n\t\t\t<img decoding=\"async\" src=\"https:\/\/domartstyl.com\/wp-content\/uploads\/2018\/07\/z%C5%82ote-ko%C5%84ce.jpg\" loading=\"lazy\" alt=\"Golden Tips\">\n\t\t<\/a>\n\t\t<span class=\"d-block p-3\">Golden Tips <br><small>(wholesale orders)<\/small><\/span>\n\t<\/div>\n\t<div class=\"col text-center\">\n\t\t<a href=\"https:\/\/domartstyl.com\/wp-content\/uploads\/2018\/04\/Pikowanie-Karo.jpg\" class=\"lightgallery-item\" title=\"Quilting Karo\">\n\t\t\t<img decoding=\"async\" src=\"https:\/\/domartstyl.com\/wp-content\/uploads\/2018\/04\/Pikowanie-Karo.jpg\" loading=\"lazy\" alt=\"Quilting Karo\">\n\t\t<\/a>\n\t\t<span class=\"d-block p-3\">Quilting Karo<\/span>\n\t<\/div>\n\t<div class=\"col text-center\">\n\t\t<a href=\"https:\/\/domartstyl.com\/wp-content\/uploads\/2018\/04\/Pikowanie-Karo-z-guzikami.jpg\" class=\"lightgallery-item\" title=\"Buttons\">\n\t\t\t<img decoding=\"async\" src=\"https:\/\/domartstyl.com\/wp-content\/uploads\/2018\/04\/Pikowanie-Karo-z-guzikami.jpg\" loading=\"lazy\" alt=\"Buttons\">\n\t\t<\/a>\n\t\t<span class=\"d-block p-3\">Buttons<\/span>\n\t<\/div>\n\t<div class=\"col text-center\">\n\t\t<a href=\"https:\/\/domartstyl.com\/wp-content\/uploads\/2018\/04\/Pikowanie-Kwadrat.jpg\" class=\"lightgallery-item\" title=\"Quilting Square\">\n\t\t\t<img decoding=\"async\" src=\"https:\/\/domartstyl.com\/wp-content\/uploads\/2018\/04\/Pikowanie-Kwadrat.jpg\" loading=\"lazy\" alt=\"Quilting Square\">\n\t\t<\/a>\n\t\t<span class=\"d-block p-3\">Quilting Square*<br><small>(for orders over 50 pieces)<\/small><\/span>\n\t<\/div>\n\t<div class=\"col text-center\">\n\t\t<a href=\"https:\/\/domartstyl.com\/wp-content\/uploads\/2018\/04\/Pikowanie-Kwadrat-z-guzikami.jpg\" class=\"lightgallery-item\" title=\"Quilting Square z Guzikami\">\n\t\t\t<img decoding=\"async\" src=\"https:\/\/domartstyl.com\/wp-content\/uploads\/2018\/04\/Pikowanie-Kwadrat-z-guzikami.jpg\" loading=\"lazy\" alt=\"Quilting Square z Guzikami\">\n\t\t<\/a>\n\t\t<span class=\"d-block p-3\">Quilting Square z Guzikami<br><small>(for orders over 50 pieces)<\/small><\/span>\n\t<\/div>\n\t<div class=\"col text-center\">\n\t\t<a href=\"https:\/\/domartstyl.com\/wp-content\/uploads\/2018\/04\/Przeszycie-poziome.jpg\" class=\"lightgallery-item\" title=\"Stitching Horizontal\">\n\t\t\t<img decoding=\"async\" src=\"https:\/\/domartstyl.com\/wp-content\/uploads\/2018\/04\/Przeszycie-poziome.jpg\" loading=\"lazy\" alt=\"Stitching Horizontal\">\n\t\t<\/a>\n\t\t<span class=\"d-block p-3\">Stitching Horizontal<br><small>(for orders over 50 pieces)<\/small><\/span>\n\t<\/div>\n\t<div class=\"col text-center\">\n\t\t<a href=\"https:\/\/domartstyl.com\/wp-content\/uploads\/2018\/04\/Przeszycie-pionowe.jpg\" class=\"lightgallery-item\" title=\"Stitching Vertical\">\n\t\t\t<img decoding=\"async\" src=\"https:\/\/domartstyl.com\/wp-content\/uploads\/2018\/04\/Przeszycie-pionowe.jpg\" loading=\"lazy\" alt=\"Stitching Vertical\">\n\t\t<\/a>\n\t\t<span class=\"d-block p-3\">Stitching Vertical<br><small>(for orders over 50 pieces)<\/small><\/span>\n\t<\/div>\n<\/div>","protected":false},"excerpt":{"rendered":"<p>Knocker Square Knocker Thumbstack Tape Fabric-colored stitching Golden Tips (wholesale orders) Quilting Karo Buttons Quilting Square*(for orders over 50 pieces) [&hellip;]<\/p>\n","protected":false},"author":41,"featured_media":0,"parent":0,"menu_order":0,"comment_status":"closed","ping_status":"closed","template":"page-gallery.php","meta":{"footnotes":""},"class_list":["post-5611","page","type-page","status-publish","hentry"],"yoast_head":"<!-- This site is optimized with the Yoast SEO Premium plugin v25.0 (Yoast SEO v25.0) - https:\/\/yoast.com\/wordpress\/plugins\/seo\/ -->\n<title>Accessories - DomArtStyl<\/title>\n<meta name=\"description\" content=\"Attractive accessories In our offer we have a large number of decorations, accessories, quilting or stitching, thanks to which the furniture becomes more attractive and original. Top-quality knockers, ribbon tapes or very fashionable chesterfield quilting are just some of the options available.\" \/>\n<meta name=\"robots\" content=\"noindex, follow\" \/>\n<meta property=\"og:locale\" content=\"en_US\" \/>\n<meta property=\"og:type\" content=\"article\" \/>\n<meta property=\"og:title\" content=\"Accessories\" \/>\n<meta property=\"og:description\" content=\"Attractive accessories In our offer we have a large number of decorations, accessories, quilting or stitching, thanks to which the furniture becomes more attractive and original. Top-quality knockers, ribbon tapes or very fashionable chesterfield quilting are just some of the options available.\" \/>\n<meta property=\"og:url\" content=\"https:\/\/domartstyl.com\/en\/accessories\/\" \/>\n<meta property=\"og:site_name\" content=\"DomArtStyl\" \/>\n<meta property=\"article:publisher\" content=\"https:\/\/www.facebook.com\/DomArtStyl\/\" \/>\n<meta property=\"article:modified_time\" content=\"2024-06-12T06:27:43+00:00\" \/>\n<meta property=\"og:image\" content=\"https:\/\/domartstyl.com\/wp-content\/uploads\/2023\/05\/kolatka-kwadrat.jpg\" \/>\n<meta name=\"twitter:card\" content=\"summary_large_image\" \/>\n<meta name=\"twitter:site\" content=\"@DomArtStyl_pl\" \/>\n<meta name=\"twitter:label1\" content=\"Est. reading time\" \/>\n\t<meta name=\"twitter:data1\" content=\"3 minutes\" \/>\n<script type=\"application\/ld+json\" class=\"yoast-schema-graph\">{\"@context\":\"https:\/\/schema.org\",\"@graph\":[{\"@type\":\"WebPage\",\"@id\":\"https:\/\/domartstyl.com\/en\/accessories\/\",\"url\":\"https:\/\/domartstyl.com\/en\/accessories\/\",\"name\":\"Accessories - DomArtStyl\",\"isPartOf\":{\"@id\":\"https:\/\/domartstyl.com\/en\/#website\"},\"primaryImageOfPage\":{\"@id\":\"https:\/\/domartstyl.com\/en\/accessories\/#primaryimage\"},\"image\":{\"@id\":\"https:\/\/domartstyl.com\/en\/accessories\/#primaryimage\"},\"thumbnailUrl\":\"https:\/\/domartstyl.com\/wp-content\/uploads\/2023\/05\/kolatka-kwadrat.jpg\",\"datePublished\":\"2018-04-23T09:13:19+00:00\",\"dateModified\":\"2024-06-12T06:27:43+00:00\",\"description\":\"Attractive accessories In our offer we have a large number of decorations, accessories, quilting or stitching, thanks to which the furniture becomes more attractive and original. Top-quality knockers, ribbon tapes or very fashionable chesterfield quilting are just some of the options available.\",\"breadcrumb\":{\"@id\":\"https:\/\/domartstyl.com\/en\/accessories\/#breadcrumb\"},\"inLanguage\":\"en-US\",\"potentialAction\":[{\"@type\":\"ReadAction\",\"target\":[\"https:\/\/domartstyl.com\/en\/accessories\/\"]}]},{\"@type\":\"ImageObject\",\"inLanguage\":\"en-US\",\"@id\":\"https:\/\/domartstyl.com\/en\/accessories\/#primaryimage\",\"url\":\"https:\/\/domartstyl.com\/wp-content\/uploads\/2023\/05\/kolatka-kwadrat.jpg\",\"contentUrl\":\"https:\/\/domartstyl.com\/wp-content\/uploads\/2023\/05\/kolatka-kwadrat.jpg\"},{\"@type\":\"BreadcrumbList\",\"@id\":\"https:\/\/domartstyl.com\/en\/accessories\/#breadcrumb\",\"itemListElement\":[{\"@type\":\"ListItem\",\"position\":1,\"name\":\"Strona g\u0142\u00f3wna\",\"item\":\"https:\/\/domartstyl.com\/en\/\"},{\"@type\":\"ListItem\",\"position\":2,\"name\":\"Accessories\"}]},{\"@type\":\"WebSite\",\"@id\":\"https:\/\/domartstyl.com\/en\/#website\",\"url\":\"https:\/\/domartstyl.com\/en\/\",\"name\":\"DomArtStyl\",\"description\":\"Tworzymy meble najwy\u017cszej jako\u015bci. Sprzeda\u017c detaliczna \u00b7 Sprzeda\u017c hurtowa\",\"publisher\":{\"@id\":\"https:\/\/domartstyl.com\/en\/#organization\"},\"potentialAction\":[{\"@type\":\"SearchAction\",\"target\":{\"@type\":\"EntryPoint\",\"urlTemplate\":\"https:\/\/domartstyl.com\/en\/?s={search_term_string}\"},\"query-input\":{\"@type\":\"PropertyValueSpecification\",\"valueRequired\":true,\"valueName\":\"search_term_string\"}}],\"inLanguage\":\"en-US\"},{\"@type\":\"Organization\",\"@id\":\"https:\/\/domartstyl.com\/en\/#organization\",\"name\":\"DomArtStyl\",\"url\":\"https:\/\/domartstyl.com\/en\/\",\"logo\":{\"@type\":\"ImageObject\",\"inLanguage\":\"en-US\",\"@id\":\"https:\/\/domartstyl.com\/en\/#\/schema\/logo\/image\/\",\"url\":\"https:\/\/domartstyl.com\/wp-content\/uploads\/2018\/04\/Logo_300_width.png\",\"contentUrl\":\"https:\/\/domartstyl.com\/wp-content\/uploads\/2018\/04\/Logo_300_width.png\",\"width\":300,\"height\":140,\"caption\":\"DomArtStyl\"},\"image\":{\"@id\":\"https:\/\/domartstyl.com\/en\/#\/schema\/logo\/image\/\"},\"sameAs\":[\"https:\/\/www.facebook.com\/DomArtStyl\/\",\"https:\/\/x.com\/DomArtStyl_pl\",\"https:\/\/www.instagram.com\/domartstyl\/?hl=en\",\"https:\/\/pl.pinterest.com\/domartstyl01\/\",\"https:\/\/www.youtube.com\/channel\/UCkISSgvMomI6yFFL3JDbLhw\"]}]}<\/script>\n<!-- \/ Yoast SEO Premium plugin. -->","yoast_head_json":{"title":"Accessories - DomArtStyl","description":"Attractive accessories In our offer we have a large number of decorations, accessories, quilting or stitching, thanks to which the furniture becomes more attractive and original. Top-quality knockers, ribbon tapes or very fashionable chesterfield quilting are just some of the options available.","robots":{"index":"noindex","follow":"follow"},"og_locale":"en_US","og_type":"article","og_title":"Accessories","og_description":"Attractive accessories In our offer we have a large number of decorations, accessories, quilting or stitching, thanks to which the furniture becomes more attractive and original. Top-quality knockers, ribbon tapes or very fashionable chesterfield quilting are just some of the options available.","og_url":"https:\/\/domartstyl.com\/en\/accessories\/","og_site_name":"DomArtStyl","article_publisher":"https:\/\/www.facebook.com\/DomArtStyl\/","article_modified_time":"2024-06-12T06:27:43+00:00","og_image":[{"url":"https:\/\/domartstyl.com\/wp-content\/uploads\/2023\/05\/kolatka-kwadrat.jpg","type":"","width":"","height":""}],"twitter_card":"summary_large_image","twitter_site":"@DomArtStyl_pl","twitter_misc":{"Est. reading time":"3 minutes"},"schema":{"@context":"https:\/\/schema.org","@graph":[{"@type":"WebPage","@id":"https:\/\/domartstyl.com\/en\/accessories\/","url":"https:\/\/domartstyl.com\/en\/accessories\/","name":"Accessories - DomArtStyl","isPartOf":{"@id":"https:\/\/domartstyl.com\/en\/#website"},"primaryImageOfPage":{"@id":"https:\/\/domartstyl.com\/en\/accessories\/#primaryimage"},"image":{"@id":"https:\/\/domartstyl.com\/en\/accessories\/#primaryimage"},"thumbnailUrl":"https:\/\/domartstyl.com\/wp-content\/uploads\/2023\/05\/kolatka-kwadrat.jpg","datePublished":"2018-04-23T09:13:19+00:00","dateModified":"2024-06-12T06:27:43+00:00","description":"Attractive accessories In our offer we have a large number of decorations, accessories, quilting or stitching, thanks to which the furniture becomes more attractive and original. Top-quality knockers, ribbon tapes or very fashionable chesterfield quilting are just some of the options available.","breadcrumb":{"@id":"https:\/\/domartstyl.com\/en\/accessories\/#breadcrumb"},"inLanguage":"en-US","potentialAction":[{"@type":"ReadAction","target":["https:\/\/domartstyl.com\/en\/accessories\/"]}]},{"@type":"ImageObject","inLanguage":"en-US","@id":"https:\/\/domartstyl.com\/en\/accessories\/#primaryimage","url":"https:\/\/domartstyl.com\/wp-content\/uploads\/2023\/05\/kolatka-kwadrat.jpg","contentUrl":"https:\/\/domartstyl.com\/wp-content\/uploads\/2023\/05\/kolatka-kwadrat.jpg"},{"@type":"BreadcrumbList","@id":"https:\/\/domartstyl.com\/en\/accessories\/#breadcrumb","itemListElement":[{"@type":"ListItem","position":1,"name":"Strona g\u0142\u00f3wna","item":"https:\/\/domartstyl.com\/en\/"},{"@type":"ListItem","position":2,"name":"Accessories"}]},{"@type":"WebSite","@id":"https:\/\/domartstyl.com\/en\/#website","url":"https:\/\/domartstyl.com\/en\/","name":"DomArtStyl","description":"Tworzymy meble najwy\u017cszej jako\u015bci. Sprzeda\u017c detaliczna \u00b7 Sprzeda\u017c hurtowa","publisher":{"@id":"https:\/\/domartstyl.com\/en\/#organization"},"potentialAction":[{"@type":"SearchAction","target":{"@type":"EntryPoint","urlTemplate":"https:\/\/domartstyl.com\/en\/?s={search_term_string}"},"query-input":{"@type":"PropertyValueSpecification","valueRequired":true,"valueName":"search_term_string"}}],"inLanguage":"en-US"},{"@type":"Organization","@id":"https:\/\/domartstyl.com\/en\/#organization","name":"DomArtStyl","url":"https:\/\/domartstyl.com\/en\/","logo":{"@type":"ImageObject","inLanguage":"en-US","@id":"https:\/\/domartstyl.com\/en\/#\/schema\/logo\/image\/","url":"https:\/\/domartstyl.com\/wp-content\/uploads\/2018\/04\/Logo_300_width.png","contentUrl":"https:\/\/domartstyl.com\/wp-content\/uploads\/2018\/04\/Logo_300_width.png","width":300,"height":140,"caption":"DomArtStyl"},"image":{"@id":"https:\/\/domartstyl.com\/en\/#\/schema\/logo\/image\/"},"sameAs":["https:\/\/www.facebook.com\/DomArtStyl\/","https:\/\/x.com\/DomArtStyl_pl","https:\/\/www.instagram.com\/domartstyl\/?hl=en","https:\/\/pl.pinterest.com\/domartstyl01\/","https:\/\/www.youtube.com\/channel\/UCkISSgvMomI6yFFL3JDbLhw"]}]}},"_links":{"self":[{"href":"https:\/\/domartstyl.com\/en\/wp-json\/wp\/v2\/pages\/5611","targetHints":{"allow":["GET"]}}],"collection":[{"href":"https:\/\/domartstyl.com\/en\/wp-json\/wp\/v2\/pages"}],"about":[{"href":"https:\/\/domartstyl.com\/en\/wp-json\/wp\/v2\/types\/page"}],"author":[{"embeddable":true,"href":"https:\/\/domartstyl.com\/en\/wp-json\/wp\/v2\/users\/41"}],"replies":[{"embeddable":true,"href":"https:\/\/domartstyl.com\/en\/wp-json\/wp\/v2\/comments?post=5611"}],"version-history":[{"count":0,"href":"https:\/\/domartstyl.com\/en\/wp-json\/wp\/v2\/pages\/5611\/revisions"}],"wp:attachment":[{"href":"https:\/\/domartstyl.com\/en\/wp-json\/wp\/v2\/media?parent=5611"}],"curies":[{"name":"wp","href":"https:\/\/api.w.org\/{rel}","templated":true}]}}