{"id":5593,"date":"2018-04-16T08:26:08","date_gmt":"2018-04-16T07:26:08","guid":{"rendered":"http:\/\/domartstyl.com\/fabrics\/soft\/"},"modified":"2024-02-26T09:17:13","modified_gmt":"2024-02-26T08:17:13","slug":"soft","status":"publish","type":"page","link":"https:\/\/domartstyl.com\/en\/fabrics\/soft\/","title":{"rendered":"Soft (Lech)"},"content":{"rendered":"<div class=\"text-center mb-3\">\n\t<a href=\"\/wp-content\/uploads\/tkaniny\/specyfikacja\/soft.pdf\" class=\"btn btn-primary\" target=\"_blank\" title=\"View Technical Specifications\" rel=\"noopener\">Technical Specifications<\/a>\n<\/div>\n<div class=\"row row-cols-2 row-cols-sm-3 row-cols-md-4 row-cols-lg-6 g-4 mt-0 mb-5\" id=\"lightgallery\">\n\t<div class=\"col text-center\">\n\t\t<a href=\"https:\/\/domartstyl.com\/wp-content\/uploads\/tkaniny\/Soft\/Soft-1.jpg\" class=\"lightgallery-item\" title=\"Soft 1\">\n\t\t\t<img decoding=\"async\" src=\"https:\/\/domartstyl.com\/wp-content\/uploads\/tkaniny\/sm\/Soft\/Soft-1.jpg\" loading=\"lazy\" alt=\"Soft 1\">\n\t\t<\/a>\n\t\t<span class=\"d-block p-3\">Soft 1<\/span>\n\t<\/div>\n\t<div class=\"col text-center\">\n\t\t<a href=\"https:\/\/domartstyl.com\/wp-content\/uploads\/tkaniny\/Soft\/Soft-2.jpg\" class=\"lightgallery-item\" title=\"Soft 2\">\n\t\t\t<img decoding=\"async\" src=\"https:\/\/domartstyl.com\/wp-content\/uploads\/tkaniny\/sm\/Soft\/Soft-2.jpg\" loading=\"lazy\" alt=\"Soft 2\">\n\t\t<\/a>\n\t\t<span class=\"d-block p-3\">Soft 2<\/span>\n\t<\/div>\n\t<div class=\"col text-center\">\n\t\t<a href=\"https:\/\/domartstyl.com\/wp-content\/uploads\/tkaniny\/Soft\/Soft-3.jpg\" class=\"lightgallery-item\" title=\"Soft 3\">\n\t\t\t<img decoding=\"async\" src=\"https:\/\/domartstyl.com\/wp-content\/uploads\/tkaniny\/sm\/Soft\/Soft-3.jpg\" loading=\"lazy\" alt=\"Soft 3\">\n\t\t<\/a>\n\t\t<span class=\"d-block p-3\">Soft 3<\/span>\n\t<\/div>\n\t<div class=\"col text-center\">\n\t\t<a href=\"https:\/\/domartstyl.com\/wp-content\/uploads\/tkaniny\/Soft\/Soft-4.jpg\" class=\"lightgallery-item\" title=\"Soft 4\">\n\t\t\t<img decoding=\"async\" src=\"https:\/\/domartstyl.com\/wp-content\/uploads\/tkaniny\/sm\/Soft\/Soft-4.jpg\" loading=\"lazy\" alt=\"Soft 4\">\n\t\t<\/a>\n\t\t<span class=\"d-block p-3\">Soft 4<\/span>\n\t<\/div>\n\t<div class=\"col text-center\">\n\t\t<a href=\"https:\/\/domartstyl.com\/wp-content\/uploads\/tkaniny\/Soft\/Soft-5.jpg\" class=\"lightgallery-item\" title=\"Soft 5\">\n\t\t\t<img decoding=\"async\" src=\"https:\/\/domartstyl.com\/wp-content\/uploads\/tkaniny\/sm\/Soft\/Soft-5.jpg\" loading=\"lazy\" alt=\"Soft 5\">\n\t\t<\/a>\n\t\t<span class=\"d-block p-3\">Soft 5<\/span>\n\t<\/div>\n\t<div class=\"col text-center\">\n\t\t<a href=\"https:\/\/domartstyl.com\/wp-content\/uploads\/tkaniny\/Soft\/Soft-6.jpg\" class=\"lightgallery-item\" title=\"Soft 6\">\n\t\t\t<img decoding=\"async\" src=\"https:\/\/domartstyl.com\/wp-content\/uploads\/tkaniny\/sm\/Soft\/Soft-6.jpg\" loading=\"lazy\" alt=\"Soft 6\">\n\t\t<\/a>\n\t\t<span class=\"d-block p-3\">Soft 6<\/span>\n\t<\/div>\n\t<div class=\"col text-center\">\n\t\t<a href=\"https:\/\/domartstyl.com\/wp-content\/uploads\/tkaniny\/Soft\/Soft-7.jpg\" class=\"lightgallery-item\" title=\"Soft 7\">\n\t\t\t<img decoding=\"async\" src=\"https:\/\/domartstyl.com\/wp-content\/uploads\/tkaniny\/sm\/Soft\/Soft-7.jpg\" loading=\"lazy\" alt=\"Soft 7\">\n\t\t<\/a>\n\t\t<span class=\"d-block p-3\">Soft 7<\/span>\n\t<\/div>\n\t<div class=\"col text-center\">\n\t\t<a href=\"https:\/\/domartstyl.com\/wp-content\/uploads\/tkaniny\/Soft\/Soft-8.jpg\" class=\"lightgallery-item\" title=\"Soft 8\">\n\t\t\t<img decoding=\"async\" src=\"https:\/\/domartstyl.com\/wp-content\/uploads\/tkaniny\/sm\/Soft\/Soft-8.jpg\" loading=\"lazy\" alt=\"Soft 8\">\n\t\t<\/a>\n\t\t<span class=\"d-block p-3\">Soft 8<\/span>\n\t<\/div>\n\t<div class=\"col text-center\">\n\t\t<a href=\"https:\/\/domartstyl.com\/wp-content\/uploads\/tkaniny\/Soft\/Soft-9.jpg\" class=\"lightgallery-item\" title=\"Soft 9\">\n\t\t\t<img decoding=\"async\" src=\"https:\/\/domartstyl.com\/wp-content\/uploads\/tkaniny\/sm\/Soft\/Soft-9.jpg\" loading=\"lazy\" alt=\"Soft 9\">\n\t\t<\/a>\n\t\t<span class=\"d-block p-3\">Soft 9<\/span>\n\t<\/div>\n\t<div class=\"col text-center\">\n\t\t<a href=\"https:\/\/domartstyl.com\/wp-content\/uploads\/tkaniny\/Soft\/Soft-10.jpg\" class=\"lightgallery-item\" title=\"Soft 10\">\n\t\t\t<img decoding=\"async\" src=\"https:\/\/domartstyl.com\/wp-content\/uploads\/tkaniny\/sm\/Soft\/Soft-10.jpg\" loading=\"lazy\" alt=\"Soft 10\">\n\t\t<\/a>\n\t\t<span class=\"d-block p-3\">Soft 10<\/span>\n\t<\/div>\n\t<div class=\"col text-center\">\n\t\t<a href=\"https:\/\/domartstyl.com\/wp-content\/uploads\/tkaniny\/Soft\/Soft-10a.jpg\" class=\"lightgallery-item\" title=\"Soft 10a\">\n\t\t\t<img decoding=\"async\" src=\"https:\/\/domartstyl.com\/wp-content\/uploads\/tkaniny\/sm\/Soft\/Soft-10a.jpg\" loading=\"lazy\" alt=\"Soft 10a\">\n\t\t<\/a>\n\t\t<span class=\"d-block p-3\">Soft 10a<\/span>\n\t<\/div>\n\t<div class=\"col text-center\">\n\t\t<a href=\"https:\/\/domartstyl.com\/wp-content\/uploads\/tkaniny\/Soft\/Soft-11.jpg\" class=\"lightgallery-item\" title=\"Soft 11\">\n\t\t\t<img decoding=\"async\" src=\"https:\/\/domartstyl.com\/wp-content\/uploads\/tkaniny\/sm\/Soft\/Soft-11.jpg\" loading=\"lazy\" alt=\"Soft 11\">\n\t\t<\/a>\n\t\t<span class=\"d-block p-3\">Soft 11<\/span>\n\t<\/div>\n\t<div class=\"col text-center\">\n\t\t<a href=\"https:\/\/domartstyl.com\/wp-content\/uploads\/tkaniny\/Soft\/Soft-12.jpg\" class=\"lightgallery-item\" title=\"Soft 12\">\n\t\t\t<img decoding=\"async\" src=\"https:\/\/domartstyl.com\/wp-content\/uploads\/tkaniny\/sm\/Soft\/Soft-12.jpg\" loading=\"lazy\" alt=\"Soft 12\">\n\t\t<\/a>\n\t\t<span class=\"d-block p-3\">Soft 12<\/span>\n\t<\/div>\n\t<div class=\"col text-center\">\n\t\t<a href=\"https:\/\/domartstyl.com\/wp-content\/uploads\/tkaniny\/Soft\/Soft-13.jpg\" class=\"lightgallery-item\" title=\"Soft 13\">\n\t\t\t<img decoding=\"async\" src=\"https:\/\/domartstyl.com\/wp-content\/uploads\/tkaniny\/sm\/Soft\/Soft-13.jpg\" loading=\"lazy\" alt=\"Soft 13\">\n\t\t<\/a>\n\t\t<span class=\"d-block p-3\">Soft 13<\/span>\n\t<\/div>\n\t<div class=\"col text-center\">\n\t\t<a href=\"https:\/\/domartstyl.com\/wp-content\/uploads\/tkaniny\/Soft\/Soft-14.jpg\" class=\"lightgallery-item\" title=\"Soft 14\">\n\t\t\t<img decoding=\"async\" src=\"https:\/\/domartstyl.com\/wp-content\/uploads\/tkaniny\/sm\/Soft\/Soft-14.jpg\" loading=\"lazy\" alt=\"Soft 14\">\n\t\t<\/a>\n\t\t<span class=\"d-block p-3\">Soft 14<\/span>\n\t<\/div>\n\t<div class=\"col text-center\">\n\t\t<a href=\"https:\/\/domartstyl.com\/wp-content\/uploads\/tkaniny\/Soft\/Soft-15.jpg\" class=\"lightgallery-item\" title=\"Soft 15\">\n\t\t\t<img decoding=\"async\" src=\"https:\/\/domartstyl.com\/wp-content\/uploads\/tkaniny\/sm\/Soft\/Soft-15.jpg\" loading=\"lazy\" alt=\"Soft 15\">\n\t\t<\/a>\n\t\t<span class=\"d-block p-3\">Soft 15<\/span>\n\t<\/div>\n\t<div class=\"col text-center\">\n\t\t<a href=\"https:\/\/domartstyl.com\/wp-content\/uploads\/tkaniny\/Soft\/Soft-16.jpg\" class=\"lightgallery-item\" title=\"Soft 16\">\n\t\t\t<img decoding=\"async\" src=\"https:\/\/domartstyl.com\/wp-content\/uploads\/tkaniny\/sm\/Soft\/Soft-16.jpg\" loading=\"lazy\" alt=\"Soft 16\">\n\t\t<\/a>\n\t\t<span class=\"d-block p-3\">Soft 16<\/span>\n\t<\/div>\n\t<div class=\"col text-center\">\n\t\t<a href=\"https:\/\/domartstyl.com\/wp-content\/uploads\/tkaniny\/Soft\/Soft-17.jpg\" class=\"lightgallery-item\" title=\"Soft 17\">\n\t\t\t<img decoding=\"async\" src=\"https:\/\/domartstyl.com\/wp-content\/uploads\/tkaniny\/sm\/Soft\/Soft-17.jpg\" loading=\"lazy\" alt=\"Soft 17\">\n\t\t<\/a>\n\t\t<span class=\"d-block p-3\">Soft 17<\/span>\n\t<\/div>\n\t<div class=\"col text-center\">\n\t\t<a href=\"https:\/\/domartstyl.com\/wp-content\/uploads\/tkaniny\/Soft\/Soft-18.jpg\" class=\"lightgallery-item\" title=\"Soft 18\">\n\t\t\t<img decoding=\"async\" src=\"https:\/\/domartstyl.com\/wp-content\/uploads\/tkaniny\/sm\/Soft\/Soft-18.jpg\" loading=\"lazy\" alt=\"Soft 18\">\n\t\t<\/a>\n\t\t<span class=\"d-block p-3\">Soft 18<\/span>\n\t<\/div>\n\t<div class=\"col text-center\">\n\t\t<a href=\"https:\/\/domartstyl.com\/wp-content\/uploads\/tkaniny\/Soft\/Soft-19.jpg\" class=\"lightgallery-item\" title=\"Soft 19\">\n\t\t\t<img decoding=\"async\" src=\"https:\/\/domartstyl.com\/wp-content\/uploads\/tkaniny\/sm\/Soft\/Soft-19.jpg\" loading=\"lazy\" alt=\"Soft 19\">\n\t\t<\/a>\n\t\t<span class=\"d-block p-3\">Soft 19<\/span>\n\t<\/div>\n\t<div class=\"col text-center\">\n\t\t<a href=\"https:\/\/domartstyl.com\/wp-content\/uploads\/tkaniny\/Soft\/Soft-20.jpg\" class=\"lightgallery-item\" title=\"Soft 20\">\n\t\t\t<img decoding=\"async\" src=\"https:\/\/domartstyl.com\/wp-content\/uploads\/tkaniny\/sm\/Soft\/Soft-20.jpg\" loading=\"lazy\" alt=\"Soft 20\">\n\t\t<\/a>\n\t\t<span class=\"d-block p-3\">Soft 20<\/span>\n\t<\/div>\n\t<div class=\"col text-center\">\n\t\t<a href=\"https:\/\/domartstyl.com\/wp-content\/uploads\/tkaniny\/Soft\/Soft-22.jpg\" class=\"lightgallery-item\" title=\"Soft 22\">\n\t\t\t<img decoding=\"async\" src=\"https:\/\/domartstyl.com\/wp-content\/uploads\/tkaniny\/sm\/Soft\/Soft-22.jpg\" loading=\"lazy\" alt=\"Soft 22\">\n\t\t<\/a>\n\t\t<span class=\"d-block p-3\">Soft 22<\/span>\n\t<\/div>\n\t<div class=\"col text-center\">\n\t\t<a href=\"https:\/\/domartstyl.com\/wp-content\/uploads\/tkaniny\/Soft\/Soft-23.jpg\" class=\"lightgallery-item\" title=\"Soft 23\">\n\t\t\t<img decoding=\"async\" src=\"https:\/\/domartstyl.com\/wp-content\/uploads\/tkaniny\/sm\/Soft\/Soft-23.jpg\" loading=\"lazy\" alt=\"Soft 23\">\n\t\t<\/a>\n\t\t<span class=\"d-block p-3\">Soft 23<\/span>\n\t<\/div>\n\t<div class=\"col text-center\">\n\t\t<a href=\"https:\/\/domartstyl.com\/wp-content\/uploads\/tkaniny\/Soft\/Soft-24.jpg\" class=\"lightgallery-item\" title=\"Soft 24\">\n\t\t\t<img decoding=\"async\" src=\"https:\/\/domartstyl.com\/wp-content\/uploads\/tkaniny\/sm\/Soft\/Soft-24.jpg\" loading=\"lazy\" alt=\"Soft 24\">\n\t\t<\/a>\n\t\t<span class=\"d-block p-3\">Soft 24<\/span>\n\t<\/div>\n\t<div class=\"col text-center\">\n\t\t<a href=\"https:\/\/domartstyl.com\/wp-content\/uploads\/tkaniny\/Soft\/Soft-28.jpg\" class=\"lightgallery-item\" title=\"Soft 28\">\n\t\t\t<img decoding=\"async\" src=\"https:\/\/domartstyl.com\/wp-content\/uploads\/tkaniny\/sm\/Soft\/Soft-28.jpg\" loading=\"lazy\" alt=\"Soft 28\">\n\t\t<\/a>\n\t\t<span class=\"d-block p-3\">Soft 28<\/span>\n\t<\/div>\n\t<div class=\"col text-center\">\n\t\t<a href=\"https:\/\/domartstyl.com\/wp-content\/uploads\/tkaniny\/Soft\/Soft-29.jpg\" class=\"lightgallery-item\" title=\"Soft 29\">\n\t\t\t<img decoding=\"async\" src=\"https:\/\/domartstyl.com\/wp-content\/uploads\/tkaniny\/sm\/Soft\/Soft-29.jpg\" loading=\"lazy\" alt=\"Soft 29\">\n\t\t<\/a>\n\t\t<span class=\"d-block p-3\">Soft 29<\/span>\n\t<\/div>\n\t<div class=\"col text-center\">\n\t\t<a href=\"https:\/\/domartstyl.com\/wp-content\/uploads\/tkaniny\/Soft\/Soft-30.jpg\" class=\"lightgallery-item\" title=\"Soft 30\">\n\t\t\t<img decoding=\"async\" src=\"https:\/\/domartstyl.com\/wp-content\/uploads\/tkaniny\/sm\/Soft\/Soft-30.jpg\" loading=\"lazy\" alt=\"Soft 30\">\n\t\t<\/a>\n\t\t<span class=\"d-block p-3\">Soft 30<\/span>\n\t<\/div>\n\t<div class=\"col text-center\">\n\t\t<a href=\"https:\/\/domartstyl.com\/wp-content\/uploads\/tkaniny\/Soft\/Soft-31.jpg\" class=\"lightgallery-item\" title=\"Soft 31\">\n\t\t\t<img decoding=\"async\" src=\"https:\/\/domartstyl.com\/wp-content\/uploads\/tkaniny\/sm\/Soft\/Soft-31.jpg\" loading=\"lazy\" alt=\"Soft 31\">\n\t\t<\/a>\n\t\t<span class=\"d-block p-3\">Soft 31<\/span>\n\t<\/div>\n\t<div class=\"col text-center\">\n\t\t<a href=\"https:\/\/domartstyl.com\/wp-content\/uploads\/tkaniny\/Soft\/Soft-32.jpg\" class=\"lightgallery-item\" title=\"Soft 32\">\n\t\t\t<img decoding=\"async\" src=\"https:\/\/domartstyl.com\/wp-content\/uploads\/tkaniny\/sm\/Soft\/Soft-32.jpg\" loading=\"lazy\" alt=\"Soft 32\">\n\t\t<\/a>\n\t\t<span class=\"d-block p-3\">Soft 32<\/span>\n\t<\/div>\n\t<div class=\"col text-center\">\n\t\t<a href=\"https:\/\/domartstyl.com\/wp-content\/uploads\/tkaniny\/Soft\/Soft-33.jpg\" class=\"lightgallery-item\" title=\"Soft 33\">\n\t\t\t<img decoding=\"async\" src=\"https:\/\/domartstyl.com\/wp-content\/uploads\/tkaniny\/sm\/Soft\/Soft-33.jpg\" loading=\"lazy\" alt=\"Soft 33\">\n\t\t<\/a>\n\t\t<span class=\"d-block p-3\">Soft 33<\/span>\n\t<\/div>\n\t<div class=\"col text-center\">\n\t\t<a href=\"https:\/\/domartstyl.com\/wp-content\/uploads\/tkaniny\/Soft\/Soft-34.jpg\" class=\"lightgallery-item\" title=\"Soft 34\">\n\t\t\t<img decoding=\"async\" src=\"https:\/\/domartstyl.com\/wp-content\/uploads\/tkaniny\/sm\/Soft\/Soft-34.jpg\" loading=\"lazy\" alt=\"Soft 34\">\n\t\t<\/a>\n\t\t<span class=\"d-block p-3\">Soft 34<\/span>\n\t<\/div>\n\t<div class=\"col text-center\">\n\t\t<a href=\"https:\/\/domartstyl.com\/wp-content\/uploads\/tkaniny\/Soft\/Soft-35.jpg\" class=\"lightgallery-item\" title=\"Soft 35\">\n\t\t\t<img decoding=\"async\" src=\"https:\/\/domartstyl.com\/wp-content\/uploads\/tkaniny\/sm\/Soft\/Soft-35.jpg\" loading=\"lazy\" alt=\"Soft 35\">\n\t\t<\/a>\n\t\t<span class=\"d-block p-3\">Soft 35<\/span>\n\t<\/div>\n\t<div class=\"col text-center\">\n\t\t<a href=\"https:\/\/domartstyl.com\/wp-content\/uploads\/tkaniny\/Soft\/Soft-66.jpg\" class=\"lightgallery-item\" title=\"Soft 66\">\n\t\t\t<img decoding=\"async\" src=\"https:\/\/domartstyl.com\/wp-content\/uploads\/tkaniny\/sm\/Soft\/Soft-66.jpg\" loading=\"lazy\" alt=\"Soft 66\">\n\t\t<\/a>\n\t\t<span class=\"d-block p-3\">Soft 66<\/span>\n\t<\/div>\n<\/div>","protected":false},"excerpt":{"rendered":"<p>Technical Specifications Soft 1 Soft 2 Soft 3 Soft 4 Soft 5 Soft 6 Soft 7 Soft 8 Soft 9 [&hellip;]<\/p>\n","protected":false},"author":41,"featured_media":0,"parent":3883,"menu_order":0,"comment_status":"closed","ping_status":"closed","template":"page-gallery.php","meta":{"footnotes":""},"class_list":["post-5593","page","type-page","status-publish","hentry"],"yoast_head":"<!-- This site is optimized with the Yoast SEO Premium plugin v25.0 (Yoast SEO v25.0) - https:\/\/yoast.com\/wordpress\/plugins\/seo\/ -->\n<title>Soft (Lech) - DomArtStyl<\/title>\n<meta name=\"robots\" content=\"index, follow, max-snippet:-1, max-image-preview:large, max-video-preview:-1\" \/>\n<link rel=\"canonical\" href=\"https:\/\/domartstyl.com\/en\/fabrics\/soft\/\" \/>\n<meta property=\"og:locale\" content=\"en_US\" \/>\n<meta property=\"og:type\" content=\"article\" \/>\n<meta property=\"og:title\" content=\"Soft (Lech)\" \/>\n<meta property=\"og:description\" content=\"Technical Specifications Soft 1 Soft 2 Soft 3 Soft 4 Soft 5 Soft 6 Soft 7 Soft 8 Soft 9 [&hellip;]\" \/>\n<meta property=\"og:url\" content=\"https:\/\/domartstyl.com\/en\/fabrics\/soft\/\" \/>\n<meta property=\"og:site_name\" content=\"DomArtStyl\" \/>\n<meta property=\"article:publisher\" content=\"https:\/\/www.facebook.com\/DomArtStyl\/\" \/>\n<meta property=\"article:modified_time\" content=\"2024-02-26T08:17:13+00:00\" \/>\n<meta property=\"og:image\" content=\"https:\/\/domartstyl.com\/wp-content\/uploads\/tkaniny\/sm\/Soft\/Soft-1.jpg\" \/>\n<meta name=\"twitter:card\" content=\"summary_large_image\" \/>\n<meta name=\"twitter:site\" content=\"@DomArtStyl_pl\" \/>\n<meta name=\"twitter:label1\" content=\"Est. reading time\" \/>\n\t<meta name=\"twitter:data1\" content=\"8 minutes\" \/>\n<script type=\"application\/ld+json\" class=\"yoast-schema-graph\">{\"@context\":\"https:\/\/schema.org\",\"@graph\":[{\"@type\":\"WebPage\",\"@id\":\"https:\/\/domartstyl.com\/en\/fabrics\/soft\/\",\"url\":\"https:\/\/domartstyl.com\/en\/fabrics\/soft\/\",\"name\":\"Soft (Lech) - DomArtStyl\",\"isPartOf\":{\"@id\":\"https:\/\/domartstyl.com\/en\/#website\"},\"primaryImageOfPage\":{\"@id\":\"https:\/\/domartstyl.com\/en\/fabrics\/soft\/#primaryimage\"},\"image\":{\"@id\":\"https:\/\/domartstyl.com\/en\/fabrics\/soft\/#primaryimage\"},\"thumbnailUrl\":\"https:\/\/domartstyl.com\/wp-content\/uploads\/tkaniny\/sm\/Soft\/Soft-1.jpg\",\"datePublished\":\"2018-04-16T07:26:08+00:00\",\"dateModified\":\"2024-02-26T08:17:13+00:00\",\"breadcrumb\":{\"@id\":\"https:\/\/domartstyl.com\/en\/fabrics\/soft\/#breadcrumb\"},\"inLanguage\":\"en-US\",\"potentialAction\":[{\"@type\":\"ReadAction\",\"target\":[\"https:\/\/domartstyl.com\/en\/fabrics\/soft\/\"]}]},{\"@type\":\"ImageObject\",\"inLanguage\":\"en-US\",\"@id\":\"https:\/\/domartstyl.com\/en\/fabrics\/soft\/#primaryimage\",\"url\":\"https:\/\/domartstyl.com\/wp-content\/uploads\/tkaniny\/sm\/Soft\/Soft-1.jpg\",\"contentUrl\":\"https:\/\/domartstyl.com\/wp-content\/uploads\/tkaniny\/sm\/Soft\/Soft-1.jpg\"},{\"@type\":\"BreadcrumbList\",\"@id\":\"https:\/\/domartstyl.com\/en\/fabrics\/soft\/#breadcrumb\",\"itemListElement\":[{\"@type\":\"ListItem\",\"position\":1,\"name\":\"Strona g\u0142\u00f3wna\",\"item\":\"https:\/\/domartstyl.com\/en\/\"},{\"@type\":\"ListItem\",\"position\":2,\"name\":\"Fabrics\",\"item\":\"https:\/\/domartstyl.com\/en\/fabrics\/\"},{\"@type\":\"ListItem\",\"position\":3,\"name\":\"Soft (Lech)\"}]},{\"@type\":\"WebSite\",\"@id\":\"https:\/\/domartstyl.com\/en\/#website\",\"url\":\"https:\/\/domartstyl.com\/en\/\",\"name\":\"DomArtStyl\",\"description\":\"Tworzymy meble najwy\u017cszej jako\u015bci. Sprzeda\u017c detaliczna \u00b7 Sprzeda\u017c hurtowa\",\"publisher\":{\"@id\":\"https:\/\/domartstyl.com\/en\/#organization\"},\"potentialAction\":[{\"@type\":\"SearchAction\",\"target\":{\"@type\":\"EntryPoint\",\"urlTemplate\":\"https:\/\/domartstyl.com\/en\/?s={search_term_string}\"},\"query-input\":{\"@type\":\"PropertyValueSpecification\",\"valueRequired\":true,\"valueName\":\"search_term_string\"}}],\"inLanguage\":\"en-US\"},{\"@type\":\"Organization\",\"@id\":\"https:\/\/domartstyl.com\/en\/#organization\",\"name\":\"DomArtStyl\",\"url\":\"https:\/\/domartstyl.com\/en\/\",\"logo\":{\"@type\":\"ImageObject\",\"inLanguage\":\"en-US\",\"@id\":\"https:\/\/domartstyl.com\/en\/#\/schema\/logo\/image\/\",\"url\":\"https:\/\/domartstyl.com\/wp-content\/uploads\/2018\/04\/Logo_300_width.png\",\"contentUrl\":\"https:\/\/domartstyl.com\/wp-content\/uploads\/2018\/04\/Logo_300_width.png\",\"width\":300,\"height\":140,\"caption\":\"DomArtStyl\"},\"image\":{\"@id\":\"https:\/\/domartstyl.com\/en\/#\/schema\/logo\/image\/\"},\"sameAs\":[\"https:\/\/www.facebook.com\/DomArtStyl\/\",\"https:\/\/x.com\/DomArtStyl_pl\",\"https:\/\/www.instagram.com\/domartstyl\/?hl=en\",\"https:\/\/pl.pinterest.com\/domartstyl01\/\",\"https:\/\/www.youtube.com\/channel\/UCkISSgvMomI6yFFL3JDbLhw\"]}]}<\/script>\n<!-- \/ Yoast SEO Premium plugin. -->","yoast_head_json":{"title":"Soft (Lech) - DomArtStyl","robots":{"index":"index","follow":"follow","max-snippet":"max-snippet:-1","max-image-preview":"max-image-preview:large","max-video-preview":"max-video-preview:-1"},"canonical":"https:\/\/domartstyl.com\/en\/fabrics\/soft\/","og_locale":"en_US","og_type":"article","og_title":"Soft (Lech)","og_description":"Technical Specifications Soft 1 Soft 2 Soft 3 Soft 4 Soft 5 Soft 6 Soft 7 Soft 8 Soft 9 [&hellip;]","og_url":"https:\/\/domartstyl.com\/en\/fabrics\/soft\/","og_site_name":"DomArtStyl","article_publisher":"https:\/\/www.facebook.com\/DomArtStyl\/","article_modified_time":"2024-02-26T08:17:13+00:00","og_image":[{"url":"https:\/\/domartstyl.com\/wp-content\/uploads\/tkaniny\/sm\/Soft\/Soft-1.jpg","type":"","width":"","height":""}],"twitter_card":"summary_large_image","twitter_site":"@DomArtStyl_pl","twitter_misc":{"Est. reading time":"8 minutes"},"schema":{"@context":"https:\/\/schema.org","@graph":[{"@type":"WebPage","@id":"https:\/\/domartstyl.com\/en\/fabrics\/soft\/","url":"https:\/\/domartstyl.com\/en\/fabrics\/soft\/","name":"Soft (Lech) - DomArtStyl","isPartOf":{"@id":"https:\/\/domartstyl.com\/en\/#website"},"primaryImageOfPage":{"@id":"https:\/\/domartstyl.com\/en\/fabrics\/soft\/#primaryimage"},"image":{"@id":"https:\/\/domartstyl.com\/en\/fabrics\/soft\/#primaryimage"},"thumbnailUrl":"https:\/\/domartstyl.com\/wp-content\/uploads\/tkaniny\/sm\/Soft\/Soft-1.jpg","datePublished":"2018-04-16T07:26:08+00:00","dateModified":"2024-02-26T08:17:13+00:00","breadcrumb":{"@id":"https:\/\/domartstyl.com\/en\/fabrics\/soft\/#breadcrumb"},"inLanguage":"en-US","potentialAction":[{"@type":"ReadAction","target":["https:\/\/domartstyl.com\/en\/fabrics\/soft\/"]}]},{"@type":"ImageObject","inLanguage":"en-US","@id":"https:\/\/domartstyl.com\/en\/fabrics\/soft\/#primaryimage","url":"https:\/\/domartstyl.com\/wp-content\/uploads\/tkaniny\/sm\/Soft\/Soft-1.jpg","contentUrl":"https:\/\/domartstyl.com\/wp-content\/uploads\/tkaniny\/sm\/Soft\/Soft-1.jpg"},{"@type":"BreadcrumbList","@id":"https:\/\/domartstyl.com\/en\/fabrics\/soft\/#breadcrumb","itemListElement":[{"@type":"ListItem","position":1,"name":"Strona g\u0142\u00f3wna","item":"https:\/\/domartstyl.com\/en\/"},{"@type":"ListItem","position":2,"name":"Fabrics","item":"https:\/\/domartstyl.com\/en\/fabrics\/"},{"@type":"ListItem","position":3,"name":"Soft (Lech)"}]},{"@type":"WebSite","@id":"https:\/\/domartstyl.com\/en\/#website","url":"https:\/\/domartstyl.com\/en\/","name":"DomArtStyl","description":"Tworzymy meble najwy\u017cszej jako\u015bci. Sprzeda\u017c detaliczna \u00b7 Sprzeda\u017c hurtowa","publisher":{"@id":"https:\/\/domartstyl.com\/en\/#organization"},"potentialAction":[{"@type":"SearchAction","target":{"@type":"EntryPoint","urlTemplate":"https:\/\/domartstyl.com\/en\/?s={search_term_string}"},"query-input":{"@type":"PropertyValueSpecification","valueRequired":true,"valueName":"search_term_string"}}],"inLanguage":"en-US"},{"@type":"Organization","@id":"https:\/\/domartstyl.com\/en\/#organization","name":"DomArtStyl","url":"https:\/\/domartstyl.com\/en\/","logo":{"@type":"ImageObject","inLanguage":"en-US","@id":"https:\/\/domartstyl.com\/en\/#\/schema\/logo\/image\/","url":"https:\/\/domartstyl.com\/wp-content\/uploads\/2018\/04\/Logo_300_width.png","contentUrl":"https:\/\/domartstyl.com\/wp-content\/uploads\/2018\/04\/Logo_300_width.png","width":300,"height":140,"caption":"DomArtStyl"},"image":{"@id":"https:\/\/domartstyl.com\/en\/#\/schema\/logo\/image\/"},"sameAs":["https:\/\/www.facebook.com\/DomArtStyl\/","https:\/\/x.com\/DomArtStyl_pl","https:\/\/www.instagram.com\/domartstyl\/?hl=en","https:\/\/pl.pinterest.com\/domartstyl01\/","https:\/\/www.youtube.com\/channel\/UCkISSgvMomI6yFFL3JDbLhw"]}]}},"_links":{"self":[{"href":"https:\/\/domartstyl.com\/en\/wp-json\/wp\/v2\/pages\/5593","targetHints":{"allow":["GET"]}}],"collection":[{"href":"https:\/\/domartstyl.com\/en\/wp-json\/wp\/v2\/pages"}],"about":[{"href":"https:\/\/domartstyl.com\/en\/wp-json\/wp\/v2\/types\/page"}],"author":[{"embeddable":true,"href":"https:\/\/domartstyl.com\/en\/wp-json\/wp\/v2\/users\/41"}],"replies":[{"embeddable":true,"href":"https:\/\/domartstyl.com\/en\/wp-json\/wp\/v2\/comments?post=5593"}],"version-history":[{"count":0,"href":"https:\/\/domartstyl.com\/en\/wp-json\/wp\/v2\/pages\/5593\/revisions"}],"up":[{"embeddable":true,"href":"https:\/\/domartstyl.com\/en\/wp-json\/wp\/v2\/pages\/3883"}],"wp:attachment":[{"href":"https:\/\/domartstyl.com\/en\/wp-json\/wp\/v2\/media?parent=5593"}],"curies":[{"name":"wp","href":"https:\/\/api.w.org\/{rel}","templated":true}]}}