{"id":5591,"date":"2018-04-16T08:40:04","date_gmt":"2018-04-16T07:40:04","guid":{"rendered":"http:\/\/domartstyl.com\/fabrics\/inari\/"},"modified":"2023-06-23T11:03:38","modified_gmt":"2023-06-23T10:03:38","slug":"inari","status":"publish","type":"page","link":"https:\/\/domartstyl.com\/en\/fabrics\/inari\/","title":{"rendered":"Inari (Davis)"},"content":{"rendered":"<div class=\"text-center mb-3\">\n\t<a href=\"\/wp-content\/uploads\/tkaniny\/specyfikacja\/inari.pdf\" class=\"btn btn-primary\" target=\"_blank\" title=\"View Technical Specifications\" rel=\"noopener\">Technical Specifications<\/a>\n<\/div>\n<div class=\"row row-cols-2 row-cols-sm-3 row-cols-md-4 row-cols-lg-6 g-4 mt-0 mb-5\" id=\"lightgallery\">\n\t<div class=\"col text-center\">\n\t\t<a href=\"\/wp-content\/uploads\/tkaniny\/Inari\/Inari-22.jpg\" class=\"lightgallery-item\" title=\"Inari 22\">\n\t\t\t<img decoding=\"async\" src=\"\/wp-content\/uploads\/tkaniny\/sm\/Inari\/Inari-22.jpg\" loading=\"lazy\" width=\"150\" height=\"150\"\n\t\t\t\talt=\"Inari 22\">\n\t\t<\/a>\n\t\t<span class=\"d-block p-3\">Inari 22<\/span>\n\t<\/div>\n\t<div class=\"col text-center\">\n\t\t<a href=\"\/wp-content\/uploads\/tkaniny\/Inari\/Inari-23.jpg\" class=\"lightgallery-item\" title=\"Inari 23\">\n\t\t\t<img decoding=\"async\" src=\"\/wp-content\/uploads\/tkaniny\/sm\/Inari\/Inari-23.jpg\" loading=\"lazy\" width=\"150\" height=\"150\"\n\t\t\t\talt=\"Inari 23\">\n\t\t<\/a>\n\t\t<span class=\"d-block p-3\">Inari 23<\/span>\n\t<\/div>\n\t<div class=\"col text-center\">\n\t\t<a href=\"\/wp-content\/uploads\/tkaniny\/Inari\/Inari-24.jpg\" class=\"lightgallery-item\" title=\"Inari 24\">\n\t\t\t<img decoding=\"async\" src=\"\/wp-content\/uploads\/tkaniny\/sm\/Inari\/Inari-24.jpg\" loading=\"lazy\" width=\"150\" height=\"150\"\n\t\t\t\talt=\"Inari 24\">\n\t\t<\/a>\n\t\t<span class=\"d-block p-3\">Inari 24<\/span>\n\t<\/div>\n\t<div class=\"col text-center\">\n\t\t<a href=\"\/wp-content\/uploads\/tkaniny\/Inari\/Inari-26.jpg\" class=\"lightgallery-item\" title=\"Inari 26\">\n\t\t\t<img decoding=\"async\" src=\"\/wp-content\/uploads\/tkaniny\/sm\/Inari\/Inari-26.jpg\" loading=\"lazy\" width=\"150\" height=\"150\"\n\t\t\t\talt=\"Inari 26\">\n\t\t<\/a>\n\t\t<span class=\"d-block p-3\">Inari 26<\/span>\n\t<\/div>\n\t<div class=\"col text-center\">\n\t\t<a href=\"\/wp-content\/uploads\/tkaniny\/Inari\/Inari-27.jpg\" class=\"lightgallery-item\" title=\"Inari 27\">\n\t\t\t<img decoding=\"async\" src=\"\/wp-content\/uploads\/tkaniny\/sm\/Inari\/Inari-27.jpg\" loading=\"lazy\" width=\"150\" height=\"150\"\n\t\t\t\talt=\"Inari 27\">\n\t\t<\/a>\n\t\t<span class=\"d-block p-3\">Inari 27<\/span>\n\t<\/div>\n\t<div class=\"col text-center\">\n\t\t<a href=\"\/wp-content\/uploads\/tkaniny\/Inari\/Inari-34.jpg\" class=\"lightgallery-item\" title=\"Inari 34\">\n\t\t\t<img decoding=\"async\" src=\"\/wp-content\/uploads\/tkaniny\/sm\/Inari\/Inari-34.jpg\" loading=\"lazy\" width=\"150\" height=\"150\"\n\t\t\t\talt=\"Inari 34\">\n\t\t<\/a>\n\t\t<span class=\"d-block p-3\">Inari 34<\/span>\n\t<\/div>\n\t<div class=\"col text-center\">\n\t\t<a href=\"\/wp-content\/uploads\/tkaniny\/Inari\/Inari-72.jpg\" class=\"lightgallery-item\" title=\"Inari 72\">\n\t\t\t<img decoding=\"async\" src=\"\/wp-content\/uploads\/tkaniny\/sm\/Inari\/Inari-72.jpg\" loading=\"lazy\" width=\"150\" height=\"150\"\n\t\t\t\talt=\"Inari 72\">\n\t\t<\/a>\n\t\t<span class=\"d-block p-3\">Inari 72<\/span>\n\t<\/div>\n\t<div class=\"col text-center\">\n\t\t<a href=\"\/wp-content\/uploads\/tkaniny\/Inari\/Inari-80.jpg\" class=\"lightgallery-item\" title=\"Inari 80\">\n\t\t\t<img decoding=\"async\" src=\"\/wp-content\/uploads\/tkaniny\/sm\/Inari\/Inari-80.jpg\" loading=\"lazy\" width=\"150\" height=\"150\"\n\t\t\t\talt=\"Inari 80\">\n\t\t<\/a>\n\t\t<span class=\"d-block p-3\">Inari 80<\/span>\n\t<\/div>\n\t<div class=\"col text-center\">\n\t\t<a href=\"\/wp-content\/uploads\/tkaniny\/Inari\/Inari-81.jpg\" class=\"lightgallery-item\" title=\"Inari 81\">\n\t\t\t<img decoding=\"async\" src=\"\/wp-content\/uploads\/tkaniny\/sm\/Inari\/Inari-81.jpg\" loading=\"lazy\" width=\"150\" height=\"150\"\n\t\t\t\talt=\"Inari 81\">\n\t\t<\/a>\n\t\t<span class=\"d-block p-3\">Inari 81<\/span>\n\t<\/div>\n\t<div class=\"col text-center\">\n\t\t<a href=\"\/wp-content\/uploads\/tkaniny\/Inari\/Inari-87.jpg\" class=\"lightgallery-item\" title=\"Inari 87\">\n\t\t\t<img decoding=\"async\" src=\"\/wp-content\/uploads\/tkaniny\/sm\/Inari\/Inari-87.jpg\" loading=\"lazy\" width=\"150\" height=\"150\"\n\t\t\t\talt=\"Inari 87\">\n\t\t<\/a>\n\t\t<span class=\"d-block p-3\">Inari 87<\/span>\n\t<\/div>\n\t<div class=\"col text-center\">\n\t\t<a href=\"\/wp-content\/uploads\/tkaniny\/Inari\/Inari-90.jpg\" class=\"lightgallery-item\" title=\"Inari 90\">\n\t\t\t<img decoding=\"async\" src=\"\/wp-content\/uploads\/tkaniny\/sm\/Inari\/Inari-90.jpg\" loading=\"lazy\" width=\"150\" height=\"150\"\n\t\t\t\talt=\"Inari 90\">\n\t\t<\/a>\n\t\t<span class=\"d-block p-3\">Inari 90<\/span>\n\t<\/div>\n\t<div class=\"col text-center\">\n\t\t<a href=\"\/wp-content\/uploads\/tkaniny\/Inari\/Inari-91.jpg\" class=\"lightgallery-item\" title=\"Inari 91\">\n\t\t\t<img decoding=\"async\" src=\"\/wp-content\/uploads\/tkaniny\/sm\/Inari\/Inari-91.jpg\" loading=\"lazy\" width=\"150\" height=\"150\"\n\t\t\t\talt=\"Inari 91\">\n\t\t<\/a>\n\t\t<span class=\"d-block p-3\">Inari 91<\/span>\n\t<\/div>\n\t<div class=\"col text-center\">\n\t\t<a href=\"\/wp-content\/uploads\/tkaniny\/Inari\/Inari-94.jpg\" class=\"lightgallery-item\" title=\"Inari 94\">\n\t\t\t<img decoding=\"async\" src=\"\/wp-content\/uploads\/tkaniny\/sm\/Inari\/Inari-94.jpg\" loading=\"lazy\" width=\"150\" height=\"150\"\n\t\t\t\talt=\"Inari 94\">\n\t\t<\/a>\n\t\t<span class=\"d-block p-3\">Inari 94<\/span>\n\t<\/div>\n\t<div class=\"col text-center\">\n\t\t<a href=\"\/wp-content\/uploads\/tkaniny\/Inari\/Inari-95.jpg\" class=\"lightgallery-item\" title=\"Inari 95\">\n\t\t\t<img decoding=\"async\" src=\"\/wp-content\/uploads\/tkaniny\/sm\/Inari\/Inari-95.jpg\" loading=\"lazy\" width=\"150\" height=\"150\"\n\t\t\t\talt=\"Inari 95\">\n\t\t<\/a>\n\t\t<span class=\"d-block p-3\">Inari 95<\/span>\n\t<\/div>\n\t<div class=\"col text-center\">\n\t\t<a href=\"\/wp-content\/uploads\/tkaniny\/Inari\/Inari-96.jpg\" class=\"lightgallery-item\" title=\"Inari 96\">\n\t\t\t<img decoding=\"async\" src=\"\/wp-content\/uploads\/tkaniny\/sm\/Inari\/Inari-96.jpg\" loading=\"lazy\" width=\"150\" height=\"150\"\n\t\t\t\talt=\"Inari 96\">\n\t\t<\/a>\n\t\t<span class=\"d-block p-3\">Inari 96<\/span>\n\t<\/div>\n\t<div class=\"col text-center\">\n\t\t<a href=\"\/wp-content\/uploads\/tkaniny\/Inari\/Inari-100.jpg\" class=\"lightgallery-item\" title=\"Inari 100\">\n\t\t\t<img decoding=\"async\" src=\"\/wp-content\/uploads\/tkaniny\/sm\/Inari\/Inari-100.jpg\" loading=\"lazy\" width=\"150\" height=\"150\"\n\t\t\t\talt=\"Inari 100\">\n\t\t<\/a>\n\t\t<span class=\"d-block p-3\">Inari 100<\/span>\n\t<\/div>\n<\/div>","protected":false},"excerpt":{"rendered":"<p>Technical Specifications Inari 22 Inari 23 Inari 24 Inari 26 Inari 27 Inari 34 Inari 72 Inari 80 Inari 81 [&hellip;]<\/p>\n","protected":false},"author":41,"featured_media":0,"parent":3883,"menu_order":0,"comment_status":"closed","ping_status":"closed","template":"page-gallery.php","meta":{"footnotes":""},"class_list":["post-5591","page","type-page","status-publish","hentry"],"yoast_head":"<!-- This site is optimized with the Yoast SEO Premium plugin v25.0 (Yoast SEO v25.0) - https:\/\/yoast.com\/wordpress\/plugins\/seo\/ -->\n<title>Inari (Davis) - DomArtStyl<\/title>\n<meta name=\"robots\" content=\"index, follow, max-snippet:-1, max-image-preview:large, max-video-preview:-1\" \/>\n<link rel=\"canonical\" href=\"https:\/\/domartstyl.com\/en\/fabrics\/inari\/\" \/>\n<meta property=\"og:locale\" content=\"en_US\" \/>\n<meta property=\"og:type\" content=\"article\" \/>\n<meta property=\"og:title\" content=\"Inari (Davis)\" \/>\n<meta property=\"og:description\" content=\"Technical Specifications Inari 22 Inari 23 Inari 24 Inari 26 Inari 27 Inari 34 Inari 72 Inari 80 Inari 81 [&hellip;]\" \/>\n<meta property=\"og:url\" content=\"https:\/\/domartstyl.com\/en\/fabrics\/inari\/\" \/>\n<meta property=\"og:site_name\" content=\"DomArtStyl\" \/>\n<meta property=\"article:publisher\" content=\"https:\/\/www.facebook.com\/DomArtStyl\/\" \/>\n<meta property=\"article:modified_time\" content=\"2023-06-23T10:03:38+00:00\" \/>\n<meta property=\"og:image\" content=\"https:\/\/domartstyl.com\/wp-content\/uploads\/2021\/06\/logo_meta_og.jpg\" \/>\n\t<meta property=\"og:image:width\" content=\"800\" \/>\n\t<meta property=\"og:image:height\" content=\"800\" \/>\n\t<meta property=\"og:image:type\" content=\"image\/jpeg\" \/>\n<meta name=\"twitter:card\" content=\"summary_large_image\" \/>\n<meta name=\"twitter:site\" content=\"@DomArtStyl_pl\" \/>\n<meta name=\"twitter:label1\" content=\"Est. reading time\" \/>\n\t<meta name=\"twitter:data1\" content=\"4 minutes\" \/>\n<script type=\"application\/ld+json\" class=\"yoast-schema-graph\">{\"@context\":\"https:\/\/schema.org\",\"@graph\":[{\"@type\":\"WebPage\",\"@id\":\"https:\/\/domartstyl.com\/en\/fabrics\/inari\/\",\"url\":\"https:\/\/domartstyl.com\/en\/fabrics\/inari\/\",\"name\":\"Inari (Davis) - DomArtStyl\",\"isPartOf\":{\"@id\":\"https:\/\/domartstyl.com\/en\/#website\"},\"datePublished\":\"2018-04-16T07:40:04+00:00\",\"dateModified\":\"2023-06-23T10:03:38+00:00\",\"breadcrumb\":{\"@id\":\"https:\/\/domartstyl.com\/en\/fabrics\/inari\/#breadcrumb\"},\"inLanguage\":\"en-US\",\"potentialAction\":[{\"@type\":\"ReadAction\",\"target\":[\"https:\/\/domartstyl.com\/en\/fabrics\/inari\/\"]}]},{\"@type\":\"BreadcrumbList\",\"@id\":\"https:\/\/domartstyl.com\/en\/fabrics\/inari\/#breadcrumb\",\"itemListElement\":[{\"@type\":\"ListItem\",\"position\":1,\"name\":\"Strona g\u0142\u00f3wna\",\"item\":\"https:\/\/domartstyl.com\/en\/\"},{\"@type\":\"ListItem\",\"position\":2,\"name\":\"Fabrics\",\"item\":\"https:\/\/domartstyl.com\/en\/fabrics\/\"},{\"@type\":\"ListItem\",\"position\":3,\"name\":\"Inari (Davis)\"}]},{\"@type\":\"WebSite\",\"@id\":\"https:\/\/domartstyl.com\/en\/#website\",\"url\":\"https:\/\/domartstyl.com\/en\/\",\"name\":\"DomArtStyl\",\"description\":\"Tworzymy meble najwy\u017cszej jako\u015bci. Sprzeda\u017c detaliczna \u00b7 Sprzeda\u017c hurtowa\",\"publisher\":{\"@id\":\"https:\/\/domartstyl.com\/en\/#organization\"},\"potentialAction\":[{\"@type\":\"SearchAction\",\"target\":{\"@type\":\"EntryPoint\",\"urlTemplate\":\"https:\/\/domartstyl.com\/en\/?s={search_term_string}\"},\"query-input\":{\"@type\":\"PropertyValueSpecification\",\"valueRequired\":true,\"valueName\":\"search_term_string\"}}],\"inLanguage\":\"en-US\"},{\"@type\":\"Organization\",\"@id\":\"https:\/\/domartstyl.com\/en\/#organization\",\"name\":\"DomArtStyl\",\"url\":\"https:\/\/domartstyl.com\/en\/\",\"logo\":{\"@type\":\"ImageObject\",\"inLanguage\":\"en-US\",\"@id\":\"https:\/\/domartstyl.com\/en\/#\/schema\/logo\/image\/\",\"url\":\"https:\/\/domartstyl.com\/wp-content\/uploads\/2018\/04\/Logo_300_width.png\",\"contentUrl\":\"https:\/\/domartstyl.com\/wp-content\/uploads\/2018\/04\/Logo_300_width.png\",\"width\":300,\"height\":140,\"caption\":\"DomArtStyl\"},\"image\":{\"@id\":\"https:\/\/domartstyl.com\/en\/#\/schema\/logo\/image\/\"},\"sameAs\":[\"https:\/\/www.facebook.com\/DomArtStyl\/\",\"https:\/\/x.com\/DomArtStyl_pl\",\"https:\/\/www.instagram.com\/domartstyl\/?hl=en\",\"https:\/\/pl.pinterest.com\/domartstyl01\/\",\"https:\/\/www.youtube.com\/channel\/UCkISSgvMomI6yFFL3JDbLhw\"]}]}<\/script>\n<!-- \/ Yoast SEO Premium plugin. -->","yoast_head_json":{"title":"Inari (Davis) - DomArtStyl","robots":{"index":"index","follow":"follow","max-snippet":"max-snippet:-1","max-image-preview":"max-image-preview:large","max-video-preview":"max-video-preview:-1"},"canonical":"https:\/\/domartstyl.com\/en\/fabrics\/inari\/","og_locale":"en_US","og_type":"article","og_title":"Inari (Davis)","og_description":"Technical Specifications Inari 22 Inari 23 Inari 24 Inari 26 Inari 27 Inari 34 Inari 72 Inari 80 Inari 81 [&hellip;]","og_url":"https:\/\/domartstyl.com\/en\/fabrics\/inari\/","og_site_name":"DomArtStyl","article_publisher":"https:\/\/www.facebook.com\/DomArtStyl\/","article_modified_time":"2023-06-23T10:03:38+00:00","og_image":[{"width":800,"height":800,"url":"https:\/\/domartstyl.com\/wp-content\/uploads\/2021\/06\/logo_meta_og.jpg","type":"image\/jpeg"}],"twitter_card":"summary_large_image","twitter_site":"@DomArtStyl_pl","twitter_misc":{"Est. reading time":"4 minutes"},"schema":{"@context":"https:\/\/schema.org","@graph":[{"@type":"WebPage","@id":"https:\/\/domartstyl.com\/en\/fabrics\/inari\/","url":"https:\/\/domartstyl.com\/en\/fabrics\/inari\/","name":"Inari (Davis) - DomArtStyl","isPartOf":{"@id":"https:\/\/domartstyl.com\/en\/#website"},"datePublished":"2018-04-16T07:40:04+00:00","dateModified":"2023-06-23T10:03:38+00:00","breadcrumb":{"@id":"https:\/\/domartstyl.com\/en\/fabrics\/inari\/#breadcrumb"},"inLanguage":"en-US","potentialAction":[{"@type":"ReadAction","target":["https:\/\/domartstyl.com\/en\/fabrics\/inari\/"]}]},{"@type":"BreadcrumbList","@id":"https:\/\/domartstyl.com\/en\/fabrics\/inari\/#breadcrumb","itemListElement":[{"@type":"ListItem","position":1,"name":"Strona g\u0142\u00f3wna","item":"https:\/\/domartstyl.com\/en\/"},{"@type":"ListItem","position":2,"name":"Fabrics","item":"https:\/\/domartstyl.com\/en\/fabrics\/"},{"@type":"ListItem","position":3,"name":"Inari (Davis)"}]},{"@type":"WebSite","@id":"https:\/\/domartstyl.com\/en\/#website","url":"https:\/\/domartstyl.com\/en\/","name":"DomArtStyl","description":"Tworzymy meble najwy\u017cszej jako\u015bci. Sprzeda\u017c detaliczna \u00b7 Sprzeda\u017c hurtowa","publisher":{"@id":"https:\/\/domartstyl.com\/en\/#organization"},"potentialAction":[{"@type":"SearchAction","target":{"@type":"EntryPoint","urlTemplate":"https:\/\/domartstyl.com\/en\/?s={search_term_string}"},"query-input":{"@type":"PropertyValueSpecification","valueRequired":true,"valueName":"search_term_string"}}],"inLanguage":"en-US"},{"@type":"Organization","@id":"https:\/\/domartstyl.com\/en\/#organization","name":"DomArtStyl","url":"https:\/\/domartstyl.com\/en\/","logo":{"@type":"ImageObject","inLanguage":"en-US","@id":"https:\/\/domartstyl.com\/en\/#\/schema\/logo\/image\/","url":"https:\/\/domartstyl.com\/wp-content\/uploads\/2018\/04\/Logo_300_width.png","contentUrl":"https:\/\/domartstyl.com\/wp-content\/uploads\/2018\/04\/Logo_300_width.png","width":300,"height":140,"caption":"DomArtStyl"},"image":{"@id":"https:\/\/domartstyl.com\/en\/#\/schema\/logo\/image\/"},"sameAs":["https:\/\/www.facebook.com\/DomArtStyl\/","https:\/\/x.com\/DomArtStyl_pl","https:\/\/www.instagram.com\/domartstyl\/?hl=en","https:\/\/pl.pinterest.com\/domartstyl01\/","https:\/\/www.youtube.com\/channel\/UCkISSgvMomI6yFFL3JDbLhw"]}]}},"_links":{"self":[{"href":"https:\/\/domartstyl.com\/en\/wp-json\/wp\/v2\/pages\/5591","targetHints":{"allow":["GET"]}}],"collection":[{"href":"https:\/\/domartstyl.com\/en\/wp-json\/wp\/v2\/pages"}],"about":[{"href":"https:\/\/domartstyl.com\/en\/wp-json\/wp\/v2\/types\/page"}],"author":[{"embeddable":true,"href":"https:\/\/domartstyl.com\/en\/wp-json\/wp\/v2\/users\/41"}],"replies":[{"embeddable":true,"href":"https:\/\/domartstyl.com\/en\/wp-json\/wp\/v2\/comments?post=5591"}],"version-history":[{"count":0,"href":"https:\/\/domartstyl.com\/en\/wp-json\/wp\/v2\/pages\/5591\/revisions"}],"up":[{"embeddable":true,"href":"https:\/\/domartstyl.com\/en\/wp-json\/wp\/v2\/pages\/3883"}],"wp:attachment":[{"href":"https:\/\/domartstyl.com\/en\/wp-json\/wp\/v2\/media?parent=5591"}],"curies":[{"name":"wp","href":"https:\/\/api.w.org\/{rel}","templated":true}]}}