{"id":5577,"date":"2018-04-16T10:33:46","date_gmt":"2018-04-16T09:33:46","guid":{"rendered":"http:\/\/domartstyl.com\/fabrics\/kronos\/"},"modified":"2024-08-22T09:46:55","modified_gmt":"2024-08-22T08:46:55","slug":"kronos","status":"publish","type":"page","link":"https:\/\/domartstyl.com\/en\/fabrics\/kronos\/","title":{"rendered":"Kronos (LECH)"},"content":{"rendered":"<div class=\"text-center mb-3\">\n\t<a href=\"\/wp-content\/uploads\/tkaniny\/specyfikacja\/kronos.pdf\" class=\"btn btn-primary\" target=\"_blank\" title=\"View Technical Specifications\" rel=\"noopener\">Technical Specifications<\/a>\n<\/div>\n<div class=\"row row-cols-2 row-cols-sm-3 row-cols-md-4 row-cols-lg-6 g-4 mt-0 mb-5\" id=\"lightgallery\">\n\t<div class=\"col text-center\">\n\t\t<a href=\"https:\/\/domartstyl.com\/wp-content\/uploads\/tkaniny\/Kronos\/KRONOS-01.jpg\" class=\"lightgallery-item\" title=\"Kronos 1\">\n\t\t\t<img decoding=\"async\" src=\"https:\/\/domartstyl.com\/wp-content\/uploads\/tkaniny\/sm\/Kronos\/KRONOS-01.jpg\" loading=\"lazy\" alt=\"Kronos 1\">\n\t\t<\/a>\n\t\t<span class=\"d-block p-3\">Kronos 1<\/span>\n\t<\/div>\n\t<div class=\"col text-center\">\n\t\t<a href=\"https:\/\/domartstyl.com\/wp-content\/uploads\/tkaniny\/Kronos\/KRONOS-02.jpg\" class=\"lightgallery-item\" title=\"Kronos 2\">\n\t\t\t<img decoding=\"async\" src=\"https:\/\/domartstyl.com\/wp-content\/uploads\/tkaniny\/sm\/Kronos\/KRONOS-02.jpg\" loading=\"lazy\" alt=\"Kronos 2\">\n\t\t<\/a>\n\t\t<span class=\"d-block p-3\">Kronos 2<\/span>\n\t<\/div>\n\t<div class=\"col text-center\">\n\t\t<a href=\"https:\/\/domartstyl.com\/wp-content\/uploads\/tkaniny\/Kronos\/KRONOS-03.jpg\" class=\"lightgallery-item\" title=\"Kronos 3\">\n\t\t\t<img decoding=\"async\" src=\"https:\/\/domartstyl.com\/wp-content\/uploads\/tkaniny\/sm\/Kronos\/KRONOS-03.jpg\" loading=\"lazy\" alt=\"Kronos 3\">\n\t\t<\/a>\n\t\t<span class=\"d-block p-3\">Kronos 3<\/span>\n\t<\/div>\n\t<div class=\"col text-center\">\n\t\t<a href=\"https:\/\/domartstyl.com\/wp-content\/uploads\/tkaniny\/Kronos\/KRONOS-04.jpg\" class=\"lightgallery-item\" title=\"Kronos 4\">\n\t\t\t<img decoding=\"async\" src=\"https:\/\/domartstyl.com\/wp-content\/uploads\/tkaniny\/sm\/Kronos\/KRONOS-04.jpg\" loading=\"lazy\" alt=\"Kronos 4\">\n\t\t<\/a>\n\t\t<span class=\"d-block p-3\">Kronos 4<\/span>\n\t<\/div>\n\t<div class=\"col text-center\">\n\t\t<a href=\"https:\/\/domartstyl.com\/wp-content\/uploads\/tkaniny\/Kronos\/KRONOS-05.jpg\" class=\"lightgallery-item\" title=\"Kronos 5\">\n\t\t\t<img decoding=\"async\" src=\"https:\/\/domartstyl.com\/wp-content\/uploads\/tkaniny\/sm\/Kronos\/KRONOS-05.jpg\" loading=\"lazy\" alt=\"Kronos 5\">\n\t\t<\/a>\n\t\t<span class=\"d-block p-3\">Kronos 5<\/span>\n\t<\/div>\n\t<div class=\"col text-center\">\n\t\t<a href=\"https:\/\/domartstyl.com\/wp-content\/uploads\/tkaniny\/Kronos\/KRONOS-06.jpg\" class=\"lightgallery-item\" title=\"Kronos 6\">\n\t\t\t<img decoding=\"async\" src=\"https:\/\/domartstyl.com\/wp-content\/uploads\/tkaniny\/sm\/Kronos\/KRONOS-06.jpg\" loading=\"lazy\" alt=\"Kronos 6\">\n\t\t<\/a>\n\t\t<span class=\"d-block p-3\">Kronos 6<\/span>\n\t<\/div>\n\t<div class=\"col text-center\">\n\t\t<a href=\"https:\/\/domartstyl.com\/wp-content\/uploads\/tkaniny\/Kronos\/KRONOS-07.jpg\" class=\"lightgallery-item\" title=\"Kronos 7\">\n\t\t\t<img decoding=\"async\" src=\"https:\/\/domartstyl.com\/wp-content\/uploads\/tkaniny\/sm\/Kronos\/KRONOS-07.jpg\" loading=\"lazy\" alt=\"Kronos 7\">\n\t\t<\/a>\n\t\t<span class=\"d-block p-3\">Kronos 7<\/span>\n\t<\/div>\n\t<div class=\"col text-center\">\n\t\t<a href=\"https:\/\/domartstyl.com\/wp-content\/uploads\/tkaniny\/Kronos\/KRONOS-09.jpg\" class=\"lightgallery-item\" title=\"Kronos 9\">\n\t\t\t<img decoding=\"async\" src=\"https:\/\/domartstyl.com\/wp-content\/uploads\/tkaniny\/sm\/Kronos\/KRONOS-09.jpg\" loading=\"lazy\" alt=\"Kronos 9\">\n\t\t<\/a>\n\t\t<span class=\"d-block p-3\">Kronos 9<\/span>\n\t<\/div>\n\t<div class=\"col text-center\">\n\t\t<a href=\"https:\/\/domartstyl.com\/wp-content\/uploads\/tkaniny\/Kronos\/KRONOS-11.jpg\" class=\"lightgallery-item\" title=\"Kronos 11\">\n\t\t\t<img decoding=\"async\" src=\"https:\/\/domartstyl.com\/wp-content\/uploads\/tkaniny\/sm\/Kronos\/KRONOS-11.jpg\" loading=\"lazy\" alt=\"Kronos 11\">\n\t\t<\/a>\n\t\t<span class=\"d-block p-3\">Kronos 11<\/span>\n\t<\/div>\n\t<div class=\"col text-center\">\n\t\t<a href=\"https:\/\/domartstyl.com\/wp-content\/uploads\/tkaniny\/Kronos\/KRONOS-12.jpg\" class=\"lightgallery-item\" title=\"Kronos 12\">\n\t\t\t<img decoding=\"async\" src=\"https:\/\/domartstyl.com\/wp-content\/uploads\/tkaniny\/sm\/Kronos\/KRONOS-12.jpg\" loading=\"lazy\" alt=\"Kronos 12\">\n\t\t<\/a>\n\t\t<span class=\"d-block p-3\">Kronos 12<\/span>\n\t<\/div>\n\t<div class=\"col text-center\">\n\t\t<a href=\"https:\/\/domartstyl.com\/wp-content\/uploads\/tkaniny\/Kronos\/KRONOS-13.jpg\" class=\"lightgallery-item\" title=\"Kronos 13\">\n\t\t\t<img decoding=\"async\" src=\"https:\/\/domartstyl.com\/wp-content\/uploads\/tkaniny\/sm\/Kronos\/KRONOS-13.jpg\" loading=\"lazy\" alt=\"Kronos 13\">\n\t\t<\/a>\n\t\t<span class=\"d-block p-3\">Kronos 13<\/span>\n\t<\/div>\n\t<div class=\"col text-center\">\n\t\t<a href=\"https:\/\/domartstyl.com\/wp-content\/uploads\/tkaniny\/Kronos\/KRONOS-14.jpg\" class=\"lightgallery-item\" title=\"Kronos 14\">\n\t\t\t<img decoding=\"async\" src=\"https:\/\/domartstyl.com\/wp-content\/uploads\/tkaniny\/sm\/Kronos\/KRONOS-14.jpg\" loading=\"lazy\" alt=\"Kronos 14\">\n\t\t<\/a>\n\t\t<span class=\"d-block p-3\">Kronos 14<\/span>\n\t<\/div>\n\t<div class=\"col text-center\">\n\t\t<a href=\"https:\/\/domartstyl.com\/wp-content\/uploads\/tkaniny\/Kronos\/KRONOS-15.jpg\" class=\"lightgallery-item\" title=\"Kronos 15\">\n\t\t\t<img decoding=\"async\" src=\"https:\/\/domartstyl.com\/wp-content\/uploads\/tkaniny\/sm\/Kronos\/KRONOS-15.jpg\" loading=\"lazy\" alt=\"Kronos 15\">\n\t\t<\/a>\n\t\t<span class=\"d-block p-3\">Kronos 15<\/span>\n\t<\/div>\n\t<div class=\"col text-center\">\n\t\t<a href=\"https:\/\/domartstyl.com\/wp-content\/uploads\/tkaniny\/Kronos\/KRONOS-16.jpg\" class=\"lightgallery-item\" title=\"Kronos 16\">\n\t\t\t<img decoding=\"async\" src=\"https:\/\/domartstyl.com\/wp-content\/uploads\/tkaniny\/sm\/Kronos\/KRONOS-16.jpg\" loading=\"lazy\" alt=\"Kronos 16\">\n\t\t<\/a>\n\t\t<span class=\"d-block p-3\">Kronos 16<\/span>\n\t<\/div>\n\t<div class=\"col text-center\">\n\t\t<a href=\"https:\/\/domartstyl.com\/wp-content\/uploads\/tkaniny\/Kronos\/KRONOS-17.jpg\" class=\"lightgallery-item\" title=\"Kronos 17\">\n\t\t\t<img decoding=\"async\" src=\"https:\/\/domartstyl.com\/wp-content\/uploads\/tkaniny\/sm\/Kronos\/KRONOS-17.jpg\" loading=\"lazy\" alt=\"Kronos 17\">\n\t\t<\/a>\n\t\t<span class=\"d-block p-3\">Kronos 17<\/span>\n\t<\/div>\n\t<div class=\"col text-center\">\n\t\t<a href=\"https:\/\/domartstyl.com\/wp-content\/uploads\/tkaniny\/Kronos\/KRONOS-19.jpg\" class=\"lightgallery-item\" title=\"Kronos 19\">\n\t\t\t<img decoding=\"async\" src=\"https:\/\/domartstyl.com\/wp-content\/uploads\/tkaniny\/sm\/Kronos\/KRONOS-19.jpg\" loading=\"lazy\" alt=\"Kronos 19\">\n\t\t<\/a>\n\t\t<span class=\"d-block p-3\">Kronos 19<\/span>\n\t<\/div>\n\t<div class=\"col text-center\">\n\t\t<a href=\"https:\/\/domartstyl.com\/wp-content\/uploads\/tkaniny\/Kronos\/KRONOS-20.jpg\" class=\"lightgallery-item\" title=\"Kronos 20\">\n\t\t\t<img decoding=\"async\" src=\"https:\/\/domartstyl.com\/wp-content\/uploads\/tkaniny\/sm\/Kronos\/KRONOS-20.jpg\" loading=\"lazy\" alt=\"Kronos 20\">\n\t\t<\/a>\n\t\t<span class=\"d-block p-3\">Kronos 20<\/span>\n\t<\/div>\n\t<div class=\"col text-center\">\n\t\t<a href=\"https:\/\/domartstyl.com\/wp-content\/uploads\/tkaniny\/Kronos\/KRONOS-22.jpg\" class=\"lightgallery-item\" title=\"Kronos 22\">\n\t\t\t<img decoding=\"async\" src=\"https:\/\/domartstyl.com\/wp-content\/uploads\/tkaniny\/sm\/Kronos\/KRONOS-22.jpg\" loading=\"lazy\" alt=\"Kronos 22\">\n\t\t<\/a>\n\t\t<span class=\"d-block p-3\">Kronos 22<\/span>\n\t<\/div>\n\t<div class=\"col text-center\">\n\t\t<a href=\"https:\/\/domartstyl.com\/wp-content\/uploads\/tkaniny\/Kronos\/KRONOS-25.jpg\" class=\"lightgallery-item\" title=\"Kronos 25\">\n\t\t\t<img decoding=\"async\" src=\"https:\/\/domartstyl.com\/wp-content\/uploads\/tkaniny\/sm\/Kronos\/KRONOS-25.jpg\" loading=\"lazy\" alt=\"Kronos 25\">\n\t\t<\/a>\n\t\t<span class=\"d-block p-3\">Kronos 25<\/span>\n\t<\/div>\n\t<div class=\"col text-center\">\n\t\t<a href=\"https:\/\/domartstyl.com\/wp-content\/uploads\/tkaniny\/Kronos\/KRONOS-26.jpg\" class=\"lightgallery-item\" title=\"Kronos 26\">\n\t\t\t<img decoding=\"async\" src=\"https:\/\/domartstyl.com\/wp-content\/uploads\/tkaniny\/sm\/Kronos\/KRONOS-26.jpg\" loading=\"lazy\" alt=\"Kronos 26\">\n\t\t<\/a>\n\t\t<span class=\"d-block p-3\">Kronos 26<\/span>\n\t<\/div>\n\t<div class=\"col text-center\">\n\t\t<a href=\"https:\/\/domartstyl.com\/wp-content\/uploads\/tkaniny\/Kronos\/KRONOS-27.jpg\" class=\"lightgallery-item\" title=\"Kronos 27\">\n\t\t\t<img decoding=\"async\" src=\"https:\/\/domartstyl.com\/wp-content\/uploads\/tkaniny\/sm\/Kronos\/KRONOS-27.jpg\" loading=\"lazy\" alt=\"Kronos 27\">\n\t\t<\/a>\n\t\t<span class=\"d-block p-3\">Kronos 27<\/span>\n\t<\/div>\n\t<div class=\"col text-center\">\n\t\t<a href=\"https:\/\/domartstyl.com\/wp-content\/uploads\/tkaniny\/Kronos\/KRONOS-28.jpg\" class=\"lightgallery-item\" title=\"Kronos 28\">\n\t\t\t<img decoding=\"async\" src=\"https:\/\/domartstyl.com\/wp-content\/uploads\/tkaniny\/sm\/Kronos\/KRONOS-28.jpg\" loading=\"lazy\" alt=\"Kronos 28\">\n\t\t<\/a>\n\t\t<span class=\"d-block p-3\">Kronos 28<\/span>\n\t<\/div>\n\t<div class=\"col text-center\">\n\t\t<a href=\"https:\/\/domartstyl.com\/wp-content\/uploads\/tkaniny\/Kronos\/KRONOS-29.jpg\" class=\"lightgallery-item\" title=\"Kronos 29\">\n\t\t\t<img decoding=\"async\" src=\"https:\/\/domartstyl.com\/wp-content\/uploads\/tkaniny\/sm\/Kronos\/KRONOS-29.jpg\" loading=\"lazy\" alt=\"Kronos 29\">\n\t\t<\/a>\n\t\t<span class=\"d-block p-3\">Kronos 29<\/span>\n\t<\/div>\n\t<div class=\"col text-center\">\n\t\t<a href=\"https:\/\/domartstyl.com\/wp-content\/uploads\/tkaniny\/Kronos\/KRONOS-31.jpg\" class=\"lightgallery-item\" title=\"Kronos 31\">\n\t\t\t<img decoding=\"async\" src=\"https:\/\/domartstyl.com\/wp-content\/uploads\/tkaniny\/sm\/Kronos\/KRONOS-31.jpg\" loading=\"lazy\" alt=\"Kronos 31\">\n\t\t<\/a>\n\t\t<span class=\"d-block p-3\">Kronos 31<\/span>\n\t<\/div>\n\t<div class=\"col text-center\">\n\t\t<a href=\"https:\/\/domartstyl.com\/wp-content\/uploads\/tkaniny\/Kronos\/KRONOS-34.jpg\" class=\"lightgallery-item\" title=\"Kronos 34\">\n\t\t\t<img decoding=\"async\" src=\"https:\/\/domartstyl.com\/wp-content\/uploads\/tkaniny\/sm\/Kronos\/KRONOS-34.jpg\" loading=\"lazy\" alt=\"Kronos 34\">\n\t\t<\/a>\n\t\t<span class=\"d-block p-3\">Kronos 34<\/span>\n\t<\/div>\n\t<div class=\"col text-center\">\n\t\t<a href=\"https:\/\/domartstyl.com\/wp-content\/uploads\/tkaniny\/Kronos\/KRONOS-35.jpg\" class=\"lightgallery-item\" title=\"Kronos 35\">\n\t\t\t<img decoding=\"async\" src=\"https:\/\/domartstyl.com\/wp-content\/uploads\/tkaniny\/sm\/Kronos\/KRONOS-35.jpg\" loading=\"lazy\" alt=\"Kronos 35\">\n\t\t<\/a>\n\t\t<span class=\"d-block p-3\">Kronos 35<\/span>\n\t<\/div>\n\t<div class=\"col text-center\">\n\t\t<a href=\"https:\/\/domartstyl.com\/wp-content\/uploads\/tkaniny\/Kronos\/KRONOS-37.jpg\" class=\"lightgallery-item\" title=\"Kronos 37\">\n\t\t\t<img decoding=\"async\" src=\"https:\/\/domartstyl.com\/wp-content\/uploads\/tkaniny\/sm\/Kronos\/KRONOS-37.jpg\" loading=\"lazy\" alt=\"Kronos 37\">\n\t\t<\/a>\n\t\t<span class=\"d-block p-3\">Kronos 37<\/span>\n\t<\/div>\n\t<div class=\"col text-center\">\n\t\t<a href=\"https:\/\/domartstyl.com\/wp-content\/uploads\/tkaniny\/Kronos\/KRONOS-38.jpg\" class=\"lightgallery-item\" title=\"Kronos 38\">\n\t\t\t<img decoding=\"async\" src=\"https:\/\/domartstyl.com\/wp-content\/uploads\/tkaniny\/sm\/Kronos\/KRONOS-38.jpg\" loading=\"lazy\" alt=\"Kronos 38\">\n\t\t<\/a>\n\t\t<span class=\"d-block p-3\">Kronos 38<\/span>\n\t<\/div>\n\t<div class=\"col text-center\">\n\t\t<a href=\"https:\/\/domartstyl.com\/wp-content\/uploads\/tkaniny\/Kronos\/KRONOS-39.jpg\" class=\"lightgallery-item\" title=\"Kronos 39\">\n\t\t\t<img decoding=\"async\" src=\"https:\/\/domartstyl.com\/wp-content\/uploads\/tkaniny\/sm\/Kronos\/KRONOS-39.jpg\" loading=\"lazy\" alt=\"Kronos 39\">\n\t\t<\/a>\n\t\t<span class=\"d-block p-3\">Kronos 39<\/span>\n\t<\/div>\n\t<div class=\"col text-center\">\n\t\t<a href=\"https:\/\/domartstyl.com\/wp-content\/uploads\/tkaniny\/Kronos\/KRONOS-40.jpg\" class=\"lightgallery-item\" title=\"Kronos 40\">\n\t\t\t<img decoding=\"async\" src=\"https:\/\/domartstyl.com\/wp-content\/uploads\/tkaniny\/sm\/Kronos\/KRONOS-40.jpg\" loading=\"lazy\" alt=\"Kronos 40\">\n\t\t<\/a>\n\t\t<span class=\"d-block p-3\">Kronos 40<\/span>\n\t<\/div>\n\t<div class=\"col text-center\">\n\t\t<a href=\"https:\/\/domartstyl.com\/wp-content\/uploads\/tkaniny\/Kronos\/KRONOS-41.jpg\" class=\"lightgallery-item\" title=\"Kronos 41\">\n\t\t\t<img decoding=\"async\" src=\"https:\/\/domartstyl.com\/wp-content\/uploads\/tkaniny\/sm\/Kronos\/KRONOS-41.jpg\" loading=\"lazy\" alt=\"Kronos 41\">\n\t\t<\/a>\n\t\t<span class=\"d-block p-3\">Kronos 41<\/span>\n\t<\/div>\n\t<div class=\"col text-center\">\n\t\t<a href=\"https:\/\/domartstyl.com\/wp-content\/uploads\/tkaniny\/Kronos\/KRONOS-42.jpg\" class=\"lightgallery-item\" title=\"Kronos 42\">\n\t\t\t<img decoding=\"async\" src=\"https:\/\/domartstyl.com\/wp-content\/uploads\/tkaniny\/sm\/Kronos\/KRONOS-42.jpg\" loading=\"lazy\" alt=\"Kronos 42\">\n\t\t<\/a>\n\t\t<span class=\"d-block p-3\">Kronos 42<\/span>\n\t<\/div>\n\t<div class=\"col text-center\">\n\t\t<a href=\"https:\/\/domartstyl.com\/wp-content\/uploads\/tkaniny\/Kronos\/KRONOS-43.jpg\" class=\"lightgallery-item\" title=\"Kronos 43\">\n\t\t\t<img decoding=\"async\" src=\"https:\/\/domartstyl.com\/wp-content\/uploads\/tkaniny\/sm\/Kronos\/KRONOS-43.jpg\" loading=\"lazy\" alt=\"Kronos 43\">\n\t\t<\/a>\n\t\t<span class=\"d-block p-3\">Kronos 43<\/span>\n\t<\/div>\n\t<div class=\"col text-center\">\n\t\t<a href=\"https:\/\/domartstyl.com\/wp-content\/uploads\/tkaniny\/Kronos\/KRONOS-44.jpg\" class=\"lightgallery-item\" title=\"Kronos 44\">\n\t\t\t<img decoding=\"async\" src=\"https:\/\/domartstyl.com\/wp-content\/uploads\/tkaniny\/sm\/Kronos\/KRONOS-44.jpg\" loading=\"lazy\" alt=\"Kronos 44\">\n\t\t<\/a>\n\t\t<span class=\"d-block p-3\">Kronos 44<\/span>\n\t<\/div>\n\t<div class=\"col text-center\">\n\t\t<a href=\"https:\/\/domartstyl.com\/wp-content\/uploads\/tkaniny\/Kronos\/KRONOS-45.jpg\" class=\"lightgallery-item\" title=\"Kronos 45\">\n\t\t\t<img decoding=\"async\" src=\"https:\/\/domartstyl.com\/wp-content\/uploads\/tkaniny\/sm\/Kronos\/KRONOS-45.jpg\" loading=\"lazy\" alt=\"Kronos 45\">\n\t\t<\/a>\n\t\t<span class=\"d-block p-3\">Kronos 45<\/span>\n\t<\/div>\n\t<div class=\"col text-center\">\n\t\t<a href=\"https:\/\/domartstyl.com\/wp-content\/uploads\/tkaniny\/Kronos\/KRONOS-46.jpg\" class=\"lightgallery-item\" title=\"Kronos 46\">\n\t\t\t<img decoding=\"async\" src=\"https:\/\/domartstyl.com\/wp-content\/uploads\/tkaniny\/sm\/Kronos\/KRONOS-46.jpg\" loading=\"lazy\" alt=\"Kronos 46\">\n\t\t<\/a>\n\t\t<span class=\"d-block p-3\">Kronos 46<\/span>\n\t<\/div>\n\t<div class=\"col text-center\">\n\t\t<a href=\"https:\/\/domartstyl.com\/wp-content\/uploads\/tkaniny\/Kronos\/KRONOS-47.jpg\" class=\"lightgallery-item\" title=\"Kronos 47\">\n\t\t\t<img decoding=\"async\" src=\"https:\/\/domartstyl.com\/wp-content\/uploads\/tkaniny\/sm\/Kronos\/KRONOS-47.jpg\" loading=\"lazy\" alt=\"Kronos 47\">\n\t\t<\/a>\n\t\t<span class=\"d-block p-3\">Kronos 47<\/span>\n\t<\/div>\n\t<div class=\"col text-center\">\n\t\t<a href=\"https:\/\/domartstyl.com\/wp-content\/uploads\/tkaniny\/Kronos\/KRONOS-52.jpg\" class=\"lightgallery-item\" title=\"Kronos 52\">\n\t\t\t<img decoding=\"async\" src=\"https:\/\/domartstyl.com\/wp-content\/uploads\/tkaniny\/sm\/Kronos\/KRONOS-52.jpg\" loading=\"lazy\" alt=\"Kronos 52\">\n\t\t<\/a>\n\t\t<span class=\"d-block p-3\">Kronos 52<\/span>\n\t<\/div>\n\t<div class=\"col text-center\">\n\t\t<a href=\"https:\/\/domartstyl.com\/wp-content\/uploads\/tkaniny\/Kronos\/KRONOS-53.jpg\" class=\"lightgallery-item\" title=\"Kronos 53\">\n\t\t\t<img decoding=\"async\" src=\"https:\/\/domartstyl.com\/wp-content\/uploads\/tkaniny\/sm\/Kronos\/KRONOS-53.jpg\" loading=\"lazy\" alt=\"Kronos 53\">\n\t\t<\/a>\n\t\t<span class=\"d-block p-3\">Kronos 53<\/span>\n\t<\/div>\n<\/div>","protected":false},"excerpt":{"rendered":"<p>Technical Specifications Kronos 1 Kronos 2 Kronos 3 Kronos 4 Kronos 5 Kronos 6 Kronos 7 Kronos 9 Kronos 11 [&hellip;]<\/p>\n","protected":false},"author":41,"featured_media":0,"parent":3883,"menu_order":0,"comment_status":"closed","ping_status":"closed","template":"page-gallery.php","meta":{"footnotes":""},"class_list":["post-5577","page","type-page","status-publish","hentry"],"yoast_head":"<!-- This site is optimized with the Yoast SEO Premium plugin v25.0 (Yoast SEO v25.0) - https:\/\/yoast.com\/wordpress\/plugins\/seo\/ -->\n<title>Kronos (LECH) - DomArtStyl<\/title>\n<meta name=\"robots\" content=\"index, follow, max-snippet:-1, max-image-preview:large, max-video-preview:-1\" \/>\n<link rel=\"canonical\" href=\"https:\/\/domartstyl.com\/en\/fabrics\/kronos\/\" \/>\n<meta property=\"og:locale\" content=\"en_US\" \/>\n<meta property=\"og:type\" content=\"article\" \/>\n<meta property=\"og:title\" content=\"Kronos (LECH)\" \/>\n<meta property=\"og:description\" content=\"Technical Specifications Kronos 1 Kronos 2 Kronos 3 Kronos 4 Kronos 5 Kronos 6 Kronos 7 Kronos 9 Kronos 11 [&hellip;]\" \/>\n<meta property=\"og:url\" content=\"https:\/\/domartstyl.com\/en\/fabrics\/kronos\/\" \/>\n<meta property=\"og:site_name\" content=\"DomArtStyl\" \/>\n<meta property=\"article:publisher\" content=\"https:\/\/www.facebook.com\/DomArtStyl\/\" \/>\n<meta property=\"article:modified_time\" content=\"2024-08-22T08:46:55+00:00\" \/>\n<meta property=\"og:image\" content=\"https:\/\/domartstyl.com\/wp-content\/uploads\/tkaniny\/sm\/Kronos\/KRONOS-01.jpg\" \/>\n<meta name=\"twitter:card\" content=\"summary_large_image\" \/>\n<meta name=\"twitter:site\" content=\"@DomArtStyl_pl\" \/>\n<meta name=\"twitter:label1\" content=\"Est. reading time\" \/>\n\t<meta name=\"twitter:data1\" content=\"9 minutes\" \/>\n<script type=\"application\/ld+json\" class=\"yoast-schema-graph\">{\"@context\":\"https:\/\/schema.org\",\"@graph\":[{\"@type\":\"WebPage\",\"@id\":\"https:\/\/domartstyl.com\/en\/fabrics\/kronos\/\",\"url\":\"https:\/\/domartstyl.com\/en\/fabrics\/kronos\/\",\"name\":\"Kronos (LECH) - DomArtStyl\",\"isPartOf\":{\"@id\":\"https:\/\/domartstyl.com\/en\/#website\"},\"primaryImageOfPage\":{\"@id\":\"https:\/\/domartstyl.com\/en\/fabrics\/kronos\/#primaryimage\"},\"image\":{\"@id\":\"https:\/\/domartstyl.com\/en\/fabrics\/kronos\/#primaryimage\"},\"thumbnailUrl\":\"https:\/\/domartstyl.com\/wp-content\/uploads\/tkaniny\/sm\/Kronos\/KRONOS-01.jpg\",\"datePublished\":\"2018-04-16T09:33:46+00:00\",\"dateModified\":\"2024-08-22T08:46:55+00:00\",\"breadcrumb\":{\"@id\":\"https:\/\/domartstyl.com\/en\/fabrics\/kronos\/#breadcrumb\"},\"inLanguage\":\"en-US\",\"potentialAction\":[{\"@type\":\"ReadAction\",\"target\":[\"https:\/\/domartstyl.com\/en\/fabrics\/kronos\/\"]}]},{\"@type\":\"ImageObject\",\"inLanguage\":\"en-US\",\"@id\":\"https:\/\/domartstyl.com\/en\/fabrics\/kronos\/#primaryimage\",\"url\":\"https:\/\/domartstyl.com\/wp-content\/uploads\/tkaniny\/sm\/Kronos\/KRONOS-01.jpg\",\"contentUrl\":\"https:\/\/domartstyl.com\/wp-content\/uploads\/tkaniny\/sm\/Kronos\/KRONOS-01.jpg\"},{\"@type\":\"BreadcrumbList\",\"@id\":\"https:\/\/domartstyl.com\/en\/fabrics\/kronos\/#breadcrumb\",\"itemListElement\":[{\"@type\":\"ListItem\",\"position\":1,\"name\":\"Strona g\u0142\u00f3wna\",\"item\":\"https:\/\/domartstyl.com\/en\/\"},{\"@type\":\"ListItem\",\"position\":2,\"name\":\"Fabrics\",\"item\":\"https:\/\/domartstyl.com\/en\/fabrics\/\"},{\"@type\":\"ListItem\",\"position\":3,\"name\":\"Kronos (LECH)\"}]},{\"@type\":\"WebSite\",\"@id\":\"https:\/\/domartstyl.com\/en\/#website\",\"url\":\"https:\/\/domartstyl.com\/en\/\",\"name\":\"DomArtStyl\",\"description\":\"Tworzymy meble najwy\u017cszej jako\u015bci. Sprzeda\u017c detaliczna \u00b7 Sprzeda\u017c hurtowa\",\"publisher\":{\"@id\":\"https:\/\/domartstyl.com\/en\/#organization\"},\"potentialAction\":[{\"@type\":\"SearchAction\",\"target\":{\"@type\":\"EntryPoint\",\"urlTemplate\":\"https:\/\/domartstyl.com\/en\/?s={search_term_string}\"},\"query-input\":{\"@type\":\"PropertyValueSpecification\",\"valueRequired\":true,\"valueName\":\"search_term_string\"}}],\"inLanguage\":\"en-US\"},{\"@type\":\"Organization\",\"@id\":\"https:\/\/domartstyl.com\/en\/#organization\",\"name\":\"DomArtStyl\",\"url\":\"https:\/\/domartstyl.com\/en\/\",\"logo\":{\"@type\":\"ImageObject\",\"inLanguage\":\"en-US\",\"@id\":\"https:\/\/domartstyl.com\/en\/#\/schema\/logo\/image\/\",\"url\":\"https:\/\/domartstyl.com\/wp-content\/uploads\/2018\/04\/Logo_300_width.png\",\"contentUrl\":\"https:\/\/domartstyl.com\/wp-content\/uploads\/2018\/04\/Logo_300_width.png\",\"width\":300,\"height\":140,\"caption\":\"DomArtStyl\"},\"image\":{\"@id\":\"https:\/\/domartstyl.com\/en\/#\/schema\/logo\/image\/\"},\"sameAs\":[\"https:\/\/www.facebook.com\/DomArtStyl\/\",\"https:\/\/x.com\/DomArtStyl_pl\",\"https:\/\/www.instagram.com\/domartstyl\/?hl=en\",\"https:\/\/pl.pinterest.com\/domartstyl01\/\",\"https:\/\/www.youtube.com\/channel\/UCkISSgvMomI6yFFL3JDbLhw\"]}]}<\/script>\n<!-- \/ Yoast SEO Premium plugin. -->","yoast_head_json":{"title":"Kronos (LECH) - DomArtStyl","robots":{"index":"index","follow":"follow","max-snippet":"max-snippet:-1","max-image-preview":"max-image-preview:large","max-video-preview":"max-video-preview:-1"},"canonical":"https:\/\/domartstyl.com\/en\/fabrics\/kronos\/","og_locale":"en_US","og_type":"article","og_title":"Kronos (LECH)","og_description":"Technical Specifications Kronos 1 Kronos 2 Kronos 3 Kronos 4 Kronos 5 Kronos 6 Kronos 7 Kronos 9 Kronos 11 [&hellip;]","og_url":"https:\/\/domartstyl.com\/en\/fabrics\/kronos\/","og_site_name":"DomArtStyl","article_publisher":"https:\/\/www.facebook.com\/DomArtStyl\/","article_modified_time":"2024-08-22T08:46:55+00:00","og_image":[{"url":"https:\/\/domartstyl.com\/wp-content\/uploads\/tkaniny\/sm\/Kronos\/KRONOS-01.jpg","type":"","width":"","height":""}],"twitter_card":"summary_large_image","twitter_site":"@DomArtStyl_pl","twitter_misc":{"Est. reading time":"9 minutes"},"schema":{"@context":"https:\/\/schema.org","@graph":[{"@type":"WebPage","@id":"https:\/\/domartstyl.com\/en\/fabrics\/kronos\/","url":"https:\/\/domartstyl.com\/en\/fabrics\/kronos\/","name":"Kronos (LECH) - DomArtStyl","isPartOf":{"@id":"https:\/\/domartstyl.com\/en\/#website"},"primaryImageOfPage":{"@id":"https:\/\/domartstyl.com\/en\/fabrics\/kronos\/#primaryimage"},"image":{"@id":"https:\/\/domartstyl.com\/en\/fabrics\/kronos\/#primaryimage"},"thumbnailUrl":"https:\/\/domartstyl.com\/wp-content\/uploads\/tkaniny\/sm\/Kronos\/KRONOS-01.jpg","datePublished":"2018-04-16T09:33:46+00:00","dateModified":"2024-08-22T08:46:55+00:00","breadcrumb":{"@id":"https:\/\/domartstyl.com\/en\/fabrics\/kronos\/#breadcrumb"},"inLanguage":"en-US","potentialAction":[{"@type":"ReadAction","target":["https:\/\/domartstyl.com\/en\/fabrics\/kronos\/"]}]},{"@type":"ImageObject","inLanguage":"en-US","@id":"https:\/\/domartstyl.com\/en\/fabrics\/kronos\/#primaryimage","url":"https:\/\/domartstyl.com\/wp-content\/uploads\/tkaniny\/sm\/Kronos\/KRONOS-01.jpg","contentUrl":"https:\/\/domartstyl.com\/wp-content\/uploads\/tkaniny\/sm\/Kronos\/KRONOS-01.jpg"},{"@type":"BreadcrumbList","@id":"https:\/\/domartstyl.com\/en\/fabrics\/kronos\/#breadcrumb","itemListElement":[{"@type":"ListItem","position":1,"name":"Strona g\u0142\u00f3wna","item":"https:\/\/domartstyl.com\/en\/"},{"@type":"ListItem","position":2,"name":"Fabrics","item":"https:\/\/domartstyl.com\/en\/fabrics\/"},{"@type":"ListItem","position":3,"name":"Kronos (LECH)"}]},{"@type":"WebSite","@id":"https:\/\/domartstyl.com\/en\/#website","url":"https:\/\/domartstyl.com\/en\/","name":"DomArtStyl","description":"Tworzymy meble najwy\u017cszej jako\u015bci. Sprzeda\u017c detaliczna \u00b7 Sprzeda\u017c hurtowa","publisher":{"@id":"https:\/\/domartstyl.com\/en\/#organization"},"potentialAction":[{"@type":"SearchAction","target":{"@type":"EntryPoint","urlTemplate":"https:\/\/domartstyl.com\/en\/?s={search_term_string}"},"query-input":{"@type":"PropertyValueSpecification","valueRequired":true,"valueName":"search_term_string"}}],"inLanguage":"en-US"},{"@type":"Organization","@id":"https:\/\/domartstyl.com\/en\/#organization","name":"DomArtStyl","url":"https:\/\/domartstyl.com\/en\/","logo":{"@type":"ImageObject","inLanguage":"en-US","@id":"https:\/\/domartstyl.com\/en\/#\/schema\/logo\/image\/","url":"https:\/\/domartstyl.com\/wp-content\/uploads\/2018\/04\/Logo_300_width.png","contentUrl":"https:\/\/domartstyl.com\/wp-content\/uploads\/2018\/04\/Logo_300_width.png","width":300,"height":140,"caption":"DomArtStyl"},"image":{"@id":"https:\/\/domartstyl.com\/en\/#\/schema\/logo\/image\/"},"sameAs":["https:\/\/www.facebook.com\/DomArtStyl\/","https:\/\/x.com\/DomArtStyl_pl","https:\/\/www.instagram.com\/domartstyl\/?hl=en","https:\/\/pl.pinterest.com\/domartstyl01\/","https:\/\/www.youtube.com\/channel\/UCkISSgvMomI6yFFL3JDbLhw"]}]}},"_links":{"self":[{"href":"https:\/\/domartstyl.com\/en\/wp-json\/wp\/v2\/pages\/5577","targetHints":{"allow":["GET"]}}],"collection":[{"href":"https:\/\/domartstyl.com\/en\/wp-json\/wp\/v2\/pages"}],"about":[{"href":"https:\/\/domartstyl.com\/en\/wp-json\/wp\/v2\/types\/page"}],"author":[{"embeddable":true,"href":"https:\/\/domartstyl.com\/en\/wp-json\/wp\/v2\/users\/41"}],"replies":[{"embeddable":true,"href":"https:\/\/domartstyl.com\/en\/wp-json\/wp\/v2\/comments?post=5577"}],"version-history":[{"count":0,"href":"https:\/\/domartstyl.com\/en\/wp-json\/wp\/v2\/pages\/5577\/revisions"}],"up":[{"embeddable":true,"href":"https:\/\/domartstyl.com\/en\/wp-json\/wp\/v2\/pages\/3883"}],"wp:attachment":[{"href":"https:\/\/domartstyl.com\/en\/wp-json\/wp\/v2\/media?parent=5577"}],"curies":[{"name":"wp","href":"https:\/\/api.w.org\/{rel}","templated":true}]}}