{"id":5574,"date":"2018-04-16T10:49:20","date_gmt":"2018-04-16T09:49:20","guid":{"rendered":"http:\/\/domartstyl.com\/fabrics\/trinity\/"},"modified":"2024-10-22T09:34:11","modified_gmt":"2024-10-22T08:34:11","slug":"trinity","status":"publish","type":"page","link":"https:\/\/domartstyl.com\/en\/fabrics\/trinity\/","title":{"rendered":"Trinity (S.I.C.)"},"content":{"rendered":"<div class=\"text-center mb-3\">\n\t<a href=\"\/wp-content\/uploads\/tkaniny\/specyfikacja\/trinity.pdf\" class=\"btn btn-primary\" target=\"_blank\" title=\"View Technical Specifications\" rel=\"noopener\">Technical Specifications<\/a>\n<\/div>\n<div class=\"row row-cols-2 row-cols-sm-3 row-cols-md-4 row-cols-lg-6 g-4 mt-0 mb-5\" id=\"lightgallery\">\n\t<div class=\"col text-center\">\n\t\t<a href=\"https:\/\/domartstyl.com\/wp-content\/uploads\/tkaniny\/Trinity\/Trinity-1.jpg\" class=\"lightgallery-item\" title=\"Trinity 1\">\n\t\t\t<img decoding=\"async\" src=\"https:\/\/domartstyl.com\/wp-content\/uploads\/tkaniny\/sm\/Trinity\/Trinity-1.jpg\" loading=\"lazy\" alt=\"Trinity 1\">\n\t\t<\/a>\n\t\t<span class=\"d-block p-3\">Trinity 1<\/span>\n\t<\/div>\n\t<div class=\"col text-center\">\n\t\t<a href=\"https:\/\/domartstyl.com\/wp-content\/uploads\/tkaniny\/Trinity\/Trinity-2.jpg\" class=\"lightgallery-item\" title=\"Trinity 2\">\n\t\t\t<img decoding=\"async\" src=\"https:\/\/domartstyl.com\/wp-content\/uploads\/tkaniny\/sm\/Trinity\/Trinity-2.jpg\" loading=\"lazy\" alt=\"Trinity 2\">\n\t\t<\/a>\n\t\t<span class=\"d-block p-3\">Trinity 2<\/span>\n\t<\/div>\n\t<div class=\"col text-center\">\n\t\t<a href=\"https:\/\/domartstyl.com\/wp-content\/uploads\/tkaniny\/Trinity\/Trinity-3.jpg\" class=\"lightgallery-item\" title=\"Trinity 3\">\n\t\t\t<img decoding=\"async\" src=\"https:\/\/domartstyl.com\/wp-content\/uploads\/tkaniny\/sm\/Trinity\/Trinity-3.jpg\" loading=\"lazy\" alt=\"Trinity 3\">\n\t\t<\/a>\n\t\t<span class=\"d-block p-3\">Trinity 3<\/span>\n\t<\/div>\n\t<div class=\"col text-center\">\n\t\t<a href=\"https:\/\/domartstyl.com\/wp-content\/uploads\/tkaniny\/Trinity\/Trinity-4.jpg\" class=\"lightgallery-item\" title=\"Trinity 4\">\n\t\t\t<img decoding=\"async\" src=\"https:\/\/domartstyl.com\/wp-content\/uploads\/tkaniny\/sm\/Trinity\/Trinity-4.jpg\" loading=\"lazy\" alt=\"Trinity 4\">\n\t\t<\/a>\n\t\t<span class=\"d-block p-3\">Trinity 4<\/span>\n\t<\/div>\n\t<div class=\"col text-center\">\n\t\t<a href=\"https:\/\/domartstyl.com\/wp-content\/uploads\/tkaniny\/Trinity\/Trinity-5.jpg\" class=\"lightgallery-item\" title=\"Trinity 5\">\n\t\t\t<img decoding=\"async\" src=\"https:\/\/domartstyl.com\/wp-content\/uploads\/tkaniny\/sm\/Trinity\/Trinity-5.jpg\" loading=\"lazy\" alt=\"Trinity 5\">\n\t\t<\/a>\n\t\t<span class=\"d-block p-3\">Trinity 5<\/span>\n\t<\/div>\n\t<div class=\"col text-center\">\n\t\t<a href=\"https:\/\/domartstyl.com\/wp-content\/uploads\/tkaniny\/Trinity\/Trinity-6.jpg\" class=\"lightgallery-item\" title=\"Trinity 6\">\n\t\t\t<img decoding=\"async\" src=\"https:\/\/domartstyl.com\/wp-content\/uploads\/tkaniny\/sm\/Trinity\/Trinity-6.jpg\" loading=\"lazy\" alt=\"Trinity 6\">\n\t\t<\/a>\n\t\t<span class=\"d-block p-3\">Trinity 6<\/span>\n\t<\/div>\n\t<div class=\"col text-center\">\n\t\t<a href=\"https:\/\/domartstyl.com\/wp-content\/uploads\/tkaniny\/Trinity\/Trinity-7.jpg\" class=\"lightgallery-item\" title=\"Trinity 7\">\n\t\t\t<img decoding=\"async\" src=\"https:\/\/domartstyl.com\/wp-content\/uploads\/tkaniny\/sm\/Trinity\/Trinity-7.jpg\" loading=\"lazy\" alt=\"Trinity 7\">\n\t\t<\/a>\n\t\t<span class=\"d-block p-3\">Trinity 7<\/span>\n\t<\/div>\n\t<div class=\"col text-center\">\n\t\t<a href=\"https:\/\/domartstyl.com\/wp-content\/uploads\/tkaniny\/Trinity\/Trinity-8.jpg\" class=\"lightgallery-item\" title=\"Trinity 8\">\n\t\t\t<img decoding=\"async\" src=\"https:\/\/domartstyl.com\/wp-content\/uploads\/tkaniny\/sm\/Trinity\/Trinity-8.jpg\" loading=\"lazy\" alt=\"Trinity 8\">\n\t\t<\/a>\n\t\t<span class=\"d-block p-3\">Trinity 8<\/span>\n\t<\/div>\n\t<div class=\"col text-center\">\n\t\t<a href=\"https:\/\/domartstyl.com\/wp-content\/uploads\/tkaniny\/Trinity\/Trinity-9.jpg\" class=\"lightgallery-item\" title=\"Trinity 9\">\n\t\t\t<img decoding=\"async\" src=\"https:\/\/domartstyl.com\/wp-content\/uploads\/tkaniny\/sm\/Trinity\/Trinity-9.jpg\" loading=\"lazy\" alt=\"Trinity 9\">\n\t\t<\/a>\n\t\t<span class=\"d-block p-3\">Trinity 9<\/span>\n\t<\/div>\n\t<div class=\"col text-center\">\n\t\t<a href=\"https:\/\/domartstyl.com\/wp-content\/uploads\/tkaniny\/Trinity\/Trinity-10.jpg\" class=\"lightgallery-item\" title=\"Trinity 10\">\n\t\t\t<img decoding=\"async\" src=\"https:\/\/domartstyl.com\/wp-content\/uploads\/tkaniny\/sm\/Trinity\/Trinity-10.jpg\" loading=\"lazy\" alt=\"Trinity 10\">\n\t\t<\/a>\n\t\t<span class=\"d-block p-3\">Trinity 10<\/span>\n\t<\/div>\n\t<div class=\"col text-center\">\n\t\t<a href=\"https:\/\/domartstyl.com\/wp-content\/uploads\/tkaniny\/Trinity\/Trinity-11.jpg\" class=\"lightgallery-item\" title=\"Trinity 11\">\n\t\t\t<img decoding=\"async\" src=\"https:\/\/domartstyl.com\/wp-content\/uploads\/tkaniny\/sm\/Trinity\/Trinity-11.jpg\" loading=\"lazy\" alt=\"Trinity 11\">\n\t\t<\/a>\n\t\t<span class=\"d-block p-3\">Trinity 11<\/span>\n\t<\/div>\n\t<div class=\"col text-center\">\n\t\t<a href=\"https:\/\/domartstyl.com\/wp-content\/uploads\/tkaniny\/Trinity\/Trinity-12.jpg\" class=\"lightgallery-item\" title=\"Trinity 12\">\n\t\t\t<img decoding=\"async\" src=\"https:\/\/domartstyl.com\/wp-content\/uploads\/tkaniny\/sm\/Trinity\/Trinity-12.jpg\" loading=\"lazy\" alt=\"Trinity 12\">\n\t\t<\/a>\n\t\t<span class=\"d-block p-3\">Trinity 12<\/span>\n\t<\/div>\n\t<div class=\"col text-center\">\n\t\t<a href=\"https:\/\/domartstyl.com\/wp-content\/uploads\/tkaniny\/Trinity\/Trinity-13.jpg\" class=\"lightgallery-item\" title=\"Trinity 13\">\n\t\t\t<img decoding=\"async\" src=\"https:\/\/domartstyl.com\/wp-content\/uploads\/tkaniny\/sm\/Trinity\/Trinity-13.jpg\" loading=\"lazy\" alt=\"Trinity 13\">\n\t\t<\/a>\n\t\t<span class=\"d-block p-3\">Trinity 13<\/span>\n\t<\/div>\n\t<div class=\"col text-center\">\n\t\t<a href=\"https:\/\/domartstyl.com\/wp-content\/uploads\/tkaniny\/Trinity\/Trinity-14.jpg\" class=\"lightgallery-item\" title=\"Trinity 14\">\n\t\t\t<img decoding=\"async\" src=\"https:\/\/domartstyl.com\/wp-content\/uploads\/tkaniny\/sm\/Trinity\/Trinity-14.jpg\" loading=\"lazy\" alt=\"Trinity 14\">\n\t\t<\/a>\n\t\t<span class=\"d-block p-3\">Trinity 14<\/span>\n\t<\/div>\n\t<div class=\"col text-center\">\n\t\t<a href=\"https:\/\/domartstyl.com\/wp-content\/uploads\/tkaniny\/Trinity\/Trinity-15.jpg\" class=\"lightgallery-item\" title=\"Trinity 15\">\n\t\t\t<img decoding=\"async\" src=\"https:\/\/domartstyl.com\/wp-content\/uploads\/tkaniny\/sm\/Trinity\/Trinity-15.jpg\" loading=\"lazy\" alt=\"Trinity 15\">\n\t\t<\/a>\n\t\t<span class=\"d-block p-3\">Trinity 15<\/span>\n\t<\/div>\n\t<div class=\"col text-center\">\n\t\t<a href=\"https:\/\/domartstyl.com\/wp-content\/uploads\/tkaniny\/Trinity\/Trinity-16.jpg\" class=\"lightgallery-item\" title=\"Trinity 16\">\n\t\t\t<img decoding=\"async\" src=\"https:\/\/domartstyl.com\/wp-content\/uploads\/tkaniny\/sm\/Trinity\/Trinity-16.jpg\" loading=\"lazy\" alt=\"Trinity 16\">\n\t\t<\/a>\n\t\t<span class=\"d-block p-3\">Trinity 16<\/span>\n\t<\/div>\n\t<div class=\"col text-center\">\n\t\t<a href=\"https:\/\/domartstyl.com\/wp-content\/uploads\/tkaniny\/Trinity\/Trinity-18.jpg\" class=\"lightgallery-item\" title=\"Trinity 18\">\n\t\t\t<img decoding=\"async\" src=\"https:\/\/domartstyl.com\/wp-content\/uploads\/tkaniny\/sm\/Trinity\/Trinity-18.jpg\" loading=\"lazy\" alt=\"Trinity 18\">\n\t\t<\/a>\n\t\t<span class=\"d-block p-3\">Trinity 18<\/span>\n\t<\/div>\n\t<div class=\"col text-center\">\n\t\t<a href=\"https:\/\/domartstyl.com\/wp-content\/uploads\/tkaniny\/Trinity\/Trinity-19.jpg\" class=\"lightgallery-item\" title=\"Trinity 19\">\n\t\t\t<img decoding=\"async\" src=\"https:\/\/domartstyl.com\/wp-content\/uploads\/tkaniny\/sm\/Trinity\/Trinity-19.jpg\" loading=\"lazy\" alt=\"Trinity 19\">\n\t\t<\/a>\n\t\t<span class=\"d-block p-3\">Trinity 19<\/span>\n\t<\/div>\n\t<div class=\"col text-center\">\n\t\t<a href=\"https:\/\/domartstyl.com\/wp-content\/uploads\/tkaniny\/Trinity\/Trinity-21.jpg\" class=\"lightgallery-item\" title=\"Trinity 21\">\n\t\t\t<img decoding=\"async\" src=\"https:\/\/domartstyl.com\/wp-content\/uploads\/tkaniny\/sm\/Trinity\/Trinity-21.jpg\" loading=\"lazy\" alt=\"Trinity 21\">\n\t\t<\/a>\n\t\t<span class=\"d-block p-3\">Trinity 21<\/span>\n\t<\/div>\n\t<div class=\"col text-center\">\n\t\t<a href=\"https:\/\/domartstyl.com\/wp-content\/uploads\/tkaniny\/Trinity\/Trinity-22.jpg\" class=\"lightgallery-item\" title=\"Trinity 22\">\n\t\t\t<img decoding=\"async\" src=\"https:\/\/domartstyl.com\/wp-content\/uploads\/tkaniny\/sm\/Trinity\/Trinity-22.jpg\" loading=\"lazy\" alt=\"Trinity 22\">\n\t\t<\/a>\n\t\t<span class=\"d-block p-3\">Trinity 22<\/span>\n\t<\/div>\n\t<div class=\"col text-center\">\n\t\t<a href=\"\/wp-content\/uploads\/tkaniny\/Trinity\/Trinity-23.jpg\" class=\"lightgallery-item\" title=\"Trinity 23\">\n\t\t\t<img decoding=\"async\" src=\"\/wp-content\/uploads\/tkaniny\/sm\/Trinity\/Trinity-23.jpg\" loading=\"lazy\" alt=\"Trinity 23\">\n\t\t<\/a>\n\t\t<span class=\"d-block p-3\">Trinity 23<\/span>\n\t<\/div>\n\t<div class=\"col text-center\">\n\t\t<a href=\"\/wp-content\/uploads\/tkaniny\/Trinity\/Trinity-24.jpg\" class=\"lightgallery-item\" title=\"Trinity 24\">\n\t\t\t<img decoding=\"async\" src=\"\/wp-content\/uploads\/tkaniny\/sm\/Trinity\/Trinity-24.jpg\" loading=\"lazy\" alt=\"Trinity 24\">\n\t\t<\/a>\n\t\t<span class=\"d-block p-3\">Trinity 24<\/span>\n\t<\/div>\n\t<div class=\"col text-center\">\n\t\t<a href=\"\/wp-content\/uploads\/tkaniny\/Trinity\/Trinity-25.jpg\" class=\"lightgallery-item\" title=\"Trinity 25\">\n\t\t\t<img decoding=\"async\" src=\"\/wp-content\/uploads\/tkaniny\/sm\/Trinity\/Trinity-25.jpg\" loading=\"lazy\" alt=\"Trinity 25\">\n\t\t<\/a>\n\t\t<span class=\"d-block p-3\">Trinity 25<\/span>\n\t<\/div>\n\t<div class=\"col text-center\">\n\t\t<a href=\"\/wp-content\/uploads\/tkaniny\/Trinity\/Trinity-26.jpg\" class=\"lightgallery-item\" title=\"Trinity 26\">\n\t\t\t<img decoding=\"async\" src=\"\/wp-content\/uploads\/tkaniny\/sm\/Trinity\/Trinity-26.jpg\" loading=\"lazy\" alt=\"Trinity 26\">\n\t\t<\/a>\n\t\t<span class=\"d-block p-3\">Trinity 26<\/span>\n\t<\/div>\n\t<div class=\"col text-center\">\n\t\t<a href=\"\/wp-content\/uploads\/tkaniny\/Trinity\/Trinity-27.jpg\" class=\"lightgallery-item\" title=\"Trinity 27\">\n\t\t\t<img decoding=\"async\" src=\"\/wp-content\/uploads\/tkaniny\/sm\/Trinity\/Trinity-27.jpg\" loading=\"lazy\" alt=\"Trinity 27\">\n\t\t<\/a>\n\t\t<span class=\"d-block p-3\">Trinity 27<\/span>\n\t<\/div>\n\t<div class=\"col text-center\">\n\t\t<a href=\"\/wp-content\/uploads\/tkaniny\/Trinity\/Trinity-28.jpg\" class=\"lightgallery-item\" title=\"Trinity 28\">\n\t\t\t<img decoding=\"async\" src=\"\/wp-content\/uploads\/tkaniny\/sm\/Trinity\/Trinity-28.jpg\" loading=\"lazy\" alt=\"Trinity 28\">\n\t\t<\/a>\n\t\t<span class=\"d-block p-3\">Trinity 28<\/span>\n\t<\/div>\n\t<div class=\"col text-center\">\n\t\t<a href=\"\/wp-content\/uploads\/tkaniny\/Trinity\/Trinity-30.jpg\" class=\"lightgallery-item\" title=\"Trinity 30\">\n\t\t\t<img decoding=\"async\" src=\"\/wp-content\/uploads\/tkaniny\/sm\/Trinity\/Trinity-30.jpg\" loading=\"lazy\" alt=\"Trinity 30\">\n\t\t<\/a>\n\t\t<span class=\"d-block p-3\">Trinity 30<\/span>\n\t<\/div>\n\t<div class=\"col text-center\">\n\t\t<a href=\"\/wp-content\/uploads\/tkaniny\/Trinity\/Trinity-31.jpg\" class=\"lightgallery-item\" title=\"Trinity 31\">\n\t\t\t<img decoding=\"async\" src=\"\/wp-content\/uploads\/tkaniny\/sm\/Trinity\/Trinity-31.jpg\" loading=\"lazy\" alt=\"Trinity 31\">\n\t\t<\/a>\n\t\t<span class=\"d-block p-3\">Trinity 31<\/span>\n\t<\/div>\n\t<div class=\"col text-center\">\n\t\t<a href=\"\/wp-content\/uploads\/tkaniny\/Trinity\/Trinity-32.jpg\" class=\"lightgallery-item\" title=\"Trinity 32\">\n\t\t\t<img decoding=\"async\" src=\"\/wp-content\/uploads\/tkaniny\/sm\/Trinity\/Trinity-32.jpg\" loading=\"lazy\" alt=\"Trinity 32\">\n\t\t<\/a>\n\t\t<span class=\"d-block p-3\">Trinity 32<\/span>\n\t<\/div>\n\t<div class=\"col text-center\">\n\t\t<a href=\"\/wp-content\/uploads\/tkaniny\/Trinity\/Trinity-33.jpg\" class=\"lightgallery-item\" title=\"Trinity 33\">\n\t\t\t<img decoding=\"async\" src=\"\/wp-content\/uploads\/tkaniny\/sm\/Trinity\/Trinity-33.jpg\" loading=\"lazy\" alt=\"Trinity 33\">\n\t\t<\/a>\n\t\t<span class=\"d-block p-3\">Trinity 33<\/span>\n\t<\/div>\n\t<div class=\"col text-center\">\n\t\t<a href=\"\/wp-content\/uploads\/tkaniny\/Trinity\/Trinity-34.jpg\" class=\"lightgallery-item\" title=\"Trinity 34\">\n\t\t\t<img decoding=\"async\" src=\"\/wp-content\/uploads\/tkaniny\/sm\/Trinity\/Trinity-34.jpg\" loading=\"lazy\" alt=\"Trinity 34\">\n\t\t<\/a>\n\t\t<span class=\"d-block p-3\">Trinity 34<\/span>\n\t<\/div>\n<\/div>","protected":false},"excerpt":{"rendered":"<p>Technical Specifications Trinity 1 Trinity 2 Trinity 3 Trinity 4 Trinity 5 Trinity 6 Trinity 7 Trinity 8 Trinity 9 [&hellip;]<\/p>\n","protected":false},"author":41,"featured_media":0,"parent":3883,"menu_order":0,"comment_status":"closed","ping_status":"closed","template":"page-gallery.php","meta":{"footnotes":""},"class_list":["post-5574","page","type-page","status-publish","hentry"],"yoast_head":"<!-- This site is optimized with the Yoast SEO Premium plugin v25.0 (Yoast SEO v25.0) - https:\/\/yoast.com\/wordpress\/plugins\/seo\/ -->\n<title>Trinity (S.I.C.) - DomArtStyl<\/title>\n<meta name=\"robots\" content=\"index, follow, max-snippet:-1, max-image-preview:large, max-video-preview:-1\" \/>\n<link rel=\"canonical\" href=\"https:\/\/domartstyl.com\/en\/fabrics\/trinity\/\" \/>\n<meta property=\"og:locale\" content=\"en_US\" \/>\n<meta property=\"og:type\" content=\"article\" \/>\n<meta property=\"og:title\" content=\"Trinity (S.I.C.)\" \/>\n<meta property=\"og:description\" content=\"Technical Specifications Trinity 1 Trinity 2 Trinity 3 Trinity 4 Trinity 5 Trinity 6 Trinity 7 Trinity 8 Trinity 9 [&hellip;]\" \/>\n<meta property=\"og:url\" content=\"https:\/\/domartstyl.com\/en\/fabrics\/trinity\/\" \/>\n<meta property=\"og:site_name\" content=\"DomArtStyl\" \/>\n<meta property=\"article:publisher\" content=\"https:\/\/www.facebook.com\/DomArtStyl\/\" \/>\n<meta property=\"article:modified_time\" content=\"2024-10-22T08:34:11+00:00\" \/>\n<meta property=\"og:image\" content=\"https:\/\/domartstyl.com\/wp-content\/uploads\/tkaniny\/sm\/Trinity\/Trinity-1.jpg\" \/>\n<meta name=\"twitter:card\" content=\"summary_large_image\" \/>\n<meta name=\"twitter:site\" content=\"@DomArtStyl_pl\" \/>\n<meta name=\"twitter:label1\" content=\"Est. reading time\" \/>\n\t<meta name=\"twitter:data1\" content=\"7 minutes\" \/>\n<script type=\"application\/ld+json\" class=\"yoast-schema-graph\">{\"@context\":\"https:\/\/schema.org\",\"@graph\":[{\"@type\":\"WebPage\",\"@id\":\"https:\/\/domartstyl.com\/en\/fabrics\/trinity\/\",\"url\":\"https:\/\/domartstyl.com\/en\/fabrics\/trinity\/\",\"name\":\"Trinity (S.I.C.) - DomArtStyl\",\"isPartOf\":{\"@id\":\"https:\/\/domartstyl.com\/en\/#website\"},\"primaryImageOfPage\":{\"@id\":\"https:\/\/domartstyl.com\/en\/fabrics\/trinity\/#primaryimage\"},\"image\":{\"@id\":\"https:\/\/domartstyl.com\/en\/fabrics\/trinity\/#primaryimage\"},\"thumbnailUrl\":\"https:\/\/domartstyl.com\/wp-content\/uploads\/tkaniny\/sm\/Trinity\/Trinity-1.jpg\",\"datePublished\":\"2018-04-16T09:49:20+00:00\",\"dateModified\":\"2024-10-22T08:34:11+00:00\",\"breadcrumb\":{\"@id\":\"https:\/\/domartstyl.com\/en\/fabrics\/trinity\/#breadcrumb\"},\"inLanguage\":\"en-US\",\"potentialAction\":[{\"@type\":\"ReadAction\",\"target\":[\"https:\/\/domartstyl.com\/en\/fabrics\/trinity\/\"]}]},{\"@type\":\"ImageObject\",\"inLanguage\":\"en-US\",\"@id\":\"https:\/\/domartstyl.com\/en\/fabrics\/trinity\/#primaryimage\",\"url\":\"https:\/\/domartstyl.com\/wp-content\/uploads\/tkaniny\/sm\/Trinity\/Trinity-1.jpg\",\"contentUrl\":\"https:\/\/domartstyl.com\/wp-content\/uploads\/tkaniny\/sm\/Trinity\/Trinity-1.jpg\"},{\"@type\":\"BreadcrumbList\",\"@id\":\"https:\/\/domartstyl.com\/en\/fabrics\/trinity\/#breadcrumb\",\"itemListElement\":[{\"@type\":\"ListItem\",\"position\":1,\"name\":\"Strona g\u0142\u00f3wna\",\"item\":\"https:\/\/domartstyl.com\/en\/\"},{\"@type\":\"ListItem\",\"position\":2,\"name\":\"Fabrics\",\"item\":\"https:\/\/domartstyl.com\/en\/fabrics\/\"},{\"@type\":\"ListItem\",\"position\":3,\"name\":\"Trinity (S.I.C.)\"}]},{\"@type\":\"WebSite\",\"@id\":\"https:\/\/domartstyl.com\/en\/#website\",\"url\":\"https:\/\/domartstyl.com\/en\/\",\"name\":\"DomArtStyl\",\"description\":\"Tworzymy meble najwy\u017cszej jako\u015bci. Sprzeda\u017c detaliczna \u00b7 Sprzeda\u017c hurtowa\",\"publisher\":{\"@id\":\"https:\/\/domartstyl.com\/en\/#organization\"},\"potentialAction\":[{\"@type\":\"SearchAction\",\"target\":{\"@type\":\"EntryPoint\",\"urlTemplate\":\"https:\/\/domartstyl.com\/en\/?s={search_term_string}\"},\"query-input\":{\"@type\":\"PropertyValueSpecification\",\"valueRequired\":true,\"valueName\":\"search_term_string\"}}],\"inLanguage\":\"en-US\"},{\"@type\":\"Organization\",\"@id\":\"https:\/\/domartstyl.com\/en\/#organization\",\"name\":\"DomArtStyl\",\"url\":\"https:\/\/domartstyl.com\/en\/\",\"logo\":{\"@type\":\"ImageObject\",\"inLanguage\":\"en-US\",\"@id\":\"https:\/\/domartstyl.com\/en\/#\/schema\/logo\/image\/\",\"url\":\"https:\/\/domartstyl.com\/wp-content\/uploads\/2018\/04\/Logo_300_width.png\",\"contentUrl\":\"https:\/\/domartstyl.com\/wp-content\/uploads\/2018\/04\/Logo_300_width.png\",\"width\":300,\"height\":140,\"caption\":\"DomArtStyl\"},\"image\":{\"@id\":\"https:\/\/domartstyl.com\/en\/#\/schema\/logo\/image\/\"},\"sameAs\":[\"https:\/\/www.facebook.com\/DomArtStyl\/\",\"https:\/\/x.com\/DomArtStyl_pl\",\"https:\/\/www.instagram.com\/domartstyl\/?hl=en\",\"https:\/\/pl.pinterest.com\/domartstyl01\/\",\"https:\/\/www.youtube.com\/channel\/UCkISSgvMomI6yFFL3JDbLhw\"]}]}<\/script>\n<!-- \/ Yoast SEO Premium plugin. -->","yoast_head_json":{"title":"Trinity (S.I.C.) - DomArtStyl","robots":{"index":"index","follow":"follow","max-snippet":"max-snippet:-1","max-image-preview":"max-image-preview:large","max-video-preview":"max-video-preview:-1"},"canonical":"https:\/\/domartstyl.com\/en\/fabrics\/trinity\/","og_locale":"en_US","og_type":"article","og_title":"Trinity (S.I.C.)","og_description":"Technical Specifications Trinity 1 Trinity 2 Trinity 3 Trinity 4 Trinity 5 Trinity 6 Trinity 7 Trinity 8 Trinity 9 [&hellip;]","og_url":"https:\/\/domartstyl.com\/en\/fabrics\/trinity\/","og_site_name":"DomArtStyl","article_publisher":"https:\/\/www.facebook.com\/DomArtStyl\/","article_modified_time":"2024-10-22T08:34:11+00:00","og_image":[{"url":"https:\/\/domartstyl.com\/wp-content\/uploads\/tkaniny\/sm\/Trinity\/Trinity-1.jpg","type":"","width":"","height":""}],"twitter_card":"summary_large_image","twitter_site":"@DomArtStyl_pl","twitter_misc":{"Est. reading time":"7 minutes"},"schema":{"@context":"https:\/\/schema.org","@graph":[{"@type":"WebPage","@id":"https:\/\/domartstyl.com\/en\/fabrics\/trinity\/","url":"https:\/\/domartstyl.com\/en\/fabrics\/trinity\/","name":"Trinity (S.I.C.) - DomArtStyl","isPartOf":{"@id":"https:\/\/domartstyl.com\/en\/#website"},"primaryImageOfPage":{"@id":"https:\/\/domartstyl.com\/en\/fabrics\/trinity\/#primaryimage"},"image":{"@id":"https:\/\/domartstyl.com\/en\/fabrics\/trinity\/#primaryimage"},"thumbnailUrl":"https:\/\/domartstyl.com\/wp-content\/uploads\/tkaniny\/sm\/Trinity\/Trinity-1.jpg","datePublished":"2018-04-16T09:49:20+00:00","dateModified":"2024-10-22T08:34:11+00:00","breadcrumb":{"@id":"https:\/\/domartstyl.com\/en\/fabrics\/trinity\/#breadcrumb"},"inLanguage":"en-US","potentialAction":[{"@type":"ReadAction","target":["https:\/\/domartstyl.com\/en\/fabrics\/trinity\/"]}]},{"@type":"ImageObject","inLanguage":"en-US","@id":"https:\/\/domartstyl.com\/en\/fabrics\/trinity\/#primaryimage","url":"https:\/\/domartstyl.com\/wp-content\/uploads\/tkaniny\/sm\/Trinity\/Trinity-1.jpg","contentUrl":"https:\/\/domartstyl.com\/wp-content\/uploads\/tkaniny\/sm\/Trinity\/Trinity-1.jpg"},{"@type":"BreadcrumbList","@id":"https:\/\/domartstyl.com\/en\/fabrics\/trinity\/#breadcrumb","itemListElement":[{"@type":"ListItem","position":1,"name":"Strona g\u0142\u00f3wna","item":"https:\/\/domartstyl.com\/en\/"},{"@type":"ListItem","position":2,"name":"Fabrics","item":"https:\/\/domartstyl.com\/en\/fabrics\/"},{"@type":"ListItem","position":3,"name":"Trinity (S.I.C.)"}]},{"@type":"WebSite","@id":"https:\/\/domartstyl.com\/en\/#website","url":"https:\/\/domartstyl.com\/en\/","name":"DomArtStyl","description":"Tworzymy meble najwy\u017cszej jako\u015bci. Sprzeda\u017c detaliczna \u00b7 Sprzeda\u017c hurtowa","publisher":{"@id":"https:\/\/domartstyl.com\/en\/#organization"},"potentialAction":[{"@type":"SearchAction","target":{"@type":"EntryPoint","urlTemplate":"https:\/\/domartstyl.com\/en\/?s={search_term_string}"},"query-input":{"@type":"PropertyValueSpecification","valueRequired":true,"valueName":"search_term_string"}}],"inLanguage":"en-US"},{"@type":"Organization","@id":"https:\/\/domartstyl.com\/en\/#organization","name":"DomArtStyl","url":"https:\/\/domartstyl.com\/en\/","logo":{"@type":"ImageObject","inLanguage":"en-US","@id":"https:\/\/domartstyl.com\/en\/#\/schema\/logo\/image\/","url":"https:\/\/domartstyl.com\/wp-content\/uploads\/2018\/04\/Logo_300_width.png","contentUrl":"https:\/\/domartstyl.com\/wp-content\/uploads\/2018\/04\/Logo_300_width.png","width":300,"height":140,"caption":"DomArtStyl"},"image":{"@id":"https:\/\/domartstyl.com\/en\/#\/schema\/logo\/image\/"},"sameAs":["https:\/\/www.facebook.com\/DomArtStyl\/","https:\/\/x.com\/DomArtStyl_pl","https:\/\/www.instagram.com\/domartstyl\/?hl=en","https:\/\/pl.pinterest.com\/domartstyl01\/","https:\/\/www.youtube.com\/channel\/UCkISSgvMomI6yFFL3JDbLhw"]}]}},"_links":{"self":[{"href":"https:\/\/domartstyl.com\/en\/wp-json\/wp\/v2\/pages\/5574","targetHints":{"allow":["GET"]}}],"collection":[{"href":"https:\/\/domartstyl.com\/en\/wp-json\/wp\/v2\/pages"}],"about":[{"href":"https:\/\/domartstyl.com\/en\/wp-json\/wp\/v2\/types\/page"}],"author":[{"embeddable":true,"href":"https:\/\/domartstyl.com\/en\/wp-json\/wp\/v2\/users\/41"}],"replies":[{"embeddable":true,"href":"https:\/\/domartstyl.com\/en\/wp-json\/wp\/v2\/comments?post=5574"}],"version-history":[{"count":0,"href":"https:\/\/domartstyl.com\/en\/wp-json\/wp\/v2\/pages\/5574\/revisions"}],"up":[{"embeddable":true,"href":"https:\/\/domartstyl.com\/en\/wp-json\/wp\/v2\/pages\/3883"}],"wp:attachment":[{"href":"https:\/\/domartstyl.com\/en\/wp-json\/wp\/v2\/media?parent=5574"}],"curies":[{"name":"wp","href":"https:\/\/api.w.org\/{rel}","templated":true}]}}