{"id":55151,"date":"2019-08-23T08:47:01","date_gmt":"2019-08-23T07:47:01","guid":{"rendered":"https:\/\/domartstyl.com\/?page_id=55151"},"modified":"2022-01-02T11:02:44","modified_gmt":"2022-01-02T10:02:44","slug":"monolith-davis","status":"publish","type":"page","link":"https:\/\/domartstyl.com\/en\/fabrics\/monolith-davis\/","title":{"rendered":"Monolith (Davis)"},"content":{"rendered":"<div class=\"text-center mb-3\">\n\t<a href=\"https:\/\/domartstyl.com\/wp-content\/uploads\/2019\/05\/MONOLITH.pdf\" class=\"btn btn-primary\" target=\"_blank\" title=\"View Technical Specifications\" rel=\"noopener\">Technical Specifications<\/a>\n<\/div>\n<div class=\"row row-cols-2 row-cols-sm-3 row-cols-md-4 row-cols-lg-6 g-4 mt-0 mb-5\" id=\"lightgallery\">\n\t<div class=\"col text-center\">\n\t\t<a href=\"https:\/\/domartstyl.com\/wp-content\/uploads\/tkaniny\/Monolith\/Monolith-2.webp\" class=\"lightgallery-item\" title=\"Monolith 2\">\n\t\t\t<img decoding=\"async\" src=\"https:\/\/domartstyl.com\/wp-content\/uploads\/tkaniny\/sm\/Monolith\/Monolith-2.webp\" loading=\"lazy\" alt=\"Monolith 2\">\n\t\t<\/a>\n\t\t<span class=\"d-block p-3\">Monolith 2<\/span>\n\t<\/div>\n\t<div class=\"col text-center\">\n\t\t<a href=\"https:\/\/domartstyl.com\/wp-content\/uploads\/tkaniny\/Monolith\/Monolith-4.webp\" class=\"lightgallery-item\" title=\"Monolith 4\">\n\t\t\t<img decoding=\"async\" src=\"https:\/\/domartstyl.com\/wp-content\/uploads\/tkaniny\/sm\/Monolith\/Monolith-4.webp\" loading=\"lazy\" alt=\"Monolith 4\">\n\t\t<\/a>\n\t\t<span class=\"d-block p-3\">Monolith 4<\/span>\n\t<\/div>\n\t<div class=\"col text-center\">\n\t\t<a href=\"https:\/\/domartstyl.com\/wp-content\/uploads\/tkaniny\/Monolith\/Monolith-9.webp\" class=\"lightgallery-item\" title=\"Monolith 9\">\n\t\t\t<img decoding=\"async\" src=\"https:\/\/domartstyl.com\/wp-content\/uploads\/tkaniny\/sm\/Monolith\/Monolith-9.webp\" loading=\"lazy\" alt=\"Monolith 9\">\n\t\t<\/a>\n\t\t<span class=\"d-block p-3\">Monolith 9<\/span>\n\t<\/div>\n\t<div class=\"col text-center\">\n\t\t<a href=\"https:\/\/domartstyl.com\/wp-content\/uploads\/tkaniny\/Monolith\/Monolith-15.webp\" class=\"lightgallery-item\" title=\"Monolith 15\">\n\t\t\t<img decoding=\"async\" src=\"https:\/\/domartstyl.com\/wp-content\/uploads\/tkaniny\/sm\/Monolith\/Monolith-15.webp\" loading=\"lazy\" alt=\"Monolith 15\">\n\t\t<\/a>\n\t\t<span class=\"d-block p-3\">Monolith 15<\/span>\n\t<\/div>\n\t<div class=\"col text-center\">\n\t\t<a href=\"https:\/\/domartstyl.com\/wp-content\/uploads\/tkaniny\/Monolith\/Monolith-20.webp\" class=\"lightgallery-item\" title=\"Monolith 20\">\n\t\t\t<img decoding=\"async\" src=\"https:\/\/domartstyl.com\/wp-content\/uploads\/tkaniny\/sm\/Monolith\/Monolith-20.webp\" loading=\"lazy\" alt=\"Monolith 20\">\n\t\t<\/a>\n\t\t<span class=\"d-block p-3\">Monolith 20<\/span>\n\t<\/div>\n\t<div class=\"col text-center\">\n\t\t<a href=\"https:\/\/domartstyl.com\/wp-content\/uploads\/tkaniny\/Monolith\/Monolith-29.webp\" class=\"lightgallery-item\" title=\"Monolith 29\">\n\t\t\t<img decoding=\"async\" src=\"https:\/\/domartstyl.com\/wp-content\/uploads\/tkaniny\/sm\/Monolith\/Monolith-29.webp\" loading=\"lazy\" alt=\"Monolith 29\">\n\t\t<\/a>\n\t\t<span class=\"d-block p-3\">Monolith 29<\/span>\n\t<\/div>\n\t<div class=\"col text-center\">\n\t\t<a href=\"https:\/\/domartstyl.com\/wp-content\/uploads\/tkaniny\/Monolith\/Monolith-37.webp\" class=\"lightgallery-item\" title=\"Monolith 37\">\n\t\t\t<img decoding=\"async\" src=\"https:\/\/domartstyl.com\/wp-content\/uploads\/tkaniny\/sm\/Monolith\/Monolith-37.webp\" loading=\"lazy\" alt=\"Monolith 37\">\n\t\t<\/a>\n\t\t<span class=\"d-block p-3\">Monolith 37<\/span>\n\t<\/div>\n\t<div class=\"col text-center\">\n\t\t<a href=\"https:\/\/domartstyl.com\/wp-content\/uploads\/tkaniny\/Monolith\/Monolith-38.webp\" class=\"lightgallery-item\" title=\"Monolith 38\">\n\t\t\t<img decoding=\"async\" src=\"https:\/\/domartstyl.com\/wp-content\/uploads\/tkaniny\/sm\/Monolith\/Monolith-38.webp\" loading=\"lazy\" alt=\"Monolith 38\">\n\t\t<\/a>\n\t\t<span class=\"d-block p-3\">Monolith 38<\/span>\n\t<\/div>\n\t<div class=\"col text-center\">\n\t\t<a href=\"https:\/\/domartstyl.com\/wp-content\/uploads\/tkaniny\/Monolith\/Monolith-48.webp\" class=\"lightgallery-item\" title=\"Monolith 48\">\n\t\t\t<img decoding=\"async\" src=\"https:\/\/domartstyl.com\/wp-content\/uploads\/tkaniny\/sm\/Monolith\/Monolith-48.webp\" loading=\"lazy\" alt=\"Monolith 48\">\n\t\t<\/a>\n\t\t<span class=\"d-block p-3\">Monolith 48<\/span>\n\t<\/div>\n\t<div class=\"col text-center\">\n\t\t<a href=\"https:\/\/domartstyl.com\/wp-content\/uploads\/tkaniny\/Monolith\/Monolith-59.webp\" class=\"lightgallery-item\" title=\"Monolith 59\">\n\t\t\t<img decoding=\"async\" src=\"https:\/\/domartstyl.com\/wp-content\/uploads\/tkaniny\/sm\/Monolith\/Monolith-59.webp\" loading=\"lazy\" alt=\"Monolith 59\">\n\t\t<\/a>\n\t\t<span class=\"d-block p-3\">Monolith 59<\/span>\n\t<\/div>\n\t<div class=\"col text-center\">\n\t\t<a href=\"https:\/\/domartstyl.com\/wp-content\/uploads\/tkaniny\/Monolith\/Monolith-61.webp\" class=\"lightgallery-item\" title=\"Monolith 61\">\n\t\t\t<img decoding=\"async\" src=\"https:\/\/domartstyl.com\/wp-content\/uploads\/tkaniny\/sm\/Monolith\/Monolith-61.webp\" loading=\"lazy\" alt=\"Monolith 61\">\n\t\t<\/a>\n\t\t<span class=\"d-block p-3\">Monolith 61<\/span>\n\t<\/div>\n\t<div class=\"col text-center\">\n\t\t<a href=\"https:\/\/domartstyl.com\/wp-content\/uploads\/tkaniny\/Monolith\/Monolith-62.webp\" class=\"lightgallery-item\" title=\"Monolith 62\">\n\t\t\t<img decoding=\"async\" src=\"https:\/\/domartstyl.com\/wp-content\/uploads\/tkaniny\/sm\/Monolith\/Monolith-62.webp\" loading=\"lazy\" alt=\"Monolith 62\">\n\t\t<\/a>\n\t\t<span class=\"d-block p-3\">Monolith 62<\/span>\n\t<\/div>\n\t<div class=\"col text-center\">\n\t\t<a href=\"https:\/\/domartstyl.com\/wp-content\/uploads\/tkaniny\/Monolith\/Monolith-63.webp\" class=\"lightgallery-item\" title=\"Monolith 63\">\n\t\t\t<img decoding=\"async\" src=\"https:\/\/domartstyl.com\/wp-content\/uploads\/tkaniny\/sm\/Monolith\/Monolith-63.webp\" loading=\"lazy\" alt=\"Monolith 63\">\n\t\t<\/a>\n\t\t<span class=\"d-block p-3\">Monolith 63<\/span>\n\t<\/div>\n\t<div class=\"col text-center\">\n\t\t<a href=\"https:\/\/domartstyl.com\/wp-content\/uploads\/tkaniny\/Monolith\/Monolith-69.webp\" class=\"lightgallery-item\" title=\"Monolith 69\">\n\t\t\t<img decoding=\"async\" src=\"https:\/\/domartstyl.com\/wp-content\/uploads\/tkaniny\/sm\/Monolith\/Monolith-69.webp\" loading=\"lazy\" alt=\"Monolith 69\">\n\t\t<\/a>\n\t\t<span class=\"d-block p-3\">Monolith 69<\/span>\n\t<\/div>\n\t<div class=\"col text-center\">\n\t\t<a href=\"https:\/\/domartstyl.com\/wp-content\/uploads\/tkaniny\/Monolith\/Monolith-70.webp\" class=\"lightgallery-item\" title=\"Monolith 70\">\n\t\t\t<img decoding=\"async\" src=\"https:\/\/domartstyl.com\/wp-content\/uploads\/tkaniny\/sm\/Monolith\/Monolith-70.webp\" loading=\"lazy\" alt=\"Monolith 70\">\n\t\t<\/a>\n\t\t<span class=\"d-block p-3\">Monolith 70<\/span>\n\t<\/div>\n\t<div class=\"col text-center\">\n\t\t<a href=\"https:\/\/domartstyl.com\/wp-content\/uploads\/tkaniny\/Monolith\/Monolith-72.webp\" class=\"lightgallery-item\" title=\"Monolith 72\">\n\t\t\t<img decoding=\"async\" src=\"https:\/\/domartstyl.com\/wp-content\/uploads\/tkaniny\/sm\/Monolith\/Monolith-72.webp\" loading=\"lazy\" alt=\"Monolith 72\">\n\t\t<\/a>\n\t\t<span class=\"d-block p-3\">Monolith 72<\/span>\n\t<\/div>\n\t<div class=\"col text-center\">\n\t\t<a href=\"https:\/\/domartstyl.com\/wp-content\/uploads\/tkaniny\/Monolith\/Monolith-76.webp\" class=\"lightgallery-item\" title=\"Monolith 76\">\n\t\t\t<img decoding=\"async\" src=\"https:\/\/domartstyl.com\/wp-content\/uploads\/tkaniny\/sm\/Monolith\/Monolith-76.webp\" loading=\"lazy\" alt=\"Monolith 76\">\n\t\t<\/a>\n\t\t<span class=\"d-block p-3\">Monolith 76<\/span>\n\t<\/div>\n\t<div class=\"col text-center\">\n\t\t<a href=\"https:\/\/domartstyl.com\/wp-content\/uploads\/tkaniny\/Monolith\/Monolith-77.webp\" class=\"lightgallery-item\" title=\"Monolith 77\">\n\t\t\t<img decoding=\"async\" src=\"https:\/\/domartstyl.com\/wp-content\/uploads\/tkaniny\/sm\/Monolith\/Monolith-77.webp\" loading=\"lazy\" alt=\"Monolith 77\">\n\t\t<\/a>\n\t\t<span class=\"d-block p-3\">Monolith 77<\/span>\n\t<\/div>\n\t<div class=\"col text-center\">\n\t\t<a href=\"https:\/\/domartstyl.com\/wp-content\/uploads\/tkaniny\/Monolith\/Monolith-79.webp\" class=\"lightgallery-item\" title=\"Monolith 79\">\n\t\t\t<img decoding=\"async\" src=\"https:\/\/domartstyl.com\/wp-content\/uploads\/tkaniny\/sm\/Monolith\/Monolith-79.webp\" loading=\"lazy\" alt=\"Monolith 79\">\n\t\t<\/a>\n\t\t<span class=\"d-block p-3\">Monolith 79<\/span>\n\t<\/div>\n\t<div class=\"col text-center\">\n\t\t<a href=\"https:\/\/domartstyl.com\/wp-content\/uploads\/tkaniny\/Monolith\/Monolith-84.webp\" class=\"lightgallery-item\" title=\"Monolith 84\">\n\t\t\t<img decoding=\"async\" src=\"https:\/\/domartstyl.com\/wp-content\/uploads\/tkaniny\/sm\/Monolith\/Monolith-84.webp\" loading=\"lazy\" alt=\"Monolith 84\">\n\t\t<\/a>\n\t\t<span class=\"d-block p-3\">Monolith 84<\/span>\n\t<\/div>\n\t<div class=\"col text-center\">\n\t\t<a href=\"https:\/\/domartstyl.com\/wp-content\/uploads\/tkaniny\/Monolith\/Monolith-85.webp\" class=\"lightgallery-item\" title=\"Monolith 85\">\n\t\t\t<img decoding=\"async\" src=\"https:\/\/domartstyl.com\/wp-content\/uploads\/tkaniny\/sm\/Monolith\/Monolith-85.webp\" loading=\"lazy\" alt=\"Monolith 85\">\n\t\t<\/a>\n\t\t<span class=\"d-block p-3\">Monolith 85<\/span>\n\t<\/div>\n\t<div class=\"col text-center\">\n\t\t<a href=\"https:\/\/domartstyl.com\/wp-content\/uploads\/tkaniny\/Monolith\/Monolith-92.webp\" class=\"lightgallery-item\" title=\"Monolith 92\">\n\t\t\t<img decoding=\"async\" src=\"https:\/\/domartstyl.com\/wp-content\/uploads\/tkaniny\/sm\/Monolith\/Monolith-92.webp\" loading=\"lazy\" alt=\"Monolith 92\">\n\t\t<\/a>\n\t\t<span class=\"d-block p-3\">Monolith 92<\/span>\n\t<\/div>\n\t<div class=\"col text-center\">\n\t\t<a href=\"https:\/\/domartstyl.com\/wp-content\/uploads\/tkaniny\/Monolith\/Monolith-95.webp\" class=\"lightgallery-item\" title=\"Monolith 95\">\n\t\t\t<img decoding=\"async\" src=\"https:\/\/domartstyl.com\/wp-content\/uploads\/tkaniny\/sm\/Monolith\/Monolith-95.webp\" loading=\"lazy\" alt=\"Monolith 95\">\n\t\t<\/a>\n\t\t<span class=\"d-block p-3\">Monolith 95<\/span>\n\t<\/div>\n\t<div class=\"col text-center\">\n\t\t<a href=\"https:\/\/domartstyl.com\/wp-content\/uploads\/tkaniny\/Monolith\/Monolith-97.webp\" class=\"lightgallery-item\" title=\"Monolith 97\">\n\t\t\t<img decoding=\"async\" src=\"https:\/\/domartstyl.com\/wp-content\/uploads\/tkaniny\/sm\/Monolith\/Monolith-97.webp\" loading=\"lazy\" alt=\"Monolith 97\">\n\t\t<\/a>\n\t\t<span class=\"d-block p-3\">Monolith 97<\/span>\n\t<\/div>\n<\/div>","protected":false},"excerpt":{"rendered":"<p>Technical Specifications Monolith 2 Monolith 4 Monolith 9 Monolith 15 Monolith 20 Monolith 29 Monolith 37 Monolith 38 Monolith 48 [&hellip;]<\/p>\n","protected":false},"author":41,"featured_media":0,"parent":3883,"menu_order":0,"comment_status":"closed","ping_status":"closed","template":"page-gallery.php","meta":{"footnotes":""},"class_list":["post-55151","page","type-page","status-publish","hentry"],"yoast_head":"<!-- This site is optimized with the Yoast SEO Premium plugin v25.0 (Yoast SEO v25.0) - https:\/\/yoast.com\/wordpress\/plugins\/seo\/ -->\n<title>Monolith (Davis) Technical Specifications - DomArtStyl<\/title>\n<meta name=\"robots\" content=\"index, follow, max-snippet:-1, max-image-preview:large, max-video-preview:-1\" \/>\n<link rel=\"canonical\" href=\"https:\/\/domartstyl.com\/en\/fabrics\/monolith-davis\/\" \/>\n<meta property=\"og:locale\" content=\"en_US\" \/>\n<meta property=\"og:type\" content=\"article\" \/>\n<meta property=\"og:title\" content=\"Monolith (Davis)\" \/>\n<meta property=\"og:description\" content=\"Technical Specifications Monolith 2 Monolith 4 Monolith 9 Monolith 15 Monolith 20 Monolith 29 Monolith 37 Monolith 38 Monolith 48 [&hellip;]\" \/>\n<meta property=\"og:url\" content=\"https:\/\/domartstyl.com\/en\/fabrics\/monolith-davis\/\" \/>\n<meta property=\"og:site_name\" content=\"DomArtStyl\" \/>\n<meta property=\"article:publisher\" content=\"https:\/\/www.facebook.com\/DomArtStyl\/\" \/>\n<meta property=\"article:modified_time\" content=\"2022-01-02T10:02:44+00:00\" \/>\n<meta property=\"og:image\" content=\"https:\/\/domartstyl.com\/wp-content\/uploads\/tkaniny\/sm\/Monolith\/Monolith-2.webp\" \/>\n<meta name=\"twitter:card\" content=\"summary_large_image\" \/>\n<meta name=\"twitter:site\" content=\"@DomArtStyl_pl\" \/>\n<script type=\"application\/ld+json\" class=\"yoast-schema-graph\">{\"@context\":\"https:\/\/schema.org\",\"@graph\":[{\"@type\":\"WebPage\",\"@id\":\"https:\/\/domartstyl.com\/en\/fabrics\/monolith-davis\/\",\"url\":\"https:\/\/domartstyl.com\/en\/fabrics\/monolith-davis\/\",\"name\":\"Monolith (Davis) Technical Specifications - DomArtStyl\",\"isPartOf\":{\"@id\":\"https:\/\/domartstyl.com\/en\/#website\"},\"primaryImageOfPage\":{\"@id\":\"https:\/\/domartstyl.com\/en\/fabrics\/monolith-davis\/#primaryimage\"},\"image\":{\"@id\":\"https:\/\/domartstyl.com\/en\/fabrics\/monolith-davis\/#primaryimage\"},\"thumbnailUrl\":\"https:\/\/domartstyl.com\/wp-content\/uploads\/tkaniny\/sm\/Monolith\/Monolith-2.webp\",\"datePublished\":\"2019-08-23T07:47:01+00:00\",\"dateModified\":\"2022-01-02T10:02:44+00:00\",\"breadcrumb\":{\"@id\":\"https:\/\/domartstyl.com\/en\/fabrics\/monolith-davis\/#breadcrumb\"},\"inLanguage\":\"en-US\",\"potentialAction\":[{\"@type\":\"ReadAction\",\"target\":[\"https:\/\/domartstyl.com\/en\/fabrics\/monolith-davis\/\"]}]},{\"@type\":\"ImageObject\",\"inLanguage\":\"en-US\",\"@id\":\"https:\/\/domartstyl.com\/en\/fabrics\/monolith-davis\/#primaryimage\",\"url\":\"https:\/\/domartstyl.com\/wp-content\/uploads\/tkaniny\/sm\/Monolith\/Monolith-2.webp\",\"contentUrl\":\"https:\/\/domartstyl.com\/wp-content\/uploads\/tkaniny\/sm\/Monolith\/Monolith-2.webp\"},{\"@type\":\"BreadcrumbList\",\"@id\":\"https:\/\/domartstyl.com\/en\/fabrics\/monolith-davis\/#breadcrumb\",\"itemListElement\":[{\"@type\":\"ListItem\",\"position\":1,\"name\":\"Strona g\u0142\u00f3wna\",\"item\":\"https:\/\/domartstyl.com\/en\/\"},{\"@type\":\"ListItem\",\"position\":2,\"name\":\"Fabrics\",\"item\":\"https:\/\/domartstyl.com\/en\/fabrics\/\"},{\"@type\":\"ListItem\",\"position\":3,\"name\":\"Monolith (Davis)\"}]},{\"@type\":\"WebSite\",\"@id\":\"https:\/\/domartstyl.com\/en\/#website\",\"url\":\"https:\/\/domartstyl.com\/en\/\",\"name\":\"DomArtStyl\",\"description\":\"Tworzymy meble najwy\u017cszej jako\u015bci. Sprzeda\u017c detaliczna \u00b7 Sprzeda\u017c hurtowa\",\"publisher\":{\"@id\":\"https:\/\/domartstyl.com\/en\/#organization\"},\"potentialAction\":[{\"@type\":\"SearchAction\",\"target\":{\"@type\":\"EntryPoint\",\"urlTemplate\":\"https:\/\/domartstyl.com\/en\/?s={search_term_string}\"},\"query-input\":{\"@type\":\"PropertyValueSpecification\",\"valueRequired\":true,\"valueName\":\"search_term_string\"}}],\"inLanguage\":\"en-US\"},{\"@type\":\"Organization\",\"@id\":\"https:\/\/domartstyl.com\/en\/#organization\",\"name\":\"DomArtStyl\",\"url\":\"https:\/\/domartstyl.com\/en\/\",\"logo\":{\"@type\":\"ImageObject\",\"inLanguage\":\"en-US\",\"@id\":\"https:\/\/domartstyl.com\/en\/#\/schema\/logo\/image\/\",\"url\":\"https:\/\/domartstyl.com\/wp-content\/uploads\/2018\/04\/Logo_300_width.png\",\"contentUrl\":\"https:\/\/domartstyl.com\/wp-content\/uploads\/2018\/04\/Logo_300_width.png\",\"width\":300,\"height\":140,\"caption\":\"DomArtStyl\"},\"image\":{\"@id\":\"https:\/\/domartstyl.com\/en\/#\/schema\/logo\/image\/\"},\"sameAs\":[\"https:\/\/www.facebook.com\/DomArtStyl\/\",\"https:\/\/x.com\/DomArtStyl_pl\",\"https:\/\/www.instagram.com\/domartstyl\/?hl=en\",\"https:\/\/pl.pinterest.com\/domartstyl01\/\",\"https:\/\/www.youtube.com\/channel\/UCkISSgvMomI6yFFL3JDbLhw\"]}]}<\/script>\n<!-- \/ Yoast SEO Premium plugin. -->","yoast_head_json":{"title":"Monolith (Davis) Technical Specifications - DomArtStyl","robots":{"index":"index","follow":"follow","max-snippet":"max-snippet:-1","max-image-preview":"max-image-preview:large","max-video-preview":"max-video-preview:-1"},"canonical":"https:\/\/domartstyl.com\/en\/fabrics\/monolith-davis\/","og_locale":"en_US","og_type":"article","og_title":"Monolith (Davis)","og_description":"Technical Specifications Monolith 2 Monolith 4 Monolith 9 Monolith 15 Monolith 20 Monolith 29 Monolith 37 Monolith 38 Monolith 48 [&hellip;]","og_url":"https:\/\/domartstyl.com\/en\/fabrics\/monolith-davis\/","og_site_name":"DomArtStyl","article_publisher":"https:\/\/www.facebook.com\/DomArtStyl\/","article_modified_time":"2022-01-02T10:02:44+00:00","og_image":[{"url":"https:\/\/domartstyl.com\/wp-content\/uploads\/tkaniny\/sm\/Monolith\/Monolith-2.webp","type":"","width":"","height":""}],"twitter_card":"summary_large_image","twitter_site":"@DomArtStyl_pl","schema":{"@context":"https:\/\/schema.org","@graph":[{"@type":"WebPage","@id":"https:\/\/domartstyl.com\/en\/fabrics\/monolith-davis\/","url":"https:\/\/domartstyl.com\/en\/fabrics\/monolith-davis\/","name":"Monolith (Davis) Technical Specifications - DomArtStyl","isPartOf":{"@id":"https:\/\/domartstyl.com\/en\/#website"},"primaryImageOfPage":{"@id":"https:\/\/domartstyl.com\/en\/fabrics\/monolith-davis\/#primaryimage"},"image":{"@id":"https:\/\/domartstyl.com\/en\/fabrics\/monolith-davis\/#primaryimage"},"thumbnailUrl":"https:\/\/domartstyl.com\/wp-content\/uploads\/tkaniny\/sm\/Monolith\/Monolith-2.webp","datePublished":"2019-08-23T07:47:01+00:00","dateModified":"2022-01-02T10:02:44+00:00","breadcrumb":{"@id":"https:\/\/domartstyl.com\/en\/fabrics\/monolith-davis\/#breadcrumb"},"inLanguage":"en-US","potentialAction":[{"@type":"ReadAction","target":["https:\/\/domartstyl.com\/en\/fabrics\/monolith-davis\/"]}]},{"@type":"ImageObject","inLanguage":"en-US","@id":"https:\/\/domartstyl.com\/en\/fabrics\/monolith-davis\/#primaryimage","url":"https:\/\/domartstyl.com\/wp-content\/uploads\/tkaniny\/sm\/Monolith\/Monolith-2.webp","contentUrl":"https:\/\/domartstyl.com\/wp-content\/uploads\/tkaniny\/sm\/Monolith\/Monolith-2.webp"},{"@type":"BreadcrumbList","@id":"https:\/\/domartstyl.com\/en\/fabrics\/monolith-davis\/#breadcrumb","itemListElement":[{"@type":"ListItem","position":1,"name":"Strona g\u0142\u00f3wna","item":"https:\/\/domartstyl.com\/en\/"},{"@type":"ListItem","position":2,"name":"Fabrics","item":"https:\/\/domartstyl.com\/en\/fabrics\/"},{"@type":"ListItem","position":3,"name":"Monolith (Davis)"}]},{"@type":"WebSite","@id":"https:\/\/domartstyl.com\/en\/#website","url":"https:\/\/domartstyl.com\/en\/","name":"DomArtStyl","description":"Tworzymy meble najwy\u017cszej jako\u015bci. Sprzeda\u017c detaliczna \u00b7 Sprzeda\u017c hurtowa","publisher":{"@id":"https:\/\/domartstyl.com\/en\/#organization"},"potentialAction":[{"@type":"SearchAction","target":{"@type":"EntryPoint","urlTemplate":"https:\/\/domartstyl.com\/en\/?s={search_term_string}"},"query-input":{"@type":"PropertyValueSpecification","valueRequired":true,"valueName":"search_term_string"}}],"inLanguage":"en-US"},{"@type":"Organization","@id":"https:\/\/domartstyl.com\/en\/#organization","name":"DomArtStyl","url":"https:\/\/domartstyl.com\/en\/","logo":{"@type":"ImageObject","inLanguage":"en-US","@id":"https:\/\/domartstyl.com\/en\/#\/schema\/logo\/image\/","url":"https:\/\/domartstyl.com\/wp-content\/uploads\/2018\/04\/Logo_300_width.png","contentUrl":"https:\/\/domartstyl.com\/wp-content\/uploads\/2018\/04\/Logo_300_width.png","width":300,"height":140,"caption":"DomArtStyl"},"image":{"@id":"https:\/\/domartstyl.com\/en\/#\/schema\/logo\/image\/"},"sameAs":["https:\/\/www.facebook.com\/DomArtStyl\/","https:\/\/x.com\/DomArtStyl_pl","https:\/\/www.instagram.com\/domartstyl\/?hl=en","https:\/\/pl.pinterest.com\/domartstyl01\/","https:\/\/www.youtube.com\/channel\/UCkISSgvMomI6yFFL3JDbLhw"]}]}},"_links":{"self":[{"href":"https:\/\/domartstyl.com\/en\/wp-json\/wp\/v2\/pages\/55151","targetHints":{"allow":["GET"]}}],"collection":[{"href":"https:\/\/domartstyl.com\/en\/wp-json\/wp\/v2\/pages"}],"about":[{"href":"https:\/\/domartstyl.com\/en\/wp-json\/wp\/v2\/types\/page"}],"author":[{"embeddable":true,"href":"https:\/\/domartstyl.com\/en\/wp-json\/wp\/v2\/users\/41"}],"replies":[{"embeddable":true,"href":"https:\/\/domartstyl.com\/en\/wp-json\/wp\/v2\/comments?post=55151"}],"version-history":[{"count":0,"href":"https:\/\/domartstyl.com\/en\/wp-json\/wp\/v2\/pages\/55151\/revisions"}],"up":[{"embeddable":true,"href":"https:\/\/domartstyl.com\/en\/wp-json\/wp\/v2\/pages\/3883"}],"wp:attachment":[{"href":"https:\/\/domartstyl.com\/en\/wp-json\/wp\/v2\/media?parent=55151"}],"curies":[{"name":"wp","href":"https:\/\/api.w.org\/{rel}","templated":true}]}}