{"id":3883,"date":"2018-04-10T10:56:52","date_gmt":"2018-04-10T09:56:52","guid":{"rendered":"http:\/\/domartstyl.com\/tkaniny-tapicerskie\/"},"modified":"2024-04-29T08:47:23","modified_gmt":"2024-04-29T07:47:23","slug":"fabrics","status":"publish","type":"page","link":"https:\/\/domartstyl.com\/en\/fabrics\/","title":{"rendered":"Fabrics"},"content":{"rendered":"<div class=\"row row-cols-1 row-cols-sm-2 row-cols-md-4 g-4 mt-0 mb-5\">\n\t<div class=\"col text-center\">\n\t\t<a href=\"\/en?page_id=12923\" title=\"View Fabrics in price\">\n\t\t\t<img decoding=\"async\" src=\"\/wp-content\/uploads\/2018\/06\/Wceniemebla.jpg\" loading=\"lazy\" alt=\"DomArtStyl Fabrics in price\">\n\t\t<\/a>\n\t\t<h5 class=\"p-3 mb-0\"><a href=\"\/en?page_id=12923\" title=\"View Fabrics in price\">Fabrics in price<\/a><\/h5>\n\t<\/div>\n\t<div class=\"col text-center\">\n\t\t<a href=\"\/en?page_id=12931\" title=\"View Fabrics for additional cost\">\n\t\t\t<img decoding=\"async\" src=\"\/wp-content\/uploads\/2018\/06\/Za-dop%C5%82at%C4%85.jpg\" loading=\"lazy\" alt=\"DomArtStyl Fabrics for additional cost\">\n\t\t<\/a>\n\t\t<h5 class=\"p-3 mb-0\"><a href=\"\/en?page_id=12931\" title=\"View Fabrics for additional cost\">Fabrics for additional cost<\/a><\/h5>\n\t<\/div>\n\t<div class=\"col text-center\">\n\t\t<a href=\"\/en?page_id=77149\" title=\"View Entrusted fabrics\">\n\t\t\t<img decoding=\"async\" src=\"\/wp-content\/uploads\/2019\/02\/Bez-nazwy-1-3.jpg\" loading=\"lazy\" alt=\"Entrusted fabrics\">\n\t\t<\/a>\n\t\t<h5 class=\"p-3 mb-0\"><a href=\"\/en?page_id=77149\" title=\"View Entrusted fabrics\">Entrusted fabrics<\/a><\/h5>\n\t<\/div>\n\t<div class=\"col text-center\">\n\t\t<a href=\"\/en?page_id=89964\" title=\"View Fabrics Boucl\u00e9\">\n\t\t\t<img decoding=\"async\" src=\"\/wp-content\/uploads\/2021\/10\/2072.jpg\" loading=\"lazy\" alt=\"Fabrics Boucl\u00e9\">\n\t\t<\/a>\n\t\t<h5 class=\"p-3 mb-0\"><a href=\"\/en?page_id=89964\" title=\"View Fabrics Boucl\u00e9\">Fabrics Boucl\u00e9<\/a><\/h5>\n\t<\/div>\n\t<div class=\"col text-center\">\n\t\t<a href=\"\/en?page_id=85433\" title=\"View Outdoor Fabrics\">\n\t\t\t<img decoding=\"async\" src=\"\/wp-content\/uploads\/2023\/05\/tkaniny-ogrodowe.jpg\" loading=\"lazy\" alt=\"Outdoor Fabrics\">\n\t\t<\/a>\n\t\t<h5 class=\"p-3 mb-0\"><a href=\"\/en?page_id=85433\" title=\"View Outdoor Fabrics\">Outdoor Fabrics<\/a><\/h5>\n\t<\/div>\n\t<div class=\"col text-center\">\n\t\t<a href=\"\/en?page_id=88678\" title=\"View Premium Fabrics\">\n\t\t\t<img decoding=\"async\" src=\"\/wp-content\/uploads\/tkaniny\/Premium\/Premium-3.jpg\" loading=\"lazy\" alt=\"Premium Fabrics\">\n\t\t<\/a>\n\t\t<h5 class=\"p-3 mb-0\"><a href=\"\/en?page_id=88678\" title=\"View Premium Fabrics\">Premium Fabrics<\/a><\/h5>\n\t<\/div>\n<\/div>","protected":false},"excerpt":{"rendered":"<p>Fabrics in price Fabrics for additional cost Entrusted fabrics Fabrics Boucl\u00e9 Outdoor Fabrics Premium Fabrics<\/p>\n","protected":false},"author":41,"featured_media":0,"parent":0,"menu_order":0,"comment_status":"closed","ping_status":"closed","template":"page-sidebar-none.php","meta":{"footnotes":""},"class_list":["post-3883","page","type-page","status-publish","hentry"],"yoast_head":"<!-- This site is optimized with the Yoast SEO Premium plugin v25.0 (Yoast SEO v25.0) - https:\/\/yoast.com\/wordpress\/plugins\/seo\/ -->\n<title>Fabrics - DomArtStyl<\/title>\n<meta name=\"robots\" content=\"index, follow, max-snippet:-1, max-image-preview:large, max-video-preview:-1\" \/>\n<link rel=\"canonical\" href=\"https:\/\/domartstyl.com\/en\/fabrics\/\" \/>\n<meta property=\"og:locale\" content=\"en_US\" \/>\n<meta property=\"og:type\" content=\"article\" \/>\n<meta property=\"og:title\" content=\"Fabrics\" \/>\n<meta property=\"og:description\" content=\"Fabrics in price Fabrics for additional cost Entrusted fabrics Fabrics Boucl\u00e9 Outdoor Fabrics Premium Fabrics\" \/>\n<meta property=\"og:url\" content=\"https:\/\/domartstyl.com\/en\/fabrics\/\" \/>\n<meta property=\"og:site_name\" content=\"DomArtStyl\" \/>\n<meta property=\"article:publisher\" content=\"https:\/\/www.facebook.com\/DomArtStyl\/\" \/>\n<meta property=\"article:modified_time\" content=\"2024-04-29T07:47:23+00:00\" \/>\n<meta property=\"og:image\" content=\"https:\/\/domartstyl.com\/wp-content\/uploads\/2021\/06\/logo_meta_og.jpg\" \/>\n\t<meta property=\"og:image:width\" content=\"800\" \/>\n\t<meta property=\"og:image:height\" content=\"800\" \/>\n\t<meta property=\"og:image:type\" content=\"image\/jpeg\" \/>\n<meta name=\"twitter:card\" content=\"summary_large_image\" \/>\n<meta name=\"twitter:site\" content=\"@DomArtStyl_pl\" \/>\n<meta name=\"twitter:label1\" content=\"Est. reading time\" \/>\n\t<meta name=\"twitter:data1\" content=\"2 minutes\" \/>\n<script type=\"application\/ld+json\" class=\"yoast-schema-graph\">{\"@context\":\"https:\/\/schema.org\",\"@graph\":[{\"@type\":\"WebPage\",\"@id\":\"https:\/\/domartstyl.com\/en\/fabrics\/\",\"url\":\"https:\/\/domartstyl.com\/en\/fabrics\/\",\"name\":\"Fabrics - DomArtStyl\",\"isPartOf\":{\"@id\":\"https:\/\/domartstyl.com\/en\/#website\"},\"datePublished\":\"2018-04-10T09:56:52+00:00\",\"dateModified\":\"2024-04-29T07:47:23+00:00\",\"breadcrumb\":{\"@id\":\"https:\/\/domartstyl.com\/en\/fabrics\/#breadcrumb\"},\"inLanguage\":\"en-US\",\"potentialAction\":[{\"@type\":\"ReadAction\",\"target\":[\"https:\/\/domartstyl.com\/en\/fabrics\/\"]}]},{\"@type\":\"BreadcrumbList\",\"@id\":\"https:\/\/domartstyl.com\/en\/fabrics\/#breadcrumb\",\"itemListElement\":[{\"@type\":\"ListItem\",\"position\":1,\"name\":\"Strona g\u0142\u00f3wna\",\"item\":\"https:\/\/domartstyl.com\/en\/\"},{\"@type\":\"ListItem\",\"position\":2,\"name\":\"Fabrics\"}]},{\"@type\":\"WebSite\",\"@id\":\"https:\/\/domartstyl.com\/en\/#website\",\"url\":\"https:\/\/domartstyl.com\/en\/\",\"name\":\"DomArtStyl\",\"description\":\"Tworzymy meble najwy\u017cszej jako\u015bci. Sprzeda\u017c detaliczna \u00b7 Sprzeda\u017c hurtowa\",\"publisher\":{\"@id\":\"https:\/\/domartstyl.com\/en\/#organization\"},\"potentialAction\":[{\"@type\":\"SearchAction\",\"target\":{\"@type\":\"EntryPoint\",\"urlTemplate\":\"https:\/\/domartstyl.com\/en\/?s={search_term_string}\"},\"query-input\":{\"@type\":\"PropertyValueSpecification\",\"valueRequired\":true,\"valueName\":\"search_term_string\"}}],\"inLanguage\":\"en-US\"},{\"@type\":\"Organization\",\"@id\":\"https:\/\/domartstyl.com\/en\/#organization\",\"name\":\"DomArtStyl\",\"url\":\"https:\/\/domartstyl.com\/en\/\",\"logo\":{\"@type\":\"ImageObject\",\"inLanguage\":\"en-US\",\"@id\":\"https:\/\/domartstyl.com\/en\/#\/schema\/logo\/image\/\",\"url\":\"https:\/\/domartstyl.com\/wp-content\/uploads\/2018\/04\/Logo_300_width.png\",\"contentUrl\":\"https:\/\/domartstyl.com\/wp-content\/uploads\/2018\/04\/Logo_300_width.png\",\"width\":300,\"height\":140,\"caption\":\"DomArtStyl\"},\"image\":{\"@id\":\"https:\/\/domartstyl.com\/en\/#\/schema\/logo\/image\/\"},\"sameAs\":[\"https:\/\/www.facebook.com\/DomArtStyl\/\",\"https:\/\/x.com\/DomArtStyl_pl\",\"https:\/\/www.instagram.com\/domartstyl\/?hl=en\",\"https:\/\/pl.pinterest.com\/domartstyl01\/\",\"https:\/\/www.youtube.com\/channel\/UCkISSgvMomI6yFFL3JDbLhw\"]}]}<\/script>\n<!-- \/ Yoast SEO Premium plugin. -->","yoast_head_json":{"title":"Fabrics - DomArtStyl","robots":{"index":"index","follow":"follow","max-snippet":"max-snippet:-1","max-image-preview":"max-image-preview:large","max-video-preview":"max-video-preview:-1"},"canonical":"https:\/\/domartstyl.com\/en\/fabrics\/","og_locale":"en_US","og_type":"article","og_title":"Fabrics","og_description":"Fabrics in price Fabrics for additional cost Entrusted fabrics Fabrics Boucl\u00e9 Outdoor Fabrics Premium Fabrics","og_url":"https:\/\/domartstyl.com\/en\/fabrics\/","og_site_name":"DomArtStyl","article_publisher":"https:\/\/www.facebook.com\/DomArtStyl\/","article_modified_time":"2024-04-29T07:47:23+00:00","og_image":[{"width":800,"height":800,"url":"https:\/\/domartstyl.com\/wp-content\/uploads\/2021\/06\/logo_meta_og.jpg","type":"image\/jpeg"}],"twitter_card":"summary_large_image","twitter_site":"@DomArtStyl_pl","twitter_misc":{"Est. reading time":"2 minutes"},"schema":{"@context":"https:\/\/schema.org","@graph":[{"@type":"WebPage","@id":"https:\/\/domartstyl.com\/en\/fabrics\/","url":"https:\/\/domartstyl.com\/en\/fabrics\/","name":"Fabrics - DomArtStyl","isPartOf":{"@id":"https:\/\/domartstyl.com\/en\/#website"},"datePublished":"2018-04-10T09:56:52+00:00","dateModified":"2024-04-29T07:47:23+00:00","breadcrumb":{"@id":"https:\/\/domartstyl.com\/en\/fabrics\/#breadcrumb"},"inLanguage":"en-US","potentialAction":[{"@type":"ReadAction","target":["https:\/\/domartstyl.com\/en\/fabrics\/"]}]},{"@type":"BreadcrumbList","@id":"https:\/\/domartstyl.com\/en\/fabrics\/#breadcrumb","itemListElement":[{"@type":"ListItem","position":1,"name":"Strona g\u0142\u00f3wna","item":"https:\/\/domartstyl.com\/en\/"},{"@type":"ListItem","position":2,"name":"Fabrics"}]},{"@type":"WebSite","@id":"https:\/\/domartstyl.com\/en\/#website","url":"https:\/\/domartstyl.com\/en\/","name":"DomArtStyl","description":"Tworzymy meble najwy\u017cszej jako\u015bci. Sprzeda\u017c detaliczna \u00b7 Sprzeda\u017c hurtowa","publisher":{"@id":"https:\/\/domartstyl.com\/en\/#organization"},"potentialAction":[{"@type":"SearchAction","target":{"@type":"EntryPoint","urlTemplate":"https:\/\/domartstyl.com\/en\/?s={search_term_string}"},"query-input":{"@type":"PropertyValueSpecification","valueRequired":true,"valueName":"search_term_string"}}],"inLanguage":"en-US"},{"@type":"Organization","@id":"https:\/\/domartstyl.com\/en\/#organization","name":"DomArtStyl","url":"https:\/\/domartstyl.com\/en\/","logo":{"@type":"ImageObject","inLanguage":"en-US","@id":"https:\/\/domartstyl.com\/en\/#\/schema\/logo\/image\/","url":"https:\/\/domartstyl.com\/wp-content\/uploads\/2018\/04\/Logo_300_width.png","contentUrl":"https:\/\/domartstyl.com\/wp-content\/uploads\/2018\/04\/Logo_300_width.png","width":300,"height":140,"caption":"DomArtStyl"},"image":{"@id":"https:\/\/domartstyl.com\/en\/#\/schema\/logo\/image\/"},"sameAs":["https:\/\/www.facebook.com\/DomArtStyl\/","https:\/\/x.com\/DomArtStyl_pl","https:\/\/www.instagram.com\/domartstyl\/?hl=en","https:\/\/pl.pinterest.com\/domartstyl01\/","https:\/\/www.youtube.com\/channel\/UCkISSgvMomI6yFFL3JDbLhw"]}]}},"_links":{"self":[{"href":"https:\/\/domartstyl.com\/en\/wp-json\/wp\/v2\/pages\/3883","targetHints":{"allow":["GET"]}}],"collection":[{"href":"https:\/\/domartstyl.com\/en\/wp-json\/wp\/v2\/pages"}],"about":[{"href":"https:\/\/domartstyl.com\/en\/wp-json\/wp\/v2\/types\/page"}],"author":[{"embeddable":true,"href":"https:\/\/domartstyl.com\/en\/wp-json\/wp\/v2\/users\/41"}],"replies":[{"embeddable":true,"href":"https:\/\/domartstyl.com\/en\/wp-json\/wp\/v2\/comments?post=3883"}],"version-history":[{"count":0,"href":"https:\/\/domartstyl.com\/en\/wp-json\/wp\/v2\/pages\/3883\/revisions"}],"wp:attachment":[{"href":"https:\/\/domartstyl.com\/en\/wp-json\/wp\/v2\/media?parent=3883"}],"curies":[{"name":"wp","href":"https:\/\/api.w.org\/{rel}","templated":true}]}}